{"id":23698,"date":"2026-04-21T16:11:55","date_gmt":"2026-04-21T14:11:55","guid":{"rendered":"https:\/\/tapir.de\/?post_type=product&#038;p=23698"},"modified":"2026-04-21T16:28:28","modified_gmt":"2026-04-21T14:28:28","slug":"grosser-schuhbeutel-38-x-48-cm-100-baumwolle","status":"publish","type":"product","link":"https:\/\/tapir.de\/fr\/shop\/grosser-schuhbeutel-38-x-48-cm-100-baumwolle\/","title":{"rendered":"Gro\u00dfer Schuhbeutel \u2013 38 x 48 cm, 100% Baumwolle"},"content":{"rendered":"<p><span style=\"color: #a90533;\"><strong><span style=\"font-size: 120%;\">Gro\u00dfer Kordelzugbeutel aus 100% Bio-Baumwolle f\u00fcr z.B. gro\u00dfe Schuhe oder als Turnbeutel<\/span><\/strong><\/span><\/p>\n<p>Ob f\u00fcr Schule, Sport oder unterwegs: Unser <strong>gro\u00dfer Schuhbeutel<\/strong> im Format <strong>38 x 48 cm<\/strong> bietet reichlich Platz f\u00fcr deine <strong>Turnschuhe, Hausschuhe, Badeschuhe oder andere gro\u00dfe Schuhe<\/strong> \u2013 und dient gleichzeitig als praktischer <strong>Turnbeutel <\/strong>f\u00fcr Sportkleidung und Accessoires! Inkl. Die Kordeln k\u00f6nnen gleichzeitig als Rucksack verwendet werden.<\/p>\n<p><strong>Highlights:<\/strong><br \/>\n\u2714 <strong>Hochwertige Baumwolle<\/strong> \u2013 Robust, atmungsaktiv und langlebig.<br \/>\n\u2714 <strong>Gro\u00dfz\u00fcgiges Volumen<\/strong> \u2013 Passt problemlos f\u00fcr Turnschuhe, Winterstiefel oder andere gro\u00dfe Schuhe.<br \/>\n\u2714 <strong>Praktische Handhabung<\/strong> \u2013 Einfacher Kordelzug f\u00fcr schnellen Zugriff und Tragem\u00f6glichkeit als Rucksack<br \/>\n\u2714 <strong>Langlebig &amp; pflegeleicht<\/strong> \u2013 Ideal f\u00fcr Schule, Verein, B\u00fcro oder Freizeit.<br \/>\n\u2714 <strong>Doppelt n\u00fctzlich<\/strong> \u2013 Perfekt als <strong>Schuhbeutel UND Turnbeutel<\/strong> in einem!<\/p>\n<p>Mit diesem Beutel bleibt alles ordentlich und griffbereit \u2013 ob in der Umkleide, im Spint oder zu Hause. <strong>Jetzt entdecken und bestellen!<\/strong><\/p>\n","protected":false},"excerpt":{"rendered":"<p>Unser gro\u00dfer <strong>Kordelzugbeutel<\/strong> im Format <strong>38 x 48 cm<\/strong> ist dein neuer Begleiter f\u00fcr Schuhe, Sportsachen etc.<\/p>\n","protected":false},"featured_media":23702,"template":"","meta":[],"product_brand":[],"product_cat":[74],"product_tag":[641],"class_list":{"0":"post-23698","1":"product","2":"type-product","3":"status-publish","4":"has-post-thumbnail","6":"product_cat-zubehoer","7":"product_tag-zubehoer","8":"pa_geeignet-fuer-damenschuhe","9":"pa_geeignet-fuer-herrenschuhe-pflegen","10":"pa_geeignet-fuer-ledersohlen","12":"first","13":"instock","14":"taxable","15":"shipping-taxable","16":"purchasable","17":"product-type-simple"},"yoast_head":"<!-- This site is optimized with the Yoast SEO plugin v27.4 - https:\/\/yoast.com\/product\/yoast-seo-wordpress\/ -->\n<title>Gro\u00dfer Schuhbeutel \u2013 38 x 48 cm, 100% Baumwolle - Tapir Wachswaren<\/title>\n<meta name=\"description\" content=\"Gro\u00dfer Schuhbeutel 38x48 cm \u2013 100% Baumwolle | Ideal f\u00fcr Turnschuhe &amp; Hausschuhe \u2013 auch als Turnbeutel nutzbar. Jetzt online bestellen!\" \/>\n<meta name=\"robots\" content=\"index, follow, max-snippet:-1, max-image-preview:large, max-video-preview:-1\" \/>\n<link rel=\"canonical\" href=\"https:\/\/tapir.de\/fr\/shop\/grosser-schuhbeutel-38-x-48-cm-100-baumwolle\/\" \/>\n<meta property=\"og:locale\" content=\"fr_FR\" \/>\n<meta property=\"og:type\" content=\"article\" \/>\n<meta property=\"og:title\" content=\"Gro\u00dfer Schuhbeutel \u2013 38 x 48 cm, 100% Baumwolle - Tapir Wachswaren\" \/>\n<meta property=\"og:description\" content=\"Gro\u00dfer Schuhbeutel 38x48 cm \u2013 100% Baumwolle | Ideal f\u00fcr Turnschuhe &amp; Hausschuhe \u2013 auch als Turnbeutel nutzbar. Jetzt online bestellen!\" \/>\n<meta property=\"og:url\" content=\"https:\/\/tapir.de\/fr\/shop\/grosser-schuhbeutel-38-x-48-cm-100-baumwolle\/\" \/>\n<meta property=\"og:site_name\" content=\"Tapir Wachswaren\" \/>\n<meta property=\"article:publisher\" content=\"https:\/\/www.facebook.com\/TapirWachswaren\/\" \/>\n<meta property=\"article:modified_time\" content=\"2026-04-21T14:28:28+00:00\" \/>\n<meta property=\"og:image\" content=\"https:\/\/tapir.de\/wp-content\/uploads\/2026\/04\/76010-Schuhbeutel-gross-Tapir.webp\" \/>\n\t<meta property=\"og:image:width\" content=\"1500\" \/>\n\t<meta property=\"og:image:height\" content=\"1500\" \/>\n\t<meta property=\"og:image:type\" content=\"image\/webp\" \/>\n<meta name=\"twitter:card\" content=\"summary_large_image\" \/>\n<meta name=\"twitter:label1\" content=\"Dur\u00e9e de lecture estim\u00e9e\" \/>\n\t<meta name=\"twitter:data1\" content=\"1 minute\" \/>\n<script type=\"application\/ld+json\" class=\"yoast-schema-graph\">{\"@context\":\"https:\\\/\\\/schema.org\",\"@graph\":[{\"@type\":\"WebPage\",\"@id\":\"https:\\\/\\\/tapir.de\\\/fr\\\/shop\\\/grosser-schuhbeutel-38-x-48-cm-100-baumwolle\\\/\",\"url\":\"https:\\\/\\\/tapir.de\\\/fr\\\/shop\\\/grosser-schuhbeutel-38-x-48-cm-100-baumwolle\\\/\",\"name\":\"Gro\u00dfer Schuhbeutel \u2013 38 x 48 cm, 100% Baumwolle - Tapir Wachswaren\",\"isPartOf\":{\"@id\":\"https:\\\/\\\/tapir.de\\\/fr\\\/?lang=en\\\/#website\"},\"primaryImageOfPage\":{\"@id\":\"https:\\\/\\\/tapir.de\\\/fr\\\/shop\\\/grosser-schuhbeutel-38-x-48-cm-100-baumwolle\\\/#primaryimage\"},\"image\":{\"@id\":\"https:\\\/\\\/tapir.de\\\/fr\\\/shop\\\/grosser-schuhbeutel-38-x-48-cm-100-baumwolle\\\/#primaryimage\"},\"thumbnailUrl\":\"https:\\\/\\\/tapir.de\\\/wp-content\\\/uploads\\\/2026\\\/04\\\/76010-Schuhbeutel-gross-Tapir.webp\",\"datePublished\":\"2026-04-21T14:11:55+00:00\",\"dateModified\":\"2026-04-21T14:28:28+00:00\",\"description\":\"Gro\u00dfer Schuhbeutel 38x48 cm \u2013 100% Baumwolle | Ideal f\u00fcr Turnschuhe & Hausschuhe \u2013 auch als Turnbeutel nutzbar. Jetzt online bestellen!\",\"breadcrumb\":{\"@id\":\"https:\\\/\\\/tapir.de\\\/fr\\\/shop\\\/grosser-schuhbeutel-38-x-48-cm-100-baumwolle\\\/#breadcrumb\"},\"inLanguage\":\"fr-FR\",\"potentialAction\":[{\"@type\":\"ReadAction\",\"target\":[\"https:\\\/\\\/tapir.de\\\/fr\\\/shop\\\/grosser-schuhbeutel-38-x-48-cm-100-baumwolle\\\/\"]}]},{\"@type\":\"ImageObject\",\"inLanguage\":\"fr-FR\",\"@id\":\"https:\\\/\\\/tapir.de\\\/fr\\\/shop\\\/grosser-schuhbeutel-38-x-48-cm-100-baumwolle\\\/#primaryimage\",\"url\":\"https:\\\/\\\/tapir.de\\\/wp-content\\\/uploads\\\/2026\\\/04\\\/76010-Schuhbeutel-gross-Tapir.webp\",\"contentUrl\":\"https:\\\/\\\/tapir.de\\\/wp-content\\\/uploads\\\/2026\\\/04\\\/76010-Schuhbeutel-gross-Tapir.webp\",\"width\":1500,\"height\":1500},{\"@type\":\"BreadcrumbList\",\"@id\":\"https:\\\/\\\/tapir.de\\\/fr\\\/shop\\\/grosser-schuhbeutel-38-x-48-cm-100-baumwolle\\\/#breadcrumb\",\"itemListElement\":[{\"@type\":\"ListItem\",\"position\":1,\"name\":\"Startseite\",\"item\":\"https:\\\/\\\/tapir.de\\\/fr\\\/\"},{\"@type\":\"ListItem\",\"position\":2,\"name\":\"Boutique\",\"item\":\"https:\\\/\\\/tapir.de\\\/fr\\\/boutique\\\/\"},{\"@type\":\"ListItem\",\"position\":3,\"name\":\"Gro\u00dfer Schuhbeutel \u2013 38 x 48 cm, 100% Baumwolle\"}]},{\"@type\":\"WebSite\",\"@id\":\"https:\\\/\\\/tapir.de\\\/fr\\\/?lang=en\\\/#website\",\"url\":\"https:\\\/\\\/tapir.de\\\/fr\\\/?lang=en\\\/\",\"name\":\"Tapir Wachswaren\",\"description\":\"Nat\u00fcrliche Pflegeprodukte f\u00fcr Leder, Textil und Holz\",\"publisher\":{\"@id\":\"https:\\\/\\\/tapir.de\\\/fr\\\/?lang=en\\\/#organization\"},\"potentialAction\":[{\"@type\":\"SearchAction\",\"target\":{\"@type\":\"EntryPoint\",\"urlTemplate\":\"https:\\\/\\\/tapir.de\\\/fr\\\/?lang=en\\\/?s={search_term_string}\"},\"query-input\":{\"@type\":\"PropertyValueSpecification\",\"valueRequired\":true,\"valueName\":\"search_term_string\"}}],\"inLanguage\":\"fr-FR\"},{\"@type\":\"Organization\",\"@id\":\"https:\\\/\\\/tapir.de\\\/fr\\\/?lang=en\\\/#organization\",\"name\":\"Tapir Wachswaren\",\"url\":\"https:\\\/\\\/tapir.de\\\/fr\\\/?lang=en\\\/\",\"logo\":{\"@type\":\"ImageObject\",\"inLanguage\":\"fr-FR\",\"@id\":\"https:\\\/\\\/tapir.de\\\/fr\\\/?lang=en\\\/#\\\/schema\\\/logo\\\/image\\\/\",\"url\":\"https:\\\/\\\/tapir.de\\\/wp-content\\\/uploads\\\/2020\\\/11\\\/cropped-TAPIR_Wachswaren_logo.png\",\"contentUrl\":\"https:\\\/\\\/tapir.de\\\/wp-content\\\/uploads\\\/2020\\\/11\\\/cropped-TAPIR_Wachswaren_logo.png\",\"width\":512,\"height\":512,\"caption\":\"Tapir Wachswaren\"},\"image\":{\"@id\":\"https:\\\/\\\/tapir.de\\\/fr\\\/?lang=en\\\/#\\\/schema\\\/logo\\\/image\\\/\"},\"sameAs\":[\"https:\\\/\\\/www.facebook.com\\\/TapirWachswaren\\\/\",\"https:\\\/\\\/www.instagram.com\\\/tapir_pflegeprodukte\\\/?hl=de\"]}]}<\/script>\n<!-- \/ Yoast SEO plugin. -->","yoast_head_json":{"title":"Gro\u00dfer Schuhbeutel \u2013 38 x 48 cm, 100% Baumwolle - Tapir Wachswaren","description":"Gro\u00dfer Schuhbeutel 38x48 cm \u2013 100% Baumwolle | Ideal f\u00fcr Turnschuhe & Hausschuhe \u2013 auch als Turnbeutel nutzbar. Jetzt online bestellen!","robots":{"index":"index","follow":"follow","max-snippet":"max-snippet:-1","max-image-preview":"max-image-preview:large","max-video-preview":"max-video-preview:-1"},"canonical":"https:\/\/tapir.de\/fr\/shop\/grosser-schuhbeutel-38-x-48-cm-100-baumwolle\/","og_locale":"fr_FR","og_type":"article","og_title":"Gro\u00dfer Schuhbeutel \u2013 38 x 48 cm, 100% Baumwolle - Tapir Wachswaren","og_description":"Gro\u00dfer Schuhbeutel 38x48 cm \u2013 100% Baumwolle | Ideal f\u00fcr Turnschuhe & Hausschuhe \u2013 auch als Turnbeutel nutzbar. Jetzt online bestellen!","og_url":"https:\/\/tapir.de\/fr\/shop\/grosser-schuhbeutel-38-x-48-cm-100-baumwolle\/","og_site_name":"Tapir Wachswaren","article_publisher":"https:\/\/www.facebook.com\/TapirWachswaren\/","article_modified_time":"2026-04-21T14:28:28+00:00","og_image":[{"width":1500,"height":1500,"url":"https:\/\/tapir.de\/wp-content\/uploads\/2026\/04\/76010-Schuhbeutel-gross-Tapir.webp","type":"image\/webp"}],"twitter_card":"summary_large_image","twitter_misc":{"Dur\u00e9e de lecture estim\u00e9e":"1 minute"},"schema":{"@context":"https:\/\/schema.org","@graph":[{"@type":"WebPage","@id":"https:\/\/tapir.de\/fr\/shop\/grosser-schuhbeutel-38-x-48-cm-100-baumwolle\/","url":"https:\/\/tapir.de\/fr\/shop\/grosser-schuhbeutel-38-x-48-cm-100-baumwolle\/","name":"Gro\u00dfer Schuhbeutel \u2013 38 x 48 cm, 100% Baumwolle - Tapir Wachswaren","isPartOf":{"@id":"https:\/\/tapir.de\/fr\/?lang=en\/#website"},"primaryImageOfPage":{"@id":"https:\/\/tapir.de\/fr\/shop\/grosser-schuhbeutel-38-x-48-cm-100-baumwolle\/#primaryimage"},"image":{"@id":"https:\/\/tapir.de\/fr\/shop\/grosser-schuhbeutel-38-x-48-cm-100-baumwolle\/#primaryimage"},"thumbnailUrl":"https:\/\/tapir.de\/wp-content\/uploads\/2026\/04\/76010-Schuhbeutel-gross-Tapir.webp","datePublished":"2026-04-21T14:11:55+00:00","dateModified":"2026-04-21T14:28:28+00:00","description":"Gro\u00dfer Schuhbeutel 38x48 cm \u2013 100% Baumwolle | Ideal f\u00fcr Turnschuhe & Hausschuhe \u2013 auch als Turnbeutel nutzbar. Jetzt online bestellen!","breadcrumb":{"@id":"https:\/\/tapir.de\/fr\/shop\/grosser-schuhbeutel-38-x-48-cm-100-baumwolle\/#breadcrumb"},"inLanguage":"fr-FR","potentialAction":[{"@type":"ReadAction","target":["https:\/\/tapir.de\/fr\/shop\/grosser-schuhbeutel-38-x-48-cm-100-baumwolle\/"]}]},{"@type":"ImageObject","inLanguage":"fr-FR","@id":"https:\/\/tapir.de\/fr\/shop\/grosser-schuhbeutel-38-x-48-cm-100-baumwolle\/#primaryimage","url":"https:\/\/tapir.de\/wp-content\/uploads\/2026\/04\/76010-Schuhbeutel-gross-Tapir.webp","contentUrl":"https:\/\/tapir.de\/wp-content\/uploads\/2026\/04\/76010-Schuhbeutel-gross-Tapir.webp","width":1500,"height":1500},{"@type":"BreadcrumbList","@id":"https:\/\/tapir.de\/fr\/shop\/grosser-schuhbeutel-38-x-48-cm-100-baumwolle\/#breadcrumb","itemListElement":[{"@type":"ListItem","position":1,"name":"Startseite","item":"https:\/\/tapir.de\/fr\/"},{"@type":"ListItem","position":2,"name":"Boutique","item":"https:\/\/tapir.de\/fr\/boutique\/"},{"@type":"ListItem","position":3,"name":"Gro\u00dfer Schuhbeutel \u2013 38 x 48 cm, 100% Baumwolle"}]},{"@type":"WebSite","@id":"https:\/\/tapir.de\/fr\/?lang=en\/#website","url":"https:\/\/tapir.de\/fr\/?lang=en\/","name":"Tapir Wachswaren","description":"Nat\u00fcrliche Pflegeprodukte f\u00fcr Leder, Textil und Holz","publisher":{"@id":"https:\/\/tapir.de\/fr\/?lang=en\/#organization"},"potentialAction":[{"@type":"SearchAction","target":{"@type":"EntryPoint","urlTemplate":"https:\/\/tapir.de\/fr\/?lang=en\/?s={search_term_string}"},"query-input":{"@type":"PropertyValueSpecification","valueRequired":true,"valueName":"search_term_string"}}],"inLanguage":"fr-FR"},{"@type":"Organization","@id":"https:\/\/tapir.de\/fr\/?lang=en\/#organization","name":"Tapir Wachswaren","url":"https:\/\/tapir.de\/fr\/?lang=en\/","logo":{"@type":"ImageObject","inLanguage":"fr-FR","@id":"https:\/\/tapir.de\/fr\/?lang=en\/#\/schema\/logo\/image\/","url":"https:\/\/tapir.de\/wp-content\/uploads\/2020\/11\/cropped-TAPIR_Wachswaren_logo.png","contentUrl":"https:\/\/tapir.de\/wp-content\/uploads\/2020\/11\/cropped-TAPIR_Wachswaren_logo.png","width":512,"height":512,"caption":"Tapir Wachswaren"},"image":{"@id":"https:\/\/tapir.de\/fr\/?lang=en\/#\/schema\/logo\/image\/"},"sameAs":["https:\/\/www.facebook.com\/TapirWachswaren\/","https:\/\/www.instagram.com\/tapir_pflegeprodukte\/?hl=de"]}]}},"_links":{"self":[{"href":"https:\/\/tapir.de\/fr\/wp-json\/wp\/v2\/product\/23698","targetHints":{"allow":["GET"]}}],"collection":[{"href":"https:\/\/tapir.de\/fr\/wp-json\/wp\/v2\/product"}],"about":[{"href":"https:\/\/tapir.de\/fr\/wp-json\/wp\/v2\/types\/product"}],"wp:featuredmedia":[{"embeddable":true,"href":"https:\/\/tapir.de\/fr\/wp-json\/wp\/v2\/media\/23702"}],"wp:attachment":[{"href":"https:\/\/tapir.de\/fr\/wp-json\/wp\/v2\/media?parent=23698"}],"wp:term":[{"taxonomy":"product_brand","embeddable":true,"href":"https:\/\/tapir.de\/fr\/wp-json\/wp\/v2\/product_brand?post=23698"},{"taxonomy":"product_cat","embeddable":true,"href":"https:\/\/tapir.de\/fr\/wp-json\/wp\/v2\/product_cat?post=23698"},{"taxonomy":"product_tag","embeddable":true,"href":"https:\/\/tapir.de\/fr\/wp-json\/wp\/v2\/product_tag?post=23698"}],"curies":[{"name":"wp","href":"https:\/\/api.w.org\/{rel}","templated":true}]}}