{"id":21373,"date":"2020-05-25T10:02:58","date_gmt":"2020-05-25T08:02:58","guid":{"rendered":"https:\/\/tapir.de\/shop\/ensemble-de-voyage-de-haute-qualite-pour-lentretien-des-chaussures-en-cuir-brun-fonce\/"},"modified":"2026-01-26T14:04:25","modified_gmt":"2026-01-26T13:04:25","slug":"ensemble-de-voyage-de-haute-qualite-pour-lentretien-des-chaussures-en-cuir-brun-fonce","status":"publish","type":"product","link":"https:\/\/tapir.de\/fr\/shop\/ensemble-de-voyage-de-haute-qualite-pour-lentretien-des-chaussures-en-cuir-brun-fonce\/","title":{"rendered":"Ensemble de voyage de haute qualit\u00e9 pour l\u2019entretien des chaussures en cuir brun fonc\u00e9"},"content":{"rendered":"<p><span style=\"color: #a90533;\"><strong><span style=\"font-size: 120%;\">Ensemble de voyage de haute qualit\u00e9 pour l\u2019entretien des chaussures en cuir marron fonc\u00e9 \u2013 vrai <\/span><\/strong><\/span><span style=\"color: #a90533;\"><span style=\"caret-color: #a90533; font-size: 17.280001px;\"><b>vintage<\/b><\/span><\/span><\/p>\n<p>Lorsque vous voyagez, il y a souvent un manque d\u2019entretien pour vos chaussures \u2013 avec notre sac de voyage de qualit\u00e9 de Tapir, nous voulons maintenant y rem\u00e9dier. \u00c9l\u00e9gant et pratique, le kit de voyage tient dans la valise. Emportez les produits de soin des chaussures avec vous lors de votre prochain voyage d\u2019affaires ou ayez simplement le sac pr\u00eat \u00e0 la maison au moment de retourner au travail.  <\/p>\n<p><strong>Le sac de voyage<\/strong> est en cuir tann\u00e9 par les l\u00e9gumes. Le sac est cousu \u00e0 la main et poss\u00e8de deux fermetures \u00e9clair pour faciliter le retrait des produits de cirage de chaussures. Avec le bouton Tedox de haute qualit\u00e9, le sac peut \u00eatre facilement ouvert et ferm\u00e9 en toute s\u00e9curit\u00e9.  <\/p>\n<p><strong>Le set de voyage de haute qualit\u00e9 pour l\u2019entretien des chaussures, en cuir noir, est \u00e9quip\u00e9 des produits Tapir suivants :<\/strong><\/p>\n<ul>\n<li>1 impregnation cuir 50 ml<\/li>\n<li>1 graisse cuir 85 ml<\/li>\n<li>1 cuir de soins pour le cuir incolore incolore 75 ml<\/li>\n<li>1 brosse \u00e0 terre<\/li>\n<li>1 pinceau brillant<\/li>\n<li>2 pinceaux d\u2019application<\/li>\n<li>1 tissu de polissage<\/li>\n<\/ul>\n<p>Dimensions : largeur 21 cm, hauteur ; 19 cm, profondeur : 9 cm, poids : 1090 g.<\/p>\n","protected":false},"excerpt":{"rendered":"<p>Le set de soin des chaussures en marron fonc\u00e9, id\u00e9al comme id\u00e9e cadeau.<\/p>\n","protected":false},"featured_media":21378,"template":"","meta":[],"product_brand":[],"product_cat":[923],"product_tag":[],"class_list":{"0":"post-21373","1":"product","2":"type-product","3":"status-publish","4":"has-post-thumbnail","6":"product_cat-kits-de-soins","8":"first","9":"instock","10":"taxable","11":"shipping-taxable","12":"purchasable","13":"product-type-simple"},"yoast_head":"<!-- This site is optimized with the Yoast SEO plugin v27.4 - https:\/\/yoast.com\/product\/yoast-seo-wordpress\/ -->\n<title>Ensemble de voyage de haute qualit\u00e9 pour l\u2019entretien des chaussures en cuir brun fonc\u00e9 - Tapir Wachswaren<\/title>\n<meta name=\"description\" content=\"Ensemble de voyage de haute qualit\u00e9 pour l\u2019entretien des chaussures en cuir brun fonc\u00e9, id\u00e9al pour les voyages \u2013 \u00e9quip\u00e9 d\u2019un entretien naturel des chaussures de Tapir.\" \/>\n<meta name=\"robots\" content=\"index, follow, max-snippet:-1, max-image-preview:large, max-video-preview:-1\" \/>\n<link rel=\"canonical\" href=\"https:\/\/tapir.de\/fr\/shop\/ensemble-de-voyage-de-haute-qualite-pour-lentretien-des-chaussures-en-cuir-brun-fonce\/\" \/>\n<meta property=\"og:locale\" content=\"fr_FR\" \/>\n<meta property=\"og:type\" content=\"article\" \/>\n<meta property=\"og:title\" content=\"Ensemble de voyage de haute qualit\u00e9 pour l\u2019entretien des chaussures en cuir brun fonc\u00e9 - Tapir Wachswaren\" \/>\n<meta property=\"og:description\" content=\"Ensemble de voyage de haute qualit\u00e9 pour l\u2019entretien des chaussures en cuir brun fonc\u00e9, id\u00e9al pour les voyages \u2013 \u00e9quip\u00e9 d\u2019un entretien naturel des chaussures de Tapir.\" \/>\n<meta property=\"og:url\" content=\"https:\/\/tapir.de\/fr\/shop\/ensemble-de-voyage-de-haute-qualite-pour-lentretien-des-chaussures-en-cuir-brun-fonce\/\" \/>\n<meta property=\"og:site_name\" content=\"Tapir Wachswaren\" \/>\n<meta property=\"article:publisher\" content=\"https:\/\/www.facebook.com\/TapirWachswaren\/\" \/>\n<meta property=\"article:modified_time\" content=\"2026-01-26T13:04:25+00:00\" \/>\n<meta property=\"og:image\" content=\"https:\/\/tapir.de\/wp-content\/uploads\/2020\/09\/DSC_8036-scaled.jpeg\" \/>\n\t<meta property=\"og:image:width\" content=\"1920\" \/>\n\t<meta property=\"og:image:height\" content=\"1300\" \/>\n\t<meta property=\"og:image:type\" content=\"image\/jpeg\" \/>\n<meta name=\"twitter:card\" content=\"summary_large_image\" \/>\n<meta name=\"twitter:label1\" content=\"Dur\u00e9e de lecture estim\u00e9e\" \/>\n\t<meta name=\"twitter:data1\" content=\"1 minute\" \/>\n<script type=\"application\/ld+json\" class=\"yoast-schema-graph\">{\"@context\":\"https:\\\/\\\/schema.org\",\"@graph\":[{\"@type\":\"WebPage\",\"@id\":\"https:\\\/\\\/tapir.de\\\/fr\\\/shop\\\/ensemble-de-voyage-de-haute-qualite-pour-lentretien-des-chaussures-en-cuir-brun-fonce\\\/\",\"url\":\"https:\\\/\\\/tapir.de\\\/fr\\\/shop\\\/ensemble-de-voyage-de-haute-qualite-pour-lentretien-des-chaussures-en-cuir-brun-fonce\\\/\",\"name\":\"Ensemble de voyage de haute qualit\u00e9 pour l\u2019entretien des chaussures en cuir brun fonc\u00e9 - Tapir Wachswaren\",\"isPartOf\":{\"@id\":\"https:\\\/\\\/tapir.de\\\/fr\\\/?lang=en\\\/#website\"},\"primaryImageOfPage\":{\"@id\":\"https:\\\/\\\/tapir.de\\\/fr\\\/shop\\\/ensemble-de-voyage-de-haute-qualite-pour-lentretien-des-chaussures-en-cuir-brun-fonce\\\/#primaryimage\"},\"image\":{\"@id\":\"https:\\\/\\\/tapir.de\\\/fr\\\/shop\\\/ensemble-de-voyage-de-haute-qualite-pour-lentretien-des-chaussures-en-cuir-brun-fonce\\\/#primaryimage\"},\"thumbnailUrl\":\"https:\\\/\\\/tapir.de\\\/wp-content\\\/uploads\\\/2020\\\/09\\\/DSC_8036-scaled.jpeg\",\"datePublished\":\"2020-05-25T08:02:58+00:00\",\"dateModified\":\"2026-01-26T13:04:25+00:00\",\"description\":\"Ensemble de voyage de haute qualit\u00e9 pour l\u2019entretien des chaussures en cuir brun fonc\u00e9, id\u00e9al pour les voyages \u2013 \u00e9quip\u00e9 d\u2019un entretien naturel des chaussures de Tapir.\",\"breadcrumb\":{\"@id\":\"https:\\\/\\\/tapir.de\\\/fr\\\/shop\\\/ensemble-de-voyage-de-haute-qualite-pour-lentretien-des-chaussures-en-cuir-brun-fonce\\\/#breadcrumb\"},\"inLanguage\":\"fr-FR\",\"potentialAction\":[{\"@type\":\"ReadAction\",\"target\":[\"https:\\\/\\\/tapir.de\\\/fr\\\/shop\\\/ensemble-de-voyage-de-haute-qualite-pour-lentretien-des-chaussures-en-cuir-brun-fonce\\\/\"]}]},{\"@type\":\"ImageObject\",\"inLanguage\":\"fr-FR\",\"@id\":\"https:\\\/\\\/tapir.de\\\/fr\\\/shop\\\/ensemble-de-voyage-de-haute-qualite-pour-lentretien-des-chaussures-en-cuir-brun-fonce\\\/#primaryimage\",\"url\":\"https:\\\/\\\/tapir.de\\\/wp-content\\\/uploads\\\/2020\\\/09\\\/DSC_8036-scaled.jpeg\",\"contentUrl\":\"https:\\\/\\\/tapir.de\\\/wp-content\\\/uploads\\\/2020\\\/09\\\/DSC_8036-scaled.jpeg\",\"width\":1920,\"height\":1300},{\"@type\":\"BreadcrumbList\",\"@id\":\"https:\\\/\\\/tapir.de\\\/fr\\\/shop\\\/ensemble-de-voyage-de-haute-qualite-pour-lentretien-des-chaussures-en-cuir-brun-fonce\\\/#breadcrumb\",\"itemListElement\":[{\"@type\":\"ListItem\",\"position\":1,\"name\":\"Startseite\",\"item\":\"https:\\\/\\\/tapir.de\\\/fr\\\/\"},{\"@type\":\"ListItem\",\"position\":2,\"name\":\"Boutique\",\"item\":\"https:\\\/\\\/tapir.de\\\/fr\\\/boutique\\\/\"},{\"@type\":\"ListItem\",\"position\":3,\"name\":\"Ensemble de voyage de haute qualit\u00e9 pour l\u2019entretien des chaussures en cuir brun fonc\u00e9\"}]},{\"@type\":\"WebSite\",\"@id\":\"https:\\\/\\\/tapir.de\\\/fr\\\/?lang=en\\\/#website\",\"url\":\"https:\\\/\\\/tapir.de\\\/fr\\\/?lang=en\\\/\",\"name\":\"Tapir Wachswaren\",\"description\":\"Nat\u00fcrliche Pflegeprodukte f\u00fcr Leder, Textil und Holz\",\"publisher\":{\"@id\":\"https:\\\/\\\/tapir.de\\\/fr\\\/?lang=en\\\/#organization\"},\"potentialAction\":[{\"@type\":\"SearchAction\",\"target\":{\"@type\":\"EntryPoint\",\"urlTemplate\":\"https:\\\/\\\/tapir.de\\\/fr\\\/?lang=en\\\/?s={search_term_string}\"},\"query-input\":{\"@type\":\"PropertyValueSpecification\",\"valueRequired\":true,\"valueName\":\"search_term_string\"}}],\"inLanguage\":\"fr-FR\"},{\"@type\":\"Organization\",\"@id\":\"https:\\\/\\\/tapir.de\\\/fr\\\/?lang=en\\\/#organization\",\"name\":\"Tapir Wachswaren\",\"url\":\"https:\\\/\\\/tapir.de\\\/fr\\\/?lang=en\\\/\",\"logo\":{\"@type\":\"ImageObject\",\"inLanguage\":\"fr-FR\",\"@id\":\"https:\\\/\\\/tapir.de\\\/fr\\\/?lang=en\\\/#\\\/schema\\\/logo\\\/image\\\/\",\"url\":\"https:\\\/\\\/tapir.de\\\/wp-content\\\/uploads\\\/2020\\\/11\\\/cropped-TAPIR_Wachswaren_logo.png\",\"contentUrl\":\"https:\\\/\\\/tapir.de\\\/wp-content\\\/uploads\\\/2020\\\/11\\\/cropped-TAPIR_Wachswaren_logo.png\",\"width\":512,\"height\":512,\"caption\":\"Tapir Wachswaren\"},\"image\":{\"@id\":\"https:\\\/\\\/tapir.de\\\/fr\\\/?lang=en\\\/#\\\/schema\\\/logo\\\/image\\\/\"},\"sameAs\":[\"https:\\\/\\\/www.facebook.com\\\/TapirWachswaren\\\/\",\"https:\\\/\\\/www.instagram.com\\\/tapir_pflegeprodukte\\\/?hl=de\"]}]}<\/script>\n<!-- \/ Yoast SEO plugin. -->","yoast_head_json":{"title":"Ensemble de voyage de haute qualit\u00e9 pour l\u2019entretien des chaussures en cuir brun fonc\u00e9 - Tapir Wachswaren","description":"Ensemble de voyage de haute qualit\u00e9 pour l\u2019entretien des chaussures en cuir brun fonc\u00e9, id\u00e9al pour les voyages \u2013 \u00e9quip\u00e9 d\u2019un entretien naturel des chaussures de Tapir.","robots":{"index":"index","follow":"follow","max-snippet":"max-snippet:-1","max-image-preview":"max-image-preview:large","max-video-preview":"max-video-preview:-1"},"canonical":"https:\/\/tapir.de\/fr\/shop\/ensemble-de-voyage-de-haute-qualite-pour-lentretien-des-chaussures-en-cuir-brun-fonce\/","og_locale":"fr_FR","og_type":"article","og_title":"Ensemble de voyage de haute qualit\u00e9 pour l\u2019entretien des chaussures en cuir brun fonc\u00e9 - Tapir Wachswaren","og_description":"Ensemble de voyage de haute qualit\u00e9 pour l\u2019entretien des chaussures en cuir brun fonc\u00e9, id\u00e9al pour les voyages \u2013 \u00e9quip\u00e9 d\u2019un entretien naturel des chaussures de Tapir.","og_url":"https:\/\/tapir.de\/fr\/shop\/ensemble-de-voyage-de-haute-qualite-pour-lentretien-des-chaussures-en-cuir-brun-fonce\/","og_site_name":"Tapir Wachswaren","article_publisher":"https:\/\/www.facebook.com\/TapirWachswaren\/","article_modified_time":"2026-01-26T13:04:25+00:00","og_image":[{"width":1920,"height":1300,"url":"https:\/\/tapir.de\/wp-content\/uploads\/2020\/09\/DSC_8036-scaled.jpeg","type":"image\/jpeg"}],"twitter_card":"summary_large_image","twitter_misc":{"Dur\u00e9e de lecture estim\u00e9e":"1 minute"},"schema":{"@context":"https:\/\/schema.org","@graph":[{"@type":"WebPage","@id":"https:\/\/tapir.de\/fr\/shop\/ensemble-de-voyage-de-haute-qualite-pour-lentretien-des-chaussures-en-cuir-brun-fonce\/","url":"https:\/\/tapir.de\/fr\/shop\/ensemble-de-voyage-de-haute-qualite-pour-lentretien-des-chaussures-en-cuir-brun-fonce\/","name":"Ensemble de voyage de haute qualit\u00e9 pour l\u2019entretien des chaussures en cuir brun fonc\u00e9 - Tapir Wachswaren","isPartOf":{"@id":"https:\/\/tapir.de\/fr\/?lang=en\/#website"},"primaryImageOfPage":{"@id":"https:\/\/tapir.de\/fr\/shop\/ensemble-de-voyage-de-haute-qualite-pour-lentretien-des-chaussures-en-cuir-brun-fonce\/#primaryimage"},"image":{"@id":"https:\/\/tapir.de\/fr\/shop\/ensemble-de-voyage-de-haute-qualite-pour-lentretien-des-chaussures-en-cuir-brun-fonce\/#primaryimage"},"thumbnailUrl":"https:\/\/tapir.de\/wp-content\/uploads\/2020\/09\/DSC_8036-scaled.jpeg","datePublished":"2020-05-25T08:02:58+00:00","dateModified":"2026-01-26T13:04:25+00:00","description":"Ensemble de voyage de haute qualit\u00e9 pour l\u2019entretien des chaussures en cuir brun fonc\u00e9, id\u00e9al pour les voyages \u2013 \u00e9quip\u00e9 d\u2019un entretien naturel des chaussures de Tapir.","breadcrumb":{"@id":"https:\/\/tapir.de\/fr\/shop\/ensemble-de-voyage-de-haute-qualite-pour-lentretien-des-chaussures-en-cuir-brun-fonce\/#breadcrumb"},"inLanguage":"fr-FR","potentialAction":[{"@type":"ReadAction","target":["https:\/\/tapir.de\/fr\/shop\/ensemble-de-voyage-de-haute-qualite-pour-lentretien-des-chaussures-en-cuir-brun-fonce\/"]}]},{"@type":"ImageObject","inLanguage":"fr-FR","@id":"https:\/\/tapir.de\/fr\/shop\/ensemble-de-voyage-de-haute-qualite-pour-lentretien-des-chaussures-en-cuir-brun-fonce\/#primaryimage","url":"https:\/\/tapir.de\/wp-content\/uploads\/2020\/09\/DSC_8036-scaled.jpeg","contentUrl":"https:\/\/tapir.de\/wp-content\/uploads\/2020\/09\/DSC_8036-scaled.jpeg","width":1920,"height":1300},{"@type":"BreadcrumbList","@id":"https:\/\/tapir.de\/fr\/shop\/ensemble-de-voyage-de-haute-qualite-pour-lentretien-des-chaussures-en-cuir-brun-fonce\/#breadcrumb","itemListElement":[{"@type":"ListItem","position":1,"name":"Startseite","item":"https:\/\/tapir.de\/fr\/"},{"@type":"ListItem","position":2,"name":"Boutique","item":"https:\/\/tapir.de\/fr\/boutique\/"},{"@type":"ListItem","position":3,"name":"Ensemble de voyage de haute qualit\u00e9 pour l\u2019entretien des chaussures en cuir brun fonc\u00e9"}]},{"@type":"WebSite","@id":"https:\/\/tapir.de\/fr\/?lang=en\/#website","url":"https:\/\/tapir.de\/fr\/?lang=en\/","name":"Tapir Wachswaren","description":"Nat\u00fcrliche Pflegeprodukte f\u00fcr Leder, Textil und Holz","publisher":{"@id":"https:\/\/tapir.de\/fr\/?lang=en\/#organization"},"potentialAction":[{"@type":"SearchAction","target":{"@type":"EntryPoint","urlTemplate":"https:\/\/tapir.de\/fr\/?lang=en\/?s={search_term_string}"},"query-input":{"@type":"PropertyValueSpecification","valueRequired":true,"valueName":"search_term_string"}}],"inLanguage":"fr-FR"},{"@type":"Organization","@id":"https:\/\/tapir.de\/fr\/?lang=en\/#organization","name":"Tapir Wachswaren","url":"https:\/\/tapir.de\/fr\/?lang=en\/","logo":{"@type":"ImageObject","inLanguage":"fr-FR","@id":"https:\/\/tapir.de\/fr\/?lang=en\/#\/schema\/logo\/image\/","url":"https:\/\/tapir.de\/wp-content\/uploads\/2020\/11\/cropped-TAPIR_Wachswaren_logo.png","contentUrl":"https:\/\/tapir.de\/wp-content\/uploads\/2020\/11\/cropped-TAPIR_Wachswaren_logo.png","width":512,"height":512,"caption":"Tapir Wachswaren"},"image":{"@id":"https:\/\/tapir.de\/fr\/?lang=en\/#\/schema\/logo\/image\/"},"sameAs":["https:\/\/www.facebook.com\/TapirWachswaren\/","https:\/\/www.instagram.com\/tapir_pflegeprodukte\/?hl=de"]}]}},"_links":{"self":[{"href":"https:\/\/tapir.de\/fr\/wp-json\/wp\/v2\/product\/21373","targetHints":{"allow":["GET"]}}],"collection":[{"href":"https:\/\/tapir.de\/fr\/wp-json\/wp\/v2\/product"}],"about":[{"href":"https:\/\/tapir.de\/fr\/wp-json\/wp\/v2\/types\/product"}],"wp:featuredmedia":[{"embeddable":true,"href":"https:\/\/tapir.de\/fr\/wp-json\/wp\/v2\/media\/21378"}],"wp:attachment":[{"href":"https:\/\/tapir.de\/fr\/wp-json\/wp\/v2\/media?parent=21373"}],"wp:term":[{"taxonomy":"product_brand","embeddable":true,"href":"https:\/\/tapir.de\/fr\/wp-json\/wp\/v2\/product_brand?post=21373"},{"taxonomy":"product_cat","embeddable":true,"href":"https:\/\/tapir.de\/fr\/wp-json\/wp\/v2\/product_cat?post=21373"},{"taxonomy":"product_tag","embeddable":true,"href":"https:\/\/tapir.de\/fr\/wp-json\/wp\/v2\/product_tag?post=21373"}],"curies":[{"name":"wp","href":"https:\/\/api.w.org\/{rel}","templated":true}]}}