{"id":21239,"date":"2020-03-02T14:43:25","date_gmt":"2020-03-02T13:43:25","guid":{"rendered":"https:\/\/tapir.de\/shop\/creme-pour-le-cuir-incolore\/"},"modified":"2026-01-26T13:06:56","modified_gmt":"2026-01-26T12:06:56","slug":"creme-pour-le-cuir-incolore","status":"publish","type":"product","link":"https:\/\/tapir.de\/fr\/shop\/creme-pour-le-cuir-incolore\/","title":{"rendered":"Cr\u00e8me pour le cuir incolore"},"content":{"rendered":"<p><span style=\"font-size: 120%; color: #a90533;\"><strong>Cr\u00e8me pour le cuir pour les soins r\u00e9guliers<\/strong><\/span><\/p>\n<p>Vous cherchez un cirage \u00e0 chaussures pour vos chaussures en cuir lisse, facile et r\u00e9guli\u00e8rement ? La cr\u00e8me pour le cuir de Tapir est la parfaite cirage pour chaussures en usage r\u00e9gulier et, surtout, facile. Le cirage peut \u00eatre appliqu\u00e9 merveilleusement sur le cuir avec un pinceau d\u2019application ou un chiffon en coton.   Nous recommandons d\u2019abord \u00e9taler la cr\u00e8me de soin du cuir sur les coutures, autour du bord et sur le bouchon, puis de masser d\u00e9licatement le reste dans le cuir. Un temps de s\u00e9chage court puis utilise un pinceau \u00e0 briller pour faire briller la chaussure par friction. Bien prot\u00e9g\u00e9 par la vie quotidienne !  <\/p>\n<p><span style=\"color: #a90533; font-size: 120%;\"><strong>Caract\u00e9ristiques du produit :<\/strong><\/span><\/p>\n<ul>\n<li>Cirage \u00e0 chaussures impr\u00e9gnant et brillant pour chaussures en cuir lisse<\/li>\n<li>Facile \u00e0 utiliser<\/li>\n<li>pour un usage r\u00e9gulier<\/li>\n<li>Dans le tube en aluminium \u2013 100 % recyclable<\/li>\n<li>Faits main en Allemagne<\/li>\n<li>Contenu : 75 ml<\/li>\n<li>Constamment \u00e9cologique<\/li>\n<li>fabriqu\u00e9 \u00e0 partir de mati\u00e8res premi\u00e8res naturelles<\/li>\n<li><a href=\"https:\/\/gfaw.eu\/ncp\/\">NCP<\/a> Certification<\/li>\n<\/ul>\n<p><strong>INGR\u00c9DIENTS :<\/strong> Cire de Carnauba*, cire d\u2019abeille, cire de canne \u00e0 sucre, huile de tournesol, acides gras, solvants naturels, alcool d\u2019ammoniac, eau<\/p>\n<p>* de l\u2019agriculture biologique<\/p>\n","protected":false},"excerpt":{"rendered":"<p>La cr\u00e8me pour le soin du cuir est un cirage \u00e0 chaussures utilis\u00e9 r\u00e9guli\u00e8rement pour l\u2019entretien des chaussures en cuir lisse. 75 ml d\u2019Alutube <\/p>\n","protected":false},"featured_media":21244,"template":"","meta":[],"product_brand":[],"product_cat":[983],"product_tag":[999,1001,1000,920,998,982],"class_list":{"0":"post-21239","1":"product","2":"type-product","3":"status-publish","4":"has-post-thumbnail","6":"product_cat-creme-pour-le-soin-du-cuir","7":"product_tag-chaussure-denfant","8":"product_tag-chaussure-pour-femmes","9":"product_tag-chaussure-pour-hommes","10":"product_tag-cuir-lisse","11":"product_tag-gloss","12":"product_tag-soins","13":"pa_geeignet-fuer-budapest","14":"pa_geeignet-fuer-chaussures","15":"pa_geeignet-fuer-chaussures-brillantes","16":"pa_geeignet-fuer-chaussures-denfants","17":"pa_geeignet-fuer-chaussures-de-travail","18":"pa_geeignet-fuer-chaussures-elegantes","19":"pa_geeignet-fuer-chaussures-orthopediques","20":"pa_geeignet-fuer-chaussures-pour-femmes","21":"pa_geeignet-fuer-chaussures-pour-hommes","22":"pa_geeignet-fuer-chaussures-professionnelles","23":"pa_geeignet-fuer-chaussures-sur-mesure","25":"first","26":"instock","27":"taxable","28":"shipping-taxable","29":"purchasable","30":"product-type-simple"},"yoast_head":"<!-- This site is optimized with the Yoast SEO plugin v27.5 - https:\/\/yoast.com\/product\/yoast-seo-wordpress\/ -->\n<title>Cr\u00e8me pour le cuir incolore - Tapir Wachswaren<\/title>\n<meta name=\"description\" content=\"Cirage naturel incolore pour des chaussures en cuir lisse. Prot\u00e8ge, nourrit et cr\u00e9e un grand \u00e9clat. Adapt\u00e9 \u00e0 toutes les couleurs, entretien r\u00e9gulier !\" \/>\n<meta name=\"robots\" content=\"index, follow, max-snippet:-1, max-image-preview:large, max-video-preview:-1\" \/>\n<link rel=\"canonical\" href=\"https:\/\/tapir.de\/fr\/shop\/creme-pour-le-cuir-incolore\/\" \/>\n<meta property=\"og:locale\" content=\"fr_FR\" \/>\n<meta property=\"og:type\" content=\"article\" \/>\n<meta property=\"og:title\" content=\"Cr\u00e8me pour le cuir incolore - Tapir Wachswaren\" \/>\n<meta property=\"og:description\" content=\"Cirage naturel incolore pour des chaussures en cuir lisse. Prot\u00e8ge, nourrit et cr\u00e9e un grand \u00e9clat. Adapt\u00e9 \u00e0 toutes les couleurs, entretien r\u00e9gulier !\" \/>\n<meta property=\"og:url\" content=\"https:\/\/tapir.de\/fr\/shop\/creme-pour-le-cuir-incolore\/\" \/>\n<meta property=\"og:site_name\" content=\"Tapir Wachswaren\" \/>\n<meta property=\"article:publisher\" content=\"https:\/\/www.facebook.com\/TapirWachswaren\/\" \/>\n<meta property=\"article:modified_time\" content=\"2026-01-26T12:06:56+00:00\" \/>\n<meta property=\"og:image\" content=\"https:\/\/tapir.de\/wp-content\/uploads\/2020\/03\/80075-Lederpflegecreme-scaled.jpg\" \/>\n\t<meta property=\"og:image:width\" content=\"2560\" \/>\n\t<meta property=\"og:image:height\" content=\"2560\" \/>\n\t<meta property=\"og:image:type\" content=\"image\/jpeg\" \/>\n<meta name=\"twitter:card\" content=\"summary_large_image\" \/>\n<meta name=\"twitter:label1\" content=\"Dur\u00e9e de lecture estim\u00e9e\" \/>\n\t<meta name=\"twitter:data1\" content=\"1 minute\" \/>\n<script type=\"application\/ld+json\" class=\"yoast-schema-graph\">{\"@context\":\"https:\\\/\\\/schema.org\",\"@graph\":[{\"@type\":\"WebPage\",\"@id\":\"https:\\\/\\\/tapir.de\\\/fr\\\/shop\\\/creme-pour-le-cuir-incolore\\\/\",\"url\":\"https:\\\/\\\/tapir.de\\\/fr\\\/shop\\\/creme-pour-le-cuir-incolore\\\/\",\"name\":\"Cr\u00e8me pour le cuir incolore - Tapir Wachswaren\",\"isPartOf\":{\"@id\":\"https:\\\/\\\/tapir.de\\\/fr\\\/?lang=en\\\/#website\"},\"primaryImageOfPage\":{\"@id\":\"https:\\\/\\\/tapir.de\\\/fr\\\/shop\\\/creme-pour-le-cuir-incolore\\\/#primaryimage\"},\"image\":{\"@id\":\"https:\\\/\\\/tapir.de\\\/fr\\\/shop\\\/creme-pour-le-cuir-incolore\\\/#primaryimage\"},\"thumbnailUrl\":\"https:\\\/\\\/tapir.de\\\/wp-content\\\/uploads\\\/2020\\\/03\\\/80075-Lederpflegecreme-scaled.jpg\",\"datePublished\":\"2020-03-02T13:43:25+00:00\",\"dateModified\":\"2026-01-26T12:06:56+00:00\",\"description\":\"Cirage naturel incolore pour des chaussures en cuir lisse. Prot\u00e8ge, nourrit et cr\u00e9e un grand \u00e9clat. Adapt\u00e9 \u00e0 toutes les couleurs, entretien r\u00e9gulier !\",\"breadcrumb\":{\"@id\":\"https:\\\/\\\/tapir.de\\\/fr\\\/shop\\\/creme-pour-le-cuir-incolore\\\/#breadcrumb\"},\"inLanguage\":\"fr-FR\",\"potentialAction\":[{\"@type\":\"ReadAction\",\"target\":[\"https:\\\/\\\/tapir.de\\\/fr\\\/shop\\\/creme-pour-le-cuir-incolore\\\/\"]}]},{\"@type\":\"ImageObject\",\"inLanguage\":\"fr-FR\",\"@id\":\"https:\\\/\\\/tapir.de\\\/fr\\\/shop\\\/creme-pour-le-cuir-incolore\\\/#primaryimage\",\"url\":\"https:\\\/\\\/tapir.de\\\/wp-content\\\/uploads\\\/2020\\\/03\\\/80075-Lederpflegecreme-scaled.jpg\",\"contentUrl\":\"https:\\\/\\\/tapir.de\\\/wp-content\\\/uploads\\\/2020\\\/03\\\/80075-Lederpflegecreme-scaled.jpg\",\"width\":2560,\"height\":2560},{\"@type\":\"BreadcrumbList\",\"@id\":\"https:\\\/\\\/tapir.de\\\/fr\\\/shop\\\/creme-pour-le-cuir-incolore\\\/#breadcrumb\",\"itemListElement\":[{\"@type\":\"ListItem\",\"position\":1,\"name\":\"Startseite\",\"item\":\"https:\\\/\\\/tapir.de\\\/fr\\\/\"},{\"@type\":\"ListItem\",\"position\":2,\"name\":\"Boutique\",\"item\":\"https:\\\/\\\/tapir.de\\\/fr\\\/boutique\\\/\"},{\"@type\":\"ListItem\",\"position\":3,\"name\":\"Cr\u00e8me pour le cuir incolore\"}]},{\"@type\":\"WebSite\",\"@id\":\"https:\\\/\\\/tapir.de\\\/fr\\\/?lang=en\\\/#website\",\"url\":\"https:\\\/\\\/tapir.de\\\/fr\\\/?lang=en\\\/\",\"name\":\"Tapir Wachswaren\",\"description\":\"Nat\u00fcrliche Pflegeprodukte f\u00fcr Leder, Textil und Holz\",\"publisher\":{\"@id\":\"https:\\\/\\\/tapir.de\\\/fr\\\/?lang=en\\\/#organization\"},\"potentialAction\":[{\"@type\":\"SearchAction\",\"target\":{\"@type\":\"EntryPoint\",\"urlTemplate\":\"https:\\\/\\\/tapir.de\\\/fr\\\/?lang=en\\\/?s={search_term_string}\"},\"query-input\":{\"@type\":\"PropertyValueSpecification\",\"valueRequired\":true,\"valueName\":\"search_term_string\"}}],\"inLanguage\":\"fr-FR\"},{\"@type\":\"Organization\",\"@id\":\"https:\\\/\\\/tapir.de\\\/fr\\\/?lang=en\\\/#organization\",\"name\":\"Tapir Wachswaren\",\"url\":\"https:\\\/\\\/tapir.de\\\/fr\\\/?lang=en\\\/\",\"logo\":{\"@type\":\"ImageObject\",\"inLanguage\":\"fr-FR\",\"@id\":\"https:\\\/\\\/tapir.de\\\/fr\\\/?lang=en\\\/#\\\/schema\\\/logo\\\/image\\\/\",\"url\":\"https:\\\/\\\/tapir.de\\\/wp-content\\\/uploads\\\/2020\\\/11\\\/cropped-TAPIR_Wachswaren_logo.png\",\"contentUrl\":\"https:\\\/\\\/tapir.de\\\/wp-content\\\/uploads\\\/2020\\\/11\\\/cropped-TAPIR_Wachswaren_logo.png\",\"width\":512,\"height\":512,\"caption\":\"Tapir Wachswaren\"},\"image\":{\"@id\":\"https:\\\/\\\/tapir.de\\\/fr\\\/?lang=en\\\/#\\\/schema\\\/logo\\\/image\\\/\"},\"sameAs\":[\"https:\\\/\\\/www.facebook.com\\\/TapirWachswaren\\\/\",\"https:\\\/\\\/www.instagram.com\\\/tapir_pflegeprodukte\\\/?hl=de\"]}]}<\/script>\n<!-- \/ Yoast SEO plugin. -->","yoast_head_json":{"title":"Cr\u00e8me pour le cuir incolore - Tapir Wachswaren","description":"Cirage naturel incolore pour des chaussures en cuir lisse. Prot\u00e8ge, nourrit et cr\u00e9e un grand \u00e9clat. Adapt\u00e9 \u00e0 toutes les couleurs, entretien r\u00e9gulier !","robots":{"index":"index","follow":"follow","max-snippet":"max-snippet:-1","max-image-preview":"max-image-preview:large","max-video-preview":"max-video-preview:-1"},"canonical":"https:\/\/tapir.de\/fr\/shop\/creme-pour-le-cuir-incolore\/","og_locale":"fr_FR","og_type":"article","og_title":"Cr\u00e8me pour le cuir incolore - Tapir Wachswaren","og_description":"Cirage naturel incolore pour des chaussures en cuir lisse. Prot\u00e8ge, nourrit et cr\u00e9e un grand \u00e9clat. Adapt\u00e9 \u00e0 toutes les couleurs, entretien r\u00e9gulier !","og_url":"https:\/\/tapir.de\/fr\/shop\/creme-pour-le-cuir-incolore\/","og_site_name":"Tapir Wachswaren","article_publisher":"https:\/\/www.facebook.com\/TapirWachswaren\/","article_modified_time":"2026-01-26T12:06:56+00:00","og_image":[{"width":2560,"height":2560,"url":"https:\/\/tapir.de\/wp-content\/uploads\/2020\/03\/80075-Lederpflegecreme-scaled.jpg","type":"image\/jpeg"}],"twitter_card":"summary_large_image","twitter_misc":{"Dur\u00e9e de lecture estim\u00e9e":"1 minute"},"schema":{"@context":"https:\/\/schema.org","@graph":[{"@type":"WebPage","@id":"https:\/\/tapir.de\/fr\/shop\/creme-pour-le-cuir-incolore\/","url":"https:\/\/tapir.de\/fr\/shop\/creme-pour-le-cuir-incolore\/","name":"Cr\u00e8me pour le cuir incolore - Tapir Wachswaren","isPartOf":{"@id":"https:\/\/tapir.de\/fr\/?lang=en\/#website"},"primaryImageOfPage":{"@id":"https:\/\/tapir.de\/fr\/shop\/creme-pour-le-cuir-incolore\/#primaryimage"},"image":{"@id":"https:\/\/tapir.de\/fr\/shop\/creme-pour-le-cuir-incolore\/#primaryimage"},"thumbnailUrl":"https:\/\/tapir.de\/wp-content\/uploads\/2020\/03\/80075-Lederpflegecreme-scaled.jpg","datePublished":"2020-03-02T13:43:25+00:00","dateModified":"2026-01-26T12:06:56+00:00","description":"Cirage naturel incolore pour des chaussures en cuir lisse. Prot\u00e8ge, nourrit et cr\u00e9e un grand \u00e9clat. Adapt\u00e9 \u00e0 toutes les couleurs, entretien r\u00e9gulier !","breadcrumb":{"@id":"https:\/\/tapir.de\/fr\/shop\/creme-pour-le-cuir-incolore\/#breadcrumb"},"inLanguage":"fr-FR","potentialAction":[{"@type":"ReadAction","target":["https:\/\/tapir.de\/fr\/shop\/creme-pour-le-cuir-incolore\/"]}]},{"@type":"ImageObject","inLanguage":"fr-FR","@id":"https:\/\/tapir.de\/fr\/shop\/creme-pour-le-cuir-incolore\/#primaryimage","url":"https:\/\/tapir.de\/wp-content\/uploads\/2020\/03\/80075-Lederpflegecreme-scaled.jpg","contentUrl":"https:\/\/tapir.de\/wp-content\/uploads\/2020\/03\/80075-Lederpflegecreme-scaled.jpg","width":2560,"height":2560},{"@type":"BreadcrumbList","@id":"https:\/\/tapir.de\/fr\/shop\/creme-pour-le-cuir-incolore\/#breadcrumb","itemListElement":[{"@type":"ListItem","position":1,"name":"Startseite","item":"https:\/\/tapir.de\/fr\/"},{"@type":"ListItem","position":2,"name":"Boutique","item":"https:\/\/tapir.de\/fr\/boutique\/"},{"@type":"ListItem","position":3,"name":"Cr\u00e8me pour le cuir incolore"}]},{"@type":"WebSite","@id":"https:\/\/tapir.de\/fr\/?lang=en\/#website","url":"https:\/\/tapir.de\/fr\/?lang=en\/","name":"Tapir Wachswaren","description":"Nat\u00fcrliche Pflegeprodukte f\u00fcr Leder, Textil und Holz","publisher":{"@id":"https:\/\/tapir.de\/fr\/?lang=en\/#organization"},"potentialAction":[{"@type":"SearchAction","target":{"@type":"EntryPoint","urlTemplate":"https:\/\/tapir.de\/fr\/?lang=en\/?s={search_term_string}"},"query-input":{"@type":"PropertyValueSpecification","valueRequired":true,"valueName":"search_term_string"}}],"inLanguage":"fr-FR"},{"@type":"Organization","@id":"https:\/\/tapir.de\/fr\/?lang=en\/#organization","name":"Tapir Wachswaren","url":"https:\/\/tapir.de\/fr\/?lang=en\/","logo":{"@type":"ImageObject","inLanguage":"fr-FR","@id":"https:\/\/tapir.de\/fr\/?lang=en\/#\/schema\/logo\/image\/","url":"https:\/\/tapir.de\/wp-content\/uploads\/2020\/11\/cropped-TAPIR_Wachswaren_logo.png","contentUrl":"https:\/\/tapir.de\/wp-content\/uploads\/2020\/11\/cropped-TAPIR_Wachswaren_logo.png","width":512,"height":512,"caption":"Tapir Wachswaren"},"image":{"@id":"https:\/\/tapir.de\/fr\/?lang=en\/#\/schema\/logo\/image\/"},"sameAs":["https:\/\/www.facebook.com\/TapirWachswaren\/","https:\/\/www.instagram.com\/tapir_pflegeprodukte\/?hl=de"]}]}},"_links":{"self":[{"href":"https:\/\/tapir.de\/fr\/wp-json\/wp\/v2\/product\/21239","targetHints":{"allow":["GET"]}}],"collection":[{"href":"https:\/\/tapir.de\/fr\/wp-json\/wp\/v2\/product"}],"about":[{"href":"https:\/\/tapir.de\/fr\/wp-json\/wp\/v2\/types\/product"}],"wp:featuredmedia":[{"embeddable":true,"href":"https:\/\/tapir.de\/fr\/wp-json\/wp\/v2\/media\/21244"}],"wp:attachment":[{"href":"https:\/\/tapir.de\/fr\/wp-json\/wp\/v2\/media?parent=21239"}],"wp:term":[{"taxonomy":"product_brand","embeddable":true,"href":"https:\/\/tapir.de\/fr\/wp-json\/wp\/v2\/product_brand?post=21239"},{"taxonomy":"product_cat","embeddable":true,"href":"https:\/\/tapir.de\/fr\/wp-json\/wp\/v2\/product_cat?post=21239"},{"taxonomy":"product_tag","embeddable":true,"href":"https:\/\/tapir.de\/fr\/wp-json\/wp\/v2\/product_tag?post=21239"}],"curies":[{"name":"wp","href":"https:\/\/api.w.org\/{rel}","templated":true}]}}