{"id":21208,"date":"2020-05-15T20:41:04","date_gmt":"2020-05-15T18:41:04","guid":{"rendered":"https:\/\/tapir.de\/shop\/cuir-et-savon-pour-selle\/"},"modified":"2026-01-26T13:06:54","modified_gmt":"2026-01-26T12:06:54","slug":"cuir-et-savon-pour-selle","status":"publish","type":"product","link":"https:\/\/tapir.de\/fr\/shop\/cuir-et-savon-pour-selle\/","title":{"rendered":"Cuir et savon pour selle"},"content":{"rendered":"<h2 class=\"\" style=\"text-align: left;\"><strong><span style=\"color: #a90533;\">D\u00e9couvrez le cuir de tapir et le savon pour selle : <span style=\"caret-color: #a90533;\">nettoyage naturel pour cuir lisse<\/span><\/span><\/strong><\/h2>\n<p>Prenez soin de vos pr\u00e9cieux produits en cuir lisse avec le savon doux et efficace pour cuir de tapir et selle. Id\u00e9al pour nettoyer des chaussures en cuir, des selles en cuir, des meubles et sacs en cuir, notre savon de haute qualit\u00e9 offre un soin doux qui fait briller vos produits en cuir. <\/p>\n<h2 class=\"\" style=\"text-align: left;\"><span style=\"font-size: 90%;\"><span style=\"color: #a90533;\"><span style=\"caret-color: #a90533;\"><b>Pourquoi <span style=\"color: #990f0f;\">le cuir<\/span> de tapir et le savon pour selle ?<\/b><\/span><\/span><\/span><\/h2>\n<p>Le cuir de tapir et le savon pour selle convaincent gr\u00e2ce \u00e0 ses propri\u00e9t\u00e9s uniques et \u00e0 l\u2019utilisation de mati\u00e8res premi\u00e8res naturelles. Fabriqu\u00e9 en Allemagne, Tapir met l\u2019accent sur la qualit\u00e9 artisanale et les normes \u00e9cologiques coh\u00e9rentes. Le savon est livr\u00e9 dans une bo\u00eete pratique en t\u00f4le d\u2019\u00e9tain, non seulement respectueuse de l\u2019environnement, mais souligne aussi le charme traditionnel des produits Tapir.  <\/p>\n<h4><strong>Caract\u00e9ristiques du produit :<\/strong><\/h4>\n<ul>\n<li><strong>Pour nettoyer le cuir lisse :<\/strong> Id\u00e9al pour chaussures, sacs et meubles en cuir.<\/li>\n<li><strong>Fait main en Allemagne :<\/strong> Un travail m\u00e9ticuleux pour la plus haute qualit\u00e9.<\/li>\n<li>Contenu : 200 ml dans une bo\u00eete <strong>\u00e9l\u00e9gante<\/strong> en t\u00f4le.<\/li>\n<li><strong>Toujours \u00e9cologique :<\/strong> Durable et respectueux de l\u2019environnement.<\/li>\n<li><strong>Mati\u00e8res premi\u00e8res naturelles :<\/strong> Contient de l\u2019acide gras \u00e0 l\u2019huile de tournesol, de la cire de canne \u00e0 sucre, de la cire d\u2019abeille, de la st\u00e9araine v\u00e9g\u00e9tale, de l\u2019eau, du borax et de la soude caustique.<\/li>\n<li><strong>Certification NCP :<\/strong> Garantit les plus hauts standards.<\/li>\n<\/ul>\n<h4><strong><span style=\"color: #990f0f;\">Application :<\/span><\/strong><\/h4>\n<p>L\u2019application du cuir de tapir et du savon pour selle est simple et efficace :<\/p>\n<ol>\n<li><strong>Absorbez le savon :<\/strong> Utilisez une \u00e9ponge humide pour tremper les tapirs afin de r\u00e9cup\u00e9rer le savon dans la bo\u00eete de conserve.<\/li>\n<li><strong>Postulez :<\/strong> Frottez le savon sur la surface du cuir jusqu\u2019\u00e0 ce qu\u2019une mousse fine se forme.<\/li>\n<li><strong>Nettoyage :<\/strong> La mousse dissout la salet\u00e9 dans le cuir et l\u2019absorbe. Frottez la mousse avec une \u00e9ponge propre. <\/li>\n<li><strong>R\u00e9essayez:<\/strong> R\u00e9p\u00e9tez le processus de nettoyage jusqu\u2019\u00e0 obtenir le r\u00e9sultat souhait\u00e9.<\/li>\n<li><strong>S\u00e9chage et polissage :<\/strong> Laissez s\u00e9cher le cuir puis polissez-le avec un chiffon \u00e0 polissage Tapir ou un pinceau Tapir gloss.<\/li>\n<li><strong>Soins et protection :<\/strong> Ensuite, prenez soin et prot\u00e9gez le cuir avec un produit de soins pour tapir, comme la cr\u00e8me pour le cuir Tapir, la graisse pour cuir Tapir ou l\u2019impr\u00e9gnation pour le cuir lisse.<\/li>\n<\/ol>\n<h4><span style=\"color: #990f0f;\"><strong>Ingr\u00e9dients naturels pour un soin doux<\/strong><\/span><\/h4>\n<p>Le savon en cuir et selle de tapir est fabriqu\u00e9 \u00e0 partir de mati\u00e8res premi\u00e8res naturelles de haute qualit\u00e9 qui garantissent un nettoyage doux mais approfondi. L\u2019huile de tournesol, l\u2019acide gras, la cire de canne \u00e0 sucre et la cire d\u2019abeille nourrissent le cuir et lui donnent une surface lisse, tandis que la st\u00e9araine v\u00e9g\u00e9tale, l\u2019eau, le borax et la soude caustique fournissent l\u2019effet nettoyant n\u00e9cessaire. <\/p>\n<p>Faites confiance \u00e0 la qualit\u00e9 \u00e9prouv\u00e9e et aux ingr\u00e9dients naturels du cuir de tapir et du savon pour selle et offrez \u00e0 vos produits en cuir lisse les soins qu\u2019ils m\u00e9ritent. Profitez d\u2019un excellent r\u00e9sultat de nettoyage et pr\u00e9voyez l\u2019\u00e9clat naturel et la beaut\u00e9 de votre cuir. <\/p>\n<p>&nbsp;<\/p>\n<p>&nbsp;<\/p>\n","protected":false},"excerpt":{"rendered":"<p>Le savon convient au nettoyage des selles, bottes, chaussures et sacs en cuir. Pas adapt\u00e9 au daim en dsu\u00e8de. <\/p>\n<p>Bo\u00eete de conserve de 200 ml<\/p>\n","protected":false},"featured_media":21218,"template":"","meta":[],"product_brand":[],"product_cat":[993],"product_tag":[920,871],"class_list":{"0":"post-21208","1":"product","2":"type-product","3":"status-publish","4":"has-post-thumbnail","6":"product_cat-savon-pour-cuir-et-selles","7":"product_tag-cuir-lisse","8":"product_tag-nettoyage","9":"pa_geeignet-fuer-bottes-dequitation","10":"pa_geeignet-fuer-chaussures","11":"pa_geeignet-fuer-chaussures-denfants","12":"pa_geeignet-fuer-chaussures-de-bateau","13":"pa_geeignet-fuer-chaussures-de-randonnee","14":"pa_geeignet-fuer-chaussures-de-travail","15":"pa_geeignet-fuer-chaussures-orthopediques","16":"pa_geeignet-fuer-chaussures-pour-femmes","17":"pa_geeignet-fuer-chaussures-pour-hommes","18":"pa_geeignet-fuer-chaussures-professionnelles","19":"pa_geeignet-fuer-chaussures-sur-mesure","20":"pa_geeignet-fuer-etui-en-cuir","21":"pa_geeignet-fuer-mobilier-en-cuir","22":"pa_geeignet-fuer-sac-en-cuir","23":"pa_geeignet-fuer-sacs-moto","24":"pa_geeignet-fuer-selles-pour-chevaux","26":"first","27":"instock","28":"taxable","29":"shipping-taxable","30":"purchasable","31":"product-type-simple"},"yoast_head":"<!-- This site is optimized with the Yoast SEO plugin v27.3 - https:\/\/yoast.com\/product\/yoast-seo-wordpress\/ -->\n<title>Cuir et savon pour selle - Tapir Wachswaren<\/title>\n<meta name=\"description\" content=\"Nettoyage naturel des chaussures en cuir lisse avec le cuir de tapir et le savon de selle \u00e0 base de mati\u00e8res premi\u00e8res naturelles. Naturellement bien soign\u00e9e !\" \/>\n<meta name=\"robots\" content=\"index, follow, max-snippet:-1, max-image-preview:large, max-video-preview:-1\" \/>\n<link rel=\"canonical\" href=\"https:\/\/tapir.de\/fr\/shop\/cuir-et-savon-pour-selle\/\" \/>\n<meta property=\"og:locale\" content=\"fr_FR\" \/>\n<meta property=\"og:type\" content=\"article\" \/>\n<meta property=\"og:title\" content=\"Cuir et savon pour selle - Tapir Wachswaren\" \/>\n<meta property=\"og:description\" content=\"Nettoyage naturel des chaussures en cuir lisse avec le cuir de tapir et le savon de selle \u00e0 base de mati\u00e8res premi\u00e8res naturelles. Naturellement bien soign\u00e9e !\" \/>\n<meta property=\"og:url\" content=\"https:\/\/tapir.de\/fr\/shop\/cuir-et-savon-pour-selle\/\" \/>\n<meta property=\"og:site_name\" content=\"Tapir Wachswaren\" \/>\n<meta property=\"article:publisher\" content=\"https:\/\/www.facebook.com\/TapirWachswaren\/\" \/>\n<meta property=\"article:modified_time\" content=\"2026-01-26T12:06:54+00:00\" \/>\n<meta property=\"og:image\" content=\"https:\/\/tapir.de\/wp-content\/uploads\/2020\/05\/90200-Tapir-Leder-Sattelseife1.jpg\" \/>\n\t<meta property=\"og:image:width\" content=\"1000\" \/>\n\t<meta property=\"og:image:height\" content=\"1000\" \/>\n\t<meta property=\"og:image:type\" content=\"image\/jpeg\" \/>\n<meta name=\"twitter:card\" content=\"summary_large_image\" \/>\n<meta name=\"twitter:label1\" content=\"Dur\u00e9e de lecture estim\u00e9e\" \/>\n\t<meta name=\"twitter:data1\" content=\"3 minutes\" \/>\n<script type=\"application\/ld+json\" class=\"yoast-schema-graph\">{\"@context\":\"https:\\\/\\\/schema.org\",\"@graph\":[{\"@type\":\"WebPage\",\"@id\":\"https:\\\/\\\/tapir.de\\\/fr\\\/shop\\\/cuir-et-savon-pour-selle\\\/\",\"url\":\"https:\\\/\\\/tapir.de\\\/fr\\\/shop\\\/cuir-et-savon-pour-selle\\\/\",\"name\":\"Cuir et savon pour selle - Tapir Wachswaren\",\"isPartOf\":{\"@id\":\"https:\\\/\\\/tapir.de\\\/fr\\\/?lang=en\\\/#website\"},\"primaryImageOfPage\":{\"@id\":\"https:\\\/\\\/tapir.de\\\/fr\\\/shop\\\/cuir-et-savon-pour-selle\\\/#primaryimage\"},\"image\":{\"@id\":\"https:\\\/\\\/tapir.de\\\/fr\\\/shop\\\/cuir-et-savon-pour-selle\\\/#primaryimage\"},\"thumbnailUrl\":\"https:\\\/\\\/tapir.de\\\/wp-content\\\/uploads\\\/2020\\\/05\\\/90200-Tapir-Leder-Sattelseife1.jpg\",\"datePublished\":\"2020-05-15T18:41:04+00:00\",\"dateModified\":\"2026-01-26T12:06:54+00:00\",\"description\":\"Nettoyage naturel des chaussures en cuir lisse avec le cuir de tapir et le savon de selle \u00e0 base de mati\u00e8res premi\u00e8res naturelles. Naturellement bien soign\u00e9e !\",\"breadcrumb\":{\"@id\":\"https:\\\/\\\/tapir.de\\\/fr\\\/shop\\\/cuir-et-savon-pour-selle\\\/#breadcrumb\"},\"inLanguage\":\"fr-FR\",\"potentialAction\":[{\"@type\":\"ReadAction\",\"target\":[\"https:\\\/\\\/tapir.de\\\/fr\\\/shop\\\/cuir-et-savon-pour-selle\\\/\"]}]},{\"@type\":\"ImageObject\",\"inLanguage\":\"fr-FR\",\"@id\":\"https:\\\/\\\/tapir.de\\\/fr\\\/shop\\\/cuir-et-savon-pour-selle\\\/#primaryimage\",\"url\":\"https:\\\/\\\/tapir.de\\\/wp-content\\\/uploads\\\/2020\\\/05\\\/90200-Tapir-Leder-Sattelseife1.jpg\",\"contentUrl\":\"https:\\\/\\\/tapir.de\\\/wp-content\\\/uploads\\\/2020\\\/05\\\/90200-Tapir-Leder-Sattelseife1.jpg\",\"width\":1000,\"height\":1000},{\"@type\":\"BreadcrumbList\",\"@id\":\"https:\\\/\\\/tapir.de\\\/fr\\\/shop\\\/cuir-et-savon-pour-selle\\\/#breadcrumb\",\"itemListElement\":[{\"@type\":\"ListItem\",\"position\":1,\"name\":\"Startseite\",\"item\":\"https:\\\/\\\/tapir.de\\\/fr\\\/\"},{\"@type\":\"ListItem\",\"position\":2,\"name\":\"Boutique\",\"item\":\"https:\\\/\\\/tapir.de\\\/fr\\\/boutique\\\/\"},{\"@type\":\"ListItem\",\"position\":3,\"name\":\"Cuir et savon pour selle\"}]},{\"@type\":\"WebSite\",\"@id\":\"https:\\\/\\\/tapir.de\\\/fr\\\/?lang=en\\\/#website\",\"url\":\"https:\\\/\\\/tapir.de\\\/fr\\\/?lang=en\\\/\",\"name\":\"Tapir Wachswaren\",\"description\":\"Nat\u00fcrliche Pflegeprodukte f\u00fcr Leder, Textil und Holz\",\"publisher\":{\"@id\":\"https:\\\/\\\/tapir.de\\\/fr\\\/?lang=en\\\/#organization\"},\"potentialAction\":[{\"@type\":\"SearchAction\",\"target\":{\"@type\":\"EntryPoint\",\"urlTemplate\":\"https:\\\/\\\/tapir.de\\\/fr\\\/?lang=en\\\/?s={search_term_string}\"},\"query-input\":{\"@type\":\"PropertyValueSpecification\",\"valueRequired\":true,\"valueName\":\"search_term_string\"}}],\"inLanguage\":\"fr-FR\"},{\"@type\":\"Organization\",\"@id\":\"https:\\\/\\\/tapir.de\\\/fr\\\/?lang=en\\\/#organization\",\"name\":\"Tapir Wachswaren\",\"url\":\"https:\\\/\\\/tapir.de\\\/fr\\\/?lang=en\\\/\",\"logo\":{\"@type\":\"ImageObject\",\"inLanguage\":\"fr-FR\",\"@id\":\"https:\\\/\\\/tapir.de\\\/fr\\\/?lang=en\\\/#\\\/schema\\\/logo\\\/image\\\/\",\"url\":\"https:\\\/\\\/tapir.de\\\/wp-content\\\/uploads\\\/2020\\\/11\\\/cropped-TAPIR_Wachswaren_logo.png\",\"contentUrl\":\"https:\\\/\\\/tapir.de\\\/wp-content\\\/uploads\\\/2020\\\/11\\\/cropped-TAPIR_Wachswaren_logo.png\",\"width\":512,\"height\":512,\"caption\":\"Tapir Wachswaren\"},\"image\":{\"@id\":\"https:\\\/\\\/tapir.de\\\/fr\\\/?lang=en\\\/#\\\/schema\\\/logo\\\/image\\\/\"},\"sameAs\":[\"https:\\\/\\\/www.facebook.com\\\/TapirWachswaren\\\/\",\"https:\\\/\\\/www.instagram.com\\\/tapir_pflegeprodukte\\\/?hl=de\"]}]}<\/script>\n<!-- \/ Yoast SEO plugin. -->","yoast_head_json":{"title":"Cuir et savon pour selle - Tapir Wachswaren","description":"Nettoyage naturel des chaussures en cuir lisse avec le cuir de tapir et le savon de selle \u00e0 base de mati\u00e8res premi\u00e8res naturelles. Naturellement bien soign\u00e9e !","robots":{"index":"index","follow":"follow","max-snippet":"max-snippet:-1","max-image-preview":"max-image-preview:large","max-video-preview":"max-video-preview:-1"},"canonical":"https:\/\/tapir.de\/fr\/shop\/cuir-et-savon-pour-selle\/","og_locale":"fr_FR","og_type":"article","og_title":"Cuir et savon pour selle - Tapir Wachswaren","og_description":"Nettoyage naturel des chaussures en cuir lisse avec le cuir de tapir et le savon de selle \u00e0 base de mati\u00e8res premi\u00e8res naturelles. Naturellement bien soign\u00e9e !","og_url":"https:\/\/tapir.de\/fr\/shop\/cuir-et-savon-pour-selle\/","og_site_name":"Tapir Wachswaren","article_publisher":"https:\/\/www.facebook.com\/TapirWachswaren\/","article_modified_time":"2026-01-26T12:06:54+00:00","og_image":[{"width":1000,"height":1000,"url":"https:\/\/tapir.de\/wp-content\/uploads\/2020\/05\/90200-Tapir-Leder-Sattelseife1.jpg","type":"image\/jpeg"}],"twitter_card":"summary_large_image","twitter_misc":{"Dur\u00e9e de lecture estim\u00e9e":"3 minutes"},"schema":{"@context":"https:\/\/schema.org","@graph":[{"@type":"WebPage","@id":"https:\/\/tapir.de\/fr\/shop\/cuir-et-savon-pour-selle\/","url":"https:\/\/tapir.de\/fr\/shop\/cuir-et-savon-pour-selle\/","name":"Cuir et savon pour selle - Tapir Wachswaren","isPartOf":{"@id":"https:\/\/tapir.de\/fr\/?lang=en\/#website"},"primaryImageOfPage":{"@id":"https:\/\/tapir.de\/fr\/shop\/cuir-et-savon-pour-selle\/#primaryimage"},"image":{"@id":"https:\/\/tapir.de\/fr\/shop\/cuir-et-savon-pour-selle\/#primaryimage"},"thumbnailUrl":"https:\/\/tapir.de\/wp-content\/uploads\/2020\/05\/90200-Tapir-Leder-Sattelseife1.jpg","datePublished":"2020-05-15T18:41:04+00:00","dateModified":"2026-01-26T12:06:54+00:00","description":"Nettoyage naturel des chaussures en cuir lisse avec le cuir de tapir et le savon de selle \u00e0 base de mati\u00e8res premi\u00e8res naturelles. Naturellement bien soign\u00e9e !","breadcrumb":{"@id":"https:\/\/tapir.de\/fr\/shop\/cuir-et-savon-pour-selle\/#breadcrumb"},"inLanguage":"fr-FR","potentialAction":[{"@type":"ReadAction","target":["https:\/\/tapir.de\/fr\/shop\/cuir-et-savon-pour-selle\/"]}]},{"@type":"ImageObject","inLanguage":"fr-FR","@id":"https:\/\/tapir.de\/fr\/shop\/cuir-et-savon-pour-selle\/#primaryimage","url":"https:\/\/tapir.de\/wp-content\/uploads\/2020\/05\/90200-Tapir-Leder-Sattelseife1.jpg","contentUrl":"https:\/\/tapir.de\/wp-content\/uploads\/2020\/05\/90200-Tapir-Leder-Sattelseife1.jpg","width":1000,"height":1000},{"@type":"BreadcrumbList","@id":"https:\/\/tapir.de\/fr\/shop\/cuir-et-savon-pour-selle\/#breadcrumb","itemListElement":[{"@type":"ListItem","position":1,"name":"Startseite","item":"https:\/\/tapir.de\/fr\/"},{"@type":"ListItem","position":2,"name":"Boutique","item":"https:\/\/tapir.de\/fr\/boutique\/"},{"@type":"ListItem","position":3,"name":"Cuir et savon pour selle"}]},{"@type":"WebSite","@id":"https:\/\/tapir.de\/fr\/?lang=en\/#website","url":"https:\/\/tapir.de\/fr\/?lang=en\/","name":"Tapir Wachswaren","description":"Nat\u00fcrliche Pflegeprodukte f\u00fcr Leder, Textil und Holz","publisher":{"@id":"https:\/\/tapir.de\/fr\/?lang=en\/#organization"},"potentialAction":[{"@type":"SearchAction","target":{"@type":"EntryPoint","urlTemplate":"https:\/\/tapir.de\/fr\/?lang=en\/?s={search_term_string}"},"query-input":{"@type":"PropertyValueSpecification","valueRequired":true,"valueName":"search_term_string"}}],"inLanguage":"fr-FR"},{"@type":"Organization","@id":"https:\/\/tapir.de\/fr\/?lang=en\/#organization","name":"Tapir Wachswaren","url":"https:\/\/tapir.de\/fr\/?lang=en\/","logo":{"@type":"ImageObject","inLanguage":"fr-FR","@id":"https:\/\/tapir.de\/fr\/?lang=en\/#\/schema\/logo\/image\/","url":"https:\/\/tapir.de\/wp-content\/uploads\/2020\/11\/cropped-TAPIR_Wachswaren_logo.png","contentUrl":"https:\/\/tapir.de\/wp-content\/uploads\/2020\/11\/cropped-TAPIR_Wachswaren_logo.png","width":512,"height":512,"caption":"Tapir Wachswaren"},"image":{"@id":"https:\/\/tapir.de\/fr\/?lang=en\/#\/schema\/logo\/image\/"},"sameAs":["https:\/\/www.facebook.com\/TapirWachswaren\/","https:\/\/www.instagram.com\/tapir_pflegeprodukte\/?hl=de"]}]}},"_links":{"self":[{"href":"https:\/\/tapir.de\/fr\/wp-json\/wp\/v2\/product\/21208","targetHints":{"allow":["GET"]}}],"collection":[{"href":"https:\/\/tapir.de\/fr\/wp-json\/wp\/v2\/product"}],"about":[{"href":"https:\/\/tapir.de\/fr\/wp-json\/wp\/v2\/types\/product"}],"wp:featuredmedia":[{"embeddable":true,"href":"https:\/\/tapir.de\/fr\/wp-json\/wp\/v2\/media\/21218"}],"wp:attachment":[{"href":"https:\/\/tapir.de\/fr\/wp-json\/wp\/v2\/media?parent=21208"}],"wp:term":[{"taxonomy":"product_brand","embeddable":true,"href":"https:\/\/tapir.de\/fr\/wp-json\/wp\/v2\/product_brand?post=21208"},{"taxonomy":"product_cat","embeddable":true,"href":"https:\/\/tapir.de\/fr\/wp-json\/wp\/v2\/product_cat?post=21208"},{"taxonomy":"product_tag","embeddable":true,"href":"https:\/\/tapir.de\/fr\/wp-json\/wp\/v2\/product_tag?post=21208"}],"curies":[{"name":"wp","href":"https:\/\/api.w.org\/{rel}","templated":true}]}}