{"id":21203,"date":"2020-05-15T20:36:50","date_gmt":"2020-05-15T18:36:50","guid":{"rendered":"https:\/\/tapir.de\/shop\/graisse-pour-cuir-2\/"},"modified":"2026-01-26T13:06:59","modified_gmt":"2026-01-26T12:06:59","slug":"graisse-pour-cuir-2","status":"publish","type":"product","link":"https:\/\/tapir.de\/fr\/shop\/graisse-pour-cuir-2\/","title":{"rendered":"Graisse pour cuir"},"content":{"rendered":"<p><span style=\"color: #a90533;\"><strong><span style=\"font-size: 120%;\">Graisse de cuir de tapir  <\/span><\/strong><\/span><\/p>\n<p>La graisse pour cuir Tapir est destin\u00e9e au cuir tr\u00e8s utilis\u00e9 et assure une protection id\u00e9ale contre l\u2019humidit\u00e9. Surtout pour le cuir naturel et le cuir \u00e9cras\u00e9 et r\u00e9sistant, comme les chaussures de randonn\u00e9e, les chaussures de travail&#8230; La graisse du cuir nourrit et prend soin du cuir en profondeur et offre une protection optimale contre l\u2019humidit\u00e9. Il a un effet hydrig\u00e8ne et hydratant et rend le vieux cuir cassant \u00e0 nouveau doux et souple. Gr\u00e2ce \u00e0 l\u2019utilisation de mati\u00e8res premi\u00e8res naturelles, il sent agr\u00e9ablement, est naturel et prot\u00e8ge notre environnement.   <\/p>\n<p><span style=\"color: #a90533; font-size: 120%;\"><strong>Caract\u00e9ristiques du produit<\/strong><\/span><\/p>\n<ul>\n<li>Cuir naturel<\/li>\n<li>pour les chaussures de randonn\u00e9e, chaussures de travail, v\u00eatements de moto<\/li>\n<li>pour les selles, les brides et les laisses pour chiens<\/li>\n<li>Outils en cuir et sacs de travail<\/li>\n<li>Faits main en Allemagne<\/li>\n<li>Contenu : 85 ml dans une bo\u00eete souple<\/li>\n<li>Constamment \u00e9cologique<\/li>\n<li>fabriqu\u00e9 \u00e0 partir de mati\u00e8res premi\u00e8res naturelles<\/li>\n<li><a href=\"https:\/\/gfaw.eu\/ncp\/\">NCP<\/a> Certification<\/li>\n<li>pas <a href=\"https:\/\/tapir.de\/natuerliche-rohstoffe-kein-pfas\/\">de PFAS<\/a><\/li>\n<\/ul>\n<p><span style=\"color: #a90533; font-size: 120%;\"><strong>Application :<\/strong><\/span><\/p>\n<p>Massez la graisse du cuir dans le cuir avec un chiffon en coton ou <a href=\"https:\/\/tapir.de\/fr\/shop\/brosse-dapplication-ronde-en-crin-de-cheval-clair\/\">un pinceau d\u2019application Tapir<\/a> . Apr\u00e8s un certain temps, frottez l\u2019exc\u00e8s de graisse avec un chiffon en coton absorbant. N\u2019appliquez pas trop de p\u00e2te ! La graisse pour cuir est plus facile \u00e0 appliquer quand elle est ti\u00e8de.   <\/p>\n<p><strong><span style=\"color: #333333;\">Ingr\u00e9dients :<\/span><\/strong><\/p>\n<p>Lanoline*, huile de ricin**, huile de colza**, cire de canne \u00e0 sucre, cire d\u2019abeille, cire de carnauba**, huile de coco**.<br \/>* Sans pesticides, ** issus de la culture biologique contr\u00f4l\u00e9e \/ cire provenant de l\u2019agriculture biologique<\/p><\/p>\n","protected":false},"excerpt":{"rendered":"<p>Un soin pour le cuir tr\u00e8s utilis\u00e9. Cela assure une protection id\u00e9ale contre l\u2019humidit\u00e9. <\/p>\n<p>85 ml, incolore<\/p>\n","protected":false},"featured_media":21207,"template":"","meta":[],"product_brand":[],"product_cat":[984],"product_tag":[982],"class_list":{"0":"post-21203","1":"product","2":"type-product","3":"status-publish","4":"has-post-thumbnail","6":"product_cat-graisse-pour-joints","7":"product_tag-soins","8":"pa_geeignet-fuer-bridle","9":"pa_geeignet-fuer-chaussures-de-bateau","10":"pa_geeignet-fuer-chaussures-de-randonnee","11":"pa_geeignet-fuer-chaussures-de-travail","12":"pa_geeignet-fuer-etui-en-cuir","13":"pa_geeignet-fuer-laisse-pour-chien","14":"pa_geeignet-fuer-lederhosen","15":"pa_geeignet-fuer-sac-en-cuir","16":"pa_geeignet-fuer-sacs-moto","17":"pa_geeignet-fuer-selles-pour-chevaux","18":"pa_geeignet-fuer-veste-en-cuir","20":"first","21":"instock","22":"taxable","23":"shipping-taxable","24":"purchasable","25":"product-type-simple"},"yoast_head":"<!-- This site is optimized with the Yoast SEO plugin v27.3 - https:\/\/yoast.com\/product\/yoast-seo-wordpress\/ -->\n<title>Graisse pour cuir - Tapir Wachswaren<\/title>\n<meta name=\"description\" content=\"Graisse de cuir de tapir pour cuir particuli\u00e8rement stress\u00e9 et sec. Soins naturels pour un soin profond dans le cuir de tapir !\" \/>\n<meta name=\"robots\" content=\"index, follow, max-snippet:-1, max-image-preview:large, max-video-preview:-1\" \/>\n<link rel=\"canonical\" href=\"https:\/\/tapir.de\/fr\/shop\/graisse-pour-cuir-2\/\" \/>\n<meta property=\"og:locale\" content=\"fr_FR\" \/>\n<meta property=\"og:type\" content=\"article\" \/>\n<meta property=\"og:title\" content=\"Graisse pour cuir - Tapir Wachswaren\" \/>\n<meta property=\"og:description\" content=\"Graisse de cuir de tapir pour cuir particuli\u00e8rement stress\u00e9 et sec. Soins naturels pour un soin profond dans le cuir de tapir !\" \/>\n<meta property=\"og:url\" content=\"https:\/\/tapir.de\/fr\/shop\/graisse-pour-cuir-2\/\" \/>\n<meta property=\"og:site_name\" content=\"Tapir Wachswaren\" \/>\n<meta property=\"article:publisher\" content=\"https:\/\/www.facebook.com\/TapirWachswaren\/\" \/>\n<meta property=\"article:modified_time\" content=\"2026-01-26T12:06:59+00:00\" \/>\n<meta property=\"og:image\" content=\"https:\/\/tapir.de\/wp-content\/uploads\/2020\/05\/Lederfett-85.jpg\" \/>\n\t<meta property=\"og:image:width\" content=\"1000\" \/>\n\t<meta property=\"og:image:height\" content=\"1000\" \/>\n\t<meta property=\"og:image:type\" content=\"image\/jpeg\" \/>\n<meta name=\"twitter:card\" content=\"summary_large_image\" \/>\n<meta name=\"twitter:label1\" content=\"Dur\u00e9e de lecture estim\u00e9e\" \/>\n\t<meta name=\"twitter:data1\" content=\"1 minute\" \/>\n<script type=\"application\/ld+json\" class=\"yoast-schema-graph\">{\"@context\":\"https:\\\/\\\/schema.org\",\"@graph\":[{\"@type\":\"WebPage\",\"@id\":\"https:\\\/\\\/tapir.de\\\/fr\\\/shop\\\/graisse-pour-cuir-2\\\/\",\"url\":\"https:\\\/\\\/tapir.de\\\/fr\\\/shop\\\/graisse-pour-cuir-2\\\/\",\"name\":\"Graisse pour cuir - Tapir Wachswaren\",\"isPartOf\":{\"@id\":\"https:\\\/\\\/tapir.de\\\/fr\\\/?lang=en\\\/#website\"},\"primaryImageOfPage\":{\"@id\":\"https:\\\/\\\/tapir.de\\\/fr\\\/shop\\\/graisse-pour-cuir-2\\\/#primaryimage\"},\"image\":{\"@id\":\"https:\\\/\\\/tapir.de\\\/fr\\\/shop\\\/graisse-pour-cuir-2\\\/#primaryimage\"},\"thumbnailUrl\":\"https:\\\/\\\/tapir.de\\\/wp-content\\\/uploads\\\/2020\\\/05\\\/Lederfett-85.jpg\",\"datePublished\":\"2020-05-15T18:36:50+00:00\",\"dateModified\":\"2026-01-26T12:06:59+00:00\",\"description\":\"Graisse de cuir de tapir pour cuir particuli\u00e8rement stress\u00e9 et sec. Soins naturels pour un soin profond dans le cuir de tapir !\",\"breadcrumb\":{\"@id\":\"https:\\\/\\\/tapir.de\\\/fr\\\/shop\\\/graisse-pour-cuir-2\\\/#breadcrumb\"},\"inLanguage\":\"fr-FR\",\"potentialAction\":[{\"@type\":\"ReadAction\",\"target\":[\"https:\\\/\\\/tapir.de\\\/fr\\\/shop\\\/graisse-pour-cuir-2\\\/\"]}]},{\"@type\":\"ImageObject\",\"inLanguage\":\"fr-FR\",\"@id\":\"https:\\\/\\\/tapir.de\\\/fr\\\/shop\\\/graisse-pour-cuir-2\\\/#primaryimage\",\"url\":\"https:\\\/\\\/tapir.de\\\/wp-content\\\/uploads\\\/2020\\\/05\\\/Lederfett-85.jpg\",\"contentUrl\":\"https:\\\/\\\/tapir.de\\\/wp-content\\\/uploads\\\/2020\\\/05\\\/Lederfett-85.jpg\",\"width\":1000,\"height\":1000},{\"@type\":\"BreadcrumbList\",\"@id\":\"https:\\\/\\\/tapir.de\\\/fr\\\/shop\\\/graisse-pour-cuir-2\\\/#breadcrumb\",\"itemListElement\":[{\"@type\":\"ListItem\",\"position\":1,\"name\":\"Startseite\",\"item\":\"https:\\\/\\\/tapir.de\\\/fr\\\/\"},{\"@type\":\"ListItem\",\"position\":2,\"name\":\"Boutique\",\"item\":\"https:\\\/\\\/tapir.de\\\/fr\\\/boutique\\\/\"},{\"@type\":\"ListItem\",\"position\":3,\"name\":\"Graisse pour cuir\"}]},{\"@type\":\"WebSite\",\"@id\":\"https:\\\/\\\/tapir.de\\\/fr\\\/?lang=en\\\/#website\",\"url\":\"https:\\\/\\\/tapir.de\\\/fr\\\/?lang=en\\\/\",\"name\":\"Tapir Wachswaren\",\"description\":\"Nat\u00fcrliche Pflegeprodukte f\u00fcr Leder, Textil und Holz\",\"publisher\":{\"@id\":\"https:\\\/\\\/tapir.de\\\/fr\\\/?lang=en\\\/#organization\"},\"potentialAction\":[{\"@type\":\"SearchAction\",\"target\":{\"@type\":\"EntryPoint\",\"urlTemplate\":\"https:\\\/\\\/tapir.de\\\/fr\\\/?lang=en\\\/?s={search_term_string}\"},\"query-input\":{\"@type\":\"PropertyValueSpecification\",\"valueRequired\":true,\"valueName\":\"search_term_string\"}}],\"inLanguage\":\"fr-FR\"},{\"@type\":\"Organization\",\"@id\":\"https:\\\/\\\/tapir.de\\\/fr\\\/?lang=en\\\/#organization\",\"name\":\"Tapir Wachswaren\",\"url\":\"https:\\\/\\\/tapir.de\\\/fr\\\/?lang=en\\\/\",\"logo\":{\"@type\":\"ImageObject\",\"inLanguage\":\"fr-FR\",\"@id\":\"https:\\\/\\\/tapir.de\\\/fr\\\/?lang=en\\\/#\\\/schema\\\/logo\\\/image\\\/\",\"url\":\"https:\\\/\\\/tapir.de\\\/wp-content\\\/uploads\\\/2020\\\/11\\\/cropped-TAPIR_Wachswaren_logo.png\",\"contentUrl\":\"https:\\\/\\\/tapir.de\\\/wp-content\\\/uploads\\\/2020\\\/11\\\/cropped-TAPIR_Wachswaren_logo.png\",\"width\":512,\"height\":512,\"caption\":\"Tapir Wachswaren\"},\"image\":{\"@id\":\"https:\\\/\\\/tapir.de\\\/fr\\\/?lang=en\\\/#\\\/schema\\\/logo\\\/image\\\/\"},\"sameAs\":[\"https:\\\/\\\/www.facebook.com\\\/TapirWachswaren\\\/\",\"https:\\\/\\\/www.instagram.com\\\/tapir_pflegeprodukte\\\/?hl=de\"]}]}<\/script>\n<!-- \/ Yoast SEO plugin. -->","yoast_head_json":{"title":"Graisse pour cuir - Tapir Wachswaren","description":"Graisse de cuir de tapir pour cuir particuli\u00e8rement stress\u00e9 et sec. Soins naturels pour un soin profond dans le cuir de tapir !","robots":{"index":"index","follow":"follow","max-snippet":"max-snippet:-1","max-image-preview":"max-image-preview:large","max-video-preview":"max-video-preview:-1"},"canonical":"https:\/\/tapir.de\/fr\/shop\/graisse-pour-cuir-2\/","og_locale":"fr_FR","og_type":"article","og_title":"Graisse pour cuir - Tapir Wachswaren","og_description":"Graisse de cuir de tapir pour cuir particuli\u00e8rement stress\u00e9 et sec. Soins naturels pour un soin profond dans le cuir de tapir !","og_url":"https:\/\/tapir.de\/fr\/shop\/graisse-pour-cuir-2\/","og_site_name":"Tapir Wachswaren","article_publisher":"https:\/\/www.facebook.com\/TapirWachswaren\/","article_modified_time":"2026-01-26T12:06:59+00:00","og_image":[{"width":1000,"height":1000,"url":"https:\/\/tapir.de\/wp-content\/uploads\/2020\/05\/Lederfett-85.jpg","type":"image\/jpeg"}],"twitter_card":"summary_large_image","twitter_misc":{"Dur\u00e9e de lecture estim\u00e9e":"1 minute"},"schema":{"@context":"https:\/\/schema.org","@graph":[{"@type":"WebPage","@id":"https:\/\/tapir.de\/fr\/shop\/graisse-pour-cuir-2\/","url":"https:\/\/tapir.de\/fr\/shop\/graisse-pour-cuir-2\/","name":"Graisse pour cuir - Tapir Wachswaren","isPartOf":{"@id":"https:\/\/tapir.de\/fr\/?lang=en\/#website"},"primaryImageOfPage":{"@id":"https:\/\/tapir.de\/fr\/shop\/graisse-pour-cuir-2\/#primaryimage"},"image":{"@id":"https:\/\/tapir.de\/fr\/shop\/graisse-pour-cuir-2\/#primaryimage"},"thumbnailUrl":"https:\/\/tapir.de\/wp-content\/uploads\/2020\/05\/Lederfett-85.jpg","datePublished":"2020-05-15T18:36:50+00:00","dateModified":"2026-01-26T12:06:59+00:00","description":"Graisse de cuir de tapir pour cuir particuli\u00e8rement stress\u00e9 et sec. Soins naturels pour un soin profond dans le cuir de tapir !","breadcrumb":{"@id":"https:\/\/tapir.de\/fr\/shop\/graisse-pour-cuir-2\/#breadcrumb"},"inLanguage":"fr-FR","potentialAction":[{"@type":"ReadAction","target":["https:\/\/tapir.de\/fr\/shop\/graisse-pour-cuir-2\/"]}]},{"@type":"ImageObject","inLanguage":"fr-FR","@id":"https:\/\/tapir.de\/fr\/shop\/graisse-pour-cuir-2\/#primaryimage","url":"https:\/\/tapir.de\/wp-content\/uploads\/2020\/05\/Lederfett-85.jpg","contentUrl":"https:\/\/tapir.de\/wp-content\/uploads\/2020\/05\/Lederfett-85.jpg","width":1000,"height":1000},{"@type":"BreadcrumbList","@id":"https:\/\/tapir.de\/fr\/shop\/graisse-pour-cuir-2\/#breadcrumb","itemListElement":[{"@type":"ListItem","position":1,"name":"Startseite","item":"https:\/\/tapir.de\/fr\/"},{"@type":"ListItem","position":2,"name":"Boutique","item":"https:\/\/tapir.de\/fr\/boutique\/"},{"@type":"ListItem","position":3,"name":"Graisse pour cuir"}]},{"@type":"WebSite","@id":"https:\/\/tapir.de\/fr\/?lang=en\/#website","url":"https:\/\/tapir.de\/fr\/?lang=en\/","name":"Tapir Wachswaren","description":"Nat\u00fcrliche Pflegeprodukte f\u00fcr Leder, Textil und Holz","publisher":{"@id":"https:\/\/tapir.de\/fr\/?lang=en\/#organization"},"potentialAction":[{"@type":"SearchAction","target":{"@type":"EntryPoint","urlTemplate":"https:\/\/tapir.de\/fr\/?lang=en\/?s={search_term_string}"},"query-input":{"@type":"PropertyValueSpecification","valueRequired":true,"valueName":"search_term_string"}}],"inLanguage":"fr-FR"},{"@type":"Organization","@id":"https:\/\/tapir.de\/fr\/?lang=en\/#organization","name":"Tapir Wachswaren","url":"https:\/\/tapir.de\/fr\/?lang=en\/","logo":{"@type":"ImageObject","inLanguage":"fr-FR","@id":"https:\/\/tapir.de\/fr\/?lang=en\/#\/schema\/logo\/image\/","url":"https:\/\/tapir.de\/wp-content\/uploads\/2020\/11\/cropped-TAPIR_Wachswaren_logo.png","contentUrl":"https:\/\/tapir.de\/wp-content\/uploads\/2020\/11\/cropped-TAPIR_Wachswaren_logo.png","width":512,"height":512,"caption":"Tapir Wachswaren"},"image":{"@id":"https:\/\/tapir.de\/fr\/?lang=en\/#\/schema\/logo\/image\/"},"sameAs":["https:\/\/www.facebook.com\/TapirWachswaren\/","https:\/\/www.instagram.com\/tapir_pflegeprodukte\/?hl=de"]}]}},"_links":{"self":[{"href":"https:\/\/tapir.de\/fr\/wp-json\/wp\/v2\/product\/21203","targetHints":{"allow":["GET"]}}],"collection":[{"href":"https:\/\/tapir.de\/fr\/wp-json\/wp\/v2\/product"}],"about":[{"href":"https:\/\/tapir.de\/fr\/wp-json\/wp\/v2\/types\/product"}],"wp:featuredmedia":[{"embeddable":true,"href":"https:\/\/tapir.de\/fr\/wp-json\/wp\/v2\/media\/21207"}],"wp:attachment":[{"href":"https:\/\/tapir.de\/fr\/wp-json\/wp\/v2\/media?parent=21203"}],"wp:term":[{"taxonomy":"product_brand","embeddable":true,"href":"https:\/\/tapir.de\/fr\/wp-json\/wp\/v2\/product_brand?post=21203"},{"taxonomy":"product_cat","embeddable":true,"href":"https:\/\/tapir.de\/fr\/wp-json\/wp\/v2\/product_cat?post=21203"},{"taxonomy":"product_tag","embeddable":true,"href":"https:\/\/tapir.de\/fr\/wp-json\/wp\/v2\/product_tag?post=21203"}],"curies":[{"name":"wp","href":"https:\/\/api.w.org\/{rel}","templated":true}]}}