{"id":21178,"date":"2020-05-15T20:00:49","date_gmt":"2020-05-15T18:00:49","guid":{"rendered":"https:\/\/tapir.de\/shop\/huile-de-cuir\/"},"modified":"2026-01-26T13:06:53","modified_gmt":"2026-01-26T12:06:53","slug":"huile-de-cuir","status":"publish","type":"product","link":"https:\/\/tapir.de\/fr\/shop\/huile-de-cuir\/","title":{"rendered":"Huile de cuir"},"content":{"rendered":"<p><strong><span style=\"font-size: 110%; color: #a90533;\">L\u2019huile de cuir de tapir pour les surfaces de cuir plus grandes<\/span><\/strong><\/p>\n<p>Le soin parfait pour les surfaces de cuir plus larges, l\u2019huile a un effet d\u00e9pouillant doux, l\u00e9g\u00e8rement hydratant et r\u00e9pulsif. Fabriqu\u00e9e \u00e0 partir de mati\u00e8res premi\u00e8res naturelles de mani\u00e8re constante, l\u2019huile liquide est bien absorb\u00e9e dans les cuirs n\u00e9cessitant des entretiens. Les canap\u00e9s en cuir, les fauteuils ou fauteuils en cuir peuvent \u00eatre facilement entretenus gr\u00e2ce \u00e0 l\u2019application liquide de l\u2019huile. Nous recommandons de pr\u00e9nettoyer le cuir lisse avec du <a href=\"https:\/\/tapir.de\/shop\/leder-u-sattelseife\">cuir de tapir et du savon pour selle<\/a> afin d\u2019\u00e9liminer la salet\u00e9 et les taches individuelles.   <\/p>\n<p><strong><span style=\"color: #a90533; font-size: 120%;\">Caract\u00e9ristiques du produit :<\/span><\/strong><\/p>\n<ul>\n<li>L\u00e9g\u00e8rement nettoyant, l\u00e9g\u00e8rement hydratant et r\u00e9pugnant \u00e0 l\u2019eau<\/li>\n<li>pour les meubles en cuir, v\u00eatements en cuir, sacs en cuir, \u00e9tuis en cuir ou autres objets similaires<\/li>\n<li>Faits main en Allemagne<\/li>\n<li>Contenu : 200 ml dans une bouteille en verre<\/li>\n<li>Constamment \u00e9cologique<\/li>\n<li>fabriqu\u00e9 \u00e0 partir de mati\u00e8res premi\u00e8res naturelles<\/li>\n<li><a href=\"https:\/\/gfaw.eu\/ncp\/\">NCP<\/a> Certification<\/li>\n<li>Vegan<\/li>\n<\/ul>\n<p><strong><span style=\"color: #a90533; font-size: 120%;\">Application :<\/span><\/strong><\/p>\n<p>Secouez bien avant de l\u2019utiliser ! Massez uniform\u00e9ment l\u2019huile de cuir de tapir dans le cuir avec un tissu de coton doux, par exemple le tissu de polissage de tapir. Essuyez l\u2019exc\u00e8s d\u2019huile avec un chiffon en coton absorbant. Les cuirs ainsi entretenus restent souples et tendres.  <\/p>\n<p>ATTENTION : Les cuirs clairs peuvent foncer \u00e0 cause du traitement. Ainsi, avec les types de cuir sensibles, il est pr\u00e9f\u00e9rable d\u2019essayer l\u2019effet sur une zone cach\u00e9e. <\/p>\n<p><span style=\"color: #333333;\"><strong>INGR\u00c9DIENTS :<\/strong> <\/span>Huile de ricin*, huile de colza*, solvants naturels, vinaigre*.<br \/>\n*issu d\u2019une culture biologique contr\u00f4l\u00e9e<\/p>\n","protected":false},"excerpt":{"rendered":"<p>Un soin du cuir toujours naturel pour les meubles en cuir, les v\u00eatements en cuir, les sacs, les valises et autres.<\/p>\n","protected":false},"featured_media":21199,"template":"","meta":[],"product_brand":[],"product_cat":[992],"product_tag":[982],"class_list":{"0":"post-21178","1":"product","2":"type-product","3":"status-publish","4":"has-post-thumbnail","6":"product_cat-huile-de-cuir","7":"product_tag-soins","9":"first","10":"instock","11":"taxable","12":"shipping-taxable","13":"purchasable","14":"product-type-simple"},"yoast_head":"<!-- This site is optimized with the Yoast SEO plugin v27.4 - https:\/\/yoast.com\/product\/yoast-seo-wordpress\/ -->\n<title>Huile de cuir - Tapir Wachswaren<\/title>\n<meta name=\"description\" content=\"L\u2019huile de cuir de tapir pour grandes surfaces cuiroir convient particuli\u00e8rement aux meubles en cuir, aux sacs en cuir mais aussi aux v\u00eatements en cuir.\" \/>\n<meta name=\"robots\" content=\"index, follow, max-snippet:-1, max-image-preview:large, max-video-preview:-1\" \/>\n<link rel=\"canonical\" href=\"https:\/\/tapir.de\/fr\/shop\/huile-de-cuir\/\" \/>\n<meta property=\"og:locale\" content=\"fr_FR\" \/>\n<meta property=\"og:type\" content=\"article\" \/>\n<meta property=\"og:title\" content=\"Huile de cuir - Tapir Wachswaren\" \/>\n<meta property=\"og:description\" content=\"L\u2019huile de cuir de tapir pour grandes surfaces cuiroir convient particuli\u00e8rement aux meubles en cuir, aux sacs en cuir mais aussi aux v\u00eatements en cuir.\" \/>\n<meta property=\"og:url\" content=\"https:\/\/tapir.de\/fr\/shop\/huile-de-cuir\/\" \/>\n<meta property=\"og:site_name\" content=\"Tapir Wachswaren\" \/>\n<meta property=\"article:publisher\" content=\"https:\/\/www.facebook.com\/TapirWachswaren\/\" \/>\n<meta property=\"article:modified_time\" content=\"2026-01-26T12:06:53+00:00\" \/>\n<meta property=\"og:image\" content=\"https:\/\/tapir.de\/wp-content\/uploads\/2020\/05\/30200-Lederoel-von-Tapir-scaled.jpg\" \/>\n\t<meta property=\"og:image:width\" content=\"2560\" \/>\n\t<meta property=\"og:image:height\" content=\"2560\" \/>\n\t<meta property=\"og:image:type\" content=\"image\/jpeg\" \/>\n<meta name=\"twitter:card\" content=\"summary_large_image\" \/>\n<meta name=\"twitter:label1\" content=\"Dur\u00e9e de lecture estim\u00e9e\" \/>\n\t<meta name=\"twitter:data1\" content=\"1 minute\" \/>\n<script type=\"application\/ld+json\" class=\"yoast-schema-graph\">{\"@context\":\"https:\\\/\\\/schema.org\",\"@graph\":[{\"@type\":\"WebPage\",\"@id\":\"https:\\\/\\\/tapir.de\\\/fr\\\/shop\\\/huile-de-cuir\\\/\",\"url\":\"https:\\\/\\\/tapir.de\\\/fr\\\/shop\\\/huile-de-cuir\\\/\",\"name\":\"Huile de cuir - Tapir Wachswaren\",\"isPartOf\":{\"@id\":\"https:\\\/\\\/tapir.de\\\/fr\\\/?lang=en\\\/#website\"},\"primaryImageOfPage\":{\"@id\":\"https:\\\/\\\/tapir.de\\\/fr\\\/shop\\\/huile-de-cuir\\\/#primaryimage\"},\"image\":{\"@id\":\"https:\\\/\\\/tapir.de\\\/fr\\\/shop\\\/huile-de-cuir\\\/#primaryimage\"},\"thumbnailUrl\":\"https:\\\/\\\/tapir.de\\\/wp-content\\\/uploads\\\/2020\\\/05\\\/30200-Lederoel-von-Tapir-scaled.jpg\",\"datePublished\":\"2020-05-15T18:00:49+00:00\",\"dateModified\":\"2026-01-26T12:06:53+00:00\",\"description\":\"L\u2019huile de cuir de tapir pour grandes surfaces cuiroir convient particuli\u00e8rement aux meubles en cuir, aux sacs en cuir mais aussi aux v\u00eatements en cuir.\",\"breadcrumb\":{\"@id\":\"https:\\\/\\\/tapir.de\\\/fr\\\/shop\\\/huile-de-cuir\\\/#breadcrumb\"},\"inLanguage\":\"fr-FR\",\"potentialAction\":[{\"@type\":\"ReadAction\",\"target\":[\"https:\\\/\\\/tapir.de\\\/fr\\\/shop\\\/huile-de-cuir\\\/\"]}]},{\"@type\":\"ImageObject\",\"inLanguage\":\"fr-FR\",\"@id\":\"https:\\\/\\\/tapir.de\\\/fr\\\/shop\\\/huile-de-cuir\\\/#primaryimage\",\"url\":\"https:\\\/\\\/tapir.de\\\/wp-content\\\/uploads\\\/2020\\\/05\\\/30200-Lederoel-von-Tapir-scaled.jpg\",\"contentUrl\":\"https:\\\/\\\/tapir.de\\\/wp-content\\\/uploads\\\/2020\\\/05\\\/30200-Lederoel-von-Tapir-scaled.jpg\",\"width\":2560,\"height\":2560,\"caption\":\"Tapir \u00e0 huile en cuir\"},{\"@type\":\"BreadcrumbList\",\"@id\":\"https:\\\/\\\/tapir.de\\\/fr\\\/shop\\\/huile-de-cuir\\\/#breadcrumb\",\"itemListElement\":[{\"@type\":\"ListItem\",\"position\":1,\"name\":\"Startseite\",\"item\":\"https:\\\/\\\/tapir.de\\\/fr\\\/\"},{\"@type\":\"ListItem\",\"position\":2,\"name\":\"Boutique\",\"item\":\"https:\\\/\\\/tapir.de\\\/fr\\\/boutique\\\/\"},{\"@type\":\"ListItem\",\"position\":3,\"name\":\"Huile de cuir\"}]},{\"@type\":\"WebSite\",\"@id\":\"https:\\\/\\\/tapir.de\\\/fr\\\/?lang=en\\\/#website\",\"url\":\"https:\\\/\\\/tapir.de\\\/fr\\\/?lang=en\\\/\",\"name\":\"Tapir Wachswaren\",\"description\":\"Nat\u00fcrliche Pflegeprodukte f\u00fcr Leder, Textil und Holz\",\"publisher\":{\"@id\":\"https:\\\/\\\/tapir.de\\\/fr\\\/?lang=en\\\/#organization\"},\"potentialAction\":[{\"@type\":\"SearchAction\",\"target\":{\"@type\":\"EntryPoint\",\"urlTemplate\":\"https:\\\/\\\/tapir.de\\\/fr\\\/?lang=en\\\/?s={search_term_string}\"},\"query-input\":{\"@type\":\"PropertyValueSpecification\",\"valueRequired\":true,\"valueName\":\"search_term_string\"}}],\"inLanguage\":\"fr-FR\"},{\"@type\":\"Organization\",\"@id\":\"https:\\\/\\\/tapir.de\\\/fr\\\/?lang=en\\\/#organization\",\"name\":\"Tapir Wachswaren\",\"url\":\"https:\\\/\\\/tapir.de\\\/fr\\\/?lang=en\\\/\",\"logo\":{\"@type\":\"ImageObject\",\"inLanguage\":\"fr-FR\",\"@id\":\"https:\\\/\\\/tapir.de\\\/fr\\\/?lang=en\\\/#\\\/schema\\\/logo\\\/image\\\/\",\"url\":\"https:\\\/\\\/tapir.de\\\/wp-content\\\/uploads\\\/2020\\\/11\\\/cropped-TAPIR_Wachswaren_logo.png\",\"contentUrl\":\"https:\\\/\\\/tapir.de\\\/wp-content\\\/uploads\\\/2020\\\/11\\\/cropped-TAPIR_Wachswaren_logo.png\",\"width\":512,\"height\":512,\"caption\":\"Tapir Wachswaren\"},\"image\":{\"@id\":\"https:\\\/\\\/tapir.de\\\/fr\\\/?lang=en\\\/#\\\/schema\\\/logo\\\/image\\\/\"},\"sameAs\":[\"https:\\\/\\\/www.facebook.com\\\/TapirWachswaren\\\/\",\"https:\\\/\\\/www.instagram.com\\\/tapir_pflegeprodukte\\\/?hl=de\"]}]}<\/script>\n<!-- \/ Yoast SEO plugin. -->","yoast_head_json":{"title":"Huile de cuir - Tapir Wachswaren","description":"L\u2019huile de cuir de tapir pour grandes surfaces cuiroir convient particuli\u00e8rement aux meubles en cuir, aux sacs en cuir mais aussi aux v\u00eatements en cuir.","robots":{"index":"index","follow":"follow","max-snippet":"max-snippet:-1","max-image-preview":"max-image-preview:large","max-video-preview":"max-video-preview:-1"},"canonical":"https:\/\/tapir.de\/fr\/shop\/huile-de-cuir\/","og_locale":"fr_FR","og_type":"article","og_title":"Huile de cuir - Tapir Wachswaren","og_description":"L\u2019huile de cuir de tapir pour grandes surfaces cuiroir convient particuli\u00e8rement aux meubles en cuir, aux sacs en cuir mais aussi aux v\u00eatements en cuir.","og_url":"https:\/\/tapir.de\/fr\/shop\/huile-de-cuir\/","og_site_name":"Tapir Wachswaren","article_publisher":"https:\/\/www.facebook.com\/TapirWachswaren\/","article_modified_time":"2026-01-26T12:06:53+00:00","og_image":[{"width":2560,"height":2560,"url":"https:\/\/tapir.de\/wp-content\/uploads\/2020\/05\/30200-Lederoel-von-Tapir-scaled.jpg","type":"image\/jpeg"}],"twitter_card":"summary_large_image","twitter_misc":{"Dur\u00e9e de lecture estim\u00e9e":"1 minute"},"schema":{"@context":"https:\/\/schema.org","@graph":[{"@type":"WebPage","@id":"https:\/\/tapir.de\/fr\/shop\/huile-de-cuir\/","url":"https:\/\/tapir.de\/fr\/shop\/huile-de-cuir\/","name":"Huile de cuir - Tapir Wachswaren","isPartOf":{"@id":"https:\/\/tapir.de\/fr\/?lang=en\/#website"},"primaryImageOfPage":{"@id":"https:\/\/tapir.de\/fr\/shop\/huile-de-cuir\/#primaryimage"},"image":{"@id":"https:\/\/tapir.de\/fr\/shop\/huile-de-cuir\/#primaryimage"},"thumbnailUrl":"https:\/\/tapir.de\/wp-content\/uploads\/2020\/05\/30200-Lederoel-von-Tapir-scaled.jpg","datePublished":"2020-05-15T18:00:49+00:00","dateModified":"2026-01-26T12:06:53+00:00","description":"L\u2019huile de cuir de tapir pour grandes surfaces cuiroir convient particuli\u00e8rement aux meubles en cuir, aux sacs en cuir mais aussi aux v\u00eatements en cuir.","breadcrumb":{"@id":"https:\/\/tapir.de\/fr\/shop\/huile-de-cuir\/#breadcrumb"},"inLanguage":"fr-FR","potentialAction":[{"@type":"ReadAction","target":["https:\/\/tapir.de\/fr\/shop\/huile-de-cuir\/"]}]},{"@type":"ImageObject","inLanguage":"fr-FR","@id":"https:\/\/tapir.de\/fr\/shop\/huile-de-cuir\/#primaryimage","url":"https:\/\/tapir.de\/wp-content\/uploads\/2020\/05\/30200-Lederoel-von-Tapir-scaled.jpg","contentUrl":"https:\/\/tapir.de\/wp-content\/uploads\/2020\/05\/30200-Lederoel-von-Tapir-scaled.jpg","width":2560,"height":2560,"caption":"Tapir \u00e0 huile en cuir"},{"@type":"BreadcrumbList","@id":"https:\/\/tapir.de\/fr\/shop\/huile-de-cuir\/#breadcrumb","itemListElement":[{"@type":"ListItem","position":1,"name":"Startseite","item":"https:\/\/tapir.de\/fr\/"},{"@type":"ListItem","position":2,"name":"Boutique","item":"https:\/\/tapir.de\/fr\/boutique\/"},{"@type":"ListItem","position":3,"name":"Huile de cuir"}]},{"@type":"WebSite","@id":"https:\/\/tapir.de\/fr\/?lang=en\/#website","url":"https:\/\/tapir.de\/fr\/?lang=en\/","name":"Tapir Wachswaren","description":"Nat\u00fcrliche Pflegeprodukte f\u00fcr Leder, Textil und Holz","publisher":{"@id":"https:\/\/tapir.de\/fr\/?lang=en\/#organization"},"potentialAction":[{"@type":"SearchAction","target":{"@type":"EntryPoint","urlTemplate":"https:\/\/tapir.de\/fr\/?lang=en\/?s={search_term_string}"},"query-input":{"@type":"PropertyValueSpecification","valueRequired":true,"valueName":"search_term_string"}}],"inLanguage":"fr-FR"},{"@type":"Organization","@id":"https:\/\/tapir.de\/fr\/?lang=en\/#organization","name":"Tapir Wachswaren","url":"https:\/\/tapir.de\/fr\/?lang=en\/","logo":{"@type":"ImageObject","inLanguage":"fr-FR","@id":"https:\/\/tapir.de\/fr\/?lang=en\/#\/schema\/logo\/image\/","url":"https:\/\/tapir.de\/wp-content\/uploads\/2020\/11\/cropped-TAPIR_Wachswaren_logo.png","contentUrl":"https:\/\/tapir.de\/wp-content\/uploads\/2020\/11\/cropped-TAPIR_Wachswaren_logo.png","width":512,"height":512,"caption":"Tapir Wachswaren"},"image":{"@id":"https:\/\/tapir.de\/fr\/?lang=en\/#\/schema\/logo\/image\/"},"sameAs":["https:\/\/www.facebook.com\/TapirWachswaren\/","https:\/\/www.instagram.com\/tapir_pflegeprodukte\/?hl=de"]}]}},"_links":{"self":[{"href":"https:\/\/tapir.de\/fr\/wp-json\/wp\/v2\/product\/21178","targetHints":{"allow":["GET"]}}],"collection":[{"href":"https:\/\/tapir.de\/fr\/wp-json\/wp\/v2\/product"}],"about":[{"href":"https:\/\/tapir.de\/fr\/wp-json\/wp\/v2\/types\/product"}],"wp:featuredmedia":[{"embeddable":true,"href":"https:\/\/tapir.de\/fr\/wp-json\/wp\/v2\/media\/21199"}],"wp:attachment":[{"href":"https:\/\/tapir.de\/fr\/wp-json\/wp\/v2\/media?parent=21178"}],"wp:term":[{"taxonomy":"product_brand","embeddable":true,"href":"https:\/\/tapir.de\/fr\/wp-json\/wp\/v2\/product_brand?post=21178"},{"taxonomy":"product_cat","embeddable":true,"href":"https:\/\/tapir.de\/fr\/wp-json\/wp\/v2\/product_cat?post=21178"},{"taxonomy":"product_tag","embeddable":true,"href":"https:\/\/tapir.de\/fr\/wp-json\/wp\/v2\/product_tag?post=21178"}],"curies":[{"name":"wp","href":"https:\/\/api.w.org\/{rel}","templated":true}]}}