{"id":21177,"date":"2020-05-15T20:11:51","date_gmt":"2020-05-15T18:11:51","guid":{"rendered":"https:\/\/tapir.de\/shop\/soins-du-cuir\/"},"modified":"2026-01-26T13:06:53","modified_gmt":"2026-01-26T12:06:53","slug":"soins-du-cuir","status":"publish","type":"product","link":"https:\/\/tapir.de\/fr\/shop\/soins-du-cuir\/","title":{"rendered":"Soins du cuir"},"content":{"rendered":"<h3><span style=\"color: #920d2e; font-size: 100%;\"><strong>Entretien liquide du cuir Tapir : Soins doux pour le cuir fin<\/strong><\/span><\/h3>\n<p><span style=\"font-size: 100%;\">Cherchez-vous un soin particuli\u00e8rement doux pour vos chaussures en cuir lisse, vos sacs en cuir ou vos gants en cuir ? Qu\u2019il s\u2019agisse de brogues \u00e9l\u00e9gantes, de d\u00e9tails en cuir tress\u00e9 sur sacs et chaussures, ou de cuirs exotiques, le soin liquide du cuir Tapir est le choix id\u00e9al. Il nourrit doucement, a un effet hydratant et donne au cuir un \u00e9clat agr\u00e9able.  <\/span><\/p>\n<h4><span style=\"color: #920d2e; font-size: 100%;\">Caract\u00e9ristiques de l\u2019entretien du cuir de tapir :<\/span><\/h4>\n<ul>\n<li><span style=\"font-size: 100%;\"><strong>Soins doux :<\/strong> Particuli\u00e8rement adapt\u00e9 aux produits en cuir fin et lisse tels que les chaussures, les sacs ou le cuir tress\u00e9.<\/span><\/li>\n<li><span style=\"font-size: 100%;\"><strong>R\u00e9g\u00e9n\u00e9ration lipidique et brillant :<\/strong> Cela apporte au cuir des nutriments pr\u00e9cieux et le fait briller.<\/span><\/li>\n<li><span style=\"font-size: 100%;\"><strong>Fait main en Allemagne :<\/strong> Tradition et qualit\u00e9 dans chaque bouteille.<\/span><\/li>\n<li><span style=\"font-size: 100%;\"><strong>Durable :<\/strong> Fabriqu\u00e9 \u00e0 partir de mati\u00e8res premi\u00e8res naturelles, constamment \u00e9cologique et certifi\u00e9 NCP.<\/span><\/li>\n<li><span style=\"font-size: 100%;\"><strong>Taille pratique :<\/strong> 100 ml dans une bouteille en verre r\u00e9utilisable.<\/span><\/li>\n<\/ul>\n<h4><span style=\"color: #920d2e; font-size: 100%;\">Comment appliquer les soins du cuir :<\/span><\/h4>\n<ol>\n<li><span style=\"font-size: 100%;\"><strong>Pr\u00e9paration :<\/strong> Secouez bien la bouteille afin que les ingr\u00e9dients se m\u00e9langent de fa\u00e7on optimale.<\/span><\/li>\n<li><span style=\"font-size: 100%;\"><strong>Postulez :<\/strong> Appliquez le cuir uniform\u00e9ment avec un tissu en coton doux ou le tissu de polissage Tapir.<\/span><\/li>\n<li><span style=\"font-size: 100%;\"><strong>Laissez s\u00e9cher :<\/strong> Laissez le soin quelques minutes.<\/span><\/li>\n<li><span style=\"font-size: 100%;\"><strong>Polissage :<\/strong> Utilisez un pinceau fin \u00e0 tapire brillant pour donner un \u00e9clat \u00e9lev\u00e9 au cuir.<\/span><\/li>\n<\/ol>\n<h4><span style=\"color: #920d2e; font-size: 100%;\">Ingr\u00e9dients :<\/span><\/h4>\n<p><span style=\"font-size: 100%;\">Les soins du cuir sont compos\u00e9s d\u2019ingr\u00e9dients naturels de haute qualit\u00e9 :<\/span><br \/>\n<span style=\"font-size: 100%;\">Cire d\u2019abeille, cire de canne \u00e0 sucre, cire de carnauba* (issue de l\u2019agriculture biologique certifi\u00e9e), huile de jojoba* (\u00e9galement biologique), st\u00e9arine v\u00e9g\u00e9tale, solvants naturels, spiritueux d\u2019ammoniac et eau.<\/span><\/p>\n<p><span style=\"font-size: 100%;\">Avec ce produit liquide pour le cuir, vous pouvez prendre soin de vos produits cuir de haute qualit\u00e9 avec douceur et durabilit\u00e9, tout en pr\u00e9servant leur beaut\u00e9 naturelle et leur long\u00e9vit\u00e9. Faites confiance \u00e0 la qualit\u00e9 \u00e9prouv\u00e9e du tapir \u2013 pour une \u00e9l\u00e9gance durable en cuir. <\/span><\/p>\n<p>&nbsp;<\/p>\n<p><span style=\"font-size: 100%;\">Vous pouvez en savoir plus sur les soins du cuir <a href=\"https:\/\/tapir.de\/fr\/entretien-des-chaussures-et-du-cuir\/soins-du-cuir\/\">lisse ici<\/a> et sur notre <a href=\"https:\/\/tapir.de\/schuhpflege-fragen-und-antworten\/\">blog<\/a>.<\/span><\/p>\n","protected":false},"excerpt":{"rendered":"<p>Un produit liquide pour le cuir fin. L\u00e9g\u00e8rement hydratant, brillant et incolore. <\/p>\n","protected":false},"featured_media":21179,"template":"","meta":[],"product_brand":[],"product_cat":[991],"product_tag":[982],"class_list":{"0":"post-21177","1":"product","2":"type-product","3":"status-publish","4":"has-post-thumbnail","6":"product_cat-soins-du-cuir-pour-cuir-de-qualite","7":"product_tag-soins","8":"pa_geeignet-fuer-budapest","9":"pa_geeignet-fuer-chaussures-elegantes","10":"pa_geeignet-fuer-chaussures-pour-femmes","11":"pa_geeignet-fuer-chaussures-pour-hommes","12":"pa_geeignet-fuer-cuir-tresse","13":"pa_geeignet-fuer-etui-en-cuir","14":"pa_geeignet-fuer-sac-en-cuir","15":"pa_geeignet-fuer-sac-en-cuir-fin","17":"first","18":"instock","19":"taxable","20":"shipping-taxable","21":"purchasable","22":"product-type-simple"},"yoast_head":"<!-- This site is optimized with the Yoast SEO plugin v27.3 - https:\/\/yoast.com\/product\/yoast-seo-wordpress\/ -->\n<title>Soins du cuir - Tapir Wachswaren<\/title>\n<meta name=\"description\" content=\"Tapir Leather Care est un produit cireux pour le cuir destin\u00e9 au cuir fin, Buderpesta ou cuir tress\u00e9. Bas\u00e9 sur des mati\u00e8res premi\u00e8res naturelles.\" \/>\n<meta name=\"robots\" content=\"index, follow, max-snippet:-1, max-image-preview:large, max-video-preview:-1\" \/>\n<link rel=\"canonical\" href=\"https:\/\/tapir.de\/fr\/shop\/soins-du-cuir\/\" \/>\n<meta property=\"og:locale\" content=\"fr_FR\" \/>\n<meta property=\"og:type\" content=\"article\" \/>\n<meta property=\"og:title\" content=\"Soins du cuir - Tapir Wachswaren\" \/>\n<meta property=\"og:description\" content=\"Tapir Leather Care est un produit cireux pour le cuir destin\u00e9 au cuir fin, Buderpesta ou cuir tress\u00e9. Bas\u00e9 sur des mati\u00e8res premi\u00e8res naturelles.\" \/>\n<meta property=\"og:url\" content=\"https:\/\/tapir.de\/fr\/shop\/soins-du-cuir\/\" \/>\n<meta property=\"og:site_name\" content=\"Tapir Wachswaren\" \/>\n<meta property=\"article:publisher\" content=\"https:\/\/www.facebook.com\/TapirWachswaren\/\" \/>\n<meta property=\"article:modified_time\" content=\"2026-01-26T12:06:53+00:00\" \/>\n<meta property=\"og:image\" content=\"https:\/\/tapir.de\/wp-content\/uploads\/2020\/05\/50100-Lederpflege-Tapir.jpg\" \/>\n\t<meta property=\"og:image:width\" content=\"1500\" \/>\n\t<meta property=\"og:image:height\" content=\"1500\" \/>\n\t<meta property=\"og:image:type\" content=\"image\/jpeg\" \/>\n<meta name=\"twitter:card\" content=\"summary_large_image\" \/>\n<meta name=\"twitter:label1\" content=\"Dur\u00e9e de lecture estim\u00e9e\" \/>\n\t<meta name=\"twitter:data1\" content=\"2 minutes\" \/>\n<script type=\"application\/ld+json\" class=\"yoast-schema-graph\">{\"@context\":\"https:\\\/\\\/schema.org\",\"@graph\":[{\"@type\":\"WebPage\",\"@id\":\"https:\\\/\\\/tapir.de\\\/fr\\\/shop\\\/soins-du-cuir\\\/\",\"url\":\"https:\\\/\\\/tapir.de\\\/fr\\\/shop\\\/soins-du-cuir\\\/\",\"name\":\"Soins du cuir - Tapir Wachswaren\",\"isPartOf\":{\"@id\":\"https:\\\/\\\/tapir.de\\\/fr\\\/?lang=en\\\/#website\"},\"primaryImageOfPage\":{\"@id\":\"https:\\\/\\\/tapir.de\\\/fr\\\/shop\\\/soins-du-cuir\\\/#primaryimage\"},\"image\":{\"@id\":\"https:\\\/\\\/tapir.de\\\/fr\\\/shop\\\/soins-du-cuir\\\/#primaryimage\"},\"thumbnailUrl\":\"https:\\\/\\\/tapir.de\\\/wp-content\\\/uploads\\\/2020\\\/05\\\/50100-Lederpflege-Tapir.jpg\",\"datePublished\":\"2020-05-15T18:11:51+00:00\",\"dateModified\":\"2026-01-26T12:06:53+00:00\",\"description\":\"Tapir Leather Care est un produit cireux pour le cuir destin\u00e9 au cuir fin, Buderpesta ou cuir tress\u00e9. Bas\u00e9 sur des mati\u00e8res premi\u00e8res naturelles.\",\"breadcrumb\":{\"@id\":\"https:\\\/\\\/tapir.de\\\/fr\\\/shop\\\/soins-du-cuir\\\/#breadcrumb\"},\"inLanguage\":\"fr-FR\",\"potentialAction\":[{\"@type\":\"ReadAction\",\"target\":[\"https:\\\/\\\/tapir.de\\\/fr\\\/shop\\\/soins-du-cuir\\\/\"]}]},{\"@type\":\"ImageObject\",\"inLanguage\":\"fr-FR\",\"@id\":\"https:\\\/\\\/tapir.de\\\/fr\\\/shop\\\/soins-du-cuir\\\/#primaryimage\",\"url\":\"https:\\\/\\\/tapir.de\\\/wp-content\\\/uploads\\\/2020\\\/05\\\/50100-Lederpflege-Tapir.jpg\",\"contentUrl\":\"https:\\\/\\\/tapir.de\\\/wp-content\\\/uploads\\\/2020\\\/05\\\/50100-Lederpflege-Tapir.jpg\",\"width\":1500,\"height\":1500},{\"@type\":\"BreadcrumbList\",\"@id\":\"https:\\\/\\\/tapir.de\\\/fr\\\/shop\\\/soins-du-cuir\\\/#breadcrumb\",\"itemListElement\":[{\"@type\":\"ListItem\",\"position\":1,\"name\":\"Startseite\",\"item\":\"https:\\\/\\\/tapir.de\\\/fr\\\/\"},{\"@type\":\"ListItem\",\"position\":2,\"name\":\"Boutique\",\"item\":\"https:\\\/\\\/tapir.de\\\/fr\\\/boutique\\\/\"},{\"@type\":\"ListItem\",\"position\":3,\"name\":\"Soins du cuir\"}]},{\"@type\":\"WebSite\",\"@id\":\"https:\\\/\\\/tapir.de\\\/fr\\\/?lang=en\\\/#website\",\"url\":\"https:\\\/\\\/tapir.de\\\/fr\\\/?lang=en\\\/\",\"name\":\"Tapir Wachswaren\",\"description\":\"Nat\u00fcrliche Pflegeprodukte f\u00fcr Leder, Textil und Holz\",\"publisher\":{\"@id\":\"https:\\\/\\\/tapir.de\\\/fr\\\/?lang=en\\\/#organization\"},\"potentialAction\":[{\"@type\":\"SearchAction\",\"target\":{\"@type\":\"EntryPoint\",\"urlTemplate\":\"https:\\\/\\\/tapir.de\\\/fr\\\/?lang=en\\\/?s={search_term_string}\"},\"query-input\":{\"@type\":\"PropertyValueSpecification\",\"valueRequired\":true,\"valueName\":\"search_term_string\"}}],\"inLanguage\":\"fr-FR\"},{\"@type\":\"Organization\",\"@id\":\"https:\\\/\\\/tapir.de\\\/fr\\\/?lang=en\\\/#organization\",\"name\":\"Tapir Wachswaren\",\"url\":\"https:\\\/\\\/tapir.de\\\/fr\\\/?lang=en\\\/\",\"logo\":{\"@type\":\"ImageObject\",\"inLanguage\":\"fr-FR\",\"@id\":\"https:\\\/\\\/tapir.de\\\/fr\\\/?lang=en\\\/#\\\/schema\\\/logo\\\/image\\\/\",\"url\":\"https:\\\/\\\/tapir.de\\\/wp-content\\\/uploads\\\/2020\\\/11\\\/cropped-TAPIR_Wachswaren_logo.png\",\"contentUrl\":\"https:\\\/\\\/tapir.de\\\/wp-content\\\/uploads\\\/2020\\\/11\\\/cropped-TAPIR_Wachswaren_logo.png\",\"width\":512,\"height\":512,\"caption\":\"Tapir Wachswaren\"},\"image\":{\"@id\":\"https:\\\/\\\/tapir.de\\\/fr\\\/?lang=en\\\/#\\\/schema\\\/logo\\\/image\\\/\"},\"sameAs\":[\"https:\\\/\\\/www.facebook.com\\\/TapirWachswaren\\\/\",\"https:\\\/\\\/www.instagram.com\\\/tapir_pflegeprodukte\\\/?hl=de\"]}]}<\/script>\n<!-- \/ Yoast SEO plugin. -->","yoast_head_json":{"title":"Soins du cuir - Tapir Wachswaren","description":"Tapir Leather Care est un produit cireux pour le cuir destin\u00e9 au cuir fin, Buderpesta ou cuir tress\u00e9. Bas\u00e9 sur des mati\u00e8res premi\u00e8res naturelles.","robots":{"index":"index","follow":"follow","max-snippet":"max-snippet:-1","max-image-preview":"max-image-preview:large","max-video-preview":"max-video-preview:-1"},"canonical":"https:\/\/tapir.de\/fr\/shop\/soins-du-cuir\/","og_locale":"fr_FR","og_type":"article","og_title":"Soins du cuir - Tapir Wachswaren","og_description":"Tapir Leather Care est un produit cireux pour le cuir destin\u00e9 au cuir fin, Buderpesta ou cuir tress\u00e9. Bas\u00e9 sur des mati\u00e8res premi\u00e8res naturelles.","og_url":"https:\/\/tapir.de\/fr\/shop\/soins-du-cuir\/","og_site_name":"Tapir Wachswaren","article_publisher":"https:\/\/www.facebook.com\/TapirWachswaren\/","article_modified_time":"2026-01-26T12:06:53+00:00","og_image":[{"width":1500,"height":1500,"url":"https:\/\/tapir.de\/wp-content\/uploads\/2020\/05\/50100-Lederpflege-Tapir.jpg","type":"image\/jpeg"}],"twitter_card":"summary_large_image","twitter_misc":{"Dur\u00e9e de lecture estim\u00e9e":"2 minutes"},"schema":{"@context":"https:\/\/schema.org","@graph":[{"@type":"WebPage","@id":"https:\/\/tapir.de\/fr\/shop\/soins-du-cuir\/","url":"https:\/\/tapir.de\/fr\/shop\/soins-du-cuir\/","name":"Soins du cuir - Tapir Wachswaren","isPartOf":{"@id":"https:\/\/tapir.de\/fr\/?lang=en\/#website"},"primaryImageOfPage":{"@id":"https:\/\/tapir.de\/fr\/shop\/soins-du-cuir\/#primaryimage"},"image":{"@id":"https:\/\/tapir.de\/fr\/shop\/soins-du-cuir\/#primaryimage"},"thumbnailUrl":"https:\/\/tapir.de\/wp-content\/uploads\/2020\/05\/50100-Lederpflege-Tapir.jpg","datePublished":"2020-05-15T18:11:51+00:00","dateModified":"2026-01-26T12:06:53+00:00","description":"Tapir Leather Care est un produit cireux pour le cuir destin\u00e9 au cuir fin, Buderpesta ou cuir tress\u00e9. Bas\u00e9 sur des mati\u00e8res premi\u00e8res naturelles.","breadcrumb":{"@id":"https:\/\/tapir.de\/fr\/shop\/soins-du-cuir\/#breadcrumb"},"inLanguage":"fr-FR","potentialAction":[{"@type":"ReadAction","target":["https:\/\/tapir.de\/fr\/shop\/soins-du-cuir\/"]}]},{"@type":"ImageObject","inLanguage":"fr-FR","@id":"https:\/\/tapir.de\/fr\/shop\/soins-du-cuir\/#primaryimage","url":"https:\/\/tapir.de\/wp-content\/uploads\/2020\/05\/50100-Lederpflege-Tapir.jpg","contentUrl":"https:\/\/tapir.de\/wp-content\/uploads\/2020\/05\/50100-Lederpflege-Tapir.jpg","width":1500,"height":1500},{"@type":"BreadcrumbList","@id":"https:\/\/tapir.de\/fr\/shop\/soins-du-cuir\/#breadcrumb","itemListElement":[{"@type":"ListItem","position":1,"name":"Startseite","item":"https:\/\/tapir.de\/fr\/"},{"@type":"ListItem","position":2,"name":"Boutique","item":"https:\/\/tapir.de\/fr\/boutique\/"},{"@type":"ListItem","position":3,"name":"Soins du cuir"}]},{"@type":"WebSite","@id":"https:\/\/tapir.de\/fr\/?lang=en\/#website","url":"https:\/\/tapir.de\/fr\/?lang=en\/","name":"Tapir Wachswaren","description":"Nat\u00fcrliche Pflegeprodukte f\u00fcr Leder, Textil und Holz","publisher":{"@id":"https:\/\/tapir.de\/fr\/?lang=en\/#organization"},"potentialAction":[{"@type":"SearchAction","target":{"@type":"EntryPoint","urlTemplate":"https:\/\/tapir.de\/fr\/?lang=en\/?s={search_term_string}"},"query-input":{"@type":"PropertyValueSpecification","valueRequired":true,"valueName":"search_term_string"}}],"inLanguage":"fr-FR"},{"@type":"Organization","@id":"https:\/\/tapir.de\/fr\/?lang=en\/#organization","name":"Tapir Wachswaren","url":"https:\/\/tapir.de\/fr\/?lang=en\/","logo":{"@type":"ImageObject","inLanguage":"fr-FR","@id":"https:\/\/tapir.de\/fr\/?lang=en\/#\/schema\/logo\/image\/","url":"https:\/\/tapir.de\/wp-content\/uploads\/2020\/11\/cropped-TAPIR_Wachswaren_logo.png","contentUrl":"https:\/\/tapir.de\/wp-content\/uploads\/2020\/11\/cropped-TAPIR_Wachswaren_logo.png","width":512,"height":512,"caption":"Tapir Wachswaren"},"image":{"@id":"https:\/\/tapir.de\/fr\/?lang=en\/#\/schema\/logo\/image\/"},"sameAs":["https:\/\/www.facebook.com\/TapirWachswaren\/","https:\/\/www.instagram.com\/tapir_pflegeprodukte\/?hl=de"]}]}},"_links":{"self":[{"href":"https:\/\/tapir.de\/fr\/wp-json\/wp\/v2\/product\/21177","targetHints":{"allow":["GET"]}}],"collection":[{"href":"https:\/\/tapir.de\/fr\/wp-json\/wp\/v2\/product"}],"about":[{"href":"https:\/\/tapir.de\/fr\/wp-json\/wp\/v2\/types\/product"}],"wp:featuredmedia":[{"embeddable":true,"href":"https:\/\/tapir.de\/fr\/wp-json\/wp\/v2\/media\/21179"}],"wp:attachment":[{"href":"https:\/\/tapir.de\/fr\/wp-json\/wp\/v2\/media?parent=21177"}],"wp:term":[{"taxonomy":"product_brand","embeddable":true,"href":"https:\/\/tapir.de\/fr\/wp-json\/wp\/v2\/product_brand?post=21177"},{"taxonomy":"product_cat","embeddable":true,"href":"https:\/\/tapir.de\/fr\/wp-json\/wp\/v2\/product_cat?post=21177"},{"taxonomy":"product_tag","embeddable":true,"href":"https:\/\/tapir.de\/fr\/wp-json\/wp\/v2\/product_tag?post=21177"}],"curies":[{"name":"wp","href":"https:\/\/api.w.org\/{rel}","templated":true}]}}