{"id":21167,"date":"2020-05-15T20:25:56","date_gmt":"2020-05-15T18:25:56","guid":{"rendered":"https:\/\/tapir.de\/shop\/baume-cuir-incolore\/"},"modified":"2026-01-26T13:06:52","modified_gmt":"2026-01-26T12:06:52","slug":"baume-cuir-incolore","status":"publish","type":"product","link":"https:\/\/tapir.de\/fr\/shop\/baume-cuir-incolore\/","title":{"rendered":"Baume cuir incolore"},"content":{"rendered":"<p><span style=\"color: #a90533; font-size: 120%;\"><strong>Baume en cuir de tapir en <\/strong><span style=\"caret-color: #a90533;\"><b>couleur<\/b><\/span><\/span><\/p>\n<p>La brillance, la brillance&#8230; le baume en cuir de tapir peut le faire. Avec le baume Tapir Leather, vous trouverez exactement ce qu\u2019il faut pour la brillance de la chaussure en cuir lisse, qui non seulement doit \u00eatre entretenue, mais aussi briller en \u00e9clat. Qu\u2019il s\u2019agisse de chaussures pour femmes, hommes ou enfants, ici vous cr\u00e9ez une couche de cires que vous pouvez polir jusqu\u2019\u00e0 un \u00e9clat intense avec un pinceau brillant ou m\u00eame un pinceau \u00e0 poil de ch\u00e8vre. Un cirage \u00e0 chaussures pour de vrais professionnels. L\u2019odeur agr\u00e9able des mati\u00e8res premi\u00e8res naturelles rend le nettoyage des chaussures un v\u00e9ritable plaisir.    <\/p>\n<p>Le baume cuir de Tapir est un cirage \u00e0 chaussures <strong>tr\u00e8s brillant<\/strong> pour chaussures en cuir lisse, r\u00e9sistant \u00e0 l\u2019eau et l\u00e9g\u00e8rement hydratant.<\/p>\n<p><span style=\"color: #333333;\"><strong>Demande pour :<\/strong><\/span><\/p>\n<ul>\n<li>Chaussures en cuir lisse<\/li>\n<li>pour la lumi\u00e8re<\/li>\n<li>Pour un vernis brillant \u00e0 l\u2019eau<\/li>\n<\/ul>\n<p><span style=\"color: #333333;\"><strong>Indications d\u2019utilisation :<\/strong><\/span><\/p>\n<p>La r\u00e8gle est : moins, c\u2019est mieux ! Veuillez utiliser le baume avec parcimonie, car il est tr\u00e8s \u00e9conomique. Cr\u00e9m\u00e9e avec un peu de baume et apr\u00e8s un court temps d\u2019exposition, la chaussure peut \u00eatre vigoureusement polie avec un pinceau Tapir Shine. La surface a une belle brillance. Les chaussures ainsi entretenues peuvent \u00eatre cir\u00e9es plusieurs fois. Ce n\u2019est que lorsque l\u2019\u00e9clat dispara\u00eet, appliquez un nouveau baume.     <\/p>\n<p><span style=\"color: #a90533;\"><strong>Caract\u00e9ristiques du produit :<\/strong><\/span><\/p>\n<ul>\n<li>Cirage \u00e0 chaussures impr\u00e9gnant et tr\u00e8s brillant pour chaussures en cuir lisse<\/li>\n<li>Faits main en Allemagne<\/li>\n<li>Contenu : 85 ml dans une bo\u00eete de conserve<\/li>\n<li>Durablement \u00e9cologiquement constant<\/li>\n<li>fabriqu\u00e9 \u00e0 partir de mati\u00e8res premi\u00e8res naturelles<\/li>\n<li><a href=\"https:\/\/gfaw.eu\/ncp\/\">NCP<\/a> Certification<\/li>\n<\/ul>\n<p><strong>INGR\u00c9DIENTS :<\/strong> Cire d\u2019abeille, cire de canne \u00e0 sucre, cire de gomme-laque, cire de candelilla, cire de carnauba*, huile de ricin*, huile<br \/>\n d\u2019orange* provenant de culture biologique contr\u00f4l\u00e9e<\/p>\n<p>Veuillez refermer la bo\u00eete bien apr\u00e8s utilisation !<\/p>\n<p><strong>Pour l\u2019entretien r\u00e9gulier des chaussures :<\/strong><\/p>\n<p>Nous recommandons ici notre <a href=\"https:\/\/tapir.de\/fr\/entretien-des-chaussures-et-du-cuir\/creme-pour-le-soin-du-cuir\/\">cr\u00e8me de soins pour le cuir<\/a>, qui nourrit le cuir et est le choix id\u00e9al pour un entretien r\u00e9gulier des chaussures en cuir lisse. Il est facile \u00e0 appliquer et c\u2019est aussi le produit id\u00e9al entre les mains des enfants. <\/p>\n","protected":false},"excerpt":{"rendered":"<p>Le baume cuir de Tapir est un cirage \u00e0 chaussures <strong>tr\u00e8s brillant<\/strong> pour chaussures en cuir lisse, r\u00e9sistant \u00e0 l\u2019eau et l\u00e9g\u00e8rement hydratant.<\/p>\n","protected":false},"featured_media":21168,"template":"","meta":[],"product_brand":[],"product_cat":[981],"product_tag":[982],"class_list":{"0":"post-21167","1":"product","2":"type-product","3":"status-publish","4":"has-post-thumbnail","6":"product_cat-baume-pour-cheveux","7":"product_tag-soins","8":"pa_geeignet-fuer-budapest","9":"pa_geeignet-fuer-chaussures-brillantes","10":"pa_geeignet-fuer-chaussures-elegantes","11":"pa_geeignet-fuer-chaussures-pour-femmes","12":"pa_geeignet-fuer-chaussures-pour-hommes","13":"pa_geeignet-fuer-chaussures-professionnelles","14":"pa_geeignet-fuer-chaussures-sur-mesure","16":"first","17":"instock","18":"taxable","19":"shipping-taxable","20":"purchasable","21":"product-type-simple"},"yoast_head":"<!-- This site is optimized with the Yoast SEO plugin v27.3 - https:\/\/yoast.com\/product\/yoast-seo-wordpress\/ -->\n<title>Baume cuir incolore - Tapir Wachswaren<\/title>\n<meta name=\"description\" content=\"Le baume en cuir Tapir en couleur est le cirage id\u00e9al pour un \u00e9clat fort et une couche protectrice pour les chaussures en cuir lisse. Entretien naturel des chaussures !\" \/>\n<meta name=\"robots\" content=\"index, follow, max-snippet:-1, max-image-preview:large, max-video-preview:-1\" \/>\n<link rel=\"canonical\" href=\"https:\/\/tapir.de\/fr\/shop\/baume-cuir-incolore\/\" \/>\n<meta property=\"og:locale\" content=\"fr_FR\" \/>\n<meta property=\"og:type\" content=\"article\" \/>\n<meta property=\"og:title\" content=\"Baume cuir incolore - Tapir Wachswaren\" \/>\n<meta property=\"og:description\" content=\"Le baume en cuir Tapir en couleur est le cirage id\u00e9al pour un \u00e9clat fort et une couche protectrice pour les chaussures en cuir lisse. Entretien naturel des chaussures !\" \/>\n<meta property=\"og:url\" content=\"https:\/\/tapir.de\/fr\/shop\/baume-cuir-incolore\/\" \/>\n<meta property=\"og:site_name\" content=\"Tapir Wachswaren\" \/>\n<meta property=\"article:publisher\" content=\"https:\/\/www.facebook.com\/TapirWachswaren\/\" \/>\n<meta property=\"article:modified_time\" content=\"2026-01-26T12:06:52+00:00\" \/>\n<meta property=\"og:image\" content=\"https:\/\/tapir.de\/wp-content\/uploads\/2020\/05\/10075-Lederbalsam-scaled.jpg\" \/>\n\t<meta property=\"og:image:width\" content=\"2560\" \/>\n\t<meta property=\"og:image:height\" content=\"2560\" \/>\n\t<meta property=\"og:image:type\" content=\"image\/jpeg\" \/>\n<meta name=\"twitter:card\" content=\"summary_large_image\" \/>\n<meta name=\"twitter:label1\" content=\"Dur\u00e9e de lecture estim\u00e9e\" \/>\n\t<meta name=\"twitter:data1\" content=\"2 minutes\" \/>\n<script type=\"application\/ld+json\" class=\"yoast-schema-graph\">{\"@context\":\"https:\\\/\\\/schema.org\",\"@graph\":[{\"@type\":\"WebPage\",\"@id\":\"https:\\\/\\\/tapir.de\\\/fr\\\/shop\\\/baume-cuir-incolore\\\/\",\"url\":\"https:\\\/\\\/tapir.de\\\/fr\\\/shop\\\/baume-cuir-incolore\\\/\",\"name\":\"Baume cuir incolore - Tapir Wachswaren\",\"isPartOf\":{\"@id\":\"https:\\\/\\\/tapir.de\\\/fr\\\/?lang=en\\\/#website\"},\"primaryImageOfPage\":{\"@id\":\"https:\\\/\\\/tapir.de\\\/fr\\\/shop\\\/baume-cuir-incolore\\\/#primaryimage\"},\"image\":{\"@id\":\"https:\\\/\\\/tapir.de\\\/fr\\\/shop\\\/baume-cuir-incolore\\\/#primaryimage\"},\"thumbnailUrl\":\"https:\\\/\\\/tapir.de\\\/wp-content\\\/uploads\\\/2020\\\/05\\\/10075-Lederbalsam-scaled.jpg\",\"datePublished\":\"2020-05-15T18:25:56+00:00\",\"dateModified\":\"2026-01-26T12:06:52+00:00\",\"description\":\"Le baume en cuir Tapir en couleur est le cirage id\u00e9al pour un \u00e9clat fort et une couche protectrice pour les chaussures en cuir lisse. Entretien naturel des chaussures !\",\"breadcrumb\":{\"@id\":\"https:\\\/\\\/tapir.de\\\/fr\\\/shop\\\/baume-cuir-incolore\\\/#breadcrumb\"},\"inLanguage\":\"fr-FR\",\"potentialAction\":[{\"@type\":\"ReadAction\",\"target\":[\"https:\\\/\\\/tapir.de\\\/fr\\\/shop\\\/baume-cuir-incolore\\\/\"]}]},{\"@type\":\"ImageObject\",\"inLanguage\":\"fr-FR\",\"@id\":\"https:\\\/\\\/tapir.de\\\/fr\\\/shop\\\/baume-cuir-incolore\\\/#primaryimage\",\"url\":\"https:\\\/\\\/tapir.de\\\/wp-content\\\/uploads\\\/2020\\\/05\\\/10075-Lederbalsam-scaled.jpg\",\"contentUrl\":\"https:\\\/\\\/tapir.de\\\/wp-content\\\/uploads\\\/2020\\\/05\\\/10075-Lederbalsam-scaled.jpg\",\"width\":2560,\"height\":2560},{\"@type\":\"BreadcrumbList\",\"@id\":\"https:\\\/\\\/tapir.de\\\/fr\\\/shop\\\/baume-cuir-incolore\\\/#breadcrumb\",\"itemListElement\":[{\"@type\":\"ListItem\",\"position\":1,\"name\":\"Startseite\",\"item\":\"https:\\\/\\\/tapir.de\\\/fr\\\/\"},{\"@type\":\"ListItem\",\"position\":2,\"name\":\"Boutique\",\"item\":\"https:\\\/\\\/tapir.de\\\/fr\\\/boutique\\\/\"},{\"@type\":\"ListItem\",\"position\":3,\"name\":\"Baume cuir incolore\"}]},{\"@type\":\"WebSite\",\"@id\":\"https:\\\/\\\/tapir.de\\\/fr\\\/?lang=en\\\/#website\",\"url\":\"https:\\\/\\\/tapir.de\\\/fr\\\/?lang=en\\\/\",\"name\":\"Tapir Wachswaren\",\"description\":\"Nat\u00fcrliche Pflegeprodukte f\u00fcr Leder, Textil und Holz\",\"publisher\":{\"@id\":\"https:\\\/\\\/tapir.de\\\/fr\\\/?lang=en\\\/#organization\"},\"potentialAction\":[{\"@type\":\"SearchAction\",\"target\":{\"@type\":\"EntryPoint\",\"urlTemplate\":\"https:\\\/\\\/tapir.de\\\/fr\\\/?lang=en\\\/?s={search_term_string}\"},\"query-input\":{\"@type\":\"PropertyValueSpecification\",\"valueRequired\":true,\"valueName\":\"search_term_string\"}}],\"inLanguage\":\"fr-FR\"},{\"@type\":\"Organization\",\"@id\":\"https:\\\/\\\/tapir.de\\\/fr\\\/?lang=en\\\/#organization\",\"name\":\"Tapir Wachswaren\",\"url\":\"https:\\\/\\\/tapir.de\\\/fr\\\/?lang=en\\\/\",\"logo\":{\"@type\":\"ImageObject\",\"inLanguage\":\"fr-FR\",\"@id\":\"https:\\\/\\\/tapir.de\\\/fr\\\/?lang=en\\\/#\\\/schema\\\/logo\\\/image\\\/\",\"url\":\"https:\\\/\\\/tapir.de\\\/wp-content\\\/uploads\\\/2020\\\/11\\\/cropped-TAPIR_Wachswaren_logo.png\",\"contentUrl\":\"https:\\\/\\\/tapir.de\\\/wp-content\\\/uploads\\\/2020\\\/11\\\/cropped-TAPIR_Wachswaren_logo.png\",\"width\":512,\"height\":512,\"caption\":\"Tapir Wachswaren\"},\"image\":{\"@id\":\"https:\\\/\\\/tapir.de\\\/fr\\\/?lang=en\\\/#\\\/schema\\\/logo\\\/image\\\/\"},\"sameAs\":[\"https:\\\/\\\/www.facebook.com\\\/TapirWachswaren\\\/\",\"https:\\\/\\\/www.instagram.com\\\/tapir_pflegeprodukte\\\/?hl=de\"]}]}<\/script>\n<!-- \/ Yoast SEO plugin. -->","yoast_head_json":{"title":"Baume cuir incolore - Tapir Wachswaren","description":"Le baume en cuir Tapir en couleur est le cirage id\u00e9al pour un \u00e9clat fort et une couche protectrice pour les chaussures en cuir lisse. Entretien naturel des chaussures !","robots":{"index":"index","follow":"follow","max-snippet":"max-snippet:-1","max-image-preview":"max-image-preview:large","max-video-preview":"max-video-preview:-1"},"canonical":"https:\/\/tapir.de\/fr\/shop\/baume-cuir-incolore\/","og_locale":"fr_FR","og_type":"article","og_title":"Baume cuir incolore - Tapir Wachswaren","og_description":"Le baume en cuir Tapir en couleur est le cirage id\u00e9al pour un \u00e9clat fort et une couche protectrice pour les chaussures en cuir lisse. Entretien naturel des chaussures !","og_url":"https:\/\/tapir.de\/fr\/shop\/baume-cuir-incolore\/","og_site_name":"Tapir Wachswaren","article_publisher":"https:\/\/www.facebook.com\/TapirWachswaren\/","article_modified_time":"2026-01-26T12:06:52+00:00","og_image":[{"width":2560,"height":2560,"url":"https:\/\/tapir.de\/wp-content\/uploads\/2020\/05\/10075-Lederbalsam-scaled.jpg","type":"image\/jpeg"}],"twitter_card":"summary_large_image","twitter_misc":{"Dur\u00e9e de lecture estim\u00e9e":"2 minutes"},"schema":{"@context":"https:\/\/schema.org","@graph":[{"@type":"WebPage","@id":"https:\/\/tapir.de\/fr\/shop\/baume-cuir-incolore\/","url":"https:\/\/tapir.de\/fr\/shop\/baume-cuir-incolore\/","name":"Baume cuir incolore - Tapir Wachswaren","isPartOf":{"@id":"https:\/\/tapir.de\/fr\/?lang=en\/#website"},"primaryImageOfPage":{"@id":"https:\/\/tapir.de\/fr\/shop\/baume-cuir-incolore\/#primaryimage"},"image":{"@id":"https:\/\/tapir.de\/fr\/shop\/baume-cuir-incolore\/#primaryimage"},"thumbnailUrl":"https:\/\/tapir.de\/wp-content\/uploads\/2020\/05\/10075-Lederbalsam-scaled.jpg","datePublished":"2020-05-15T18:25:56+00:00","dateModified":"2026-01-26T12:06:52+00:00","description":"Le baume en cuir Tapir en couleur est le cirage id\u00e9al pour un \u00e9clat fort et une couche protectrice pour les chaussures en cuir lisse. Entretien naturel des chaussures !","breadcrumb":{"@id":"https:\/\/tapir.de\/fr\/shop\/baume-cuir-incolore\/#breadcrumb"},"inLanguage":"fr-FR","potentialAction":[{"@type":"ReadAction","target":["https:\/\/tapir.de\/fr\/shop\/baume-cuir-incolore\/"]}]},{"@type":"ImageObject","inLanguage":"fr-FR","@id":"https:\/\/tapir.de\/fr\/shop\/baume-cuir-incolore\/#primaryimage","url":"https:\/\/tapir.de\/wp-content\/uploads\/2020\/05\/10075-Lederbalsam-scaled.jpg","contentUrl":"https:\/\/tapir.de\/wp-content\/uploads\/2020\/05\/10075-Lederbalsam-scaled.jpg","width":2560,"height":2560},{"@type":"BreadcrumbList","@id":"https:\/\/tapir.de\/fr\/shop\/baume-cuir-incolore\/#breadcrumb","itemListElement":[{"@type":"ListItem","position":1,"name":"Startseite","item":"https:\/\/tapir.de\/fr\/"},{"@type":"ListItem","position":2,"name":"Boutique","item":"https:\/\/tapir.de\/fr\/boutique\/"},{"@type":"ListItem","position":3,"name":"Baume cuir incolore"}]},{"@type":"WebSite","@id":"https:\/\/tapir.de\/fr\/?lang=en\/#website","url":"https:\/\/tapir.de\/fr\/?lang=en\/","name":"Tapir Wachswaren","description":"Nat\u00fcrliche Pflegeprodukte f\u00fcr Leder, Textil und Holz","publisher":{"@id":"https:\/\/tapir.de\/fr\/?lang=en\/#organization"},"potentialAction":[{"@type":"SearchAction","target":{"@type":"EntryPoint","urlTemplate":"https:\/\/tapir.de\/fr\/?lang=en\/?s={search_term_string}"},"query-input":{"@type":"PropertyValueSpecification","valueRequired":true,"valueName":"search_term_string"}}],"inLanguage":"fr-FR"},{"@type":"Organization","@id":"https:\/\/tapir.de\/fr\/?lang=en\/#organization","name":"Tapir Wachswaren","url":"https:\/\/tapir.de\/fr\/?lang=en\/","logo":{"@type":"ImageObject","inLanguage":"fr-FR","@id":"https:\/\/tapir.de\/fr\/?lang=en\/#\/schema\/logo\/image\/","url":"https:\/\/tapir.de\/wp-content\/uploads\/2020\/11\/cropped-TAPIR_Wachswaren_logo.png","contentUrl":"https:\/\/tapir.de\/wp-content\/uploads\/2020\/11\/cropped-TAPIR_Wachswaren_logo.png","width":512,"height":512,"caption":"Tapir Wachswaren"},"image":{"@id":"https:\/\/tapir.de\/fr\/?lang=en\/#\/schema\/logo\/image\/"},"sameAs":["https:\/\/www.facebook.com\/TapirWachswaren\/","https:\/\/www.instagram.com\/tapir_pflegeprodukte\/?hl=de"]}]}},"_links":{"self":[{"href":"https:\/\/tapir.de\/fr\/wp-json\/wp\/v2\/product\/21167","targetHints":{"allow":["GET"]}}],"collection":[{"href":"https:\/\/tapir.de\/fr\/wp-json\/wp\/v2\/product"}],"about":[{"href":"https:\/\/tapir.de\/fr\/wp-json\/wp\/v2\/types\/product"}],"wp:featuredmedia":[{"embeddable":true,"href":"https:\/\/tapir.de\/fr\/wp-json\/wp\/v2\/media\/21168"}],"wp:attachment":[{"href":"https:\/\/tapir.de\/fr\/wp-json\/wp\/v2\/media?parent=21167"}],"wp:term":[{"taxonomy":"product_brand","embeddable":true,"href":"https:\/\/tapir.de\/fr\/wp-json\/wp\/v2\/product_brand?post=21167"},{"taxonomy":"product_cat","embeddable":true,"href":"https:\/\/tapir.de\/fr\/wp-json\/wp\/v2\/product_cat?post=21167"},{"taxonomy":"product_tag","embeddable":true,"href":"https:\/\/tapir.de\/fr\/wp-json\/wp\/v2\/product_tag?post=21167"}],"curies":[{"name":"wp","href":"https:\/\/api.w.org\/{rel}","templated":true}]}}