{"id":21150,"date":"2020-05-15T20:07:11","date_gmt":"2020-05-15T18:07:11","guid":{"rendered":"https:\/\/tapir.de\/shop\/impregnation-cuir-pour-le-suede-le-nubuck-et-le-daim\/"},"modified":"2026-01-26T13:06:52","modified_gmt":"2026-01-26T12:06:52","slug":"impregnation-cuir-pour-le-suede-le-nubuck-et-le-daim","status":"publish","type":"product","link":"https:\/\/tapir.de\/fr\/shop\/impregnation-cuir-pour-le-suede-le-nubuck-et-le-daim\/","title":{"rendered":"Impr\u00e9gnation cuir pour le su\u00e8de, le nubuck et le daim"},"content":{"rendered":"<p><span style=\"color: #a90533; font-size: 120%;\"><strong>L\u2019impregnation pour le daim (suede), le cuir nubuck et le su\u00e8de<\/strong><\/span><\/p>\n<p>Vous cherchez une impr\u00e9gnation pour rafra\u00eechir, prendre soin et prot\u00e9ger vos chaussures en daim, nubuck ou daim ? L\u2019impr\u00e9gnation Tapir avec l\u2019atomiseur \u00e0 pompe est tr\u00e8s r\u00e9sistante \u00e0 l\u2019eau et poss\u00e8de un <big><small>  Un effet l\u00e9g\u00e8rement nettoyant. Pour une utilisation r\u00e9guli\u00e8re afin d\u2019obtenir un r\u00e9sultat frais et protecteur pour vos chaussures. <\/small><\/big><\/p>\n<p><span style=\"font-size: 120%; color: #a90533;\"><strong>Caract\u00e9ristiques du produit :<\/strong><\/span><\/p>\n<ul>\n<li>pour le daim, le nubuck et le daim<\/li>\n<li>est hydrofuge<\/li>\n<li>rafra\u00eechit les fibres<\/li>\n<li>purifie et nourrit<\/li>\n<li>Faits main en Allemagne<\/li>\n<li>Contenu : bouteille en verre de 50 ml avec atomiseur \u00e0 pompe<\/li>\n<li>Constamment \u00e9cologique<\/li>\n<li>fabriqu\u00e9 \u00e0 partir de mati\u00e8res premi\u00e8res naturelles<\/li>\n<li><a href=\"https:\/\/gfaw.eu\/ncp\/\">NCP<\/a> Certification<\/li>\n<\/ul>\n<p><big><small><span style=\"font-size: 110%;\"><strong><span style=\"color: #a90533;\">Application :<\/span><\/strong><\/span><br \/>\nSi elles sont sales, nettoyez les chaussures \u00e0 l\u2019eau et \u00e9ventuellement un savon v\u00e9g\u00e9tal doux avant de vaporiser. Apr\u00e8s s\u00e9chage, vaporisez l\u2019impr\u00e9gnation du cuir sur le cuir \u00e0 une distance d\u2019environ 20 \u00e0 30 cm. Le motif de pulv\u00e9risation n\u2019est pas toujours uniforme et forme des goutteles. \u2028Veuillez imm\u00e9diatement \u00e9taler ces gouttelettes uniform\u00e9ment sur le cuir avec un petit pinceau d\u2019application Tapir ou un pinceau Tapir Gloss et les laisser s\u00e9cher un court moment. Ensuite, ruguez le cuir avec une <a href=\"https:\/\/tapir.de\/fr\/shop\/brosse-en-daim-avec-poils-en-laiton\/\">brosse en daim Tapir ou<\/a> une <a href=\"https:\/\/tapir.de\/shop\/raulederradierer\">gomme en su\u00e8de<\/a> . Travaille dans une seule direction.       <\/small><\/big><\/p>\n<p><big><small>ATTENTION : Un l\u00e9ger assombrissement des cuirs est possible, alors faites un test de couleur pour le cuir sensible.<\/small><\/big><\/p>\n<p><small><big><strong><span style=\"color: #333333;\">INGR\u00c9DIENTS :<\/span><\/strong> Lanoline*, st\u00e9arine v\u00e9g\u00e9tale, solvants naturels, alcool d\u2019ammoniac, eau.<br \/>\n*Sans pesticides<\/big><\/small><\/p>\n","protected":false},"excerpt":{"rendered":"<p>Une impr\u00e9gnation pour les chaussures en daim, nubuck et daim en douvis. Il a un effet nettoyant facile et est tr\u00e8s r\u00e9pulsif \u00e0 l\u2019eau. <\/p>\n","protected":false},"featured_media":21156,"template":"","meta":[],"product_brand":[],"product_cat":[919],"product_tag":[921],"class_list":{"0":"post-21150","1":"product","2":"type-product","3":"status-publish","4":"has-post-thumbnail","6":"product_cat-impregnation-du-cuir","7":"product_tag-fecondation","8":"pa_geeignet-fuer-chaussures","9":"pa_geeignet-fuer-chaussures-denfants","10":"pa_geeignet-fuer-chaussures-de-randonnee","11":"pa_geeignet-fuer-chaussures-de-travail","12":"pa_geeignet-fuer-chaussures-elegantes","13":"pa_geeignet-fuer-chaussures-en-daim","14":"pa_geeignet-fuer-chaussures-nubuck","15":"pa_geeignet-fuer-chaussures-orthopediques","16":"pa_geeignet-fuer-chaussures-pieds-nus","17":"pa_geeignet-fuer-chaussures-pour-femmes","18":"pa_geeignet-fuer-chaussures-pour-hommes","19":"pa_geeignet-fuer-chaussures-professionnelles","20":"pa_geeignet-fuer-chaussures-sur-mesure","22":"first","23":"instock","24":"taxable","25":"shipping-taxable","26":"purchasable","27":"product-type-simple"},"yoast_head":"<!-- This site is optimized with the Yoast SEO plugin v27.6 - https:\/\/yoast.com\/product\/yoast-seo-wordpress\/ -->\n<title>Impr\u00e9gnation cuir pour le su\u00e8de, le nubuck et le daim - Tapir Wachswaren<\/title>\n<meta name=\"description\" content=\"L\u2019impr\u00e9gnation en cuir de tapir convient au su\u00e8de, au cuir nubuck et au su\u00e8de, la lanoline et la st\u00e9araine \u00e9tant des produits de soins naturels.\" \/>\n<meta name=\"robots\" content=\"index, follow, max-snippet:-1, max-image-preview:large, max-video-preview:-1\" \/>\n<link rel=\"canonical\" href=\"https:\/\/tapir.de\/fr\/shop\/impregnation-cuir-pour-le-suede-le-nubuck-et-le-daim\/\" \/>\n<meta property=\"og:locale\" content=\"fr_FR\" \/>\n<meta property=\"og:type\" content=\"article\" \/>\n<meta property=\"og:title\" content=\"Impr\u00e9gnation cuir pour le su\u00e8de, le nubuck et le daim - Tapir Wachswaren\" \/>\n<meta property=\"og:description\" content=\"L\u2019impr\u00e9gnation en cuir de tapir convient au su\u00e8de, au cuir nubuck et au su\u00e8de, la lanoline et la st\u00e9araine \u00e9tant des produits de soins naturels.\" \/>\n<meta property=\"og:url\" content=\"https:\/\/tapir.de\/fr\/shop\/impregnation-cuir-pour-le-suede-le-nubuck-et-le-daim\/\" \/>\n<meta property=\"og:site_name\" content=\"Tapir Wachswaren\" \/>\n<meta property=\"article:publisher\" content=\"https:\/\/www.facebook.com\/TapirWachswaren\/\" \/>\n<meta property=\"article:modified_time\" content=\"2026-01-26T12:06:52+00:00\" \/>\n<meta property=\"og:image\" content=\"https:\/\/tapir.de\/wp-content\/uploads\/2020\/05\/40050-Lederimpraegnierung-Nubuk-Wildleder-Tapir.jpg\" \/>\n\t<meta property=\"og:image:width\" content=\"1500\" \/>\n\t<meta property=\"og:image:height\" content=\"1500\" \/>\n\t<meta property=\"og:image:type\" content=\"image\/jpeg\" \/>\n<meta name=\"twitter:card\" content=\"summary_large_image\" \/>\n<meta name=\"twitter:label1\" content=\"Dur\u00e9e de lecture estim\u00e9e\" \/>\n\t<meta name=\"twitter:data1\" content=\"1 minute\" \/>\n<script type=\"application\/ld+json\" class=\"yoast-schema-graph\">{\"@context\":\"https:\\\/\\\/schema.org\",\"@graph\":[{\"@type\":\"WebPage\",\"@id\":\"https:\\\/\\\/tapir.de\\\/fr\\\/shop\\\/impregnation-cuir-pour-le-suede-le-nubuck-et-le-daim\\\/\",\"url\":\"https:\\\/\\\/tapir.de\\\/fr\\\/shop\\\/impregnation-cuir-pour-le-suede-le-nubuck-et-le-daim\\\/\",\"name\":\"Impr\u00e9gnation cuir pour le su\u00e8de, le nubuck et le daim - Tapir Wachswaren\",\"isPartOf\":{\"@id\":\"https:\\\/\\\/tapir.de\\\/fr\\\/?lang=en\\\/#website\"},\"primaryImageOfPage\":{\"@id\":\"https:\\\/\\\/tapir.de\\\/fr\\\/shop\\\/impregnation-cuir-pour-le-suede-le-nubuck-et-le-daim\\\/#primaryimage\"},\"image\":{\"@id\":\"https:\\\/\\\/tapir.de\\\/fr\\\/shop\\\/impregnation-cuir-pour-le-suede-le-nubuck-et-le-daim\\\/#primaryimage\"},\"thumbnailUrl\":\"https:\\\/\\\/tapir.de\\\/wp-content\\\/uploads\\\/2020\\\/05\\\/40050-Lederimpraegnierung-Nubuk-Wildleder-Tapir.jpg\",\"datePublished\":\"2020-05-15T18:07:11+00:00\",\"dateModified\":\"2026-01-26T12:06:52+00:00\",\"description\":\"L\u2019impr\u00e9gnation en cuir de tapir convient au su\u00e8de, au cuir nubuck et au su\u00e8de, la lanoline et la st\u00e9araine \u00e9tant des produits de soins naturels.\",\"breadcrumb\":{\"@id\":\"https:\\\/\\\/tapir.de\\\/fr\\\/shop\\\/impregnation-cuir-pour-le-suede-le-nubuck-et-le-daim\\\/#breadcrumb\"},\"inLanguage\":\"fr-FR\",\"potentialAction\":[{\"@type\":\"ReadAction\",\"target\":[\"https:\\\/\\\/tapir.de\\\/fr\\\/shop\\\/impregnation-cuir-pour-le-suede-le-nubuck-et-le-daim\\\/\"]}]},{\"@type\":\"ImageObject\",\"inLanguage\":\"fr-FR\",\"@id\":\"https:\\\/\\\/tapir.de\\\/fr\\\/shop\\\/impregnation-cuir-pour-le-suede-le-nubuck-et-le-daim\\\/#primaryimage\",\"url\":\"https:\\\/\\\/tapir.de\\\/wp-content\\\/uploads\\\/2020\\\/05\\\/40050-Lederimpraegnierung-Nubuk-Wildleder-Tapir.jpg\",\"contentUrl\":\"https:\\\/\\\/tapir.de\\\/wp-content\\\/uploads\\\/2020\\\/05\\\/40050-Lederimpraegnierung-Nubuk-Wildleder-Tapir.jpg\",\"width\":1500,\"height\":1500},{\"@type\":\"BreadcrumbList\",\"@id\":\"https:\\\/\\\/tapir.de\\\/fr\\\/shop\\\/impregnation-cuir-pour-le-suede-le-nubuck-et-le-daim\\\/#breadcrumb\",\"itemListElement\":[{\"@type\":\"ListItem\",\"position\":1,\"name\":\"Startseite\",\"item\":\"https:\\\/\\\/tapir.de\\\/fr\\\/\"},{\"@type\":\"ListItem\",\"position\":2,\"name\":\"Boutique\",\"item\":\"https:\\\/\\\/tapir.de\\\/fr\\\/boutique\\\/\"},{\"@type\":\"ListItem\",\"position\":3,\"name\":\"Impr\u00e9gnation cuir pour le su\u00e8de, le nubuck et le daim\"}]},{\"@type\":\"WebSite\",\"@id\":\"https:\\\/\\\/tapir.de\\\/fr\\\/?lang=en\\\/#website\",\"url\":\"https:\\\/\\\/tapir.de\\\/fr\\\/?lang=en\\\/\",\"name\":\"Tapir Wachswaren\",\"description\":\"Nat\u00fcrliche Pflegeprodukte f\u00fcr Leder, Textil und Holz\",\"publisher\":{\"@id\":\"https:\\\/\\\/tapir.de\\\/fr\\\/?lang=en\\\/#organization\"},\"potentialAction\":[{\"@type\":\"SearchAction\",\"target\":{\"@type\":\"EntryPoint\",\"urlTemplate\":\"https:\\\/\\\/tapir.de\\\/fr\\\/?lang=en\\\/?s={search_term_string}\"},\"query-input\":{\"@type\":\"PropertyValueSpecification\",\"valueRequired\":true,\"valueName\":\"search_term_string\"}}],\"inLanguage\":\"fr-FR\"},{\"@type\":\"Organization\",\"@id\":\"https:\\\/\\\/tapir.de\\\/fr\\\/?lang=en\\\/#organization\",\"name\":\"Tapir Wachswaren\",\"url\":\"https:\\\/\\\/tapir.de\\\/fr\\\/?lang=en\\\/\",\"logo\":{\"@type\":\"ImageObject\",\"inLanguage\":\"fr-FR\",\"@id\":\"https:\\\/\\\/tapir.de\\\/fr\\\/?lang=en\\\/#\\\/schema\\\/logo\\\/image\\\/\",\"url\":\"https:\\\/\\\/tapir.de\\\/wp-content\\\/uploads\\\/2020\\\/11\\\/cropped-TAPIR_Wachswaren_logo.png\",\"contentUrl\":\"https:\\\/\\\/tapir.de\\\/wp-content\\\/uploads\\\/2020\\\/11\\\/cropped-TAPIR_Wachswaren_logo.png\",\"width\":512,\"height\":512,\"caption\":\"Tapir Wachswaren\"},\"image\":{\"@id\":\"https:\\\/\\\/tapir.de\\\/fr\\\/?lang=en\\\/#\\\/schema\\\/logo\\\/image\\\/\"},\"sameAs\":[\"https:\\\/\\\/www.facebook.com\\\/TapirWachswaren\\\/\",\"https:\\\/\\\/www.instagram.com\\\/tapir_pflegeprodukte\\\/?hl=de\"]}]}<\/script>\n<!-- \/ Yoast SEO plugin. -->","yoast_head_json":{"title":"Impr\u00e9gnation cuir pour le su\u00e8de, le nubuck et le daim - Tapir Wachswaren","description":"L\u2019impr\u00e9gnation en cuir de tapir convient au su\u00e8de, au cuir nubuck et au su\u00e8de, la lanoline et la st\u00e9araine \u00e9tant des produits de soins naturels.","robots":{"index":"index","follow":"follow","max-snippet":"max-snippet:-1","max-image-preview":"max-image-preview:large","max-video-preview":"max-video-preview:-1"},"canonical":"https:\/\/tapir.de\/fr\/shop\/impregnation-cuir-pour-le-suede-le-nubuck-et-le-daim\/","og_locale":"fr_FR","og_type":"article","og_title":"Impr\u00e9gnation cuir pour le su\u00e8de, le nubuck et le daim - Tapir Wachswaren","og_description":"L\u2019impr\u00e9gnation en cuir de tapir convient au su\u00e8de, au cuir nubuck et au su\u00e8de, la lanoline et la st\u00e9araine \u00e9tant des produits de soins naturels.","og_url":"https:\/\/tapir.de\/fr\/shop\/impregnation-cuir-pour-le-suede-le-nubuck-et-le-daim\/","og_site_name":"Tapir Wachswaren","article_publisher":"https:\/\/www.facebook.com\/TapirWachswaren\/","article_modified_time":"2026-01-26T12:06:52+00:00","og_image":[{"width":1500,"height":1500,"url":"https:\/\/tapir.de\/wp-content\/uploads\/2020\/05\/40050-Lederimpraegnierung-Nubuk-Wildleder-Tapir.jpg","type":"image\/jpeg"}],"twitter_card":"summary_large_image","twitter_misc":{"Dur\u00e9e de lecture estim\u00e9e":"1 minute"},"schema":{"@context":"https:\/\/schema.org","@graph":[{"@type":"WebPage","@id":"https:\/\/tapir.de\/fr\/shop\/impregnation-cuir-pour-le-suede-le-nubuck-et-le-daim\/","url":"https:\/\/tapir.de\/fr\/shop\/impregnation-cuir-pour-le-suede-le-nubuck-et-le-daim\/","name":"Impr\u00e9gnation cuir pour le su\u00e8de, le nubuck et le daim - Tapir Wachswaren","isPartOf":{"@id":"https:\/\/tapir.de\/fr\/?lang=en\/#website"},"primaryImageOfPage":{"@id":"https:\/\/tapir.de\/fr\/shop\/impregnation-cuir-pour-le-suede-le-nubuck-et-le-daim\/#primaryimage"},"image":{"@id":"https:\/\/tapir.de\/fr\/shop\/impregnation-cuir-pour-le-suede-le-nubuck-et-le-daim\/#primaryimage"},"thumbnailUrl":"https:\/\/tapir.de\/wp-content\/uploads\/2020\/05\/40050-Lederimpraegnierung-Nubuk-Wildleder-Tapir.jpg","datePublished":"2020-05-15T18:07:11+00:00","dateModified":"2026-01-26T12:06:52+00:00","description":"L\u2019impr\u00e9gnation en cuir de tapir convient au su\u00e8de, au cuir nubuck et au su\u00e8de, la lanoline et la st\u00e9araine \u00e9tant des produits de soins naturels.","breadcrumb":{"@id":"https:\/\/tapir.de\/fr\/shop\/impregnation-cuir-pour-le-suede-le-nubuck-et-le-daim\/#breadcrumb"},"inLanguage":"fr-FR","potentialAction":[{"@type":"ReadAction","target":["https:\/\/tapir.de\/fr\/shop\/impregnation-cuir-pour-le-suede-le-nubuck-et-le-daim\/"]}]},{"@type":"ImageObject","inLanguage":"fr-FR","@id":"https:\/\/tapir.de\/fr\/shop\/impregnation-cuir-pour-le-suede-le-nubuck-et-le-daim\/#primaryimage","url":"https:\/\/tapir.de\/wp-content\/uploads\/2020\/05\/40050-Lederimpraegnierung-Nubuk-Wildleder-Tapir.jpg","contentUrl":"https:\/\/tapir.de\/wp-content\/uploads\/2020\/05\/40050-Lederimpraegnierung-Nubuk-Wildleder-Tapir.jpg","width":1500,"height":1500},{"@type":"BreadcrumbList","@id":"https:\/\/tapir.de\/fr\/shop\/impregnation-cuir-pour-le-suede-le-nubuck-et-le-daim\/#breadcrumb","itemListElement":[{"@type":"ListItem","position":1,"name":"Startseite","item":"https:\/\/tapir.de\/fr\/"},{"@type":"ListItem","position":2,"name":"Boutique","item":"https:\/\/tapir.de\/fr\/boutique\/"},{"@type":"ListItem","position":3,"name":"Impr\u00e9gnation cuir pour le su\u00e8de, le nubuck et le daim"}]},{"@type":"WebSite","@id":"https:\/\/tapir.de\/fr\/?lang=en\/#website","url":"https:\/\/tapir.de\/fr\/?lang=en\/","name":"Tapir Wachswaren","description":"Nat\u00fcrliche Pflegeprodukte f\u00fcr Leder, Textil und Holz","publisher":{"@id":"https:\/\/tapir.de\/fr\/?lang=en\/#organization"},"potentialAction":[{"@type":"SearchAction","target":{"@type":"EntryPoint","urlTemplate":"https:\/\/tapir.de\/fr\/?lang=en\/?s={search_term_string}"},"query-input":{"@type":"PropertyValueSpecification","valueRequired":true,"valueName":"search_term_string"}}],"inLanguage":"fr-FR"},{"@type":"Organization","@id":"https:\/\/tapir.de\/fr\/?lang=en\/#organization","name":"Tapir Wachswaren","url":"https:\/\/tapir.de\/fr\/?lang=en\/","logo":{"@type":"ImageObject","inLanguage":"fr-FR","@id":"https:\/\/tapir.de\/fr\/?lang=en\/#\/schema\/logo\/image\/","url":"https:\/\/tapir.de\/wp-content\/uploads\/2020\/11\/cropped-TAPIR_Wachswaren_logo.png","contentUrl":"https:\/\/tapir.de\/wp-content\/uploads\/2020\/11\/cropped-TAPIR_Wachswaren_logo.png","width":512,"height":512,"caption":"Tapir Wachswaren"},"image":{"@id":"https:\/\/tapir.de\/fr\/?lang=en\/#\/schema\/logo\/image\/"},"sameAs":["https:\/\/www.facebook.com\/TapirWachswaren\/","https:\/\/www.instagram.com\/tapir_pflegeprodukte\/?hl=de"]}]}},"_links":{"self":[{"href":"https:\/\/tapir.de\/fr\/wp-json\/wp\/v2\/product\/21150","targetHints":{"allow":["GET"]}}],"collection":[{"href":"https:\/\/tapir.de\/fr\/wp-json\/wp\/v2\/product"}],"about":[{"href":"https:\/\/tapir.de\/fr\/wp-json\/wp\/v2\/types\/product"}],"wp:featuredmedia":[{"embeddable":true,"href":"https:\/\/tapir.de\/fr\/wp-json\/wp\/v2\/media\/21156"}],"wp:attachment":[{"href":"https:\/\/tapir.de\/fr\/wp-json\/wp\/v2\/media?parent=21150"}],"wp:term":[{"taxonomy":"product_brand","embeddable":true,"href":"https:\/\/tapir.de\/fr\/wp-json\/wp\/v2\/product_brand?post=21150"},{"taxonomy":"product_cat","embeddable":true,"href":"https:\/\/tapir.de\/fr\/wp-json\/wp\/v2\/product_cat?post=21150"},{"taxonomy":"product_tag","embeddable":true,"href":"https:\/\/tapir.de\/fr\/wp-json\/wp\/v2\/product_tag?post=21150"}],"curies":[{"name":"wp","href":"https:\/\/api.w.org\/{rel}","templated":true}]}}