{"id":21149,"date":"2020-05-15T20:15:36","date_gmt":"2020-05-15T18:15:36","guid":{"rendered":"https:\/\/tapir.de\/shop\/entretien-des-semelles-en-cuir\/"},"modified":"2026-01-26T13:06:52","modified_gmt":"2026-01-26T12:06:52","slug":"entretien-des-semelles-en-cuir","status":"publish","type":"product","link":"https:\/\/tapir.de\/fr\/shop\/entretien-des-semelles-en-cuir\/","title":{"rendered":"Entretien des semelles en cuir"},"content":{"rendered":"<p><span style=\"color: #a90533; font-size: 120%;\"><strong>Le soin optimal de la semelle en cuir<\/strong><\/span><\/p>\n<p>N\u2019oubliez pas non plus votre semelle en cuir ! \u00c0 cause de tous les cuirs sur la chaussure, c\u2019est celle-ci qui est la plus touch\u00e9e. En usage continu, \u00e0 chaque pas que vous faites avec vos chaussures en cuir. La semelle en cuir n\u00e9cessite donc un entretien r\u00e9gulier pour maintenir sa flexibilit\u00e9 et la prot\u00e9ger de l\u2019humidit\u00e9. Avec l\u2019entretien des semelles en cuir Tapir, vous obtenez un produit \u00e0 base de mati\u00e8res premi\u00e8res naturelles qui p\u00e9n\u00e8tre profond\u00e9ment dans la semelle, la nourrissant et la prot\u00e9geant en m\u00eame temps.    <\/p>\n<p><span style=\"font-size: 120%;\"><strong><span style=\"color: #a90533;\">Application :<\/span><\/strong><\/span><\/p>\n<p>Veuillez d\u2019abord porter de nouvelles chaussures afin que les semelles en cuir absorbent les soins du cuir. Secouez bien les soins de la semelle en cuir avant l\u2019utilisation et \u00e9talez-la uniform\u00e9ment sur la semelle avec un tissu en coton ou un pinceau d\u2019application. Selon la saturation, ce processus peut \u00eatre r\u00e9p\u00e9t\u00e9 plusieurs fois. Veuillez veiller \u00e0 ne prendre soin de la semelle que sur le dessous de la semelle ! \u2028Essuyez l\u2019exc\u00e8s de cuir de la semelle avec un chiffon en coton.<\/p>\n<p>Laissez-les en place pendant des heures. Les chaussures ne doivent pas rester pos\u00e9es sur le sol avec la semelle lors du s\u00e9chage et doivent \u00eatre ventil\u00e9es. Il est pr\u00e9f\u00e9rable de placer la chaussure sur une grille.<\/p>\n<p><span style=\"color: #a90533; font-size: 120%;\"><strong>Caract\u00e9ristiques du produit :<\/strong><\/span><\/p>\n<ul>\n<li>un soin f\u00e9condant pour les semelles en cuir<\/li>\n<li>nourrit et prend soin du cuir<\/li>\n<li>a un effet hydrofuge<\/li>\n<li>Faits main en Allemagne<\/li>\n<li>Contenu : 100 ml dans une bouteille en verre<\/li>\n<li>Constamment \u00e9cologique<\/li>\n<li>fabriqu\u00e9 \u00e0 partir de mati\u00e8res premi\u00e8res naturelles<\/li>\n<li><a href=\"https:\/\/gfaw.eu\/ncp\/\">NCP<\/a> Certification<\/li>\n<li>Vegan<\/li>\n<\/ul>\n<p><!--more--><\/p>\n<p><strong><span style=\"color: #333333;\">Ingr\u00e9dients :<\/span><\/strong> Huile de lin*, solvants naturels, vinaigre d\u2019esprit*.<br \/>\n* issu de la culture biologique contr\u00f4l\u00e9e<\/p>\n","protected":false},"excerpt":{"rendered":"<p>Une impr\u00e9gnation et un soin des semelles en cuir. 100 ml <\/p>\n","protected":false},"featured_media":21162,"template":"","meta":[],"product_brand":[],"product_cat":[989],"product_tag":[982],"class_list":{"0":"post-21149","1":"product","2":"type-product","3":"status-publish","4":"has-post-thumbnail","6":"product_cat-entretien-des-semelles-en-cuir","7":"product_tag-soins","8":"pa_geeignet-fuer-semelles-en-cuir","10":"first","11":"instock","12":"taxable","13":"shipping-taxable","14":"purchasable","15":"product-type-simple"},"yoast_head":"<!-- This site is optimized with the Yoast SEO plugin v27.4 - https:\/\/yoast.com\/product\/yoast-seo-wordpress\/ -->\n<title>Entretien des semelles en cuir - Tapir Wachswaren<\/title>\n<meta name=\"description\" content=\"Le soin des semelles en cuir de tapir est un produit de soin bas\u00e9 sur des mati\u00e8res premi\u00e8res naturelles pour la pr\u00e9servation des semelles en cuir.\" \/>\n<meta name=\"robots\" content=\"index, follow, max-snippet:-1, max-image-preview:large, max-video-preview:-1\" \/>\n<link rel=\"canonical\" href=\"https:\/\/tapir.de\/fr\/shop\/entretien-des-semelles-en-cuir\/\" \/>\n<meta property=\"og:locale\" content=\"fr_FR\" \/>\n<meta property=\"og:type\" content=\"article\" \/>\n<meta property=\"og:title\" content=\"Entretien des semelles en cuir - Tapir Wachswaren\" \/>\n<meta property=\"og:description\" content=\"Le soin des semelles en cuir de tapir est un produit de soin bas\u00e9 sur des mati\u00e8res premi\u00e8res naturelles pour la pr\u00e9servation des semelles en cuir.\" \/>\n<meta property=\"og:url\" content=\"https:\/\/tapir.de\/fr\/shop\/entretien-des-semelles-en-cuir\/\" \/>\n<meta property=\"og:site_name\" content=\"Tapir Wachswaren\" \/>\n<meta property=\"article:publisher\" content=\"https:\/\/www.facebook.com\/TapirWachswaren\/\" \/>\n<meta property=\"article:modified_time\" content=\"2026-01-26T12:06:52+00:00\" \/>\n<meta property=\"og:image\" content=\"https:\/\/tapir.de\/wp-content\/uploads\/2020\/05\/51100-Ledersohlenpflege-Tapir.jpg\" \/>\n\t<meta property=\"og:image:width\" content=\"1500\" \/>\n\t<meta property=\"og:image:height\" content=\"1500\" \/>\n\t<meta property=\"og:image:type\" content=\"image\/jpeg\" \/>\n<meta name=\"twitter:card\" content=\"summary_large_image\" \/>\n<meta name=\"twitter:label1\" content=\"Dur\u00e9e de lecture estim\u00e9e\" \/>\n\t<meta name=\"twitter:data1\" content=\"2 minutes\" \/>\n<script type=\"application\/ld+json\" class=\"yoast-schema-graph\">{\"@context\":\"https:\\\/\\\/schema.org\",\"@graph\":[{\"@type\":\"WebPage\",\"@id\":\"https:\\\/\\\/tapir.de\\\/fr\\\/shop\\\/entretien-des-semelles-en-cuir\\\/\",\"url\":\"https:\\\/\\\/tapir.de\\\/fr\\\/shop\\\/entretien-des-semelles-en-cuir\\\/\",\"name\":\"Entretien des semelles en cuir - Tapir Wachswaren\",\"isPartOf\":{\"@id\":\"https:\\\/\\\/tapir.de\\\/fr\\\/?lang=en\\\/#website\"},\"primaryImageOfPage\":{\"@id\":\"https:\\\/\\\/tapir.de\\\/fr\\\/shop\\\/entretien-des-semelles-en-cuir\\\/#primaryimage\"},\"image\":{\"@id\":\"https:\\\/\\\/tapir.de\\\/fr\\\/shop\\\/entretien-des-semelles-en-cuir\\\/#primaryimage\"},\"thumbnailUrl\":\"https:\\\/\\\/tapir.de\\\/wp-content\\\/uploads\\\/2020\\\/05\\\/51100-Ledersohlenpflege-Tapir.jpg\",\"datePublished\":\"2020-05-15T18:15:36+00:00\",\"dateModified\":\"2026-01-26T12:06:52+00:00\",\"description\":\"Le soin des semelles en cuir de tapir est un produit de soin bas\u00e9 sur des mati\u00e8res premi\u00e8res naturelles pour la pr\u00e9servation des semelles en cuir.\",\"breadcrumb\":{\"@id\":\"https:\\\/\\\/tapir.de\\\/fr\\\/shop\\\/entretien-des-semelles-en-cuir\\\/#breadcrumb\"},\"inLanguage\":\"fr-FR\",\"potentialAction\":[{\"@type\":\"ReadAction\",\"target\":[\"https:\\\/\\\/tapir.de\\\/fr\\\/shop\\\/entretien-des-semelles-en-cuir\\\/\"]}]},{\"@type\":\"ImageObject\",\"inLanguage\":\"fr-FR\",\"@id\":\"https:\\\/\\\/tapir.de\\\/fr\\\/shop\\\/entretien-des-semelles-en-cuir\\\/#primaryimage\",\"url\":\"https:\\\/\\\/tapir.de\\\/wp-content\\\/uploads\\\/2020\\\/05\\\/51100-Ledersohlenpflege-Tapir.jpg\",\"contentUrl\":\"https:\\\/\\\/tapir.de\\\/wp-content\\\/uploads\\\/2020\\\/05\\\/51100-Ledersohlenpflege-Tapir.jpg\",\"width\":1500,\"height\":1500},{\"@type\":\"BreadcrumbList\",\"@id\":\"https:\\\/\\\/tapir.de\\\/fr\\\/shop\\\/entretien-des-semelles-en-cuir\\\/#breadcrumb\",\"itemListElement\":[{\"@type\":\"ListItem\",\"position\":1,\"name\":\"Startseite\",\"item\":\"https:\\\/\\\/tapir.de\\\/fr\\\/\"},{\"@type\":\"ListItem\",\"position\":2,\"name\":\"Boutique\",\"item\":\"https:\\\/\\\/tapir.de\\\/fr\\\/boutique\\\/\"},{\"@type\":\"ListItem\",\"position\":3,\"name\":\"Entretien des semelles en cuir\"}]},{\"@type\":\"WebSite\",\"@id\":\"https:\\\/\\\/tapir.de\\\/fr\\\/?lang=en\\\/#website\",\"url\":\"https:\\\/\\\/tapir.de\\\/fr\\\/?lang=en\\\/\",\"name\":\"Tapir Wachswaren\",\"description\":\"Nat\u00fcrliche Pflegeprodukte f\u00fcr Leder, Textil und Holz\",\"publisher\":{\"@id\":\"https:\\\/\\\/tapir.de\\\/fr\\\/?lang=en\\\/#organization\"},\"potentialAction\":[{\"@type\":\"SearchAction\",\"target\":{\"@type\":\"EntryPoint\",\"urlTemplate\":\"https:\\\/\\\/tapir.de\\\/fr\\\/?lang=en\\\/?s={search_term_string}\"},\"query-input\":{\"@type\":\"PropertyValueSpecification\",\"valueRequired\":true,\"valueName\":\"search_term_string\"}}],\"inLanguage\":\"fr-FR\"},{\"@type\":\"Organization\",\"@id\":\"https:\\\/\\\/tapir.de\\\/fr\\\/?lang=en\\\/#organization\",\"name\":\"Tapir Wachswaren\",\"url\":\"https:\\\/\\\/tapir.de\\\/fr\\\/?lang=en\\\/\",\"logo\":{\"@type\":\"ImageObject\",\"inLanguage\":\"fr-FR\",\"@id\":\"https:\\\/\\\/tapir.de\\\/fr\\\/?lang=en\\\/#\\\/schema\\\/logo\\\/image\\\/\",\"url\":\"https:\\\/\\\/tapir.de\\\/wp-content\\\/uploads\\\/2020\\\/11\\\/cropped-TAPIR_Wachswaren_logo.png\",\"contentUrl\":\"https:\\\/\\\/tapir.de\\\/wp-content\\\/uploads\\\/2020\\\/11\\\/cropped-TAPIR_Wachswaren_logo.png\",\"width\":512,\"height\":512,\"caption\":\"Tapir Wachswaren\"},\"image\":{\"@id\":\"https:\\\/\\\/tapir.de\\\/fr\\\/?lang=en\\\/#\\\/schema\\\/logo\\\/image\\\/\"},\"sameAs\":[\"https:\\\/\\\/www.facebook.com\\\/TapirWachswaren\\\/\",\"https:\\\/\\\/www.instagram.com\\\/tapir_pflegeprodukte\\\/?hl=de\"]}]}<\/script>\n<!-- \/ Yoast SEO plugin. -->","yoast_head_json":{"title":"Entretien des semelles en cuir - Tapir Wachswaren","description":"Le soin des semelles en cuir de tapir est un produit de soin bas\u00e9 sur des mati\u00e8res premi\u00e8res naturelles pour la pr\u00e9servation des semelles en cuir.","robots":{"index":"index","follow":"follow","max-snippet":"max-snippet:-1","max-image-preview":"max-image-preview:large","max-video-preview":"max-video-preview:-1"},"canonical":"https:\/\/tapir.de\/fr\/shop\/entretien-des-semelles-en-cuir\/","og_locale":"fr_FR","og_type":"article","og_title":"Entretien des semelles en cuir - Tapir Wachswaren","og_description":"Le soin des semelles en cuir de tapir est un produit de soin bas\u00e9 sur des mati\u00e8res premi\u00e8res naturelles pour la pr\u00e9servation des semelles en cuir.","og_url":"https:\/\/tapir.de\/fr\/shop\/entretien-des-semelles-en-cuir\/","og_site_name":"Tapir Wachswaren","article_publisher":"https:\/\/www.facebook.com\/TapirWachswaren\/","article_modified_time":"2026-01-26T12:06:52+00:00","og_image":[{"width":1500,"height":1500,"url":"https:\/\/tapir.de\/wp-content\/uploads\/2020\/05\/51100-Ledersohlenpflege-Tapir.jpg","type":"image\/jpeg"}],"twitter_card":"summary_large_image","twitter_misc":{"Dur\u00e9e de lecture estim\u00e9e":"2 minutes"},"schema":{"@context":"https:\/\/schema.org","@graph":[{"@type":"WebPage","@id":"https:\/\/tapir.de\/fr\/shop\/entretien-des-semelles-en-cuir\/","url":"https:\/\/tapir.de\/fr\/shop\/entretien-des-semelles-en-cuir\/","name":"Entretien des semelles en cuir - Tapir Wachswaren","isPartOf":{"@id":"https:\/\/tapir.de\/fr\/?lang=en\/#website"},"primaryImageOfPage":{"@id":"https:\/\/tapir.de\/fr\/shop\/entretien-des-semelles-en-cuir\/#primaryimage"},"image":{"@id":"https:\/\/tapir.de\/fr\/shop\/entretien-des-semelles-en-cuir\/#primaryimage"},"thumbnailUrl":"https:\/\/tapir.de\/wp-content\/uploads\/2020\/05\/51100-Ledersohlenpflege-Tapir.jpg","datePublished":"2020-05-15T18:15:36+00:00","dateModified":"2026-01-26T12:06:52+00:00","description":"Le soin des semelles en cuir de tapir est un produit de soin bas\u00e9 sur des mati\u00e8res premi\u00e8res naturelles pour la pr\u00e9servation des semelles en cuir.","breadcrumb":{"@id":"https:\/\/tapir.de\/fr\/shop\/entretien-des-semelles-en-cuir\/#breadcrumb"},"inLanguage":"fr-FR","potentialAction":[{"@type":"ReadAction","target":["https:\/\/tapir.de\/fr\/shop\/entretien-des-semelles-en-cuir\/"]}]},{"@type":"ImageObject","inLanguage":"fr-FR","@id":"https:\/\/tapir.de\/fr\/shop\/entretien-des-semelles-en-cuir\/#primaryimage","url":"https:\/\/tapir.de\/wp-content\/uploads\/2020\/05\/51100-Ledersohlenpflege-Tapir.jpg","contentUrl":"https:\/\/tapir.de\/wp-content\/uploads\/2020\/05\/51100-Ledersohlenpflege-Tapir.jpg","width":1500,"height":1500},{"@type":"BreadcrumbList","@id":"https:\/\/tapir.de\/fr\/shop\/entretien-des-semelles-en-cuir\/#breadcrumb","itemListElement":[{"@type":"ListItem","position":1,"name":"Startseite","item":"https:\/\/tapir.de\/fr\/"},{"@type":"ListItem","position":2,"name":"Boutique","item":"https:\/\/tapir.de\/fr\/boutique\/"},{"@type":"ListItem","position":3,"name":"Entretien des semelles en cuir"}]},{"@type":"WebSite","@id":"https:\/\/tapir.de\/fr\/?lang=en\/#website","url":"https:\/\/tapir.de\/fr\/?lang=en\/","name":"Tapir Wachswaren","description":"Nat\u00fcrliche Pflegeprodukte f\u00fcr Leder, Textil und Holz","publisher":{"@id":"https:\/\/tapir.de\/fr\/?lang=en\/#organization"},"potentialAction":[{"@type":"SearchAction","target":{"@type":"EntryPoint","urlTemplate":"https:\/\/tapir.de\/fr\/?lang=en\/?s={search_term_string}"},"query-input":{"@type":"PropertyValueSpecification","valueRequired":true,"valueName":"search_term_string"}}],"inLanguage":"fr-FR"},{"@type":"Organization","@id":"https:\/\/tapir.de\/fr\/?lang=en\/#organization","name":"Tapir Wachswaren","url":"https:\/\/tapir.de\/fr\/?lang=en\/","logo":{"@type":"ImageObject","inLanguage":"fr-FR","@id":"https:\/\/tapir.de\/fr\/?lang=en\/#\/schema\/logo\/image\/","url":"https:\/\/tapir.de\/wp-content\/uploads\/2020\/11\/cropped-TAPIR_Wachswaren_logo.png","contentUrl":"https:\/\/tapir.de\/wp-content\/uploads\/2020\/11\/cropped-TAPIR_Wachswaren_logo.png","width":512,"height":512,"caption":"Tapir Wachswaren"},"image":{"@id":"https:\/\/tapir.de\/fr\/?lang=en\/#\/schema\/logo\/image\/"},"sameAs":["https:\/\/www.facebook.com\/TapirWachswaren\/","https:\/\/www.instagram.com\/tapir_pflegeprodukte\/?hl=de"]}]}},"_links":{"self":[{"href":"https:\/\/tapir.de\/fr\/wp-json\/wp\/v2\/product\/21149","targetHints":{"allow":["GET"]}}],"collection":[{"href":"https:\/\/tapir.de\/fr\/wp-json\/wp\/v2\/product"}],"about":[{"href":"https:\/\/tapir.de\/fr\/wp-json\/wp\/v2\/types\/product"}],"wp:featuredmedia":[{"embeddable":true,"href":"https:\/\/tapir.de\/fr\/wp-json\/wp\/v2\/media\/21162"}],"wp:attachment":[{"href":"https:\/\/tapir.de\/fr\/wp-json\/wp\/v2\/media?parent=21149"}],"wp:term":[{"taxonomy":"product_brand","embeddable":true,"href":"https:\/\/tapir.de\/fr\/wp-json\/wp\/v2\/product_brand?post=21149"},{"taxonomy":"product_cat","embeddable":true,"href":"https:\/\/tapir.de\/fr\/wp-json\/wp\/v2\/product_cat?post=21149"},{"taxonomy":"product_tag","embeddable":true,"href":"https:\/\/tapir.de\/fr\/wp-json\/wp\/v2\/product_tag?post=21149"}],"curies":[{"name":"wp","href":"https:\/\/api.w.org\/{rel}","templated":true}]}}