{"id":21145,"date":"2020-05-15T20:08:42","date_gmt":"2020-05-15T18:08:42","guid":{"rendered":"https:\/\/tapir.de\/shop\/impregnation-cuir-la-bouteille-de-recharge\/"},"modified":"2026-01-26T13:06:51","modified_gmt":"2026-01-26T12:06:51","slug":"impregnation-cuir-la-bouteille-de-recharge","status":"publish","type":"product","link":"https:\/\/tapir.de\/fr\/shop\/impregnation-cuir-la-bouteille-de-recharge\/","title":{"rendered":"Impr\u00e9gnation cuir \u2013 la bouteille de recharge"},"content":{"rendered":"<p><span style=\"color: #a90533; font-size: 120%;\"><strong>La bouteille de recharge pour l\u2019impr\u00e9gnation de tapir pour le daim, le nubuck et le daim<\/strong><\/span><\/p>\n<p>Remplissez la bouteille pour l\u2019impr\u00e9gnation du tapire. Vous d\u00e9vissez la t\u00eate de pulv\u00e9risation de l\u2019impr\u00e9gnation TAPIR d\u2019origine et la mettez sur la bouteille de recharge.<br \/>\nCela vous fera \u00e9conomiser de l\u2019argent ! <\/p>\n<p>&nbsp;<\/p>\n<p>Vous cherchez une f\u00e9condation pour rafra\u00eechir, prendre soin et prot\u00e9ger vos chaussures rugueuses, nubuck ou su\u00e8de ? L\u2019impr\u00e9gnation Tapir avec l\u2019atomiseur \u00e0 pompe est tr\u00e8s r\u00e9sistante \u00e0 l\u2019eau et poss\u00e8de un <big><small>  Un effet l\u00e9g\u00e8rement nettoyant. Pour une utilisation r\u00e9guli\u00e8re afin d\u2019obtenir un r\u00e9sultat frais et protecteur.   <\/small><\/big><\/p>\n<p><span style=\"font-size: 120%; color: #a90533;\"><strong>Caract\u00e9ristiques du produit :<\/strong><\/span><\/p>\n<ul>\n<li>pour le daim, le nubuck et le daim<\/li>\n<li>est hydrofuge<\/li>\n<li>rafra\u00eechit les fibres<\/li>\n<li>Purifications<\/li>\n<li>fabriqu\u00e9 \u00e0 partir de mati\u00e8res premi\u00e8res naturelles<\/li>\n<li>Constamment \u00e9cologique<\/li>\n<li>Faits main en Allemagne<\/li>\n<li><a href=\"https:\/\/gfaw.eu\/ncp\/\">NCP<\/a> Certification<\/li>\n<li>Contenu : bouteille en verre de 50 ml (sans atomiseur \u00e0 pompe)<\/li>\n<\/ul>\n<p><big><small><span style=\"font-size: 110%;\"><strong><span style=\"color: #a90533;\">Application :<\/span><\/strong><\/span><br \/>\nSi elles sont sales, nettoyez les chaussures \u00e0 l\u2019eau et \u00e9ventuellement un savon v\u00e9g\u00e9tal doux avant de vaporiser. Apr\u00e8s s\u00e9chage, vaporisez l\u2019impr\u00e9gnation du cuir sur le cuir \u00e0 une distance d\u2019environ 20 \u00e0 30 cm. Le motif de pulv\u00e9risation n\u2019est pas toujours uniforme et forme des goutteles. \u2028Veuillez imm\u00e9diatement \u00e9taler ces gouttelettes uniform\u00e9ment sur le cuir avec un petit pinceau d\u2019application Tapir ou un pinceau Tapir Gloss et les laisser s\u00e9cher un court moment. Ensuite, ruguez le cuir avec une <a href=\"https:\/\/tapir.de\/fr\/shop\/brosse-en-daim-avec-poils-en-laiton\/\">brosse en daim Tapir ou<\/a> une <a href=\"https:\/\/tapir.de\/shop\/raulederradierer\">gomme en su\u00e8de<\/a> . Travaille dans une seule direction.       <\/small><\/big><\/p>\n<p><big><small>ATTENTION : Un l\u00e9ger assombrissement des cuirs est possible, alors faites un test de couleur pour le cuir sensible.<\/small><\/big><\/p>\n<p><small><big><strong><span style=\"color: #333333;\">INGR\u00c9DIENTS :<\/span><\/strong> Lanoline*, st\u00e9arine v\u00e9g\u00e9tale, solvants naturels, alcool d\u2019ammoniac, eau.<br \/>\n*Sans pesticides<\/big><\/small><\/p>\n<p>&nbsp;<\/p>\n","protected":false},"excerpt":{"rendered":"<p>Une impellation pour les chaussures en daim, nubuck et daim en douvien. Il est tr\u00e8s r\u00e9perlateur \u00e0 l\u2019eau et a un effet l\u00e9g\u00e8rement nettoyant. <\/p>\n","protected":false},"featured_media":21146,"template":"","meta":[],"product_brand":[],"product_cat":[919],"product_tag":[921],"class_list":{"0":"post-21145","1":"product","2":"type-product","3":"status-publish","4":"has-post-thumbnail","6":"product_cat-impregnation-du-cuir","7":"product_tag-fecondation","8":"pa_geeignet-fuer-chaussures","9":"pa_geeignet-fuer-chaussures-denfants","10":"pa_geeignet-fuer-chaussures-de-randonnee","11":"pa_geeignet-fuer-chaussures-de-travail","12":"pa_geeignet-fuer-chaussures-en-daim","13":"pa_geeignet-fuer-chaussures-nubuck","14":"pa_geeignet-fuer-chaussures-pieds-nus","16":"first","17":"instock","18":"taxable","19":"shipping-taxable","20":"purchasable","21":"product-type-simple"},"yoast_head":"<!-- This site is optimized with the Yoast SEO plugin v27.3 - https:\/\/yoast.com\/product\/yoast-seo-wordpress\/ -->\n<title>Impr\u00e9gnation cuir - la bouteille de recharge - Tapir Wachswaren<\/title>\n<meta name=\"description\" content=\"Impr\u00e9gnation de cuir de tapir pour le daim douvi, le daim et le nubuck. Prend soin du cuir en profondeur et le prot\u00e8ge de l\u2019humidit\u00e9 \u2013 gr\u00e2ce \u00e0 des mati\u00e8res premi\u00e8res naturelles !\" \/>\n<meta name=\"robots\" content=\"index, follow, max-snippet:-1, max-image-preview:large, max-video-preview:-1\" \/>\n<link rel=\"canonical\" href=\"https:\/\/tapir.de\/fr\/shop\/impregnation-cuir-la-bouteille-de-recharge\/\" \/>\n<meta property=\"og:locale\" content=\"fr_FR\" \/>\n<meta property=\"og:type\" content=\"article\" \/>\n<meta property=\"og:title\" content=\"Impr\u00e9gnation cuir - la bouteille de recharge - Tapir Wachswaren\" \/>\n<meta property=\"og:description\" content=\"Impr\u00e9gnation de cuir de tapir pour le daim douvi, le daim et le nubuck. Prend soin du cuir en profondeur et le prot\u00e8ge de l\u2019humidit\u00e9 \u2013 gr\u00e2ce \u00e0 des mati\u00e8res premi\u00e8res naturelles !\" \/>\n<meta property=\"og:url\" content=\"https:\/\/tapir.de\/fr\/shop\/impregnation-cuir-la-bouteille-de-recharge\/\" \/>\n<meta property=\"og:site_name\" content=\"Tapir Wachswaren\" \/>\n<meta property=\"article:publisher\" content=\"https:\/\/www.facebook.com\/TapirWachswaren\/\" \/>\n<meta property=\"article:modified_time\" content=\"2026-01-26T12:06:51+00:00\" \/>\n<meta property=\"og:image\" content=\"https:\/\/tapir.de\/wp-content\/uploads\/2020\/05\/41050-Lederimpraegnierung-Nubuk-Wildleder-Tapir.jpg\" \/>\n\t<meta property=\"og:image:width\" content=\"1500\" \/>\n\t<meta property=\"og:image:height\" content=\"1500\" \/>\n\t<meta property=\"og:image:type\" content=\"image\/jpeg\" \/>\n<meta name=\"twitter:card\" content=\"summary_large_image\" \/>\n<meta name=\"twitter:label1\" content=\"Dur\u00e9e de lecture estim\u00e9e\" \/>\n\t<meta name=\"twitter:data1\" content=\"2 minutes\" \/>\n<script type=\"application\/ld+json\" class=\"yoast-schema-graph\">{\"@context\":\"https:\\\/\\\/schema.org\",\"@graph\":[{\"@type\":\"WebPage\",\"@id\":\"https:\\\/\\\/tapir.de\\\/fr\\\/shop\\\/impregnation-cuir-la-bouteille-de-recharge\\\/\",\"url\":\"https:\\\/\\\/tapir.de\\\/fr\\\/shop\\\/impregnation-cuir-la-bouteille-de-recharge\\\/\",\"name\":\"Impr\u00e9gnation cuir - la bouteille de recharge - Tapir Wachswaren\",\"isPartOf\":{\"@id\":\"https:\\\/\\\/tapir.de\\\/fr\\\/?lang=en\\\/#website\"},\"primaryImageOfPage\":{\"@id\":\"https:\\\/\\\/tapir.de\\\/fr\\\/shop\\\/impregnation-cuir-la-bouteille-de-recharge\\\/#primaryimage\"},\"image\":{\"@id\":\"https:\\\/\\\/tapir.de\\\/fr\\\/shop\\\/impregnation-cuir-la-bouteille-de-recharge\\\/#primaryimage\"},\"thumbnailUrl\":\"https:\\\/\\\/tapir.de\\\/wp-content\\\/uploads\\\/2020\\\/05\\\/41050-Lederimpraegnierung-Nubuk-Wildleder-Tapir.jpg\",\"datePublished\":\"2020-05-15T18:08:42+00:00\",\"dateModified\":\"2026-01-26T12:06:51+00:00\",\"description\":\"Impr\u00e9gnation de cuir de tapir pour le daim douvi, le daim et le nubuck. Prend soin du cuir en profondeur et le prot\u00e8ge de l\u2019humidit\u00e9 \u2013 gr\u00e2ce \u00e0 des mati\u00e8res premi\u00e8res naturelles !\",\"breadcrumb\":{\"@id\":\"https:\\\/\\\/tapir.de\\\/fr\\\/shop\\\/impregnation-cuir-la-bouteille-de-recharge\\\/#breadcrumb\"},\"inLanguage\":\"fr-FR\",\"potentialAction\":[{\"@type\":\"ReadAction\",\"target\":[\"https:\\\/\\\/tapir.de\\\/fr\\\/shop\\\/impregnation-cuir-la-bouteille-de-recharge\\\/\"]}]},{\"@type\":\"ImageObject\",\"inLanguage\":\"fr-FR\",\"@id\":\"https:\\\/\\\/tapir.de\\\/fr\\\/shop\\\/impregnation-cuir-la-bouteille-de-recharge\\\/#primaryimage\",\"url\":\"https:\\\/\\\/tapir.de\\\/wp-content\\\/uploads\\\/2020\\\/05\\\/41050-Lederimpraegnierung-Nubuk-Wildleder-Tapir.jpg\",\"contentUrl\":\"https:\\\/\\\/tapir.de\\\/wp-content\\\/uploads\\\/2020\\\/05\\\/41050-Lederimpraegnierung-Nubuk-Wildleder-Tapir.jpg\",\"width\":1500,\"height\":1500},{\"@type\":\"BreadcrumbList\",\"@id\":\"https:\\\/\\\/tapir.de\\\/fr\\\/shop\\\/impregnation-cuir-la-bouteille-de-recharge\\\/#breadcrumb\",\"itemListElement\":[{\"@type\":\"ListItem\",\"position\":1,\"name\":\"Startseite\",\"item\":\"https:\\\/\\\/tapir.de\\\/fr\\\/\"},{\"@type\":\"ListItem\",\"position\":2,\"name\":\"Boutique\",\"item\":\"https:\\\/\\\/tapir.de\\\/fr\\\/boutique\\\/\"},{\"@type\":\"ListItem\",\"position\":3,\"name\":\"Impr\u00e9gnation cuir &#8211; la bouteille de recharge\"}]},{\"@type\":\"WebSite\",\"@id\":\"https:\\\/\\\/tapir.de\\\/fr\\\/?lang=en\\\/#website\",\"url\":\"https:\\\/\\\/tapir.de\\\/fr\\\/?lang=en\\\/\",\"name\":\"Tapir Wachswaren\",\"description\":\"Nat\u00fcrliche Pflegeprodukte f\u00fcr Leder, Textil und Holz\",\"publisher\":{\"@id\":\"https:\\\/\\\/tapir.de\\\/fr\\\/?lang=en\\\/#organization\"},\"potentialAction\":[{\"@type\":\"SearchAction\",\"target\":{\"@type\":\"EntryPoint\",\"urlTemplate\":\"https:\\\/\\\/tapir.de\\\/fr\\\/?lang=en\\\/?s={search_term_string}\"},\"query-input\":{\"@type\":\"PropertyValueSpecification\",\"valueRequired\":true,\"valueName\":\"search_term_string\"}}],\"inLanguage\":\"fr-FR\"},{\"@type\":\"Organization\",\"@id\":\"https:\\\/\\\/tapir.de\\\/fr\\\/?lang=en\\\/#organization\",\"name\":\"Tapir Wachswaren\",\"url\":\"https:\\\/\\\/tapir.de\\\/fr\\\/?lang=en\\\/\",\"logo\":{\"@type\":\"ImageObject\",\"inLanguage\":\"fr-FR\",\"@id\":\"https:\\\/\\\/tapir.de\\\/fr\\\/?lang=en\\\/#\\\/schema\\\/logo\\\/image\\\/\",\"url\":\"https:\\\/\\\/tapir.de\\\/wp-content\\\/uploads\\\/2020\\\/11\\\/cropped-TAPIR_Wachswaren_logo.png\",\"contentUrl\":\"https:\\\/\\\/tapir.de\\\/wp-content\\\/uploads\\\/2020\\\/11\\\/cropped-TAPIR_Wachswaren_logo.png\",\"width\":512,\"height\":512,\"caption\":\"Tapir Wachswaren\"},\"image\":{\"@id\":\"https:\\\/\\\/tapir.de\\\/fr\\\/?lang=en\\\/#\\\/schema\\\/logo\\\/image\\\/\"},\"sameAs\":[\"https:\\\/\\\/www.facebook.com\\\/TapirWachswaren\\\/\",\"https:\\\/\\\/www.instagram.com\\\/tapir_pflegeprodukte\\\/?hl=de\"]}]}<\/script>\n<!-- \/ Yoast SEO plugin. -->","yoast_head_json":{"title":"Impr\u00e9gnation cuir - la bouteille de recharge - Tapir Wachswaren","description":"Impr\u00e9gnation de cuir de tapir pour le daim douvi, le daim et le nubuck. Prend soin du cuir en profondeur et le prot\u00e8ge de l\u2019humidit\u00e9 \u2013 gr\u00e2ce \u00e0 des mati\u00e8res premi\u00e8res naturelles !","robots":{"index":"index","follow":"follow","max-snippet":"max-snippet:-1","max-image-preview":"max-image-preview:large","max-video-preview":"max-video-preview:-1"},"canonical":"https:\/\/tapir.de\/fr\/shop\/impregnation-cuir-la-bouteille-de-recharge\/","og_locale":"fr_FR","og_type":"article","og_title":"Impr\u00e9gnation cuir - la bouteille de recharge - Tapir Wachswaren","og_description":"Impr\u00e9gnation de cuir de tapir pour le daim douvi, le daim et le nubuck. Prend soin du cuir en profondeur et le prot\u00e8ge de l\u2019humidit\u00e9 \u2013 gr\u00e2ce \u00e0 des mati\u00e8res premi\u00e8res naturelles !","og_url":"https:\/\/tapir.de\/fr\/shop\/impregnation-cuir-la-bouteille-de-recharge\/","og_site_name":"Tapir Wachswaren","article_publisher":"https:\/\/www.facebook.com\/TapirWachswaren\/","article_modified_time":"2026-01-26T12:06:51+00:00","og_image":[{"width":1500,"height":1500,"url":"https:\/\/tapir.de\/wp-content\/uploads\/2020\/05\/41050-Lederimpraegnierung-Nubuk-Wildleder-Tapir.jpg","type":"image\/jpeg"}],"twitter_card":"summary_large_image","twitter_misc":{"Dur\u00e9e de lecture estim\u00e9e":"2 minutes"},"schema":{"@context":"https:\/\/schema.org","@graph":[{"@type":"WebPage","@id":"https:\/\/tapir.de\/fr\/shop\/impregnation-cuir-la-bouteille-de-recharge\/","url":"https:\/\/tapir.de\/fr\/shop\/impregnation-cuir-la-bouteille-de-recharge\/","name":"Impr\u00e9gnation cuir - la bouteille de recharge - Tapir Wachswaren","isPartOf":{"@id":"https:\/\/tapir.de\/fr\/?lang=en\/#website"},"primaryImageOfPage":{"@id":"https:\/\/tapir.de\/fr\/shop\/impregnation-cuir-la-bouteille-de-recharge\/#primaryimage"},"image":{"@id":"https:\/\/tapir.de\/fr\/shop\/impregnation-cuir-la-bouteille-de-recharge\/#primaryimage"},"thumbnailUrl":"https:\/\/tapir.de\/wp-content\/uploads\/2020\/05\/41050-Lederimpraegnierung-Nubuk-Wildleder-Tapir.jpg","datePublished":"2020-05-15T18:08:42+00:00","dateModified":"2026-01-26T12:06:51+00:00","description":"Impr\u00e9gnation de cuir de tapir pour le daim douvi, le daim et le nubuck. Prend soin du cuir en profondeur et le prot\u00e8ge de l\u2019humidit\u00e9 \u2013 gr\u00e2ce \u00e0 des mati\u00e8res premi\u00e8res naturelles !","breadcrumb":{"@id":"https:\/\/tapir.de\/fr\/shop\/impregnation-cuir-la-bouteille-de-recharge\/#breadcrumb"},"inLanguage":"fr-FR","potentialAction":[{"@type":"ReadAction","target":["https:\/\/tapir.de\/fr\/shop\/impregnation-cuir-la-bouteille-de-recharge\/"]}]},{"@type":"ImageObject","inLanguage":"fr-FR","@id":"https:\/\/tapir.de\/fr\/shop\/impregnation-cuir-la-bouteille-de-recharge\/#primaryimage","url":"https:\/\/tapir.de\/wp-content\/uploads\/2020\/05\/41050-Lederimpraegnierung-Nubuk-Wildleder-Tapir.jpg","contentUrl":"https:\/\/tapir.de\/wp-content\/uploads\/2020\/05\/41050-Lederimpraegnierung-Nubuk-Wildleder-Tapir.jpg","width":1500,"height":1500},{"@type":"BreadcrumbList","@id":"https:\/\/tapir.de\/fr\/shop\/impregnation-cuir-la-bouteille-de-recharge\/#breadcrumb","itemListElement":[{"@type":"ListItem","position":1,"name":"Startseite","item":"https:\/\/tapir.de\/fr\/"},{"@type":"ListItem","position":2,"name":"Boutique","item":"https:\/\/tapir.de\/fr\/boutique\/"},{"@type":"ListItem","position":3,"name":"Impr\u00e9gnation cuir &#8211; la bouteille de recharge"}]},{"@type":"WebSite","@id":"https:\/\/tapir.de\/fr\/?lang=en\/#website","url":"https:\/\/tapir.de\/fr\/?lang=en\/","name":"Tapir Wachswaren","description":"Nat\u00fcrliche Pflegeprodukte f\u00fcr Leder, Textil und Holz","publisher":{"@id":"https:\/\/tapir.de\/fr\/?lang=en\/#organization"},"potentialAction":[{"@type":"SearchAction","target":{"@type":"EntryPoint","urlTemplate":"https:\/\/tapir.de\/fr\/?lang=en\/?s={search_term_string}"},"query-input":{"@type":"PropertyValueSpecification","valueRequired":true,"valueName":"search_term_string"}}],"inLanguage":"fr-FR"},{"@type":"Organization","@id":"https:\/\/tapir.de\/fr\/?lang=en\/#organization","name":"Tapir Wachswaren","url":"https:\/\/tapir.de\/fr\/?lang=en\/","logo":{"@type":"ImageObject","inLanguage":"fr-FR","@id":"https:\/\/tapir.de\/fr\/?lang=en\/#\/schema\/logo\/image\/","url":"https:\/\/tapir.de\/wp-content\/uploads\/2020\/11\/cropped-TAPIR_Wachswaren_logo.png","contentUrl":"https:\/\/tapir.de\/wp-content\/uploads\/2020\/11\/cropped-TAPIR_Wachswaren_logo.png","width":512,"height":512,"caption":"Tapir Wachswaren"},"image":{"@id":"https:\/\/tapir.de\/fr\/?lang=en\/#\/schema\/logo\/image\/"},"sameAs":["https:\/\/www.facebook.com\/TapirWachswaren\/","https:\/\/www.instagram.com\/tapir_pflegeprodukte\/?hl=de"]}]}},"_links":{"self":[{"href":"https:\/\/tapir.de\/fr\/wp-json\/wp\/v2\/product\/21145","targetHints":{"allow":["GET"]}}],"collection":[{"href":"https:\/\/tapir.de\/fr\/wp-json\/wp\/v2\/product"}],"about":[{"href":"https:\/\/tapir.de\/fr\/wp-json\/wp\/v2\/types\/product"}],"wp:featuredmedia":[{"embeddable":true,"href":"https:\/\/tapir.de\/fr\/wp-json\/wp\/v2\/media\/21146"}],"wp:attachment":[{"href":"https:\/\/tapir.de\/fr\/wp-json\/wp\/v2\/media?parent=21145"}],"wp:term":[{"taxonomy":"product_brand","embeddable":true,"href":"https:\/\/tapir.de\/fr\/wp-json\/wp\/v2\/product_brand?post=21145"},{"taxonomy":"product_cat","embeddable":true,"href":"https:\/\/tapir.de\/fr\/wp-json\/wp\/v2\/product_cat?post=21145"},{"taxonomy":"product_tag","embeddable":true,"href":"https:\/\/tapir.de\/fr\/wp-json\/wp\/v2\/product_tag?post=21145"}],"curies":[{"name":"wp","href":"https:\/\/api.w.org\/{rel}","templated":true}]}}