{"id":21115,"date":"2020-05-15T20:21:49","date_gmt":"2020-05-15T18:21:49","guid":{"rendered":"https:\/\/tapir.de\/shop\/creme-pour-le-cuir-en-bleu\/"},"modified":"2026-01-26T13:07:07","modified_gmt":"2026-01-26T12:07:07","slug":"creme-pour-le-cuir-en-bleu","status":"publish","type":"product","link":"https:\/\/tapir.de\/fr\/shop\/creme-pour-le-cuir-en-bleu\/","title":{"rendered":"Cr\u00e8me pour le cuir en bleu"},"content":{"rendered":"<p><span style=\"font-size: 120%; color: #a90533;\"><strong>Cr\u00e8me pour le cuir pour les soins r\u00e9guliers<\/strong><\/span><\/p>\n<p>Vous cherchez un produit d\u2019entretien pour vos chaussures en cuir lisse, facile et r\u00e9guli\u00e8rement ? La cr\u00e8me pour le cuir de Tapir est le produit id\u00e9al pour une utilisation r\u00e9guli\u00e8re et, surtout, facile. La cr\u00e8me peut \u00eatre appliqu\u00e9e magnifiquement sur le cuir avec un pinceau d\u2019application ou un chiffon en coton. Nous recommandons d\u2019abord \u00e9taler la cr\u00e8me de soin du cuir sur les coutures, autour du bord et sur le bouchon, puis de masser d\u00e9licatement le reste dans le cuir. Un temps de s\u00e9chage court et un pinceau \u00e0 briller pour faire briller la chaussure par friction. Bien prot\u00e9g\u00e9 par la vie quotidienne !     <\/p>\n<p><span style=\"color: #a90533; font-size: 120%;\"><strong>Caract\u00e9ristiques du produit :<\/strong><\/span><\/p>\n<ul>\n<li>Cirage \u00e0 chaussures impr\u00e9gnant et brillant pour chaussures en cuir lisse<\/li>\n<li>Facile \u00e0 utiliser<\/li>\n<li>pour un usage r\u00e9gulier<\/li>\n<li>Dans le tube en aluminium \u2013 100 % recyclable<\/li>\n<li>Faits main en Allemagne<\/li>\n<li>Contenu : 75 ml<\/li>\n<li>Durablement \u00e9cologiquement constant<\/li>\n<li>fabriqu\u00e9 \u00e0 partir de mati\u00e8res premi\u00e8res naturelles<\/li>\n<li><a href=\"https:\/\/gfaw.eu\/ncp\/\">NCP<\/a> Certification<\/li>\n<\/ul>\n<p><strong>INGR\u00c9DIENTS :<\/strong> Cire de carnauba*, cire d\u2019abeille, cire de canne \u00e0 sucre, huile de tournesol, acide gras, huile d\u2019orange, esprit d\u2019ammoniac, eau, images couleur terre<\/p>\n<p>* de l\u2019agriculture biologique<\/p>\n","protected":false},"excerpt":{"rendered":"<p>La cr\u00e8me pour le soin du cuir est un cirage \u00e0 chaussures utilis\u00e9 r\u00e9guli\u00e8rement pour l\u2019entretien des chaussures en cuir lisse. 75 ml d\u2019Alutube <\/p>\n","protected":false},"featured_media":21116,"template":"","meta":[],"product_brand":[],"product_cat":[983],"product_tag":[982],"class_list":{"0":"post-21115","1":"product","2":"type-product","3":"status-publish","4":"has-post-thumbnail","6":"product_cat-creme-pour-le-soin-du-cuir","7":"product_tag-soins","8":"pa_geeignet-fuer-budapest","9":"pa_geeignet-fuer-chaussures-brillantes","10":"pa_geeignet-fuer-chaussures-denfants","11":"pa_geeignet-fuer-chaussures-de-travail","12":"pa_geeignet-fuer-chaussures-elegantes","13":"pa_geeignet-fuer-chaussures-pour-femmes","14":"pa_geeignet-fuer-chaussures-pour-hommes","15":"pa_geeignet-fuer-chaussures-professionnelles","16":"pa_geeignet-fuer-chaussures-sur-mesure","18":"first","19":"instock","20":"taxable","21":"shipping-taxable","22":"purchasable","23":"product-type-simple"},"yoast_head":"<!-- This site is optimized with the Yoast SEO plugin v27.3 - https:\/\/yoast.com\/product\/yoast-seo-wordpress\/ -->\n<title>Cr\u00e8me pour le cuir en bleu - Tapir Wachswaren<\/title>\n<meta name=\"description\" content=\"La cr\u00e8me de soin du cuir Tapir est un cirage pour les chaussures pour les soins r\u00e9guliers et pour l\u2019\u00e9clat des chaussures en cuir lisse. Bas\u00e9 sur des mati\u00e8res premi\u00e8res naturelles !\" \/>\n<meta name=\"robots\" content=\"index, follow, max-snippet:-1, max-image-preview:large, max-video-preview:-1\" \/>\n<link rel=\"canonical\" href=\"https:\/\/tapir.de\/fr\/shop\/creme-pour-le-cuir-en-bleu\/\" \/>\n<meta property=\"og:locale\" content=\"fr_FR\" \/>\n<meta property=\"og:type\" content=\"article\" \/>\n<meta property=\"og:title\" content=\"Cr\u00e8me pour le cuir en bleu - Tapir Wachswaren\" \/>\n<meta property=\"og:description\" content=\"La cr\u00e8me de soin du cuir Tapir est un cirage pour les chaussures pour les soins r\u00e9guliers et pour l\u2019\u00e9clat des chaussures en cuir lisse. Bas\u00e9 sur des mati\u00e8res premi\u00e8res naturelles !\" \/>\n<meta property=\"og:url\" content=\"https:\/\/tapir.de\/fr\/shop\/creme-pour-le-cuir-en-bleu\/\" \/>\n<meta property=\"og:site_name\" content=\"Tapir Wachswaren\" \/>\n<meta property=\"article:publisher\" content=\"https:\/\/www.facebook.com\/TapirWachswaren\/\" \/>\n<meta property=\"article:modified_time\" content=\"2026-01-26T12:07:07+00:00\" \/>\n<meta property=\"og:image\" content=\"https:\/\/tapir.de\/wp-content\/uploads\/2020\/05\/83075-Lederpflegecreme-scaled.jpg\" \/>\n\t<meta property=\"og:image:width\" content=\"2560\" \/>\n\t<meta property=\"og:image:height\" content=\"2560\" \/>\n\t<meta property=\"og:image:type\" content=\"image\/jpeg\" \/>\n<meta name=\"twitter:card\" content=\"summary_large_image\" \/>\n<meta name=\"twitter:label1\" content=\"Dur\u00e9e de lecture estim\u00e9e\" \/>\n\t<meta name=\"twitter:data1\" content=\"1 minute\" \/>\n<script type=\"application\/ld+json\" class=\"yoast-schema-graph\">{\"@context\":\"https:\\\/\\\/schema.org\",\"@graph\":[{\"@type\":\"WebPage\",\"@id\":\"https:\\\/\\\/tapir.de\\\/fr\\\/shop\\\/creme-pour-le-cuir-en-bleu\\\/\",\"url\":\"https:\\\/\\\/tapir.de\\\/fr\\\/shop\\\/creme-pour-le-cuir-en-bleu\\\/\",\"name\":\"Cr\u00e8me pour le cuir en bleu - Tapir Wachswaren\",\"isPartOf\":{\"@id\":\"https:\\\/\\\/tapir.de\\\/fr\\\/?lang=en\\\/#website\"},\"primaryImageOfPage\":{\"@id\":\"https:\\\/\\\/tapir.de\\\/fr\\\/shop\\\/creme-pour-le-cuir-en-bleu\\\/#primaryimage\"},\"image\":{\"@id\":\"https:\\\/\\\/tapir.de\\\/fr\\\/shop\\\/creme-pour-le-cuir-en-bleu\\\/#primaryimage\"},\"thumbnailUrl\":\"https:\\\/\\\/tapir.de\\\/wp-content\\\/uploads\\\/2020\\\/05\\\/83075-Lederpflegecreme-scaled.jpg\",\"datePublished\":\"2020-05-15T18:21:49+00:00\",\"dateModified\":\"2026-01-26T12:07:07+00:00\",\"description\":\"La cr\u00e8me de soin du cuir Tapir est un cirage pour les chaussures pour les soins r\u00e9guliers et pour l\u2019\u00e9clat des chaussures en cuir lisse. Bas\u00e9 sur des mati\u00e8res premi\u00e8res naturelles !\",\"breadcrumb\":{\"@id\":\"https:\\\/\\\/tapir.de\\\/fr\\\/shop\\\/creme-pour-le-cuir-en-bleu\\\/#breadcrumb\"},\"inLanguage\":\"fr-FR\",\"potentialAction\":[{\"@type\":\"ReadAction\",\"target\":[\"https:\\\/\\\/tapir.de\\\/fr\\\/shop\\\/creme-pour-le-cuir-en-bleu\\\/\"]}]},{\"@type\":\"ImageObject\",\"inLanguage\":\"fr-FR\",\"@id\":\"https:\\\/\\\/tapir.de\\\/fr\\\/shop\\\/creme-pour-le-cuir-en-bleu\\\/#primaryimage\",\"url\":\"https:\\\/\\\/tapir.de\\\/wp-content\\\/uploads\\\/2020\\\/05\\\/83075-Lederpflegecreme-scaled.jpg\",\"contentUrl\":\"https:\\\/\\\/tapir.de\\\/wp-content\\\/uploads\\\/2020\\\/05\\\/83075-Lederpflegecreme-scaled.jpg\",\"width\":2560,\"height\":2560},{\"@type\":\"BreadcrumbList\",\"@id\":\"https:\\\/\\\/tapir.de\\\/fr\\\/shop\\\/creme-pour-le-cuir-en-bleu\\\/#breadcrumb\",\"itemListElement\":[{\"@type\":\"ListItem\",\"position\":1,\"name\":\"Startseite\",\"item\":\"https:\\\/\\\/tapir.de\\\/fr\\\/\"},{\"@type\":\"ListItem\",\"position\":2,\"name\":\"Boutique\",\"item\":\"https:\\\/\\\/tapir.de\\\/fr\\\/boutique\\\/\"},{\"@type\":\"ListItem\",\"position\":3,\"name\":\"Cr\u00e8me pour le cuir en bleu\"}]},{\"@type\":\"WebSite\",\"@id\":\"https:\\\/\\\/tapir.de\\\/fr\\\/?lang=en\\\/#website\",\"url\":\"https:\\\/\\\/tapir.de\\\/fr\\\/?lang=en\\\/\",\"name\":\"Tapir Wachswaren\",\"description\":\"Nat\u00fcrliche Pflegeprodukte f\u00fcr Leder, Textil und Holz\",\"publisher\":{\"@id\":\"https:\\\/\\\/tapir.de\\\/fr\\\/?lang=en\\\/#organization\"},\"potentialAction\":[{\"@type\":\"SearchAction\",\"target\":{\"@type\":\"EntryPoint\",\"urlTemplate\":\"https:\\\/\\\/tapir.de\\\/fr\\\/?lang=en\\\/?s={search_term_string}\"},\"query-input\":{\"@type\":\"PropertyValueSpecification\",\"valueRequired\":true,\"valueName\":\"search_term_string\"}}],\"inLanguage\":\"fr-FR\"},{\"@type\":\"Organization\",\"@id\":\"https:\\\/\\\/tapir.de\\\/fr\\\/?lang=en\\\/#organization\",\"name\":\"Tapir Wachswaren\",\"url\":\"https:\\\/\\\/tapir.de\\\/fr\\\/?lang=en\\\/\",\"logo\":{\"@type\":\"ImageObject\",\"inLanguage\":\"fr-FR\",\"@id\":\"https:\\\/\\\/tapir.de\\\/fr\\\/?lang=en\\\/#\\\/schema\\\/logo\\\/image\\\/\",\"url\":\"https:\\\/\\\/tapir.de\\\/wp-content\\\/uploads\\\/2020\\\/11\\\/cropped-TAPIR_Wachswaren_logo.png\",\"contentUrl\":\"https:\\\/\\\/tapir.de\\\/wp-content\\\/uploads\\\/2020\\\/11\\\/cropped-TAPIR_Wachswaren_logo.png\",\"width\":512,\"height\":512,\"caption\":\"Tapir Wachswaren\"},\"image\":{\"@id\":\"https:\\\/\\\/tapir.de\\\/fr\\\/?lang=en\\\/#\\\/schema\\\/logo\\\/image\\\/\"},\"sameAs\":[\"https:\\\/\\\/www.facebook.com\\\/TapirWachswaren\\\/\",\"https:\\\/\\\/www.instagram.com\\\/tapir_pflegeprodukte\\\/?hl=de\"]}]}<\/script>\n<!-- \/ Yoast SEO plugin. -->","yoast_head_json":{"title":"Cr\u00e8me pour le cuir en bleu - Tapir Wachswaren","description":"La cr\u00e8me de soin du cuir Tapir est un cirage pour les chaussures pour les soins r\u00e9guliers et pour l\u2019\u00e9clat des chaussures en cuir lisse. Bas\u00e9 sur des mati\u00e8res premi\u00e8res naturelles !","robots":{"index":"index","follow":"follow","max-snippet":"max-snippet:-1","max-image-preview":"max-image-preview:large","max-video-preview":"max-video-preview:-1"},"canonical":"https:\/\/tapir.de\/fr\/shop\/creme-pour-le-cuir-en-bleu\/","og_locale":"fr_FR","og_type":"article","og_title":"Cr\u00e8me pour le cuir en bleu - Tapir Wachswaren","og_description":"La cr\u00e8me de soin du cuir Tapir est un cirage pour les chaussures pour les soins r\u00e9guliers et pour l\u2019\u00e9clat des chaussures en cuir lisse. Bas\u00e9 sur des mati\u00e8res premi\u00e8res naturelles !","og_url":"https:\/\/tapir.de\/fr\/shop\/creme-pour-le-cuir-en-bleu\/","og_site_name":"Tapir Wachswaren","article_publisher":"https:\/\/www.facebook.com\/TapirWachswaren\/","article_modified_time":"2026-01-26T12:07:07+00:00","og_image":[{"width":2560,"height":2560,"url":"https:\/\/tapir.de\/wp-content\/uploads\/2020\/05\/83075-Lederpflegecreme-scaled.jpg","type":"image\/jpeg"}],"twitter_card":"summary_large_image","twitter_misc":{"Dur\u00e9e de lecture estim\u00e9e":"1 minute"},"schema":{"@context":"https:\/\/schema.org","@graph":[{"@type":"WebPage","@id":"https:\/\/tapir.de\/fr\/shop\/creme-pour-le-cuir-en-bleu\/","url":"https:\/\/tapir.de\/fr\/shop\/creme-pour-le-cuir-en-bleu\/","name":"Cr\u00e8me pour le cuir en bleu - Tapir Wachswaren","isPartOf":{"@id":"https:\/\/tapir.de\/fr\/?lang=en\/#website"},"primaryImageOfPage":{"@id":"https:\/\/tapir.de\/fr\/shop\/creme-pour-le-cuir-en-bleu\/#primaryimage"},"image":{"@id":"https:\/\/tapir.de\/fr\/shop\/creme-pour-le-cuir-en-bleu\/#primaryimage"},"thumbnailUrl":"https:\/\/tapir.de\/wp-content\/uploads\/2020\/05\/83075-Lederpflegecreme-scaled.jpg","datePublished":"2020-05-15T18:21:49+00:00","dateModified":"2026-01-26T12:07:07+00:00","description":"La cr\u00e8me de soin du cuir Tapir est un cirage pour les chaussures pour les soins r\u00e9guliers et pour l\u2019\u00e9clat des chaussures en cuir lisse. Bas\u00e9 sur des mati\u00e8res premi\u00e8res naturelles !","breadcrumb":{"@id":"https:\/\/tapir.de\/fr\/shop\/creme-pour-le-cuir-en-bleu\/#breadcrumb"},"inLanguage":"fr-FR","potentialAction":[{"@type":"ReadAction","target":["https:\/\/tapir.de\/fr\/shop\/creme-pour-le-cuir-en-bleu\/"]}]},{"@type":"ImageObject","inLanguage":"fr-FR","@id":"https:\/\/tapir.de\/fr\/shop\/creme-pour-le-cuir-en-bleu\/#primaryimage","url":"https:\/\/tapir.de\/wp-content\/uploads\/2020\/05\/83075-Lederpflegecreme-scaled.jpg","contentUrl":"https:\/\/tapir.de\/wp-content\/uploads\/2020\/05\/83075-Lederpflegecreme-scaled.jpg","width":2560,"height":2560},{"@type":"BreadcrumbList","@id":"https:\/\/tapir.de\/fr\/shop\/creme-pour-le-cuir-en-bleu\/#breadcrumb","itemListElement":[{"@type":"ListItem","position":1,"name":"Startseite","item":"https:\/\/tapir.de\/fr\/"},{"@type":"ListItem","position":2,"name":"Boutique","item":"https:\/\/tapir.de\/fr\/boutique\/"},{"@type":"ListItem","position":3,"name":"Cr\u00e8me pour le cuir en bleu"}]},{"@type":"WebSite","@id":"https:\/\/tapir.de\/fr\/?lang=en\/#website","url":"https:\/\/tapir.de\/fr\/?lang=en\/","name":"Tapir Wachswaren","description":"Nat\u00fcrliche Pflegeprodukte f\u00fcr Leder, Textil und Holz","publisher":{"@id":"https:\/\/tapir.de\/fr\/?lang=en\/#organization"},"potentialAction":[{"@type":"SearchAction","target":{"@type":"EntryPoint","urlTemplate":"https:\/\/tapir.de\/fr\/?lang=en\/?s={search_term_string}"},"query-input":{"@type":"PropertyValueSpecification","valueRequired":true,"valueName":"search_term_string"}}],"inLanguage":"fr-FR"},{"@type":"Organization","@id":"https:\/\/tapir.de\/fr\/?lang=en\/#organization","name":"Tapir Wachswaren","url":"https:\/\/tapir.de\/fr\/?lang=en\/","logo":{"@type":"ImageObject","inLanguage":"fr-FR","@id":"https:\/\/tapir.de\/fr\/?lang=en\/#\/schema\/logo\/image\/","url":"https:\/\/tapir.de\/wp-content\/uploads\/2020\/11\/cropped-TAPIR_Wachswaren_logo.png","contentUrl":"https:\/\/tapir.de\/wp-content\/uploads\/2020\/11\/cropped-TAPIR_Wachswaren_logo.png","width":512,"height":512,"caption":"Tapir Wachswaren"},"image":{"@id":"https:\/\/tapir.de\/fr\/?lang=en\/#\/schema\/logo\/image\/"},"sameAs":["https:\/\/www.facebook.com\/TapirWachswaren\/","https:\/\/www.instagram.com\/tapir_pflegeprodukte\/?hl=de"]}]}},"_links":{"self":[{"href":"https:\/\/tapir.de\/fr\/wp-json\/wp\/v2\/product\/21115","targetHints":{"allow":["GET"]}}],"collection":[{"href":"https:\/\/tapir.de\/fr\/wp-json\/wp\/v2\/product"}],"about":[{"href":"https:\/\/tapir.de\/fr\/wp-json\/wp\/v2\/types\/product"}],"wp:featuredmedia":[{"embeddable":true,"href":"https:\/\/tapir.de\/fr\/wp-json\/wp\/v2\/media\/21116"}],"wp:attachment":[{"href":"https:\/\/tapir.de\/fr\/wp-json\/wp\/v2\/media?parent=21115"}],"wp:term":[{"taxonomy":"product_brand","embeddable":true,"href":"https:\/\/tapir.de\/fr\/wp-json\/wp\/v2\/product_brand?post=21115"},{"taxonomy":"product_cat","embeddable":true,"href":"https:\/\/tapir.de\/fr\/wp-json\/wp\/v2\/product_cat?post=21115"},{"taxonomy":"product_tag","embeddable":true,"href":"https:\/\/tapir.de\/fr\/wp-json\/wp\/v2\/product_tag?post=21115"}],"curies":[{"name":"wp","href":"https:\/\/api.w.org\/{rel}","templated":true}]}}