{"id":21092,"date":"2020-05-25T09:40:31","date_gmt":"2020-05-25T07:40:31","guid":{"rendered":"https:\/\/tapir.de\/shop\/polissage-a-meubles-koendringer-par-tapir\/"},"modified":"2026-01-26T13:06:39","modified_gmt":"2026-01-26T12:06:39","slug":"polissage-a-meubles-koendringer-par-tapir","status":"publish","type":"product","link":"https:\/\/tapir.de\/fr\/shop\/polissage-a-meubles-koendringer-par-tapir\/","title":{"rendered":"Polissage \u00e0 meubles K\u00f6ndringer par Tapir"},"content":{"rendered":"<h1><strong><span style=\"color: #a90533;\">K\u00f6ndringer Furniture Polish par Tapir \u2013 Entretien naturel de votre mobilier en bois<\/span><\/strong><\/h1>\n<p>D\u00e9couvrez un entretien durable et respectueux de l\u2019environnement avec le polish \u00e0 meubles K\u00f6ndringer. Ce produit est fabriqu\u00e9 \u00e0 partir de mati\u00e8res premi\u00e8res naturelles soigneusement s\u00e9lectionn\u00e9es, \u00e0 la fois nettoyantes et nourrissantes. Que vos meubles soient en bois \u00e9maill\u00e9, poli ou laqu\u00e9, ou qu\u2019il s\u2019agisse d\u2019antiquit\u00e9s pr\u00e9cieuses, ce vernis apportera un nouvel \u00e9clat et une fra\u00eecheur \u00e0 votre maison. Le grain naturel du bois est mis en avant, donnant au mobilier un \u00e9clat \u00e9l\u00e9gant et soyeux.   <\/p>\n<p>Une particularit\u00e9 du cirage pour meubles K\u00f6ndringer est sa polyvalence. Il convient non seulement aux surfaces en bois, mais aussi aux objets en pierre. L\u2019huile qu\u2019il contient conf\u00e8re \u00e9galement aux surfaces de pierre un \u00e9clat attrayant tout en offrant une protection efficace. Ainsi, vous pouvez \u00eatre s\u00fbr que vos objets en bois et en pierre sont parfaitement entretenus.   <\/p>\n<h2><strong><span style=\"color: #a90533;\">Caract\u00e9ristiques du produit<\/span><\/strong><\/h2>\n<p>Le cirage pour meubles K\u00f6ndringer de Tapir offre de nombreux avantages qui en font le choix id\u00e9al pour tous les besoins d\u2019entretien du mobilier :<\/p>\n<ol>\n<li><strong>Adapt\u00e9 aux meubles en bois et aux antiquit\u00e9s :<\/strong> Ce vernis est parfait pour toutes les pi\u00e8ces pr\u00e9cieuses de votre maison. Qu\u2019il s\u2019agisse de meubles modernes ou de tr\u00e9sors anciens, le polissage fait ressortir le meilleur de chaque pi\u00e8ce. <\/li>\n<li><strong>Fait main en Allemagne :<\/strong> Le cirage pour meubles est fabriqu\u00e9 avec amour et soin en Allemagne. Cela garantit une qualit\u00e9 \u00e9lev\u00e9e et un produit fiable. <\/li>\n<li><strong>Emballage durable :<\/strong> Emball\u00e9 dans une bouteille en verre \u00e9cologique d\u2019une capacit\u00e9 de 200 ml, K\u00f6ndringer M\u00f6belpolish repose sur des solutions d\u2019emballage durables.<\/li>\n<li><strong>\u00c9cologique et durable :<\/strong> La formule est fabriqu\u00e9e \u00e0 partir de mati\u00e8res premi\u00e8res enti\u00e8rement naturelles et respectueuses de l\u2019environnement. De cette mani\u00e8re, vous contribuez activement \u00e0 la protection de l\u2019environnement. <\/li>\n<li><strong>Certification NCP :<\/strong> Le polonais r\u00e9pond aux normes les plus \u00e9lev\u00e9es en mati\u00e8re de produits \u00e9cologiques, ce qui lui a valu la certification NCP. Avec cela, vous pouvez \u00eatre s\u00fbr d\u2019utiliser un produit de haute qualit\u00e9. <\/li>\n<li><strong>V\u00e9gane :<\/strong> Les ingr\u00e9dients du vernis sont exempts de composants animaux, ce qui en fait un choix v\u00e9gane pour les consommateurs soucieux de l\u2019environnement.<\/li>\n<li><strong>Artisanat traditionnel :<\/strong> D\u00e9velopp\u00e9 selon la recette originale du restaurateur Peter Haas, le polish pour meubles K\u00f6ndringer combine un savoir-faire traditionnel et des standards modernes.<\/li>\n<\/ol>\n<h3><strong><span style=\"color: #a90533;\">Application<\/span><\/strong><\/h3>\n<p>L\u2019application du polish pour meubles K\u00f6ndringer ne pourrait pas \u00eatre plus simple. Secouez bien la bouteille pour activer les ingr\u00e9dients. Ensuite, appliquez le polish finement sur la surface de vos meubles avec un chiffon doux \u00e0 polir. Laissez le vernis un court moment puis polissez \u00e0 nouveau. Le r\u00e9sultat vous inspirera : vos meubles brillent d\u2019une beaut\u00e9 radieuse tout en \u00e9tant parfaitement prot\u00e9g\u00e9s.    <\/p>\n<h3><span style=\"color: #a90533;\"><strong>Ingr\u00e9dients<\/strong><\/span><\/h3>\n<p>Le polish pour meubles K\u00f6ndringer contient les ingr\u00e9dients de haute qualit\u00e9 suivants :<\/p>\n<ul>\n<li><strong>Huile de lin :<\/strong> Pour des soins profonds.<\/li>\n<li><strong>Vinaigre :<\/strong> Assure un nettoyage en profondeur.<\/li>\n<li><strong>Huile d\u2019orange :<\/strong> Cela donne au vernis un parfum agr\u00e9able et soutient les soins.<\/li>\n<\/ul>\n<p>(<em>Les ingr\u00e9dients proviennent d\u2019une agriculture biologique certifi\u00e9e.)<\/em><\/p>\n<h3><strong><span style=\"color: #a90533;\">Conclusion<\/span><\/strong><\/h3>\n<p>Le cirage \u00e0 meubles K\u00f6ndringer est la solution id\u00e9ale pour ceux qui souhaitent donner \u00e0 leurs meubles en bois et antiquit\u00e9s un \u00e9clat naturel. Gr\u00e2ce \u00e0 son approche \u00e9cologique, sa qualit\u00e9 de fabrication et sa facilit\u00e9 d\u2019utilisation, c\u2019est le choix id\u00e9al pour les consommateurs soucieux de l\u2019environnement. Prenez soin de vos meubles et profitez-en de la beaut\u00e9 pendant de nombreuses ann\u00e9es !  <\/p>\n","protected":false},"excerpt":{"rendered":"<p>Le cirage pour meubles de K\u00f6ndringer nettoie et prend soin des surfaces en bois laqu\u00e9e, polie et cir\u00e9e. Il est id\u00e9al pour le mobilier en bois tel que les tables, antiquit\u00e9s, chaises et placards. Ce produit naturel pur est produit de mani\u00e8re durable en Allemagne et est 100 % fait \u00e0 la main. Le vernis est livr\u00e9 dans une bouteille en verre \u00e9cologique de 200 ml et r\u00e9pond aux normes NCP pour les produits \u00e9cologiques. Donnez un nouvel \u00e9clat \u00e0 vos meubles tout en les prot\u00e9geant gr\u00e2ce \u00e0 ces soins de qualit\u00e9 !    <\/p>\n<p>&nbsp;<\/p>\n","protected":false},"featured_media":20590,"template":"","meta":[],"product_brand":[],"product_cat":[956],"product_tag":[979,977,978,980],"class_list":{"0":"post-21092","1":"product","2":"type-product","3":"status-publish","4":"has-post-thumbnail","6":"product_cat-produits-dentretien-du-bois","7":"product_tag-antiquites","8":"product_tag-bois","9":"product_tag-entretien-du-bois","10":"product_tag-tableau","11":"pa_geeignet-fuer-antiquites","12":"pa_geeignet-fuer-bureau","13":"pa_geeignet-fuer-couvertures-de-livres-en-cuir","14":"pa_geeignet-fuer-mobilier","15":"pa_geeignet-fuer-mobilier-en-bois","16":"pa_geeignet-fuer-plateau","18":"first","19":"instock","20":"taxable","21":"shipping-taxable","22":"purchasable","23":"product-type-simple"},"yoast_head":"<!-- This site is optimized with the Yoast SEO plugin v27.4 - https:\/\/yoast.com\/product\/yoast-seo-wordpress\/ -->\n<title>Polissage \u00e0 meubles K\u00f6ndringer par Tapir - Tapir Wachswaren<\/title>\n<meta name=\"description\" content=\"Cirage \u00e0 meubles K\u00f6ndringer de Tapir pour vos surfaces en bois, antiquit\u00e9s. Le bois pousse naturellement et prend beaucoup soin.\" \/>\n<meta name=\"robots\" content=\"index, follow, max-snippet:-1, max-image-preview:large, max-video-preview:-1\" \/>\n<link rel=\"canonical\" href=\"https:\/\/tapir.de\/fr\/shop\/polissage-a-meubles-koendringer-par-tapir\/\" \/>\n<meta property=\"og:locale\" content=\"fr_FR\" \/>\n<meta property=\"og:type\" content=\"article\" \/>\n<meta property=\"og:title\" content=\"Polissage \u00e0 meubles K\u00f6ndringer par Tapir - Tapir Wachswaren\" \/>\n<meta property=\"og:description\" content=\"Cirage \u00e0 meubles K\u00f6ndringer de Tapir pour vos surfaces en bois, antiquit\u00e9s. Le bois pousse naturellement et prend beaucoup soin.\" \/>\n<meta property=\"og:url\" content=\"https:\/\/tapir.de\/fr\/shop\/polissage-a-meubles-koendringer-par-tapir\/\" \/>\n<meta property=\"og:site_name\" content=\"Tapir Wachswaren\" \/>\n<meta property=\"article:publisher\" content=\"https:\/\/www.facebook.com\/TapirWachswaren\/\" \/>\n<meta property=\"article:modified_time\" content=\"2026-01-26T12:06:39+00:00\" \/>\n<meta property=\"og:image\" content=\"https:\/\/tapir.de\/wp-content\/uploads\/2020\/05\/75200-Koendringer_Moebelpolitur_von_Tapir.jpg\" \/>\n\t<meta property=\"og:image:width\" content=\"1500\" \/>\n\t<meta property=\"og:image:height\" content=\"1500\" \/>\n\t<meta property=\"og:image:type\" content=\"image\/jpeg\" \/>\n<meta name=\"twitter:card\" content=\"summary_large_image\" \/>\n<meta name=\"twitter:label1\" content=\"Dur\u00e9e de lecture estim\u00e9e\" \/>\n\t<meta name=\"twitter:data1\" content=\"3 minutes\" \/>\n<script type=\"application\/ld+json\" class=\"yoast-schema-graph\">{\"@context\":\"https:\\\/\\\/schema.org\",\"@graph\":[{\"@type\":\"WebPage\",\"@id\":\"https:\\\/\\\/tapir.de\\\/fr\\\/shop\\\/polissage-a-meubles-koendringer-par-tapir\\\/\",\"url\":\"https:\\\/\\\/tapir.de\\\/fr\\\/shop\\\/polissage-a-meubles-koendringer-par-tapir\\\/\",\"name\":\"Polissage \u00e0 meubles K\u00f6ndringer par Tapir - Tapir Wachswaren\",\"isPartOf\":{\"@id\":\"https:\\\/\\\/tapir.de\\\/fr\\\/?lang=en\\\/#website\"},\"primaryImageOfPage\":{\"@id\":\"https:\\\/\\\/tapir.de\\\/fr\\\/shop\\\/polissage-a-meubles-koendringer-par-tapir\\\/#primaryimage\"},\"image\":{\"@id\":\"https:\\\/\\\/tapir.de\\\/fr\\\/shop\\\/polissage-a-meubles-koendringer-par-tapir\\\/#primaryimage\"},\"thumbnailUrl\":\"https:\\\/\\\/tapir.de\\\/wp-content\\\/uploads\\\/2020\\\/05\\\/75200-Koendringer_Moebelpolitur_von_Tapir.jpg\",\"datePublished\":\"2020-05-25T07:40:31+00:00\",\"dateModified\":\"2026-01-26T12:06:39+00:00\",\"description\":\"Cirage \u00e0 meubles K\u00f6ndringer de Tapir pour vos surfaces en bois, antiquit\u00e9s. Le bois pousse naturellement et prend beaucoup soin.\",\"breadcrumb\":{\"@id\":\"https:\\\/\\\/tapir.de\\\/fr\\\/shop\\\/polissage-a-meubles-koendringer-par-tapir\\\/#breadcrumb\"},\"inLanguage\":\"fr-FR\",\"potentialAction\":[{\"@type\":\"ReadAction\",\"target\":[\"https:\\\/\\\/tapir.de\\\/fr\\\/shop\\\/polissage-a-meubles-koendringer-par-tapir\\\/\"]}]},{\"@type\":\"ImageObject\",\"inLanguage\":\"fr-FR\",\"@id\":\"https:\\\/\\\/tapir.de\\\/fr\\\/shop\\\/polissage-a-meubles-koendringer-par-tapir\\\/#primaryimage\",\"url\":\"https:\\\/\\\/tapir.de\\\/wp-content\\\/uploads\\\/2020\\\/05\\\/75200-Koendringer_Moebelpolitur_von_Tapir.jpg\",\"contentUrl\":\"https:\\\/\\\/tapir.de\\\/wp-content\\\/uploads\\\/2020\\\/05\\\/75200-Koendringer_Moebelpolitur_von_Tapir.jpg\",\"width\":1500,\"height\":1500},{\"@type\":\"BreadcrumbList\",\"@id\":\"https:\\\/\\\/tapir.de\\\/fr\\\/shop\\\/polissage-a-meubles-koendringer-par-tapir\\\/#breadcrumb\",\"itemListElement\":[{\"@type\":\"ListItem\",\"position\":1,\"name\":\"Startseite\",\"item\":\"https:\\\/\\\/tapir.de\\\/fr\\\/\"},{\"@type\":\"ListItem\",\"position\":2,\"name\":\"Boutique\",\"item\":\"https:\\\/\\\/tapir.de\\\/fr\\\/boutique\\\/\"},{\"@type\":\"ListItem\",\"position\":3,\"name\":\"Polissage \u00e0 meubles K\u00f6ndringer par Tapir\"}]},{\"@type\":\"WebSite\",\"@id\":\"https:\\\/\\\/tapir.de\\\/fr\\\/?lang=en\\\/#website\",\"url\":\"https:\\\/\\\/tapir.de\\\/fr\\\/?lang=en\\\/\",\"name\":\"Tapir Wachswaren\",\"description\":\"Nat\u00fcrliche Pflegeprodukte f\u00fcr Leder, Textil und Holz\",\"publisher\":{\"@id\":\"https:\\\/\\\/tapir.de\\\/fr\\\/?lang=en\\\/#organization\"},\"potentialAction\":[{\"@type\":\"SearchAction\",\"target\":{\"@type\":\"EntryPoint\",\"urlTemplate\":\"https:\\\/\\\/tapir.de\\\/fr\\\/?lang=en\\\/?s={search_term_string}\"},\"query-input\":{\"@type\":\"PropertyValueSpecification\",\"valueRequired\":true,\"valueName\":\"search_term_string\"}}],\"inLanguage\":\"fr-FR\"},{\"@type\":\"Organization\",\"@id\":\"https:\\\/\\\/tapir.de\\\/fr\\\/?lang=en\\\/#organization\",\"name\":\"Tapir Wachswaren\",\"url\":\"https:\\\/\\\/tapir.de\\\/fr\\\/?lang=en\\\/\",\"logo\":{\"@type\":\"ImageObject\",\"inLanguage\":\"fr-FR\",\"@id\":\"https:\\\/\\\/tapir.de\\\/fr\\\/?lang=en\\\/#\\\/schema\\\/logo\\\/image\\\/\",\"url\":\"https:\\\/\\\/tapir.de\\\/wp-content\\\/uploads\\\/2020\\\/11\\\/cropped-TAPIR_Wachswaren_logo.png\",\"contentUrl\":\"https:\\\/\\\/tapir.de\\\/wp-content\\\/uploads\\\/2020\\\/11\\\/cropped-TAPIR_Wachswaren_logo.png\",\"width\":512,\"height\":512,\"caption\":\"Tapir Wachswaren\"},\"image\":{\"@id\":\"https:\\\/\\\/tapir.de\\\/fr\\\/?lang=en\\\/#\\\/schema\\\/logo\\\/image\\\/\"},\"sameAs\":[\"https:\\\/\\\/www.facebook.com\\\/TapirWachswaren\\\/\",\"https:\\\/\\\/www.instagram.com\\\/tapir_pflegeprodukte\\\/?hl=de\"]}]}<\/script>\n<!-- \/ Yoast SEO plugin. -->","yoast_head_json":{"title":"Polissage \u00e0 meubles K\u00f6ndringer par Tapir - Tapir Wachswaren","description":"Cirage \u00e0 meubles K\u00f6ndringer de Tapir pour vos surfaces en bois, antiquit\u00e9s. Le bois pousse naturellement et prend beaucoup soin.","robots":{"index":"index","follow":"follow","max-snippet":"max-snippet:-1","max-image-preview":"max-image-preview:large","max-video-preview":"max-video-preview:-1"},"canonical":"https:\/\/tapir.de\/fr\/shop\/polissage-a-meubles-koendringer-par-tapir\/","og_locale":"fr_FR","og_type":"article","og_title":"Polissage \u00e0 meubles K\u00f6ndringer par Tapir - Tapir Wachswaren","og_description":"Cirage \u00e0 meubles K\u00f6ndringer de Tapir pour vos surfaces en bois, antiquit\u00e9s. Le bois pousse naturellement et prend beaucoup soin.","og_url":"https:\/\/tapir.de\/fr\/shop\/polissage-a-meubles-koendringer-par-tapir\/","og_site_name":"Tapir Wachswaren","article_publisher":"https:\/\/www.facebook.com\/TapirWachswaren\/","article_modified_time":"2026-01-26T12:06:39+00:00","og_image":[{"width":1500,"height":1500,"url":"https:\/\/tapir.de\/wp-content\/uploads\/2020\/05\/75200-Koendringer_Moebelpolitur_von_Tapir.jpg","type":"image\/jpeg"}],"twitter_card":"summary_large_image","twitter_misc":{"Dur\u00e9e de lecture estim\u00e9e":"3 minutes"},"schema":{"@context":"https:\/\/schema.org","@graph":[{"@type":"WebPage","@id":"https:\/\/tapir.de\/fr\/shop\/polissage-a-meubles-koendringer-par-tapir\/","url":"https:\/\/tapir.de\/fr\/shop\/polissage-a-meubles-koendringer-par-tapir\/","name":"Polissage \u00e0 meubles K\u00f6ndringer par Tapir - Tapir Wachswaren","isPartOf":{"@id":"https:\/\/tapir.de\/fr\/?lang=en\/#website"},"primaryImageOfPage":{"@id":"https:\/\/tapir.de\/fr\/shop\/polissage-a-meubles-koendringer-par-tapir\/#primaryimage"},"image":{"@id":"https:\/\/tapir.de\/fr\/shop\/polissage-a-meubles-koendringer-par-tapir\/#primaryimage"},"thumbnailUrl":"https:\/\/tapir.de\/wp-content\/uploads\/2020\/05\/75200-Koendringer_Moebelpolitur_von_Tapir.jpg","datePublished":"2020-05-25T07:40:31+00:00","dateModified":"2026-01-26T12:06:39+00:00","description":"Cirage \u00e0 meubles K\u00f6ndringer de Tapir pour vos surfaces en bois, antiquit\u00e9s. Le bois pousse naturellement et prend beaucoup soin.","breadcrumb":{"@id":"https:\/\/tapir.de\/fr\/shop\/polissage-a-meubles-koendringer-par-tapir\/#breadcrumb"},"inLanguage":"fr-FR","potentialAction":[{"@type":"ReadAction","target":["https:\/\/tapir.de\/fr\/shop\/polissage-a-meubles-koendringer-par-tapir\/"]}]},{"@type":"ImageObject","inLanguage":"fr-FR","@id":"https:\/\/tapir.de\/fr\/shop\/polissage-a-meubles-koendringer-par-tapir\/#primaryimage","url":"https:\/\/tapir.de\/wp-content\/uploads\/2020\/05\/75200-Koendringer_Moebelpolitur_von_Tapir.jpg","contentUrl":"https:\/\/tapir.de\/wp-content\/uploads\/2020\/05\/75200-Koendringer_Moebelpolitur_von_Tapir.jpg","width":1500,"height":1500},{"@type":"BreadcrumbList","@id":"https:\/\/tapir.de\/fr\/shop\/polissage-a-meubles-koendringer-par-tapir\/#breadcrumb","itemListElement":[{"@type":"ListItem","position":1,"name":"Startseite","item":"https:\/\/tapir.de\/fr\/"},{"@type":"ListItem","position":2,"name":"Boutique","item":"https:\/\/tapir.de\/fr\/boutique\/"},{"@type":"ListItem","position":3,"name":"Polissage \u00e0 meubles K\u00f6ndringer par Tapir"}]},{"@type":"WebSite","@id":"https:\/\/tapir.de\/fr\/?lang=en\/#website","url":"https:\/\/tapir.de\/fr\/?lang=en\/","name":"Tapir Wachswaren","description":"Nat\u00fcrliche Pflegeprodukte f\u00fcr Leder, Textil und Holz","publisher":{"@id":"https:\/\/tapir.de\/fr\/?lang=en\/#organization"},"potentialAction":[{"@type":"SearchAction","target":{"@type":"EntryPoint","urlTemplate":"https:\/\/tapir.de\/fr\/?lang=en\/?s={search_term_string}"},"query-input":{"@type":"PropertyValueSpecification","valueRequired":true,"valueName":"search_term_string"}}],"inLanguage":"fr-FR"},{"@type":"Organization","@id":"https:\/\/tapir.de\/fr\/?lang=en\/#organization","name":"Tapir Wachswaren","url":"https:\/\/tapir.de\/fr\/?lang=en\/","logo":{"@type":"ImageObject","inLanguage":"fr-FR","@id":"https:\/\/tapir.de\/fr\/?lang=en\/#\/schema\/logo\/image\/","url":"https:\/\/tapir.de\/wp-content\/uploads\/2020\/11\/cropped-TAPIR_Wachswaren_logo.png","contentUrl":"https:\/\/tapir.de\/wp-content\/uploads\/2020\/11\/cropped-TAPIR_Wachswaren_logo.png","width":512,"height":512,"caption":"Tapir Wachswaren"},"image":{"@id":"https:\/\/tapir.de\/fr\/?lang=en\/#\/schema\/logo\/image\/"},"sameAs":["https:\/\/www.facebook.com\/TapirWachswaren\/","https:\/\/www.instagram.com\/tapir_pflegeprodukte\/?hl=de"]}]}},"_links":{"self":[{"href":"https:\/\/tapir.de\/fr\/wp-json\/wp\/v2\/product\/21092","targetHints":{"allow":["GET"]}}],"collection":[{"href":"https:\/\/tapir.de\/fr\/wp-json\/wp\/v2\/product"}],"about":[{"href":"https:\/\/tapir.de\/fr\/wp-json\/wp\/v2\/types\/product"}],"wp:featuredmedia":[{"embeddable":true,"href":"https:\/\/tapir.de\/fr\/wp-json\/wp\/v2\/media\/20590"}],"wp:attachment":[{"href":"https:\/\/tapir.de\/fr\/wp-json\/wp\/v2\/media?parent=21092"}],"wp:term":[{"taxonomy":"product_brand","embeddable":true,"href":"https:\/\/tapir.de\/fr\/wp-json\/wp\/v2\/product_brand?post=21092"},{"taxonomy":"product_cat","embeddable":true,"href":"https:\/\/tapir.de\/fr\/wp-json\/wp\/v2\/product_cat?post=21092"},{"taxonomy":"product_tag","embeddable":true,"href":"https:\/\/tapir.de\/fr\/wp-json\/wp\/v2\/product_tag?post=21092"}],"curies":[{"name":"wp","href":"https:\/\/api.w.org\/{rel}","templated":true}]}}