{"id":21080,"date":"2020-05-25T09:19:10","date_gmt":"2020-05-25T07:19:10","guid":{"rendered":"https:\/\/tapir.de\/shop\/dehors-nettoyage\/"},"modified":"2026-01-26T13:06:29","modified_gmt":"2026-01-26T12:06:29","slug":"dehors-nettoyage","status":"publish","type":"product","link":"https:\/\/tapir.de\/fr\/shop\/dehors-nettoyage\/","title":{"rendered":"Dehors ! Nettoyage"},"content":{"rendered":"<p><span style=\"font-size: 140%; color: #a90533;\"><strong>Tapir Dehors ! Nettoyage \u2013 D\u00e9couvrez le nettoyant ultime pour toutes vos chaussures et v\u00eatements d\u2019ext\u00e9rieur <\/strong><\/span><\/p>\n<p>La recherche d\u2019un nettoyant \u00e9cologique pour les chaussures de randonn\u00e9e, les chaussures d\u2019enfant ou les chaussures pieds nus, qu\u2019elles soient en cuir, en tissu ou en tissu multifonctionnel, est termin\u00e9e. Avec le nettoyant pour tapir de la <strong>gamme Tapir Outdoors&nbsp;!,<\/strong> chaque chaussure sera propre en un rien de temps et brillera comme neuve. <\/p>\n<p>Notre nettoyant convainc gr\u00e2ce \u00e0 sa formule de nettoyage douce mais efficace, m\u00e9lang\u00e9e \u00e0 de l\u2019eau et \u00e9liminant m\u00eame la salet\u00e9 tenace. Il suffit d\u2019appliquer avec l\u2019\u00e9ponge Tapir Spring et de d\u00e9couvrir comment vos chaussures brillent \u00e0 nouveau dans une nouvelle splendeur ! <\/p>\n<h4><strong style=\"color: #a90533; font-size: 120%;\">Caract\u00e9ristiques du produit :<\/strong><\/h4>\n<ul>\n<li><strong>Application polyvalente<\/strong> : Parfaite pour les chaussures de randonn\u00e9e, les chaussures d\u2019enfant, les chaussures pieds nus et bien plus encore<\/li>\n<li><strong>Douce sur le mat\u00e9riau<\/strong> : Adapt\u00e9e au cuir, au tissu et aux tissus multifonctionnels<\/li>\n<li><strong>Respectueux de l\u2019environnement<\/strong> : fabriqu\u00e9 \u00e0 partir de mati\u00e8res premi\u00e8res naturelles<\/li>\n<li><strong>Facile \u00e0 utiliser<\/strong> : m\u00e9langez avec de l\u2019eau et appliquez avec la Tapir Sponge<\/li>\n<\/ul>\n<p>Combinez le nettoyant avec le  <a href=\"https:\/\/tapir.de\/shop\/naesseschutz\"><strong>Tapir Dehors ! Protection contre l\u2019humidit\u00e9 <\/strong><\/a>Non seulement pour nettoyer vos chaussures, mais aussi pour les f\u00e9conder de mani\u00e8re optimale. Vous \u00eates donc bien pr\u00e9par\u00e9 pour votre prochaine randonn\u00e9e, promenade ou saut de flaque. <\/p>\n<p>Notre nettoyant est \u00e9galement id\u00e9al pour les v\u00eatements d\u2019ext\u00e9rieur pour enfants et adultes. Faites confiance au pouvoir nettoyant naturel du tapir et profitez de vos aventures en nature avec un \u00e9quipement parfaitement entretenu ! <\/p>\n<p><span style=\"color: #a90533; font-size: 120%;\"><strong>Application et dosage :<\/strong><\/span><br \/>\nSecouez bien avant de l\u2019utiliser !<br \/>\nDiluez le nettoyant Tapir \u00ab Outdoor \u00bb dans un ratio de 1:10 avec de l\u2019eau et nettoyez les chaussures avec la mousse obtenue.<br \/>\nPour les taches et la salet\u00e9 tenace, il suffit de mettre quelques gouttes de nettoyant pour tapir directement sur la brosse\/\u00e9ponge humide et de frotter jusqu\u2019\u00e0 former une mousse fine. Laissez le nettoyant (mousse) faire effet.  Puis rincez soigneusement \u00e0 l\u2019eau. R\u00e9p\u00e9tez le processus si n\u00e9cessaire.<br \/>\nVeuillez noter les instructions du fabricant pour les textiles ! <\/p>\n<p><strong><span style=\"color: #333333;\">Contenu :<\/span><\/strong> 200 ml en bouteille incluse. \u00c9ponge de Tapir Spring<\/p>\n<p><strong style=\"color: #a90533; font-size: 120%;\">Caract\u00e9ristiques du produit :<\/strong><\/p>\n<ul>\n<li>Nettoyant pour chaussures et v\u00eatements<\/li>\n<li>Pour les chaussures de randonn\u00e9e, chaussures pieds nus, chaussures de course fabriqu\u00e9es en diff\u00e9rents mat\u00e9riaux (cuir, laine, tissus multifonctions, coton)<\/li>\n<li>Constamment \u00e9cologique<\/li>\n<li>fabriqu\u00e9 \u00e0 partir de mati\u00e8res premi\u00e8res naturelles<\/li>\n<li><a href=\"https:\/\/gfaw.eu\/ncp\/\">NCP<\/a> Certification<\/li>\n<li>Vegan<\/li>\n<li>Faits main en Allemagne<\/li>\n<\/ul>\n<p><strong>INGR\u00c9DIENTS :<\/strong> Nettoyant panam\u00e9en, sucre surfactant, eau<\/p>\n","protected":false},"excerpt":{"rendered":"<p>Un nettoyant pour le cuir, le tissu ou les chaussures fonctionnelles ainsi que les v\u00eatements.<\/p>\n<p>Contenu : 200 ml en bouteille incluse. \u00c9ponge de Tapir Spring<\/p>\n","protected":false},"featured_media":21081,"template":"","meta":[],"product_brand":[],"product_cat":[961],"product_tag":[871],"class_list":{"0":"post-21080","1":"product","2":"type-product","3":"status-publish","4":"has-post-thumbnail","6":"product_cat-outdoorpflege","7":"product_tag-nettoyage","8":"pa_geeignet-fuer-anorak","9":"pa_geeignet-fuer-baskets","10":"pa_geeignet-fuer-chaussures-de-randonnee","11":"pa_geeignet-fuer-chaussures-en-daim","12":"pa_geeignet-fuer-chaussures-nubuck","13":"pa_geeignet-fuer-chaussures-pieds-nus","14":"pa_geeignet-fuer-pantalon-de-pluie","15":"pa_geeignet-fuer-sacs","16":"pa_geeignet-fuer-sacs-a-velo","17":"pa_geeignet-fuer-sacs-moto","18":"pa_geeignet-fuer-tentes","19":"pa_geeignet-fuer-tipis","20":"pa_geeignet-fuer-veste-impermeable","21":"pa_geeignet-fuer-vetements-fonctionnels","23":"first","24":"instock","25":"taxable","26":"shipping-taxable","27":"purchasable","28":"product-type-simple"},"yoast_head":"<!-- This site is optimized with the Yoast SEO plugin v27.4 - https:\/\/yoast.com\/product\/yoast-seo-wordpress\/ -->\n<title>Dehors ! Nettoyage - Tapir Wachswaren<\/title>\n<meta name=\"description\" content=\"Tapir Dehors ! Nettoyant pour chaussures et v\u00eatements. Id\u00e9al pour des chaussures de randonn\u00e9e ou pieds nus, adapt\u00e9 \u00e0 tous les mat\u00e9riaux.\" \/>\n<meta name=\"robots\" content=\"index, follow, max-snippet:-1, max-image-preview:large, max-video-preview:-1\" \/>\n<link rel=\"canonical\" href=\"https:\/\/tapir.de\/fr\/shop\/dehors-nettoyage\/\" \/>\n<meta property=\"og:locale\" content=\"fr_FR\" \/>\n<meta property=\"og:type\" content=\"article\" \/>\n<meta property=\"og:title\" content=\"Dehors ! Nettoyage - Tapir Wachswaren\" \/>\n<meta property=\"og:description\" content=\"Tapir Dehors ! Nettoyant pour chaussures et v\u00eatements. Id\u00e9al pour des chaussures de randonn\u00e9e ou pieds nus, adapt\u00e9 \u00e0 tous les mat\u00e9riaux.\" \/>\n<meta property=\"og:url\" content=\"https:\/\/tapir.de\/fr\/shop\/dehors-nettoyage\/\" \/>\n<meta property=\"og:site_name\" content=\"Tapir Wachswaren\" \/>\n<meta property=\"article:publisher\" content=\"https:\/\/www.facebook.com\/TapirWachswaren\/\" \/>\n<meta property=\"article:modified_time\" content=\"2026-01-26T12:06:29+00:00\" \/>\n<meta property=\"og:image\" content=\"https:\/\/tapir.de\/wp-content\/uploads\/2020\/05\/62200-Reiniger-Draussen-unterwegs-Tapir-3.jpg\" \/>\n\t<meta property=\"og:image:width\" content=\"1500\" \/>\n\t<meta property=\"og:image:height\" content=\"1500\" \/>\n\t<meta property=\"og:image:type\" content=\"image\/jpeg\" \/>\n<meta name=\"twitter:card\" content=\"summary_large_image\" \/>\n<meta name=\"twitter:label1\" content=\"Dur\u00e9e de lecture estim\u00e9e\" \/>\n\t<meta name=\"twitter:data1\" content=\"2 minutes\" \/>\n<script type=\"application\/ld+json\" class=\"yoast-schema-graph\">{\"@context\":\"https:\\\/\\\/schema.org\",\"@graph\":[{\"@type\":\"WebPage\",\"@id\":\"https:\\\/\\\/tapir.de\\\/fr\\\/shop\\\/dehors-nettoyage\\\/\",\"url\":\"https:\\\/\\\/tapir.de\\\/fr\\\/shop\\\/dehors-nettoyage\\\/\",\"name\":\"Dehors ! Nettoyage - Tapir Wachswaren\",\"isPartOf\":{\"@id\":\"https:\\\/\\\/tapir.de\\\/fr\\\/?lang=en\\\/#website\"},\"primaryImageOfPage\":{\"@id\":\"https:\\\/\\\/tapir.de\\\/fr\\\/shop\\\/dehors-nettoyage\\\/#primaryimage\"},\"image\":{\"@id\":\"https:\\\/\\\/tapir.de\\\/fr\\\/shop\\\/dehors-nettoyage\\\/#primaryimage\"},\"thumbnailUrl\":\"https:\\\/\\\/tapir.de\\\/wp-content\\\/uploads\\\/2020\\\/05\\\/62200-Reiniger-Draussen-unterwegs-Tapir-3.jpg\",\"datePublished\":\"2020-05-25T07:19:10+00:00\",\"dateModified\":\"2026-01-26T12:06:29+00:00\",\"description\":\"Tapir Dehors ! Nettoyant pour chaussures et v\u00eatements. Id\u00e9al pour des chaussures de randonn\u00e9e ou pieds nus, adapt\u00e9 \u00e0 tous les mat\u00e9riaux.\",\"breadcrumb\":{\"@id\":\"https:\\\/\\\/tapir.de\\\/fr\\\/shop\\\/dehors-nettoyage\\\/#breadcrumb\"},\"inLanguage\":\"fr-FR\",\"potentialAction\":[{\"@type\":\"ReadAction\",\"target\":[\"https:\\\/\\\/tapir.de\\\/fr\\\/shop\\\/dehors-nettoyage\\\/\"]}]},{\"@type\":\"ImageObject\",\"inLanguage\":\"fr-FR\",\"@id\":\"https:\\\/\\\/tapir.de\\\/fr\\\/shop\\\/dehors-nettoyage\\\/#primaryimage\",\"url\":\"https:\\\/\\\/tapir.de\\\/wp-content\\\/uploads\\\/2020\\\/05\\\/62200-Reiniger-Draussen-unterwegs-Tapir-3.jpg\",\"contentUrl\":\"https:\\\/\\\/tapir.de\\\/wp-content\\\/uploads\\\/2020\\\/05\\\/62200-Reiniger-Draussen-unterwegs-Tapir-3.jpg\",\"width\":1500,\"height\":1500},{\"@type\":\"BreadcrumbList\",\"@id\":\"https:\\\/\\\/tapir.de\\\/fr\\\/shop\\\/dehors-nettoyage\\\/#breadcrumb\",\"itemListElement\":[{\"@type\":\"ListItem\",\"position\":1,\"name\":\"Startseite\",\"item\":\"https:\\\/\\\/tapir.de\\\/fr\\\/\"},{\"@type\":\"ListItem\",\"position\":2,\"name\":\"Boutique\",\"item\":\"https:\\\/\\\/tapir.de\\\/fr\\\/boutique\\\/\"},{\"@type\":\"ListItem\",\"position\":3,\"name\":\"Dehors ! Nettoyage\"}]},{\"@type\":\"WebSite\",\"@id\":\"https:\\\/\\\/tapir.de\\\/fr\\\/?lang=en\\\/#website\",\"url\":\"https:\\\/\\\/tapir.de\\\/fr\\\/?lang=en\\\/\",\"name\":\"Tapir Wachswaren\",\"description\":\"Nat\u00fcrliche Pflegeprodukte f\u00fcr Leder, Textil und Holz\",\"publisher\":{\"@id\":\"https:\\\/\\\/tapir.de\\\/fr\\\/?lang=en\\\/#organization\"},\"potentialAction\":[{\"@type\":\"SearchAction\",\"target\":{\"@type\":\"EntryPoint\",\"urlTemplate\":\"https:\\\/\\\/tapir.de\\\/fr\\\/?lang=en\\\/?s={search_term_string}\"},\"query-input\":{\"@type\":\"PropertyValueSpecification\",\"valueRequired\":true,\"valueName\":\"search_term_string\"}}],\"inLanguage\":\"fr-FR\"},{\"@type\":\"Organization\",\"@id\":\"https:\\\/\\\/tapir.de\\\/fr\\\/?lang=en\\\/#organization\",\"name\":\"Tapir Wachswaren\",\"url\":\"https:\\\/\\\/tapir.de\\\/fr\\\/?lang=en\\\/\",\"logo\":{\"@type\":\"ImageObject\",\"inLanguage\":\"fr-FR\",\"@id\":\"https:\\\/\\\/tapir.de\\\/fr\\\/?lang=en\\\/#\\\/schema\\\/logo\\\/image\\\/\",\"url\":\"https:\\\/\\\/tapir.de\\\/wp-content\\\/uploads\\\/2020\\\/11\\\/cropped-TAPIR_Wachswaren_logo.png\",\"contentUrl\":\"https:\\\/\\\/tapir.de\\\/wp-content\\\/uploads\\\/2020\\\/11\\\/cropped-TAPIR_Wachswaren_logo.png\",\"width\":512,\"height\":512,\"caption\":\"Tapir Wachswaren\"},\"image\":{\"@id\":\"https:\\\/\\\/tapir.de\\\/fr\\\/?lang=en\\\/#\\\/schema\\\/logo\\\/image\\\/\"},\"sameAs\":[\"https:\\\/\\\/www.facebook.com\\\/TapirWachswaren\\\/\",\"https:\\\/\\\/www.instagram.com\\\/tapir_pflegeprodukte\\\/?hl=de\"]}]}<\/script>\n<!-- \/ Yoast SEO plugin. -->","yoast_head_json":{"title":"Dehors ! Nettoyage - Tapir Wachswaren","description":"Tapir Dehors ! Nettoyant pour chaussures et v\u00eatements. Id\u00e9al pour des chaussures de randonn\u00e9e ou pieds nus, adapt\u00e9 \u00e0 tous les mat\u00e9riaux.","robots":{"index":"index","follow":"follow","max-snippet":"max-snippet:-1","max-image-preview":"max-image-preview:large","max-video-preview":"max-video-preview:-1"},"canonical":"https:\/\/tapir.de\/fr\/shop\/dehors-nettoyage\/","og_locale":"fr_FR","og_type":"article","og_title":"Dehors ! Nettoyage - Tapir Wachswaren","og_description":"Tapir Dehors ! Nettoyant pour chaussures et v\u00eatements. Id\u00e9al pour des chaussures de randonn\u00e9e ou pieds nus, adapt\u00e9 \u00e0 tous les mat\u00e9riaux.","og_url":"https:\/\/tapir.de\/fr\/shop\/dehors-nettoyage\/","og_site_name":"Tapir Wachswaren","article_publisher":"https:\/\/www.facebook.com\/TapirWachswaren\/","article_modified_time":"2026-01-26T12:06:29+00:00","og_image":[{"width":1500,"height":1500,"url":"https:\/\/tapir.de\/wp-content\/uploads\/2020\/05\/62200-Reiniger-Draussen-unterwegs-Tapir-3.jpg","type":"image\/jpeg"}],"twitter_card":"summary_large_image","twitter_misc":{"Dur\u00e9e de lecture estim\u00e9e":"2 minutes"},"schema":{"@context":"https:\/\/schema.org","@graph":[{"@type":"WebPage","@id":"https:\/\/tapir.de\/fr\/shop\/dehors-nettoyage\/","url":"https:\/\/tapir.de\/fr\/shop\/dehors-nettoyage\/","name":"Dehors ! Nettoyage - Tapir Wachswaren","isPartOf":{"@id":"https:\/\/tapir.de\/fr\/?lang=en\/#website"},"primaryImageOfPage":{"@id":"https:\/\/tapir.de\/fr\/shop\/dehors-nettoyage\/#primaryimage"},"image":{"@id":"https:\/\/tapir.de\/fr\/shop\/dehors-nettoyage\/#primaryimage"},"thumbnailUrl":"https:\/\/tapir.de\/wp-content\/uploads\/2020\/05\/62200-Reiniger-Draussen-unterwegs-Tapir-3.jpg","datePublished":"2020-05-25T07:19:10+00:00","dateModified":"2026-01-26T12:06:29+00:00","description":"Tapir Dehors ! Nettoyant pour chaussures et v\u00eatements. Id\u00e9al pour des chaussures de randonn\u00e9e ou pieds nus, adapt\u00e9 \u00e0 tous les mat\u00e9riaux.","breadcrumb":{"@id":"https:\/\/tapir.de\/fr\/shop\/dehors-nettoyage\/#breadcrumb"},"inLanguage":"fr-FR","potentialAction":[{"@type":"ReadAction","target":["https:\/\/tapir.de\/fr\/shop\/dehors-nettoyage\/"]}]},{"@type":"ImageObject","inLanguage":"fr-FR","@id":"https:\/\/tapir.de\/fr\/shop\/dehors-nettoyage\/#primaryimage","url":"https:\/\/tapir.de\/wp-content\/uploads\/2020\/05\/62200-Reiniger-Draussen-unterwegs-Tapir-3.jpg","contentUrl":"https:\/\/tapir.de\/wp-content\/uploads\/2020\/05\/62200-Reiniger-Draussen-unterwegs-Tapir-3.jpg","width":1500,"height":1500},{"@type":"BreadcrumbList","@id":"https:\/\/tapir.de\/fr\/shop\/dehors-nettoyage\/#breadcrumb","itemListElement":[{"@type":"ListItem","position":1,"name":"Startseite","item":"https:\/\/tapir.de\/fr\/"},{"@type":"ListItem","position":2,"name":"Boutique","item":"https:\/\/tapir.de\/fr\/boutique\/"},{"@type":"ListItem","position":3,"name":"Dehors ! Nettoyage"}]},{"@type":"WebSite","@id":"https:\/\/tapir.de\/fr\/?lang=en\/#website","url":"https:\/\/tapir.de\/fr\/?lang=en\/","name":"Tapir Wachswaren","description":"Nat\u00fcrliche Pflegeprodukte f\u00fcr Leder, Textil und Holz","publisher":{"@id":"https:\/\/tapir.de\/fr\/?lang=en\/#organization"},"potentialAction":[{"@type":"SearchAction","target":{"@type":"EntryPoint","urlTemplate":"https:\/\/tapir.de\/fr\/?lang=en\/?s={search_term_string}"},"query-input":{"@type":"PropertyValueSpecification","valueRequired":true,"valueName":"search_term_string"}}],"inLanguage":"fr-FR"},{"@type":"Organization","@id":"https:\/\/tapir.de\/fr\/?lang=en\/#organization","name":"Tapir Wachswaren","url":"https:\/\/tapir.de\/fr\/?lang=en\/","logo":{"@type":"ImageObject","inLanguage":"fr-FR","@id":"https:\/\/tapir.de\/fr\/?lang=en\/#\/schema\/logo\/image\/","url":"https:\/\/tapir.de\/wp-content\/uploads\/2020\/11\/cropped-TAPIR_Wachswaren_logo.png","contentUrl":"https:\/\/tapir.de\/wp-content\/uploads\/2020\/11\/cropped-TAPIR_Wachswaren_logo.png","width":512,"height":512,"caption":"Tapir Wachswaren"},"image":{"@id":"https:\/\/tapir.de\/fr\/?lang=en\/#\/schema\/logo\/image\/"},"sameAs":["https:\/\/www.facebook.com\/TapirWachswaren\/","https:\/\/www.instagram.com\/tapir_pflegeprodukte\/?hl=de"]}]}},"_links":{"self":[{"href":"https:\/\/tapir.de\/fr\/wp-json\/wp\/v2\/product\/21080","targetHints":{"allow":["GET"]}}],"collection":[{"href":"https:\/\/tapir.de\/fr\/wp-json\/wp\/v2\/product"}],"about":[{"href":"https:\/\/tapir.de\/fr\/wp-json\/wp\/v2\/types\/product"}],"wp:featuredmedia":[{"embeddable":true,"href":"https:\/\/tapir.de\/fr\/wp-json\/wp\/v2\/media\/21081"}],"wp:attachment":[{"href":"https:\/\/tapir.de\/fr\/wp-json\/wp\/v2\/media?parent=21080"}],"wp:term":[{"taxonomy":"product_brand","embeddable":true,"href":"https:\/\/tapir.de\/fr\/wp-json\/wp\/v2\/product_brand?post=21080"},{"taxonomy":"product_cat","embeddable":true,"href":"https:\/\/tapir.de\/fr\/wp-json\/wp\/v2\/product_cat?post=21080"},{"taxonomy":"product_tag","embeddable":true,"href":"https:\/\/tapir.de\/fr\/wp-json\/wp\/v2\/product_tag?post=21080"}],"curies":[{"name":"wp","href":"https:\/\/api.w.org\/{rel}","templated":true}]}}