{"id":21074,"date":"2020-05-25T09:58:47","date_gmt":"2020-05-25T07:58:47","guid":{"rendered":"https:\/\/tapir.de\/shop\/grande-boite-a-cirage-a-chaussures-faite-a-la-main-en-bois-de-hetre-huile\/"},"modified":"2026-01-26T13:06:29","modified_gmt":"2026-01-26T12:06:29","slug":"grande-boite-a-cirage-a-chaussures-faite-a-la-main-en-bois-de-hetre-huile","status":"publish","type":"product","link":"https:\/\/tapir.de\/fr\/shop\/grande-boite-a-cirage-a-chaussures-faite-a-la-main-en-bois-de-hetre-huile\/","title":{"rendered":"Grande bo\u00eete \u00e0 cirage \u00e0 chaussures faite \u00e0 la main en bois de h\u00eatre huil\u00e9"},"content":{"rendered":"<h1><span style=\"color: #a90533;\"><strong><span style=\"font-size: 120%;\">Grande bo\u00eete \u00e0 cirage \u00e0 chaussures faite \u00e0 la main en bois de h\u00eatre huil\u00e9<\/span><\/strong><\/span><\/h1>\n<p>Cette bo\u00eete \u00e0 cirer \u00e0 chaussures faite main en bois de h\u00eatre massif et huil\u00e9 est bien plus qu\u2019un simple espace de rangement \u2013 c\u2019est un petit meuble qui allie fonctionnalit\u00e9 et esth\u00e9tique. Gr\u00e2ce \u00e0 sa construction robuste et \u00e0 son mat\u00e9riau naturel au grain caract\u00e9ristique, il d\u00e9gage une \u00e9l\u00e9gance intemporelle et reste un compagnon durable. Le soin du travail et de la qualit\u00e9 menuisi\u00e8re fait de la bo\u00eete un produit durable qui r\u00e9pond aux normes les plus \u00e9lev\u00e9es.  <\/p>\n<h3><strong>Le design rencontre la fonction<\/strong><\/h3>\n<p>La grande bo\u00eete \u00e0 cirer les chaussures convainc gr\u00e2ce \u00e0 son design soigneusement pens\u00e9. Deux volets d\u2019ailes ouvrent l\u2019acc\u00e8s \u00e0 un int\u00e9rieur spacieux, divis\u00e9 en trois compartiments s\u00e9par\u00e9s par des bandes en bois. Cette disposition pratique offre suffisamment d\u2019espace pour stocker clairement et \u00e0 port\u00e9e de main les brosses Tapir, les produits de soin naturel et les autres accessoires. Un tiroir suppl\u00e9mentaire avec m\u00e9canisme de verrouillage offre un espace de rangement suppl\u00e9mentaire et s\u00e9curise les produits de soins pr\u00e9cieux contre les chutes.   <\/p>\n<p>Particuli\u00e8rement ing\u00e9nieux : la poign\u00e9e ergonomique de transport. Elle n\u2019est pas seulement pour un transport facile, mais peut aussi servir de support confortable pour les pieds lors du cirage de chaussures. Cela facilite le travail et garantit que vos chaussures brillent dans une nouvelle splendeur.  <\/p>\n<h3><strong>Un vrai bijou<\/strong><\/h3>\n<p>La bo\u00eete \u00e0 cirer \u00e0 chaussures Tapir n\u2019est pas seulement fonctionnelle, mais aussi attrayante. Leur design distinctif en fait un \u00e9l\u00e9ment d\u00e9coratif qui rend \u00e9l\u00e9gant dans n\u2019importe quelle pi\u00e8ce. La poign\u00e9e de transport, qui rappelle la forme d\u2019une chaussure, donne \u00e0 la bo\u00eete une touche ludique tout en signalant \u00e0 quoi elle est destin\u00e9e. Avec une taille de 32 x 32 x 32 cm, il est assez compact pour \u00eatre facilement rang\u00e9, mais assez grand pour contenir tout ce dont vous avez besoin.   <\/p>\n<h3><strong>Durabilit\u00e9 et qualit\u00e9<\/strong><\/h3>\n<p>La bo\u00eete est fabriqu\u00e9e en bois de h\u00eatre local et prot\u00e9g\u00e9e par un vernis \u00e0 l\u2019huile de lin. Cette finition naturelle met en valeur le grain du bois tout en offrant une protection contre les influences ext\u00e9rieures. L\u2019utilisation de mat\u00e9riaux durables souligne la revendication \u00e9cologique de la marque Tapir. Fabriqu\u00e9e main en Allemagne, la bo\u00eete refl\u00e8te les valeurs de qualit\u00e9 et de durabilit\u00e9.   <\/p>\n<h3><strong>Avantages en un coup d\u2019\u0153il<\/strong><\/h3>\n<ul>\n<li><strong>Qualit\u00e9 de fabrication :<\/strong> Fabriqu\u00e9 \u00e0 la main en h\u00eatre massif de qualit\u00e9 charpentier.<\/li>\n<li><strong>Un design bien pens\u00e9 :<\/strong> Deux grandes volets, trois compartiments int\u00e9rieurs et un tiroir verrouillable pour un ordre optimal.<\/li>\n<li><strong>Fonctionnalit\u00e9 :<\/strong> Une poign\u00e9e de transport en forme de chaussure sert de porte-chaussures lors du nettoyage.<\/li>\n<li><strong>Esth\u00e9tique :<\/strong> Un design attrayant qui s\u2019int\u00e8gre parfaitement \u00e0 votre maison comme un meuble.<\/li>\n<li><strong>Durable :<\/strong> Le bois local et le traitement \u00e9cologique avec un vernis \u00e0 l\u2019huile de lin.<\/li>\n<\/ul>\n<h3><strong>Champ de la d\u00e9livrance<\/strong><\/h3>\n<p>La bo\u00eete de cirage Tapir est livr\u00e9e sans contenu, vous pouvez donc la remplir individuellement avec vos produits de soin pr\u00e9f\u00e9r\u00e9s.<\/p>\n<p>D\u00e9couvrez la combinaison parfaite de beaut\u00e9, de fonctionnalit\u00e9 et de durabilit\u00e9 avec la grande bo\u00eete \u00e0 cirage Tapir. Un incontournable pour tous ceux qui appr\u00e9cient des chaussures soign\u00e9es et un rangement de qualit\u00e9. <\/p>\n<p>&nbsp;<\/p>\n","protected":false},"excerpt":{"rendered":"<p>La bo\u00eete \u00e0 cirer les chaussures pratique pour vos produits de soins. Faits main en Allemagne<\/p>\n","protected":false},"featured_media":21015,"template":"","meta":[],"product_brand":[],"product_cat":[927],"product_tag":[892],"class_list":{"0":"post-21074","1":"product","2":"type-product","3":"status-publish","4":"has-post-thumbnail","6":"product_cat-caisses-a-cirer-a-chaussures","7":"product_tag-accessoires","9":"first","10":"instock","11":"taxable","12":"shipping-taxable","13":"purchasable","14":"product-type-simple"},"yoast_head":"<!-- This site is optimized with the Yoast SEO plugin v27.4 - https:\/\/yoast.com\/product\/yoast-seo-wordpress\/ -->\n<title>Grande bo\u00eete \u00e0 cirage \u00e0 chaussures faite \u00e0 la main en bois de h\u00eatre huil\u00e9 - Tapir Wachswaren<\/title>\n<meta name=\"description\" content=\"Grande bo\u00eete \u00e0 cirer chaussures faite main en bois de h\u00eatre huil\u00e9, id\u00e9ale pour stocker des produits de soin naturel pour cirer des chaussures.\" \/>\n<meta name=\"robots\" content=\"index, follow, max-snippet:-1, max-image-preview:large, max-video-preview:-1\" \/>\n<link rel=\"canonical\" href=\"https:\/\/tapir.de\/fr\/shop\/grande-boite-a-cirage-a-chaussures-faite-a-la-main-en-bois-de-hetre-huile\/\" \/>\n<meta property=\"og:locale\" content=\"fr_FR\" \/>\n<meta property=\"og:type\" content=\"article\" \/>\n<meta property=\"og:title\" content=\"Grande bo\u00eete \u00e0 cirage \u00e0 chaussures faite \u00e0 la main en bois de h\u00eatre huil\u00e9 - Tapir Wachswaren\" \/>\n<meta property=\"og:description\" content=\"Grande bo\u00eete \u00e0 cirer chaussures faite main en bois de h\u00eatre huil\u00e9, id\u00e9ale pour stocker des produits de soin naturel pour cirer des chaussures.\" \/>\n<meta property=\"og:url\" content=\"https:\/\/tapir.de\/fr\/shop\/grande-boite-a-cirage-a-chaussures-faite-a-la-main-en-bois-de-hetre-huile\/\" \/>\n<meta property=\"og:site_name\" content=\"Tapir Wachswaren\" \/>\n<meta property=\"article:publisher\" content=\"https:\/\/www.facebook.com\/TapirWachswaren\/\" \/>\n<meta property=\"article:modified_time\" content=\"2026-01-26T12:06:29+00:00\" \/>\n<meta property=\"og:image\" content=\"https:\/\/tapir.de\/wp-content\/uploads\/2020\/05\/Schuhputzkiste-gross4.png\" \/>\n\t<meta property=\"og:image:width\" content=\"1000\" \/>\n\t<meta property=\"og:image:height\" content=\"1000\" \/>\n\t<meta property=\"og:image:type\" content=\"image\/png\" \/>\n<meta name=\"twitter:card\" content=\"summary_large_image\" \/>\n<meta name=\"twitter:label1\" content=\"Dur\u00e9e de lecture estim\u00e9e\" \/>\n\t<meta name=\"twitter:data1\" content=\"3 minutes\" \/>\n<script type=\"application\/ld+json\" class=\"yoast-schema-graph\">{\"@context\":\"https:\\\/\\\/schema.org\",\"@graph\":[{\"@type\":\"WebPage\",\"@id\":\"https:\\\/\\\/tapir.de\\\/fr\\\/shop\\\/grande-boite-a-cirage-a-chaussures-faite-a-la-main-en-bois-de-hetre-huile\\\/\",\"url\":\"https:\\\/\\\/tapir.de\\\/fr\\\/shop\\\/grande-boite-a-cirage-a-chaussures-faite-a-la-main-en-bois-de-hetre-huile\\\/\",\"name\":\"Grande bo\u00eete \u00e0 cirage \u00e0 chaussures faite \u00e0 la main en bois de h\u00eatre huil\u00e9 - Tapir Wachswaren\",\"isPartOf\":{\"@id\":\"https:\\\/\\\/tapir.de\\\/fr\\\/?lang=en\\\/#website\"},\"primaryImageOfPage\":{\"@id\":\"https:\\\/\\\/tapir.de\\\/fr\\\/shop\\\/grande-boite-a-cirage-a-chaussures-faite-a-la-main-en-bois-de-hetre-huile\\\/#primaryimage\"},\"image\":{\"@id\":\"https:\\\/\\\/tapir.de\\\/fr\\\/shop\\\/grande-boite-a-cirage-a-chaussures-faite-a-la-main-en-bois-de-hetre-huile\\\/#primaryimage\"},\"thumbnailUrl\":\"https:\\\/\\\/tapir.de\\\/wp-content\\\/uploads\\\/2020\\\/05\\\/Schuhputzkiste-gross4.png\",\"datePublished\":\"2020-05-25T07:58:47+00:00\",\"dateModified\":\"2026-01-26T12:06:29+00:00\",\"description\":\"Grande bo\u00eete \u00e0 cirer chaussures faite main en bois de h\u00eatre huil\u00e9, id\u00e9ale pour stocker des produits de soin naturel pour cirer des chaussures.\",\"breadcrumb\":{\"@id\":\"https:\\\/\\\/tapir.de\\\/fr\\\/shop\\\/grande-boite-a-cirage-a-chaussures-faite-a-la-main-en-bois-de-hetre-huile\\\/#breadcrumb\"},\"inLanguage\":\"fr-FR\",\"potentialAction\":[{\"@type\":\"ReadAction\",\"target\":[\"https:\\\/\\\/tapir.de\\\/fr\\\/shop\\\/grande-boite-a-cirage-a-chaussures-faite-a-la-main-en-bois-de-hetre-huile\\\/\"]}]},{\"@type\":\"ImageObject\",\"inLanguage\":\"fr-FR\",\"@id\":\"https:\\\/\\\/tapir.de\\\/fr\\\/shop\\\/grande-boite-a-cirage-a-chaussures-faite-a-la-main-en-bois-de-hetre-huile\\\/#primaryimage\",\"url\":\"https:\\\/\\\/tapir.de\\\/wp-content\\\/uploads\\\/2020\\\/05\\\/Schuhputzkiste-gross4.png\",\"contentUrl\":\"https:\\\/\\\/tapir.de\\\/wp-content\\\/uploads\\\/2020\\\/05\\\/Schuhputzkiste-gross4.png\",\"width\":1000,\"height\":1000},{\"@type\":\"BreadcrumbList\",\"@id\":\"https:\\\/\\\/tapir.de\\\/fr\\\/shop\\\/grande-boite-a-cirage-a-chaussures-faite-a-la-main-en-bois-de-hetre-huile\\\/#breadcrumb\",\"itemListElement\":[{\"@type\":\"ListItem\",\"position\":1,\"name\":\"Startseite\",\"item\":\"https:\\\/\\\/tapir.de\\\/fr\\\/\"},{\"@type\":\"ListItem\",\"position\":2,\"name\":\"Boutique\",\"item\":\"https:\\\/\\\/tapir.de\\\/fr\\\/boutique\\\/\"},{\"@type\":\"ListItem\",\"position\":3,\"name\":\"Grande bo\u00eete \u00e0 cirage \u00e0 chaussures faite \u00e0 la main en bois de h\u00eatre huil\u00e9\"}]},{\"@type\":\"WebSite\",\"@id\":\"https:\\\/\\\/tapir.de\\\/fr\\\/?lang=en\\\/#website\",\"url\":\"https:\\\/\\\/tapir.de\\\/fr\\\/?lang=en\\\/\",\"name\":\"Tapir Wachswaren\",\"description\":\"Nat\u00fcrliche Pflegeprodukte f\u00fcr Leder, Textil und Holz\",\"publisher\":{\"@id\":\"https:\\\/\\\/tapir.de\\\/fr\\\/?lang=en\\\/#organization\"},\"potentialAction\":[{\"@type\":\"SearchAction\",\"target\":{\"@type\":\"EntryPoint\",\"urlTemplate\":\"https:\\\/\\\/tapir.de\\\/fr\\\/?lang=en\\\/?s={search_term_string}\"},\"query-input\":{\"@type\":\"PropertyValueSpecification\",\"valueRequired\":true,\"valueName\":\"search_term_string\"}}],\"inLanguage\":\"fr-FR\"},{\"@type\":\"Organization\",\"@id\":\"https:\\\/\\\/tapir.de\\\/fr\\\/?lang=en\\\/#organization\",\"name\":\"Tapir Wachswaren\",\"url\":\"https:\\\/\\\/tapir.de\\\/fr\\\/?lang=en\\\/\",\"logo\":{\"@type\":\"ImageObject\",\"inLanguage\":\"fr-FR\",\"@id\":\"https:\\\/\\\/tapir.de\\\/fr\\\/?lang=en\\\/#\\\/schema\\\/logo\\\/image\\\/\",\"url\":\"https:\\\/\\\/tapir.de\\\/wp-content\\\/uploads\\\/2020\\\/11\\\/cropped-TAPIR_Wachswaren_logo.png\",\"contentUrl\":\"https:\\\/\\\/tapir.de\\\/wp-content\\\/uploads\\\/2020\\\/11\\\/cropped-TAPIR_Wachswaren_logo.png\",\"width\":512,\"height\":512,\"caption\":\"Tapir Wachswaren\"},\"image\":{\"@id\":\"https:\\\/\\\/tapir.de\\\/fr\\\/?lang=en\\\/#\\\/schema\\\/logo\\\/image\\\/\"},\"sameAs\":[\"https:\\\/\\\/www.facebook.com\\\/TapirWachswaren\\\/\",\"https:\\\/\\\/www.instagram.com\\\/tapir_pflegeprodukte\\\/?hl=de\"]}]}<\/script>\n<!-- \/ Yoast SEO plugin. -->","yoast_head_json":{"title":"Grande bo\u00eete \u00e0 cirage \u00e0 chaussures faite \u00e0 la main en bois de h\u00eatre huil\u00e9 - Tapir Wachswaren","description":"Grande bo\u00eete \u00e0 cirer chaussures faite main en bois de h\u00eatre huil\u00e9, id\u00e9ale pour stocker des produits de soin naturel pour cirer des chaussures.","robots":{"index":"index","follow":"follow","max-snippet":"max-snippet:-1","max-image-preview":"max-image-preview:large","max-video-preview":"max-video-preview:-1"},"canonical":"https:\/\/tapir.de\/fr\/shop\/grande-boite-a-cirage-a-chaussures-faite-a-la-main-en-bois-de-hetre-huile\/","og_locale":"fr_FR","og_type":"article","og_title":"Grande bo\u00eete \u00e0 cirage \u00e0 chaussures faite \u00e0 la main en bois de h\u00eatre huil\u00e9 - Tapir Wachswaren","og_description":"Grande bo\u00eete \u00e0 cirer chaussures faite main en bois de h\u00eatre huil\u00e9, id\u00e9ale pour stocker des produits de soin naturel pour cirer des chaussures.","og_url":"https:\/\/tapir.de\/fr\/shop\/grande-boite-a-cirage-a-chaussures-faite-a-la-main-en-bois-de-hetre-huile\/","og_site_name":"Tapir Wachswaren","article_publisher":"https:\/\/www.facebook.com\/TapirWachswaren\/","article_modified_time":"2026-01-26T12:06:29+00:00","og_image":[{"width":1000,"height":1000,"url":"https:\/\/tapir.de\/wp-content\/uploads\/2020\/05\/Schuhputzkiste-gross4.png","type":"image\/png"}],"twitter_card":"summary_large_image","twitter_misc":{"Dur\u00e9e de lecture estim\u00e9e":"3 minutes"},"schema":{"@context":"https:\/\/schema.org","@graph":[{"@type":"WebPage","@id":"https:\/\/tapir.de\/fr\/shop\/grande-boite-a-cirage-a-chaussures-faite-a-la-main-en-bois-de-hetre-huile\/","url":"https:\/\/tapir.de\/fr\/shop\/grande-boite-a-cirage-a-chaussures-faite-a-la-main-en-bois-de-hetre-huile\/","name":"Grande bo\u00eete \u00e0 cirage \u00e0 chaussures faite \u00e0 la main en bois de h\u00eatre huil\u00e9 - Tapir Wachswaren","isPartOf":{"@id":"https:\/\/tapir.de\/fr\/?lang=en\/#website"},"primaryImageOfPage":{"@id":"https:\/\/tapir.de\/fr\/shop\/grande-boite-a-cirage-a-chaussures-faite-a-la-main-en-bois-de-hetre-huile\/#primaryimage"},"image":{"@id":"https:\/\/tapir.de\/fr\/shop\/grande-boite-a-cirage-a-chaussures-faite-a-la-main-en-bois-de-hetre-huile\/#primaryimage"},"thumbnailUrl":"https:\/\/tapir.de\/wp-content\/uploads\/2020\/05\/Schuhputzkiste-gross4.png","datePublished":"2020-05-25T07:58:47+00:00","dateModified":"2026-01-26T12:06:29+00:00","description":"Grande bo\u00eete \u00e0 cirer chaussures faite main en bois de h\u00eatre huil\u00e9, id\u00e9ale pour stocker des produits de soin naturel pour cirer des chaussures.","breadcrumb":{"@id":"https:\/\/tapir.de\/fr\/shop\/grande-boite-a-cirage-a-chaussures-faite-a-la-main-en-bois-de-hetre-huile\/#breadcrumb"},"inLanguage":"fr-FR","potentialAction":[{"@type":"ReadAction","target":["https:\/\/tapir.de\/fr\/shop\/grande-boite-a-cirage-a-chaussures-faite-a-la-main-en-bois-de-hetre-huile\/"]}]},{"@type":"ImageObject","inLanguage":"fr-FR","@id":"https:\/\/tapir.de\/fr\/shop\/grande-boite-a-cirage-a-chaussures-faite-a-la-main-en-bois-de-hetre-huile\/#primaryimage","url":"https:\/\/tapir.de\/wp-content\/uploads\/2020\/05\/Schuhputzkiste-gross4.png","contentUrl":"https:\/\/tapir.de\/wp-content\/uploads\/2020\/05\/Schuhputzkiste-gross4.png","width":1000,"height":1000},{"@type":"BreadcrumbList","@id":"https:\/\/tapir.de\/fr\/shop\/grande-boite-a-cirage-a-chaussures-faite-a-la-main-en-bois-de-hetre-huile\/#breadcrumb","itemListElement":[{"@type":"ListItem","position":1,"name":"Startseite","item":"https:\/\/tapir.de\/fr\/"},{"@type":"ListItem","position":2,"name":"Boutique","item":"https:\/\/tapir.de\/fr\/boutique\/"},{"@type":"ListItem","position":3,"name":"Grande bo\u00eete \u00e0 cirage \u00e0 chaussures faite \u00e0 la main en bois de h\u00eatre huil\u00e9"}]},{"@type":"WebSite","@id":"https:\/\/tapir.de\/fr\/?lang=en\/#website","url":"https:\/\/tapir.de\/fr\/?lang=en\/","name":"Tapir Wachswaren","description":"Nat\u00fcrliche Pflegeprodukte f\u00fcr Leder, Textil und Holz","publisher":{"@id":"https:\/\/tapir.de\/fr\/?lang=en\/#organization"},"potentialAction":[{"@type":"SearchAction","target":{"@type":"EntryPoint","urlTemplate":"https:\/\/tapir.de\/fr\/?lang=en\/?s={search_term_string}"},"query-input":{"@type":"PropertyValueSpecification","valueRequired":true,"valueName":"search_term_string"}}],"inLanguage":"fr-FR"},{"@type":"Organization","@id":"https:\/\/tapir.de\/fr\/?lang=en\/#organization","name":"Tapir Wachswaren","url":"https:\/\/tapir.de\/fr\/?lang=en\/","logo":{"@type":"ImageObject","inLanguage":"fr-FR","@id":"https:\/\/tapir.de\/fr\/?lang=en\/#\/schema\/logo\/image\/","url":"https:\/\/tapir.de\/wp-content\/uploads\/2020\/11\/cropped-TAPIR_Wachswaren_logo.png","contentUrl":"https:\/\/tapir.de\/wp-content\/uploads\/2020\/11\/cropped-TAPIR_Wachswaren_logo.png","width":512,"height":512,"caption":"Tapir Wachswaren"},"image":{"@id":"https:\/\/tapir.de\/fr\/?lang=en\/#\/schema\/logo\/image\/"},"sameAs":["https:\/\/www.facebook.com\/TapirWachswaren\/","https:\/\/www.instagram.com\/tapir_pflegeprodukte\/?hl=de"]}]}},"_links":{"self":[{"href":"https:\/\/tapir.de\/fr\/wp-json\/wp\/v2\/product\/21074","targetHints":{"allow":["GET"]}}],"collection":[{"href":"https:\/\/tapir.de\/fr\/wp-json\/wp\/v2\/product"}],"about":[{"href":"https:\/\/tapir.de\/fr\/wp-json\/wp\/v2\/types\/product"}],"wp:featuredmedia":[{"embeddable":true,"href":"https:\/\/tapir.de\/fr\/wp-json\/wp\/v2\/media\/21015"}],"wp:attachment":[{"href":"https:\/\/tapir.de\/fr\/wp-json\/wp\/v2\/media?parent=21074"}],"wp:term":[{"taxonomy":"product_brand","embeddable":true,"href":"https:\/\/tapir.de\/fr\/wp-json\/wp\/v2\/product_brand?post=21074"},{"taxonomy":"product_cat","embeddable":true,"href":"https:\/\/tapir.de\/fr\/wp-json\/wp\/v2\/product_cat?post=21074"},{"taxonomy":"product_tag","embeddable":true,"href":"https:\/\/tapir.de\/fr\/wp-json\/wp\/v2\/product_tag?post=21074"}],"curies":[{"name":"wp","href":"https:\/\/api.w.org\/{rel}","templated":true}]}}