{"id":21053,"date":"2020-05-28T10:56:03","date_gmt":"2020-05-28T08:56:03","guid":{"rendered":"https:\/\/tapir.de\/shop\/brosse-en-daim-avec-poils-en-laiton\/"},"modified":"2026-01-26T13:06:26","modified_gmt":"2026-01-26T12:06:26","slug":"brosse-en-daim-avec-poils-en-laiton","status":"publish","type":"product","link":"https:\/\/tapir.de\/fr\/shop\/brosse-en-daim-avec-poils-en-laiton\/","title":{"rendered":"Brosse en daim avec poils en laiton"},"content":{"rendered":"<p><span style=\"font-size: 120%; color: #a90533;\"><strong>Brosse en daim avec poils en laiton<\/strong><\/span><\/p>\n<p>La brosse en daim Tapir avec poils en laiton est un outil indispensable pour l\u2019entretien du cuir en su\u00e8de, su\u00e8de et nubuck. Il offre une solution efficace pour nettoyer et rafra\u00eechir ces mat\u00e9riaux d\u00e9licats sans compromettre leur structure ou leur texture. Les poils en laiton de la brosse sont particuli\u00e8rement doux et d\u00e9licats pour le su\u00e8de, tout en \u00e9liminant efficacement la salet\u00e9 et les d\u00e9bris tenaces. Contrairement aux pinceaux traditionnels, les poils en laiton offrent un effet de nettoyage fin qui n\u2019endommage pas le mat\u00e9riau tout en conservant sa douceur et sa douceur naturelles.   <\/p>\n<p>La polyvalence de cette brosse la rend id\u00e9ale pour l\u2019entretien de diff\u00e9rents types de produits en su\u00e8de, y compris chaussures, bottes, vestes et sacs. Il est capable d\u2019\u00e9liminer \u00e0 la fois la salet\u00e9 grossi\u00e8re et la poussi\u00e8re fine de la surface et donne au daim un aspect frais. De plus, la forme ergonomique du pinceau permet une manipulation facile et un nettoyage pr\u00e9cis, m\u00eame dans les zones difficiles d\u2019acc\u00e8s. Un brossage doux en cercles peut facilement desserrer et \u00e9liminer les impuret\u00e9s, donnant ainsi un aspect neuf au daim \u00e0 nouveau.   <\/p>\n<p>La <a href=\"https:\/\/tapir.de\/shop\/lederimpraegnierung\/\">brosse en daim<\/a> Tapir avec poils en laiton est non seulement extr\u00eamement efficace, mais aussi durable et facile \u00e0 entretenir. Apr\u00e8s utilisation, les poils peuvent \u00eatre facilement nettoy\u00e9s en les rin\u00e7ant sous de l\u2019eau ti\u00e8de et en les laissant s\u00e9cher \u00e0 l\u2019air libre. Ainsi, l\u2019efficacit\u00e9 du pinceau est maintenue sur le long terme.  <\/p>\n<p>Dans l\u2019ensemble, la brosse en daim avec poils en laiton est un outil indispensable pour l\u2019entretien du cuir en su\u00e8de, daim et nubuck. Leur action nettoyante douce et leur facilit\u00e9 d\u2019utilisation en font un incontournable pour quiconque appr\u00e9cie la beaut\u00e9 et la qualit\u00e9 \u00e0 long terme de leurs produits en su\u00e8de. <\/p>\n<p><span style=\"color: #a90533; font-size: 120%;\"><strong>Caract\u00e9ristiques du produit :<\/strong><\/span><\/p>\n<ul>\n<li>Pour enlever la salet\u00e9 \u2013 pressing-nettoyage<\/li>\n<li>Rugueux des mat\u00e9riaux<\/li>\n<li>Corps en bois de h\u00eatre avec logo Tapir<\/li>\n<li>Soils en laiton<\/li>\n<li>Longueur d\u2019environ 7 cm<\/li>\n<li>Fabriqu\u00e9 en Allemagne<\/li>\n<\/ul>\n","protected":false},"excerpt":{"rendered":"<p>Adapt\u00e9 au nettoyage \u00e0 sec du daim, du nubuck ou du daim. Pour rudesser les fibres apr\u00e8s avoir impr\u00e9gn\u00e9 les chaussures. <\/p>\n","protected":false},"featured_media":21063,"template":"","meta":[],"product_brand":[],"product_cat":[873],"product_tag":[892,928,931,871,975,976],"class_list":{"0":"post-21053","1":"product","2":"type-product","3":"status-publish","4":"has-post-thumbnail","6":"product_cat-brosses","7":"product_tag-accessoires","8":"product_tag-cuir-en-daim","9":"product_tag-cuir-nubuck","10":"product_tag-nettoyage","11":"product_tag-nettoyage-a-sec","12":"product_tag-rugueux","13":"pa_geeignet-fuer-chaussures-de-bateau","14":"pa_geeignet-fuer-chaussures-de-travail","15":"pa_geeignet-fuer-chaussures-en-daim","16":"pa_geeignet-fuer-chaussures-nubuck","17":"pa_geeignet-fuer-chaussures-pieds-nus","18":"pa_geeignet-fuer-chaussures-professionnelles","19":"pa_geeignet-fuer-etui-en-cuir","21":"first","22":"instock","23":"taxable","24":"shipping-taxable","25":"purchasable","26":"product-type-simple"},"yoast_head":"<!-- This site is optimized with the Yoast SEO plugin v27.4 - https:\/\/yoast.com\/product\/yoast-seo-wordpress\/ -->\n<title>Brosse en daim avec poils en laiton - Tapir Wachswaren<\/title>\n<meta name=\"description\" content=\"La brosse en daim avec poils en laiton est parfaite pour toiletter les chaussures en daim. Les poils de laiton enl\u00e8vent doucement la salet\u00e9 et les d\u00e9bris,\" \/>\n<meta name=\"robots\" content=\"index, follow, max-snippet:-1, max-image-preview:large, max-video-preview:-1\" \/>\n<link rel=\"canonical\" href=\"https:\/\/tapir.de\/fr\/shop\/brosse-en-daim-avec-poils-en-laiton\/\" \/>\n<meta property=\"og:locale\" content=\"fr_FR\" \/>\n<meta property=\"og:type\" content=\"article\" \/>\n<meta property=\"og:title\" content=\"Brosse en daim avec poils en laiton - Tapir Wachswaren\" \/>\n<meta property=\"og:description\" content=\"La brosse en daim avec poils en laiton est parfaite pour toiletter les chaussures en daim. Les poils de laiton enl\u00e8vent doucement la salet\u00e9 et les d\u00e9bris,\" \/>\n<meta property=\"og:url\" content=\"https:\/\/tapir.de\/fr\/shop\/brosse-en-daim-avec-poils-en-laiton\/\" \/>\n<meta property=\"og:site_name\" content=\"Tapir Wachswaren\" \/>\n<meta property=\"article:publisher\" content=\"https:\/\/www.facebook.com\/TapirWachswaren\/\" \/>\n<meta property=\"article:modified_time\" content=\"2026-01-26T12:06:26+00:00\" \/>\n<meta property=\"og:image\" content=\"https:\/\/tapir.de\/wp-content\/uploads\/2025\/01\/00795_Wildlederbuerste_mit_Messingborsten_7.jpg\" \/>\n\t<meta property=\"og:image:width\" content=\"1500\" \/>\n\t<meta property=\"og:image:height\" content=\"1500\" \/>\n\t<meta property=\"og:image:type\" content=\"image\/jpeg\" \/>\n<meta name=\"twitter:card\" content=\"summary_large_image\" \/>\n<meta name=\"twitter:label1\" content=\"Dur\u00e9e de lecture estim\u00e9e\" \/>\n\t<meta name=\"twitter:data1\" content=\"2 minutes\" \/>\n<script type=\"application\/ld+json\" class=\"yoast-schema-graph\">{\"@context\":\"https:\\\/\\\/schema.org\",\"@graph\":[{\"@type\":\"WebPage\",\"@id\":\"https:\\\/\\\/tapir.de\\\/fr\\\/shop\\\/brosse-en-daim-avec-poils-en-laiton\\\/\",\"url\":\"https:\\\/\\\/tapir.de\\\/fr\\\/shop\\\/brosse-en-daim-avec-poils-en-laiton\\\/\",\"name\":\"Brosse en daim avec poils en laiton - Tapir Wachswaren\",\"isPartOf\":{\"@id\":\"https:\\\/\\\/tapir.de\\\/fr\\\/?lang=en\\\/#website\"},\"primaryImageOfPage\":{\"@id\":\"https:\\\/\\\/tapir.de\\\/fr\\\/shop\\\/brosse-en-daim-avec-poils-en-laiton\\\/#primaryimage\"},\"image\":{\"@id\":\"https:\\\/\\\/tapir.de\\\/fr\\\/shop\\\/brosse-en-daim-avec-poils-en-laiton\\\/#primaryimage\"},\"thumbnailUrl\":\"https:\\\/\\\/tapir.de\\\/wp-content\\\/uploads\\\/2025\\\/01\\\/00795_Wildlederbuerste_mit_Messingborsten_7.jpg\",\"datePublished\":\"2020-05-28T08:56:03+00:00\",\"dateModified\":\"2026-01-26T12:06:26+00:00\",\"description\":\"La brosse en daim avec poils en laiton est parfaite pour toiletter les chaussures en daim. Les poils de laiton enl\u00e8vent doucement la salet\u00e9 et les d\u00e9bris,\",\"breadcrumb\":{\"@id\":\"https:\\\/\\\/tapir.de\\\/fr\\\/shop\\\/brosse-en-daim-avec-poils-en-laiton\\\/#breadcrumb\"},\"inLanguage\":\"fr-FR\",\"potentialAction\":[{\"@type\":\"ReadAction\",\"target\":[\"https:\\\/\\\/tapir.de\\\/fr\\\/shop\\\/brosse-en-daim-avec-poils-en-laiton\\\/\"]}]},{\"@type\":\"ImageObject\",\"inLanguage\":\"fr-FR\",\"@id\":\"https:\\\/\\\/tapir.de\\\/fr\\\/shop\\\/brosse-en-daim-avec-poils-en-laiton\\\/#primaryimage\",\"url\":\"https:\\\/\\\/tapir.de\\\/wp-content\\\/uploads\\\/2025\\\/01\\\/00795_Wildlederbuerste_mit_Messingborsten_7.jpg\",\"contentUrl\":\"https:\\\/\\\/tapir.de\\\/wp-content\\\/uploads\\\/2025\\\/01\\\/00795_Wildlederbuerste_mit_Messingborsten_7.jpg\",\"width\":1500,\"height\":1500},{\"@type\":\"BreadcrumbList\",\"@id\":\"https:\\\/\\\/tapir.de\\\/fr\\\/shop\\\/brosse-en-daim-avec-poils-en-laiton\\\/#breadcrumb\",\"itemListElement\":[{\"@type\":\"ListItem\",\"position\":1,\"name\":\"Startseite\",\"item\":\"https:\\\/\\\/tapir.de\\\/fr\\\/\"},{\"@type\":\"ListItem\",\"position\":2,\"name\":\"Boutique\",\"item\":\"https:\\\/\\\/tapir.de\\\/fr\\\/boutique\\\/\"},{\"@type\":\"ListItem\",\"position\":3,\"name\":\"Brosse en daim avec poils en laiton\"}]},{\"@type\":\"WebSite\",\"@id\":\"https:\\\/\\\/tapir.de\\\/fr\\\/?lang=en\\\/#website\",\"url\":\"https:\\\/\\\/tapir.de\\\/fr\\\/?lang=en\\\/\",\"name\":\"Tapir Wachswaren\",\"description\":\"Nat\u00fcrliche Pflegeprodukte f\u00fcr Leder, Textil und Holz\",\"publisher\":{\"@id\":\"https:\\\/\\\/tapir.de\\\/fr\\\/?lang=en\\\/#organization\"},\"potentialAction\":[{\"@type\":\"SearchAction\",\"target\":{\"@type\":\"EntryPoint\",\"urlTemplate\":\"https:\\\/\\\/tapir.de\\\/fr\\\/?lang=en\\\/?s={search_term_string}\"},\"query-input\":{\"@type\":\"PropertyValueSpecification\",\"valueRequired\":true,\"valueName\":\"search_term_string\"}}],\"inLanguage\":\"fr-FR\"},{\"@type\":\"Organization\",\"@id\":\"https:\\\/\\\/tapir.de\\\/fr\\\/?lang=en\\\/#organization\",\"name\":\"Tapir Wachswaren\",\"url\":\"https:\\\/\\\/tapir.de\\\/fr\\\/?lang=en\\\/\",\"logo\":{\"@type\":\"ImageObject\",\"inLanguage\":\"fr-FR\",\"@id\":\"https:\\\/\\\/tapir.de\\\/fr\\\/?lang=en\\\/#\\\/schema\\\/logo\\\/image\\\/\",\"url\":\"https:\\\/\\\/tapir.de\\\/wp-content\\\/uploads\\\/2020\\\/11\\\/cropped-TAPIR_Wachswaren_logo.png\",\"contentUrl\":\"https:\\\/\\\/tapir.de\\\/wp-content\\\/uploads\\\/2020\\\/11\\\/cropped-TAPIR_Wachswaren_logo.png\",\"width\":512,\"height\":512,\"caption\":\"Tapir Wachswaren\"},\"image\":{\"@id\":\"https:\\\/\\\/tapir.de\\\/fr\\\/?lang=en\\\/#\\\/schema\\\/logo\\\/image\\\/\"},\"sameAs\":[\"https:\\\/\\\/www.facebook.com\\\/TapirWachswaren\\\/\",\"https:\\\/\\\/www.instagram.com\\\/tapir_pflegeprodukte\\\/?hl=de\"]}]}<\/script>\n<!-- \/ Yoast SEO plugin. -->","yoast_head_json":{"title":"Brosse en daim avec poils en laiton - Tapir Wachswaren","description":"La brosse en daim avec poils en laiton est parfaite pour toiletter les chaussures en daim. Les poils de laiton enl\u00e8vent doucement la salet\u00e9 et les d\u00e9bris,","robots":{"index":"index","follow":"follow","max-snippet":"max-snippet:-1","max-image-preview":"max-image-preview:large","max-video-preview":"max-video-preview:-1"},"canonical":"https:\/\/tapir.de\/fr\/shop\/brosse-en-daim-avec-poils-en-laiton\/","og_locale":"fr_FR","og_type":"article","og_title":"Brosse en daim avec poils en laiton - Tapir Wachswaren","og_description":"La brosse en daim avec poils en laiton est parfaite pour toiletter les chaussures en daim. Les poils de laiton enl\u00e8vent doucement la salet\u00e9 et les d\u00e9bris,","og_url":"https:\/\/tapir.de\/fr\/shop\/brosse-en-daim-avec-poils-en-laiton\/","og_site_name":"Tapir Wachswaren","article_publisher":"https:\/\/www.facebook.com\/TapirWachswaren\/","article_modified_time":"2026-01-26T12:06:26+00:00","og_image":[{"width":1500,"height":1500,"url":"https:\/\/tapir.de\/wp-content\/uploads\/2025\/01\/00795_Wildlederbuerste_mit_Messingborsten_7.jpg","type":"image\/jpeg"}],"twitter_card":"summary_large_image","twitter_misc":{"Dur\u00e9e de lecture estim\u00e9e":"2 minutes"},"schema":{"@context":"https:\/\/schema.org","@graph":[{"@type":"WebPage","@id":"https:\/\/tapir.de\/fr\/shop\/brosse-en-daim-avec-poils-en-laiton\/","url":"https:\/\/tapir.de\/fr\/shop\/brosse-en-daim-avec-poils-en-laiton\/","name":"Brosse en daim avec poils en laiton - Tapir Wachswaren","isPartOf":{"@id":"https:\/\/tapir.de\/fr\/?lang=en\/#website"},"primaryImageOfPage":{"@id":"https:\/\/tapir.de\/fr\/shop\/brosse-en-daim-avec-poils-en-laiton\/#primaryimage"},"image":{"@id":"https:\/\/tapir.de\/fr\/shop\/brosse-en-daim-avec-poils-en-laiton\/#primaryimage"},"thumbnailUrl":"https:\/\/tapir.de\/wp-content\/uploads\/2025\/01\/00795_Wildlederbuerste_mit_Messingborsten_7.jpg","datePublished":"2020-05-28T08:56:03+00:00","dateModified":"2026-01-26T12:06:26+00:00","description":"La brosse en daim avec poils en laiton est parfaite pour toiletter les chaussures en daim. Les poils de laiton enl\u00e8vent doucement la salet\u00e9 et les d\u00e9bris,","breadcrumb":{"@id":"https:\/\/tapir.de\/fr\/shop\/brosse-en-daim-avec-poils-en-laiton\/#breadcrumb"},"inLanguage":"fr-FR","potentialAction":[{"@type":"ReadAction","target":["https:\/\/tapir.de\/fr\/shop\/brosse-en-daim-avec-poils-en-laiton\/"]}]},{"@type":"ImageObject","inLanguage":"fr-FR","@id":"https:\/\/tapir.de\/fr\/shop\/brosse-en-daim-avec-poils-en-laiton\/#primaryimage","url":"https:\/\/tapir.de\/wp-content\/uploads\/2025\/01\/00795_Wildlederbuerste_mit_Messingborsten_7.jpg","contentUrl":"https:\/\/tapir.de\/wp-content\/uploads\/2025\/01\/00795_Wildlederbuerste_mit_Messingborsten_7.jpg","width":1500,"height":1500},{"@type":"BreadcrumbList","@id":"https:\/\/tapir.de\/fr\/shop\/brosse-en-daim-avec-poils-en-laiton\/#breadcrumb","itemListElement":[{"@type":"ListItem","position":1,"name":"Startseite","item":"https:\/\/tapir.de\/fr\/"},{"@type":"ListItem","position":2,"name":"Boutique","item":"https:\/\/tapir.de\/fr\/boutique\/"},{"@type":"ListItem","position":3,"name":"Brosse en daim avec poils en laiton"}]},{"@type":"WebSite","@id":"https:\/\/tapir.de\/fr\/?lang=en\/#website","url":"https:\/\/tapir.de\/fr\/?lang=en\/","name":"Tapir Wachswaren","description":"Nat\u00fcrliche Pflegeprodukte f\u00fcr Leder, Textil und Holz","publisher":{"@id":"https:\/\/tapir.de\/fr\/?lang=en\/#organization"},"potentialAction":[{"@type":"SearchAction","target":{"@type":"EntryPoint","urlTemplate":"https:\/\/tapir.de\/fr\/?lang=en\/?s={search_term_string}"},"query-input":{"@type":"PropertyValueSpecification","valueRequired":true,"valueName":"search_term_string"}}],"inLanguage":"fr-FR"},{"@type":"Organization","@id":"https:\/\/tapir.de\/fr\/?lang=en\/#organization","name":"Tapir Wachswaren","url":"https:\/\/tapir.de\/fr\/?lang=en\/","logo":{"@type":"ImageObject","inLanguage":"fr-FR","@id":"https:\/\/tapir.de\/fr\/?lang=en\/#\/schema\/logo\/image\/","url":"https:\/\/tapir.de\/wp-content\/uploads\/2020\/11\/cropped-TAPIR_Wachswaren_logo.png","contentUrl":"https:\/\/tapir.de\/wp-content\/uploads\/2020\/11\/cropped-TAPIR_Wachswaren_logo.png","width":512,"height":512,"caption":"Tapir Wachswaren"},"image":{"@id":"https:\/\/tapir.de\/fr\/?lang=en\/#\/schema\/logo\/image\/"},"sameAs":["https:\/\/www.facebook.com\/TapirWachswaren\/","https:\/\/www.instagram.com\/tapir_pflegeprodukte\/?hl=de"]}]}},"_links":{"self":[{"href":"https:\/\/tapir.de\/fr\/wp-json\/wp\/v2\/product\/21053","targetHints":{"allow":["GET"]}}],"collection":[{"href":"https:\/\/tapir.de\/fr\/wp-json\/wp\/v2\/product"}],"about":[{"href":"https:\/\/tapir.de\/fr\/wp-json\/wp\/v2\/types\/product"}],"wp:featuredmedia":[{"embeddable":true,"href":"https:\/\/tapir.de\/fr\/wp-json\/wp\/v2\/media\/21063"}],"wp:attachment":[{"href":"https:\/\/tapir.de\/fr\/wp-json\/wp\/v2\/media?parent=21053"}],"wp:term":[{"taxonomy":"product_brand","embeddable":true,"href":"https:\/\/tapir.de\/fr\/wp-json\/wp\/v2\/product_brand?post=21053"},{"taxonomy":"product_cat","embeddable":true,"href":"https:\/\/tapir.de\/fr\/wp-json\/wp\/v2\/product_cat?post=21053"},{"taxonomy":"product_tag","embeddable":true,"href":"https:\/\/tapir.de\/fr\/wp-json\/wp\/v2\/product_tag?post=21053"}],"curies":[{"name":"wp","href":"https:\/\/api.w.org\/{rel}","templated":true}]}}