{"id":21030,"date":"2020-05-25T09:37:47","date_gmt":"2020-05-25T07:37:47","guid":{"rendered":"https:\/\/tapir.de\/shop\/koendringer-care-wax-entretien-naturel-pour-meubles-en-bois-et-antiquites\/"},"modified":"2026-01-26T13:06:24","modified_gmt":"2026-01-26T12:06:24","slug":"koendringer-care-wax-entretien-naturel-pour-meubles-en-bois-et-antiquites","status":"publish","type":"product","link":"https:\/\/tapir.de\/fr\/shop\/koendringer-care-wax-entretien-naturel-pour-meubles-en-bois-et-antiquites\/","title":{"rendered":"K\u00f6ndringer Care Wax \u2013 entretien naturel pour meubles en bois et antiquit\u00e9s"},"content":{"rendered":"<h3><span style=\"color: #a90533;\"><strong>K\u00f6ndringer Care Wax \u2013 entretien naturel pour meubles en bois et antiquit\u00e9s<\/strong><\/span><\/h3>\n<p>La cire de soin durable K\u00f6ndringer fabriqu\u00e9e \u00e0 partir d\u2019ingr\u00e9dients naturels est id\u00e9ale pour l\u2019entretien et la protection des sols en bois, du mobilier en bois et des antiquit\u00e9s. Les surfaces sont prot\u00e9g\u00e9es et prennent un \u00e9clat soyeux. <\/p>\n<p>Notre conseil !<br \/>\nLe linol\u00e9um, le li\u00e8ge et le marbre peuvent \u00e9galement \u00eatre entretenus avec la cire.<br \/>\nPour le pr\u00e9traitement de ces surfaces, nous recommandons le <a href=\"https:\/\/tapir.de\/shop\/koendringer-moebelpolitur\">polish pour meubles K\u00f6ndringer<\/a> de Tapir.<\/p>\n<p><span style=\"color: #a90533;\"><strong>Caract\u00e9ristiques du produit :<\/strong><\/span><\/p>\n<ul>\n<li>pour le mobilier en bois, les antiquit\u00e9s et les planchers en bois<\/li>\n<li>Entretien durable et protection du mobilier en bois et des sols en bois<\/li>\n<li>Brillant<\/li>\n<li>Faits main en Allemagne<\/li>\n<li>Contenu : 200 ml dans une bo\u00eete souple<\/li>\n<li>Durablement \u00e9cologiquement constant<\/li>\n<li>fabriqu\u00e9 \u00e0 partir de mati\u00e8res premi\u00e8res naturelles<\/li>\n<li><a href=\"https:\/\/gfaw.eu\/ncp\/\">NCP<\/a> Certification<\/li>\n<li>selon la recette originale du restaurateur Dr Peter Haas<\/li>\n<\/ul>\n<p><strong><span style=\"color: #a90533;\">Application :<\/span><br \/>\n<\/strong>Appliquez la cire finement et uniform\u00e9ment avec un tissu ou un pinceau, puis polis directement avec un pinceau brillant pour obtenir un \u00e9clat soyeux et mat. Le traitement post-traitement avec un chiffon de polissage augmente la brillance. Pour les plus grandes surfaces, ventilez bien ! Les surfaces tr\u00e8s absorbantes, telles que le bois tendre, le li\u00e8ge, le linol\u00e9um, sont mieux trait\u00e9es \u00e0 l\u2019avance avec de l\u2019huile d\u2019appr\u00eat. Les surfaces en bois non peintes deviennent particuli\u00e8rement belles si elles sont lisses avec une toison abrasive avant la cire.    <\/p>\n<p><strong><span style=\"color: #333333;\">Ingr\u00e9dients :<\/span><br \/>\n<\/strong>Cire d\u2019abeille, cire de carnauba*, cire de gomme-laque, cire de canne \u00e0 sucre, huile de lin* et huile<br \/>\n d\u2019orange* provenant de culture biologique contr\u00f4l\u00e9e \/ cire issue de culture biologique<\/p>\n","protected":false},"excerpt":{"rendered":"<p>De la cire naturelle pour la protection et l\u2019entretien des sols en bois, des meubles en bois ou des antiquit\u00e9s. Produit naturel fabriqu\u00e9 \u00e0 partir de mati\u00e8res premi\u00e8res naturelles fabriqu\u00e9es en Allemagne. <\/p>\n","protected":false},"featured_media":21031,"template":"","meta":[],"product_brand":[],"product_cat":[956],"product_tag":[],"class_list":{"0":"post-21030","1":"product","2":"type-product","3":"status-publish","4":"has-post-thumbnail","6":"product_cat-produits-dentretien-du-bois","7":"pa_geeignet-fuer-antiquites","8":"pa_geeignet-fuer-liege","9":"pa_geeignet-fuer-linoleum","10":"pa_geeignet-fuer-marbre","11":"pa_geeignet-fuer-mobilier-en-bois","12":"pa_geeignet-fuer-plancher-en-bois","13":"pa_geeignet-fuer-plastiques-lisses","14":"pa_geeignet-fuer-plateau","16":"first","17":"instock","18":"taxable","19":"shipping-taxable","20":"purchasable","21":"product-type-simple"},"yoast_head":"<!-- This site is optimized with the Yoast SEO plugin v27.4 - https:\/\/yoast.com\/product\/yoast-seo-wordpress\/ -->\n<title>K\u00f6ndringer Care Wax - entretien naturel pour meubles en bois et antiquit\u00e9s - Tapir Wachswaren<\/title>\n<meta name=\"description\" content=\"K\u00f6ndringer Care Wax - soins naturels pour le mobilier en bois et les antiquit\u00e9s, compos\u00e9s de mati\u00e8res premi\u00e8res naturelles telles que la cire d\u2019abeille et la cire de carnauba.\" \/>\n<meta name=\"robots\" content=\"index, follow, max-snippet:-1, max-image-preview:large, max-video-preview:-1\" \/>\n<link rel=\"canonical\" href=\"https:\/\/tapir.de\/fr\/shop\/koendringer-care-wax-entretien-naturel-pour-meubles-en-bois-et-antiquites\/\" \/>\n<meta property=\"og:locale\" content=\"fr_FR\" \/>\n<meta property=\"og:type\" content=\"article\" \/>\n<meta property=\"og:title\" content=\"K\u00f6ndringer Care Wax - entretien naturel pour meubles en bois et antiquit\u00e9s - Tapir Wachswaren\" \/>\n<meta property=\"og:description\" content=\"K\u00f6ndringer Care Wax - soins naturels pour le mobilier en bois et les antiquit\u00e9s, compos\u00e9s de mati\u00e8res premi\u00e8res naturelles telles que la cire d\u2019abeille et la cire de carnauba.\" \/>\n<meta property=\"og:url\" content=\"https:\/\/tapir.de\/fr\/shop\/koendringer-care-wax-entretien-naturel-pour-meubles-en-bois-et-antiquites\/\" \/>\n<meta property=\"og:site_name\" content=\"Tapir Wachswaren\" \/>\n<meta property=\"article:publisher\" content=\"https:\/\/www.facebook.com\/TapirWachswaren\/\" \/>\n<meta property=\"article:modified_time\" content=\"2026-01-26T12:06:24+00:00\" \/>\n<meta property=\"og:image\" content=\"https:\/\/tapir.de\/wp-content\/uploads\/2020\/05\/70200-Koendringer-Pflegewachs-klein.jpg\" \/>\n\t<meta property=\"og:image:width\" content=\"1000\" \/>\n\t<meta property=\"og:image:height\" content=\"1000\" \/>\n\t<meta property=\"og:image:type\" content=\"image\/jpeg\" \/>\n<meta name=\"twitter:card\" content=\"summary_large_image\" \/>\n<meta name=\"twitter:label1\" content=\"Dur\u00e9e de lecture estim\u00e9e\" \/>\n\t<meta name=\"twitter:data1\" content=\"1 minute\" \/>\n<script type=\"application\/ld+json\" class=\"yoast-schema-graph\">{\"@context\":\"https:\\\/\\\/schema.org\",\"@graph\":[{\"@type\":\"WebPage\",\"@id\":\"https:\\\/\\\/tapir.de\\\/fr\\\/shop\\\/koendringer-care-wax-entretien-naturel-pour-meubles-en-bois-et-antiquites\\\/\",\"url\":\"https:\\\/\\\/tapir.de\\\/fr\\\/shop\\\/koendringer-care-wax-entretien-naturel-pour-meubles-en-bois-et-antiquites\\\/\",\"name\":\"K\u00f6ndringer Care Wax - entretien naturel pour meubles en bois et antiquit\u00e9s - Tapir Wachswaren\",\"isPartOf\":{\"@id\":\"https:\\\/\\\/tapir.de\\\/fr\\\/?lang=en\\\/#website\"},\"primaryImageOfPage\":{\"@id\":\"https:\\\/\\\/tapir.de\\\/fr\\\/shop\\\/koendringer-care-wax-entretien-naturel-pour-meubles-en-bois-et-antiquites\\\/#primaryimage\"},\"image\":{\"@id\":\"https:\\\/\\\/tapir.de\\\/fr\\\/shop\\\/koendringer-care-wax-entretien-naturel-pour-meubles-en-bois-et-antiquites\\\/#primaryimage\"},\"thumbnailUrl\":\"https:\\\/\\\/tapir.de\\\/wp-content\\\/uploads\\\/2020\\\/05\\\/70200-Koendringer-Pflegewachs-klein.jpg\",\"datePublished\":\"2020-05-25T07:37:47+00:00\",\"dateModified\":\"2026-01-26T12:06:24+00:00\",\"description\":\"K\u00f6ndringer Care Wax - soins naturels pour le mobilier en bois et les antiquit\u00e9s, compos\u00e9s de mati\u00e8res premi\u00e8res naturelles telles que la cire d\u2019abeille et la cire de carnauba.\",\"breadcrumb\":{\"@id\":\"https:\\\/\\\/tapir.de\\\/fr\\\/shop\\\/koendringer-care-wax-entretien-naturel-pour-meubles-en-bois-et-antiquites\\\/#breadcrumb\"},\"inLanguage\":\"fr-FR\",\"potentialAction\":[{\"@type\":\"ReadAction\",\"target\":[\"https:\\\/\\\/tapir.de\\\/fr\\\/shop\\\/koendringer-care-wax-entretien-naturel-pour-meubles-en-bois-et-antiquites\\\/\"]}]},{\"@type\":\"ImageObject\",\"inLanguage\":\"fr-FR\",\"@id\":\"https:\\\/\\\/tapir.de\\\/fr\\\/shop\\\/koendringer-care-wax-entretien-naturel-pour-meubles-en-bois-et-antiquites\\\/#primaryimage\",\"url\":\"https:\\\/\\\/tapir.de\\\/wp-content\\\/uploads\\\/2020\\\/05\\\/70200-Koendringer-Pflegewachs-klein.jpg\",\"contentUrl\":\"https:\\\/\\\/tapir.de\\\/wp-content\\\/uploads\\\/2020\\\/05\\\/70200-Koendringer-Pflegewachs-klein.jpg\",\"width\":1000,\"height\":1000},{\"@type\":\"BreadcrumbList\",\"@id\":\"https:\\\/\\\/tapir.de\\\/fr\\\/shop\\\/koendringer-care-wax-entretien-naturel-pour-meubles-en-bois-et-antiquites\\\/#breadcrumb\",\"itemListElement\":[{\"@type\":\"ListItem\",\"position\":1,\"name\":\"Startseite\",\"item\":\"https:\\\/\\\/tapir.de\\\/fr\\\/\"},{\"@type\":\"ListItem\",\"position\":2,\"name\":\"Boutique\",\"item\":\"https:\\\/\\\/tapir.de\\\/fr\\\/boutique\\\/\"},{\"@type\":\"ListItem\",\"position\":3,\"name\":\"K\u00f6ndringer Care Wax &#8211; entretien naturel pour meubles en bois et antiquit\u00e9s\"}]},{\"@type\":\"WebSite\",\"@id\":\"https:\\\/\\\/tapir.de\\\/fr\\\/?lang=en\\\/#website\",\"url\":\"https:\\\/\\\/tapir.de\\\/fr\\\/?lang=en\\\/\",\"name\":\"Tapir Wachswaren\",\"description\":\"Nat\u00fcrliche Pflegeprodukte f\u00fcr Leder, Textil und Holz\",\"publisher\":{\"@id\":\"https:\\\/\\\/tapir.de\\\/fr\\\/?lang=en\\\/#organization\"},\"potentialAction\":[{\"@type\":\"SearchAction\",\"target\":{\"@type\":\"EntryPoint\",\"urlTemplate\":\"https:\\\/\\\/tapir.de\\\/fr\\\/?lang=en\\\/?s={search_term_string}\"},\"query-input\":{\"@type\":\"PropertyValueSpecification\",\"valueRequired\":true,\"valueName\":\"search_term_string\"}}],\"inLanguage\":\"fr-FR\"},{\"@type\":\"Organization\",\"@id\":\"https:\\\/\\\/tapir.de\\\/fr\\\/?lang=en\\\/#organization\",\"name\":\"Tapir Wachswaren\",\"url\":\"https:\\\/\\\/tapir.de\\\/fr\\\/?lang=en\\\/\",\"logo\":{\"@type\":\"ImageObject\",\"inLanguage\":\"fr-FR\",\"@id\":\"https:\\\/\\\/tapir.de\\\/fr\\\/?lang=en\\\/#\\\/schema\\\/logo\\\/image\\\/\",\"url\":\"https:\\\/\\\/tapir.de\\\/wp-content\\\/uploads\\\/2020\\\/11\\\/cropped-TAPIR_Wachswaren_logo.png\",\"contentUrl\":\"https:\\\/\\\/tapir.de\\\/wp-content\\\/uploads\\\/2020\\\/11\\\/cropped-TAPIR_Wachswaren_logo.png\",\"width\":512,\"height\":512,\"caption\":\"Tapir Wachswaren\"},\"image\":{\"@id\":\"https:\\\/\\\/tapir.de\\\/fr\\\/?lang=en\\\/#\\\/schema\\\/logo\\\/image\\\/\"},\"sameAs\":[\"https:\\\/\\\/www.facebook.com\\\/TapirWachswaren\\\/\",\"https:\\\/\\\/www.instagram.com\\\/tapir_pflegeprodukte\\\/?hl=de\"]}]}<\/script>\n<!-- \/ Yoast SEO plugin. -->","yoast_head_json":{"title":"K\u00f6ndringer Care Wax - entretien naturel pour meubles en bois et antiquit\u00e9s - Tapir Wachswaren","description":"K\u00f6ndringer Care Wax - soins naturels pour le mobilier en bois et les antiquit\u00e9s, compos\u00e9s de mati\u00e8res premi\u00e8res naturelles telles que la cire d\u2019abeille et la cire de carnauba.","robots":{"index":"index","follow":"follow","max-snippet":"max-snippet:-1","max-image-preview":"max-image-preview:large","max-video-preview":"max-video-preview:-1"},"canonical":"https:\/\/tapir.de\/fr\/shop\/koendringer-care-wax-entretien-naturel-pour-meubles-en-bois-et-antiquites\/","og_locale":"fr_FR","og_type":"article","og_title":"K\u00f6ndringer Care Wax - entretien naturel pour meubles en bois et antiquit\u00e9s - Tapir Wachswaren","og_description":"K\u00f6ndringer Care Wax - soins naturels pour le mobilier en bois et les antiquit\u00e9s, compos\u00e9s de mati\u00e8res premi\u00e8res naturelles telles que la cire d\u2019abeille et la cire de carnauba.","og_url":"https:\/\/tapir.de\/fr\/shop\/koendringer-care-wax-entretien-naturel-pour-meubles-en-bois-et-antiquites\/","og_site_name":"Tapir Wachswaren","article_publisher":"https:\/\/www.facebook.com\/TapirWachswaren\/","article_modified_time":"2026-01-26T12:06:24+00:00","og_image":[{"width":1000,"height":1000,"url":"https:\/\/tapir.de\/wp-content\/uploads\/2020\/05\/70200-Koendringer-Pflegewachs-klein.jpg","type":"image\/jpeg"}],"twitter_card":"summary_large_image","twitter_misc":{"Dur\u00e9e de lecture estim\u00e9e":"1 minute"},"schema":{"@context":"https:\/\/schema.org","@graph":[{"@type":"WebPage","@id":"https:\/\/tapir.de\/fr\/shop\/koendringer-care-wax-entretien-naturel-pour-meubles-en-bois-et-antiquites\/","url":"https:\/\/tapir.de\/fr\/shop\/koendringer-care-wax-entretien-naturel-pour-meubles-en-bois-et-antiquites\/","name":"K\u00f6ndringer Care Wax - entretien naturel pour meubles en bois et antiquit\u00e9s - Tapir Wachswaren","isPartOf":{"@id":"https:\/\/tapir.de\/fr\/?lang=en\/#website"},"primaryImageOfPage":{"@id":"https:\/\/tapir.de\/fr\/shop\/koendringer-care-wax-entretien-naturel-pour-meubles-en-bois-et-antiquites\/#primaryimage"},"image":{"@id":"https:\/\/tapir.de\/fr\/shop\/koendringer-care-wax-entretien-naturel-pour-meubles-en-bois-et-antiquites\/#primaryimage"},"thumbnailUrl":"https:\/\/tapir.de\/wp-content\/uploads\/2020\/05\/70200-Koendringer-Pflegewachs-klein.jpg","datePublished":"2020-05-25T07:37:47+00:00","dateModified":"2026-01-26T12:06:24+00:00","description":"K\u00f6ndringer Care Wax - soins naturels pour le mobilier en bois et les antiquit\u00e9s, compos\u00e9s de mati\u00e8res premi\u00e8res naturelles telles que la cire d\u2019abeille et la cire de carnauba.","breadcrumb":{"@id":"https:\/\/tapir.de\/fr\/shop\/koendringer-care-wax-entretien-naturel-pour-meubles-en-bois-et-antiquites\/#breadcrumb"},"inLanguage":"fr-FR","potentialAction":[{"@type":"ReadAction","target":["https:\/\/tapir.de\/fr\/shop\/koendringer-care-wax-entretien-naturel-pour-meubles-en-bois-et-antiquites\/"]}]},{"@type":"ImageObject","inLanguage":"fr-FR","@id":"https:\/\/tapir.de\/fr\/shop\/koendringer-care-wax-entretien-naturel-pour-meubles-en-bois-et-antiquites\/#primaryimage","url":"https:\/\/tapir.de\/wp-content\/uploads\/2020\/05\/70200-Koendringer-Pflegewachs-klein.jpg","contentUrl":"https:\/\/tapir.de\/wp-content\/uploads\/2020\/05\/70200-Koendringer-Pflegewachs-klein.jpg","width":1000,"height":1000},{"@type":"BreadcrumbList","@id":"https:\/\/tapir.de\/fr\/shop\/koendringer-care-wax-entretien-naturel-pour-meubles-en-bois-et-antiquites\/#breadcrumb","itemListElement":[{"@type":"ListItem","position":1,"name":"Startseite","item":"https:\/\/tapir.de\/fr\/"},{"@type":"ListItem","position":2,"name":"Boutique","item":"https:\/\/tapir.de\/fr\/boutique\/"},{"@type":"ListItem","position":3,"name":"K\u00f6ndringer Care Wax &#8211; entretien naturel pour meubles en bois et antiquit\u00e9s"}]},{"@type":"WebSite","@id":"https:\/\/tapir.de\/fr\/?lang=en\/#website","url":"https:\/\/tapir.de\/fr\/?lang=en\/","name":"Tapir Wachswaren","description":"Nat\u00fcrliche Pflegeprodukte f\u00fcr Leder, Textil und Holz","publisher":{"@id":"https:\/\/tapir.de\/fr\/?lang=en\/#organization"},"potentialAction":[{"@type":"SearchAction","target":{"@type":"EntryPoint","urlTemplate":"https:\/\/tapir.de\/fr\/?lang=en\/?s={search_term_string}"},"query-input":{"@type":"PropertyValueSpecification","valueRequired":true,"valueName":"search_term_string"}}],"inLanguage":"fr-FR"},{"@type":"Organization","@id":"https:\/\/tapir.de\/fr\/?lang=en\/#organization","name":"Tapir Wachswaren","url":"https:\/\/tapir.de\/fr\/?lang=en\/","logo":{"@type":"ImageObject","inLanguage":"fr-FR","@id":"https:\/\/tapir.de\/fr\/?lang=en\/#\/schema\/logo\/image\/","url":"https:\/\/tapir.de\/wp-content\/uploads\/2020\/11\/cropped-TAPIR_Wachswaren_logo.png","contentUrl":"https:\/\/tapir.de\/wp-content\/uploads\/2020\/11\/cropped-TAPIR_Wachswaren_logo.png","width":512,"height":512,"caption":"Tapir Wachswaren"},"image":{"@id":"https:\/\/tapir.de\/fr\/?lang=en\/#\/schema\/logo\/image\/"},"sameAs":["https:\/\/www.facebook.com\/TapirWachswaren\/","https:\/\/www.instagram.com\/tapir_pflegeprodukte\/?hl=de"]}]}},"_links":{"self":[{"href":"https:\/\/tapir.de\/fr\/wp-json\/wp\/v2\/product\/21030","targetHints":{"allow":["GET"]}}],"collection":[{"href":"https:\/\/tapir.de\/fr\/wp-json\/wp\/v2\/product"}],"about":[{"href":"https:\/\/tapir.de\/fr\/wp-json\/wp\/v2\/types\/product"}],"wp:featuredmedia":[{"embeddable":true,"href":"https:\/\/tapir.de\/fr\/wp-json\/wp\/v2\/media\/21031"}],"wp:attachment":[{"href":"https:\/\/tapir.de\/fr\/wp-json\/wp\/v2\/media?parent=21030"}],"wp:term":[{"taxonomy":"product_brand","embeddable":true,"href":"https:\/\/tapir.de\/fr\/wp-json\/wp\/v2\/product_brand?post=21030"},{"taxonomy":"product_cat","embeddable":true,"href":"https:\/\/tapir.de\/fr\/wp-json\/wp\/v2\/product_cat?post=21030"},{"taxonomy":"product_tag","embeddable":true,"href":"https:\/\/tapir.de\/fr\/wp-json\/wp\/v2\/product_tag?post=21030"}],"curies":[{"name":"wp","href":"https:\/\/api.w.org\/{rel}","templated":true}]}}