{"id":21029,"date":"2020-05-25T09:25:42","date_gmt":"2020-05-25T07:25:42","guid":{"rendered":"https:\/\/tapir.de\/shop\/ensemble-de-soins-de-tapir-en-plein-air-en-deplacement-soins-naturels-pour-les-produits-dexterieur\/"},"modified":"2026-01-26T13:06:24","modified_gmt":"2026-01-26T12:06:24","slug":"ensemble-de-soins-de-tapir-en-plein-air-en-deplacement-soins-naturels-pour-les-produits-dexterieur","status":"publish","type":"product","link":"https:\/\/tapir.de\/fr\/shop\/ensemble-de-soins-de-tapir-en-plein-air-en-deplacement-soins-naturels-pour-les-produits-dexterieur\/","title":{"rendered":"Ensemble de soins de tapir en plein air en d\u00e9placement ! \u2013 Soins naturels pour les produits d\u2019ext\u00e9rieur"},"content":{"rendered":"<p><span style=\"color: #a90533; font-size: 120%;\"><strong>L\u2019ensemble naturel de soins pour les chaussures et les v\u00eatements  <\/strong><\/span><\/p>\n<p>Un kit de soins naturels pour chaussures et v\u00eatements. Fabriqu\u00e9 \u00e0 partir de mati\u00e8res premi\u00e8res naturelles, il nettoie et prot\u00e8ge les chaussures (chaussures de randonn\u00e9e, chaussures pieds nus, chaussures de sport) ainsi que les v\u00eatements d\u2019ext\u00e9rieur de mani\u00e8re naturelle. <\/p>\n<p><span style=\"color: #a90533; font-size: 120%;\"><strong>Caract\u00e9ristiques du produit :<\/strong><\/span><\/p>\n<ul>\n<li> <strong> Nettoyant \u00ab Ext\u00e9rieur \u00bb pour tapir<\/strong> et chaussures en cuir, tissu et tissu fonctionnel, 200 ml<br \/>\navec une \u00e9ponge<\/li>\n<li><strong>Tapir \u00ab Outdoor \u00bb Protection contre l\u2019humidit\u00e9 pour chaussures de randonn\u00e9e<\/strong> en cuir, tissu et tissu fonctionnel, 100 ml<br \/>\navec brosse<\/li>\n<li><strong>Impregnation \u00ab Outdoor \u00bb de tapir<\/strong> pour v\u00eatements et textiles en ext\u00e9rieur, 200 ml<br \/>\navec brosse d\u2019application<\/li>\n<li>Faits main en Allemagne<\/li>\n<li>Durablement \u00e9cologiquement constant<\/li>\n<li>Fabriqu\u00e9 \u00e0 partir de mati\u00e8res premi\u00e8res naturelles \u2013 produits naturels purs<\/li>\n<li><a href=\"https:\/\/gfaw.eu\/ncp\/\">NCP<\/a> Certification<\/li>\n<\/ul>\n<p><strong><span style=\"color: #a90533;\"><span style=\"font-size: 120%;\">Le <\/span><span style=\"caret-color: #a90533; font-size: 17.280000686645508px;\"><span style=\"font-size: 120%;\"> nettoyant naturel pour chaussures <\/span><\/span> <\/span><\/strong><\/p>\n<p>Trouver un produit nettoyant pour vos chaussures de randonn\u00e9e, qu\u2019elles soient en cuir, en tissu ou en tissu multifonctionnel, et aussi \u00e9cologique, n\u2019est pas si simple. Avec le nettoyant de Tapir de la gamme \u00ab Outdoor \u00bb, vous pouvez nettoyer chaque chaussure. Le nettoyant est m\u00e9lang\u00e9 \u00e0 de l\u2019eau et est doux et puissant en termes de nettoyage.  <\/p>\n<p>En combinaison avec la <a href=\"https:\/\/tapir.de\/shop\/naesseschutz\">protection contre l\u2019humidit\u00e9<\/a> qui l\u2019accompagne, vous avez deux produits parfaitement adapt\u00e9s au nettoyage et \u00e0 l\u2019imperm\u00e9abilisation pour la prochaine randonn\u00e9e, marche ou saut de flaque. Ce nettoyant est \u00e9galement parfaitement adapt\u00e9 aux textiles. En particulier, les v\u00eatements faits de tissu et de tissu multifonctionnel.  <\/p>\n<p>&nbsp;<\/p>\n<p><strong><span style=\"color: #a90533;\"><span style=\"font-size: 120%;\">La protection naturelle contre l\u2019humidit\u00e9 de vos chaussures en cuir, tissu m\u00e9lang\u00e9 ou coton<\/span><\/span><\/strong><\/p>\n<p>D\u00e8s que vous faites de la randonn\u00e9e ou de la promenade en nature, vos chaussures doivent \u00eatre prot\u00e9g\u00e9es de l\u2019humidit\u00e9. Que ce soit pour les chaussures de randonn\u00e9e, bottes ou chaussures d\u2019enfant, qu\u2019elles soient en cuir, en tissu ou en tissu fonctionnel, la protection contre l\u2019humidit\u00e9 prot\u00e8ge et prot\u00e8ge contre les pieds mouill\u00e9s. En plus du    <a href=\"https:\/\/tapir.de\/shop\/reiniger\">Tapir Dehors ! Nettoyage<\/a>  La protection contre l\u2019humidit\u00e9 est un soin et une impr\u00e9gnation qui ne nuisent pas \u00e0 l\u2019environnement. Marchez consciemment dans la nature ! <\/p>\n<p>&nbsp;<\/p>\n<p><strong><span style=\"color: #a90533;\"><span style=\"font-size: 120%;\">L\u2019impr\u00e9gnation <\/span><span style=\"caret-color: #a90533; font-size: 17.280000686645508px;\">naturelle<\/span><span style=\"font-size: 120%;\"> pour les v\u00eatements et textiles d\u2019ext\u00e9rieur<\/span><\/span><\/strong><\/p>\n<p>Qu\u2019il s\u2019agisse de vestes d\u2019ext\u00e9rieur, de sacoches, de sacs \u00e0 dos ou m\u00eame de grandes tentes, il faut des soins r\u00e9guliers et un rafra\u00eechissement de l\u2019enceinte. Sur la route en plein air ! Avec l\u2019ins\u00e9mination, il y a une grande variante \u00e9cologique qui est b\u00e9n\u00e9fique non seulement pour le tissu, mais aussi pour l\u2019environnement. L\u2019impr\u00e9gnation est appliqu\u00e9e \u00e0 l\u2019aide d\u2019un pinceau d\u2019application ou d\u2019un grand pinceau. Pour le bien de l\u2019environnement, prenez soin de vos produits avec des produits d\u2019entretien Tapir.    <\/p>\n","protected":false},"excerpt":{"rendered":"<p>La protection optimale contre l\u2019humidit\u00e9, l\u2019impregnation et le nettoyant pour la randonn\u00e9e, le jogging et la marche.<\/p>\n","protected":false},"featured_media":21032,"template":"","meta":[],"product_brand":[],"product_cat":[961,923],"product_tag":[],"class_list":{"0":"post-21029","1":"product","2":"type-product","3":"status-publish","4":"has-post-thumbnail","6":"product_cat-outdoorpflege","7":"product_cat-kits-de-soins","8":"pa_geeignet-fuer-anorak","9":"pa_geeignet-fuer-baskets","10":"pa_geeignet-fuer-chaussures","11":"pa_geeignet-fuer-chaussures-de-jogging","12":"pa_geeignet-fuer-chaussures-de-randonnee","13":"pa_geeignet-fuer-chaussures-en-daim","14":"pa_geeignet-fuer-chaussures-pieds-nus","15":"pa_geeignet-fuer-pantalon-de-pluie","16":"pa_geeignet-fuer-sacs","17":"pa_geeignet-fuer-sacs-a-velo","18":"pa_geeignet-fuer-sacs-moto","19":"pa_geeignet-fuer-tentes","20":"pa_geeignet-fuer-tipis","21":"pa_geeignet-fuer-veste-impermeable","22":"pa_geeignet-fuer-vetements-fonctionnels","24":"first","25":"instock","26":"taxable","27":"shipping-taxable","28":"purchasable","29":"product-type-simple"},"yoast_head":"<!-- This site is optimized with the Yoast SEO plugin v27.3 - https:\/\/yoast.com\/product\/yoast-seo-wordpress\/ -->\n<title>Ensemble de soins de tapir en plein air en d\u00e9placement ! - Soins naturels pour les produits d\u2019ext\u00e9rieur - Tapir Wachswaren<\/title>\n<meta name=\"description\" content=\"Ensemble de soins de tapir en plein air en d\u00e9placement ! - Produits de soin naturel pour chaussures et v\u00eatements constitu\u00e9s de mati\u00e8res premi\u00e8res naturelles.\" \/>\n<meta name=\"robots\" content=\"index, follow, max-snippet:-1, max-image-preview:large, max-video-preview:-1\" \/>\n<link rel=\"canonical\" href=\"https:\/\/tapir.de\/fr\/shop\/ensemble-de-soins-de-tapir-en-plein-air-en-deplacement-soins-naturels-pour-les-produits-dexterieur\/\" \/>\n<meta property=\"og:locale\" content=\"fr_FR\" \/>\n<meta property=\"og:type\" content=\"article\" \/>\n<meta property=\"og:title\" content=\"Ensemble de soins de tapir en plein air en d\u00e9placement ! - Soins naturels pour les produits d\u2019ext\u00e9rieur - Tapir Wachswaren\" \/>\n<meta property=\"og:description\" content=\"Ensemble de soins de tapir en plein air en d\u00e9placement ! - Produits de soin naturel pour chaussures et v\u00eatements constitu\u00e9s de mati\u00e8res premi\u00e8res naturelles.\" \/>\n<meta property=\"og:url\" content=\"https:\/\/tapir.de\/fr\/shop\/ensemble-de-soins-de-tapir-en-plein-air-en-deplacement-soins-naturels-pour-les-produits-dexterieur\/\" \/>\n<meta property=\"og:site_name\" content=\"Tapir Wachswaren\" \/>\n<meta property=\"article:publisher\" content=\"https:\/\/www.facebook.com\/TapirWachswaren\/\" \/>\n<meta property=\"article:modified_time\" content=\"2026-01-26T12:06:24+00:00\" \/>\n<meta property=\"og:image\" content=\"https:\/\/tapir.de\/wp-content\/uploads\/2020\/05\/63000Set-Pflegeset-1.jpg\" \/>\n\t<meta property=\"og:image:width\" content=\"1000\" \/>\n\t<meta property=\"og:image:height\" content=\"1000\" \/>\n\t<meta property=\"og:image:type\" content=\"image\/jpeg\" \/>\n<meta name=\"twitter:card\" content=\"summary_large_image\" \/>\n<meta name=\"twitter:label1\" content=\"Dur\u00e9e de lecture estim\u00e9e\" \/>\n\t<meta name=\"twitter:data1\" content=\"2 minutes\" \/>\n<script type=\"application\/ld+json\" class=\"yoast-schema-graph\">{\"@context\":\"https:\\\/\\\/schema.org\",\"@graph\":[{\"@type\":\"WebPage\",\"@id\":\"https:\\\/\\\/tapir.de\\\/fr\\\/shop\\\/ensemble-de-soins-de-tapir-en-plein-air-en-deplacement-soins-naturels-pour-les-produits-dexterieur\\\/\",\"url\":\"https:\\\/\\\/tapir.de\\\/fr\\\/shop\\\/ensemble-de-soins-de-tapir-en-plein-air-en-deplacement-soins-naturels-pour-les-produits-dexterieur\\\/\",\"name\":\"Ensemble de soins de tapir en plein air en d\u00e9placement ! - Soins naturels pour les produits d\u2019ext\u00e9rieur - Tapir Wachswaren\",\"isPartOf\":{\"@id\":\"https:\\\/\\\/tapir.de\\\/fr\\\/?lang=en\\\/#website\"},\"primaryImageOfPage\":{\"@id\":\"https:\\\/\\\/tapir.de\\\/fr\\\/shop\\\/ensemble-de-soins-de-tapir-en-plein-air-en-deplacement-soins-naturels-pour-les-produits-dexterieur\\\/#primaryimage\"},\"image\":{\"@id\":\"https:\\\/\\\/tapir.de\\\/fr\\\/shop\\\/ensemble-de-soins-de-tapir-en-plein-air-en-deplacement-soins-naturels-pour-les-produits-dexterieur\\\/#primaryimage\"},\"thumbnailUrl\":\"https:\\\/\\\/tapir.de\\\/wp-content\\\/uploads\\\/2020\\\/05\\\/63000Set-Pflegeset-1.jpg\",\"datePublished\":\"2020-05-25T07:25:42+00:00\",\"dateModified\":\"2026-01-26T12:06:24+00:00\",\"description\":\"Ensemble de soins de tapir en plein air en d\u00e9placement ! - Produits de soin naturel pour chaussures et v\u00eatements constitu\u00e9s de mati\u00e8res premi\u00e8res naturelles.\",\"breadcrumb\":{\"@id\":\"https:\\\/\\\/tapir.de\\\/fr\\\/shop\\\/ensemble-de-soins-de-tapir-en-plein-air-en-deplacement-soins-naturels-pour-les-produits-dexterieur\\\/#breadcrumb\"},\"inLanguage\":\"fr-FR\",\"potentialAction\":[{\"@type\":\"ReadAction\",\"target\":[\"https:\\\/\\\/tapir.de\\\/fr\\\/shop\\\/ensemble-de-soins-de-tapir-en-plein-air-en-deplacement-soins-naturels-pour-les-produits-dexterieur\\\/\"]}]},{\"@type\":\"ImageObject\",\"inLanguage\":\"fr-FR\",\"@id\":\"https:\\\/\\\/tapir.de\\\/fr\\\/shop\\\/ensemble-de-soins-de-tapir-en-plein-air-en-deplacement-soins-naturels-pour-les-produits-dexterieur\\\/#primaryimage\",\"url\":\"https:\\\/\\\/tapir.de\\\/wp-content\\\/uploads\\\/2020\\\/05\\\/63000Set-Pflegeset-1.jpg\",\"contentUrl\":\"https:\\\/\\\/tapir.de\\\/wp-content\\\/uploads\\\/2020\\\/05\\\/63000Set-Pflegeset-1.jpg\",\"width\":1000,\"height\":1000},{\"@type\":\"BreadcrumbList\",\"@id\":\"https:\\\/\\\/tapir.de\\\/fr\\\/shop\\\/ensemble-de-soins-de-tapir-en-plein-air-en-deplacement-soins-naturels-pour-les-produits-dexterieur\\\/#breadcrumb\",\"itemListElement\":[{\"@type\":\"ListItem\",\"position\":1,\"name\":\"Startseite\",\"item\":\"https:\\\/\\\/tapir.de\\\/fr\\\/\"},{\"@type\":\"ListItem\",\"position\":2,\"name\":\"Boutique\",\"item\":\"https:\\\/\\\/tapir.de\\\/fr\\\/boutique\\\/\"},{\"@type\":\"ListItem\",\"position\":3,\"name\":\"Ensemble de soins de tapir en plein air en d\u00e9placement ! &#8211; Soins naturels pour les produits d\u2019ext\u00e9rieur\"}]},{\"@type\":\"WebSite\",\"@id\":\"https:\\\/\\\/tapir.de\\\/fr\\\/?lang=en\\\/#website\",\"url\":\"https:\\\/\\\/tapir.de\\\/fr\\\/?lang=en\\\/\",\"name\":\"Tapir Wachswaren\",\"description\":\"Nat\u00fcrliche Pflegeprodukte f\u00fcr Leder, Textil und Holz\",\"publisher\":{\"@id\":\"https:\\\/\\\/tapir.de\\\/fr\\\/?lang=en\\\/#organization\"},\"potentialAction\":[{\"@type\":\"SearchAction\",\"target\":{\"@type\":\"EntryPoint\",\"urlTemplate\":\"https:\\\/\\\/tapir.de\\\/fr\\\/?lang=en\\\/?s={search_term_string}\"},\"query-input\":{\"@type\":\"PropertyValueSpecification\",\"valueRequired\":true,\"valueName\":\"search_term_string\"}}],\"inLanguage\":\"fr-FR\"},{\"@type\":\"Organization\",\"@id\":\"https:\\\/\\\/tapir.de\\\/fr\\\/?lang=en\\\/#organization\",\"name\":\"Tapir Wachswaren\",\"url\":\"https:\\\/\\\/tapir.de\\\/fr\\\/?lang=en\\\/\",\"logo\":{\"@type\":\"ImageObject\",\"inLanguage\":\"fr-FR\",\"@id\":\"https:\\\/\\\/tapir.de\\\/fr\\\/?lang=en\\\/#\\\/schema\\\/logo\\\/image\\\/\",\"url\":\"https:\\\/\\\/tapir.de\\\/wp-content\\\/uploads\\\/2020\\\/11\\\/cropped-TAPIR_Wachswaren_logo.png\",\"contentUrl\":\"https:\\\/\\\/tapir.de\\\/wp-content\\\/uploads\\\/2020\\\/11\\\/cropped-TAPIR_Wachswaren_logo.png\",\"width\":512,\"height\":512,\"caption\":\"Tapir Wachswaren\"},\"image\":{\"@id\":\"https:\\\/\\\/tapir.de\\\/fr\\\/?lang=en\\\/#\\\/schema\\\/logo\\\/image\\\/\"},\"sameAs\":[\"https:\\\/\\\/www.facebook.com\\\/TapirWachswaren\\\/\",\"https:\\\/\\\/www.instagram.com\\\/tapir_pflegeprodukte\\\/?hl=de\"]}]}<\/script>\n<!-- \/ Yoast SEO plugin. -->","yoast_head_json":{"title":"Ensemble de soins de tapir en plein air en d\u00e9placement ! - Soins naturels pour les produits d\u2019ext\u00e9rieur - Tapir Wachswaren","description":"Ensemble de soins de tapir en plein air en d\u00e9placement ! - Produits de soin naturel pour chaussures et v\u00eatements constitu\u00e9s de mati\u00e8res premi\u00e8res naturelles.","robots":{"index":"index","follow":"follow","max-snippet":"max-snippet:-1","max-image-preview":"max-image-preview:large","max-video-preview":"max-video-preview:-1"},"canonical":"https:\/\/tapir.de\/fr\/shop\/ensemble-de-soins-de-tapir-en-plein-air-en-deplacement-soins-naturels-pour-les-produits-dexterieur\/","og_locale":"fr_FR","og_type":"article","og_title":"Ensemble de soins de tapir en plein air en d\u00e9placement ! - Soins naturels pour les produits d\u2019ext\u00e9rieur - Tapir Wachswaren","og_description":"Ensemble de soins de tapir en plein air en d\u00e9placement ! - Produits de soin naturel pour chaussures et v\u00eatements constitu\u00e9s de mati\u00e8res premi\u00e8res naturelles.","og_url":"https:\/\/tapir.de\/fr\/shop\/ensemble-de-soins-de-tapir-en-plein-air-en-deplacement-soins-naturels-pour-les-produits-dexterieur\/","og_site_name":"Tapir Wachswaren","article_publisher":"https:\/\/www.facebook.com\/TapirWachswaren\/","article_modified_time":"2026-01-26T12:06:24+00:00","og_image":[{"width":1000,"height":1000,"url":"https:\/\/tapir.de\/wp-content\/uploads\/2020\/05\/63000Set-Pflegeset-1.jpg","type":"image\/jpeg"}],"twitter_card":"summary_large_image","twitter_misc":{"Dur\u00e9e de lecture estim\u00e9e":"2 minutes"},"schema":{"@context":"https:\/\/schema.org","@graph":[{"@type":"WebPage","@id":"https:\/\/tapir.de\/fr\/shop\/ensemble-de-soins-de-tapir-en-plein-air-en-deplacement-soins-naturels-pour-les-produits-dexterieur\/","url":"https:\/\/tapir.de\/fr\/shop\/ensemble-de-soins-de-tapir-en-plein-air-en-deplacement-soins-naturels-pour-les-produits-dexterieur\/","name":"Ensemble de soins de tapir en plein air en d\u00e9placement ! - Soins naturels pour les produits d\u2019ext\u00e9rieur - Tapir Wachswaren","isPartOf":{"@id":"https:\/\/tapir.de\/fr\/?lang=en\/#website"},"primaryImageOfPage":{"@id":"https:\/\/tapir.de\/fr\/shop\/ensemble-de-soins-de-tapir-en-plein-air-en-deplacement-soins-naturels-pour-les-produits-dexterieur\/#primaryimage"},"image":{"@id":"https:\/\/tapir.de\/fr\/shop\/ensemble-de-soins-de-tapir-en-plein-air-en-deplacement-soins-naturels-pour-les-produits-dexterieur\/#primaryimage"},"thumbnailUrl":"https:\/\/tapir.de\/wp-content\/uploads\/2020\/05\/63000Set-Pflegeset-1.jpg","datePublished":"2020-05-25T07:25:42+00:00","dateModified":"2026-01-26T12:06:24+00:00","description":"Ensemble de soins de tapir en plein air en d\u00e9placement ! - Produits de soin naturel pour chaussures et v\u00eatements constitu\u00e9s de mati\u00e8res premi\u00e8res naturelles.","breadcrumb":{"@id":"https:\/\/tapir.de\/fr\/shop\/ensemble-de-soins-de-tapir-en-plein-air-en-deplacement-soins-naturels-pour-les-produits-dexterieur\/#breadcrumb"},"inLanguage":"fr-FR","potentialAction":[{"@type":"ReadAction","target":["https:\/\/tapir.de\/fr\/shop\/ensemble-de-soins-de-tapir-en-plein-air-en-deplacement-soins-naturels-pour-les-produits-dexterieur\/"]}]},{"@type":"ImageObject","inLanguage":"fr-FR","@id":"https:\/\/tapir.de\/fr\/shop\/ensemble-de-soins-de-tapir-en-plein-air-en-deplacement-soins-naturels-pour-les-produits-dexterieur\/#primaryimage","url":"https:\/\/tapir.de\/wp-content\/uploads\/2020\/05\/63000Set-Pflegeset-1.jpg","contentUrl":"https:\/\/tapir.de\/wp-content\/uploads\/2020\/05\/63000Set-Pflegeset-1.jpg","width":1000,"height":1000},{"@type":"BreadcrumbList","@id":"https:\/\/tapir.de\/fr\/shop\/ensemble-de-soins-de-tapir-en-plein-air-en-deplacement-soins-naturels-pour-les-produits-dexterieur\/#breadcrumb","itemListElement":[{"@type":"ListItem","position":1,"name":"Startseite","item":"https:\/\/tapir.de\/fr\/"},{"@type":"ListItem","position":2,"name":"Boutique","item":"https:\/\/tapir.de\/fr\/boutique\/"},{"@type":"ListItem","position":3,"name":"Ensemble de soins de tapir en plein air en d\u00e9placement ! &#8211; Soins naturels pour les produits d\u2019ext\u00e9rieur"}]},{"@type":"WebSite","@id":"https:\/\/tapir.de\/fr\/?lang=en\/#website","url":"https:\/\/tapir.de\/fr\/?lang=en\/","name":"Tapir Wachswaren","description":"Nat\u00fcrliche Pflegeprodukte f\u00fcr Leder, Textil und Holz","publisher":{"@id":"https:\/\/tapir.de\/fr\/?lang=en\/#organization"},"potentialAction":[{"@type":"SearchAction","target":{"@type":"EntryPoint","urlTemplate":"https:\/\/tapir.de\/fr\/?lang=en\/?s={search_term_string}"},"query-input":{"@type":"PropertyValueSpecification","valueRequired":true,"valueName":"search_term_string"}}],"inLanguage":"fr-FR"},{"@type":"Organization","@id":"https:\/\/tapir.de\/fr\/?lang=en\/#organization","name":"Tapir Wachswaren","url":"https:\/\/tapir.de\/fr\/?lang=en\/","logo":{"@type":"ImageObject","inLanguage":"fr-FR","@id":"https:\/\/tapir.de\/fr\/?lang=en\/#\/schema\/logo\/image\/","url":"https:\/\/tapir.de\/wp-content\/uploads\/2020\/11\/cropped-TAPIR_Wachswaren_logo.png","contentUrl":"https:\/\/tapir.de\/wp-content\/uploads\/2020\/11\/cropped-TAPIR_Wachswaren_logo.png","width":512,"height":512,"caption":"Tapir Wachswaren"},"image":{"@id":"https:\/\/tapir.de\/fr\/?lang=en\/#\/schema\/logo\/image\/"},"sameAs":["https:\/\/www.facebook.com\/TapirWachswaren\/","https:\/\/www.instagram.com\/tapir_pflegeprodukte\/?hl=de"]}]}},"_links":{"self":[{"href":"https:\/\/tapir.de\/fr\/wp-json\/wp\/v2\/product\/21029","targetHints":{"allow":["GET"]}}],"collection":[{"href":"https:\/\/tapir.de\/fr\/wp-json\/wp\/v2\/product"}],"about":[{"href":"https:\/\/tapir.de\/fr\/wp-json\/wp\/v2\/types\/product"}],"wp:featuredmedia":[{"embeddable":true,"href":"https:\/\/tapir.de\/fr\/wp-json\/wp\/v2\/media\/21032"}],"wp:attachment":[{"href":"https:\/\/tapir.de\/fr\/wp-json\/wp\/v2\/media?parent=21029"}],"wp:term":[{"taxonomy":"product_brand","embeddable":true,"href":"https:\/\/tapir.de\/fr\/wp-json\/wp\/v2\/product_brand?post=21029"},{"taxonomy":"product_cat","embeddable":true,"href":"https:\/\/tapir.de\/fr\/wp-json\/wp\/v2\/product_cat?post=21029"},{"taxonomy":"product_tag","embeddable":true,"href":"https:\/\/tapir.de\/fr\/wp-json\/wp\/v2\/product_tag?post=21029"}],"curies":[{"name":"wp","href":"https:\/\/api.w.org\/{rel}","templated":true}]}}