{"id":21028,"date":"2020-05-25T09:17:31","date_gmt":"2020-05-25T07:17:31","guid":{"rendered":"https:\/\/tapir.de\/shop\/dehors-fecondation\/"},"modified":"2026-01-26T13:06:24","modified_gmt":"2026-01-26T12:06:24","slug":"dehors-fecondation","status":"publish","type":"product","link":"https:\/\/tapir.de\/fr\/shop\/dehors-fecondation\/","title":{"rendered":"Dehors ! F\u00e9condation"},"content":{"rendered":"<p><strong><span style=\"color: #a90533;\"><span style=\"caret-color: #a90533; font-size: 17.280000686645508px;\"><span style=\"font-size: 120%;\"> F\u00e9condation naturelle pour les v\u00eatements et textiles d\u2019ext\u00e9rieur<\/span><\/span><\/span><\/strong><\/p>\n<p>Qu\u2019il s\u2019agisse de vestes d\u2019ext\u00e9rieur, de sacoches, de sacs \u00e0 dos ou m\u00eame de grandes tentes, il faut un entretien r\u00e9gulier et un rafra\u00eechissement de l\u2019impregnation. Avec l\u2019impr\u00e9gnation \u00ab Outdoor \u00bb, vous obtenez une excellente variante \u00e9cologique qui est b\u00e9n\u00e9fique non seulement pour le tissu mais aussi pour l\u2019environnement. L\u2019impr\u00e9gnation est appliqu\u00e9e \u00e0 l\u2019aide d\u2019un pinceau d\u2019application ou d\u2019un grand pinceau. Pour le bien de l\u2019environnement, prenez soin de vos produits avec des produits d\u2019entretien Tapir.   <\/p>\n<p><strong>Tapir se concentre sur la durabilit\u00e9.<\/strong> Depuis des ann\u00e9es, l\u2019ensemble du champ de tir est strictement certifi\u00e9 selon <a href=\"https:\/\/gfaw.eu\/ncp\/\">le NCP<\/a> . Les produits sont tous fabriqu\u00e9s avec des emballages respectueux de l\u2019environnement et les recettes sont exclusivement compos\u00e9es de mati\u00e8res premi\u00e8res naturellement renouvelables. C\u2019est donc un plaisir de cirer vos chaussures !  <\/p>\n<p><span style=\"color: #a90533; font-size: 120%;\"><strong>Caract\u00e9ristiques du produit :<\/strong><\/span><\/p>\n<ul>\n<li>Imminnation pour textiles<\/li>\n<li>Pour les v\u00eatements d\u2019ext\u00e9rieur, les v\u00eatements de boue pour enfants, les sacoches, les sacs \u00e0 dos, les tentes<\/li>\n<li>Faits main en Allemagne<\/li>\n<li>Contenu : 200 ml dans une bouteille en verre et un pinceau d\u2019application<\/li>\n<li>Constamment \u00e9cologique<\/li>\n<li>fabriqu\u00e9 \u00e0 partir de mati\u00e8res premi\u00e8res naturelles<\/li>\n<li><a href=\"https:\/\/gfaw.eu\/ncp\/\">NCP<\/a> Certification<\/li>\n<\/ul>\n<p><strong>Ingr\u00e9dients :<\/strong> Staraine v\u00e9g\u00e9tale, lanoline*, solvants naturels, spiritueux d\u2019ammoniac, eau.<br \/>\n* Sans pesticides<\/p>\n<p><span style=\"color: #a90533; font-size: 120%;\"><strong>Application et dosage :<\/strong><\/span><br \/>\nSecouez bien la bouteille avant l\u2019utilisation !<br \/>\nAppliquez uniform\u00e9ment l\u2019impr\u00e9gnation \u00ab Ext\u00e9rieur \u00bb de tapir sur le tissu avec le pinceau d\u2019application inclus. Prenez particuli\u00e8rement soin des coutures. Laissez s\u00e9cher le tissu. Pour les grandes surfaces, vous pouvez aussi utiliser un pinceau brillant pour la distribution. Si ce n\u2019est pas appliqu\u00e9 uniform\u00e9ment, des stries peuvent appara\u00eetre apr\u00e8s s\u00e9chage. Ces l\u00e9gers r\u00e9sidus peuvent \u00eatre facilement \u00e9limin\u00e9s \u00e0 l\u2019aide de la chaleur, par exemple avec un s\u00e8che-cheveux. S\u00e9cher dans le s\u00e8che-linge donne un r\u00e9sultat particuli\u00e8rement positif. Veuillez toujours suivre les instructions du fabricant pour les textiles !       <\/p>\n<p>La brosse peut \u00eatre nettoy\u00e9e \u00e0 l\u2019eau !  <a href=\"https:\/\/tapir.de\/wp-content\/uploads\/2021\/07\/IMG_4811.mov\">Vid\u00e9o sur l\u2019application de l\u2019impr\u00e9gnation<\/a><\/p>\n<p>&nbsp;<\/p>\n<p>&nbsp;<\/p>\n","protected":false},"excerpt":{"rendered":"<p>Pour un entretien r\u00e9gulier et une impr\u00e9gnation de vos mat\u00e9riaux d\u2019ext\u00e9rieur !<\/p>\n<p>Contenu : flacon en verre de 200 ml et un pinceau d\u2019application<\/p>\n","protected":false},"featured_media":21049,"template":"","meta":[],"product_brand":[],"product_cat":[961],"product_tag":[],"class_list":{"0":"post-21028","1":"product","2":"type-product","3":"status-publish","4":"has-post-thumbnail","6":"product_cat-outdoorpflege","7":"pa_geeignet-fuer-anorak","8":"pa_geeignet-fuer-pantalon-de-pluie","9":"pa_geeignet-fuer-sacs","10":"pa_geeignet-fuer-sacs-a-velo","11":"pa_geeignet-fuer-sacs-moto","12":"pa_geeignet-fuer-tentes","13":"pa_geeignet-fuer-tipis","14":"pa_geeignet-fuer-veste-fonctionnelle","15":"pa_geeignet-fuer-veste-impermeable","16":"pa_geeignet-fuer-vestes-dexterieur","17":"pa_geeignet-fuer-vetements-fonctionnels","19":"first","20":"instock","21":"taxable","22":"shipping-taxable","23":"purchasable","24":"product-type-simple"},"yoast_head":"<!-- This site is optimized with the Yoast SEO plugin v27.3 - https:\/\/yoast.com\/product\/yoast-seo-wordpress\/ -->\n<title>Dehors ! F\u00e9condation - Tapir Wachswaren<\/title>\n<meta name=\"description\" content=\"Tapir Dehors ! Imperm\u00e9abilisation - imperm\u00e9abilisation naturelle pour les v\u00eatements, tentes et sacoches en ext\u00e9rieur.\" \/>\n<meta name=\"robots\" content=\"index, follow, max-snippet:-1, max-image-preview:large, max-video-preview:-1\" \/>\n<link rel=\"canonical\" href=\"https:\/\/tapir.de\/fr\/shop\/dehors-fecondation\/\" \/>\n<meta property=\"og:locale\" content=\"fr_FR\" \/>\n<meta property=\"og:type\" content=\"article\" \/>\n<meta property=\"og:title\" content=\"Dehors ! F\u00e9condation - Tapir Wachswaren\" \/>\n<meta property=\"og:description\" content=\"Tapir Dehors ! Imperm\u00e9abilisation - imperm\u00e9abilisation naturelle pour les v\u00eatements, tentes et sacoches en ext\u00e9rieur.\" \/>\n<meta property=\"og:url\" content=\"https:\/\/tapir.de\/fr\/shop\/dehors-fecondation\/\" \/>\n<meta property=\"og:site_name\" content=\"Tapir Wachswaren\" \/>\n<meta property=\"article:publisher\" content=\"https:\/\/www.facebook.com\/TapirWachswaren\/\" \/>\n<meta property=\"article:modified_time\" content=\"2026-01-26T12:06:24+00:00\" \/>\n<meta property=\"og:image\" content=\"https:\/\/tapir.de\/wp-content\/uploads\/2020\/05\/61200-Impraegnierung-Draussen-unterwegs-Tapir-5.jpg\" \/>\n\t<meta property=\"og:image:width\" content=\"1500\" \/>\n\t<meta property=\"og:image:height\" content=\"1500\" \/>\n\t<meta property=\"og:image:type\" content=\"image\/jpeg\" \/>\n<meta name=\"twitter:card\" content=\"summary_large_image\" \/>\n<meta name=\"twitter:label1\" content=\"Dur\u00e9e de lecture estim\u00e9e\" \/>\n\t<meta name=\"twitter:data1\" content=\"2 minutes\" \/>\n<script type=\"application\/ld+json\" class=\"yoast-schema-graph\">{\"@context\":\"https:\\\/\\\/schema.org\",\"@graph\":[{\"@type\":\"WebPage\",\"@id\":\"https:\\\/\\\/tapir.de\\\/fr\\\/shop\\\/dehors-fecondation\\\/\",\"url\":\"https:\\\/\\\/tapir.de\\\/fr\\\/shop\\\/dehors-fecondation\\\/\",\"name\":\"Dehors ! F\u00e9condation - Tapir Wachswaren\",\"isPartOf\":{\"@id\":\"https:\\\/\\\/tapir.de\\\/fr\\\/?lang=en\\\/#website\"},\"primaryImageOfPage\":{\"@id\":\"https:\\\/\\\/tapir.de\\\/fr\\\/shop\\\/dehors-fecondation\\\/#primaryimage\"},\"image\":{\"@id\":\"https:\\\/\\\/tapir.de\\\/fr\\\/shop\\\/dehors-fecondation\\\/#primaryimage\"},\"thumbnailUrl\":\"https:\\\/\\\/tapir.de\\\/wp-content\\\/uploads\\\/2020\\\/05\\\/61200-Impraegnierung-Draussen-unterwegs-Tapir-5.jpg\",\"datePublished\":\"2020-05-25T07:17:31+00:00\",\"dateModified\":\"2026-01-26T12:06:24+00:00\",\"description\":\"Tapir Dehors ! Imperm\u00e9abilisation - imperm\u00e9abilisation naturelle pour les v\u00eatements, tentes et sacoches en ext\u00e9rieur.\",\"breadcrumb\":{\"@id\":\"https:\\\/\\\/tapir.de\\\/fr\\\/shop\\\/dehors-fecondation\\\/#breadcrumb\"},\"inLanguage\":\"fr-FR\",\"potentialAction\":[{\"@type\":\"ReadAction\",\"target\":[\"https:\\\/\\\/tapir.de\\\/fr\\\/shop\\\/dehors-fecondation\\\/\"]}]},{\"@type\":\"ImageObject\",\"inLanguage\":\"fr-FR\",\"@id\":\"https:\\\/\\\/tapir.de\\\/fr\\\/shop\\\/dehors-fecondation\\\/#primaryimage\",\"url\":\"https:\\\/\\\/tapir.de\\\/wp-content\\\/uploads\\\/2020\\\/05\\\/61200-Impraegnierung-Draussen-unterwegs-Tapir-5.jpg\",\"contentUrl\":\"https:\\\/\\\/tapir.de\\\/wp-content\\\/uploads\\\/2020\\\/05\\\/61200-Impraegnierung-Draussen-unterwegs-Tapir-5.jpg\",\"width\":1500,\"height\":1500},{\"@type\":\"BreadcrumbList\",\"@id\":\"https:\\\/\\\/tapir.de\\\/fr\\\/shop\\\/dehors-fecondation\\\/#breadcrumb\",\"itemListElement\":[{\"@type\":\"ListItem\",\"position\":1,\"name\":\"Startseite\",\"item\":\"https:\\\/\\\/tapir.de\\\/fr\\\/\"},{\"@type\":\"ListItem\",\"position\":2,\"name\":\"Boutique\",\"item\":\"https:\\\/\\\/tapir.de\\\/fr\\\/boutique\\\/\"},{\"@type\":\"ListItem\",\"position\":3,\"name\":\"Dehors ! F\u00e9condation\"}]},{\"@type\":\"WebSite\",\"@id\":\"https:\\\/\\\/tapir.de\\\/fr\\\/?lang=en\\\/#website\",\"url\":\"https:\\\/\\\/tapir.de\\\/fr\\\/?lang=en\\\/\",\"name\":\"Tapir Wachswaren\",\"description\":\"Nat\u00fcrliche Pflegeprodukte f\u00fcr Leder, Textil und Holz\",\"publisher\":{\"@id\":\"https:\\\/\\\/tapir.de\\\/fr\\\/?lang=en\\\/#organization\"},\"potentialAction\":[{\"@type\":\"SearchAction\",\"target\":{\"@type\":\"EntryPoint\",\"urlTemplate\":\"https:\\\/\\\/tapir.de\\\/fr\\\/?lang=en\\\/?s={search_term_string}\"},\"query-input\":{\"@type\":\"PropertyValueSpecification\",\"valueRequired\":true,\"valueName\":\"search_term_string\"}}],\"inLanguage\":\"fr-FR\"},{\"@type\":\"Organization\",\"@id\":\"https:\\\/\\\/tapir.de\\\/fr\\\/?lang=en\\\/#organization\",\"name\":\"Tapir Wachswaren\",\"url\":\"https:\\\/\\\/tapir.de\\\/fr\\\/?lang=en\\\/\",\"logo\":{\"@type\":\"ImageObject\",\"inLanguage\":\"fr-FR\",\"@id\":\"https:\\\/\\\/tapir.de\\\/fr\\\/?lang=en\\\/#\\\/schema\\\/logo\\\/image\\\/\",\"url\":\"https:\\\/\\\/tapir.de\\\/wp-content\\\/uploads\\\/2020\\\/11\\\/cropped-TAPIR_Wachswaren_logo.png\",\"contentUrl\":\"https:\\\/\\\/tapir.de\\\/wp-content\\\/uploads\\\/2020\\\/11\\\/cropped-TAPIR_Wachswaren_logo.png\",\"width\":512,\"height\":512,\"caption\":\"Tapir Wachswaren\"},\"image\":{\"@id\":\"https:\\\/\\\/tapir.de\\\/fr\\\/?lang=en\\\/#\\\/schema\\\/logo\\\/image\\\/\"},\"sameAs\":[\"https:\\\/\\\/www.facebook.com\\\/TapirWachswaren\\\/\",\"https:\\\/\\\/www.instagram.com\\\/tapir_pflegeprodukte\\\/?hl=de\"]}]}<\/script>\n<!-- \/ Yoast SEO plugin. -->","yoast_head_json":{"title":"Dehors ! F\u00e9condation - Tapir Wachswaren","description":"Tapir Dehors ! Imperm\u00e9abilisation - imperm\u00e9abilisation naturelle pour les v\u00eatements, tentes et sacoches en ext\u00e9rieur.","robots":{"index":"index","follow":"follow","max-snippet":"max-snippet:-1","max-image-preview":"max-image-preview:large","max-video-preview":"max-video-preview:-1"},"canonical":"https:\/\/tapir.de\/fr\/shop\/dehors-fecondation\/","og_locale":"fr_FR","og_type":"article","og_title":"Dehors ! F\u00e9condation - Tapir Wachswaren","og_description":"Tapir Dehors ! Imperm\u00e9abilisation - imperm\u00e9abilisation naturelle pour les v\u00eatements, tentes et sacoches en ext\u00e9rieur.","og_url":"https:\/\/tapir.de\/fr\/shop\/dehors-fecondation\/","og_site_name":"Tapir Wachswaren","article_publisher":"https:\/\/www.facebook.com\/TapirWachswaren\/","article_modified_time":"2026-01-26T12:06:24+00:00","og_image":[{"width":1500,"height":1500,"url":"https:\/\/tapir.de\/wp-content\/uploads\/2020\/05\/61200-Impraegnierung-Draussen-unterwegs-Tapir-5.jpg","type":"image\/jpeg"}],"twitter_card":"summary_large_image","twitter_misc":{"Dur\u00e9e de lecture estim\u00e9e":"2 minutes"},"schema":{"@context":"https:\/\/schema.org","@graph":[{"@type":"WebPage","@id":"https:\/\/tapir.de\/fr\/shop\/dehors-fecondation\/","url":"https:\/\/tapir.de\/fr\/shop\/dehors-fecondation\/","name":"Dehors ! F\u00e9condation - Tapir Wachswaren","isPartOf":{"@id":"https:\/\/tapir.de\/fr\/?lang=en\/#website"},"primaryImageOfPage":{"@id":"https:\/\/tapir.de\/fr\/shop\/dehors-fecondation\/#primaryimage"},"image":{"@id":"https:\/\/tapir.de\/fr\/shop\/dehors-fecondation\/#primaryimage"},"thumbnailUrl":"https:\/\/tapir.de\/wp-content\/uploads\/2020\/05\/61200-Impraegnierung-Draussen-unterwegs-Tapir-5.jpg","datePublished":"2020-05-25T07:17:31+00:00","dateModified":"2026-01-26T12:06:24+00:00","description":"Tapir Dehors ! Imperm\u00e9abilisation - imperm\u00e9abilisation naturelle pour les v\u00eatements, tentes et sacoches en ext\u00e9rieur.","breadcrumb":{"@id":"https:\/\/tapir.de\/fr\/shop\/dehors-fecondation\/#breadcrumb"},"inLanguage":"fr-FR","potentialAction":[{"@type":"ReadAction","target":["https:\/\/tapir.de\/fr\/shop\/dehors-fecondation\/"]}]},{"@type":"ImageObject","inLanguage":"fr-FR","@id":"https:\/\/tapir.de\/fr\/shop\/dehors-fecondation\/#primaryimage","url":"https:\/\/tapir.de\/wp-content\/uploads\/2020\/05\/61200-Impraegnierung-Draussen-unterwegs-Tapir-5.jpg","contentUrl":"https:\/\/tapir.de\/wp-content\/uploads\/2020\/05\/61200-Impraegnierung-Draussen-unterwegs-Tapir-5.jpg","width":1500,"height":1500},{"@type":"BreadcrumbList","@id":"https:\/\/tapir.de\/fr\/shop\/dehors-fecondation\/#breadcrumb","itemListElement":[{"@type":"ListItem","position":1,"name":"Startseite","item":"https:\/\/tapir.de\/fr\/"},{"@type":"ListItem","position":2,"name":"Boutique","item":"https:\/\/tapir.de\/fr\/boutique\/"},{"@type":"ListItem","position":3,"name":"Dehors ! F\u00e9condation"}]},{"@type":"WebSite","@id":"https:\/\/tapir.de\/fr\/?lang=en\/#website","url":"https:\/\/tapir.de\/fr\/?lang=en\/","name":"Tapir Wachswaren","description":"Nat\u00fcrliche Pflegeprodukte f\u00fcr Leder, Textil und Holz","publisher":{"@id":"https:\/\/tapir.de\/fr\/?lang=en\/#organization"},"potentialAction":[{"@type":"SearchAction","target":{"@type":"EntryPoint","urlTemplate":"https:\/\/tapir.de\/fr\/?lang=en\/?s={search_term_string}"},"query-input":{"@type":"PropertyValueSpecification","valueRequired":true,"valueName":"search_term_string"}}],"inLanguage":"fr-FR"},{"@type":"Organization","@id":"https:\/\/tapir.de\/fr\/?lang=en\/#organization","name":"Tapir Wachswaren","url":"https:\/\/tapir.de\/fr\/?lang=en\/","logo":{"@type":"ImageObject","inLanguage":"fr-FR","@id":"https:\/\/tapir.de\/fr\/?lang=en\/#\/schema\/logo\/image\/","url":"https:\/\/tapir.de\/wp-content\/uploads\/2020\/11\/cropped-TAPIR_Wachswaren_logo.png","contentUrl":"https:\/\/tapir.de\/wp-content\/uploads\/2020\/11\/cropped-TAPIR_Wachswaren_logo.png","width":512,"height":512,"caption":"Tapir Wachswaren"},"image":{"@id":"https:\/\/tapir.de\/fr\/?lang=en\/#\/schema\/logo\/image\/"},"sameAs":["https:\/\/www.facebook.com\/TapirWachswaren\/","https:\/\/www.instagram.com\/tapir_pflegeprodukte\/?hl=de"]}]}},"_links":{"self":[{"href":"https:\/\/tapir.de\/fr\/wp-json\/wp\/v2\/product\/21028","targetHints":{"allow":["GET"]}}],"collection":[{"href":"https:\/\/tapir.de\/fr\/wp-json\/wp\/v2\/product"}],"about":[{"href":"https:\/\/tapir.de\/fr\/wp-json\/wp\/v2\/types\/product"}],"wp:featuredmedia":[{"embeddable":true,"href":"https:\/\/tapir.de\/fr\/wp-json\/wp\/v2\/media\/21049"}],"wp:attachment":[{"href":"https:\/\/tapir.de\/fr\/wp-json\/wp\/v2\/media?parent=21028"}],"wp:term":[{"taxonomy":"product_brand","embeddable":true,"href":"https:\/\/tapir.de\/fr\/wp-json\/wp\/v2\/product_brand?post=21028"},{"taxonomy":"product_cat","embeddable":true,"href":"https:\/\/tapir.de\/fr\/wp-json\/wp\/v2\/product_cat?post=21028"},{"taxonomy":"product_tag","embeddable":true,"href":"https:\/\/tapir.de\/fr\/wp-json\/wp\/v2\/product_tag?post=21028"}],"curies":[{"name":"wp","href":"https:\/\/api.w.org\/{rel}","templated":true}]}}