{"id":21026,"date":"2020-05-28T10:44:52","date_gmt":"2020-05-28T08:44:52","guid":{"rendered":"https:\/\/tapir.de\/shop\/ensemble-de-haute-qualite-pour-meubles-en-bois-et-antiquites\/"},"modified":"2026-01-30T12:23:01","modified_gmt":"2026-01-30T11:23:01","slug":"ensemble-de-haute-qualite-pour-meubles-en-bois-et-antiquites","status":"publish","type":"product","link":"https:\/\/tapir.de\/fr\/shop\/ensemble-de-haute-qualite-pour-meubles-en-bois-et-antiquites\/","title":{"rendered":"Ensemble de haute qualit\u00e9 pour meubles en bois et antiquit\u00e9s"},"content":{"rendered":"<p><strong><span style=\"color: #a90533;\"><span style=\"caret-color: #a90533; font-size: 17.280001px;\">Ensemble<\/span><span style=\"font-size: 120%;\"> de haute qualit\u00e9 pour vos meubles en bois et vos antiquit\u00e9s<\/span><\/span><\/strong><\/p>\n<p>Un ensemble d\u2019entretien de haute qualit\u00e9 pour les meubles en bois et les antiquit\u00e9s est un investissement indispensable pour la pr\u00e9servation et la beaut\u00e9 de vos meubles. Ce set se compose de la cire de soins pour tapir et du polish pour meubles pour tapir, tous deux fabriqu\u00e9s \u00e0 partir d\u2019ingr\u00e9dients naturels et offrant un soin doux du bois. Il comprend \u00e9galement une ceinture abrasive et un chiffon de polissage pour l\u2019application des produits de soins.  <\/p>\n<p><strong>La cire d\u2019entretien K\u00f6ndringer<\/strong> est utilis\u00e9e pour nourrir et prot\u00e9ger le bois et restaurer son \u00e9clat naturel. Fabriqu\u00e9e \u00e0 partir de cires naturelles de haute qualit\u00e9 telles que la cire d\u2019abeille et la cire de carnauba, elle forme une couche protectrice \u00e0 la surface du bois, le prot\u00e9geant de l\u2019humidit\u00e9, de l\u2019usure et de la d\u00e9coloration. La cire p\u00e9n\u00e8tre profond\u00e9ment dans les pores du bois pour le renforcer et le revitaliser, tout en laissant une lueur soyeuse.  <\/p>\n<p><strong>Le polish pour meubles K\u00f6ndringer<\/strong> est sp\u00e9cialement formul\u00e9 pour offrir une couche suppl\u00e9mentaire de protection au bois tout en mettant en valeur sa teinte naturelle. Fabriqu\u00e9 \u00e0 partir d\u2019huiles naturelles telles que l\u2019huile de lin ou l\u2019huile d\u2019orange, le vernis p\u00e9n\u00e8tre profond\u00e9ment dans le bois et met en valeur son grain naturel et sa beaut\u00e9. Il apporte \u00e9galement un l\u00e9ger \u00e9clat qui donne vie \u00e0 la surface des meubles et leur donne un aspect soign\u00e9.  <\/p>\n<p>Ce qui rend ce kit d\u2019entretien sp\u00e9cial, c\u2019est l\u2019utilisation uniquement d\u2019ingr\u00e9dients naturels, non seulement respectueux de l\u2019environnement, mais aussi s\u00fbrs pour les surfaces d\u00e9licates en bois. Dans l\u2019ensemble, ce kit d\u2019entretien de haute qualit\u00e9 offre une solution compl\u00e8te pour la pr\u00e9servation et l\u2019entretien de vos meubles en bois et de vos antiquit\u00e9s. Gr\u00e2ce \u00e0 sa combinaison de cire d\u2019entretien et de cirage \u00e0 meubles fabriqu\u00e9 \u00e0 partir d\u2019ingr\u00e9dients naturels, vous pouvez \u00eatre s\u00fbr que vos meubles seront non seulement prot\u00e9g\u00e9s, mais aussi soign\u00e9s avec soin.  <\/p>\n<p><span style=\"font-size: 120%;\"><strong><span style=\"color: #a90533;\">Contenu du kit de soins :<\/span><\/strong><\/span><\/p>\n<p>Produits de soins naturels de K\u00f6ndringer fabriqu\u00e9s par Tapir<\/p>\n<ul>\n<li>200 ml de cire K\u00f6ndringer Care pour prot\u00e9ger les sols en bois, les meubles en bois et les antiquit\u00e9s<\/li>\n<li>200 ml de cirage K\u00f6ndringer pour rafra\u00eechir les meubles en bois cir\u00e9 et cir\u00e9<\/li>\n<li>une toison abrasive<\/li>\n<li>un tissu \u00e0 polir<\/li>\n<\/ul>\n<p><span style=\"font-size: 120%;\"><strong><span style=\"color: #a90533;\">Caract\u00e9ristiques du produit :<\/span><\/strong><\/span><\/p>\n<ul>\n<li>Utilisation des mati\u00e8res premi\u00e8res naturelles<\/li>\n<li>Durablement \u00e9cologiquement constant<\/li>\n<li><a href=\"https:\/\/gfaw.eu\/ncp\/\">NCP<\/a> Certification<\/li>\n<li>Faits main en Allemagne<\/li>\n<\/ul>\n","protected":false},"excerpt":{"rendered":"<p>Entretien du bois naturel \u2013 Cirage pour meubles K\u00f6ndringer et cire K\u00f6ndringer de Tapir pour vos antiquit\u00e9s, meubles et sols en bois disponibles en coffret.<\/p>\n<p>200 ml de cire de soins, 200 ml de cirage pour meubles, toison abrasive et chiffon \u00e0 polir<\/p>\n","protected":false},"featured_media":21027,"template":"","meta":[],"product_brand":[],"product_cat":[956],"product_tag":[],"class_list":{"0":"post-21026","1":"product","2":"type-product","3":"status-publish","4":"has-post-thumbnail","6":"product_cat-produits-dentretien-du-bois","7":"pa_geeignet-fuer-antiquites","8":"pa_geeignet-fuer-bureau","9":"pa_geeignet-fuer-liege","10":"pa_geeignet-fuer-linoleum","11":"pa_geeignet-fuer-marbre","12":"pa_geeignet-fuer-mobilier","13":"pa_geeignet-fuer-mobilier-en-bois","14":"pa_geeignet-fuer-plancher-en-bois","15":"pa_geeignet-fuer-plastiques-lisses","16":"pa_geeignet-fuer-plateau","18":"first","19":"instock","20":"sale","21":"taxable","22":"shipping-taxable","23":"purchasable","24":"product-type-simple"},"yoast_head":"<!-- This site is optimized with the Yoast SEO plugin v27.4 - https:\/\/yoast.com\/product\/yoast-seo-wordpress\/ -->\n<title>Ensemble de haute qualit\u00e9 pour meubles en bois et antiquit\u00e9s - Tapir Wachswaren<\/title>\n<meta name=\"description\" content=\"Ensemble de soins de haute qualit\u00e9 pour meubles en bois et antiquit\u00e9s - produits de soin naturel, compos\u00e9s de cire et de cirage pour meubles.\" \/>\n<meta name=\"robots\" content=\"index, follow, max-snippet:-1, max-image-preview:large, max-video-preview:-1\" \/>\n<link rel=\"canonical\" href=\"https:\/\/tapir.de\/fr\/shop\/ensemble-de-haute-qualite-pour-meubles-en-bois-et-antiquites\/\" \/>\n<meta property=\"og:locale\" content=\"fr_FR\" \/>\n<meta property=\"og:type\" content=\"article\" \/>\n<meta property=\"og:title\" content=\"Ensemble de haute qualit\u00e9 pour meubles en bois et antiquit\u00e9s - Tapir Wachswaren\" \/>\n<meta property=\"og:description\" content=\"Ensemble de soins de haute qualit\u00e9 pour meubles en bois et antiquit\u00e9s - produits de soin naturel, compos\u00e9s de cire et de cirage pour meubles.\" \/>\n<meta property=\"og:url\" content=\"https:\/\/tapir.de\/fr\/shop\/ensemble-de-haute-qualite-pour-meubles-en-bois-et-antiquites\/\" \/>\n<meta property=\"og:site_name\" content=\"Tapir Wachswaren\" \/>\n<meta property=\"article:publisher\" content=\"https:\/\/www.facebook.com\/TapirWachswaren\/\" \/>\n<meta property=\"article:modified_time\" content=\"2026-01-30T11:23:01+00:00\" \/>\n<meta property=\"og:image\" content=\"https:\/\/tapir.de\/wp-content\/uploads\/2021\/11\/IMG_9102-scaled.jpeg\" \/>\n\t<meta property=\"og:image:width\" content=\"1440\" \/>\n\t<meta property=\"og:image:height\" content=\"1920\" \/>\n\t<meta property=\"og:image:type\" content=\"image\/jpeg\" \/>\n<meta name=\"twitter:card\" content=\"summary_large_image\" \/>\n<meta name=\"twitter:label1\" content=\"Dur\u00e9e de lecture estim\u00e9e\" \/>\n\t<meta name=\"twitter:data1\" content=\"2 minutes\" \/>\n<script type=\"application\/ld+json\" class=\"yoast-schema-graph\">{\"@context\":\"https:\\\/\\\/schema.org\",\"@graph\":[{\"@type\":\"WebPage\",\"@id\":\"https:\\\/\\\/tapir.de\\\/fr\\\/shop\\\/ensemble-de-haute-qualite-pour-meubles-en-bois-et-antiquites\\\/\",\"url\":\"https:\\\/\\\/tapir.de\\\/fr\\\/shop\\\/ensemble-de-haute-qualite-pour-meubles-en-bois-et-antiquites\\\/\",\"name\":\"Ensemble de haute qualit\u00e9 pour meubles en bois et antiquit\u00e9s - Tapir Wachswaren\",\"isPartOf\":{\"@id\":\"https:\\\/\\\/tapir.de\\\/fr\\\/?lang=en\\\/#website\"},\"primaryImageOfPage\":{\"@id\":\"https:\\\/\\\/tapir.de\\\/fr\\\/shop\\\/ensemble-de-haute-qualite-pour-meubles-en-bois-et-antiquites\\\/#primaryimage\"},\"image\":{\"@id\":\"https:\\\/\\\/tapir.de\\\/fr\\\/shop\\\/ensemble-de-haute-qualite-pour-meubles-en-bois-et-antiquites\\\/#primaryimage\"},\"thumbnailUrl\":\"https:\\\/\\\/tapir.de\\\/wp-content\\\/uploads\\\/2021\\\/11\\\/IMG_9102-scaled.jpeg\",\"datePublished\":\"2020-05-28T08:44:52+00:00\",\"dateModified\":\"2026-01-30T11:23:01+00:00\",\"description\":\"Ensemble de soins de haute qualit\u00e9 pour meubles en bois et antiquit\u00e9s - produits de soin naturel, compos\u00e9s de cire et de cirage pour meubles.\",\"breadcrumb\":{\"@id\":\"https:\\\/\\\/tapir.de\\\/fr\\\/shop\\\/ensemble-de-haute-qualite-pour-meubles-en-bois-et-antiquites\\\/#breadcrumb\"},\"inLanguage\":\"fr-FR\",\"potentialAction\":[{\"@type\":\"ReadAction\",\"target\":[\"https:\\\/\\\/tapir.de\\\/fr\\\/shop\\\/ensemble-de-haute-qualite-pour-meubles-en-bois-et-antiquites\\\/\"]}]},{\"@type\":\"ImageObject\",\"inLanguage\":\"fr-FR\",\"@id\":\"https:\\\/\\\/tapir.de\\\/fr\\\/shop\\\/ensemble-de-haute-qualite-pour-meubles-en-bois-et-antiquites\\\/#primaryimage\",\"url\":\"https:\\\/\\\/tapir.de\\\/wp-content\\\/uploads\\\/2021\\\/11\\\/IMG_9102-scaled.jpeg\",\"contentUrl\":\"https:\\\/\\\/tapir.de\\\/wp-content\\\/uploads\\\/2021\\\/11\\\/IMG_9102-scaled.jpeg\",\"width\":1440,\"height\":1920},{\"@type\":\"BreadcrumbList\",\"@id\":\"https:\\\/\\\/tapir.de\\\/fr\\\/shop\\\/ensemble-de-haute-qualite-pour-meubles-en-bois-et-antiquites\\\/#breadcrumb\",\"itemListElement\":[{\"@type\":\"ListItem\",\"position\":1,\"name\":\"Startseite\",\"item\":\"https:\\\/\\\/tapir.de\\\/fr\\\/\"},{\"@type\":\"ListItem\",\"position\":2,\"name\":\"Boutique\",\"item\":\"https:\\\/\\\/tapir.de\\\/fr\\\/boutique\\\/\"},{\"@type\":\"ListItem\",\"position\":3,\"name\":\"Ensemble de haute qualit\u00e9 pour meubles en bois et antiquit\u00e9s\"}]},{\"@type\":\"WebSite\",\"@id\":\"https:\\\/\\\/tapir.de\\\/fr\\\/?lang=en\\\/#website\",\"url\":\"https:\\\/\\\/tapir.de\\\/fr\\\/?lang=en\\\/\",\"name\":\"Tapir Wachswaren\",\"description\":\"Nat\u00fcrliche Pflegeprodukte f\u00fcr Leder, Textil und Holz\",\"publisher\":{\"@id\":\"https:\\\/\\\/tapir.de\\\/fr\\\/?lang=en\\\/#organization\"},\"potentialAction\":[{\"@type\":\"SearchAction\",\"target\":{\"@type\":\"EntryPoint\",\"urlTemplate\":\"https:\\\/\\\/tapir.de\\\/fr\\\/?lang=en\\\/?s={search_term_string}\"},\"query-input\":{\"@type\":\"PropertyValueSpecification\",\"valueRequired\":true,\"valueName\":\"search_term_string\"}}],\"inLanguage\":\"fr-FR\"},{\"@type\":\"Organization\",\"@id\":\"https:\\\/\\\/tapir.de\\\/fr\\\/?lang=en\\\/#organization\",\"name\":\"Tapir Wachswaren\",\"url\":\"https:\\\/\\\/tapir.de\\\/fr\\\/?lang=en\\\/\",\"logo\":{\"@type\":\"ImageObject\",\"inLanguage\":\"fr-FR\",\"@id\":\"https:\\\/\\\/tapir.de\\\/fr\\\/?lang=en\\\/#\\\/schema\\\/logo\\\/image\\\/\",\"url\":\"https:\\\/\\\/tapir.de\\\/wp-content\\\/uploads\\\/2020\\\/11\\\/cropped-TAPIR_Wachswaren_logo.png\",\"contentUrl\":\"https:\\\/\\\/tapir.de\\\/wp-content\\\/uploads\\\/2020\\\/11\\\/cropped-TAPIR_Wachswaren_logo.png\",\"width\":512,\"height\":512,\"caption\":\"Tapir Wachswaren\"},\"image\":{\"@id\":\"https:\\\/\\\/tapir.de\\\/fr\\\/?lang=en\\\/#\\\/schema\\\/logo\\\/image\\\/\"},\"sameAs\":[\"https:\\\/\\\/www.facebook.com\\\/TapirWachswaren\\\/\",\"https:\\\/\\\/www.instagram.com\\\/tapir_pflegeprodukte\\\/?hl=de\"]}]}<\/script>\n<!-- \/ Yoast SEO plugin. -->","yoast_head_json":{"title":"Ensemble de haute qualit\u00e9 pour meubles en bois et antiquit\u00e9s - Tapir Wachswaren","description":"Ensemble de soins de haute qualit\u00e9 pour meubles en bois et antiquit\u00e9s - produits de soin naturel, compos\u00e9s de cire et de cirage pour meubles.","robots":{"index":"index","follow":"follow","max-snippet":"max-snippet:-1","max-image-preview":"max-image-preview:large","max-video-preview":"max-video-preview:-1"},"canonical":"https:\/\/tapir.de\/fr\/shop\/ensemble-de-haute-qualite-pour-meubles-en-bois-et-antiquites\/","og_locale":"fr_FR","og_type":"article","og_title":"Ensemble de haute qualit\u00e9 pour meubles en bois et antiquit\u00e9s - Tapir Wachswaren","og_description":"Ensemble de soins de haute qualit\u00e9 pour meubles en bois et antiquit\u00e9s - produits de soin naturel, compos\u00e9s de cire et de cirage pour meubles.","og_url":"https:\/\/tapir.de\/fr\/shop\/ensemble-de-haute-qualite-pour-meubles-en-bois-et-antiquites\/","og_site_name":"Tapir Wachswaren","article_publisher":"https:\/\/www.facebook.com\/TapirWachswaren\/","article_modified_time":"2026-01-30T11:23:01+00:00","og_image":[{"width":1440,"height":1920,"url":"https:\/\/tapir.de\/wp-content\/uploads\/2021\/11\/IMG_9102-scaled.jpeg","type":"image\/jpeg"}],"twitter_card":"summary_large_image","twitter_misc":{"Dur\u00e9e de lecture estim\u00e9e":"2 minutes"},"schema":{"@context":"https:\/\/schema.org","@graph":[{"@type":"WebPage","@id":"https:\/\/tapir.de\/fr\/shop\/ensemble-de-haute-qualite-pour-meubles-en-bois-et-antiquites\/","url":"https:\/\/tapir.de\/fr\/shop\/ensemble-de-haute-qualite-pour-meubles-en-bois-et-antiquites\/","name":"Ensemble de haute qualit\u00e9 pour meubles en bois et antiquit\u00e9s - Tapir Wachswaren","isPartOf":{"@id":"https:\/\/tapir.de\/fr\/?lang=en\/#website"},"primaryImageOfPage":{"@id":"https:\/\/tapir.de\/fr\/shop\/ensemble-de-haute-qualite-pour-meubles-en-bois-et-antiquites\/#primaryimage"},"image":{"@id":"https:\/\/tapir.de\/fr\/shop\/ensemble-de-haute-qualite-pour-meubles-en-bois-et-antiquites\/#primaryimage"},"thumbnailUrl":"https:\/\/tapir.de\/wp-content\/uploads\/2021\/11\/IMG_9102-scaled.jpeg","datePublished":"2020-05-28T08:44:52+00:00","dateModified":"2026-01-30T11:23:01+00:00","description":"Ensemble de soins de haute qualit\u00e9 pour meubles en bois et antiquit\u00e9s - produits de soin naturel, compos\u00e9s de cire et de cirage pour meubles.","breadcrumb":{"@id":"https:\/\/tapir.de\/fr\/shop\/ensemble-de-haute-qualite-pour-meubles-en-bois-et-antiquites\/#breadcrumb"},"inLanguage":"fr-FR","potentialAction":[{"@type":"ReadAction","target":["https:\/\/tapir.de\/fr\/shop\/ensemble-de-haute-qualite-pour-meubles-en-bois-et-antiquites\/"]}]},{"@type":"ImageObject","inLanguage":"fr-FR","@id":"https:\/\/tapir.de\/fr\/shop\/ensemble-de-haute-qualite-pour-meubles-en-bois-et-antiquites\/#primaryimage","url":"https:\/\/tapir.de\/wp-content\/uploads\/2021\/11\/IMG_9102-scaled.jpeg","contentUrl":"https:\/\/tapir.de\/wp-content\/uploads\/2021\/11\/IMG_9102-scaled.jpeg","width":1440,"height":1920},{"@type":"BreadcrumbList","@id":"https:\/\/tapir.de\/fr\/shop\/ensemble-de-haute-qualite-pour-meubles-en-bois-et-antiquites\/#breadcrumb","itemListElement":[{"@type":"ListItem","position":1,"name":"Startseite","item":"https:\/\/tapir.de\/fr\/"},{"@type":"ListItem","position":2,"name":"Boutique","item":"https:\/\/tapir.de\/fr\/boutique\/"},{"@type":"ListItem","position":3,"name":"Ensemble de haute qualit\u00e9 pour meubles en bois et antiquit\u00e9s"}]},{"@type":"WebSite","@id":"https:\/\/tapir.de\/fr\/?lang=en\/#website","url":"https:\/\/tapir.de\/fr\/?lang=en\/","name":"Tapir Wachswaren","description":"Nat\u00fcrliche Pflegeprodukte f\u00fcr Leder, Textil und Holz","publisher":{"@id":"https:\/\/tapir.de\/fr\/?lang=en\/#organization"},"potentialAction":[{"@type":"SearchAction","target":{"@type":"EntryPoint","urlTemplate":"https:\/\/tapir.de\/fr\/?lang=en\/?s={search_term_string}"},"query-input":{"@type":"PropertyValueSpecification","valueRequired":true,"valueName":"search_term_string"}}],"inLanguage":"fr-FR"},{"@type":"Organization","@id":"https:\/\/tapir.de\/fr\/?lang=en\/#organization","name":"Tapir Wachswaren","url":"https:\/\/tapir.de\/fr\/?lang=en\/","logo":{"@type":"ImageObject","inLanguage":"fr-FR","@id":"https:\/\/tapir.de\/fr\/?lang=en\/#\/schema\/logo\/image\/","url":"https:\/\/tapir.de\/wp-content\/uploads\/2020\/11\/cropped-TAPIR_Wachswaren_logo.png","contentUrl":"https:\/\/tapir.de\/wp-content\/uploads\/2020\/11\/cropped-TAPIR_Wachswaren_logo.png","width":512,"height":512,"caption":"Tapir Wachswaren"},"image":{"@id":"https:\/\/tapir.de\/fr\/?lang=en\/#\/schema\/logo\/image\/"},"sameAs":["https:\/\/www.facebook.com\/TapirWachswaren\/","https:\/\/www.instagram.com\/tapir_pflegeprodukte\/?hl=de"]}]}},"_links":{"self":[{"href":"https:\/\/tapir.de\/fr\/wp-json\/wp\/v2\/product\/21026","targetHints":{"allow":["GET"]}}],"collection":[{"href":"https:\/\/tapir.de\/fr\/wp-json\/wp\/v2\/product"}],"about":[{"href":"https:\/\/tapir.de\/fr\/wp-json\/wp\/v2\/types\/product"}],"wp:featuredmedia":[{"embeddable":true,"href":"https:\/\/tapir.de\/fr\/wp-json\/wp\/v2\/media\/21027"}],"wp:attachment":[{"href":"https:\/\/tapir.de\/fr\/wp-json\/wp\/v2\/media?parent=21026"}],"wp:term":[{"taxonomy":"product_brand","embeddable":true,"href":"https:\/\/tapir.de\/fr\/wp-json\/wp\/v2\/product_brand?post=21026"},{"taxonomy":"product_cat","embeddable":true,"href":"https:\/\/tapir.de\/fr\/wp-json\/wp\/v2\/product_cat?post=21026"},{"taxonomy":"product_tag","embeddable":true,"href":"https:\/\/tapir.de\/fr\/wp-json\/wp\/v2\/product_tag?post=21026"}],"curies":[{"name":"wp","href":"https:\/\/api.w.org\/{rel}","templated":true}]}}