{"id":21024,"date":"2020-05-25T09:48:14","date_gmt":"2020-05-25T07:48:14","guid":{"rendered":"https:\/\/tapir.de\/shop\/brosse-a-polisser-koendringer-avec-crin-de-cheval-naturel\/"},"modified":"2026-01-26T13:06:26","modified_gmt":"2026-01-26T12:06:26","slug":"brosse-a-polisser-koendringer-avec-crin-de-cheval-naturel","status":"publish","type":"product","link":"https:\/\/tapir.de\/fr\/shop\/brosse-a-polisser-koendringer-avec-crin-de-cheval-naturel\/","title":{"rendered":"Brosse \u00e0 polisser K\u00f6ndringer avec crin de cheval naturel"},"content":{"rendered":"<p><strong><span style=\"color: #a81111;\"><span style=\"font-size: 130%;\">Brillance parfaite pour les surfaces en bois \u2013 avec notre brosse \u00e0 polir en <\/span><\/span><span style=\"color: #a81111;\"><span style=\"font-size: 130%;\"> crin<\/span><\/span> <span style=\"color: #a81111; font-size: large;\"><span style=\"caret-color: #a81111;\">naturel<\/span><\/span><\/strong><\/p>\n<p>D\u00e9couvrez le secret d\u2019une surface en bois parfaitement polie ! Notre brosse de polissage de haute qualit\u00e9 en crin naturel fera briller vos meubles et vos parquets en bois. Avec sa structure de poils douce mais efficace, il offre un \u00e9clat naturel et profond qui donne \u00e0 vos surfaces en bois un aspect neuf. Apr\u00e8s avoir appliqu\u00e9 le <a href=\"https:\/\/tapir.de\/shop\/koendringer-moebelpolitur\">polish \u00e0 meubles K\u00f6ndringer<\/a> ou <a href=\"https:\/\/tapir.de\/shop\/koendringer-pflegewachs-in-200-ml-weissblechdose\">la cire de soins K\u00f6ndringer<\/a> pour les entretiens, vous pouvez facilement retravailler ici.   <\/p>\n<h3>Vos avantages en un coup d\u2019\u0153il :<\/h3>\n<ul>\n<li><strong>Mat\u00e9riaux de haute qualit\u00e9<\/strong> : V\u00e9ritables crin de cheval pour un polissage doux et d\u00e9licat<\/li>\n<li><strong>Brillant efficace<\/strong> : donne aux surfaces en bois un \u00e9clat naturel et \u00e9clatant<\/li>\n<li><strong>Durable et robuste<\/strong> : Qualit\u00e9 de fabrication pour une longue dur\u00e9e de vie<\/li>\n<li><strong>Facile \u00e0 utiliser<\/strong> : Conception ergonomique pour une manipulation confortable<\/li>\n<\/ul>\n<p>Notre brosse \u00e0 polisser K\u00f6ndringer avec crin naturel est id\u00e9ale pour tous types de bois, qu\u2019il s\u2019agisse de meubles en bois massif, parquets ou autres surfaces en bois. Les poils fins p\u00e9n\u00e8trent profond\u00e9ment dans la structure en bois et font ressortir l\u2019\u00e9clat naturel sans endommager la surface. <\/p>\n<p>Transformez vos surfaces en bois en v\u00e9ritables joyaux et profitez de l\u2019\u00e9l\u00e9gance intemporelle d\u2019un bois parfaitement entretenu. Comptez sur la qualit\u00e9 de notre brosse \u00e0 polir en crin de cheval et constatez la diff\u00e9rence ! <\/p>\n<p><strong>La perfection dans chaque fibre \u2013 pour des surfaces de bois \u00e9clatantes et magnifiques !<\/strong><\/p>\n","protected":false},"excerpt":{"rendered":"<p>Brosse brillante en bois de h\u00eatre local avec des poils naturels<\/p>\n","protected":false},"featured_media":21025,"template":"","meta":[],"product_brand":[],"product_cat":[956],"product_tag":[892],"class_list":{"0":"post-21024","1":"product","2":"type-product","3":"status-publish","4":"has-post-thumbnail","6":"product_cat-produits-dentretien-du-bois","7":"product_tag-accessoires","8":"pa_geeignet-fuer-antiquites","9":"pa_geeignet-fuer-couvertures-de-livres-en-cuir","10":"pa_geeignet-fuer-linoleum","11":"pa_geeignet-fuer-marbre","12":"pa_geeignet-fuer-mobilier","13":"pa_geeignet-fuer-mobilier-en-bois","14":"pa_geeignet-fuer-plancher-en-bois","15":"pa_geeignet-fuer-plateau","17":"first","18":"instock","19":"taxable","20":"shipping-taxable","21":"purchasable","22":"product-type-simple"},"yoast_head":"<!-- This site is optimized with the Yoast SEO plugin v27.4 - https:\/\/yoast.com\/product\/yoast-seo-wordpress\/ -->\n<title>Brosse \u00e0 polisser K\u00f6ndringer avec crin de cheval naturel - Tapir Wachswaren<\/title>\n<meta name=\"description\" content=\"Le pinceau \u00e0 polir K\u00f6ndringer avec du crin naturel fait briller et prend soin des surfaces en bois et cr\u00e9e un beau \u00e9clat, de mani\u00e8re totalement naturelle.\" \/>\n<meta name=\"robots\" content=\"index, follow, max-snippet:-1, max-image-preview:large, max-video-preview:-1\" \/>\n<link rel=\"canonical\" href=\"https:\/\/tapir.de\/fr\/shop\/brosse-a-polisser-koendringer-avec-crin-de-cheval-naturel\/\" \/>\n<meta property=\"og:locale\" content=\"fr_FR\" \/>\n<meta property=\"og:type\" content=\"article\" \/>\n<meta property=\"og:title\" content=\"Brosse \u00e0 polisser K\u00f6ndringer avec crin de cheval naturel - Tapir Wachswaren\" \/>\n<meta property=\"og:description\" content=\"Le pinceau \u00e0 polir K\u00f6ndringer avec du crin naturel fait briller et prend soin des surfaces en bois et cr\u00e9e un beau \u00e9clat, de mani\u00e8re totalement naturelle.\" \/>\n<meta property=\"og:url\" content=\"https:\/\/tapir.de\/fr\/shop\/brosse-a-polisser-koendringer-avec-crin-de-cheval-naturel\/\" \/>\n<meta property=\"og:site_name\" content=\"Tapir Wachswaren\" \/>\n<meta property=\"article:publisher\" content=\"https:\/\/www.facebook.com\/TapirWachswaren\/\" \/>\n<meta property=\"article:modified_time\" content=\"2026-01-26T12:06:26+00:00\" \/>\n<meta property=\"og:image\" content=\"https:\/\/tapir.de\/wp-content\/uploads\/2020\/05\/DSC_1691-Rossbuerste-scaled.jpg\" \/>\n\t<meta property=\"og:image:width\" content=\"2560\" \/>\n\t<meta property=\"og:image:height\" content=\"1534\" \/>\n\t<meta property=\"og:image:type\" content=\"image\/jpeg\" \/>\n<meta name=\"twitter:card\" content=\"summary_large_image\" \/>\n<meta name=\"twitter:label1\" content=\"Dur\u00e9e de lecture estim\u00e9e\" \/>\n\t<meta name=\"twitter:data1\" content=\"1 minute\" \/>\n<script type=\"application\/ld+json\" class=\"yoast-schema-graph\">{\"@context\":\"https:\\\/\\\/schema.org\",\"@graph\":[{\"@type\":\"WebPage\",\"@id\":\"https:\\\/\\\/tapir.de\\\/fr\\\/shop\\\/brosse-a-polisser-koendringer-avec-crin-de-cheval-naturel\\\/\",\"url\":\"https:\\\/\\\/tapir.de\\\/fr\\\/shop\\\/brosse-a-polisser-koendringer-avec-crin-de-cheval-naturel\\\/\",\"name\":\"Brosse \u00e0 polisser K\u00f6ndringer avec crin de cheval naturel - Tapir Wachswaren\",\"isPartOf\":{\"@id\":\"https:\\\/\\\/tapir.de\\\/fr\\\/?lang=en\\\/#website\"},\"primaryImageOfPage\":{\"@id\":\"https:\\\/\\\/tapir.de\\\/fr\\\/shop\\\/brosse-a-polisser-koendringer-avec-crin-de-cheval-naturel\\\/#primaryimage\"},\"image\":{\"@id\":\"https:\\\/\\\/tapir.de\\\/fr\\\/shop\\\/brosse-a-polisser-koendringer-avec-crin-de-cheval-naturel\\\/#primaryimage\"},\"thumbnailUrl\":\"https:\\\/\\\/tapir.de\\\/wp-content\\\/uploads\\\/2020\\\/05\\\/DSC_1691-Rossbuerste-scaled.jpg\",\"datePublished\":\"2020-05-25T07:48:14+00:00\",\"dateModified\":\"2026-01-26T12:06:26+00:00\",\"description\":\"Le pinceau \u00e0 polir K\u00f6ndringer avec du crin naturel fait briller et prend soin des surfaces en bois et cr\u00e9e un beau \u00e9clat, de mani\u00e8re totalement naturelle.\",\"breadcrumb\":{\"@id\":\"https:\\\/\\\/tapir.de\\\/fr\\\/shop\\\/brosse-a-polisser-koendringer-avec-crin-de-cheval-naturel\\\/#breadcrumb\"},\"inLanguage\":\"fr-FR\",\"potentialAction\":[{\"@type\":\"ReadAction\",\"target\":[\"https:\\\/\\\/tapir.de\\\/fr\\\/shop\\\/brosse-a-polisser-koendringer-avec-crin-de-cheval-naturel\\\/\"]}]},{\"@type\":\"ImageObject\",\"inLanguage\":\"fr-FR\",\"@id\":\"https:\\\/\\\/tapir.de\\\/fr\\\/shop\\\/brosse-a-polisser-koendringer-avec-crin-de-cheval-naturel\\\/#primaryimage\",\"url\":\"https:\\\/\\\/tapir.de\\\/wp-content\\\/uploads\\\/2020\\\/05\\\/DSC_1691-Rossbuerste-scaled.jpg\",\"contentUrl\":\"https:\\\/\\\/tapir.de\\\/wp-content\\\/uploads\\\/2020\\\/05\\\/DSC_1691-Rossbuerste-scaled.jpg\",\"width\":2560,\"height\":1534,\"caption\":\"Brosse \u00e0 polisser K\u00f6ndringer\"},{\"@type\":\"BreadcrumbList\",\"@id\":\"https:\\\/\\\/tapir.de\\\/fr\\\/shop\\\/brosse-a-polisser-koendringer-avec-crin-de-cheval-naturel\\\/#breadcrumb\",\"itemListElement\":[{\"@type\":\"ListItem\",\"position\":1,\"name\":\"Startseite\",\"item\":\"https:\\\/\\\/tapir.de\\\/fr\\\/\"},{\"@type\":\"ListItem\",\"position\":2,\"name\":\"Boutique\",\"item\":\"https:\\\/\\\/tapir.de\\\/fr\\\/boutique\\\/\"},{\"@type\":\"ListItem\",\"position\":3,\"name\":\"Brosse \u00e0 polisser K\u00f6ndringer avec crin de cheval naturel\"}]},{\"@type\":\"WebSite\",\"@id\":\"https:\\\/\\\/tapir.de\\\/fr\\\/?lang=en\\\/#website\",\"url\":\"https:\\\/\\\/tapir.de\\\/fr\\\/?lang=en\\\/\",\"name\":\"Tapir Wachswaren\",\"description\":\"Nat\u00fcrliche Pflegeprodukte f\u00fcr Leder, Textil und Holz\",\"publisher\":{\"@id\":\"https:\\\/\\\/tapir.de\\\/fr\\\/?lang=en\\\/#organization\"},\"potentialAction\":[{\"@type\":\"SearchAction\",\"target\":{\"@type\":\"EntryPoint\",\"urlTemplate\":\"https:\\\/\\\/tapir.de\\\/fr\\\/?lang=en\\\/?s={search_term_string}\"},\"query-input\":{\"@type\":\"PropertyValueSpecification\",\"valueRequired\":true,\"valueName\":\"search_term_string\"}}],\"inLanguage\":\"fr-FR\"},{\"@type\":\"Organization\",\"@id\":\"https:\\\/\\\/tapir.de\\\/fr\\\/?lang=en\\\/#organization\",\"name\":\"Tapir Wachswaren\",\"url\":\"https:\\\/\\\/tapir.de\\\/fr\\\/?lang=en\\\/\",\"logo\":{\"@type\":\"ImageObject\",\"inLanguage\":\"fr-FR\",\"@id\":\"https:\\\/\\\/tapir.de\\\/fr\\\/?lang=en\\\/#\\\/schema\\\/logo\\\/image\\\/\",\"url\":\"https:\\\/\\\/tapir.de\\\/wp-content\\\/uploads\\\/2020\\\/11\\\/cropped-TAPIR_Wachswaren_logo.png\",\"contentUrl\":\"https:\\\/\\\/tapir.de\\\/wp-content\\\/uploads\\\/2020\\\/11\\\/cropped-TAPIR_Wachswaren_logo.png\",\"width\":512,\"height\":512,\"caption\":\"Tapir Wachswaren\"},\"image\":{\"@id\":\"https:\\\/\\\/tapir.de\\\/fr\\\/?lang=en\\\/#\\\/schema\\\/logo\\\/image\\\/\"},\"sameAs\":[\"https:\\\/\\\/www.facebook.com\\\/TapirWachswaren\\\/\",\"https:\\\/\\\/www.instagram.com\\\/tapir_pflegeprodukte\\\/?hl=de\"]}]}<\/script>\n<!-- \/ Yoast SEO plugin. -->","yoast_head_json":{"title":"Brosse \u00e0 polisser K\u00f6ndringer avec crin de cheval naturel - Tapir Wachswaren","description":"Le pinceau \u00e0 polir K\u00f6ndringer avec du crin naturel fait briller et prend soin des surfaces en bois et cr\u00e9e un beau \u00e9clat, de mani\u00e8re totalement naturelle.","robots":{"index":"index","follow":"follow","max-snippet":"max-snippet:-1","max-image-preview":"max-image-preview:large","max-video-preview":"max-video-preview:-1"},"canonical":"https:\/\/tapir.de\/fr\/shop\/brosse-a-polisser-koendringer-avec-crin-de-cheval-naturel\/","og_locale":"fr_FR","og_type":"article","og_title":"Brosse \u00e0 polisser K\u00f6ndringer avec crin de cheval naturel - Tapir Wachswaren","og_description":"Le pinceau \u00e0 polir K\u00f6ndringer avec du crin naturel fait briller et prend soin des surfaces en bois et cr\u00e9e un beau \u00e9clat, de mani\u00e8re totalement naturelle.","og_url":"https:\/\/tapir.de\/fr\/shop\/brosse-a-polisser-koendringer-avec-crin-de-cheval-naturel\/","og_site_name":"Tapir Wachswaren","article_publisher":"https:\/\/www.facebook.com\/TapirWachswaren\/","article_modified_time":"2026-01-26T12:06:26+00:00","og_image":[{"width":2560,"height":1534,"url":"https:\/\/tapir.de\/wp-content\/uploads\/2020\/05\/DSC_1691-Rossbuerste-scaled.jpg","type":"image\/jpeg"}],"twitter_card":"summary_large_image","twitter_misc":{"Dur\u00e9e de lecture estim\u00e9e":"1 minute"},"schema":{"@context":"https:\/\/schema.org","@graph":[{"@type":"WebPage","@id":"https:\/\/tapir.de\/fr\/shop\/brosse-a-polisser-koendringer-avec-crin-de-cheval-naturel\/","url":"https:\/\/tapir.de\/fr\/shop\/brosse-a-polisser-koendringer-avec-crin-de-cheval-naturel\/","name":"Brosse \u00e0 polisser K\u00f6ndringer avec crin de cheval naturel - Tapir Wachswaren","isPartOf":{"@id":"https:\/\/tapir.de\/fr\/?lang=en\/#website"},"primaryImageOfPage":{"@id":"https:\/\/tapir.de\/fr\/shop\/brosse-a-polisser-koendringer-avec-crin-de-cheval-naturel\/#primaryimage"},"image":{"@id":"https:\/\/tapir.de\/fr\/shop\/brosse-a-polisser-koendringer-avec-crin-de-cheval-naturel\/#primaryimage"},"thumbnailUrl":"https:\/\/tapir.de\/wp-content\/uploads\/2020\/05\/DSC_1691-Rossbuerste-scaled.jpg","datePublished":"2020-05-25T07:48:14+00:00","dateModified":"2026-01-26T12:06:26+00:00","description":"Le pinceau \u00e0 polir K\u00f6ndringer avec du crin naturel fait briller et prend soin des surfaces en bois et cr\u00e9e un beau \u00e9clat, de mani\u00e8re totalement naturelle.","breadcrumb":{"@id":"https:\/\/tapir.de\/fr\/shop\/brosse-a-polisser-koendringer-avec-crin-de-cheval-naturel\/#breadcrumb"},"inLanguage":"fr-FR","potentialAction":[{"@type":"ReadAction","target":["https:\/\/tapir.de\/fr\/shop\/brosse-a-polisser-koendringer-avec-crin-de-cheval-naturel\/"]}]},{"@type":"ImageObject","inLanguage":"fr-FR","@id":"https:\/\/tapir.de\/fr\/shop\/brosse-a-polisser-koendringer-avec-crin-de-cheval-naturel\/#primaryimage","url":"https:\/\/tapir.de\/wp-content\/uploads\/2020\/05\/DSC_1691-Rossbuerste-scaled.jpg","contentUrl":"https:\/\/tapir.de\/wp-content\/uploads\/2020\/05\/DSC_1691-Rossbuerste-scaled.jpg","width":2560,"height":1534,"caption":"Brosse \u00e0 polisser K\u00f6ndringer"},{"@type":"BreadcrumbList","@id":"https:\/\/tapir.de\/fr\/shop\/brosse-a-polisser-koendringer-avec-crin-de-cheval-naturel\/#breadcrumb","itemListElement":[{"@type":"ListItem","position":1,"name":"Startseite","item":"https:\/\/tapir.de\/fr\/"},{"@type":"ListItem","position":2,"name":"Boutique","item":"https:\/\/tapir.de\/fr\/boutique\/"},{"@type":"ListItem","position":3,"name":"Brosse \u00e0 polisser K\u00f6ndringer avec crin de cheval naturel"}]},{"@type":"WebSite","@id":"https:\/\/tapir.de\/fr\/?lang=en\/#website","url":"https:\/\/tapir.de\/fr\/?lang=en\/","name":"Tapir Wachswaren","description":"Nat\u00fcrliche Pflegeprodukte f\u00fcr Leder, Textil und Holz","publisher":{"@id":"https:\/\/tapir.de\/fr\/?lang=en\/#organization"},"potentialAction":[{"@type":"SearchAction","target":{"@type":"EntryPoint","urlTemplate":"https:\/\/tapir.de\/fr\/?lang=en\/?s={search_term_string}"},"query-input":{"@type":"PropertyValueSpecification","valueRequired":true,"valueName":"search_term_string"}}],"inLanguage":"fr-FR"},{"@type":"Organization","@id":"https:\/\/tapir.de\/fr\/?lang=en\/#organization","name":"Tapir Wachswaren","url":"https:\/\/tapir.de\/fr\/?lang=en\/","logo":{"@type":"ImageObject","inLanguage":"fr-FR","@id":"https:\/\/tapir.de\/fr\/?lang=en\/#\/schema\/logo\/image\/","url":"https:\/\/tapir.de\/wp-content\/uploads\/2020\/11\/cropped-TAPIR_Wachswaren_logo.png","contentUrl":"https:\/\/tapir.de\/wp-content\/uploads\/2020\/11\/cropped-TAPIR_Wachswaren_logo.png","width":512,"height":512,"caption":"Tapir Wachswaren"},"image":{"@id":"https:\/\/tapir.de\/fr\/?lang=en\/#\/schema\/logo\/image\/"},"sameAs":["https:\/\/www.facebook.com\/TapirWachswaren\/","https:\/\/www.instagram.com\/tapir_pflegeprodukte\/?hl=de"]}]}},"_links":{"self":[{"href":"https:\/\/tapir.de\/fr\/wp-json\/wp\/v2\/product\/21024","targetHints":{"allow":["GET"]}}],"collection":[{"href":"https:\/\/tapir.de\/fr\/wp-json\/wp\/v2\/product"}],"about":[{"href":"https:\/\/tapir.de\/fr\/wp-json\/wp\/v2\/types\/product"}],"wp:featuredmedia":[{"embeddable":true,"href":"https:\/\/tapir.de\/fr\/wp-json\/wp\/v2\/media\/21025"}],"wp:attachment":[{"href":"https:\/\/tapir.de\/fr\/wp-json\/wp\/v2\/media?parent=21024"}],"wp:term":[{"taxonomy":"product_brand","embeddable":true,"href":"https:\/\/tapir.de\/fr\/wp-json\/wp\/v2\/product_brand?post=21024"},{"taxonomy":"product_cat","embeddable":true,"href":"https:\/\/tapir.de\/fr\/wp-json\/wp\/v2\/product_cat?post=21024"},{"taxonomy":"product_tag","embeddable":true,"href":"https:\/\/tapir.de\/fr\/wp-json\/wp\/v2\/product_tag?post=21024"}],"curies":[{"name":"wp","href":"https:\/\/api.w.org\/{rel}","templated":true}]}}