{"id":21005,"date":"2020-05-25T09:59:48","date_gmt":"2020-05-25T07:59:48","guid":{"rendered":"https:\/\/tapir.de\/shop\/petite-boite-a-cirage-a-chaussures-faite-main-en-bois-de-hetre-huile\/"},"modified":"2026-01-26T13:06:24","modified_gmt":"2026-01-26T12:06:24","slug":"petite-boite-a-cirage-a-chaussures-faite-main-en-bois-de-hetre-huile","status":"publish","type":"product","link":"https:\/\/tapir.de\/fr\/shop\/petite-boite-a-cirage-a-chaussures-faite-main-en-bois-de-hetre-huile\/","title":{"rendered":"Petite bo\u00eete \u00e0 cirage \u00e0 chaussures faite main en bois de h\u00eatre huil\u00e9"},"content":{"rendered":"<h1><span style=\"color: #a90533;\"><strong>Petite bo\u00eete \u00e0 cirage \u00e0 chaussures faite main en bois de h\u00eatre huil\u00e9<\/strong><\/span><\/h1>\n<p>Cette bo\u00eete compacte et artisanale de cirage de chaussures de Tapir, en bois de h\u00eatre massif et huil\u00e9, est la compagne parfaite pour un entretien organis\u00e9 et \u00e9l\u00e9gant des chaussures. Le bois de h\u00eatre de haute qualit\u00e9 se caract\u00e9rise par son grain caract\u00e9ristique, qui conf\u00e8re \u00e0 chaque bo\u00eete un charme naturel et unique. Le travail soign\u00e9 et le mat\u00e9riau robuste rendent la caisse particuli\u00e8rement durable et stable \u2013 une pi\u00e8ce qui vous accompagnera pendant de nombreuses ann\u00e9es.  <\/p>\n<h3><strong>Conception pratique avec une fonction bien pens\u00e9e<\/strong><\/h3>\n<p>La petite bo\u00eete \u00e0 cirer les chaussures convainc gr\u00e2ce \u00e0 son design ing\u00e9nieux. Deux grands volets d\u2019ailes offrent une vue sur l\u2019int\u00e9rieur, qui est divis\u00e9 en trois compartiments s\u00e9par\u00e9s par des bandes en bois. Cette division offre de l\u2019espace pour nos pinceaux Tapir, tous les produits et accessoires de soin Tapir, toujours \u00e0 port\u00e9e de main gr\u00e2ce \u00e0 une disposition soigneusement pens\u00e9e. La caisse maintient tout en place et veille \u00e0 ce que vos ustensiles de soin soient soigneusement rang\u00e9s.   <\/p>\n<p>Un point fort est la poign\u00e9e de transport ergonomique. Cette poign\u00e9e est non seulement pratique pour le transport, mais sert aussi de porte-chaussures lors du nettoyage. Il suffit de poser le pied chauss\u00e9 sur la poign\u00e9e \u2013 et vous obtenez une surface stable qui facilite le polissage et l\u2019entretien.  <\/p>\n<h3><strong>Un meuble d\u00e9coratif<\/strong><\/h3>\n<p>La petite bo\u00eete \u00e0 cirer des chaussures est bien plus qu\u2019un simple accessoire fonctionnel. Leur design \u00e9l\u00e9gant et ind\u00e9pendant en fait un \u00e9l\u00e9ment d\u00e9coratif qui s\u2019int\u00e8gre avec \u00e9l\u00e9gance \u00e0 votre maison. Le manche, qui rappelle la forme d\u2019une chaussure, n\u2019est pas seulement un attrait visuel, mais aussi une indication de son usage. La bo\u00eete d\u00e9gage une esth\u00e9tique intemporelle et constitue un meuble qui \u00e9quilibre fonction et style.   <\/p>\n<h3><strong>Durabilit\u00e9 et qualit\u00e9<\/strong><\/h3>\n<p>Fabriqu\u00e9e en bois de h\u00eatre local, la bo\u00eete \u00e0 cirage respecte les plus hauts standards de durabilit\u00e9. Le bois est trait\u00e9 avec un vernis \u00e0 l\u2019huile de lin pour le prot\u00e9ger des influences ext\u00e9rieures tout en mettant en valeur le grain naturel. Gr\u00e2ce \u00e0 l\u2019utilisation de mat\u00e9riaux \u00e9cologiques et \u00e0 la production artisanale en Allemagne, la bo\u00eete symbolise une qualit\u00e9 responsable et respectueuse de l\u2019environnement.  <\/p>\n<h3><strong>Polyvalent et durable<\/strong><\/h3>\n<p>La petite bo\u00eete \u00e0 cirer est suffisamment compacte pour \u00eatre facilement rang\u00e9e, mais offre tout de m\u00eame assez d\u2019espace de rangement pour tous les ustensiles importants pour l\u2019entretien des chaussures. Avec ses dimensions de 30 x 22 x 30 cm, il est id\u00e9al pour une utilisation \u00e0 la maison ou en d\u00e9placement. La qualit\u00e9 robuste de la menuiserie garantit une longue dur\u00e9e m\u00eame d\u2019utilisation r\u00e9guli\u00e8re.  <\/p>\n<h3><strong>Caract\u00e9ristiques du produit en un coup d\u2019\u0153il<\/strong><\/h3>\n<ul>\n<li><strong>Mat\u00e9riel :<\/strong> Bois de h\u00eatre massif, huil\u00e9, avec un grain naturel.<\/li>\n<li><strong>Dimensions :<\/strong> Largeur d\u2019environ 30 cm, hauteur d\u2019environ 22 cm, profondeur d\u2019environ 30 cm.<\/li>\n<li><strong>\u00c9quipement :<\/strong> Deux volets d\u2019aile, trois compartiments int\u00e9rieurs, poign\u00e9e ergonomique de transport.<\/li>\n<li><strong>Fabrication :<\/strong> Fait main en Allemagne, durable et \u00e9cologique.<\/li>\n<li><strong>Champ d\u2019application :<\/strong> La livraison se fait sans contenu.<\/li>\n<\/ul>\n<h3><span style=\"color: #a90533;\"><strong>Conclusion<\/strong><\/span><\/h3>\n<p>La petite bo\u00eete \u00e0 cirage allie beaut\u00e9, fonctionnalit\u00e9 et durabilit\u00e9 dans un design pratique. C\u2019est la solution id\u00e9ale pour ceux qui appr\u00e9cient le rangement propre et les soins \u00e9l\u00e9gants des chaussures. Un indispensable pour chaque foyer !  <\/p>\n<p>Si vous souhaitez plus d\u2019espace, nous recommandons la <a href=\"https:\/\/tapir.de\/fr\/shop\/grande-boite-a-cirage-a-chaussures-faite-a-la-main-en-bois-de-hetre-huile\/\">grande bo\u00eete \u00e0 cirage de chaussures<\/a> avec deux compartiments suppl\u00e9mentaires.<\/p>\n","protected":false},"excerpt":{"rendered":"<p>Bo\u00eete de cirage de haute qualit\u00e9 comme magasin pratique pour l\u2019entretien des chaussures. Fait de h\u00eatre huil\u00e9. <\/p>\n","protected":false},"featured_media":21016,"template":"","meta":[],"product_brand":[],"product_cat":[927],"product_tag":[892],"class_list":{"0":"post-21005","1":"product","2":"type-product","3":"status-publish","4":"has-post-thumbnail","6":"product_cat-caisses-a-cirer-a-chaussures","7":"product_tag-accessoires","9":"first","10":"instock","11":"taxable","12":"shipping-taxable","13":"purchasable","14":"product-type-simple"},"yoast_head":"<!-- This site is optimized with the Yoast SEO plugin v27.3 - https:\/\/yoast.com\/product\/yoast-seo-wordpress\/ -->\n<title>Petite bo\u00eete \u00e0 cirage \u00e0 chaussures faite main en bois de h\u00eatre huil\u00e9 - Tapir Wachswaren<\/title>\n<meta name=\"description\" content=\"Petite bo\u00eete \u00e0 cirage de chaussures faite main en bois de h\u00eatre huil\u00e9 pour stocker les produits de soin naturel pour cirer les chaussures.\" \/>\n<meta name=\"robots\" content=\"index, follow, max-snippet:-1, max-image-preview:large, max-video-preview:-1\" \/>\n<link rel=\"canonical\" href=\"https:\/\/tapir.de\/fr\/shop\/petite-boite-a-cirage-a-chaussures-faite-main-en-bois-de-hetre-huile\/\" \/>\n<meta property=\"og:locale\" content=\"fr_FR\" \/>\n<meta property=\"og:type\" content=\"article\" \/>\n<meta property=\"og:title\" content=\"Petite bo\u00eete \u00e0 cirage \u00e0 chaussures faite main en bois de h\u00eatre huil\u00e9 - Tapir Wachswaren\" \/>\n<meta property=\"og:description\" content=\"Petite bo\u00eete \u00e0 cirage de chaussures faite main en bois de h\u00eatre huil\u00e9 pour stocker les produits de soin naturel pour cirer les chaussures.\" \/>\n<meta property=\"og:url\" content=\"https:\/\/tapir.de\/fr\/shop\/petite-boite-a-cirage-a-chaussures-faite-main-en-bois-de-hetre-huile\/\" \/>\n<meta property=\"og:site_name\" content=\"Tapir Wachswaren\" \/>\n<meta property=\"article:publisher\" content=\"https:\/\/www.facebook.com\/TapirWachswaren\/\" \/>\n<meta property=\"article:modified_time\" content=\"2026-01-26T12:06:24+00:00\" \/>\n<meta property=\"og:image\" content=\"https:\/\/tapir.de\/wp-content\/uploads\/2020\/05\/99992_Schuhputzkiste_1-scaled.jpg\" \/>\n\t<meta property=\"og:image:width\" content=\"2560\" \/>\n\t<meta property=\"og:image:height\" content=\"1708\" \/>\n\t<meta property=\"og:image:type\" content=\"image\/jpeg\" \/>\n<meta name=\"twitter:card\" content=\"summary_large_image\" \/>\n<meta name=\"twitter:label1\" content=\"Dur\u00e9e de lecture estim\u00e9e\" \/>\n\t<meta name=\"twitter:data1\" content=\"3 minutes\" \/>\n<script type=\"application\/ld+json\" class=\"yoast-schema-graph\">{\"@context\":\"https:\\\/\\\/schema.org\",\"@graph\":[{\"@type\":\"WebPage\",\"@id\":\"https:\\\/\\\/tapir.de\\\/fr\\\/shop\\\/petite-boite-a-cirage-a-chaussures-faite-main-en-bois-de-hetre-huile\\\/\",\"url\":\"https:\\\/\\\/tapir.de\\\/fr\\\/shop\\\/petite-boite-a-cirage-a-chaussures-faite-main-en-bois-de-hetre-huile\\\/\",\"name\":\"Petite bo\u00eete \u00e0 cirage \u00e0 chaussures faite main en bois de h\u00eatre huil\u00e9 - Tapir Wachswaren\",\"isPartOf\":{\"@id\":\"https:\\\/\\\/tapir.de\\\/fr\\\/?lang=en\\\/#website\"},\"primaryImageOfPage\":{\"@id\":\"https:\\\/\\\/tapir.de\\\/fr\\\/shop\\\/petite-boite-a-cirage-a-chaussures-faite-main-en-bois-de-hetre-huile\\\/#primaryimage\"},\"image\":{\"@id\":\"https:\\\/\\\/tapir.de\\\/fr\\\/shop\\\/petite-boite-a-cirage-a-chaussures-faite-main-en-bois-de-hetre-huile\\\/#primaryimage\"},\"thumbnailUrl\":\"https:\\\/\\\/tapir.de\\\/wp-content\\\/uploads\\\/2020\\\/05\\\/99992_Schuhputzkiste_1-scaled.jpg\",\"datePublished\":\"2020-05-25T07:59:48+00:00\",\"dateModified\":\"2026-01-26T12:06:24+00:00\",\"description\":\"Petite bo\u00eete \u00e0 cirage de chaussures faite main en bois de h\u00eatre huil\u00e9 pour stocker les produits de soin naturel pour cirer les chaussures.\",\"breadcrumb\":{\"@id\":\"https:\\\/\\\/tapir.de\\\/fr\\\/shop\\\/petite-boite-a-cirage-a-chaussures-faite-main-en-bois-de-hetre-huile\\\/#breadcrumb\"},\"inLanguage\":\"fr-FR\",\"potentialAction\":[{\"@type\":\"ReadAction\",\"target\":[\"https:\\\/\\\/tapir.de\\\/fr\\\/shop\\\/petite-boite-a-cirage-a-chaussures-faite-main-en-bois-de-hetre-huile\\\/\"]}]},{\"@type\":\"ImageObject\",\"inLanguage\":\"fr-FR\",\"@id\":\"https:\\\/\\\/tapir.de\\\/fr\\\/shop\\\/petite-boite-a-cirage-a-chaussures-faite-main-en-bois-de-hetre-huile\\\/#primaryimage\",\"url\":\"https:\\\/\\\/tapir.de\\\/wp-content\\\/uploads\\\/2020\\\/05\\\/99992_Schuhputzkiste_1-scaled.jpg\",\"contentUrl\":\"https:\\\/\\\/tapir.de\\\/wp-content\\\/uploads\\\/2020\\\/05\\\/99992_Schuhputzkiste_1-scaled.jpg\",\"width\":2560,\"height\":1708,\"caption\":\"Bo\u00eete \u00e0 cirage \u00e0 chaussures en bois\"},{\"@type\":\"BreadcrumbList\",\"@id\":\"https:\\\/\\\/tapir.de\\\/fr\\\/shop\\\/petite-boite-a-cirage-a-chaussures-faite-main-en-bois-de-hetre-huile\\\/#breadcrumb\",\"itemListElement\":[{\"@type\":\"ListItem\",\"position\":1,\"name\":\"Startseite\",\"item\":\"https:\\\/\\\/tapir.de\\\/fr\\\/\"},{\"@type\":\"ListItem\",\"position\":2,\"name\":\"Boutique\",\"item\":\"https:\\\/\\\/tapir.de\\\/fr\\\/boutique\\\/\"},{\"@type\":\"ListItem\",\"position\":3,\"name\":\"Petite bo\u00eete \u00e0 cirage \u00e0 chaussures faite main en bois de h\u00eatre huil\u00e9\"}]},{\"@type\":\"WebSite\",\"@id\":\"https:\\\/\\\/tapir.de\\\/fr\\\/?lang=en\\\/#website\",\"url\":\"https:\\\/\\\/tapir.de\\\/fr\\\/?lang=en\\\/\",\"name\":\"Tapir Wachswaren\",\"description\":\"Nat\u00fcrliche Pflegeprodukte f\u00fcr Leder, Textil und Holz\",\"publisher\":{\"@id\":\"https:\\\/\\\/tapir.de\\\/fr\\\/?lang=en\\\/#organization\"},\"potentialAction\":[{\"@type\":\"SearchAction\",\"target\":{\"@type\":\"EntryPoint\",\"urlTemplate\":\"https:\\\/\\\/tapir.de\\\/fr\\\/?lang=en\\\/?s={search_term_string}\"},\"query-input\":{\"@type\":\"PropertyValueSpecification\",\"valueRequired\":true,\"valueName\":\"search_term_string\"}}],\"inLanguage\":\"fr-FR\"},{\"@type\":\"Organization\",\"@id\":\"https:\\\/\\\/tapir.de\\\/fr\\\/?lang=en\\\/#organization\",\"name\":\"Tapir Wachswaren\",\"url\":\"https:\\\/\\\/tapir.de\\\/fr\\\/?lang=en\\\/\",\"logo\":{\"@type\":\"ImageObject\",\"inLanguage\":\"fr-FR\",\"@id\":\"https:\\\/\\\/tapir.de\\\/fr\\\/?lang=en\\\/#\\\/schema\\\/logo\\\/image\\\/\",\"url\":\"https:\\\/\\\/tapir.de\\\/wp-content\\\/uploads\\\/2020\\\/11\\\/cropped-TAPIR_Wachswaren_logo.png\",\"contentUrl\":\"https:\\\/\\\/tapir.de\\\/wp-content\\\/uploads\\\/2020\\\/11\\\/cropped-TAPIR_Wachswaren_logo.png\",\"width\":512,\"height\":512,\"caption\":\"Tapir Wachswaren\"},\"image\":{\"@id\":\"https:\\\/\\\/tapir.de\\\/fr\\\/?lang=en\\\/#\\\/schema\\\/logo\\\/image\\\/\"},\"sameAs\":[\"https:\\\/\\\/www.facebook.com\\\/TapirWachswaren\\\/\",\"https:\\\/\\\/www.instagram.com\\\/tapir_pflegeprodukte\\\/?hl=de\"]}]}<\/script>\n<!-- \/ Yoast SEO plugin. -->","yoast_head_json":{"title":"Petite bo\u00eete \u00e0 cirage \u00e0 chaussures faite main en bois de h\u00eatre huil\u00e9 - Tapir Wachswaren","description":"Petite bo\u00eete \u00e0 cirage de chaussures faite main en bois de h\u00eatre huil\u00e9 pour stocker les produits de soin naturel pour cirer les chaussures.","robots":{"index":"index","follow":"follow","max-snippet":"max-snippet:-1","max-image-preview":"max-image-preview:large","max-video-preview":"max-video-preview:-1"},"canonical":"https:\/\/tapir.de\/fr\/shop\/petite-boite-a-cirage-a-chaussures-faite-main-en-bois-de-hetre-huile\/","og_locale":"fr_FR","og_type":"article","og_title":"Petite bo\u00eete \u00e0 cirage \u00e0 chaussures faite main en bois de h\u00eatre huil\u00e9 - Tapir Wachswaren","og_description":"Petite bo\u00eete \u00e0 cirage de chaussures faite main en bois de h\u00eatre huil\u00e9 pour stocker les produits de soin naturel pour cirer les chaussures.","og_url":"https:\/\/tapir.de\/fr\/shop\/petite-boite-a-cirage-a-chaussures-faite-main-en-bois-de-hetre-huile\/","og_site_name":"Tapir Wachswaren","article_publisher":"https:\/\/www.facebook.com\/TapirWachswaren\/","article_modified_time":"2026-01-26T12:06:24+00:00","og_image":[{"width":2560,"height":1708,"url":"https:\/\/tapir.de\/wp-content\/uploads\/2020\/05\/99992_Schuhputzkiste_1-scaled.jpg","type":"image\/jpeg"}],"twitter_card":"summary_large_image","twitter_misc":{"Dur\u00e9e de lecture estim\u00e9e":"3 minutes"},"schema":{"@context":"https:\/\/schema.org","@graph":[{"@type":"WebPage","@id":"https:\/\/tapir.de\/fr\/shop\/petite-boite-a-cirage-a-chaussures-faite-main-en-bois-de-hetre-huile\/","url":"https:\/\/tapir.de\/fr\/shop\/petite-boite-a-cirage-a-chaussures-faite-main-en-bois-de-hetre-huile\/","name":"Petite bo\u00eete \u00e0 cirage \u00e0 chaussures faite main en bois de h\u00eatre huil\u00e9 - Tapir Wachswaren","isPartOf":{"@id":"https:\/\/tapir.de\/fr\/?lang=en\/#website"},"primaryImageOfPage":{"@id":"https:\/\/tapir.de\/fr\/shop\/petite-boite-a-cirage-a-chaussures-faite-main-en-bois-de-hetre-huile\/#primaryimage"},"image":{"@id":"https:\/\/tapir.de\/fr\/shop\/petite-boite-a-cirage-a-chaussures-faite-main-en-bois-de-hetre-huile\/#primaryimage"},"thumbnailUrl":"https:\/\/tapir.de\/wp-content\/uploads\/2020\/05\/99992_Schuhputzkiste_1-scaled.jpg","datePublished":"2020-05-25T07:59:48+00:00","dateModified":"2026-01-26T12:06:24+00:00","description":"Petite bo\u00eete \u00e0 cirage de chaussures faite main en bois de h\u00eatre huil\u00e9 pour stocker les produits de soin naturel pour cirer les chaussures.","breadcrumb":{"@id":"https:\/\/tapir.de\/fr\/shop\/petite-boite-a-cirage-a-chaussures-faite-main-en-bois-de-hetre-huile\/#breadcrumb"},"inLanguage":"fr-FR","potentialAction":[{"@type":"ReadAction","target":["https:\/\/tapir.de\/fr\/shop\/petite-boite-a-cirage-a-chaussures-faite-main-en-bois-de-hetre-huile\/"]}]},{"@type":"ImageObject","inLanguage":"fr-FR","@id":"https:\/\/tapir.de\/fr\/shop\/petite-boite-a-cirage-a-chaussures-faite-main-en-bois-de-hetre-huile\/#primaryimage","url":"https:\/\/tapir.de\/wp-content\/uploads\/2020\/05\/99992_Schuhputzkiste_1-scaled.jpg","contentUrl":"https:\/\/tapir.de\/wp-content\/uploads\/2020\/05\/99992_Schuhputzkiste_1-scaled.jpg","width":2560,"height":1708,"caption":"Bo\u00eete \u00e0 cirage \u00e0 chaussures en bois"},{"@type":"BreadcrumbList","@id":"https:\/\/tapir.de\/fr\/shop\/petite-boite-a-cirage-a-chaussures-faite-main-en-bois-de-hetre-huile\/#breadcrumb","itemListElement":[{"@type":"ListItem","position":1,"name":"Startseite","item":"https:\/\/tapir.de\/fr\/"},{"@type":"ListItem","position":2,"name":"Boutique","item":"https:\/\/tapir.de\/fr\/boutique\/"},{"@type":"ListItem","position":3,"name":"Petite bo\u00eete \u00e0 cirage \u00e0 chaussures faite main en bois de h\u00eatre huil\u00e9"}]},{"@type":"WebSite","@id":"https:\/\/tapir.de\/fr\/?lang=en\/#website","url":"https:\/\/tapir.de\/fr\/?lang=en\/","name":"Tapir Wachswaren","description":"Nat\u00fcrliche Pflegeprodukte f\u00fcr Leder, Textil und Holz","publisher":{"@id":"https:\/\/tapir.de\/fr\/?lang=en\/#organization"},"potentialAction":[{"@type":"SearchAction","target":{"@type":"EntryPoint","urlTemplate":"https:\/\/tapir.de\/fr\/?lang=en\/?s={search_term_string}"},"query-input":{"@type":"PropertyValueSpecification","valueRequired":true,"valueName":"search_term_string"}}],"inLanguage":"fr-FR"},{"@type":"Organization","@id":"https:\/\/tapir.de\/fr\/?lang=en\/#organization","name":"Tapir Wachswaren","url":"https:\/\/tapir.de\/fr\/?lang=en\/","logo":{"@type":"ImageObject","inLanguage":"fr-FR","@id":"https:\/\/tapir.de\/fr\/?lang=en\/#\/schema\/logo\/image\/","url":"https:\/\/tapir.de\/wp-content\/uploads\/2020\/11\/cropped-TAPIR_Wachswaren_logo.png","contentUrl":"https:\/\/tapir.de\/wp-content\/uploads\/2020\/11\/cropped-TAPIR_Wachswaren_logo.png","width":512,"height":512,"caption":"Tapir Wachswaren"},"image":{"@id":"https:\/\/tapir.de\/fr\/?lang=en\/#\/schema\/logo\/image\/"},"sameAs":["https:\/\/www.facebook.com\/TapirWachswaren\/","https:\/\/www.instagram.com\/tapir_pflegeprodukte\/?hl=de"]}]}},"_links":{"self":[{"href":"https:\/\/tapir.de\/fr\/wp-json\/wp\/v2\/product\/21005","targetHints":{"allow":["GET"]}}],"collection":[{"href":"https:\/\/tapir.de\/fr\/wp-json\/wp\/v2\/product"}],"about":[{"href":"https:\/\/tapir.de\/fr\/wp-json\/wp\/v2\/types\/product"}],"wp:featuredmedia":[{"embeddable":true,"href":"https:\/\/tapir.de\/fr\/wp-json\/wp\/v2\/media\/21016"}],"wp:attachment":[{"href":"https:\/\/tapir.de\/fr\/wp-json\/wp\/v2\/media?parent=21005"}],"wp:term":[{"taxonomy":"product_brand","embeddable":true,"href":"https:\/\/tapir.de\/fr\/wp-json\/wp\/v2\/product_brand?post=21005"},{"taxonomy":"product_cat","embeddable":true,"href":"https:\/\/tapir.de\/fr\/wp-json\/wp\/v2\/product_cat?post=21005"},{"taxonomy":"product_tag","embeddable":true,"href":"https:\/\/tapir.de\/fr\/wp-json\/wp\/v2\/product_tag?post=21005"}],"curies":[{"name":"wp","href":"https:\/\/api.w.org\/{rel}","templated":true}]}}