{"id":21003,"date":"2020-05-25T09:51:34","date_gmt":"2020-05-25T07:51:34","guid":{"rendered":"https:\/\/tapir.de\/shop\/toison-abrasif-pour-le-pretraitement-du-bois\/"},"modified":"2026-01-26T13:06:24","modified_gmt":"2026-01-26T12:06:24","slug":"toison-abrasif-pour-le-pretraitement-du-bois","status":"publish","type":"product","link":"https:\/\/tapir.de\/fr\/shop\/toison-abrasif-pour-le-pretraitement-du-bois\/","title":{"rendered":"Toison abrasif pour le pr\u00e9traitement du bois"},"content":{"rendered":"<h2><span style=\"font-size: 85%;\"><strong><span style=\"color: #a90533;\">Toison abrasif pour le pr\u00e9traitement du bois<\/span><\/strong><\/span><\/h2>\n<p>Une toison abrasive pour le travail du bois est un outil polyvalent, indispensable tant pour les artisans professionnels que pour les amateurs. Fabriqu\u00e9e \u00e0 partir de fibres synth\u00e9tiques de haute qualit\u00e9, la toison abrasive offre une m\u00e9thode douce mais efficace de finition de surface du bois. Contrairement aux abrasifs traditionnels tels que le papier de verre ou les bancs abrasifs, la toison abrasive offre de nombreux avantages. Il est flexible et s\u2019adapte facilement aux formes et aux contours du bois, ce qui permet un traitement uniforme. De plus, il est particuli\u00e8rement doux pour les surfaces sensibles du bois et minimise le risque de rayures ou de dommages.    <\/p>\n<p>Un autre avantage de la toison abrasive est sa durabilit\u00e9 et sa r\u00e9utilisabilit\u00e9. Contrairement au papier de verre, qui doit souvent \u00eatre jet\u00e9 apr\u00e8s une seule utilisation, la toison abrasive peut \u00eatre utilis\u00e9e plusieurs fois avant de devoir \u00eatre remplac\u00e9e. Cela le rend non seulement \u00e9conomique, mais aussi respectueux de l\u2019environnement.  <\/p>\n<p>Il peut \u00eatre utilis\u00e9 \u00e0 sec ou humide, selon les exigences du projet et les pr\u00e9f\u00e9rences personnelles de l\u2019utilisateur.<\/p>\n<p>Apr\u00e8s l\u2019utilisation de la toison abrasive, des produits K\u00f6ndinrger tels que <a href=\"https:\/\/tapir.de\/shop\/koendringer-moebelpolitur\">du cirage pour meubles<\/a> ou de la <a href=\"https:\/\/tapir.de\/shop\/koendringer-pflegewachs-in-200-ml-weissblechdose\">cire d\u2019entretien<\/a> peuvent \u00eatre utilis\u00e9s.<\/p>\n<h2><span style=\"font-size: 85%;\"><strong><span style=\"color: #a90533;\">Application :<\/span><\/strong><\/span><\/h2>\n<ol>\n<li><strong>Pr\u00e9paration du bois :<\/strong> Assurez-vous que le bois est propre et sec avant de commencer \u00e0 poncer. Si n\u00e9cessaire, enlevez les anciennes peintures, peintures ou irr\u00e9gularit\u00e9s de la surface. <\/li>\n<li><strong>Excellent travail :<\/strong> Pour lisser la surface, vous pouvez utiliser la polaire abrasive. Passez-le sur la surface avec une l\u00e9g\u00e8re pression pour obtenir une surface uniforme et lisse. <\/li>\n<li><strong>Conclusion :<\/strong> Une fois que vous avez obtenu la finition de surface souhait\u00e9e, nettoyez soigneusement le bois pour enlever la poussi\u00e8re et la salet\u00e9. Vous pouvez ensuite appliquer un traitement de surface K\u00f6ndringer selon les besoins. <\/li>\n<\/ol>\n<h2><span style=\"font-size: 85%;\"><strong><span style=\"color: #a90533;\">Caract\u00e9ristiques du produit :  <\/span><\/strong><\/span><\/h2>\n<ul>\n<li><span style=\"color: #000000; font-size: 100%;\">Pour le pr\u00e9traitement du bois<\/span><\/li>\n<li><span style=\"color: #000000; font-size: 100%;\">Peut \u00eatre utilis\u00e9 \u00e0 la fois humide et sec<\/span><\/li>\n<li><span style=\"color: #000000; font-size: 100%;\">lavable<\/span><\/li>\n<li><span style=\"color: #000000; font-size: 100%;\">remplace la laine d\u2019acier fine ou le papier de verre,  <\/span><\/li>\n<li><span style=\"color: #000000; font-size: 100%;\">Dimensions : 15 x 22 cm<\/span><\/li>\n<\/ul>\n","protected":false},"excerpt":{"rendered":"<p>Lavable, remplace la laine d\u2019acier fine ou le papier de verre, 15 x 22 cm<\/p>\n","protected":false},"featured_media":21004,"template":"","meta":[],"product_brand":[],"product_cat":[865,956],"product_tag":[892],"class_list":{"0":"post-21003","1":"product","2":"type-product","3":"status-publish","4":"has-post-thumbnail","6":"product_cat-accessoires","7":"product_cat-produits-dentretien-du-bois","8":"product_tag-accessoires","9":"pa_geeignet-fuer-marbre","10":"pa_geeignet-fuer-mobilier","11":"pa_geeignet-fuer-mobilier-en-bois","12":"pa_geeignet-fuer-plancher-en-bois","13":"pa_geeignet-fuer-plateau","15":"first","16":"instock","17":"taxable","18":"shipping-taxable","19":"purchasable","20":"product-type-simple"},"yoast_head":"<!-- This site is optimized with the Yoast SEO plugin v27.3 - https:\/\/yoast.com\/product\/yoast-seo-wordpress\/ -->\n<title>Toison abrasif pour le pr\u00e9traitement du bois - Tapir Wachswaren<\/title>\n<meta name=\"description\" content=\"Toison abrasive pour le pr\u00e9traitement du bois \u2013 aussi bien pour le traitement sec que pour le traitement humide. M\u00e9thode efficace de traitement de surface du bois.\" \/>\n<meta name=\"robots\" content=\"index, follow, max-snippet:-1, max-image-preview:large, max-video-preview:-1\" \/>\n<link rel=\"canonical\" href=\"https:\/\/tapir.de\/fr\/shop\/toison-abrasif-pour-le-pretraitement-du-bois\/\" \/>\n<meta property=\"og:locale\" content=\"fr_FR\" \/>\n<meta property=\"og:type\" content=\"article\" \/>\n<meta property=\"og:title\" content=\"Toison abrasif pour le pr\u00e9traitement du bois - Tapir Wachswaren\" \/>\n<meta property=\"og:description\" content=\"Toison abrasive pour le pr\u00e9traitement du bois \u2013 aussi bien pour le traitement sec que pour le traitement humide. M\u00e9thode efficace de traitement de surface du bois.\" \/>\n<meta property=\"og:url\" content=\"https:\/\/tapir.de\/fr\/shop\/toison-abrasif-pour-le-pretraitement-du-bois\/\" \/>\n<meta property=\"og:site_name\" content=\"Tapir Wachswaren\" \/>\n<meta property=\"article:publisher\" content=\"https:\/\/www.facebook.com\/TapirWachswaren\/\" \/>\n<meta property=\"article:modified_time\" content=\"2026-01-26T12:06:24+00:00\" \/>\n<meta property=\"og:image\" content=\"https:\/\/tapir.de\/wp-content\/uploads\/2020\/05\/DSC_1708-Vlies-scaled.jpg\" \/>\n\t<meta property=\"og:image:width\" content=\"2560\" \/>\n\t<meta property=\"og:image:height\" content=\"1708\" \/>\n\t<meta property=\"og:image:type\" content=\"image\/jpeg\" \/>\n<meta name=\"twitter:card\" content=\"summary_large_image\" \/>\n<meta name=\"twitter:label1\" content=\"Dur\u00e9e de lecture estim\u00e9e\" \/>\n\t<meta name=\"twitter:data1\" content=\"2 minutes\" \/>\n<script type=\"application\/ld+json\" class=\"yoast-schema-graph\">{\"@context\":\"https:\\\/\\\/schema.org\",\"@graph\":[{\"@type\":\"WebPage\",\"@id\":\"https:\\\/\\\/tapir.de\\\/fr\\\/shop\\\/toison-abrasif-pour-le-pretraitement-du-bois\\\/\",\"url\":\"https:\\\/\\\/tapir.de\\\/fr\\\/shop\\\/toison-abrasif-pour-le-pretraitement-du-bois\\\/\",\"name\":\"Toison abrasif pour le pr\u00e9traitement du bois - Tapir Wachswaren\",\"isPartOf\":{\"@id\":\"https:\\\/\\\/tapir.de\\\/fr\\\/?lang=en\\\/#website\"},\"primaryImageOfPage\":{\"@id\":\"https:\\\/\\\/tapir.de\\\/fr\\\/shop\\\/toison-abrasif-pour-le-pretraitement-du-bois\\\/#primaryimage\"},\"image\":{\"@id\":\"https:\\\/\\\/tapir.de\\\/fr\\\/shop\\\/toison-abrasif-pour-le-pretraitement-du-bois\\\/#primaryimage\"},\"thumbnailUrl\":\"https:\\\/\\\/tapir.de\\\/wp-content\\\/uploads\\\/2020\\\/05\\\/DSC_1708-Vlies-scaled.jpg\",\"datePublished\":\"2020-05-25T07:51:34+00:00\",\"dateModified\":\"2026-01-26T12:06:24+00:00\",\"description\":\"Toison abrasive pour le pr\u00e9traitement du bois \u2013 aussi bien pour le traitement sec que pour le traitement humide. M\u00e9thode efficace de traitement de surface du bois.\",\"breadcrumb\":{\"@id\":\"https:\\\/\\\/tapir.de\\\/fr\\\/shop\\\/toison-abrasif-pour-le-pretraitement-du-bois\\\/#breadcrumb\"},\"inLanguage\":\"fr-FR\",\"potentialAction\":[{\"@type\":\"ReadAction\",\"target\":[\"https:\\\/\\\/tapir.de\\\/fr\\\/shop\\\/toison-abrasif-pour-le-pretraitement-du-bois\\\/\"]}]},{\"@type\":\"ImageObject\",\"inLanguage\":\"fr-FR\",\"@id\":\"https:\\\/\\\/tapir.de\\\/fr\\\/shop\\\/toison-abrasif-pour-le-pretraitement-du-bois\\\/#primaryimage\",\"url\":\"https:\\\/\\\/tapir.de\\\/wp-content\\\/uploads\\\/2020\\\/05\\\/DSC_1708-Vlies-scaled.jpg\",\"contentUrl\":\"https:\\\/\\\/tapir.de\\\/wp-content\\\/uploads\\\/2020\\\/05\\\/DSC_1708-Vlies-scaled.jpg\",\"width\":2560,\"height\":1708},{\"@type\":\"BreadcrumbList\",\"@id\":\"https:\\\/\\\/tapir.de\\\/fr\\\/shop\\\/toison-abrasif-pour-le-pretraitement-du-bois\\\/#breadcrumb\",\"itemListElement\":[{\"@type\":\"ListItem\",\"position\":1,\"name\":\"Startseite\",\"item\":\"https:\\\/\\\/tapir.de\\\/fr\\\/\"},{\"@type\":\"ListItem\",\"position\":2,\"name\":\"Boutique\",\"item\":\"https:\\\/\\\/tapir.de\\\/fr\\\/boutique\\\/\"},{\"@type\":\"ListItem\",\"position\":3,\"name\":\"Toison abrasif pour le pr\u00e9traitement du bois\"}]},{\"@type\":\"WebSite\",\"@id\":\"https:\\\/\\\/tapir.de\\\/fr\\\/?lang=en\\\/#website\",\"url\":\"https:\\\/\\\/tapir.de\\\/fr\\\/?lang=en\\\/\",\"name\":\"Tapir Wachswaren\",\"description\":\"Nat\u00fcrliche Pflegeprodukte f\u00fcr Leder, Textil und Holz\",\"publisher\":{\"@id\":\"https:\\\/\\\/tapir.de\\\/fr\\\/?lang=en\\\/#organization\"},\"potentialAction\":[{\"@type\":\"SearchAction\",\"target\":{\"@type\":\"EntryPoint\",\"urlTemplate\":\"https:\\\/\\\/tapir.de\\\/fr\\\/?lang=en\\\/?s={search_term_string}\"},\"query-input\":{\"@type\":\"PropertyValueSpecification\",\"valueRequired\":true,\"valueName\":\"search_term_string\"}}],\"inLanguage\":\"fr-FR\"},{\"@type\":\"Organization\",\"@id\":\"https:\\\/\\\/tapir.de\\\/fr\\\/?lang=en\\\/#organization\",\"name\":\"Tapir Wachswaren\",\"url\":\"https:\\\/\\\/tapir.de\\\/fr\\\/?lang=en\\\/\",\"logo\":{\"@type\":\"ImageObject\",\"inLanguage\":\"fr-FR\",\"@id\":\"https:\\\/\\\/tapir.de\\\/fr\\\/?lang=en\\\/#\\\/schema\\\/logo\\\/image\\\/\",\"url\":\"https:\\\/\\\/tapir.de\\\/wp-content\\\/uploads\\\/2020\\\/11\\\/cropped-TAPIR_Wachswaren_logo.png\",\"contentUrl\":\"https:\\\/\\\/tapir.de\\\/wp-content\\\/uploads\\\/2020\\\/11\\\/cropped-TAPIR_Wachswaren_logo.png\",\"width\":512,\"height\":512,\"caption\":\"Tapir Wachswaren\"},\"image\":{\"@id\":\"https:\\\/\\\/tapir.de\\\/fr\\\/?lang=en\\\/#\\\/schema\\\/logo\\\/image\\\/\"},\"sameAs\":[\"https:\\\/\\\/www.facebook.com\\\/TapirWachswaren\\\/\",\"https:\\\/\\\/www.instagram.com\\\/tapir_pflegeprodukte\\\/?hl=de\"]}]}<\/script>\n<!-- \/ Yoast SEO plugin. -->","yoast_head_json":{"title":"Toison abrasif pour le pr\u00e9traitement du bois - Tapir Wachswaren","description":"Toison abrasive pour le pr\u00e9traitement du bois \u2013 aussi bien pour le traitement sec que pour le traitement humide. M\u00e9thode efficace de traitement de surface du bois.","robots":{"index":"index","follow":"follow","max-snippet":"max-snippet:-1","max-image-preview":"max-image-preview:large","max-video-preview":"max-video-preview:-1"},"canonical":"https:\/\/tapir.de\/fr\/shop\/toison-abrasif-pour-le-pretraitement-du-bois\/","og_locale":"fr_FR","og_type":"article","og_title":"Toison abrasif pour le pr\u00e9traitement du bois - Tapir Wachswaren","og_description":"Toison abrasive pour le pr\u00e9traitement du bois \u2013 aussi bien pour le traitement sec que pour le traitement humide. M\u00e9thode efficace de traitement de surface du bois.","og_url":"https:\/\/tapir.de\/fr\/shop\/toison-abrasif-pour-le-pretraitement-du-bois\/","og_site_name":"Tapir Wachswaren","article_publisher":"https:\/\/www.facebook.com\/TapirWachswaren\/","article_modified_time":"2026-01-26T12:06:24+00:00","og_image":[{"width":2560,"height":1708,"url":"https:\/\/tapir.de\/wp-content\/uploads\/2020\/05\/DSC_1708-Vlies-scaled.jpg","type":"image\/jpeg"}],"twitter_card":"summary_large_image","twitter_misc":{"Dur\u00e9e de lecture estim\u00e9e":"2 minutes"},"schema":{"@context":"https:\/\/schema.org","@graph":[{"@type":"WebPage","@id":"https:\/\/tapir.de\/fr\/shop\/toison-abrasif-pour-le-pretraitement-du-bois\/","url":"https:\/\/tapir.de\/fr\/shop\/toison-abrasif-pour-le-pretraitement-du-bois\/","name":"Toison abrasif pour le pr\u00e9traitement du bois - Tapir Wachswaren","isPartOf":{"@id":"https:\/\/tapir.de\/fr\/?lang=en\/#website"},"primaryImageOfPage":{"@id":"https:\/\/tapir.de\/fr\/shop\/toison-abrasif-pour-le-pretraitement-du-bois\/#primaryimage"},"image":{"@id":"https:\/\/tapir.de\/fr\/shop\/toison-abrasif-pour-le-pretraitement-du-bois\/#primaryimage"},"thumbnailUrl":"https:\/\/tapir.de\/wp-content\/uploads\/2020\/05\/DSC_1708-Vlies-scaled.jpg","datePublished":"2020-05-25T07:51:34+00:00","dateModified":"2026-01-26T12:06:24+00:00","description":"Toison abrasive pour le pr\u00e9traitement du bois \u2013 aussi bien pour le traitement sec que pour le traitement humide. M\u00e9thode efficace de traitement de surface du bois.","breadcrumb":{"@id":"https:\/\/tapir.de\/fr\/shop\/toison-abrasif-pour-le-pretraitement-du-bois\/#breadcrumb"},"inLanguage":"fr-FR","potentialAction":[{"@type":"ReadAction","target":["https:\/\/tapir.de\/fr\/shop\/toison-abrasif-pour-le-pretraitement-du-bois\/"]}]},{"@type":"ImageObject","inLanguage":"fr-FR","@id":"https:\/\/tapir.de\/fr\/shop\/toison-abrasif-pour-le-pretraitement-du-bois\/#primaryimage","url":"https:\/\/tapir.de\/wp-content\/uploads\/2020\/05\/DSC_1708-Vlies-scaled.jpg","contentUrl":"https:\/\/tapir.de\/wp-content\/uploads\/2020\/05\/DSC_1708-Vlies-scaled.jpg","width":2560,"height":1708},{"@type":"BreadcrumbList","@id":"https:\/\/tapir.de\/fr\/shop\/toison-abrasif-pour-le-pretraitement-du-bois\/#breadcrumb","itemListElement":[{"@type":"ListItem","position":1,"name":"Startseite","item":"https:\/\/tapir.de\/fr\/"},{"@type":"ListItem","position":2,"name":"Boutique","item":"https:\/\/tapir.de\/fr\/boutique\/"},{"@type":"ListItem","position":3,"name":"Toison abrasif pour le pr\u00e9traitement du bois"}]},{"@type":"WebSite","@id":"https:\/\/tapir.de\/fr\/?lang=en\/#website","url":"https:\/\/tapir.de\/fr\/?lang=en\/","name":"Tapir Wachswaren","description":"Nat\u00fcrliche Pflegeprodukte f\u00fcr Leder, Textil und Holz","publisher":{"@id":"https:\/\/tapir.de\/fr\/?lang=en\/#organization"},"potentialAction":[{"@type":"SearchAction","target":{"@type":"EntryPoint","urlTemplate":"https:\/\/tapir.de\/fr\/?lang=en\/?s={search_term_string}"},"query-input":{"@type":"PropertyValueSpecification","valueRequired":true,"valueName":"search_term_string"}}],"inLanguage":"fr-FR"},{"@type":"Organization","@id":"https:\/\/tapir.de\/fr\/?lang=en\/#organization","name":"Tapir Wachswaren","url":"https:\/\/tapir.de\/fr\/?lang=en\/","logo":{"@type":"ImageObject","inLanguage":"fr-FR","@id":"https:\/\/tapir.de\/fr\/?lang=en\/#\/schema\/logo\/image\/","url":"https:\/\/tapir.de\/wp-content\/uploads\/2020\/11\/cropped-TAPIR_Wachswaren_logo.png","contentUrl":"https:\/\/tapir.de\/wp-content\/uploads\/2020\/11\/cropped-TAPIR_Wachswaren_logo.png","width":512,"height":512,"caption":"Tapir Wachswaren"},"image":{"@id":"https:\/\/tapir.de\/fr\/?lang=en\/#\/schema\/logo\/image\/"},"sameAs":["https:\/\/www.facebook.com\/TapirWachswaren\/","https:\/\/www.instagram.com\/tapir_pflegeprodukte\/?hl=de"]}]}},"_links":{"self":[{"href":"https:\/\/tapir.de\/fr\/wp-json\/wp\/v2\/product\/21003","targetHints":{"allow":["GET"]}}],"collection":[{"href":"https:\/\/tapir.de\/fr\/wp-json\/wp\/v2\/product"}],"about":[{"href":"https:\/\/tapir.de\/fr\/wp-json\/wp\/v2\/types\/product"}],"wp:featuredmedia":[{"embeddable":true,"href":"https:\/\/tapir.de\/fr\/wp-json\/wp\/v2\/media\/21004"}],"wp:attachment":[{"href":"https:\/\/tapir.de\/fr\/wp-json\/wp\/v2\/media?parent=21003"}],"wp:term":[{"taxonomy":"product_brand","embeddable":true,"href":"https:\/\/tapir.de\/fr\/wp-json\/wp\/v2\/product_brand?post=21003"},{"taxonomy":"product_cat","embeddable":true,"href":"https:\/\/tapir.de\/fr\/wp-json\/wp\/v2\/product_cat?post=21003"},{"taxonomy":"product_tag","embeddable":true,"href":"https:\/\/tapir.de\/fr\/wp-json\/wp\/v2\/product_tag?post=21003"}],"curies":[{"name":"wp","href":"https:\/\/api.w.org\/{rel}","templated":true}]}}