{"id":21000,"date":"2020-05-25T09:46:16","date_gmt":"2020-05-25T07:46:16","guid":{"rendered":"https:\/\/tapir.de\/shop\/ensemble-dentretien-pour-meubles-en-bois-et-antiquites-avec-un-pinceau-brillant-de-haute-qualite\/"},"modified":"2026-01-26T13:06:29","modified_gmt":"2026-01-26T12:06:29","slug":"ensemble-dentretien-pour-meubles-en-bois-et-antiquites-avec-un-pinceau-brillant-de-haute-qualite","status":"publish","type":"product","link":"https:\/\/tapir.de\/fr\/shop\/ensemble-dentretien-pour-meubles-en-bois-et-antiquites-avec-un-pinceau-brillant-de-haute-qualite\/","title":{"rendered":"Ensemble d\u2019entretien pour meubles en bois et antiquit\u00e9s avec un pinceau brillant de haute qualit\u00e9"},"content":{"rendered":"<p><span><strong><span style=\"color: #a90533;\"><span style=\"caret-color: #a90533; font-size: 17.280001px;\"><span style=\"font-size: 120%;\"> Entretien naturel et protection de vos meubles en bois<\/span><\/span><\/span><\/strong><\/span><\/p>\n<p>Ce set unique avec un pinceau brillant 100 % crin de cheval chouchouter vos meubles en bois et vos antiquit\u00e9s. La cire de soin K\u00f6ndringer et le polish pour meubles K\u00f6ndringer de Tapir sont fabriqu\u00e9s \u00e0 partir de mati\u00e8res premi\u00e8res naturelles. Certifi\u00e9 avec le logo <a href=\"https:\/\/gfaw.eu\/ncp\/\">NCP <\/a>, nous sommes heureux de vous proposer ce jeu de bois selon les recettes originales du restaurateur Dr Peter Haas.   Voyez par vous-m\u00eame !<\/p>\n<p><span style=\"font-size: 120%;\"><strong><span style=\"color: #a90533;\">Caract\u00e9ristiques du produit<\/span><\/strong><\/span><\/p>\n<p>Un ensemble de produits de toilette K\u00f6ndringer fabriqu\u00e9s par Tapir pour le bois et les antiquit\u00e9s<\/p>\n<ul>\n<li>200 ml de cire d\u2019entretien pour prot\u00e9ger les sols en bois, les meubles en bois et les antiquit\u00e9s<\/li>\n<li>200 ml de cirage pour meubles pour rafra\u00eechir les meubles en bois poli et cir\u00e9<\/li>\n<li>une toison abrasive<\/li>\n<li>un tissu \u00e0 polir<\/li>\n<li>un pinceau \u00e0 cirer<\/li>\n<\/ul>\n<p>&nbsp;<\/p>\n<ul>\n<li>Constamment \u00e9cologique<\/li>\n<li>fabriqu\u00e9 \u00e0 partir de mati\u00e8res premi\u00e8res naturelles<\/li>\n<li><a href=\"https:\/\/gfaw.eu\/ncp\/\">NCP<\/a> Certification<\/li>\n<li>Faits main en Allemagne<\/li>\n<\/ul>\n","protected":false},"excerpt":{"rendered":"<p>Entretien du bois naturel \u2013 Polish pour meubles K\u00f6ndringer et cire K\u00f6ndringer Care de Tapir, disponibles dans un ensemble pour vos antiquit\u00e9s ou meubles.<\/p>\n<p>200 ml de cire d\u2019entretien, 200 ml de cirage pour meubles, polaire abrasif, chiffon \u00e0 polir et un pinceau brillant<\/p>\n","protected":false},"featured_media":21002,"template":"","meta":[],"product_brand":[],"product_cat":[956],"product_tag":[],"class_list":{"0":"post-21000","1":"product","2":"type-product","3":"status-publish","4":"has-post-thumbnail","6":"product_cat-produits-dentretien-du-bois","7":"pa_geeignet-fuer-antiquites","8":"pa_geeignet-fuer-bottes-dequitation","9":"pa_geeignet-fuer-bureau","10":"pa_geeignet-fuer-canape","11":"pa_geeignet-fuer-couvertures-de-livres-en-cuir","12":"pa_geeignet-fuer-fauteuil","13":"pa_geeignet-fuer-liege","14":"pa_geeignet-fuer-linoleum","15":"pa_geeignet-fuer-marbre","16":"pa_geeignet-fuer-mobilier","17":"pa_geeignet-fuer-mobilier-en-bois","18":"pa_geeignet-fuer-plancher-en-bois","19":"pa_geeignet-fuer-plastiques-lisses","20":"pa_geeignet-fuer-plateau","21":"pa_geeignet-fuer-president","23":"first","24":"instock","25":"sale","26":"taxable","27":"shipping-taxable","28":"purchasable","29":"product-type-simple"},"yoast_head":"<!-- This site is optimized with the Yoast SEO plugin v27.4 - https:\/\/yoast.com\/product\/yoast-seo-wordpress\/ -->\n<title>Ensemble d\u2019entretien pour meubles en bois et antiquit\u00e9s avec un pinceau brillant de haute qualit\u00e9 - Tapir Wachswaren<\/title>\n<meta name=\"description\" content=\"Ensemble d\u2019entretien pour meubles en bois et antiquit\u00e9s avec un pinceau brillant de haute qualit\u00e9\" \/>\n<meta name=\"robots\" content=\"index, follow, max-snippet:-1, max-image-preview:large, max-video-preview:-1\" \/>\n<link rel=\"canonical\" href=\"https:\/\/tapir.de\/fr\/shop\/ensemble-dentretien-pour-meubles-en-bois-et-antiquites-avec-un-pinceau-brillant-de-haute-qualite\/\" \/>\n<meta property=\"og:locale\" content=\"fr_FR\" \/>\n<meta property=\"og:type\" content=\"article\" \/>\n<meta property=\"og:title\" content=\"Ensemble d\u2019entretien pour meubles en bois et antiquit\u00e9s avec un pinceau brillant de haute qualit\u00e9 - Tapir Wachswaren\" \/>\n<meta property=\"og:description\" content=\"Ensemble d\u2019entretien pour meubles en bois et antiquit\u00e9s avec un pinceau brillant de haute qualit\u00e9\" \/>\n<meta property=\"og:url\" content=\"https:\/\/tapir.de\/fr\/shop\/ensemble-dentretien-pour-meubles-en-bois-et-antiquites-avec-un-pinceau-brillant-de-haute-qualite\/\" \/>\n<meta property=\"og:site_name\" content=\"Tapir Wachswaren\" \/>\n<meta property=\"article:publisher\" content=\"https:\/\/www.facebook.com\/TapirWachswaren\/\" \/>\n<meta property=\"article:modified_time\" content=\"2026-01-26T12:06:29+00:00\" \/>\n<meta property=\"og:image\" content=\"https:\/\/tapir.de\/wp-content\/uploads\/2021\/11\/IMG_9096-scaled.jpeg\" \/>\n\t<meta property=\"og:image:width\" content=\"1440\" \/>\n\t<meta property=\"og:image:height\" content=\"1920\" \/>\n\t<meta property=\"og:image:type\" content=\"image\/jpeg\" \/>\n<meta name=\"twitter:card\" content=\"summary_large_image\" \/>\n<meta name=\"twitter:label1\" content=\"Dur\u00e9e de lecture estim\u00e9e\" \/>\n\t<meta name=\"twitter:data1\" content=\"1 minute\" \/>\n<script type=\"application\/ld+json\" class=\"yoast-schema-graph\">{\"@context\":\"https:\\\/\\\/schema.org\",\"@graph\":[{\"@type\":\"WebPage\",\"@id\":\"https:\\\/\\\/tapir.de\\\/fr\\\/shop\\\/ensemble-dentretien-pour-meubles-en-bois-et-antiquites-avec-un-pinceau-brillant-de-haute-qualite\\\/\",\"url\":\"https:\\\/\\\/tapir.de\\\/fr\\\/shop\\\/ensemble-dentretien-pour-meubles-en-bois-et-antiquites-avec-un-pinceau-brillant-de-haute-qualite\\\/\",\"name\":\"Ensemble d\u2019entretien pour meubles en bois et antiquit\u00e9s avec un pinceau brillant de haute qualit\u00e9 - Tapir Wachswaren\",\"isPartOf\":{\"@id\":\"https:\\\/\\\/tapir.de\\\/fr\\\/?lang=en\\\/#website\"},\"primaryImageOfPage\":{\"@id\":\"https:\\\/\\\/tapir.de\\\/fr\\\/shop\\\/ensemble-dentretien-pour-meubles-en-bois-et-antiquites-avec-un-pinceau-brillant-de-haute-qualite\\\/#primaryimage\"},\"image\":{\"@id\":\"https:\\\/\\\/tapir.de\\\/fr\\\/shop\\\/ensemble-dentretien-pour-meubles-en-bois-et-antiquites-avec-un-pinceau-brillant-de-haute-qualite\\\/#primaryimage\"},\"thumbnailUrl\":\"https:\\\/\\\/tapir.de\\\/wp-content\\\/uploads\\\/2021\\\/11\\\/IMG_9096-scaled.jpeg\",\"datePublished\":\"2020-05-25T07:46:16+00:00\",\"dateModified\":\"2026-01-26T12:06:29+00:00\",\"description\":\"Ensemble d\u2019entretien pour meubles en bois et antiquit\u00e9s avec un pinceau brillant de haute qualit\u00e9\",\"breadcrumb\":{\"@id\":\"https:\\\/\\\/tapir.de\\\/fr\\\/shop\\\/ensemble-dentretien-pour-meubles-en-bois-et-antiquites-avec-un-pinceau-brillant-de-haute-qualite\\\/#breadcrumb\"},\"inLanguage\":\"fr-FR\",\"potentialAction\":[{\"@type\":\"ReadAction\",\"target\":[\"https:\\\/\\\/tapir.de\\\/fr\\\/shop\\\/ensemble-dentretien-pour-meubles-en-bois-et-antiquites-avec-un-pinceau-brillant-de-haute-qualite\\\/\"]}]},{\"@type\":\"ImageObject\",\"inLanguage\":\"fr-FR\",\"@id\":\"https:\\\/\\\/tapir.de\\\/fr\\\/shop\\\/ensemble-dentretien-pour-meubles-en-bois-et-antiquites-avec-un-pinceau-brillant-de-haute-qualite\\\/#primaryimage\",\"url\":\"https:\\\/\\\/tapir.de\\\/wp-content\\\/uploads\\\/2021\\\/11\\\/IMG_9096-scaled.jpeg\",\"contentUrl\":\"https:\\\/\\\/tapir.de\\\/wp-content\\\/uploads\\\/2021\\\/11\\\/IMG_9096-scaled.jpeg\",\"width\":1440,\"height\":1920},{\"@type\":\"BreadcrumbList\",\"@id\":\"https:\\\/\\\/tapir.de\\\/fr\\\/shop\\\/ensemble-dentretien-pour-meubles-en-bois-et-antiquites-avec-un-pinceau-brillant-de-haute-qualite\\\/#breadcrumb\",\"itemListElement\":[{\"@type\":\"ListItem\",\"position\":1,\"name\":\"Startseite\",\"item\":\"https:\\\/\\\/tapir.de\\\/fr\\\/\"},{\"@type\":\"ListItem\",\"position\":2,\"name\":\"Boutique\",\"item\":\"https:\\\/\\\/tapir.de\\\/fr\\\/boutique\\\/\"},{\"@type\":\"ListItem\",\"position\":3,\"name\":\"Ensemble d\u2019entretien pour meubles en bois et antiquit\u00e9s avec un pinceau brillant de haute qualit\u00e9\"}]},{\"@type\":\"WebSite\",\"@id\":\"https:\\\/\\\/tapir.de\\\/fr\\\/?lang=en\\\/#website\",\"url\":\"https:\\\/\\\/tapir.de\\\/fr\\\/?lang=en\\\/\",\"name\":\"Tapir Wachswaren\",\"description\":\"Nat\u00fcrliche Pflegeprodukte f\u00fcr Leder, Textil und Holz\",\"publisher\":{\"@id\":\"https:\\\/\\\/tapir.de\\\/fr\\\/?lang=en\\\/#organization\"},\"potentialAction\":[{\"@type\":\"SearchAction\",\"target\":{\"@type\":\"EntryPoint\",\"urlTemplate\":\"https:\\\/\\\/tapir.de\\\/fr\\\/?lang=en\\\/?s={search_term_string}\"},\"query-input\":{\"@type\":\"PropertyValueSpecification\",\"valueRequired\":true,\"valueName\":\"search_term_string\"}}],\"inLanguage\":\"fr-FR\"},{\"@type\":\"Organization\",\"@id\":\"https:\\\/\\\/tapir.de\\\/fr\\\/?lang=en\\\/#organization\",\"name\":\"Tapir Wachswaren\",\"url\":\"https:\\\/\\\/tapir.de\\\/fr\\\/?lang=en\\\/\",\"logo\":{\"@type\":\"ImageObject\",\"inLanguage\":\"fr-FR\",\"@id\":\"https:\\\/\\\/tapir.de\\\/fr\\\/?lang=en\\\/#\\\/schema\\\/logo\\\/image\\\/\",\"url\":\"https:\\\/\\\/tapir.de\\\/wp-content\\\/uploads\\\/2020\\\/11\\\/cropped-TAPIR_Wachswaren_logo.png\",\"contentUrl\":\"https:\\\/\\\/tapir.de\\\/wp-content\\\/uploads\\\/2020\\\/11\\\/cropped-TAPIR_Wachswaren_logo.png\",\"width\":512,\"height\":512,\"caption\":\"Tapir Wachswaren\"},\"image\":{\"@id\":\"https:\\\/\\\/tapir.de\\\/fr\\\/?lang=en\\\/#\\\/schema\\\/logo\\\/image\\\/\"},\"sameAs\":[\"https:\\\/\\\/www.facebook.com\\\/TapirWachswaren\\\/\",\"https:\\\/\\\/www.instagram.com\\\/tapir_pflegeprodukte\\\/?hl=de\"]}]}<\/script>\n<!-- \/ Yoast SEO plugin. -->","yoast_head_json":{"title":"Ensemble d\u2019entretien pour meubles en bois et antiquit\u00e9s avec un pinceau brillant de haute qualit\u00e9 - Tapir Wachswaren","description":"Ensemble d\u2019entretien pour meubles en bois et antiquit\u00e9s avec un pinceau brillant de haute qualit\u00e9","robots":{"index":"index","follow":"follow","max-snippet":"max-snippet:-1","max-image-preview":"max-image-preview:large","max-video-preview":"max-video-preview:-1"},"canonical":"https:\/\/tapir.de\/fr\/shop\/ensemble-dentretien-pour-meubles-en-bois-et-antiquites-avec-un-pinceau-brillant-de-haute-qualite\/","og_locale":"fr_FR","og_type":"article","og_title":"Ensemble d\u2019entretien pour meubles en bois et antiquit\u00e9s avec un pinceau brillant de haute qualit\u00e9 - Tapir Wachswaren","og_description":"Ensemble d\u2019entretien pour meubles en bois et antiquit\u00e9s avec un pinceau brillant de haute qualit\u00e9","og_url":"https:\/\/tapir.de\/fr\/shop\/ensemble-dentretien-pour-meubles-en-bois-et-antiquites-avec-un-pinceau-brillant-de-haute-qualite\/","og_site_name":"Tapir Wachswaren","article_publisher":"https:\/\/www.facebook.com\/TapirWachswaren\/","article_modified_time":"2026-01-26T12:06:29+00:00","og_image":[{"width":1440,"height":1920,"url":"https:\/\/tapir.de\/wp-content\/uploads\/2021\/11\/IMG_9096-scaled.jpeg","type":"image\/jpeg"}],"twitter_card":"summary_large_image","twitter_misc":{"Dur\u00e9e de lecture estim\u00e9e":"1 minute"},"schema":{"@context":"https:\/\/schema.org","@graph":[{"@type":"WebPage","@id":"https:\/\/tapir.de\/fr\/shop\/ensemble-dentretien-pour-meubles-en-bois-et-antiquites-avec-un-pinceau-brillant-de-haute-qualite\/","url":"https:\/\/tapir.de\/fr\/shop\/ensemble-dentretien-pour-meubles-en-bois-et-antiquites-avec-un-pinceau-brillant-de-haute-qualite\/","name":"Ensemble d\u2019entretien pour meubles en bois et antiquit\u00e9s avec un pinceau brillant de haute qualit\u00e9 - Tapir Wachswaren","isPartOf":{"@id":"https:\/\/tapir.de\/fr\/?lang=en\/#website"},"primaryImageOfPage":{"@id":"https:\/\/tapir.de\/fr\/shop\/ensemble-dentretien-pour-meubles-en-bois-et-antiquites-avec-un-pinceau-brillant-de-haute-qualite\/#primaryimage"},"image":{"@id":"https:\/\/tapir.de\/fr\/shop\/ensemble-dentretien-pour-meubles-en-bois-et-antiquites-avec-un-pinceau-brillant-de-haute-qualite\/#primaryimage"},"thumbnailUrl":"https:\/\/tapir.de\/wp-content\/uploads\/2021\/11\/IMG_9096-scaled.jpeg","datePublished":"2020-05-25T07:46:16+00:00","dateModified":"2026-01-26T12:06:29+00:00","description":"Ensemble d\u2019entretien pour meubles en bois et antiquit\u00e9s avec un pinceau brillant de haute qualit\u00e9","breadcrumb":{"@id":"https:\/\/tapir.de\/fr\/shop\/ensemble-dentretien-pour-meubles-en-bois-et-antiquites-avec-un-pinceau-brillant-de-haute-qualite\/#breadcrumb"},"inLanguage":"fr-FR","potentialAction":[{"@type":"ReadAction","target":["https:\/\/tapir.de\/fr\/shop\/ensemble-dentretien-pour-meubles-en-bois-et-antiquites-avec-un-pinceau-brillant-de-haute-qualite\/"]}]},{"@type":"ImageObject","inLanguage":"fr-FR","@id":"https:\/\/tapir.de\/fr\/shop\/ensemble-dentretien-pour-meubles-en-bois-et-antiquites-avec-un-pinceau-brillant-de-haute-qualite\/#primaryimage","url":"https:\/\/tapir.de\/wp-content\/uploads\/2021\/11\/IMG_9096-scaled.jpeg","contentUrl":"https:\/\/tapir.de\/wp-content\/uploads\/2021\/11\/IMG_9096-scaled.jpeg","width":1440,"height":1920},{"@type":"BreadcrumbList","@id":"https:\/\/tapir.de\/fr\/shop\/ensemble-dentretien-pour-meubles-en-bois-et-antiquites-avec-un-pinceau-brillant-de-haute-qualite\/#breadcrumb","itemListElement":[{"@type":"ListItem","position":1,"name":"Startseite","item":"https:\/\/tapir.de\/fr\/"},{"@type":"ListItem","position":2,"name":"Boutique","item":"https:\/\/tapir.de\/fr\/boutique\/"},{"@type":"ListItem","position":3,"name":"Ensemble d\u2019entretien pour meubles en bois et antiquit\u00e9s avec un pinceau brillant de haute qualit\u00e9"}]},{"@type":"WebSite","@id":"https:\/\/tapir.de\/fr\/?lang=en\/#website","url":"https:\/\/tapir.de\/fr\/?lang=en\/","name":"Tapir Wachswaren","description":"Nat\u00fcrliche Pflegeprodukte f\u00fcr Leder, Textil und Holz","publisher":{"@id":"https:\/\/tapir.de\/fr\/?lang=en\/#organization"},"potentialAction":[{"@type":"SearchAction","target":{"@type":"EntryPoint","urlTemplate":"https:\/\/tapir.de\/fr\/?lang=en\/?s={search_term_string}"},"query-input":{"@type":"PropertyValueSpecification","valueRequired":true,"valueName":"search_term_string"}}],"inLanguage":"fr-FR"},{"@type":"Organization","@id":"https:\/\/tapir.de\/fr\/?lang=en\/#organization","name":"Tapir Wachswaren","url":"https:\/\/tapir.de\/fr\/?lang=en\/","logo":{"@type":"ImageObject","inLanguage":"fr-FR","@id":"https:\/\/tapir.de\/fr\/?lang=en\/#\/schema\/logo\/image\/","url":"https:\/\/tapir.de\/wp-content\/uploads\/2020\/11\/cropped-TAPIR_Wachswaren_logo.png","contentUrl":"https:\/\/tapir.de\/wp-content\/uploads\/2020\/11\/cropped-TAPIR_Wachswaren_logo.png","width":512,"height":512,"caption":"Tapir Wachswaren"},"image":{"@id":"https:\/\/tapir.de\/fr\/?lang=en\/#\/schema\/logo\/image\/"},"sameAs":["https:\/\/www.facebook.com\/TapirWachswaren\/","https:\/\/www.instagram.com\/tapir_pflegeprodukte\/?hl=de"]}]}},"_links":{"self":[{"href":"https:\/\/tapir.de\/fr\/wp-json\/wp\/v2\/product\/21000","targetHints":{"allow":["GET"]}}],"collection":[{"href":"https:\/\/tapir.de\/fr\/wp-json\/wp\/v2\/product"}],"about":[{"href":"https:\/\/tapir.de\/fr\/wp-json\/wp\/v2\/types\/product"}],"wp:featuredmedia":[{"embeddable":true,"href":"https:\/\/tapir.de\/fr\/wp-json\/wp\/v2\/media\/21002"}],"wp:attachment":[{"href":"https:\/\/tapir.de\/fr\/wp-json\/wp\/v2\/media?parent=21000"}],"wp:term":[{"taxonomy":"product_brand","embeddable":true,"href":"https:\/\/tapir.de\/fr\/wp-json\/wp\/v2\/product_brand?post=21000"},{"taxonomy":"product_cat","embeddable":true,"href":"https:\/\/tapir.de\/fr\/wp-json\/wp\/v2\/product_cat?post=21000"},{"taxonomy":"product_tag","embeddable":true,"href":"https:\/\/tapir.de\/fr\/wp-json\/wp\/v2\/product_tag?post=21000"}],"curies":[{"name":"wp","href":"https:\/\/api.w.org\/{rel}","templated":true}]}}