{"id":20998,"date":"2020-05-25T09:52:32","date_gmt":"2020-05-25T07:52:32","guid":{"rendered":"https:\/\/tapir.de\/shop\/tissu-de-polissage-naturel\/"},"modified":"2026-01-30T12:22:33","modified_gmt":"2026-01-30T11:22:33","slug":"tissu-de-polissage-naturel","status":"publish","type":"product","link":"https:\/\/tapir.de\/fr\/shop\/tissu-de-polissage-naturel\/","title":{"rendered":"Tissu de polissage naturel"},"content":{"rendered":"<h2><span style=\"font-size: 85%;\"><strong><span style=\"color: #a90533;\">Tissu de polissage naturel  <\/span><\/strong><\/span><\/h2>\n<div class=\"flex-shrink-0 flex flex-col relative items-end\">\n<div>\n<div class=\"pt-0\">\n<div class=\"gizmo-bot-avatar flex h-8 w-8 items-center justify-center overflow-hidden rounded-full\"><span style=\"font-size: 110%;\">D\u00e9couvrez notre tissu de polissage 100 % coton \u2013 le tissu parfait pour les produits de soins durables de Tapir afin de prendre soin des surfaces en bois \u00e9clatants, des meubles de qualit\u00e9 et des antiquit\u00e9s pr\u00e9cieuses !<\/span><\/div>\n<\/div>\n<\/div>\n<\/div>\n<div class=\"group\/conversation-turn relative flex w-full min-w-0 flex-col agent-turn\">\n<div class=\"flex-col gap-1 md:gap-3\">\n<div class=\"flex max-w-full flex-col flex-grow\">\n<div class=\"min-h-[20px] text-message flex w-full flex-col items-end gap-2 whitespace-pre-wrap break-words [.text-message+&amp;]:mt-5 overflow-x-auto\" dir=\"auto\" data-message-author-role=\"assistant\" data-message-id=\"20ff55cf-ceeb-404f-a67a-cc19dcb3671a\">\n<div class=\"flex w-full flex-col gap-1 empty:hidden first:pt-[3px]\">\n<div class=\"markdown prose w-full break-words dark:prose-invert light\">\n<p><span style=\"font-size: 110%;\">Gr\u00e2ce \u00e0 son tissu de haute qualit\u00e9 sans peluches, notre tissu \u00e0 polir assure une application parfaite du polish pour meubles K\u00f6ndringer de Tapir sans laisser de r\u00e9sidus. Le coton naturel est non seulement doux sur les surfaces d\u00e9licates, mais aussi particuli\u00e8rement absorbant pour absorber la quantit\u00e9 optimale de vernis et la r\u00e9partir uniform\u00e9ment. <\/span><\/p>\n<p><span style=\"font-size: 110%;\">Prot\u00e9gez et entretenez vos meubles en bois et vos antiquit\u00e9s avec un tissu de coton naturel en coton pur. Donnez \u00e0 vos tr\u00e9sors une lueur profonde et durable et faites briller leur beaut\u00e9 naturelle. <\/span><\/p>\n<\/div>\n<\/div>\n<\/div>\n<\/div>\n<\/div>\n<\/div>\n<p><span style=\"font-size: 140%;\"><strong><span style=\"color: #a90533;\">Caract\u00e9ristiques du produit :<\/span><\/strong><\/span><\/p>\n<ul>\n<li><span style=\"font-size: 110%;\">\u00c0 la commande du polissage de meubles K\u00f6ndringer de Tapir<\/span><\/li>\n<li><span style=\"font-size: 110%;\">Fabriqu\u00e9 \u00e0 100 % coton<\/span><\/li>\n<li><span style=\"font-size: 110%;\">Qualit\u00e9 naturelle<\/span><\/li>\n<li><span style=\"font-size: 110%;\">34 x 40 centim\u00e8tres<\/span><\/li>\n<li><span style=\"font-size: 110%;\">Fabriqu\u00e9 en Allemagne<\/span><\/li>\n<\/ul>\n","protected":false},"excerpt":{"rendered":"<p>\u00c0 l\u2019ordre du polissage de meubles K\u00f6ndringer<\/p>\n","protected":false},"featured_media":20999,"template":"","meta":[],"product_brand":[],"product_cat":[956],"product_tag":[892],"class_list":{"0":"post-20998","1":"product","2":"type-product","3":"status-publish","4":"has-post-thumbnail","6":"product_cat-produits-dentretien-du-bois","7":"product_tag-accessoires","8":"pa_geeignet-fuer-antiquites","9":"pa_geeignet-fuer-baskets","10":"pa_geeignet-fuer-bottes-dequitation","11":"pa_geeignet-fuer-budapest","12":"pa_geeignet-fuer-bureau","13":"pa_geeignet-fuer-canape","14":"pa_geeignet-fuer-chaussures","15":"pa_geeignet-fuer-chaussures-de-bateau","16":"pa_geeignet-fuer-chaussures-de-randonnee","17":"pa_geeignet-fuer-chaussures-de-travail","18":"pa_geeignet-fuer-chaussures-en-daim","19":"pa_geeignet-fuer-chaussures-nubuck","20":"pa_geeignet-fuer-chaussures-orthopediques","21":"pa_geeignet-fuer-chaussures-pour-femmes","22":"pa_geeignet-fuer-chaussures-pour-hommes","23":"pa_geeignet-fuer-chaussures-professionnelles","24":"pa_geeignet-fuer-chaussures-sur-mesure","25":"pa_geeignet-fuer-couvertures-de-livres-en-cuir","26":"pa_geeignet-fuer-etui-en-cuir","27":"pa_geeignet-fuer-fauteuil","28":"pa_geeignet-fuer-lederhosen","29":"pa_geeignet-fuer-liege","30":"pa_geeignet-fuer-linoleum","31":"pa_geeignet-fuer-marbre","32":"pa_geeignet-fuer-mobilier","33":"pa_geeignet-fuer-mobilier-en-bois","34":"pa_geeignet-fuer-mobilier-en-cuir","35":"pa_geeignet-fuer-plancher-en-bois","36":"pa_geeignet-fuer-plastiques-lisses","37":"pa_geeignet-fuer-plateau","38":"pa_geeignet-fuer-president","39":"pa_geeignet-fuer-sac-en-cuir","40":"pa_geeignet-fuer-sac-en-cuir-fin","41":"pa_geeignet-fuer-veste-en-cuir","42":"pa_geeignet-fuer-vetements-fonctionnels","44":"first","45":"instock","46":"taxable","47":"shipping-taxable","48":"purchasable","49":"product-type-simple"},"yoast_head":"<!-- This site is optimized with the Yoast SEO plugin v27.4 - https:\/\/yoast.com\/product\/yoast-seo-wordpress\/ -->\n<title>Tissu de polissage naturel - Tapir Wachswaren<\/title>\n<meta name=\"description\" content=\"Tissu de polissage naturel pour l\u2019application de cirage naturel pour meubles de Tapir - adapt\u00e9 aux surfaces en bois, meubles en bois et antiquit\u00e9s. Fabriqu\u00e9 \u00e0 partir de mati\u00e8res premi\u00e8res naturelles\" \/>\n<meta name=\"robots\" content=\"index, follow, max-snippet:-1, max-image-preview:large, max-video-preview:-1\" \/>\n<link rel=\"canonical\" href=\"https:\/\/tapir.de\/fr\/shop\/tissu-de-polissage-naturel\/\" \/>\n<meta property=\"og:locale\" content=\"fr_FR\" \/>\n<meta property=\"og:type\" content=\"article\" \/>\n<meta property=\"og:title\" content=\"Tissu de polissage naturel - Tapir Wachswaren\" \/>\n<meta property=\"og:description\" content=\"Tissu de polissage naturel pour l\u2019application de cirage naturel pour meubles de Tapir - adapt\u00e9 aux surfaces en bois, meubles en bois et antiquit\u00e9s. Fabriqu\u00e9 \u00e0 partir de mati\u00e8res premi\u00e8res naturelles\" \/>\n<meta property=\"og:url\" content=\"https:\/\/tapir.de\/fr\/shop\/tissu-de-polissage-naturel\/\" \/>\n<meta property=\"og:site_name\" content=\"Tapir Wachswaren\" \/>\n<meta property=\"article:publisher\" content=\"https:\/\/www.facebook.com\/TapirWachswaren\/\" \/>\n<meta property=\"article:modified_time\" content=\"2026-01-30T11:22:33+00:00\" \/>\n<meta property=\"og:image\" content=\"https:\/\/tapir.de\/wp-content\/uploads\/2020\/05\/DSC_1704-Baumwolltuch-scaled.jpg\" \/>\n\t<meta property=\"og:image:width\" content=\"2560\" \/>\n\t<meta property=\"og:image:height\" content=\"1708\" \/>\n\t<meta property=\"og:image:type\" content=\"image\/jpeg\" \/>\n<meta name=\"twitter:card\" content=\"summary_large_image\" \/>\n<meta name=\"twitter:label1\" content=\"Dur\u00e9e de lecture estim\u00e9e\" \/>\n\t<meta name=\"twitter:data1\" content=\"1 minute\" \/>\n<script type=\"application\/ld+json\" class=\"yoast-schema-graph\">{\"@context\":\"https:\\\/\\\/schema.org\",\"@graph\":[{\"@type\":\"WebPage\",\"@id\":\"https:\\\/\\\/tapir.de\\\/fr\\\/shop\\\/tissu-de-polissage-naturel\\\/\",\"url\":\"https:\\\/\\\/tapir.de\\\/fr\\\/shop\\\/tissu-de-polissage-naturel\\\/\",\"name\":\"Tissu de polissage naturel - Tapir Wachswaren\",\"isPartOf\":{\"@id\":\"https:\\\/\\\/tapir.de\\\/fr\\\/?lang=en\\\/#website\"},\"primaryImageOfPage\":{\"@id\":\"https:\\\/\\\/tapir.de\\\/fr\\\/shop\\\/tissu-de-polissage-naturel\\\/#primaryimage\"},\"image\":{\"@id\":\"https:\\\/\\\/tapir.de\\\/fr\\\/shop\\\/tissu-de-polissage-naturel\\\/#primaryimage\"},\"thumbnailUrl\":\"https:\\\/\\\/tapir.de\\\/wp-content\\\/uploads\\\/2020\\\/05\\\/DSC_1704-Baumwolltuch-scaled.jpg\",\"datePublished\":\"2020-05-25T07:52:32+00:00\",\"dateModified\":\"2026-01-30T11:22:33+00:00\",\"description\":\"Tissu de polissage naturel pour l\u2019application de cirage naturel pour meubles de Tapir - adapt\u00e9 aux surfaces en bois, meubles en bois et antiquit\u00e9s. Fabriqu\u00e9 \u00e0 partir de mati\u00e8res premi\u00e8res naturelles\",\"breadcrumb\":{\"@id\":\"https:\\\/\\\/tapir.de\\\/fr\\\/shop\\\/tissu-de-polissage-naturel\\\/#breadcrumb\"},\"inLanguage\":\"fr-FR\",\"potentialAction\":[{\"@type\":\"ReadAction\",\"target\":[\"https:\\\/\\\/tapir.de\\\/fr\\\/shop\\\/tissu-de-polissage-naturel\\\/\"]}]},{\"@type\":\"ImageObject\",\"inLanguage\":\"fr-FR\",\"@id\":\"https:\\\/\\\/tapir.de\\\/fr\\\/shop\\\/tissu-de-polissage-naturel\\\/#primaryimage\",\"url\":\"https:\\\/\\\/tapir.de\\\/wp-content\\\/uploads\\\/2020\\\/05\\\/DSC_1704-Baumwolltuch-scaled.jpg\",\"contentUrl\":\"https:\\\/\\\/tapir.de\\\/wp-content\\\/uploads\\\/2020\\\/05\\\/DSC_1704-Baumwolltuch-scaled.jpg\",\"width\":2560,\"height\":1708},{\"@type\":\"BreadcrumbList\",\"@id\":\"https:\\\/\\\/tapir.de\\\/fr\\\/shop\\\/tissu-de-polissage-naturel\\\/#breadcrumb\",\"itemListElement\":[{\"@type\":\"ListItem\",\"position\":1,\"name\":\"Startseite\",\"item\":\"https:\\\/\\\/tapir.de\\\/fr\\\/\"},{\"@type\":\"ListItem\",\"position\":2,\"name\":\"Boutique\",\"item\":\"https:\\\/\\\/tapir.de\\\/fr\\\/boutique\\\/\"},{\"@type\":\"ListItem\",\"position\":3,\"name\":\"Tissu de polissage naturel\"}]},{\"@type\":\"WebSite\",\"@id\":\"https:\\\/\\\/tapir.de\\\/fr\\\/?lang=en\\\/#website\",\"url\":\"https:\\\/\\\/tapir.de\\\/fr\\\/?lang=en\\\/\",\"name\":\"Tapir Wachswaren\",\"description\":\"Nat\u00fcrliche Pflegeprodukte f\u00fcr Leder, Textil und Holz\",\"publisher\":{\"@id\":\"https:\\\/\\\/tapir.de\\\/fr\\\/?lang=en\\\/#organization\"},\"potentialAction\":[{\"@type\":\"SearchAction\",\"target\":{\"@type\":\"EntryPoint\",\"urlTemplate\":\"https:\\\/\\\/tapir.de\\\/fr\\\/?lang=en\\\/?s={search_term_string}\"},\"query-input\":{\"@type\":\"PropertyValueSpecification\",\"valueRequired\":true,\"valueName\":\"search_term_string\"}}],\"inLanguage\":\"fr-FR\"},{\"@type\":\"Organization\",\"@id\":\"https:\\\/\\\/tapir.de\\\/fr\\\/?lang=en\\\/#organization\",\"name\":\"Tapir Wachswaren\",\"url\":\"https:\\\/\\\/tapir.de\\\/fr\\\/?lang=en\\\/\",\"logo\":{\"@type\":\"ImageObject\",\"inLanguage\":\"fr-FR\",\"@id\":\"https:\\\/\\\/tapir.de\\\/fr\\\/?lang=en\\\/#\\\/schema\\\/logo\\\/image\\\/\",\"url\":\"https:\\\/\\\/tapir.de\\\/wp-content\\\/uploads\\\/2020\\\/11\\\/cropped-TAPIR_Wachswaren_logo.png\",\"contentUrl\":\"https:\\\/\\\/tapir.de\\\/wp-content\\\/uploads\\\/2020\\\/11\\\/cropped-TAPIR_Wachswaren_logo.png\",\"width\":512,\"height\":512,\"caption\":\"Tapir Wachswaren\"},\"image\":{\"@id\":\"https:\\\/\\\/tapir.de\\\/fr\\\/?lang=en\\\/#\\\/schema\\\/logo\\\/image\\\/\"},\"sameAs\":[\"https:\\\/\\\/www.facebook.com\\\/TapirWachswaren\\\/\",\"https:\\\/\\\/www.instagram.com\\\/tapir_pflegeprodukte\\\/?hl=de\"]}]}<\/script>\n<!-- \/ Yoast SEO plugin. -->","yoast_head_json":{"title":"Tissu de polissage naturel - Tapir Wachswaren","description":"Tissu de polissage naturel pour l\u2019application de cirage naturel pour meubles de Tapir - adapt\u00e9 aux surfaces en bois, meubles en bois et antiquit\u00e9s. Fabriqu\u00e9 \u00e0 partir de mati\u00e8res premi\u00e8res naturelles","robots":{"index":"index","follow":"follow","max-snippet":"max-snippet:-1","max-image-preview":"max-image-preview:large","max-video-preview":"max-video-preview:-1"},"canonical":"https:\/\/tapir.de\/fr\/shop\/tissu-de-polissage-naturel\/","og_locale":"fr_FR","og_type":"article","og_title":"Tissu de polissage naturel - Tapir Wachswaren","og_description":"Tissu de polissage naturel pour l\u2019application de cirage naturel pour meubles de Tapir - adapt\u00e9 aux surfaces en bois, meubles en bois et antiquit\u00e9s. Fabriqu\u00e9 \u00e0 partir de mati\u00e8res premi\u00e8res naturelles","og_url":"https:\/\/tapir.de\/fr\/shop\/tissu-de-polissage-naturel\/","og_site_name":"Tapir Wachswaren","article_publisher":"https:\/\/www.facebook.com\/TapirWachswaren\/","article_modified_time":"2026-01-30T11:22:33+00:00","og_image":[{"width":2560,"height":1708,"url":"https:\/\/tapir.de\/wp-content\/uploads\/2020\/05\/DSC_1704-Baumwolltuch-scaled.jpg","type":"image\/jpeg"}],"twitter_card":"summary_large_image","twitter_misc":{"Dur\u00e9e de lecture estim\u00e9e":"1 minute"},"schema":{"@context":"https:\/\/schema.org","@graph":[{"@type":"WebPage","@id":"https:\/\/tapir.de\/fr\/shop\/tissu-de-polissage-naturel\/","url":"https:\/\/tapir.de\/fr\/shop\/tissu-de-polissage-naturel\/","name":"Tissu de polissage naturel - Tapir Wachswaren","isPartOf":{"@id":"https:\/\/tapir.de\/fr\/?lang=en\/#website"},"primaryImageOfPage":{"@id":"https:\/\/tapir.de\/fr\/shop\/tissu-de-polissage-naturel\/#primaryimage"},"image":{"@id":"https:\/\/tapir.de\/fr\/shop\/tissu-de-polissage-naturel\/#primaryimage"},"thumbnailUrl":"https:\/\/tapir.de\/wp-content\/uploads\/2020\/05\/DSC_1704-Baumwolltuch-scaled.jpg","datePublished":"2020-05-25T07:52:32+00:00","dateModified":"2026-01-30T11:22:33+00:00","description":"Tissu de polissage naturel pour l\u2019application de cirage naturel pour meubles de Tapir - adapt\u00e9 aux surfaces en bois, meubles en bois et antiquit\u00e9s. Fabriqu\u00e9 \u00e0 partir de mati\u00e8res premi\u00e8res naturelles","breadcrumb":{"@id":"https:\/\/tapir.de\/fr\/shop\/tissu-de-polissage-naturel\/#breadcrumb"},"inLanguage":"fr-FR","potentialAction":[{"@type":"ReadAction","target":["https:\/\/tapir.de\/fr\/shop\/tissu-de-polissage-naturel\/"]}]},{"@type":"ImageObject","inLanguage":"fr-FR","@id":"https:\/\/tapir.de\/fr\/shop\/tissu-de-polissage-naturel\/#primaryimage","url":"https:\/\/tapir.de\/wp-content\/uploads\/2020\/05\/DSC_1704-Baumwolltuch-scaled.jpg","contentUrl":"https:\/\/tapir.de\/wp-content\/uploads\/2020\/05\/DSC_1704-Baumwolltuch-scaled.jpg","width":2560,"height":1708},{"@type":"BreadcrumbList","@id":"https:\/\/tapir.de\/fr\/shop\/tissu-de-polissage-naturel\/#breadcrumb","itemListElement":[{"@type":"ListItem","position":1,"name":"Startseite","item":"https:\/\/tapir.de\/fr\/"},{"@type":"ListItem","position":2,"name":"Boutique","item":"https:\/\/tapir.de\/fr\/boutique\/"},{"@type":"ListItem","position":3,"name":"Tissu de polissage naturel"}]},{"@type":"WebSite","@id":"https:\/\/tapir.de\/fr\/?lang=en\/#website","url":"https:\/\/tapir.de\/fr\/?lang=en\/","name":"Tapir Wachswaren","description":"Nat\u00fcrliche Pflegeprodukte f\u00fcr Leder, Textil und Holz","publisher":{"@id":"https:\/\/tapir.de\/fr\/?lang=en\/#organization"},"potentialAction":[{"@type":"SearchAction","target":{"@type":"EntryPoint","urlTemplate":"https:\/\/tapir.de\/fr\/?lang=en\/?s={search_term_string}"},"query-input":{"@type":"PropertyValueSpecification","valueRequired":true,"valueName":"search_term_string"}}],"inLanguage":"fr-FR"},{"@type":"Organization","@id":"https:\/\/tapir.de\/fr\/?lang=en\/#organization","name":"Tapir Wachswaren","url":"https:\/\/tapir.de\/fr\/?lang=en\/","logo":{"@type":"ImageObject","inLanguage":"fr-FR","@id":"https:\/\/tapir.de\/fr\/?lang=en\/#\/schema\/logo\/image\/","url":"https:\/\/tapir.de\/wp-content\/uploads\/2020\/11\/cropped-TAPIR_Wachswaren_logo.png","contentUrl":"https:\/\/tapir.de\/wp-content\/uploads\/2020\/11\/cropped-TAPIR_Wachswaren_logo.png","width":512,"height":512,"caption":"Tapir Wachswaren"},"image":{"@id":"https:\/\/tapir.de\/fr\/?lang=en\/#\/schema\/logo\/image\/"},"sameAs":["https:\/\/www.facebook.com\/TapirWachswaren\/","https:\/\/www.instagram.com\/tapir_pflegeprodukte\/?hl=de"]}]}},"_links":{"self":[{"href":"https:\/\/tapir.de\/fr\/wp-json\/wp\/v2\/product\/20998","targetHints":{"allow":["GET"]}}],"collection":[{"href":"https:\/\/tapir.de\/fr\/wp-json\/wp\/v2\/product"}],"about":[{"href":"https:\/\/tapir.de\/fr\/wp-json\/wp\/v2\/types\/product"}],"wp:featuredmedia":[{"embeddable":true,"href":"https:\/\/tapir.de\/fr\/wp-json\/wp\/v2\/media\/20999"}],"wp:attachment":[{"href":"https:\/\/tapir.de\/fr\/wp-json\/wp\/v2\/media?parent=20998"}],"wp:term":[{"taxonomy":"product_brand","embeddable":true,"href":"https:\/\/tapir.de\/fr\/wp-json\/wp\/v2\/product_brand?post=20998"},{"taxonomy":"product_cat","embeddable":true,"href":"https:\/\/tapir.de\/fr\/wp-json\/wp\/v2\/product_cat?post=20998"},{"taxonomy":"product_tag","embeddable":true,"href":"https:\/\/tapir.de\/fr\/wp-json\/wp\/v2\/product_tag?post=20998"}],"curies":[{"name":"wp","href":"https:\/\/api.w.org\/{rel}","templated":true}]}}