{"id":20985,"date":"2020-05-28T10:49:24","date_gmt":"2020-05-28T08:49:24","guid":{"rendered":"https:\/\/tapir.de\/shop\/brosse-dapplication-de-haute-qualite-en-crin-de-cheval-fin\/"},"modified":"2026-01-26T13:06:22","modified_gmt":"2026-01-26T12:06:22","slug":"brosse-dapplication-de-haute-qualite-en-crin-de-cheval-fin","status":"publish","type":"product","link":"https:\/\/tapir.de\/fr\/shop\/brosse-dapplication-de-haute-qualite-en-crin-de-cheval-fin\/","title":{"rendered":"Brosse d\u2019application de haute qualit\u00e9 en crin de cheval fin"},"content":{"rendered":"<p><span style=\"color: #a90533;\"><strong><span style=\"font-size: 120%;\">Brosse d\u2019application de haute qualit\u00e9 en crin de cheval fin<\/span><\/strong><\/span><\/p>\n<p>Le pinceau d\u2019application avec un crin de cheval clair avec un manche en bois de h\u00eatre est l\u2019outil indispensable pour tous les passionn\u00e9s de chaussures. Fabriqu\u00e9 \u00e0 la main \u00e0 partir de crin de cheval de haute qualit\u00e9, un mat\u00e9riau reconnu pour sa capacit\u00e9 \u00e0 \u00e9liminer doucement mais efficacement la salet\u00e9 et la poussi\u00e8re, cette brosse offre un r\u00e9sultat de soins de la chaussure de qualit\u00e9. <\/p>\n<p>La poign\u00e9e ergonomique, con\u00e7ue en bois robuste, permet une manipulation confortable. Cela garantit un contr\u00f4le pr\u00e9cis lors de l\u2019application de nos soins durables et de la distribution de l\u2019impr\u00e9gnation. Gr\u00e2ce \u00e0 sa longueur id\u00e9ale, elle offre une port\u00e9e optimale pour atteindre facilement les zones difficiles d\u2019acc\u00e8s, les coutures et les \u0153illets des chaussures.  <\/p>\n<p>Le crin de cheval du pinceau est particuli\u00e8rement doux sur les surfaces sensibles, tout en \u00e9liminant efficacement la salet\u00e9 et la poussi\u00e8re. Gr\u00e2ce \u00e0 sa structure fine, il p\u00e9n\u00e8tre profond\u00e9ment dans les pores du cuir et assure un nettoyage complet sans endommager le mat\u00e9riau. Cela maintient le cuir souple et conserve son \u00e9clat naturel pendant des ann\u00e9es.  <\/p>\n<p>Les poils denses du pinceau d\u2019application permettent de r\u00e9partir uniform\u00e9ment les produits d\u2019entretien Tapir sur toute la surface de la chaussure, ce qui donne un r\u00e9sultat uniforme et professionnel. Des mouvements circulaires doux peuvent \u00e9liminer sans effort m\u00eame la salet\u00e9 tenace, tout en polissant la surface et en offrant un \u00e9clat \u00e9clatant. <\/p>\n<p>Que ce soit pour un usage quotidien ou pour des occasions sp\u00e9ciales, la brosse d\u2019application avec crin de cheval et poign\u00e9e est l\u2019outil id\u00e9al pour l\u2019entretien des chaussures et un accessoire essentiel pour ceux qui souhaitent garder leurs fers en parfait \u00e9tat. Gr\u00e2ce \u00e0 sa qualit\u00e9 de fabrication et ses performances exceptionnelles, c\u2019est le choix id\u00e9al pour les passionn\u00e9s de chaussures du monde entier. <\/p>\n<p><span style=\"color: #a90533;\"><strong><span style=\"font-size: 120%;\">Application :<\/span><\/strong><\/span><\/p>\n<p>Le pinceau d\u2019application est facile et efficace \u00e0 utiliser, et il aide \u00e0 garder vos chaussures soign\u00e9es et attrayantes. Voici quelques \u00e9tapes pour tirer le meilleur parti de votre pinceau : <\/p>\n<ol>\n<li><strong>Pr\u00e9paration :<\/strong> Assurez-vous que les chaussures sont exemptes de salet\u00e9 grossi\u00e8re avant de commencer \u00e0 utiliser la brosse d\u2019application. Si n\u00e9cessaire, vous pouvez utiliser la brosse \u00e0 tapires pour la terre grossi\u00e8re en premier. Ensuite, utilisez le pinceau d\u2019application pour enlever les particules l\u00e2ches.  <\/li>\n<li><strong>Produits de soins naturels :<\/strong> Choisissez le produit d\u2019entretien adapt\u00e9 \u00e0 vos chaussures et appliquez-en une petite quantit\u00e9 sur la brosse. Si vous utilisez l\u2019impr\u00e9gnation, vaporisez le cuir uniform\u00e9ment et \u00e9talez l\u2019impr\u00e9gnation avec le pinceau en cercles jusqu\u2019\u00e0 ce qu\u2019elle soit absorb\u00e9e. <\/li>\n<li><strong>Postulez :<\/strong> Avec des mouvements doux et circulaires, appliquez les soins de mani\u00e8re homog\u00e8ne sur la surface de vos chaussures. Il est pr\u00e9f\u00e9rable de commencer par un seul endroit puis d\u2019avancer m\u00e9thodiquement pour s\u2019assurer que toutes les zones soient trait\u00e9es de mani\u00e8re \u00e9gale. <\/li>\n<li><strong>Laissez-la s\u2019impr\u00e9gner :<\/strong> Laissez Tapir Care faire effet. Cela permet des soins plus profonds et un r\u00e9sultat durable. <\/li>\n<li><strong>Polissage :<\/strong> Apr\u00e8s avoir pris soin de la bouche, prenez la brosse Tapir G\u00f6anz et cirez les chaussures avec des mouvements rapides et fluides. Le crin de cheval de la brosse assure un \u00e9clat \u00e9clatant et une r\u00e9partition uniforme des produits de soins. <\/li>\n<\/ol>\n<p>Avec une utilisation r\u00e9guli\u00e8re de la brosse d\u2019application, vos chaussures resteront non seulement propres et bien entretenues, mais conserveront aussi leur \u00e9clat naturel et leur long\u00e9vit\u00e9 pendant de nombreuses ann\u00e9es.<\/p>\n<p><span style=\"color: #a90533;\"><strong><span style=\"font-size: 120%;\">Caract\u00e9ristiques du produit :<\/span><\/strong><\/span><\/p>\n<ul>\n<li>Bois de h\u00eatre huil\u00e9<\/li>\n<li>\u00c9quip\u00e9 de crin de cheval l\u00e9ger<\/li>\n<li>16 cm de longueur<\/li>\n<li>Fabriqu\u00e9 en Allemagne<\/li>\n<\/ul>\n","protected":false},"excerpt":{"rendered":"<p>Les soins du cuir de tapir sont appliqu\u00e9s uniform\u00e9ment sur le cuir avec le pinceau d\u2019application et mass\u00e9s dans les coutures et la tige de la chaussure.<\/p>\n","protected":false},"featured_media":20991,"template":"","meta":[],"product_brand":[],"product_cat":[873],"product_tag":[892],"class_list":{"0":"post-20985","1":"product","2":"type-product","3":"status-publish","4":"has-post-thumbnail","6":"product_cat-brosses","7":"product_tag-accessoires","8":"pa_geeignet-fuer-bottes-dequitation","9":"pa_geeignet-fuer-budapest","10":"pa_geeignet-fuer-chaussures","11":"pa_geeignet-fuer-chaussures-de-bateau","12":"pa_geeignet-fuer-chaussures-de-randonnee","13":"pa_geeignet-fuer-chaussures-de-travail","14":"pa_geeignet-fuer-chaussures-orthopediques","15":"pa_geeignet-fuer-chaussures-pour-femmes","16":"pa_geeignet-fuer-chaussures-pour-hommes","17":"pa_geeignet-fuer-chaussures-professionnelles","18":"pa_geeignet-fuer-chaussures-sur-mesure","20":"first","21":"instock","22":"taxable","23":"shipping-taxable","24":"purchasable","25":"product-type-simple"},"yoast_head":"<!-- This site is optimized with the Yoast SEO plugin v27.4 - https:\/\/yoast.com\/product\/yoast-seo-wordpress\/ -->\n<title>Brosse d\u2019application de haute qualit\u00e9 en crin de cheval fin - Tapir Wachswaren<\/title>\n<meta name=\"description\" content=\"Un pinceau d\u2019application de haute qualit\u00e9 en crin de cheval fin est utilis\u00e9 pour appliquer du cirage \u00e0 chaussures l\u00e9ger ou l\u2019impr\u00e9gnation. Cirage durable avec Tapir !\" \/>\n<meta name=\"robots\" content=\"index, follow, max-snippet:-1, max-image-preview:large, max-video-preview:-1\" \/>\n<link rel=\"canonical\" href=\"https:\/\/tapir.de\/fr\/shop\/brosse-dapplication-de-haute-qualite-en-crin-de-cheval-fin\/\" \/>\n<meta property=\"og:locale\" content=\"fr_FR\" \/>\n<meta property=\"og:type\" content=\"article\" \/>\n<meta property=\"og:title\" content=\"Brosse d\u2019application de haute qualit\u00e9 en crin de cheval fin - Tapir Wachswaren\" \/>\n<meta property=\"og:description\" content=\"Un pinceau d\u2019application de haute qualit\u00e9 en crin de cheval fin est utilis\u00e9 pour appliquer du cirage \u00e0 chaussures l\u00e9ger ou l\u2019impr\u00e9gnation. Cirage durable avec Tapir !\" \/>\n<meta property=\"og:url\" content=\"https:\/\/tapir.de\/fr\/shop\/brosse-dapplication-de-haute-qualite-en-crin-de-cheval-fin\/\" \/>\n<meta property=\"og:site_name\" content=\"Tapir Wachswaren\" \/>\n<meta property=\"article:publisher\" content=\"https:\/\/www.facebook.com\/TapirWachswaren\/\" \/>\n<meta property=\"article:modified_time\" content=\"2026-01-26T12:06:22+00:00\" \/>\n<meta property=\"og:image\" content=\"https:\/\/tapir.de\/wp-content\/uploads\/2025\/01\/00901_Hochwertige_Auftragsbuerste_aus_feinem_Rosshaar-4.jpg\" \/>\n\t<meta property=\"og:image:width\" content=\"1500\" \/>\n\t<meta property=\"og:image:height\" content=\"1500\" \/>\n\t<meta property=\"og:image:type\" content=\"image\/jpeg\" \/>\n<meta name=\"twitter:card\" content=\"summary_large_image\" \/>\n<meta name=\"twitter:label1\" content=\"Dur\u00e9e de lecture estim\u00e9e\" \/>\n\t<meta name=\"twitter:data1\" content=\"3 minutes\" \/>\n<script type=\"application\/ld+json\" class=\"yoast-schema-graph\">{\"@context\":\"https:\\\/\\\/schema.org\",\"@graph\":[{\"@type\":\"WebPage\",\"@id\":\"https:\\\/\\\/tapir.de\\\/fr\\\/shop\\\/brosse-dapplication-de-haute-qualite-en-crin-de-cheval-fin\\\/\",\"url\":\"https:\\\/\\\/tapir.de\\\/fr\\\/shop\\\/brosse-dapplication-de-haute-qualite-en-crin-de-cheval-fin\\\/\",\"name\":\"Brosse d\u2019application de haute qualit\u00e9 en crin de cheval fin - Tapir Wachswaren\",\"isPartOf\":{\"@id\":\"https:\\\/\\\/tapir.de\\\/fr\\\/?lang=en\\\/#website\"},\"primaryImageOfPage\":{\"@id\":\"https:\\\/\\\/tapir.de\\\/fr\\\/shop\\\/brosse-dapplication-de-haute-qualite-en-crin-de-cheval-fin\\\/#primaryimage\"},\"image\":{\"@id\":\"https:\\\/\\\/tapir.de\\\/fr\\\/shop\\\/brosse-dapplication-de-haute-qualite-en-crin-de-cheval-fin\\\/#primaryimage\"},\"thumbnailUrl\":\"https:\\\/\\\/tapir.de\\\/wp-content\\\/uploads\\\/2025\\\/01\\\/00901_Hochwertige_Auftragsbuerste_aus_feinem_Rosshaar-4.jpg\",\"datePublished\":\"2020-05-28T08:49:24+00:00\",\"dateModified\":\"2026-01-26T12:06:22+00:00\",\"description\":\"Un pinceau d\u2019application de haute qualit\u00e9 en crin de cheval fin est utilis\u00e9 pour appliquer du cirage \u00e0 chaussures l\u00e9ger ou l\u2019impr\u00e9gnation. Cirage durable avec Tapir !\",\"breadcrumb\":{\"@id\":\"https:\\\/\\\/tapir.de\\\/fr\\\/shop\\\/brosse-dapplication-de-haute-qualite-en-crin-de-cheval-fin\\\/#breadcrumb\"},\"inLanguage\":\"fr-FR\",\"potentialAction\":[{\"@type\":\"ReadAction\",\"target\":[\"https:\\\/\\\/tapir.de\\\/fr\\\/shop\\\/brosse-dapplication-de-haute-qualite-en-crin-de-cheval-fin\\\/\"]}]},{\"@type\":\"ImageObject\",\"inLanguage\":\"fr-FR\",\"@id\":\"https:\\\/\\\/tapir.de\\\/fr\\\/shop\\\/brosse-dapplication-de-haute-qualite-en-crin-de-cheval-fin\\\/#primaryimage\",\"url\":\"https:\\\/\\\/tapir.de\\\/wp-content\\\/uploads\\\/2025\\\/01\\\/00901_Hochwertige_Auftragsbuerste_aus_feinem_Rosshaar-4.jpg\",\"contentUrl\":\"https:\\\/\\\/tapir.de\\\/wp-content\\\/uploads\\\/2025\\\/01\\\/00901_Hochwertige_Auftragsbuerste_aus_feinem_Rosshaar-4.jpg\",\"width\":1500,\"height\":1500},{\"@type\":\"BreadcrumbList\",\"@id\":\"https:\\\/\\\/tapir.de\\\/fr\\\/shop\\\/brosse-dapplication-de-haute-qualite-en-crin-de-cheval-fin\\\/#breadcrumb\",\"itemListElement\":[{\"@type\":\"ListItem\",\"position\":1,\"name\":\"Startseite\",\"item\":\"https:\\\/\\\/tapir.de\\\/fr\\\/\"},{\"@type\":\"ListItem\",\"position\":2,\"name\":\"Boutique\",\"item\":\"https:\\\/\\\/tapir.de\\\/fr\\\/boutique\\\/\"},{\"@type\":\"ListItem\",\"position\":3,\"name\":\"Brosse d\u2019application de haute qualit\u00e9 en crin de cheval fin\"}]},{\"@type\":\"WebSite\",\"@id\":\"https:\\\/\\\/tapir.de\\\/fr\\\/?lang=en\\\/#website\",\"url\":\"https:\\\/\\\/tapir.de\\\/fr\\\/?lang=en\\\/\",\"name\":\"Tapir Wachswaren\",\"description\":\"Nat\u00fcrliche Pflegeprodukte f\u00fcr Leder, Textil und Holz\",\"publisher\":{\"@id\":\"https:\\\/\\\/tapir.de\\\/fr\\\/?lang=en\\\/#organization\"},\"potentialAction\":[{\"@type\":\"SearchAction\",\"target\":{\"@type\":\"EntryPoint\",\"urlTemplate\":\"https:\\\/\\\/tapir.de\\\/fr\\\/?lang=en\\\/?s={search_term_string}\"},\"query-input\":{\"@type\":\"PropertyValueSpecification\",\"valueRequired\":true,\"valueName\":\"search_term_string\"}}],\"inLanguage\":\"fr-FR\"},{\"@type\":\"Organization\",\"@id\":\"https:\\\/\\\/tapir.de\\\/fr\\\/?lang=en\\\/#organization\",\"name\":\"Tapir Wachswaren\",\"url\":\"https:\\\/\\\/tapir.de\\\/fr\\\/?lang=en\\\/\",\"logo\":{\"@type\":\"ImageObject\",\"inLanguage\":\"fr-FR\",\"@id\":\"https:\\\/\\\/tapir.de\\\/fr\\\/?lang=en\\\/#\\\/schema\\\/logo\\\/image\\\/\",\"url\":\"https:\\\/\\\/tapir.de\\\/wp-content\\\/uploads\\\/2020\\\/11\\\/cropped-TAPIR_Wachswaren_logo.png\",\"contentUrl\":\"https:\\\/\\\/tapir.de\\\/wp-content\\\/uploads\\\/2020\\\/11\\\/cropped-TAPIR_Wachswaren_logo.png\",\"width\":512,\"height\":512,\"caption\":\"Tapir Wachswaren\"},\"image\":{\"@id\":\"https:\\\/\\\/tapir.de\\\/fr\\\/?lang=en\\\/#\\\/schema\\\/logo\\\/image\\\/\"},\"sameAs\":[\"https:\\\/\\\/www.facebook.com\\\/TapirWachswaren\\\/\",\"https:\\\/\\\/www.instagram.com\\\/tapir_pflegeprodukte\\\/?hl=de\"]}]}<\/script>\n<!-- \/ Yoast SEO plugin. -->","yoast_head_json":{"title":"Brosse d\u2019application de haute qualit\u00e9 en crin de cheval fin - Tapir Wachswaren","description":"Un pinceau d\u2019application de haute qualit\u00e9 en crin de cheval fin est utilis\u00e9 pour appliquer du cirage \u00e0 chaussures l\u00e9ger ou l\u2019impr\u00e9gnation. Cirage durable avec Tapir !","robots":{"index":"index","follow":"follow","max-snippet":"max-snippet:-1","max-image-preview":"max-image-preview:large","max-video-preview":"max-video-preview:-1"},"canonical":"https:\/\/tapir.de\/fr\/shop\/brosse-dapplication-de-haute-qualite-en-crin-de-cheval-fin\/","og_locale":"fr_FR","og_type":"article","og_title":"Brosse d\u2019application de haute qualit\u00e9 en crin de cheval fin - Tapir Wachswaren","og_description":"Un pinceau d\u2019application de haute qualit\u00e9 en crin de cheval fin est utilis\u00e9 pour appliquer du cirage \u00e0 chaussures l\u00e9ger ou l\u2019impr\u00e9gnation. Cirage durable avec Tapir !","og_url":"https:\/\/tapir.de\/fr\/shop\/brosse-dapplication-de-haute-qualite-en-crin-de-cheval-fin\/","og_site_name":"Tapir Wachswaren","article_publisher":"https:\/\/www.facebook.com\/TapirWachswaren\/","article_modified_time":"2026-01-26T12:06:22+00:00","og_image":[{"width":1500,"height":1500,"url":"https:\/\/tapir.de\/wp-content\/uploads\/2025\/01\/00901_Hochwertige_Auftragsbuerste_aus_feinem_Rosshaar-4.jpg","type":"image\/jpeg"}],"twitter_card":"summary_large_image","twitter_misc":{"Dur\u00e9e de lecture estim\u00e9e":"3 minutes"},"schema":{"@context":"https:\/\/schema.org","@graph":[{"@type":"WebPage","@id":"https:\/\/tapir.de\/fr\/shop\/brosse-dapplication-de-haute-qualite-en-crin-de-cheval-fin\/","url":"https:\/\/tapir.de\/fr\/shop\/brosse-dapplication-de-haute-qualite-en-crin-de-cheval-fin\/","name":"Brosse d\u2019application de haute qualit\u00e9 en crin de cheval fin - Tapir Wachswaren","isPartOf":{"@id":"https:\/\/tapir.de\/fr\/?lang=en\/#website"},"primaryImageOfPage":{"@id":"https:\/\/tapir.de\/fr\/shop\/brosse-dapplication-de-haute-qualite-en-crin-de-cheval-fin\/#primaryimage"},"image":{"@id":"https:\/\/tapir.de\/fr\/shop\/brosse-dapplication-de-haute-qualite-en-crin-de-cheval-fin\/#primaryimage"},"thumbnailUrl":"https:\/\/tapir.de\/wp-content\/uploads\/2025\/01\/00901_Hochwertige_Auftragsbuerste_aus_feinem_Rosshaar-4.jpg","datePublished":"2020-05-28T08:49:24+00:00","dateModified":"2026-01-26T12:06:22+00:00","description":"Un pinceau d\u2019application de haute qualit\u00e9 en crin de cheval fin est utilis\u00e9 pour appliquer du cirage \u00e0 chaussures l\u00e9ger ou l\u2019impr\u00e9gnation. Cirage durable avec Tapir !","breadcrumb":{"@id":"https:\/\/tapir.de\/fr\/shop\/brosse-dapplication-de-haute-qualite-en-crin-de-cheval-fin\/#breadcrumb"},"inLanguage":"fr-FR","potentialAction":[{"@type":"ReadAction","target":["https:\/\/tapir.de\/fr\/shop\/brosse-dapplication-de-haute-qualite-en-crin-de-cheval-fin\/"]}]},{"@type":"ImageObject","inLanguage":"fr-FR","@id":"https:\/\/tapir.de\/fr\/shop\/brosse-dapplication-de-haute-qualite-en-crin-de-cheval-fin\/#primaryimage","url":"https:\/\/tapir.de\/wp-content\/uploads\/2025\/01\/00901_Hochwertige_Auftragsbuerste_aus_feinem_Rosshaar-4.jpg","contentUrl":"https:\/\/tapir.de\/wp-content\/uploads\/2025\/01\/00901_Hochwertige_Auftragsbuerste_aus_feinem_Rosshaar-4.jpg","width":1500,"height":1500},{"@type":"BreadcrumbList","@id":"https:\/\/tapir.de\/fr\/shop\/brosse-dapplication-de-haute-qualite-en-crin-de-cheval-fin\/#breadcrumb","itemListElement":[{"@type":"ListItem","position":1,"name":"Startseite","item":"https:\/\/tapir.de\/fr\/"},{"@type":"ListItem","position":2,"name":"Boutique","item":"https:\/\/tapir.de\/fr\/boutique\/"},{"@type":"ListItem","position":3,"name":"Brosse d\u2019application de haute qualit\u00e9 en crin de cheval fin"}]},{"@type":"WebSite","@id":"https:\/\/tapir.de\/fr\/?lang=en\/#website","url":"https:\/\/tapir.de\/fr\/?lang=en\/","name":"Tapir Wachswaren","description":"Nat\u00fcrliche Pflegeprodukte f\u00fcr Leder, Textil und Holz","publisher":{"@id":"https:\/\/tapir.de\/fr\/?lang=en\/#organization"},"potentialAction":[{"@type":"SearchAction","target":{"@type":"EntryPoint","urlTemplate":"https:\/\/tapir.de\/fr\/?lang=en\/?s={search_term_string}"},"query-input":{"@type":"PropertyValueSpecification","valueRequired":true,"valueName":"search_term_string"}}],"inLanguage":"fr-FR"},{"@type":"Organization","@id":"https:\/\/tapir.de\/fr\/?lang=en\/#organization","name":"Tapir Wachswaren","url":"https:\/\/tapir.de\/fr\/?lang=en\/","logo":{"@type":"ImageObject","inLanguage":"fr-FR","@id":"https:\/\/tapir.de\/fr\/?lang=en\/#\/schema\/logo\/image\/","url":"https:\/\/tapir.de\/wp-content\/uploads\/2020\/11\/cropped-TAPIR_Wachswaren_logo.png","contentUrl":"https:\/\/tapir.de\/wp-content\/uploads\/2020\/11\/cropped-TAPIR_Wachswaren_logo.png","width":512,"height":512,"caption":"Tapir Wachswaren"},"image":{"@id":"https:\/\/tapir.de\/fr\/?lang=en\/#\/schema\/logo\/image\/"},"sameAs":["https:\/\/www.facebook.com\/TapirWachswaren\/","https:\/\/www.instagram.com\/tapir_pflegeprodukte\/?hl=de"]}]}},"_links":{"self":[{"href":"https:\/\/tapir.de\/fr\/wp-json\/wp\/v2\/product\/20985","targetHints":{"allow":["GET"]}}],"collection":[{"href":"https:\/\/tapir.de\/fr\/wp-json\/wp\/v2\/product"}],"about":[{"href":"https:\/\/tapir.de\/fr\/wp-json\/wp\/v2\/types\/product"}],"wp:featuredmedia":[{"embeddable":true,"href":"https:\/\/tapir.de\/fr\/wp-json\/wp\/v2\/media\/20991"}],"wp:attachment":[{"href":"https:\/\/tapir.de\/fr\/wp-json\/wp\/v2\/media?parent=20985"}],"wp:term":[{"taxonomy":"product_brand","embeddable":true,"href":"https:\/\/tapir.de\/fr\/wp-json\/wp\/v2\/product_brand?post=20985"},{"taxonomy":"product_cat","embeddable":true,"href":"https:\/\/tapir.de\/fr\/wp-json\/wp\/v2\/product_cat?post=20985"},{"taxonomy":"product_tag","embeddable":true,"href":"https:\/\/tapir.de\/fr\/wp-json\/wp\/v2\/product_tag?post=20985"}],"curies":[{"name":"wp","href":"https:\/\/api.w.org\/{rel}","templated":true}]}}