{"id":20956,"date":"2025-06-13T11:54:26","date_gmt":"2025-06-13T09:54:26","guid":{"rendered":"https:\/\/tapir.de\/shop\/protege-baskets\/"},"modified":"2026-01-30T12:32:28","modified_gmt":"2026-01-30T11:32:28","slug":"protege-baskets","status":"publish","type":"product","link":"https:\/\/tapir.de\/fr\/shop\/protege-baskets\/","title":{"rendered":"Prot\u00e8ge-baskets"},"content":{"rendered":"<h2>Prot\u00e8ge-baskets Tapir \u2013 F\u00e9condation naturelle pour baskets<\/h2>\n<h3>Protection naturelle pour vos baskets \u2013 comme la nature nous le montre<\/h3>\n<p>Notre protecteur pour baskets prot\u00e8ge vos baskets de l\u2019humidit\u00e9 et de la salet\u00e9 sur le long terme \u2013 sans aucun produit chimique PFAS nocif. La formule v\u00e9g\u00e9talienne naturelle combine des cires v\u00e9g\u00e9tales de haute qualit\u00e9 et des ingr\u00e9dients naturels pour cr\u00e9er un bouclier protecteur extr\u00eamement efficace. Avec l\u2019\u00e9ponge naturelle, l\u2019impr\u00e9gnation peut \u00eatre facilement \u00e9tendue sur la chaussure.  <\/p>\n<p><strong>Protection naturelle bas\u00e9e sur le mod\u00e8le de la nature :<\/strong> La combinaison de beurre de karit\u00e9, de baies, de carnauba et de cire de canne \u00e0 sucre forme une barri\u00e8re invisible et respirante contre l\u2019humidit\u00e9 et la pollution. Tout comme une feuille de plante, les gouttelettes d\u2019eau roulent simplement sans affecter la respirabilit\u00e9 naturelle du mat\u00e9riau. L\u2019huile d\u2019orange et l\u2019huile de ricin apportent un soin suppl\u00e9mentaire au mat\u00e9riau et garantissent des surfaces lisses.  <\/p>\n<p>L\u2019impr\u00e9gnation convient \u00e0 tous les mat\u00e9riaux de baskets \u2013 qu\u2019il s\u2019agisse de cuir lisse, de textiles, de nubuck ou de cuir artificiel.<\/p>\n<h3>Caract\u00e9ristiques du produit<\/h3>\n<p><strong>\u2713 100 % cires v\u00e9g\u00e9tales naturelles<\/strong><br \/>\nBeurre de karit\u00e9, baies, carnauba et cire de canne \u00e0 sucre pour une protection maximale<\/p>\n<p><strong>\u2713 Certifi\u00e9<\/strong><br \/>\n NCPLes plus hauts standards pour les produits naturels, la vraie durabilit\u00e9<\/p>\n<p><strong>\u2713 100 % v\u00e9gane et sans<\/strong><br \/>\n PFASSans compos\u00e9s fluor\u00e9s toxiques ni ingr\u00e9dients animaux<\/p>\n<p><strong>\u2713 Film<\/strong><br \/>\n de protectionCela ne change rien au look ou \u00e0 la sensation de vos baskets<\/p>\n<p><strong>\u2713 Respirable<\/strong><br \/>\nProtection naturelle sans alt\u00e9ration de la fonction du mat\u00e9riau<\/p>\n<p><strong>\u2713 Universellement applicable<\/strong><br \/>\nPour tous les mat\u00e9riaux de baskets : cuir, textile, nubuck, imitation cuir<\/p>\n<p><strong>\u2713 Incluant une \u00e9ponge v\u00e9g\u00e9talienne naturelle <\/strong><br \/>\nPour l\u2019application et la distribution<\/p>\n<p><strong>\u2713 Fabriqu\u00e9 en Allemagne<\/strong><br \/>\nPlus de 40 ans d\u2019exp\u00e9rience dans l\u2019entretien naturel des chaussures<\/p>\n<p><strong>\u2713 Emballage<\/strong><br \/>\n durableBouteille en verre r\u00e9utilisable au lieu du plastique<\/p>\n<p><strong>\u2713 Formule<\/strong><br \/>\n transparenteTous les ingr\u00e9dients sont enti\u00e8rement d\u00e9clar\u00e9s<\/p>\n<hr>\n<p><strong>Ingr\u00e9dients :<\/strong> Beurre de karit\u00e9*, cire de baies, cire de carnauba*, cire de canne \u00e0 sucre, huile d\u2019orange, huile de ricin*, spiritueux d\u2019ammoniac, gomme xanthane, eau, st\u00e9arine v\u00e9g\u00e9tale<\/p>\n<p>*D\u2019apr\u00e8s la culture biologique certifi\u00e9e<\/p>\n","protected":false},"excerpt":{"rendered":"<p>\u2713 100 % cires<br \/>\n v\u00e9g\u00e9tales naturelles \u2713 Certifi\u00e9<br \/>\n NCP \u2713 100 % v\u00e9gane et sans<br \/>\n PFAS \u2713 Respirant<br \/>\n \u2713 Universellement applicable \u00e0 tous les mat\u00e9riaux<br \/>\n \u2713 Ensemble incluant \u00e9ponge naturelle <\/p>\n","protected":false},"featured_media":20960,"template":"","meta":[],"product_brand":[],"product_cat":[863],"product_tag":[921,1164,1163],"class_list":{"0":"post-20956","1":"product","2":"type-product","3":"status-publish","4":"has-post-thumbnail","6":"product_cat-entretien-des-baskets","7":"product_tag-fecondation","8":"product_tag-protecteur","9":"product_tag-protege-baskets","10":"pa_geeignet-fuer-baskets","11":"pa_geeignet-fuer-chaussures-de-jogging","12":"pa_geeignet-fuer-chaussures-pieds-nus","13":"pa_geeignet-fuer-chaussures-pour-enfants","15":"first","16":"instock","17":"taxable","18":"shipping-taxable","19":"purchasable","20":"product-type-simple"},"yoast_head":"<!-- This site is optimized with the Yoast SEO plugin v27.5 - https:\/\/yoast.com\/product\/yoast-seo-wordpress\/ -->\n<title>Prot\u00e8ge-baskets - Tapir Wachswaren<\/title>\n<meta name=\"description\" content=\"Enceinte naturelle de baskets avec certification NCP \u2713 100 % v\u00e9gane &amp; sans PFAS \u2713 Cires v\u00e9g\u00e9tales \u2713 Fabriqu\u00e9es en Allemagne depuis 1983 \u2713 Commandez d\u00e8s maintenant !\" \/>\n<meta name=\"robots\" content=\"index, follow, max-snippet:-1, max-image-preview:large, max-video-preview:-1\" \/>\n<link rel=\"canonical\" href=\"https:\/\/tapir.de\/fr\/shop\/protege-baskets\/\" \/>\n<meta property=\"og:locale\" content=\"fr_FR\" \/>\n<meta property=\"og:type\" content=\"article\" \/>\n<meta property=\"og:title\" content=\"Prot\u00e8ge-baskets - Tapir Wachswaren\" \/>\n<meta property=\"og:description\" content=\"Enceinte naturelle de baskets avec certification NCP \u2713 100 % v\u00e9gane &amp; sans PFAS \u2713 Cires v\u00e9g\u00e9tales \u2713 Fabriqu\u00e9es en Allemagne depuis 1983 \u2713 Commandez d\u00e8s maintenant !\" \/>\n<meta property=\"og:url\" content=\"https:\/\/tapir.de\/fr\/shop\/protege-baskets\/\" \/>\n<meta property=\"og:site_name\" content=\"Tapir Wachswaren\" \/>\n<meta property=\"article:publisher\" content=\"https:\/\/www.facebook.com\/TapirWachswaren\/\" \/>\n<meta property=\"article:modified_time\" content=\"2026-01-30T11:32:28+00:00\" \/>\n<meta property=\"og:image\" content=\"https:\/\/tapir.de\/wp-content\/uploads\/2025\/06\/Tapir-Sneaker-Protector-65100.jpg\" \/>\n\t<meta property=\"og:image:width\" content=\"1000\" \/>\n\t<meta property=\"og:image:height\" content=\"1000\" \/>\n\t<meta property=\"og:image:type\" content=\"image\/jpeg\" \/>\n<meta name=\"twitter:card\" content=\"summary_large_image\" \/>\n<meta name=\"twitter:label1\" content=\"Dur\u00e9e de lecture estim\u00e9e\" \/>\n\t<meta name=\"twitter:data1\" content=\"2 minutes\" \/>\n<script type=\"application\/ld+json\" class=\"yoast-schema-graph\">{\"@context\":\"https:\\\/\\\/schema.org\",\"@graph\":[{\"@type\":\"WebPage\",\"@id\":\"https:\\\/\\\/tapir.de\\\/fr\\\/shop\\\/protege-baskets\\\/\",\"url\":\"https:\\\/\\\/tapir.de\\\/fr\\\/shop\\\/protege-baskets\\\/\",\"name\":\"Prot\u00e8ge-baskets - Tapir Wachswaren\",\"isPartOf\":{\"@id\":\"https:\\\/\\\/tapir.de\\\/fr\\\/?lang=en\\\/#website\"},\"primaryImageOfPage\":{\"@id\":\"https:\\\/\\\/tapir.de\\\/fr\\\/shop\\\/protege-baskets\\\/#primaryimage\"},\"image\":{\"@id\":\"https:\\\/\\\/tapir.de\\\/fr\\\/shop\\\/protege-baskets\\\/#primaryimage\"},\"thumbnailUrl\":\"https:\\\/\\\/tapir.de\\\/wp-content\\\/uploads\\\/2025\\\/06\\\/Tapir-Sneaker-Protector-65100.jpg\",\"datePublished\":\"2025-06-13T09:54:26+00:00\",\"dateModified\":\"2026-01-30T11:32:28+00:00\",\"description\":\"Enceinte naturelle de baskets avec certification NCP \u2713 100 % v\u00e9gane & sans PFAS \u2713 Cires v\u00e9g\u00e9tales \u2713 Fabriqu\u00e9es en Allemagne depuis 1983 \u2713 Commandez d\u00e8s maintenant !\",\"breadcrumb\":{\"@id\":\"https:\\\/\\\/tapir.de\\\/fr\\\/shop\\\/protege-baskets\\\/#breadcrumb\"},\"inLanguage\":\"fr-FR\",\"potentialAction\":[{\"@type\":\"ReadAction\",\"target\":[\"https:\\\/\\\/tapir.de\\\/fr\\\/shop\\\/protege-baskets\\\/\"]}]},{\"@type\":\"ImageObject\",\"inLanguage\":\"fr-FR\",\"@id\":\"https:\\\/\\\/tapir.de\\\/fr\\\/shop\\\/protege-baskets\\\/#primaryimage\",\"url\":\"https:\\\/\\\/tapir.de\\\/wp-content\\\/uploads\\\/2025\\\/06\\\/Tapir-Sneaker-Protector-65100.jpg\",\"contentUrl\":\"https:\\\/\\\/tapir.de\\\/wp-content\\\/uploads\\\/2025\\\/06\\\/Tapir-Sneaker-Protector-65100.jpg\",\"width\":1000,\"height\":1000},{\"@type\":\"BreadcrumbList\",\"@id\":\"https:\\\/\\\/tapir.de\\\/fr\\\/shop\\\/protege-baskets\\\/#breadcrumb\",\"itemListElement\":[{\"@type\":\"ListItem\",\"position\":1,\"name\":\"Startseite\",\"item\":\"https:\\\/\\\/tapir.de\\\/fr\\\/\"},{\"@type\":\"ListItem\",\"position\":2,\"name\":\"Boutique\",\"item\":\"https:\\\/\\\/tapir.de\\\/fr\\\/boutique\\\/\"},{\"@type\":\"ListItem\",\"position\":3,\"name\":\"Prot\u00e8ge-baskets\"}]},{\"@type\":\"WebSite\",\"@id\":\"https:\\\/\\\/tapir.de\\\/fr\\\/?lang=en\\\/#website\",\"url\":\"https:\\\/\\\/tapir.de\\\/fr\\\/?lang=en\\\/\",\"name\":\"Tapir Wachswaren\",\"description\":\"Nat\u00fcrliche Pflegeprodukte f\u00fcr Leder, Textil und Holz\",\"publisher\":{\"@id\":\"https:\\\/\\\/tapir.de\\\/fr\\\/?lang=en\\\/#organization\"},\"potentialAction\":[{\"@type\":\"SearchAction\",\"target\":{\"@type\":\"EntryPoint\",\"urlTemplate\":\"https:\\\/\\\/tapir.de\\\/fr\\\/?lang=en\\\/?s={search_term_string}\"},\"query-input\":{\"@type\":\"PropertyValueSpecification\",\"valueRequired\":true,\"valueName\":\"search_term_string\"}}],\"inLanguage\":\"fr-FR\"},{\"@type\":\"Organization\",\"@id\":\"https:\\\/\\\/tapir.de\\\/fr\\\/?lang=en\\\/#organization\",\"name\":\"Tapir Wachswaren\",\"url\":\"https:\\\/\\\/tapir.de\\\/fr\\\/?lang=en\\\/\",\"logo\":{\"@type\":\"ImageObject\",\"inLanguage\":\"fr-FR\",\"@id\":\"https:\\\/\\\/tapir.de\\\/fr\\\/?lang=en\\\/#\\\/schema\\\/logo\\\/image\\\/\",\"url\":\"https:\\\/\\\/tapir.de\\\/wp-content\\\/uploads\\\/2020\\\/11\\\/cropped-TAPIR_Wachswaren_logo.png\",\"contentUrl\":\"https:\\\/\\\/tapir.de\\\/wp-content\\\/uploads\\\/2020\\\/11\\\/cropped-TAPIR_Wachswaren_logo.png\",\"width\":512,\"height\":512,\"caption\":\"Tapir Wachswaren\"},\"image\":{\"@id\":\"https:\\\/\\\/tapir.de\\\/fr\\\/?lang=en\\\/#\\\/schema\\\/logo\\\/image\\\/\"},\"sameAs\":[\"https:\\\/\\\/www.facebook.com\\\/TapirWachswaren\\\/\",\"https:\\\/\\\/www.instagram.com\\\/tapir_pflegeprodukte\\\/?hl=de\"]}]}<\/script>\n<!-- \/ Yoast SEO plugin. -->","yoast_head_json":{"title":"Prot\u00e8ge-baskets - Tapir Wachswaren","description":"Enceinte naturelle de baskets avec certification NCP \u2713 100 % v\u00e9gane & sans PFAS \u2713 Cires v\u00e9g\u00e9tales \u2713 Fabriqu\u00e9es en Allemagne depuis 1983 \u2713 Commandez d\u00e8s maintenant !","robots":{"index":"index","follow":"follow","max-snippet":"max-snippet:-1","max-image-preview":"max-image-preview:large","max-video-preview":"max-video-preview:-1"},"canonical":"https:\/\/tapir.de\/fr\/shop\/protege-baskets\/","og_locale":"fr_FR","og_type":"article","og_title":"Prot\u00e8ge-baskets - Tapir Wachswaren","og_description":"Enceinte naturelle de baskets avec certification NCP \u2713 100 % v\u00e9gane & sans PFAS \u2713 Cires v\u00e9g\u00e9tales \u2713 Fabriqu\u00e9es en Allemagne depuis 1983 \u2713 Commandez d\u00e8s maintenant !","og_url":"https:\/\/tapir.de\/fr\/shop\/protege-baskets\/","og_site_name":"Tapir Wachswaren","article_publisher":"https:\/\/www.facebook.com\/TapirWachswaren\/","article_modified_time":"2026-01-30T11:32:28+00:00","og_image":[{"width":1000,"height":1000,"url":"https:\/\/tapir.de\/wp-content\/uploads\/2025\/06\/Tapir-Sneaker-Protector-65100.jpg","type":"image\/jpeg"}],"twitter_card":"summary_large_image","twitter_misc":{"Dur\u00e9e de lecture estim\u00e9e":"2 minutes"},"schema":{"@context":"https:\/\/schema.org","@graph":[{"@type":"WebPage","@id":"https:\/\/tapir.de\/fr\/shop\/protege-baskets\/","url":"https:\/\/tapir.de\/fr\/shop\/protege-baskets\/","name":"Prot\u00e8ge-baskets - Tapir Wachswaren","isPartOf":{"@id":"https:\/\/tapir.de\/fr\/?lang=en\/#website"},"primaryImageOfPage":{"@id":"https:\/\/tapir.de\/fr\/shop\/protege-baskets\/#primaryimage"},"image":{"@id":"https:\/\/tapir.de\/fr\/shop\/protege-baskets\/#primaryimage"},"thumbnailUrl":"https:\/\/tapir.de\/wp-content\/uploads\/2025\/06\/Tapir-Sneaker-Protector-65100.jpg","datePublished":"2025-06-13T09:54:26+00:00","dateModified":"2026-01-30T11:32:28+00:00","description":"Enceinte naturelle de baskets avec certification NCP \u2713 100 % v\u00e9gane & sans PFAS \u2713 Cires v\u00e9g\u00e9tales \u2713 Fabriqu\u00e9es en Allemagne depuis 1983 \u2713 Commandez d\u00e8s maintenant !","breadcrumb":{"@id":"https:\/\/tapir.de\/fr\/shop\/protege-baskets\/#breadcrumb"},"inLanguage":"fr-FR","potentialAction":[{"@type":"ReadAction","target":["https:\/\/tapir.de\/fr\/shop\/protege-baskets\/"]}]},{"@type":"ImageObject","inLanguage":"fr-FR","@id":"https:\/\/tapir.de\/fr\/shop\/protege-baskets\/#primaryimage","url":"https:\/\/tapir.de\/wp-content\/uploads\/2025\/06\/Tapir-Sneaker-Protector-65100.jpg","contentUrl":"https:\/\/tapir.de\/wp-content\/uploads\/2025\/06\/Tapir-Sneaker-Protector-65100.jpg","width":1000,"height":1000},{"@type":"BreadcrumbList","@id":"https:\/\/tapir.de\/fr\/shop\/protege-baskets\/#breadcrumb","itemListElement":[{"@type":"ListItem","position":1,"name":"Startseite","item":"https:\/\/tapir.de\/fr\/"},{"@type":"ListItem","position":2,"name":"Boutique","item":"https:\/\/tapir.de\/fr\/boutique\/"},{"@type":"ListItem","position":3,"name":"Prot\u00e8ge-baskets"}]},{"@type":"WebSite","@id":"https:\/\/tapir.de\/fr\/?lang=en\/#website","url":"https:\/\/tapir.de\/fr\/?lang=en\/","name":"Tapir Wachswaren","description":"Nat\u00fcrliche Pflegeprodukte f\u00fcr Leder, Textil und Holz","publisher":{"@id":"https:\/\/tapir.de\/fr\/?lang=en\/#organization"},"potentialAction":[{"@type":"SearchAction","target":{"@type":"EntryPoint","urlTemplate":"https:\/\/tapir.de\/fr\/?lang=en\/?s={search_term_string}"},"query-input":{"@type":"PropertyValueSpecification","valueRequired":true,"valueName":"search_term_string"}}],"inLanguage":"fr-FR"},{"@type":"Organization","@id":"https:\/\/tapir.de\/fr\/?lang=en\/#organization","name":"Tapir Wachswaren","url":"https:\/\/tapir.de\/fr\/?lang=en\/","logo":{"@type":"ImageObject","inLanguage":"fr-FR","@id":"https:\/\/tapir.de\/fr\/?lang=en\/#\/schema\/logo\/image\/","url":"https:\/\/tapir.de\/wp-content\/uploads\/2020\/11\/cropped-TAPIR_Wachswaren_logo.png","contentUrl":"https:\/\/tapir.de\/wp-content\/uploads\/2020\/11\/cropped-TAPIR_Wachswaren_logo.png","width":512,"height":512,"caption":"Tapir Wachswaren"},"image":{"@id":"https:\/\/tapir.de\/fr\/?lang=en\/#\/schema\/logo\/image\/"},"sameAs":["https:\/\/www.facebook.com\/TapirWachswaren\/","https:\/\/www.instagram.com\/tapir_pflegeprodukte\/?hl=de"]}]}},"_links":{"self":[{"href":"https:\/\/tapir.de\/fr\/wp-json\/wp\/v2\/product\/20956","targetHints":{"allow":["GET"]}}],"collection":[{"href":"https:\/\/tapir.de\/fr\/wp-json\/wp\/v2\/product"}],"about":[{"href":"https:\/\/tapir.de\/fr\/wp-json\/wp\/v2\/types\/product"}],"wp:featuredmedia":[{"embeddable":true,"href":"https:\/\/tapir.de\/fr\/wp-json\/wp\/v2\/media\/20960"}],"wp:attachment":[{"href":"https:\/\/tapir.de\/fr\/wp-json\/wp\/v2\/media?parent=20956"}],"wp:term":[{"taxonomy":"product_brand","embeddable":true,"href":"https:\/\/tapir.de\/fr\/wp-json\/wp\/v2\/product_brand?post=20956"},{"taxonomy":"product_cat","embeddable":true,"href":"https:\/\/tapir.de\/fr\/wp-json\/wp\/v2\/product_cat?post=20956"},{"taxonomy":"product_tag","embeddable":true,"href":"https:\/\/tapir.de\/fr\/wp-json\/wp\/v2\/product_tag?post=20956"}],"curies":[{"name":"wp","href":"https:\/\/api.w.org\/{rel}","templated":true}]}}