{"id":20947,"date":"2020-05-28T10:53:22","date_gmt":"2020-05-28T08:53:22","guid":{"rendered":"https:\/\/tapir.de\/shop\/brosse-dapplication-ronde-en-crin-de-cheval-fonce\/"},"modified":"2026-01-26T13:06:10","modified_gmt":"2026-01-26T12:06:10","slug":"brosse-dapplication-ronde-en-crin-de-cheval-fonce","status":"publish","type":"product","link":"https:\/\/tapir.de\/fr\/shop\/brosse-dapplication-ronde-en-crin-de-cheval-fonce\/","title":{"rendered":"Brosse d\u2019application ronde en crin de cheval fonc\u00e9"},"content":{"rendered":"<h2><strong><span style=\"color: #a90533;\"><span style=\"font-size: 80%;\">Le pinceau rond d\u2019application en <\/span><\/span> crin <span style=\"color: #a90533; font-size: large;\"><span style=\"caret-color: #a90533;\">de cheval fonc\u00e9 <\/span><\/span><span style=\"color: #a90533;\"><span style=\"font-size: 80%;\">\u2013 pour <\/span><\/span><span style=\"color: #a90533; font-size: large;\"><span style=\"caret-color: #a90533;\">appliquer<\/span><\/span><span style=\"color: #a90533;\"><span style=\"font-size: 80%;\"> le cirage ou l\u2019impr\u00e9gnation<\/span><\/span><\/strong><\/h2>\n<p>Un vrai flatteur de mains, le pinceau rond d\u2019application en crin de cheval \u2013 id\u00e9al pour entretenir des fers, sacs ou autres meubles.<\/p>\n<p>Le pinceau rond d\u2019application avec crin de cheval est un outil essentiel pour l\u2019entretien des chaussures. Cela permet une distribution douce et uniforme des produits de soins Tapir, tels <a href=\"https:\/\/tapir.de\/shop\/lederfett-farblos-200-ml\/\">que la Graisse pour cuir Tapir<\/a>, la <a href=\"https:\/\/tapir.de\/fr\/entretien-des-chaussures-et-du-cuir\/creme-pour-le-soin-du-cuir\/\">Cr\u00e8me pour soins pour cuir Tapir<\/a> , mais aussi les produits liquides comme <a href=\"https:\/\/tapir.de\/shop\/tapir-lederoel-200-ml-glasflasche\">l\u2019huile pour le cuir<\/a>,<a href=\"https:\/\/tapir.de\/fr\/entretien-des-chaussures-et-du-cuir\/soins-du-cuir\/\"> les soins pour le cuir<\/a> ou m\u00eame notre<a href=\"https:\/\/tapir.de\/shop\/naesseschutz\"> protection contre l\u2019humidit\u00e9<\/a>. Fabriqu\u00e9e \u00e0 partir de crin de cheval de haute qualit\u00e9, cette brosse offre de nombreux avantages pour l\u2019entretien de diff\u00e9rents mat\u00e9riaux de fer. Les poils en crin de cheval souples et flexibles absorbent bien les produits de soin et garantissent une r\u00e9partition uniforme sur toute la surface de la chaussure sans laisser de traces ni de taches. Cela nourrit, prend soin et prot\u00e8ge le mat\u00e9riau, ce qui prolonge sa dur\u00e9e de vie et am\u00e9liore son apparence.    <\/p>\n<p>Le pinceau d\u2019application en crin de cheval fonc\u00e9 est polyvalent et adapt\u00e9 \u00e0 l\u2019entretien de divers mat\u00e9riaux pour chaussures, notamment le cuir lisse, le daim et le cuir nubuck. Son toucher d\u00e9licat est d\u00e9licat sur le mat\u00e9riau et \u00e9vite les rayures ou les dommages, tout en am\u00e9liorant la texture et l\u2019\u00e9clat du cuir. La forme arrondie du pinceau le rend facile \u00e0 manipuler et permet une application pr\u00e9cise, m\u00eame dans les zones difficiles d\u2019acc\u00e8s. Les mouvements circulaires permettent d\u2019appliquer les soins de mani\u00e8re uniforme pour obtenir des r\u00e9sultats optimaux.   <\/p>\n<p>L\u2019utilisation r\u00e9guli\u00e8re du pinceau d\u2019application Tapir aide \u00e0 pr\u00e9server la beaut\u00e9 et la qualit\u00e9 de vos chaussures. Il est facile de nettoyer et d\u2019entretenir en nettoyant les poils apr\u00e8s utilisation avec un d\u00e9tergent doux et de l\u2019eau ti\u00e8de, puis en les laissant s\u00e9cher \u00e0 l\u2019air libre. Notre <a href=\"https:\/\/tapir.de\/shop\/reiniger\">nettoyeur<\/a> est aussi excellent \u00e0 utiliser ici. Avec sa douceur et sa distribution uniforme, elle est indispensable pour quiconque appr\u00e9cie la beaut\u00e9 et la fonctionnalit\u00e9 durables de ses chaussures.   <\/p>\n<h2><span style=\"color: #a90533;\"><strong><span style=\"font-size: 80%;\">Caract\u00e9ristiques du produit<\/span><\/strong><\/span><\/h2>\n<ul>\n<li>Bois de h\u00eatre local<\/li>\n<li>Cheval Sombre<\/li>\n<li>Hauteur d\u2019environ 7 cm<\/li>\n<li>Fabriqu\u00e9 en Allemagne<\/li>\n<li>Avec le logo Tapir<\/li>\n<\/ul>\n","protected":false},"excerpt":{"rendered":"<p>Un vrai flatteur de mains, le pinceau rond en crin de cheval.<\/p>\n","protected":false},"featured_media":20951,"template":"","meta":[],"product_brand":[],"product_cat":[873],"product_tag":[892],"class_list":{"0":"post-20947","1":"product","2":"type-product","3":"status-publish","4":"has-post-thumbnail","6":"product_cat-brosses","7":"product_tag-accessoires","8":"pa_geeignet-fuer-bottes-2","9":"pa_geeignet-fuer-bottes-dequitation","10":"pa_geeignet-fuer-budapest","11":"pa_geeignet-fuer-chaussures-de-bateau","12":"pa_geeignet-fuer-chaussures-de-randonnee","13":"pa_geeignet-fuer-chaussures-de-travail","14":"pa_geeignet-fuer-chaussures-pour-enfants","15":"pa_geeignet-fuer-chaussures-pour-hommes","16":"pa_geeignet-fuer-chaussures-professionnelles","17":"pa_geeignet-fuer-chaussures-sur-mesure","19":"first","20":"instock","21":"taxable","22":"shipping-taxable","23":"purchasable","24":"product-type-simple"},"yoast_head":"<!-- This site is optimized with the Yoast SEO plugin v27.4 - https:\/\/yoast.com\/product\/yoast-seo-wordpress\/ -->\n<title>Brosse d\u2019application ronde en crin de cheval fonc\u00e9 - Tapir Wachswaren<\/title>\n<meta name=\"description\" content=\"Utilisez le pinceau rond \u00e0 appliquer avec du crin de cheval fonc\u00e9 pour une application id\u00e9ale des produits de soin naturels de Tapir. Toujours durable.\" \/>\n<meta name=\"robots\" content=\"index, follow, max-snippet:-1, max-image-preview:large, max-video-preview:-1\" \/>\n<link rel=\"canonical\" href=\"https:\/\/tapir.de\/fr\/shop\/brosse-dapplication-ronde-en-crin-de-cheval-fonce\/\" \/>\n<meta property=\"og:locale\" content=\"fr_FR\" \/>\n<meta property=\"og:type\" content=\"article\" \/>\n<meta property=\"og:title\" content=\"Brosse d\u2019application ronde en crin de cheval fonc\u00e9 - Tapir Wachswaren\" \/>\n<meta property=\"og:description\" content=\"Utilisez le pinceau rond \u00e0 appliquer avec du crin de cheval fonc\u00e9 pour une application id\u00e9ale des produits de soin naturels de Tapir. Toujours durable.\" \/>\n<meta property=\"og:url\" content=\"https:\/\/tapir.de\/fr\/shop\/brosse-dapplication-ronde-en-crin-de-cheval-fonce\/\" \/>\n<meta property=\"og:site_name\" content=\"Tapir Wachswaren\" \/>\n<meta property=\"article:publisher\" content=\"https:\/\/www.facebook.com\/TapirWachswaren\/\" \/>\n<meta property=\"article:modified_time\" content=\"2026-01-26T12:06:10+00:00\" \/>\n<meta property=\"og:image\" content=\"https:\/\/tapir.de\/wp-content\/uploads\/2025\/01\/00906_Runde_Auftragsbuerste_aus_dunklem_Rosshaar_1.jpg\" \/>\n\t<meta property=\"og:image:width\" content=\"1500\" \/>\n\t<meta property=\"og:image:height\" content=\"1500\" \/>\n\t<meta property=\"og:image:type\" content=\"image\/jpeg\" \/>\n<meta name=\"twitter:card\" content=\"summary_large_image\" \/>\n<meta name=\"twitter:label1\" content=\"Dur\u00e9e de lecture estim\u00e9e\" \/>\n\t<meta name=\"twitter:data1\" content=\"2 minutes\" \/>\n<script type=\"application\/ld+json\" class=\"yoast-schema-graph\">{\"@context\":\"https:\\\/\\\/schema.org\",\"@graph\":[{\"@type\":\"WebPage\",\"@id\":\"https:\\\/\\\/tapir.de\\\/fr\\\/shop\\\/brosse-dapplication-ronde-en-crin-de-cheval-fonce\\\/\",\"url\":\"https:\\\/\\\/tapir.de\\\/fr\\\/shop\\\/brosse-dapplication-ronde-en-crin-de-cheval-fonce\\\/\",\"name\":\"Brosse d\u2019application ronde en crin de cheval fonc\u00e9 - Tapir Wachswaren\",\"isPartOf\":{\"@id\":\"https:\\\/\\\/tapir.de\\\/fr\\\/?lang=en\\\/#website\"},\"primaryImageOfPage\":{\"@id\":\"https:\\\/\\\/tapir.de\\\/fr\\\/shop\\\/brosse-dapplication-ronde-en-crin-de-cheval-fonce\\\/#primaryimage\"},\"image\":{\"@id\":\"https:\\\/\\\/tapir.de\\\/fr\\\/shop\\\/brosse-dapplication-ronde-en-crin-de-cheval-fonce\\\/#primaryimage\"},\"thumbnailUrl\":\"https:\\\/\\\/tapir.de\\\/wp-content\\\/uploads\\\/2025\\\/01\\\/00906_Runde_Auftragsbuerste_aus_dunklem_Rosshaar_1.jpg\",\"datePublished\":\"2020-05-28T08:53:22+00:00\",\"dateModified\":\"2026-01-26T12:06:10+00:00\",\"description\":\"Utilisez le pinceau rond \u00e0 appliquer avec du crin de cheval fonc\u00e9 pour une application id\u00e9ale des produits de soin naturels de Tapir. Toujours durable.\",\"breadcrumb\":{\"@id\":\"https:\\\/\\\/tapir.de\\\/fr\\\/shop\\\/brosse-dapplication-ronde-en-crin-de-cheval-fonce\\\/#breadcrumb\"},\"inLanguage\":\"fr-FR\",\"potentialAction\":[{\"@type\":\"ReadAction\",\"target\":[\"https:\\\/\\\/tapir.de\\\/fr\\\/shop\\\/brosse-dapplication-ronde-en-crin-de-cheval-fonce\\\/\"]}]},{\"@type\":\"ImageObject\",\"inLanguage\":\"fr-FR\",\"@id\":\"https:\\\/\\\/tapir.de\\\/fr\\\/shop\\\/brosse-dapplication-ronde-en-crin-de-cheval-fonce\\\/#primaryimage\",\"url\":\"https:\\\/\\\/tapir.de\\\/wp-content\\\/uploads\\\/2025\\\/01\\\/00906_Runde_Auftragsbuerste_aus_dunklem_Rosshaar_1.jpg\",\"contentUrl\":\"https:\\\/\\\/tapir.de\\\/wp-content\\\/uploads\\\/2025\\\/01\\\/00906_Runde_Auftragsbuerste_aus_dunklem_Rosshaar_1.jpg\",\"width\":1500,\"height\":1500},{\"@type\":\"BreadcrumbList\",\"@id\":\"https:\\\/\\\/tapir.de\\\/fr\\\/shop\\\/brosse-dapplication-ronde-en-crin-de-cheval-fonce\\\/#breadcrumb\",\"itemListElement\":[{\"@type\":\"ListItem\",\"position\":1,\"name\":\"Startseite\",\"item\":\"https:\\\/\\\/tapir.de\\\/fr\\\/\"},{\"@type\":\"ListItem\",\"position\":2,\"name\":\"Boutique\",\"item\":\"https:\\\/\\\/tapir.de\\\/fr\\\/boutique\\\/\"},{\"@type\":\"ListItem\",\"position\":3,\"name\":\"Brosse d\u2019application ronde en crin de cheval fonc\u00e9\"}]},{\"@type\":\"WebSite\",\"@id\":\"https:\\\/\\\/tapir.de\\\/fr\\\/?lang=en\\\/#website\",\"url\":\"https:\\\/\\\/tapir.de\\\/fr\\\/?lang=en\\\/\",\"name\":\"Tapir Wachswaren\",\"description\":\"Nat\u00fcrliche Pflegeprodukte f\u00fcr Leder, Textil und Holz\",\"publisher\":{\"@id\":\"https:\\\/\\\/tapir.de\\\/fr\\\/?lang=en\\\/#organization\"},\"potentialAction\":[{\"@type\":\"SearchAction\",\"target\":{\"@type\":\"EntryPoint\",\"urlTemplate\":\"https:\\\/\\\/tapir.de\\\/fr\\\/?lang=en\\\/?s={search_term_string}\"},\"query-input\":{\"@type\":\"PropertyValueSpecification\",\"valueRequired\":true,\"valueName\":\"search_term_string\"}}],\"inLanguage\":\"fr-FR\"},{\"@type\":\"Organization\",\"@id\":\"https:\\\/\\\/tapir.de\\\/fr\\\/?lang=en\\\/#organization\",\"name\":\"Tapir Wachswaren\",\"url\":\"https:\\\/\\\/tapir.de\\\/fr\\\/?lang=en\\\/\",\"logo\":{\"@type\":\"ImageObject\",\"inLanguage\":\"fr-FR\",\"@id\":\"https:\\\/\\\/tapir.de\\\/fr\\\/?lang=en\\\/#\\\/schema\\\/logo\\\/image\\\/\",\"url\":\"https:\\\/\\\/tapir.de\\\/wp-content\\\/uploads\\\/2020\\\/11\\\/cropped-TAPIR_Wachswaren_logo.png\",\"contentUrl\":\"https:\\\/\\\/tapir.de\\\/wp-content\\\/uploads\\\/2020\\\/11\\\/cropped-TAPIR_Wachswaren_logo.png\",\"width\":512,\"height\":512,\"caption\":\"Tapir Wachswaren\"},\"image\":{\"@id\":\"https:\\\/\\\/tapir.de\\\/fr\\\/?lang=en\\\/#\\\/schema\\\/logo\\\/image\\\/\"},\"sameAs\":[\"https:\\\/\\\/www.facebook.com\\\/TapirWachswaren\\\/\",\"https:\\\/\\\/www.instagram.com\\\/tapir_pflegeprodukte\\\/?hl=de\"]}]}<\/script>\n<!-- \/ Yoast SEO plugin. -->","yoast_head_json":{"title":"Brosse d\u2019application ronde en crin de cheval fonc\u00e9 - Tapir Wachswaren","description":"Utilisez le pinceau rond \u00e0 appliquer avec du crin de cheval fonc\u00e9 pour une application id\u00e9ale des produits de soin naturels de Tapir. Toujours durable.","robots":{"index":"index","follow":"follow","max-snippet":"max-snippet:-1","max-image-preview":"max-image-preview:large","max-video-preview":"max-video-preview:-1"},"canonical":"https:\/\/tapir.de\/fr\/shop\/brosse-dapplication-ronde-en-crin-de-cheval-fonce\/","og_locale":"fr_FR","og_type":"article","og_title":"Brosse d\u2019application ronde en crin de cheval fonc\u00e9 - Tapir Wachswaren","og_description":"Utilisez le pinceau rond \u00e0 appliquer avec du crin de cheval fonc\u00e9 pour une application id\u00e9ale des produits de soin naturels de Tapir. Toujours durable.","og_url":"https:\/\/tapir.de\/fr\/shop\/brosse-dapplication-ronde-en-crin-de-cheval-fonce\/","og_site_name":"Tapir Wachswaren","article_publisher":"https:\/\/www.facebook.com\/TapirWachswaren\/","article_modified_time":"2026-01-26T12:06:10+00:00","og_image":[{"width":1500,"height":1500,"url":"https:\/\/tapir.de\/wp-content\/uploads\/2025\/01\/00906_Runde_Auftragsbuerste_aus_dunklem_Rosshaar_1.jpg","type":"image\/jpeg"}],"twitter_card":"summary_large_image","twitter_misc":{"Dur\u00e9e de lecture estim\u00e9e":"2 minutes"},"schema":{"@context":"https:\/\/schema.org","@graph":[{"@type":"WebPage","@id":"https:\/\/tapir.de\/fr\/shop\/brosse-dapplication-ronde-en-crin-de-cheval-fonce\/","url":"https:\/\/tapir.de\/fr\/shop\/brosse-dapplication-ronde-en-crin-de-cheval-fonce\/","name":"Brosse d\u2019application ronde en crin de cheval fonc\u00e9 - Tapir Wachswaren","isPartOf":{"@id":"https:\/\/tapir.de\/fr\/?lang=en\/#website"},"primaryImageOfPage":{"@id":"https:\/\/tapir.de\/fr\/shop\/brosse-dapplication-ronde-en-crin-de-cheval-fonce\/#primaryimage"},"image":{"@id":"https:\/\/tapir.de\/fr\/shop\/brosse-dapplication-ronde-en-crin-de-cheval-fonce\/#primaryimage"},"thumbnailUrl":"https:\/\/tapir.de\/wp-content\/uploads\/2025\/01\/00906_Runde_Auftragsbuerste_aus_dunklem_Rosshaar_1.jpg","datePublished":"2020-05-28T08:53:22+00:00","dateModified":"2026-01-26T12:06:10+00:00","description":"Utilisez le pinceau rond \u00e0 appliquer avec du crin de cheval fonc\u00e9 pour une application id\u00e9ale des produits de soin naturels de Tapir. Toujours durable.","breadcrumb":{"@id":"https:\/\/tapir.de\/fr\/shop\/brosse-dapplication-ronde-en-crin-de-cheval-fonce\/#breadcrumb"},"inLanguage":"fr-FR","potentialAction":[{"@type":"ReadAction","target":["https:\/\/tapir.de\/fr\/shop\/brosse-dapplication-ronde-en-crin-de-cheval-fonce\/"]}]},{"@type":"ImageObject","inLanguage":"fr-FR","@id":"https:\/\/tapir.de\/fr\/shop\/brosse-dapplication-ronde-en-crin-de-cheval-fonce\/#primaryimage","url":"https:\/\/tapir.de\/wp-content\/uploads\/2025\/01\/00906_Runde_Auftragsbuerste_aus_dunklem_Rosshaar_1.jpg","contentUrl":"https:\/\/tapir.de\/wp-content\/uploads\/2025\/01\/00906_Runde_Auftragsbuerste_aus_dunklem_Rosshaar_1.jpg","width":1500,"height":1500},{"@type":"BreadcrumbList","@id":"https:\/\/tapir.de\/fr\/shop\/brosse-dapplication-ronde-en-crin-de-cheval-fonce\/#breadcrumb","itemListElement":[{"@type":"ListItem","position":1,"name":"Startseite","item":"https:\/\/tapir.de\/fr\/"},{"@type":"ListItem","position":2,"name":"Boutique","item":"https:\/\/tapir.de\/fr\/boutique\/"},{"@type":"ListItem","position":3,"name":"Brosse d\u2019application ronde en crin de cheval fonc\u00e9"}]},{"@type":"WebSite","@id":"https:\/\/tapir.de\/fr\/?lang=en\/#website","url":"https:\/\/tapir.de\/fr\/?lang=en\/","name":"Tapir Wachswaren","description":"Nat\u00fcrliche Pflegeprodukte f\u00fcr Leder, Textil und Holz","publisher":{"@id":"https:\/\/tapir.de\/fr\/?lang=en\/#organization"},"potentialAction":[{"@type":"SearchAction","target":{"@type":"EntryPoint","urlTemplate":"https:\/\/tapir.de\/fr\/?lang=en\/?s={search_term_string}"},"query-input":{"@type":"PropertyValueSpecification","valueRequired":true,"valueName":"search_term_string"}}],"inLanguage":"fr-FR"},{"@type":"Organization","@id":"https:\/\/tapir.de\/fr\/?lang=en\/#organization","name":"Tapir Wachswaren","url":"https:\/\/tapir.de\/fr\/?lang=en\/","logo":{"@type":"ImageObject","inLanguage":"fr-FR","@id":"https:\/\/tapir.de\/fr\/?lang=en\/#\/schema\/logo\/image\/","url":"https:\/\/tapir.de\/wp-content\/uploads\/2020\/11\/cropped-TAPIR_Wachswaren_logo.png","contentUrl":"https:\/\/tapir.de\/wp-content\/uploads\/2020\/11\/cropped-TAPIR_Wachswaren_logo.png","width":512,"height":512,"caption":"Tapir Wachswaren"},"image":{"@id":"https:\/\/tapir.de\/fr\/?lang=en\/#\/schema\/logo\/image\/"},"sameAs":["https:\/\/www.facebook.com\/TapirWachswaren\/","https:\/\/www.instagram.com\/tapir_pflegeprodukte\/?hl=de"]}]}},"_links":{"self":[{"href":"https:\/\/tapir.de\/fr\/wp-json\/wp\/v2\/product\/20947","targetHints":{"allow":["GET"]}}],"collection":[{"href":"https:\/\/tapir.de\/fr\/wp-json\/wp\/v2\/product"}],"about":[{"href":"https:\/\/tapir.de\/fr\/wp-json\/wp\/v2\/types\/product"}],"wp:featuredmedia":[{"embeddable":true,"href":"https:\/\/tapir.de\/fr\/wp-json\/wp\/v2\/media\/20951"}],"wp:attachment":[{"href":"https:\/\/tapir.de\/fr\/wp-json\/wp\/v2\/media?parent=20947"}],"wp:term":[{"taxonomy":"product_brand","embeddable":true,"href":"https:\/\/tapir.de\/fr\/wp-json\/wp\/v2\/product_brand?post=20947"},{"taxonomy":"product_cat","embeddable":true,"href":"https:\/\/tapir.de\/fr\/wp-json\/wp\/v2\/product_cat?post=20947"},{"taxonomy":"product_tag","embeddable":true,"href":"https:\/\/tapir.de\/fr\/wp-json\/wp\/v2\/product_tag?post=20947"}],"curies":[{"name":"wp","href":"https:\/\/api.w.org\/{rel}","templated":true}]}}