{"id":20930,"date":"2020-05-28T10:57:50","date_gmt":"2020-05-28T08:57:50","guid":{"rendered":"https:\/\/tapir.de\/shop\/brosse-a-poussiere-avec-des-poils-en-fibres-naturelles\/"},"modified":"2026-01-26T13:06:10","modified_gmt":"2026-01-26T12:06:10","slug":"brosse-a-poussiere-avec-des-poils-en-fibres-naturelles","status":"publish","type":"product","link":"https:\/\/tapir.de\/fr\/shop\/brosse-a-poussiere-avec-des-poils-en-fibres-naturelles\/","title":{"rendered":"Brosse \u00e0 poussi\u00e8re avec des poils en fibres naturelles"},"content":{"rendered":"<h2><span style=\"color: #ba090f;\"><strong><span style=\"font-size: 80%;\">Le brossage \u00e0 terre Tapir avec poils en fibres naturelles \u2013 pour la salet\u00e9 et la crasse grossi\u00e8re<\/span><\/strong><\/span><\/h2>\n<p>La brosse \u00e0 poussi\u00e8re Tapir faite de poils en fibres naturelles est un outil indispensable pour l\u2019entretien des chaussures. Surtout quand il s\u2019agit d\u2019enlever la salet\u00e9 et les d\u00e9bris tenaces des chaussures. Fabriqu\u00e9es \u00e0 partir de poils en fibre de haute qualit\u00e9, les brosses Tapir Dirt Brushes offrent une solution de nettoyage efficace et douce pour une large gamme de surfaces de chaussures. Qu\u2019il s\u2019agisse de chaussures de randonn\u00e9e, de chaussures d\u2019enfants ou de baskets, elles peuvent \u00eatre utilis\u00e9es pour presque tous les types de chaussures. Non seulement la surface, mais aussi les semelles en particulier peuvent \u00eatre magnifiquement bross\u00e9es. Au fait, \u00e0 la fois sec et humide.     <\/p>\n<p>Les poils en fibre sont particuli\u00e8rement robustes et r\u00e9sistants \u00e0 l\u2019usure, ce qui les rend id\u00e9aux pour \u00e9liminer les particules de salet\u00e9 sans endommager le mat\u00e9riau de la chaussure. Leurs propri\u00e9t\u00e9s flexibles permettent un nettoyage approfondi m\u00eame dans les zones difficiles d\u2019acc\u00e8s, comme les rainures des semelles ou entre les coutures. La brosse \u00e0 terre Tapir est donc polyvalente et convient non seulement au nettoyage des chaussures, mais aussi \u00e0 d\u2019autres articles en cuir comme des sacs ou des ceintures. Il est particuli\u00e8rement efficace pour \u00e9liminer la poussi\u00e8re, la boue ou d\u2019autres r\u00e9sidus qui peuvent s\u2019accumuler \u00e0 la surface avec le temps.   <\/p>\n<p>Un autre avantage des poils est leur durabilit\u00e9 et leur entretien facile. Apr\u00e8s utilisation, il suffit de nettoyer les poils \u00e0 l\u2019eau et de les laisser s\u00e9cher \u00e0 l\u2019air libre pour maintenir leur efficacit\u00e9. <\/p>\n<p>Dans l\u2019ensemble, la brosse \u00e0 tapires fabriqu\u00e9e en poils en fibres naturelles est un outil indispensable pour l\u2019entretien des chaussures, indispensable dans votre <a href=\"https:\/\/tapir.de\/schuhputzkisten-2\">bo\u00eete \u00e0 cirer chaussures<\/a> . Gr\u00e2ce \u00e0 sa robustesse et sa polyvalence, elles contribuent \u00e0 prolonger la dur\u00e9e de vie de vos chaussures et \u00e0 pr\u00e9server leur apparence. <\/p>\n<h2><span style=\"color: #ba090f;\"><strong><span style=\"font-size: 80%;\">Caract\u00e9ristiques du produit<\/span><\/strong><\/span><\/h2>\n<ul>\n<li>Fabriqu\u00e9 en h\u00eatre<\/li>\n<li>avec des poils de fibres fabriqu\u00e9s \u00e0 partir de fibres naturelles stables<\/li>\n<li>16 cm de longueur<\/li>\n<li>Fabriqu\u00e9 en Allemagne<\/li>\n<\/ul>\n","protected":false},"excerpt":{"rendered":"<p>La brosse \u00e0 terre pour enlever la salet\u00e9 grossi\u00e8re et la crasse.<\/p>\n","protected":false},"featured_media":20939,"template":"","meta":[],"product_brand":[],"product_cat":[873],"product_tag":[892,871],"class_list":{"0":"post-20930","1":"product","2":"type-product","3":"status-publish","4":"has-post-thumbnail","6":"product_cat-brosses","7":"product_tag-accessoires","8":"product_tag-nettoyage","9":"pa_geeignet-fuer-bottes","10":"pa_geeignet-fuer-bottes-dequitation","11":"pa_geeignet-fuer-chaussures","12":"pa_geeignet-fuer-chaussures-de-bateau","13":"pa_geeignet-fuer-chaussures-de-jardinage","14":"pa_geeignet-fuer-chaussures-de-randonnee","15":"pa_geeignet-fuer-chaussures-de-travail","16":"pa_geeignet-fuer-chaussures-pour-enfants","17":"pa_geeignet-fuer-semelles-de-chaussures","19":"first","20":"instock","21":"taxable","22":"shipping-taxable","23":"purchasable","24":"product-type-simple"},"yoast_head":"<!-- This site is optimized with the Yoast SEO plugin v27.4 - https:\/\/yoast.com\/product\/yoast-seo-wordpress\/ -->\n<title>Brosse \u00e0 poussi\u00e8re avec des poils en fibres naturelles - Tapir Wachswaren<\/title>\n<meta name=\"description\" content=\"La brosse \u00e0 terre Tapir avec des poils en fibres naturelles est un outil indispensable pour l\u2019entretien des chaussures. Nettoyage humide et \u00e0 sec avec poils stables.\" \/>\n<meta name=\"robots\" content=\"index, follow, max-snippet:-1, max-image-preview:large, max-video-preview:-1\" \/>\n<link rel=\"canonical\" href=\"https:\/\/tapir.de\/fr\/shop\/brosse-a-poussiere-avec-des-poils-en-fibres-naturelles\/\" \/>\n<meta property=\"og:locale\" content=\"fr_FR\" \/>\n<meta property=\"og:type\" content=\"article\" \/>\n<meta property=\"og:title\" content=\"Brosse \u00e0 poussi\u00e8re avec des poils en fibres naturelles - Tapir Wachswaren\" \/>\n<meta property=\"og:description\" content=\"La brosse \u00e0 terre Tapir avec des poils en fibres naturelles est un outil indispensable pour l\u2019entretien des chaussures. Nettoyage humide et \u00e0 sec avec poils stables.\" \/>\n<meta property=\"og:url\" content=\"https:\/\/tapir.de\/fr\/shop\/brosse-a-poussiere-avec-des-poils-en-fibres-naturelles\/\" \/>\n<meta property=\"og:site_name\" content=\"Tapir Wachswaren\" \/>\n<meta property=\"article:publisher\" content=\"https:\/\/www.facebook.com\/TapirWachswaren\/\" \/>\n<meta property=\"article:modified_time\" content=\"2026-01-26T12:06:10+00:00\" \/>\n<meta property=\"og:image\" content=\"https:\/\/tapir.de\/wp-content\/uploads\/2025\/01\/00904_Schmutzbuerste_mit_natuerlichen_Fibre_Borsten_1.jpg\" \/>\n\t<meta property=\"og:image:width\" content=\"1500\" \/>\n\t<meta property=\"og:image:height\" content=\"1500\" \/>\n\t<meta property=\"og:image:type\" content=\"image\/jpeg\" \/>\n<meta name=\"twitter:card\" content=\"summary_large_image\" \/>\n<meta name=\"twitter:label1\" content=\"Dur\u00e9e de lecture estim\u00e9e\" \/>\n\t<meta name=\"twitter:data1\" content=\"2 minutes\" \/>\n<script type=\"application\/ld+json\" class=\"yoast-schema-graph\">{\"@context\":\"https:\\\/\\\/schema.org\",\"@graph\":[{\"@type\":\"WebPage\",\"@id\":\"https:\\\/\\\/tapir.de\\\/fr\\\/shop\\\/brosse-a-poussiere-avec-des-poils-en-fibres-naturelles\\\/\",\"url\":\"https:\\\/\\\/tapir.de\\\/fr\\\/shop\\\/brosse-a-poussiere-avec-des-poils-en-fibres-naturelles\\\/\",\"name\":\"Brosse \u00e0 poussi\u00e8re avec des poils en fibres naturelles - Tapir Wachswaren\",\"isPartOf\":{\"@id\":\"https:\\\/\\\/tapir.de\\\/fr\\\/?lang=en\\\/#website\"},\"primaryImageOfPage\":{\"@id\":\"https:\\\/\\\/tapir.de\\\/fr\\\/shop\\\/brosse-a-poussiere-avec-des-poils-en-fibres-naturelles\\\/#primaryimage\"},\"image\":{\"@id\":\"https:\\\/\\\/tapir.de\\\/fr\\\/shop\\\/brosse-a-poussiere-avec-des-poils-en-fibres-naturelles\\\/#primaryimage\"},\"thumbnailUrl\":\"https:\\\/\\\/tapir.de\\\/wp-content\\\/uploads\\\/2025\\\/01\\\/00904_Schmutzbuerste_mit_natuerlichen_Fibre_Borsten_1.jpg\",\"datePublished\":\"2020-05-28T08:57:50+00:00\",\"dateModified\":\"2026-01-26T12:06:10+00:00\",\"description\":\"La brosse \u00e0 terre Tapir avec des poils en fibres naturelles est un outil indispensable pour l\u2019entretien des chaussures. Nettoyage humide et \u00e0 sec avec poils stables.\",\"breadcrumb\":{\"@id\":\"https:\\\/\\\/tapir.de\\\/fr\\\/shop\\\/brosse-a-poussiere-avec-des-poils-en-fibres-naturelles\\\/#breadcrumb\"},\"inLanguage\":\"fr-FR\",\"potentialAction\":[{\"@type\":\"ReadAction\",\"target\":[\"https:\\\/\\\/tapir.de\\\/fr\\\/shop\\\/brosse-a-poussiere-avec-des-poils-en-fibres-naturelles\\\/\"]}]},{\"@type\":\"ImageObject\",\"inLanguage\":\"fr-FR\",\"@id\":\"https:\\\/\\\/tapir.de\\\/fr\\\/shop\\\/brosse-a-poussiere-avec-des-poils-en-fibres-naturelles\\\/#primaryimage\",\"url\":\"https:\\\/\\\/tapir.de\\\/wp-content\\\/uploads\\\/2025\\\/01\\\/00904_Schmutzbuerste_mit_natuerlichen_Fibre_Borsten_1.jpg\",\"contentUrl\":\"https:\\\/\\\/tapir.de\\\/wp-content\\\/uploads\\\/2025\\\/01\\\/00904_Schmutzbuerste_mit_natuerlichen_Fibre_Borsten_1.jpg\",\"width\":1500,\"height\":1500},{\"@type\":\"BreadcrumbList\",\"@id\":\"https:\\\/\\\/tapir.de\\\/fr\\\/shop\\\/brosse-a-poussiere-avec-des-poils-en-fibres-naturelles\\\/#breadcrumb\",\"itemListElement\":[{\"@type\":\"ListItem\",\"position\":1,\"name\":\"Startseite\",\"item\":\"https:\\\/\\\/tapir.de\\\/fr\\\/\"},{\"@type\":\"ListItem\",\"position\":2,\"name\":\"Boutique\",\"item\":\"https:\\\/\\\/tapir.de\\\/fr\\\/boutique\\\/\"},{\"@type\":\"ListItem\",\"position\":3,\"name\":\"Brosse \u00e0 poussi\u00e8re avec des poils en fibres naturelles\"}]},{\"@type\":\"WebSite\",\"@id\":\"https:\\\/\\\/tapir.de\\\/fr\\\/?lang=en\\\/#website\",\"url\":\"https:\\\/\\\/tapir.de\\\/fr\\\/?lang=en\\\/\",\"name\":\"Tapir Wachswaren\",\"description\":\"Nat\u00fcrliche Pflegeprodukte f\u00fcr Leder, Textil und Holz\",\"publisher\":{\"@id\":\"https:\\\/\\\/tapir.de\\\/fr\\\/?lang=en\\\/#organization\"},\"potentialAction\":[{\"@type\":\"SearchAction\",\"target\":{\"@type\":\"EntryPoint\",\"urlTemplate\":\"https:\\\/\\\/tapir.de\\\/fr\\\/?lang=en\\\/?s={search_term_string}\"},\"query-input\":{\"@type\":\"PropertyValueSpecification\",\"valueRequired\":true,\"valueName\":\"search_term_string\"}}],\"inLanguage\":\"fr-FR\"},{\"@type\":\"Organization\",\"@id\":\"https:\\\/\\\/tapir.de\\\/fr\\\/?lang=en\\\/#organization\",\"name\":\"Tapir Wachswaren\",\"url\":\"https:\\\/\\\/tapir.de\\\/fr\\\/?lang=en\\\/\",\"logo\":{\"@type\":\"ImageObject\",\"inLanguage\":\"fr-FR\",\"@id\":\"https:\\\/\\\/tapir.de\\\/fr\\\/?lang=en\\\/#\\\/schema\\\/logo\\\/image\\\/\",\"url\":\"https:\\\/\\\/tapir.de\\\/wp-content\\\/uploads\\\/2020\\\/11\\\/cropped-TAPIR_Wachswaren_logo.png\",\"contentUrl\":\"https:\\\/\\\/tapir.de\\\/wp-content\\\/uploads\\\/2020\\\/11\\\/cropped-TAPIR_Wachswaren_logo.png\",\"width\":512,\"height\":512,\"caption\":\"Tapir Wachswaren\"},\"image\":{\"@id\":\"https:\\\/\\\/tapir.de\\\/fr\\\/?lang=en\\\/#\\\/schema\\\/logo\\\/image\\\/\"},\"sameAs\":[\"https:\\\/\\\/www.facebook.com\\\/TapirWachswaren\\\/\",\"https:\\\/\\\/www.instagram.com\\\/tapir_pflegeprodukte\\\/?hl=de\"]}]}<\/script>\n<!-- \/ Yoast SEO plugin. -->","yoast_head_json":{"title":"Brosse \u00e0 poussi\u00e8re avec des poils en fibres naturelles - Tapir Wachswaren","description":"La brosse \u00e0 terre Tapir avec des poils en fibres naturelles est un outil indispensable pour l\u2019entretien des chaussures. Nettoyage humide et \u00e0 sec avec poils stables.","robots":{"index":"index","follow":"follow","max-snippet":"max-snippet:-1","max-image-preview":"max-image-preview:large","max-video-preview":"max-video-preview:-1"},"canonical":"https:\/\/tapir.de\/fr\/shop\/brosse-a-poussiere-avec-des-poils-en-fibres-naturelles\/","og_locale":"fr_FR","og_type":"article","og_title":"Brosse \u00e0 poussi\u00e8re avec des poils en fibres naturelles - Tapir Wachswaren","og_description":"La brosse \u00e0 terre Tapir avec des poils en fibres naturelles est un outil indispensable pour l\u2019entretien des chaussures. Nettoyage humide et \u00e0 sec avec poils stables.","og_url":"https:\/\/tapir.de\/fr\/shop\/brosse-a-poussiere-avec-des-poils-en-fibres-naturelles\/","og_site_name":"Tapir Wachswaren","article_publisher":"https:\/\/www.facebook.com\/TapirWachswaren\/","article_modified_time":"2026-01-26T12:06:10+00:00","og_image":[{"width":1500,"height":1500,"url":"https:\/\/tapir.de\/wp-content\/uploads\/2025\/01\/00904_Schmutzbuerste_mit_natuerlichen_Fibre_Borsten_1.jpg","type":"image\/jpeg"}],"twitter_card":"summary_large_image","twitter_misc":{"Dur\u00e9e de lecture estim\u00e9e":"2 minutes"},"schema":{"@context":"https:\/\/schema.org","@graph":[{"@type":"WebPage","@id":"https:\/\/tapir.de\/fr\/shop\/brosse-a-poussiere-avec-des-poils-en-fibres-naturelles\/","url":"https:\/\/tapir.de\/fr\/shop\/brosse-a-poussiere-avec-des-poils-en-fibres-naturelles\/","name":"Brosse \u00e0 poussi\u00e8re avec des poils en fibres naturelles - Tapir Wachswaren","isPartOf":{"@id":"https:\/\/tapir.de\/fr\/?lang=en\/#website"},"primaryImageOfPage":{"@id":"https:\/\/tapir.de\/fr\/shop\/brosse-a-poussiere-avec-des-poils-en-fibres-naturelles\/#primaryimage"},"image":{"@id":"https:\/\/tapir.de\/fr\/shop\/brosse-a-poussiere-avec-des-poils-en-fibres-naturelles\/#primaryimage"},"thumbnailUrl":"https:\/\/tapir.de\/wp-content\/uploads\/2025\/01\/00904_Schmutzbuerste_mit_natuerlichen_Fibre_Borsten_1.jpg","datePublished":"2020-05-28T08:57:50+00:00","dateModified":"2026-01-26T12:06:10+00:00","description":"La brosse \u00e0 terre Tapir avec des poils en fibres naturelles est un outil indispensable pour l\u2019entretien des chaussures. Nettoyage humide et \u00e0 sec avec poils stables.","breadcrumb":{"@id":"https:\/\/tapir.de\/fr\/shop\/brosse-a-poussiere-avec-des-poils-en-fibres-naturelles\/#breadcrumb"},"inLanguage":"fr-FR","potentialAction":[{"@type":"ReadAction","target":["https:\/\/tapir.de\/fr\/shop\/brosse-a-poussiere-avec-des-poils-en-fibres-naturelles\/"]}]},{"@type":"ImageObject","inLanguage":"fr-FR","@id":"https:\/\/tapir.de\/fr\/shop\/brosse-a-poussiere-avec-des-poils-en-fibres-naturelles\/#primaryimage","url":"https:\/\/tapir.de\/wp-content\/uploads\/2025\/01\/00904_Schmutzbuerste_mit_natuerlichen_Fibre_Borsten_1.jpg","contentUrl":"https:\/\/tapir.de\/wp-content\/uploads\/2025\/01\/00904_Schmutzbuerste_mit_natuerlichen_Fibre_Borsten_1.jpg","width":1500,"height":1500},{"@type":"BreadcrumbList","@id":"https:\/\/tapir.de\/fr\/shop\/brosse-a-poussiere-avec-des-poils-en-fibres-naturelles\/#breadcrumb","itemListElement":[{"@type":"ListItem","position":1,"name":"Startseite","item":"https:\/\/tapir.de\/fr\/"},{"@type":"ListItem","position":2,"name":"Boutique","item":"https:\/\/tapir.de\/fr\/boutique\/"},{"@type":"ListItem","position":3,"name":"Brosse \u00e0 poussi\u00e8re avec des poils en fibres naturelles"}]},{"@type":"WebSite","@id":"https:\/\/tapir.de\/fr\/?lang=en\/#website","url":"https:\/\/tapir.de\/fr\/?lang=en\/","name":"Tapir Wachswaren","description":"Nat\u00fcrliche Pflegeprodukte f\u00fcr Leder, Textil und Holz","publisher":{"@id":"https:\/\/tapir.de\/fr\/?lang=en\/#organization"},"potentialAction":[{"@type":"SearchAction","target":{"@type":"EntryPoint","urlTemplate":"https:\/\/tapir.de\/fr\/?lang=en\/?s={search_term_string}"},"query-input":{"@type":"PropertyValueSpecification","valueRequired":true,"valueName":"search_term_string"}}],"inLanguage":"fr-FR"},{"@type":"Organization","@id":"https:\/\/tapir.de\/fr\/?lang=en\/#organization","name":"Tapir Wachswaren","url":"https:\/\/tapir.de\/fr\/?lang=en\/","logo":{"@type":"ImageObject","inLanguage":"fr-FR","@id":"https:\/\/tapir.de\/fr\/?lang=en\/#\/schema\/logo\/image\/","url":"https:\/\/tapir.de\/wp-content\/uploads\/2020\/11\/cropped-TAPIR_Wachswaren_logo.png","contentUrl":"https:\/\/tapir.de\/wp-content\/uploads\/2020\/11\/cropped-TAPIR_Wachswaren_logo.png","width":512,"height":512,"caption":"Tapir Wachswaren"},"image":{"@id":"https:\/\/tapir.de\/fr\/?lang=en\/#\/schema\/logo\/image\/"},"sameAs":["https:\/\/www.facebook.com\/TapirWachswaren\/","https:\/\/www.instagram.com\/tapir_pflegeprodukte\/?hl=de"]}]}},"_links":{"self":[{"href":"https:\/\/tapir.de\/fr\/wp-json\/wp\/v2\/product\/20930","targetHints":{"allow":["GET"]}}],"collection":[{"href":"https:\/\/tapir.de\/fr\/wp-json\/wp\/v2\/product"}],"about":[{"href":"https:\/\/tapir.de\/fr\/wp-json\/wp\/v2\/types\/product"}],"wp:featuredmedia":[{"embeddable":true,"href":"https:\/\/tapir.de\/fr\/wp-json\/wp\/v2\/media\/20939"}],"wp:attachment":[{"href":"https:\/\/tapir.de\/fr\/wp-json\/wp\/v2\/media?parent=20930"}],"wp:term":[{"taxonomy":"product_brand","embeddable":true,"href":"https:\/\/tapir.de\/fr\/wp-json\/wp\/v2\/product_brand?post=20930"},{"taxonomy":"product_cat","embeddable":true,"href":"https:\/\/tapir.de\/fr\/wp-json\/wp\/v2\/product_cat?post=20930"},{"taxonomy":"product_tag","embeddable":true,"href":"https:\/\/tapir.de\/fr\/wp-json\/wp\/v2\/product_tag?post=20930"}],"curies":[{"name":"wp","href":"https:\/\/api.w.org\/{rel}","templated":true}]}}