{"id":20919,"date":"2020-05-28T10:58:36","date_gmt":"2020-05-28T08:58:36","guid":{"rendered":"https:\/\/tapir.de\/shop\/brosse-longue-application-pour-produits-de-soins-liquides\/"},"modified":"2026-01-26T13:06:08","modified_gmt":"2026-01-26T12:06:08","slug":"brosse-longue-application-pour-produits-de-soins-liquides","status":"publish","type":"product","link":"https:\/\/tapir.de\/fr\/shop\/brosse-longue-application-pour-produits-de-soins-liquides\/","title":{"rendered":"Brosse longue application pour produits de soins liquides"},"content":{"rendered":"<p><strong><span><span style=\"font-size: 120%;\">Brosse \u00e0 application longue <\/span><span style=\"caret-color: #a90533; font-size: 17.280001px;\">pour<\/span><span><span style=\"color: #a90533;\"><span style=\"font-size: 120%;\"> le soin des semelles du cuir ou d\u2019autres produits de soins liquides <\/span><span style=\"caret-color: #a90533; font-size: 17.280001px;\"><\/span><\/span><\/span><\/span><\/strong><\/p>\n<p>La brosse longue d\u2019application pour l\u2019entretien des semelles en cuir, fabriqu\u00e9e en h\u00eatre avec des poils en crin de cheval, est un outil indispensable pour l\u2019entretien et la protection des semelles en cuir. Mais cette brosse est aussi id\u00e9ale pour d\u2019autres produits de soin comme le cuir liquide ou le Tapir Outdoors. Le bois de h\u00eatre donne au pinceau une structure solide, parfaite pour des usages r\u00e9p\u00e9t\u00e9s. Les poils de crin de cheval sont id\u00e9aux pour l\u2019absorption et la distribution uniforme des produits de soin des tapirs. Le crin de cheval est r\u00e9put\u00e9 pour sa douceur et sa flexibilit\u00e9, ce qui garantit une application d\u00e9licate. La semelle ou le cuir est parfaitement entretenu sans l\u2019endommager.     <\/p>\n<p>Utiliser ce pinceau d\u2019application facilite grandement l\u2019entretien des semelles en cuir. Gr\u00e2ce \u00e0 sa pr\u00e9cision d\u2019application, la semelle en cuir Tapir peut \u00eatre appliqu\u00e9e de mani\u00e8re uniforme et efficace. Le cuir est prot\u00e9g\u00e9 et sa dur\u00e9e de vie est prolong\u00e9e. De plus, la brosse est facile \u00e0 nettoyer et \u00e0 entretenir. Apr\u00e8s chaque utilisation, les poils peuvent \u00eatre nettoy\u00e9s avec un d\u00e9tergent doux, comme notre nettoyant, puis s\u00e9ch\u00e9s \u00e0 l\u2019air pour pr\u00e9server leur efficacit\u00e9 et leur durabilit\u00e9.    <\/p>\n<p>Dans l\u2019ensemble, le pinceau \u00e0 application longue en bois de h\u00eatre avec des poils de cheval est un outil indispensable pour tous ceux qui tiennent \u00e0 l\u2019entretien de leurs semelles en cuir et d\u2019autres produits en cuir. Gr\u00e2ce \u00e0 sa qualit\u00e9 de premi\u00e8re classe et son application pratique, il enrichit tout \u00e9quipement de soin et garantit une beaut\u00e9 et une fonctionnalit\u00e9 durables de vos chaussures et produits en cuir. <\/p>\n<p><span style=\"font-size: 120%;\"><strong><span style=\"color: #a90533;\">Caract\u00e9ristiques du produit<\/span><\/strong><\/span> :<\/p>\n<ul>\n<li>Brosses en crin de cheval et corps en h\u00eatre<\/li>\n<li>Dimensions : 14 cm de long<\/li>\n<li>Fabriqu\u00e9 en Allemagne<\/li>\n<\/ul>\n","protected":false},"excerpt":{"rendered":"<p>Id\u00e9al pour l\u2019application de produits de soins liquides, tels que le soin des semelles du cuir, la protection contre l\u2019humidit\u00e9 ou le soin liquide du cuir pour le cuir fin.<\/p>\n","protected":false},"featured_media":20923,"template":"","meta":[],"product_brand":[],"product_cat":[873],"product_tag":[892],"class_list":{"0":"post-20919","1":"product","2":"type-product","3":"status-publish","4":"has-post-thumbnail","6":"product_cat-brosses","7":"product_tag-accessoires","8":"pa_geeignet-fuer-chaussures-pour-femmes","9":"pa_geeignet-fuer-chaussures-pour-hommes","10":"pa_geeignet-fuer-semelles-en-cuir","12":"first","13":"instock","14":"taxable","15":"shipping-taxable","16":"purchasable","17":"product-type-simple"},"yoast_head":"<!-- This site is optimized with the Yoast SEO plugin v27.3 - https:\/\/yoast.com\/product\/yoast-seo-wordpress\/ -->\n<title>Brosse longue application pour produits de soins liquides - Tapir Wachswaren<\/title>\n<meta name=\"description\" content=\"Brosse longue application pour l\u2019application de produits liquides pour les chaussures, tels que le soin des semelles en cuir, le soin du cuir ou la protection contre l\u2019humidit\u00e9. Trempez le pinceau et appliquez les produits de soins.\" \/>\n<meta name=\"robots\" content=\"index, follow, max-snippet:-1, max-image-preview:large, max-video-preview:-1\" \/>\n<link rel=\"canonical\" href=\"https:\/\/tapir.de\/fr\/shop\/brosse-longue-application-pour-produits-de-soins-liquides\/\" \/>\n<meta property=\"og:locale\" content=\"fr_FR\" \/>\n<meta property=\"og:type\" content=\"article\" \/>\n<meta property=\"og:title\" content=\"Brosse longue application pour produits de soins liquides - Tapir Wachswaren\" \/>\n<meta property=\"og:description\" content=\"Brosse longue application pour l\u2019application de produits liquides pour les chaussures, tels que le soin des semelles en cuir, le soin du cuir ou la protection contre l\u2019humidit\u00e9. Trempez le pinceau et appliquez les produits de soins.\" \/>\n<meta property=\"og:url\" content=\"https:\/\/tapir.de\/fr\/shop\/brosse-longue-application-pour-produits-de-soins-liquides\/\" \/>\n<meta property=\"og:site_name\" content=\"Tapir Wachswaren\" \/>\n<meta property=\"article:publisher\" content=\"https:\/\/www.facebook.com\/TapirWachswaren\/\" \/>\n<meta property=\"article:modified_time\" content=\"2026-01-26T12:06:08+00:00\" \/>\n<meta property=\"og:image\" content=\"https:\/\/tapir.de\/wp-content\/uploads\/2025\/01\/00907_Langer_Auftragspinsel_fuer_Ledersohlenpflege_2.jpg\" \/>\n\t<meta property=\"og:image:width\" content=\"1500\" \/>\n\t<meta property=\"og:image:height\" content=\"1500\" \/>\n\t<meta property=\"og:image:type\" content=\"image\/jpeg\" \/>\n<meta name=\"twitter:card\" content=\"summary_large_image\" \/>\n<meta name=\"twitter:label1\" content=\"Dur\u00e9e de lecture estim\u00e9e\" \/>\n\t<meta name=\"twitter:data1\" content=\"2 minutes\" \/>\n<script type=\"application\/ld+json\" class=\"yoast-schema-graph\">{\"@context\":\"https:\\\/\\\/schema.org\",\"@graph\":[{\"@type\":\"WebPage\",\"@id\":\"https:\\\/\\\/tapir.de\\\/fr\\\/shop\\\/brosse-longue-application-pour-produits-de-soins-liquides\\\/\",\"url\":\"https:\\\/\\\/tapir.de\\\/fr\\\/shop\\\/brosse-longue-application-pour-produits-de-soins-liquides\\\/\",\"name\":\"Brosse longue application pour produits de soins liquides - Tapir Wachswaren\",\"isPartOf\":{\"@id\":\"https:\\\/\\\/tapir.de\\\/fr\\\/?lang=en\\\/#website\"},\"primaryImageOfPage\":{\"@id\":\"https:\\\/\\\/tapir.de\\\/fr\\\/shop\\\/brosse-longue-application-pour-produits-de-soins-liquides\\\/#primaryimage\"},\"image\":{\"@id\":\"https:\\\/\\\/tapir.de\\\/fr\\\/shop\\\/brosse-longue-application-pour-produits-de-soins-liquides\\\/#primaryimage\"},\"thumbnailUrl\":\"https:\\\/\\\/tapir.de\\\/wp-content\\\/uploads\\\/2025\\\/01\\\/00907_Langer_Auftragspinsel_fuer_Ledersohlenpflege_2.jpg\",\"datePublished\":\"2020-05-28T08:58:36+00:00\",\"dateModified\":\"2026-01-26T12:06:08+00:00\",\"description\":\"Brosse longue application pour l\u2019application de produits liquides pour les chaussures, tels que le soin des semelles en cuir, le soin du cuir ou la protection contre l\u2019humidit\u00e9. Trempez le pinceau et appliquez les produits de soins.\",\"breadcrumb\":{\"@id\":\"https:\\\/\\\/tapir.de\\\/fr\\\/shop\\\/brosse-longue-application-pour-produits-de-soins-liquides\\\/#breadcrumb\"},\"inLanguage\":\"fr-FR\",\"potentialAction\":[{\"@type\":\"ReadAction\",\"target\":[\"https:\\\/\\\/tapir.de\\\/fr\\\/shop\\\/brosse-longue-application-pour-produits-de-soins-liquides\\\/\"]}]},{\"@type\":\"ImageObject\",\"inLanguage\":\"fr-FR\",\"@id\":\"https:\\\/\\\/tapir.de\\\/fr\\\/shop\\\/brosse-longue-application-pour-produits-de-soins-liquides\\\/#primaryimage\",\"url\":\"https:\\\/\\\/tapir.de\\\/wp-content\\\/uploads\\\/2025\\\/01\\\/00907_Langer_Auftragspinsel_fuer_Ledersohlenpflege_2.jpg\",\"contentUrl\":\"https:\\\/\\\/tapir.de\\\/wp-content\\\/uploads\\\/2025\\\/01\\\/00907_Langer_Auftragspinsel_fuer_Ledersohlenpflege_2.jpg\",\"width\":1500,\"height\":1500},{\"@type\":\"BreadcrumbList\",\"@id\":\"https:\\\/\\\/tapir.de\\\/fr\\\/shop\\\/brosse-longue-application-pour-produits-de-soins-liquides\\\/#breadcrumb\",\"itemListElement\":[{\"@type\":\"ListItem\",\"position\":1,\"name\":\"Startseite\",\"item\":\"https:\\\/\\\/tapir.de\\\/fr\\\/\"},{\"@type\":\"ListItem\",\"position\":2,\"name\":\"Boutique\",\"item\":\"https:\\\/\\\/tapir.de\\\/fr\\\/boutique\\\/\"},{\"@type\":\"ListItem\",\"position\":3,\"name\":\"Brosse longue application pour produits de soins liquides\"}]},{\"@type\":\"WebSite\",\"@id\":\"https:\\\/\\\/tapir.de\\\/fr\\\/?lang=en\\\/#website\",\"url\":\"https:\\\/\\\/tapir.de\\\/fr\\\/?lang=en\\\/\",\"name\":\"Tapir Wachswaren\",\"description\":\"Nat\u00fcrliche Pflegeprodukte f\u00fcr Leder, Textil und Holz\",\"publisher\":{\"@id\":\"https:\\\/\\\/tapir.de\\\/fr\\\/?lang=en\\\/#organization\"},\"potentialAction\":[{\"@type\":\"SearchAction\",\"target\":{\"@type\":\"EntryPoint\",\"urlTemplate\":\"https:\\\/\\\/tapir.de\\\/fr\\\/?lang=en\\\/?s={search_term_string}\"},\"query-input\":{\"@type\":\"PropertyValueSpecification\",\"valueRequired\":true,\"valueName\":\"search_term_string\"}}],\"inLanguage\":\"fr-FR\"},{\"@type\":\"Organization\",\"@id\":\"https:\\\/\\\/tapir.de\\\/fr\\\/?lang=en\\\/#organization\",\"name\":\"Tapir Wachswaren\",\"url\":\"https:\\\/\\\/tapir.de\\\/fr\\\/?lang=en\\\/\",\"logo\":{\"@type\":\"ImageObject\",\"inLanguage\":\"fr-FR\",\"@id\":\"https:\\\/\\\/tapir.de\\\/fr\\\/?lang=en\\\/#\\\/schema\\\/logo\\\/image\\\/\",\"url\":\"https:\\\/\\\/tapir.de\\\/wp-content\\\/uploads\\\/2020\\\/11\\\/cropped-TAPIR_Wachswaren_logo.png\",\"contentUrl\":\"https:\\\/\\\/tapir.de\\\/wp-content\\\/uploads\\\/2020\\\/11\\\/cropped-TAPIR_Wachswaren_logo.png\",\"width\":512,\"height\":512,\"caption\":\"Tapir Wachswaren\"},\"image\":{\"@id\":\"https:\\\/\\\/tapir.de\\\/fr\\\/?lang=en\\\/#\\\/schema\\\/logo\\\/image\\\/\"},\"sameAs\":[\"https:\\\/\\\/www.facebook.com\\\/TapirWachswaren\\\/\",\"https:\\\/\\\/www.instagram.com\\\/tapir_pflegeprodukte\\\/?hl=de\"]}]}<\/script>\n<!-- \/ Yoast SEO plugin. -->","yoast_head_json":{"title":"Brosse longue application pour produits de soins liquides - Tapir Wachswaren","description":"Brosse longue application pour l\u2019application de produits liquides pour les chaussures, tels que le soin des semelles en cuir, le soin du cuir ou la protection contre l\u2019humidit\u00e9. Trempez le pinceau et appliquez les produits de soins.","robots":{"index":"index","follow":"follow","max-snippet":"max-snippet:-1","max-image-preview":"max-image-preview:large","max-video-preview":"max-video-preview:-1"},"canonical":"https:\/\/tapir.de\/fr\/shop\/brosse-longue-application-pour-produits-de-soins-liquides\/","og_locale":"fr_FR","og_type":"article","og_title":"Brosse longue application pour produits de soins liquides - Tapir Wachswaren","og_description":"Brosse longue application pour l\u2019application de produits liquides pour les chaussures, tels que le soin des semelles en cuir, le soin du cuir ou la protection contre l\u2019humidit\u00e9. Trempez le pinceau et appliquez les produits de soins.","og_url":"https:\/\/tapir.de\/fr\/shop\/brosse-longue-application-pour-produits-de-soins-liquides\/","og_site_name":"Tapir Wachswaren","article_publisher":"https:\/\/www.facebook.com\/TapirWachswaren\/","article_modified_time":"2026-01-26T12:06:08+00:00","og_image":[{"width":1500,"height":1500,"url":"https:\/\/tapir.de\/wp-content\/uploads\/2025\/01\/00907_Langer_Auftragspinsel_fuer_Ledersohlenpflege_2.jpg","type":"image\/jpeg"}],"twitter_card":"summary_large_image","twitter_misc":{"Dur\u00e9e de lecture estim\u00e9e":"2 minutes"},"schema":{"@context":"https:\/\/schema.org","@graph":[{"@type":"WebPage","@id":"https:\/\/tapir.de\/fr\/shop\/brosse-longue-application-pour-produits-de-soins-liquides\/","url":"https:\/\/tapir.de\/fr\/shop\/brosse-longue-application-pour-produits-de-soins-liquides\/","name":"Brosse longue application pour produits de soins liquides - Tapir Wachswaren","isPartOf":{"@id":"https:\/\/tapir.de\/fr\/?lang=en\/#website"},"primaryImageOfPage":{"@id":"https:\/\/tapir.de\/fr\/shop\/brosse-longue-application-pour-produits-de-soins-liquides\/#primaryimage"},"image":{"@id":"https:\/\/tapir.de\/fr\/shop\/brosse-longue-application-pour-produits-de-soins-liquides\/#primaryimage"},"thumbnailUrl":"https:\/\/tapir.de\/wp-content\/uploads\/2025\/01\/00907_Langer_Auftragspinsel_fuer_Ledersohlenpflege_2.jpg","datePublished":"2020-05-28T08:58:36+00:00","dateModified":"2026-01-26T12:06:08+00:00","description":"Brosse longue application pour l\u2019application de produits liquides pour les chaussures, tels que le soin des semelles en cuir, le soin du cuir ou la protection contre l\u2019humidit\u00e9. Trempez le pinceau et appliquez les produits de soins.","breadcrumb":{"@id":"https:\/\/tapir.de\/fr\/shop\/brosse-longue-application-pour-produits-de-soins-liquides\/#breadcrumb"},"inLanguage":"fr-FR","potentialAction":[{"@type":"ReadAction","target":["https:\/\/tapir.de\/fr\/shop\/brosse-longue-application-pour-produits-de-soins-liquides\/"]}]},{"@type":"ImageObject","inLanguage":"fr-FR","@id":"https:\/\/tapir.de\/fr\/shop\/brosse-longue-application-pour-produits-de-soins-liquides\/#primaryimage","url":"https:\/\/tapir.de\/wp-content\/uploads\/2025\/01\/00907_Langer_Auftragspinsel_fuer_Ledersohlenpflege_2.jpg","contentUrl":"https:\/\/tapir.de\/wp-content\/uploads\/2025\/01\/00907_Langer_Auftragspinsel_fuer_Ledersohlenpflege_2.jpg","width":1500,"height":1500},{"@type":"BreadcrumbList","@id":"https:\/\/tapir.de\/fr\/shop\/brosse-longue-application-pour-produits-de-soins-liquides\/#breadcrumb","itemListElement":[{"@type":"ListItem","position":1,"name":"Startseite","item":"https:\/\/tapir.de\/fr\/"},{"@type":"ListItem","position":2,"name":"Boutique","item":"https:\/\/tapir.de\/fr\/boutique\/"},{"@type":"ListItem","position":3,"name":"Brosse longue application pour produits de soins liquides"}]},{"@type":"WebSite","@id":"https:\/\/tapir.de\/fr\/?lang=en\/#website","url":"https:\/\/tapir.de\/fr\/?lang=en\/","name":"Tapir Wachswaren","description":"Nat\u00fcrliche Pflegeprodukte f\u00fcr Leder, Textil und Holz","publisher":{"@id":"https:\/\/tapir.de\/fr\/?lang=en\/#organization"},"potentialAction":[{"@type":"SearchAction","target":{"@type":"EntryPoint","urlTemplate":"https:\/\/tapir.de\/fr\/?lang=en\/?s={search_term_string}"},"query-input":{"@type":"PropertyValueSpecification","valueRequired":true,"valueName":"search_term_string"}}],"inLanguage":"fr-FR"},{"@type":"Organization","@id":"https:\/\/tapir.de\/fr\/?lang=en\/#organization","name":"Tapir Wachswaren","url":"https:\/\/tapir.de\/fr\/?lang=en\/","logo":{"@type":"ImageObject","inLanguage":"fr-FR","@id":"https:\/\/tapir.de\/fr\/?lang=en\/#\/schema\/logo\/image\/","url":"https:\/\/tapir.de\/wp-content\/uploads\/2020\/11\/cropped-TAPIR_Wachswaren_logo.png","contentUrl":"https:\/\/tapir.de\/wp-content\/uploads\/2020\/11\/cropped-TAPIR_Wachswaren_logo.png","width":512,"height":512,"caption":"Tapir Wachswaren"},"image":{"@id":"https:\/\/tapir.de\/fr\/?lang=en\/#\/schema\/logo\/image\/"},"sameAs":["https:\/\/www.facebook.com\/TapirWachswaren\/","https:\/\/www.instagram.com\/tapir_pflegeprodukte\/?hl=de"]}]}},"_links":{"self":[{"href":"https:\/\/tapir.de\/fr\/wp-json\/wp\/v2\/product\/20919","targetHints":{"allow":["GET"]}}],"collection":[{"href":"https:\/\/tapir.de\/fr\/wp-json\/wp\/v2\/product"}],"about":[{"href":"https:\/\/tapir.de\/fr\/wp-json\/wp\/v2\/types\/product"}],"wp:featuredmedia":[{"embeddable":true,"href":"https:\/\/tapir.de\/fr\/wp-json\/wp\/v2\/media\/20923"}],"wp:attachment":[{"href":"https:\/\/tapir.de\/fr\/wp-json\/wp\/v2\/media?parent=20919"}],"wp:term":[{"taxonomy":"product_brand","embeddable":true,"href":"https:\/\/tapir.de\/fr\/wp-json\/wp\/v2\/product_brand?post=20919"},{"taxonomy":"product_cat","embeddable":true,"href":"https:\/\/tapir.de\/fr\/wp-json\/wp\/v2\/product_cat?post=20919"},{"taxonomy":"product_tag","embeddable":true,"href":"https:\/\/tapir.de\/fr\/wp-json\/wp\/v2\/product_tag?post=20919"}],"curies":[{"name":"wp","href":"https:\/\/api.w.org\/{rel}","templated":true}]}}