{"id":20916,"date":"2020-07-01T11:31:31","date_gmt":"2020-07-01T09:31:31","guid":{"rendered":"https:\/\/tapir.de\/shop\/petit-chausseau-en-bois-de-hetre\/"},"modified":"2026-01-26T13:06:06","modified_gmt":"2026-01-26T12:06:06","slug":"petit-chausseau-en-bois-de-hetre","status":"publish","type":"product","link":"https:\/\/tapir.de\/fr\/shop\/petit-chausseau-en-bois-de-hetre\/","title":{"rendered":"Petit chausseau en bois de h\u00eatre"},"content":{"rendered":"<h2><span style=\"font-size: 85%;\"><strong><span style=\"color: #a90533;\">Petit chausseau en bois de h\u00eatre huil\u00e9<\/span><\/strong><\/span><\/h2>\n<p>Le petit force-chaussures en bois de h\u00eatre est un outil indispensable pour l\u2019entretien et l\u2019application des chaussures. Fabriqu\u00e9 en h\u00eatre de haute qualit\u00e9, ce petit assistant offre de nombreux avantages \u00e0 ceux qui tiennent au soin et \u00e0 la pr\u00e9servation de leurs chaussures. Avec sa taille compacte, le chausseau en bois de h\u00eatre est facile \u00e0 manipuler et s\u2019adapte parfaitement \u00e0 n\u2019importe quelle bo\u00eete \u00e0 cirer ou sac de voyage. Cela permet de mettre des chaussures confortablement sans endommager le talon ni d\u00e9former le tissu. C\u2019est particuli\u00e8rement utile pour les chaussures ou bottes plus ajust\u00e9es o\u00f9 les enfiler peut \u00eatre contraignant.    <\/p>\n<p>De plus, le bois de h\u00eatre offre une surface lisse mais robuste, douce pour la chaussure tout en assurant une durabilit\u00e9 optimale. Contrairement aux cornes en m\u00e9tal ou en plastique, le bois \u00e9vite le risque de rayures ou d\u2019ab\u00eemes sur les surfaces d\u00e9licates des chaussures. Le force-chaussures en bois de h\u00eatre est non seulement fonctionnel, mais aussi esth\u00e9tiquement agr\u00e9able. Son ton naturel de bois lui conf\u00e8re une \u00e9l\u00e9gance intemporelle qui en fait un magnifique accessoire pour l\u2019entretien des chaussures. De plus, le h\u00eatre est un choix durable et respectueux de l\u2019environnement, conforme aux valeurs de responsabilit\u00e9 environnementale. Dans l\u2019ensemble, le petit chaussure est un outil pratique et \u00e9l\u00e9gant qui facilite l\u2019entretien de vos chaussures tout en prolongeant la dur\u00e9e de vie de vos chaussures.    <\/p>\n<p>Application :<\/p>\n<p>Un petit force-chaussures en bois de h\u00eatre est facile \u00e0 utiliser : on le place sur le talon de la chaussure et on le glisse en douceur, permettant au pied d\u2019entrer dans la chaussure sans effort sans endommager le talon ni alourdir le mat\u00e9riau. Le chausseau en bois de h\u00eatre offre un moyen doux et efficace de mettre des chaussures et est particuli\u00e8rement pratique pour des chaussures ou bottes plus ajust\u00e9es o\u00f9 il peut \u00eatre difficile de les enfiler. <\/p>\n<h2><\/h2>\n<h2><span style=\"color: #a90533;\"><strong><span style=\"font-size: 85%;\">Caract\u00e9ristiques du produit :<\/span><\/strong><\/span><\/h2>\n<ul>\n<li>Fabriqu\u00e9 en bois de h\u00eatre huil\u00e9<\/li>\n<li>  Longueur : environ 11 cm<\/li>\n<li>  Avec boucle en cuir<\/li>\n<\/ul>\n","protected":false},"excerpt":{"rendered":"<p>Le compagnon de voyage parfait en bois de h\u00eatre huil\u00e9<\/p>\n","protected":false},"featured_media":20918,"template":"","meta":[],"product_brand":[],"product_cat":[865],"product_tag":[892],"class_list":{"0":"post-20916","1":"product","2":"type-product","3":"status-publish","4":"has-post-thumbnail","6":"product_cat-accessoires","7":"product_tag-accessoires","8":"pa_geeignet-fuer-baskets","9":"pa_geeignet-fuer-chaussures","10":"pa_geeignet-fuer-chaussures-de-bateau","11":"pa_geeignet-fuer-chaussures-de-randonnee","12":"pa_geeignet-fuer-chaussures-de-travail","13":"pa_geeignet-fuer-chaussures-en-cuir","14":"pa_geeignet-fuer-chaussures-pour-femmes","15":"pa_geeignet-fuer-chaussures-pour-hommes","16":"pa_geeignet-fuer-chaussures-professionnelles","18":"first","19":"instock","20":"taxable","21":"shipping-taxable","22":"purchasable","23":"product-type-simple"},"yoast_head":"<!-- This site is optimized with the Yoast SEO plugin v27.4 - https:\/\/yoast.com\/product\/yoast-seo-wordpress\/ -->\n<title>Petit chausseau en bois de h\u00eatre - Tapir Wachswaren<\/title>\n<meta name=\"description\" content=\"Un petit chaussure en bois de h\u00eatre est un accessoire pratique pour les chaussures qui facilite la mise des chaussures\" \/>\n<meta name=\"robots\" content=\"index, follow, max-snippet:-1, max-image-preview:large, max-video-preview:-1\" \/>\n<link rel=\"canonical\" href=\"https:\/\/tapir.de\/fr\/shop\/petit-chausseau-en-bois-de-hetre\/\" \/>\n<meta property=\"og:locale\" content=\"fr_FR\" \/>\n<meta property=\"og:type\" content=\"article\" \/>\n<meta property=\"og:title\" content=\"Petit chausseau en bois de h\u00eatre - Tapir Wachswaren\" \/>\n<meta property=\"og:description\" content=\"Un petit chaussure en bois de h\u00eatre est un accessoire pratique pour les chaussures qui facilite la mise des chaussures\" \/>\n<meta property=\"og:url\" content=\"https:\/\/tapir.de\/fr\/shop\/petit-chausseau-en-bois-de-hetre\/\" \/>\n<meta property=\"og:site_name\" content=\"Tapir Wachswaren\" \/>\n<meta property=\"article:publisher\" content=\"https:\/\/www.facebook.com\/TapirWachswaren\/\" \/>\n<meta property=\"article:modified_time\" content=\"2026-01-26T12:06:06+00:00\" \/>\n<meta property=\"og:image\" content=\"https:\/\/tapir.de\/wp-content\/uploads\/2020\/07\/01000Schuhanzieher.png\" \/>\n\t<meta property=\"og:image:width\" content=\"1000\" \/>\n\t<meta property=\"og:image:height\" content=\"1000\" \/>\n\t<meta property=\"og:image:type\" content=\"image\/png\" \/>\n<meta name=\"twitter:card\" content=\"summary_large_image\" \/>\n<meta name=\"twitter:label1\" content=\"Dur\u00e9e de lecture estim\u00e9e\" \/>\n\t<meta name=\"twitter:data1\" content=\"2 minutes\" \/>\n<script type=\"application\/ld+json\" class=\"yoast-schema-graph\">{\"@context\":\"https:\\\/\\\/schema.org\",\"@graph\":[{\"@type\":\"WebPage\",\"@id\":\"https:\\\/\\\/tapir.de\\\/fr\\\/shop\\\/petit-chausseau-en-bois-de-hetre\\\/\",\"url\":\"https:\\\/\\\/tapir.de\\\/fr\\\/shop\\\/petit-chausseau-en-bois-de-hetre\\\/\",\"name\":\"Petit chausseau en bois de h\u00eatre - Tapir Wachswaren\",\"isPartOf\":{\"@id\":\"https:\\\/\\\/tapir.de\\\/fr\\\/?lang=en\\\/#website\"},\"primaryImageOfPage\":{\"@id\":\"https:\\\/\\\/tapir.de\\\/fr\\\/shop\\\/petit-chausseau-en-bois-de-hetre\\\/#primaryimage\"},\"image\":{\"@id\":\"https:\\\/\\\/tapir.de\\\/fr\\\/shop\\\/petit-chausseau-en-bois-de-hetre\\\/#primaryimage\"},\"thumbnailUrl\":\"https:\\\/\\\/tapir.de\\\/wp-content\\\/uploads\\\/2020\\\/07\\\/01000Schuhanzieher.png\",\"datePublished\":\"2020-07-01T09:31:31+00:00\",\"dateModified\":\"2026-01-26T12:06:06+00:00\",\"description\":\"Un petit chaussure en bois de h\u00eatre est un accessoire pratique pour les chaussures qui facilite la mise des chaussures\",\"breadcrumb\":{\"@id\":\"https:\\\/\\\/tapir.de\\\/fr\\\/shop\\\/petit-chausseau-en-bois-de-hetre\\\/#breadcrumb\"},\"inLanguage\":\"fr-FR\",\"potentialAction\":[{\"@type\":\"ReadAction\",\"target\":[\"https:\\\/\\\/tapir.de\\\/fr\\\/shop\\\/petit-chausseau-en-bois-de-hetre\\\/\"]}]},{\"@type\":\"ImageObject\",\"inLanguage\":\"fr-FR\",\"@id\":\"https:\\\/\\\/tapir.de\\\/fr\\\/shop\\\/petit-chausseau-en-bois-de-hetre\\\/#primaryimage\",\"url\":\"https:\\\/\\\/tapir.de\\\/wp-content\\\/uploads\\\/2020\\\/07\\\/01000Schuhanzieher.png\",\"contentUrl\":\"https:\\\/\\\/tapir.de\\\/wp-content\\\/uploads\\\/2020\\\/07\\\/01000Schuhanzieher.png\",\"width\":1000,\"height\":1000},{\"@type\":\"BreadcrumbList\",\"@id\":\"https:\\\/\\\/tapir.de\\\/fr\\\/shop\\\/petit-chausseau-en-bois-de-hetre\\\/#breadcrumb\",\"itemListElement\":[{\"@type\":\"ListItem\",\"position\":1,\"name\":\"Startseite\",\"item\":\"https:\\\/\\\/tapir.de\\\/fr\\\/\"},{\"@type\":\"ListItem\",\"position\":2,\"name\":\"Boutique\",\"item\":\"https:\\\/\\\/tapir.de\\\/fr\\\/boutique\\\/\"},{\"@type\":\"ListItem\",\"position\":3,\"name\":\"Petit chausseau en bois de h\u00eatre\"}]},{\"@type\":\"WebSite\",\"@id\":\"https:\\\/\\\/tapir.de\\\/fr\\\/?lang=en\\\/#website\",\"url\":\"https:\\\/\\\/tapir.de\\\/fr\\\/?lang=en\\\/\",\"name\":\"Tapir Wachswaren\",\"description\":\"Nat\u00fcrliche Pflegeprodukte f\u00fcr Leder, Textil und Holz\",\"publisher\":{\"@id\":\"https:\\\/\\\/tapir.de\\\/fr\\\/?lang=en\\\/#organization\"},\"potentialAction\":[{\"@type\":\"SearchAction\",\"target\":{\"@type\":\"EntryPoint\",\"urlTemplate\":\"https:\\\/\\\/tapir.de\\\/fr\\\/?lang=en\\\/?s={search_term_string}\"},\"query-input\":{\"@type\":\"PropertyValueSpecification\",\"valueRequired\":true,\"valueName\":\"search_term_string\"}}],\"inLanguage\":\"fr-FR\"},{\"@type\":\"Organization\",\"@id\":\"https:\\\/\\\/tapir.de\\\/fr\\\/?lang=en\\\/#organization\",\"name\":\"Tapir Wachswaren\",\"url\":\"https:\\\/\\\/tapir.de\\\/fr\\\/?lang=en\\\/\",\"logo\":{\"@type\":\"ImageObject\",\"inLanguage\":\"fr-FR\",\"@id\":\"https:\\\/\\\/tapir.de\\\/fr\\\/?lang=en\\\/#\\\/schema\\\/logo\\\/image\\\/\",\"url\":\"https:\\\/\\\/tapir.de\\\/wp-content\\\/uploads\\\/2020\\\/11\\\/cropped-TAPIR_Wachswaren_logo.png\",\"contentUrl\":\"https:\\\/\\\/tapir.de\\\/wp-content\\\/uploads\\\/2020\\\/11\\\/cropped-TAPIR_Wachswaren_logo.png\",\"width\":512,\"height\":512,\"caption\":\"Tapir Wachswaren\"},\"image\":{\"@id\":\"https:\\\/\\\/tapir.de\\\/fr\\\/?lang=en\\\/#\\\/schema\\\/logo\\\/image\\\/\"},\"sameAs\":[\"https:\\\/\\\/www.facebook.com\\\/TapirWachswaren\\\/\",\"https:\\\/\\\/www.instagram.com\\\/tapir_pflegeprodukte\\\/?hl=de\"]}]}<\/script>\n<!-- \/ Yoast SEO plugin. -->","yoast_head_json":{"title":"Petit chausseau en bois de h\u00eatre - Tapir Wachswaren","description":"Un petit chaussure en bois de h\u00eatre est un accessoire pratique pour les chaussures qui facilite la mise des chaussures","robots":{"index":"index","follow":"follow","max-snippet":"max-snippet:-1","max-image-preview":"max-image-preview:large","max-video-preview":"max-video-preview:-1"},"canonical":"https:\/\/tapir.de\/fr\/shop\/petit-chausseau-en-bois-de-hetre\/","og_locale":"fr_FR","og_type":"article","og_title":"Petit chausseau en bois de h\u00eatre - Tapir Wachswaren","og_description":"Un petit chaussure en bois de h\u00eatre est un accessoire pratique pour les chaussures qui facilite la mise des chaussures","og_url":"https:\/\/tapir.de\/fr\/shop\/petit-chausseau-en-bois-de-hetre\/","og_site_name":"Tapir Wachswaren","article_publisher":"https:\/\/www.facebook.com\/TapirWachswaren\/","article_modified_time":"2026-01-26T12:06:06+00:00","og_image":[{"width":1000,"height":1000,"url":"https:\/\/tapir.de\/wp-content\/uploads\/2020\/07\/01000Schuhanzieher.png","type":"image\/png"}],"twitter_card":"summary_large_image","twitter_misc":{"Dur\u00e9e de lecture estim\u00e9e":"2 minutes"},"schema":{"@context":"https:\/\/schema.org","@graph":[{"@type":"WebPage","@id":"https:\/\/tapir.de\/fr\/shop\/petit-chausseau-en-bois-de-hetre\/","url":"https:\/\/tapir.de\/fr\/shop\/petit-chausseau-en-bois-de-hetre\/","name":"Petit chausseau en bois de h\u00eatre - Tapir Wachswaren","isPartOf":{"@id":"https:\/\/tapir.de\/fr\/?lang=en\/#website"},"primaryImageOfPage":{"@id":"https:\/\/tapir.de\/fr\/shop\/petit-chausseau-en-bois-de-hetre\/#primaryimage"},"image":{"@id":"https:\/\/tapir.de\/fr\/shop\/petit-chausseau-en-bois-de-hetre\/#primaryimage"},"thumbnailUrl":"https:\/\/tapir.de\/wp-content\/uploads\/2020\/07\/01000Schuhanzieher.png","datePublished":"2020-07-01T09:31:31+00:00","dateModified":"2026-01-26T12:06:06+00:00","description":"Un petit chaussure en bois de h\u00eatre est un accessoire pratique pour les chaussures qui facilite la mise des chaussures","breadcrumb":{"@id":"https:\/\/tapir.de\/fr\/shop\/petit-chausseau-en-bois-de-hetre\/#breadcrumb"},"inLanguage":"fr-FR","potentialAction":[{"@type":"ReadAction","target":["https:\/\/tapir.de\/fr\/shop\/petit-chausseau-en-bois-de-hetre\/"]}]},{"@type":"ImageObject","inLanguage":"fr-FR","@id":"https:\/\/tapir.de\/fr\/shop\/petit-chausseau-en-bois-de-hetre\/#primaryimage","url":"https:\/\/tapir.de\/wp-content\/uploads\/2020\/07\/01000Schuhanzieher.png","contentUrl":"https:\/\/tapir.de\/wp-content\/uploads\/2020\/07\/01000Schuhanzieher.png","width":1000,"height":1000},{"@type":"BreadcrumbList","@id":"https:\/\/tapir.de\/fr\/shop\/petit-chausseau-en-bois-de-hetre\/#breadcrumb","itemListElement":[{"@type":"ListItem","position":1,"name":"Startseite","item":"https:\/\/tapir.de\/fr\/"},{"@type":"ListItem","position":2,"name":"Boutique","item":"https:\/\/tapir.de\/fr\/boutique\/"},{"@type":"ListItem","position":3,"name":"Petit chausseau en bois de h\u00eatre"}]},{"@type":"WebSite","@id":"https:\/\/tapir.de\/fr\/?lang=en\/#website","url":"https:\/\/tapir.de\/fr\/?lang=en\/","name":"Tapir Wachswaren","description":"Nat\u00fcrliche Pflegeprodukte f\u00fcr Leder, Textil und Holz","publisher":{"@id":"https:\/\/tapir.de\/fr\/?lang=en\/#organization"},"potentialAction":[{"@type":"SearchAction","target":{"@type":"EntryPoint","urlTemplate":"https:\/\/tapir.de\/fr\/?lang=en\/?s={search_term_string}"},"query-input":{"@type":"PropertyValueSpecification","valueRequired":true,"valueName":"search_term_string"}}],"inLanguage":"fr-FR"},{"@type":"Organization","@id":"https:\/\/tapir.de\/fr\/?lang=en\/#organization","name":"Tapir Wachswaren","url":"https:\/\/tapir.de\/fr\/?lang=en\/","logo":{"@type":"ImageObject","inLanguage":"fr-FR","@id":"https:\/\/tapir.de\/fr\/?lang=en\/#\/schema\/logo\/image\/","url":"https:\/\/tapir.de\/wp-content\/uploads\/2020\/11\/cropped-TAPIR_Wachswaren_logo.png","contentUrl":"https:\/\/tapir.de\/wp-content\/uploads\/2020\/11\/cropped-TAPIR_Wachswaren_logo.png","width":512,"height":512,"caption":"Tapir Wachswaren"},"image":{"@id":"https:\/\/tapir.de\/fr\/?lang=en\/#\/schema\/logo\/image\/"},"sameAs":["https:\/\/www.facebook.com\/TapirWachswaren\/","https:\/\/www.instagram.com\/tapir_pflegeprodukte\/?hl=de"]}]}},"_links":{"self":[{"href":"https:\/\/tapir.de\/fr\/wp-json\/wp\/v2\/product\/20916","targetHints":{"allow":["GET"]}}],"collection":[{"href":"https:\/\/tapir.de\/fr\/wp-json\/wp\/v2\/product"}],"about":[{"href":"https:\/\/tapir.de\/fr\/wp-json\/wp\/v2\/types\/product"}],"wp:featuredmedia":[{"embeddable":true,"href":"https:\/\/tapir.de\/fr\/wp-json\/wp\/v2\/media\/20918"}],"wp:attachment":[{"href":"https:\/\/tapir.de\/fr\/wp-json\/wp\/v2\/media?parent=20916"}],"wp:term":[{"taxonomy":"product_brand","embeddable":true,"href":"https:\/\/tapir.de\/fr\/wp-json\/wp\/v2\/product_brand?post=20916"},{"taxonomy":"product_cat","embeddable":true,"href":"https:\/\/tapir.de\/fr\/wp-json\/wp\/v2\/product_cat?post=20916"},{"taxonomy":"product_tag","embeddable":true,"href":"https:\/\/tapir.de\/fr\/wp-json\/wp\/v2\/product_tag?post=20916"}],"curies":[{"name":"wp","href":"https:\/\/api.w.org\/{rel}","templated":true}]}}