{"id":20899,"date":"2020-07-01T11:35:45","date_gmt":"2020-07-01T09:35:45","guid":{"rendered":"https:\/\/tapir.de\/shop\/gomme-en-daim\/"},"modified":"2026-01-26T13:06:06","modified_gmt":"2026-01-26T12:06:06","slug":"gomme-en-daim","status":"publish","type":"product","link":"https:\/\/tapir.de\/fr\/shop\/gomme-en-daim\/","title":{"rendered":"Gomme en daim"},"content":{"rendered":"<h1><span style=\"font-size: 75%;\"><span style=\"color: #a90533; font-size: x-large;\"><b>D\u00e9couvrez la gomme en daim Tapir : <\/b><\/span><span style=\"color: #a90533; font-size: x-large;\"><b>un soin parfait pour le daim (suede), nubuck et suede<\/b><\/span><\/span><\/h1>\n<p><span style=\"font-size: 120%;\">Donnez un nouvel \u00e9clat \u00e0 vos pi\u00e8ces pr\u00e9f\u00e9r\u00e9es de daim, de nubuck et de daim avec notre gomme en daim. Ce produit de soin pratique et efficace enl\u00e8ve sans effort les taches et la salet\u00e9 et garde votre cuir comme neuf. <\/span><\/p>\n<h4><span style=\"font-size: 120%;\"><strong>Pourquoi notre gomme en su\u00e8de ?<\/strong><\/span><\/h4>\n<ul>\n<li><span style=\"font-size: 120%;\"><strong>Polyvalent :<\/strong> Id\u00e9al pour les chaussures, sacs, v\u00eatements et meubles en su\u00e8de, nubuck et su\u00e8de.<\/span><\/li>\n<li><span style=\"font-size: 120%;\"><strong>Facile \u00e0 utiliser :<\/strong> Enl\u00e8ve les taches et la salet\u00e9 sans eau.<\/span><\/li>\n<li><span style=\"font-size: 120%;\"><strong>Doux et efficace :<\/strong> Nettoie en profondeur sans endommager le cuir d\u00e9licat.<\/span><\/li>\n<li><span style=\"font-size: 120%;\"><strong>R\u00e9sultats durables :<\/strong> Cela garantit un apparence soign\u00e9e et prolonge la dur\u00e9e de vie de vos produits en cuir.<\/span><\/li>\n<\/ul>\n<h4><strong><span style=\"font-size: 120%;\">Application :<\/span><\/strong><\/h4>\n<ol>\n<li><span style=\"font-size: 120%;\"><strong>Appliquez \u00e0 sec :<\/strong> Frottez doucement la gomme sur les zones sales, pour les taches tenaces, utilisez le c\u00f4t\u00e9 dur en caoutchouc naturel.<\/span><\/li>\n<li><span style=\"font-size: 120%;\"><strong>Retirez les r\u00e9sidus :<\/strong> Utilisez un pinceau doux brillant ou un chiffon en coton pour essuyer la salet\u00e9 d\u00e9tach\u00e9e.<\/span><\/li>\n<li><span style=\"font-size: 120%;\"><strong>Rafra\u00eechissement :<\/strong> Ensuite, prenez soin du cuir avec l\u2019impr\u00e9gnation de tapir et, apr\u00e8s s\u00e9chage avec la gomme en su\u00e8de, remettez les fibres.<\/span><\/li>\n<\/ol>\n<p><span style=\"font-size: 120%;\">Prenez soin de votre su\u00e8de, nubuck et daim avec notre gomme en daim. Id\u00e9al pour un nettoyage rapide et simple entre les deux. <\/span><\/p>\n<p><span style=\"font-size: 130%;\"><strong><span style=\"color: #a90533;\">Caract\u00e9ristiques du produit<\/span><\/strong><\/span><\/p>\n<ul>\n<li><span style=\"font-size: 110%; color: #000000;\">Caoutchouc naturel pour les teintures les plus grossi\u00e8res<\/span><\/li>\n<li><span style=\"color: #000000; font-size: 110%;\">Mousse en caoutchouc pour nettoyer et rugueuse les fibres<\/span><\/li>\n<li><span style=\"color: #000000; font-size: 110%;\">Taille : 5x4cm dans une bo\u00eete pliante<\/span><\/li>\n<\/ul>\n","protected":false},"excerpt":{"rendered":"<p>Pour le nettoyage \u00e0 sec et l\u2019aspersion du nubuck, le cuir en daim ou en daim aussi.<\/p>\n","protected":false},"featured_media":20908,"template":"","meta":[],"product_brand":[],"product_cat":[865],"product_tag":[892,871],"class_list":{"0":"post-20899","1":"product","2":"type-product","3":"status-publish","4":"has-post-thumbnail","6":"product_cat-accessoires","7":"product_tag-accessoires","8":"product_tag-nettoyage","9":"pa_geeignet-fuer-bottes-2","10":"pa_geeignet-fuer-chaussures-en-daim","11":"pa_geeignet-fuer-chaussures-nubuck","13":"first","14":"instock","15":"taxable","16":"shipping-taxable","17":"purchasable","18":"product-type-simple"},"yoast_head":"<!-- This site is optimized with the Yoast SEO plugin v27.5 - https:\/\/yoast.com\/product\/yoast-seo-wordpress\/ -->\n<title>Gomme en daim - Tapir Wachswaren<\/title>\n<meta name=\"description\" content=\"La gomme en daim pour le pressing \u00e0 sec. Nettoyage doux et efficace pour le nubuck, le daim et le cuir en daim (nubuck). Pour un entretien durable des chaussures.\" \/>\n<meta name=\"robots\" content=\"index, follow, max-snippet:-1, max-image-preview:large, max-video-preview:-1\" \/>\n<link rel=\"canonical\" href=\"https:\/\/tapir.de\/fr\/shop\/gomme-en-daim\/\" \/>\n<meta property=\"og:locale\" content=\"fr_FR\" \/>\n<meta property=\"og:type\" content=\"article\" \/>\n<meta property=\"og:title\" content=\"Gomme en daim - Tapir Wachswaren\" \/>\n<meta property=\"og:description\" content=\"La gomme en daim pour le pressing \u00e0 sec. Nettoyage doux et efficace pour le nubuck, le daim et le cuir en daim (nubuck). Pour un entretien durable des chaussures.\" \/>\n<meta property=\"og:url\" content=\"https:\/\/tapir.de\/fr\/shop\/gomme-en-daim\/\" \/>\n<meta property=\"og:site_name\" content=\"Tapir Wachswaren\" \/>\n<meta property=\"article:publisher\" content=\"https:\/\/www.facebook.com\/TapirWachswaren\/\" \/>\n<meta property=\"article:modified_time\" content=\"2026-01-26T12:06:06+00:00\" \/>\n<meta property=\"og:image\" content=\"https:\/\/tapir.de\/wp-content\/uploads\/2021\/09\/DSC_9837_Raulederradierer-scaled.jpeg\" \/>\n\t<meta property=\"og:image:width\" content=\"1920\" \/>\n\t<meta property=\"og:image:height\" content=\"1377\" \/>\n\t<meta property=\"og:image:type\" content=\"image\/jpeg\" \/>\n<meta name=\"twitter:card\" content=\"summary_large_image\" \/>\n<meta name=\"twitter:label1\" content=\"Dur\u00e9e de lecture estim\u00e9e\" \/>\n\t<meta name=\"twitter:data1\" content=\"1 minute\" \/>\n<script type=\"application\/ld+json\" class=\"yoast-schema-graph\">{\"@context\":\"https:\\\/\\\/schema.org\",\"@graph\":[{\"@type\":\"WebPage\",\"@id\":\"https:\\\/\\\/tapir.de\\\/fr\\\/shop\\\/gomme-en-daim\\\/\",\"url\":\"https:\\\/\\\/tapir.de\\\/fr\\\/shop\\\/gomme-en-daim\\\/\",\"name\":\"Gomme en daim - Tapir Wachswaren\",\"isPartOf\":{\"@id\":\"https:\\\/\\\/tapir.de\\\/fr\\\/?lang=en\\\/#website\"},\"primaryImageOfPage\":{\"@id\":\"https:\\\/\\\/tapir.de\\\/fr\\\/shop\\\/gomme-en-daim\\\/#primaryimage\"},\"image\":{\"@id\":\"https:\\\/\\\/tapir.de\\\/fr\\\/shop\\\/gomme-en-daim\\\/#primaryimage\"},\"thumbnailUrl\":\"https:\\\/\\\/tapir.de\\\/wp-content\\\/uploads\\\/2021\\\/09\\\/DSC_9837_Raulederradierer-scaled.jpeg\",\"datePublished\":\"2020-07-01T09:35:45+00:00\",\"dateModified\":\"2026-01-26T12:06:06+00:00\",\"description\":\"La gomme en daim pour le pressing \u00e0 sec. Nettoyage doux et efficace pour le nubuck, le daim et le cuir en daim (nubuck). Pour un entretien durable des chaussures.\",\"breadcrumb\":{\"@id\":\"https:\\\/\\\/tapir.de\\\/fr\\\/shop\\\/gomme-en-daim\\\/#breadcrumb\"},\"inLanguage\":\"fr-FR\",\"potentialAction\":[{\"@type\":\"ReadAction\",\"target\":[\"https:\\\/\\\/tapir.de\\\/fr\\\/shop\\\/gomme-en-daim\\\/\"]}]},{\"@type\":\"ImageObject\",\"inLanguage\":\"fr-FR\",\"@id\":\"https:\\\/\\\/tapir.de\\\/fr\\\/shop\\\/gomme-en-daim\\\/#primaryimage\",\"url\":\"https:\\\/\\\/tapir.de\\\/wp-content\\\/uploads\\\/2021\\\/09\\\/DSC_9837_Raulederradierer-scaled.jpeg\",\"contentUrl\":\"https:\\\/\\\/tapir.de\\\/wp-content\\\/uploads\\\/2021\\\/09\\\/DSC_9837_Raulederradierer-scaled.jpeg\",\"width\":1920,\"height\":1377},{\"@type\":\"BreadcrumbList\",\"@id\":\"https:\\\/\\\/tapir.de\\\/fr\\\/shop\\\/gomme-en-daim\\\/#breadcrumb\",\"itemListElement\":[{\"@type\":\"ListItem\",\"position\":1,\"name\":\"Startseite\",\"item\":\"https:\\\/\\\/tapir.de\\\/fr\\\/\"},{\"@type\":\"ListItem\",\"position\":2,\"name\":\"Boutique\",\"item\":\"https:\\\/\\\/tapir.de\\\/fr\\\/boutique\\\/\"},{\"@type\":\"ListItem\",\"position\":3,\"name\":\"Gomme en daim\"}]},{\"@type\":\"WebSite\",\"@id\":\"https:\\\/\\\/tapir.de\\\/fr\\\/?lang=en\\\/#website\",\"url\":\"https:\\\/\\\/tapir.de\\\/fr\\\/?lang=en\\\/\",\"name\":\"Tapir Wachswaren\",\"description\":\"Nat\u00fcrliche Pflegeprodukte f\u00fcr Leder, Textil und Holz\",\"publisher\":{\"@id\":\"https:\\\/\\\/tapir.de\\\/fr\\\/?lang=en\\\/#organization\"},\"potentialAction\":[{\"@type\":\"SearchAction\",\"target\":{\"@type\":\"EntryPoint\",\"urlTemplate\":\"https:\\\/\\\/tapir.de\\\/fr\\\/?lang=en\\\/?s={search_term_string}\"},\"query-input\":{\"@type\":\"PropertyValueSpecification\",\"valueRequired\":true,\"valueName\":\"search_term_string\"}}],\"inLanguage\":\"fr-FR\"},{\"@type\":\"Organization\",\"@id\":\"https:\\\/\\\/tapir.de\\\/fr\\\/?lang=en\\\/#organization\",\"name\":\"Tapir Wachswaren\",\"url\":\"https:\\\/\\\/tapir.de\\\/fr\\\/?lang=en\\\/\",\"logo\":{\"@type\":\"ImageObject\",\"inLanguage\":\"fr-FR\",\"@id\":\"https:\\\/\\\/tapir.de\\\/fr\\\/?lang=en\\\/#\\\/schema\\\/logo\\\/image\\\/\",\"url\":\"https:\\\/\\\/tapir.de\\\/wp-content\\\/uploads\\\/2020\\\/11\\\/cropped-TAPIR_Wachswaren_logo.png\",\"contentUrl\":\"https:\\\/\\\/tapir.de\\\/wp-content\\\/uploads\\\/2020\\\/11\\\/cropped-TAPIR_Wachswaren_logo.png\",\"width\":512,\"height\":512,\"caption\":\"Tapir Wachswaren\"},\"image\":{\"@id\":\"https:\\\/\\\/tapir.de\\\/fr\\\/?lang=en\\\/#\\\/schema\\\/logo\\\/image\\\/\"},\"sameAs\":[\"https:\\\/\\\/www.facebook.com\\\/TapirWachswaren\\\/\",\"https:\\\/\\\/www.instagram.com\\\/tapir_pflegeprodukte\\\/?hl=de\"]}]}<\/script>\n<!-- \/ Yoast SEO plugin. -->","yoast_head_json":{"title":"Gomme en daim - Tapir Wachswaren","description":"La gomme en daim pour le pressing \u00e0 sec. Nettoyage doux et efficace pour le nubuck, le daim et le cuir en daim (nubuck). Pour un entretien durable des chaussures.","robots":{"index":"index","follow":"follow","max-snippet":"max-snippet:-1","max-image-preview":"max-image-preview:large","max-video-preview":"max-video-preview:-1"},"canonical":"https:\/\/tapir.de\/fr\/shop\/gomme-en-daim\/","og_locale":"fr_FR","og_type":"article","og_title":"Gomme en daim - Tapir Wachswaren","og_description":"La gomme en daim pour le pressing \u00e0 sec. Nettoyage doux et efficace pour le nubuck, le daim et le cuir en daim (nubuck). Pour un entretien durable des chaussures.","og_url":"https:\/\/tapir.de\/fr\/shop\/gomme-en-daim\/","og_site_name":"Tapir Wachswaren","article_publisher":"https:\/\/www.facebook.com\/TapirWachswaren\/","article_modified_time":"2026-01-26T12:06:06+00:00","og_image":[{"width":1920,"height":1377,"url":"https:\/\/tapir.de\/wp-content\/uploads\/2021\/09\/DSC_9837_Raulederradierer-scaled.jpeg","type":"image\/jpeg"}],"twitter_card":"summary_large_image","twitter_misc":{"Dur\u00e9e de lecture estim\u00e9e":"1 minute"},"schema":{"@context":"https:\/\/schema.org","@graph":[{"@type":"WebPage","@id":"https:\/\/tapir.de\/fr\/shop\/gomme-en-daim\/","url":"https:\/\/tapir.de\/fr\/shop\/gomme-en-daim\/","name":"Gomme en daim - Tapir Wachswaren","isPartOf":{"@id":"https:\/\/tapir.de\/fr\/?lang=en\/#website"},"primaryImageOfPage":{"@id":"https:\/\/tapir.de\/fr\/shop\/gomme-en-daim\/#primaryimage"},"image":{"@id":"https:\/\/tapir.de\/fr\/shop\/gomme-en-daim\/#primaryimage"},"thumbnailUrl":"https:\/\/tapir.de\/wp-content\/uploads\/2021\/09\/DSC_9837_Raulederradierer-scaled.jpeg","datePublished":"2020-07-01T09:35:45+00:00","dateModified":"2026-01-26T12:06:06+00:00","description":"La gomme en daim pour le pressing \u00e0 sec. Nettoyage doux et efficace pour le nubuck, le daim et le cuir en daim (nubuck). Pour un entretien durable des chaussures.","breadcrumb":{"@id":"https:\/\/tapir.de\/fr\/shop\/gomme-en-daim\/#breadcrumb"},"inLanguage":"fr-FR","potentialAction":[{"@type":"ReadAction","target":["https:\/\/tapir.de\/fr\/shop\/gomme-en-daim\/"]}]},{"@type":"ImageObject","inLanguage":"fr-FR","@id":"https:\/\/tapir.de\/fr\/shop\/gomme-en-daim\/#primaryimage","url":"https:\/\/tapir.de\/wp-content\/uploads\/2021\/09\/DSC_9837_Raulederradierer-scaled.jpeg","contentUrl":"https:\/\/tapir.de\/wp-content\/uploads\/2021\/09\/DSC_9837_Raulederradierer-scaled.jpeg","width":1920,"height":1377},{"@type":"BreadcrumbList","@id":"https:\/\/tapir.de\/fr\/shop\/gomme-en-daim\/#breadcrumb","itemListElement":[{"@type":"ListItem","position":1,"name":"Startseite","item":"https:\/\/tapir.de\/fr\/"},{"@type":"ListItem","position":2,"name":"Boutique","item":"https:\/\/tapir.de\/fr\/boutique\/"},{"@type":"ListItem","position":3,"name":"Gomme en daim"}]},{"@type":"WebSite","@id":"https:\/\/tapir.de\/fr\/?lang=en\/#website","url":"https:\/\/tapir.de\/fr\/?lang=en\/","name":"Tapir Wachswaren","description":"Nat\u00fcrliche Pflegeprodukte f\u00fcr Leder, Textil und Holz","publisher":{"@id":"https:\/\/tapir.de\/fr\/?lang=en\/#organization"},"potentialAction":[{"@type":"SearchAction","target":{"@type":"EntryPoint","urlTemplate":"https:\/\/tapir.de\/fr\/?lang=en\/?s={search_term_string}"},"query-input":{"@type":"PropertyValueSpecification","valueRequired":true,"valueName":"search_term_string"}}],"inLanguage":"fr-FR"},{"@type":"Organization","@id":"https:\/\/tapir.de\/fr\/?lang=en\/#organization","name":"Tapir Wachswaren","url":"https:\/\/tapir.de\/fr\/?lang=en\/","logo":{"@type":"ImageObject","inLanguage":"fr-FR","@id":"https:\/\/tapir.de\/fr\/?lang=en\/#\/schema\/logo\/image\/","url":"https:\/\/tapir.de\/wp-content\/uploads\/2020\/11\/cropped-TAPIR_Wachswaren_logo.png","contentUrl":"https:\/\/tapir.de\/wp-content\/uploads\/2020\/11\/cropped-TAPIR_Wachswaren_logo.png","width":512,"height":512,"caption":"Tapir Wachswaren"},"image":{"@id":"https:\/\/tapir.de\/fr\/?lang=en\/#\/schema\/logo\/image\/"},"sameAs":["https:\/\/www.facebook.com\/TapirWachswaren\/","https:\/\/www.instagram.com\/tapir_pflegeprodukte\/?hl=de"]}]}},"_links":{"self":[{"href":"https:\/\/tapir.de\/fr\/wp-json\/wp\/v2\/product\/20899","targetHints":{"allow":["GET"]}}],"collection":[{"href":"https:\/\/tapir.de\/fr\/wp-json\/wp\/v2\/product"}],"about":[{"href":"https:\/\/tapir.de\/fr\/wp-json\/wp\/v2\/types\/product"}],"wp:featuredmedia":[{"embeddable":true,"href":"https:\/\/tapir.de\/fr\/wp-json\/wp\/v2\/media\/20908"}],"wp:attachment":[{"href":"https:\/\/tapir.de\/fr\/wp-json\/wp\/v2\/media?parent=20899"}],"wp:term":[{"taxonomy":"product_brand","embeddable":true,"href":"https:\/\/tapir.de\/fr\/wp-json\/wp\/v2\/product_brand?post=20899"},{"taxonomy":"product_cat","embeddable":true,"href":"https:\/\/tapir.de\/fr\/wp-json\/wp\/v2\/product_cat?post=20899"},{"taxonomy":"product_tag","embeddable":true,"href":"https:\/\/tapir.de\/fr\/wp-json\/wp\/v2\/product_tag?post=20899"}],"curies":[{"name":"wp","href":"https:\/\/api.w.org\/{rel}","templated":true}]}}