{"id":20872,"date":"2020-07-01T11:46:42","date_gmt":"2020-07-01T09:46:42","guid":{"rendered":"https:\/\/tapir.de\/shop\/eponge-gonflante-en-cellulose-naturelle\/"},"modified":"2026-01-26T13:06:04","modified_gmt":"2026-01-26T12:06:04","slug":"eponge-gonflante-en-cellulose-naturelle","status":"publish","type":"product","link":"https:\/\/tapir.de\/fr\/shop\/eponge-gonflante-en-cellulose-naturelle\/","title":{"rendered":"\u00c9ponge gonflante en cellulose naturelle"},"content":{"rendered":"<div><strong><span style=\"color: #800000;\"><span style=\"caret-color: #800000; font-size: 17.280000686645508px;\"><span style=\"font-size: 120%;\"> L\u2019\u00e9ponge Tapir Spring en cellulose naturelle <\/span><span style=\"font-size: 120%;\"> <\/span><\/span><\/span><strong><span style=\"color: #800000;\"><span style=\"font-size: 120%;\">avec le logo Tapir <\/span><\/span><\/strong><\/strong> <\/div>\n<div>\n<p><span style=\"color: #000000;\">L\u2019\u00e9ponge gonflante Tapir en cellulose naturelle est indispensable pour l\u2019entretien des chaussures. Cet outil polyvalent est non seulement tr\u00e8s absorbant, mais aussi respectueux de l\u2019environnement, ce qui en fait un excellent choix pour utiliser nos produits d\u2019entretien lors de la cirage de chaussures.   <\/span><span style=\"color: #000000;\">L\u2019utilisation de l\u2019\u00e9ponge pour gonflement pour tapir offre un moyen efficace de r\u00e9partir uniform\u00e9ment le <a href=\"https:\/\/tapir.de\/shop\/reiniger\">nettoyant d\u2019ext\u00e9rieur pour tapir<\/a> ou <a href=\"https:\/\/tapir.de\/shop\/leder-u-sattelseife\">le savon pour cuir et selle pour<\/a> tapir sur la surface de la chaussure.<\/span><\/p>\n<p><span style=\"color: #000000;\">La cellulose naturelle \u00e0 partir de laquelle l\u2019\u00e9ponge est fabriqu\u00e9e offre de nombreux avantages. Contrairement aux mat\u00e9riaux synth\u00e9tiques, la cellulose est biod\u00e9gradable et ne pollue pas l\u2019environnement. De plus, elle est tr\u00e8s absorbante, ce qui signifie que l\u2019\u00e9ponge peut contenir de grandes quantit\u00e9s de produits de soin sans goutte ni d\u00e9t\u00e9rioration.  <\/span><\/p>\n<\/div>\n<div><strong>Application :<\/strong><\/div>\n<div><span style=\"color: #000000;\">Faites tremper compl\u00e8tement l\u2019\u00e9ponge de source de tapir dans l\u2019eau jusqu\u2019\u00e0 ce qu\u2019elle atteigne son volume maximal. Ensuite, pressez l\u2019exc\u00e8s d\u2019eau pour vous assurer que l\u2019\u00e9ponge est humide mais pas d\u00e9goulinante. Ensuite, ajoutez un peu de nettoyant pour tapir \u00e0 l\u2019\u00e9ponge ou prenez le savon dans la bo\u00eete en mouvements circulaires. Maintenant, appuyez sur l\u2019\u00e9ponge pour cr\u00e9er de la mousse. Des mouvements circulaires doux sont utilis\u00e9s pour nettoyer la surface des chaussures, en portant une attention particuli\u00e8re aux zones sales ou aux taches tenaces.    <\/span><\/div>\n<div><span style=\"color: #000000;\">Rincez r\u00e9guli\u00e8rement l\u2019\u00e9ponge et changez l\u2019eau de nettoyage si n\u00e9cessaire pour \u00e9viter l\u2019accumulation de salet\u00e9. Apr\u00e8s avoir nettoy\u00e9 les chaussures, retirez-les une fois avec de l\u2019eau claire et laissez-les s\u00e9cher \u00e0 l\u2019air libre.   <\/span><span style=\"color: #000000;\">L\u2019\u00e9ponge gonflante facilite le nettoyage et garantit un r\u00e9sultat complet.<\/span><\/div>\n<div><\/div>\n<div><strong><span style=\"color: #800000; font-size: 120%;\">Description<\/span><\/strong><\/div>\n<ul>\n<li>\u00c9ponge sur la cellulose naturelle<\/li>\n<li>Particuli\u00e8rement absorbant<\/li>\n<li>est lavable \u00e0 60 \u00b0C<\/li>\n<li>Longue dur\u00e9e de conservation<\/li>\n<li>Respectueux de l\u2019environnement<\/li>\n<li>Taille ovale 100 x 77 mm<\/li>\n<li>Hauteur de la source : environ 24\/26 mm<\/li>\n<\/ul>\n","protected":false},"excerpt":{"rendered":"<p>\u00c9ponge gonflante pour nettoyer le cuir avec le savon pour cuir et selle ou le tapir<\/p>\n","protected":false},"featured_media":20873,"template":"","meta":[],"product_brand":[],"product_cat":[865],"product_tag":[892,936,928,920],"class_list":{"0":"post-20872","1":"product","2":"type-product","3":"status-publish","4":"has-post-thumbnail","6":"product_cat-accessoires","7":"product_tag-accessoires","8":"product_tag-canape-en-cuir","9":"product_tag-cuir-en-daim","10":"product_tag-cuir-lisse","11":"pa_geeignet-fuer-baskets","12":"pa_geeignet-fuer-bottes-dequitation","13":"pa_geeignet-fuer-canape","14":"pa_geeignet-fuer-chaussures","15":"pa_geeignet-fuer-chaussures-de-bateau","16":"pa_geeignet-fuer-chaussures-de-randonnee","17":"pa_geeignet-fuer-chaussures-de-travail","18":"pa_geeignet-fuer-couvertures-de-livres-en-cuir","19":"pa_geeignet-fuer-etui-en-cuir","20":"pa_geeignet-fuer-fauteuil","21":"pa_geeignet-fuer-lederhosen","22":"pa_geeignet-fuer-mobilier-en-cuir","23":"pa_geeignet-fuer-president","24":"pa_geeignet-fuer-sac-en-cuir","25":"pa_geeignet-fuer-sac-en-cuir-fin","26":"pa_geeignet-fuer-veste-en-cuir","28":"first","29":"instock","30":"taxable","31":"shipping-taxable","32":"purchasable","33":"product-type-simple"},"yoast_head":"<!-- This site is optimized with the Yoast SEO plugin v27.4 - https:\/\/yoast.com\/product\/yoast-seo-wordpress\/ -->\n<title>\u00c9ponge gonflante en cellulose naturelle - Tapir Wachswaren<\/title>\n<meta name=\"description\" content=\"Nettoyez les chaussures avec l\u2019\u00e9ponge gonflante faite de cellulose naturelle. L\u2019\u00e9ponge sert \u00e0 appliquer notre nettoyant ou notre savon pour cuir et selle Tapir.\" \/>\n<meta name=\"robots\" content=\"index, follow, max-snippet:-1, max-image-preview:large, max-video-preview:-1\" \/>\n<link rel=\"canonical\" href=\"https:\/\/tapir.de\/fr\/shop\/eponge-gonflante-en-cellulose-naturelle\/\" \/>\n<meta property=\"og:locale\" content=\"fr_FR\" \/>\n<meta property=\"og:type\" content=\"article\" \/>\n<meta property=\"og:title\" content=\"\u00c9ponge gonflante en cellulose naturelle - Tapir Wachswaren\" \/>\n<meta property=\"og:description\" content=\"Nettoyez les chaussures avec l\u2019\u00e9ponge gonflante faite de cellulose naturelle. L\u2019\u00e9ponge sert \u00e0 appliquer notre nettoyant ou notre savon pour cuir et selle Tapir.\" \/>\n<meta property=\"og:url\" content=\"https:\/\/tapir.de\/fr\/shop\/eponge-gonflante-en-cellulose-naturelle\/\" \/>\n<meta property=\"og:site_name\" content=\"Tapir Wachswaren\" \/>\n<meta property=\"article:publisher\" content=\"https:\/\/www.facebook.com\/TapirWachswaren\/\" \/>\n<meta property=\"article:modified_time\" content=\"2026-01-26T12:06:04+00:00\" \/>\n<meta property=\"og:image\" content=\"https:\/\/tapir.de\/wp-content\/uploads\/2020\/07\/Tapir_Quellschwamm-scaled.jpeg\" \/>\n\t<meta property=\"og:image:width\" content=\"2560\" \/>\n\t<meta property=\"og:image:height\" content=\"1709\" \/>\n\t<meta property=\"og:image:type\" content=\"image\/jpeg\" \/>\n<meta name=\"twitter:card\" content=\"summary_large_image\" \/>\n<meta name=\"twitter:label1\" content=\"Dur\u00e9e de lecture estim\u00e9e\" \/>\n\t<meta name=\"twitter:data1\" content=\"2 minutes\" \/>\n<script type=\"application\/ld+json\" class=\"yoast-schema-graph\">{\"@context\":\"https:\\\/\\\/schema.org\",\"@graph\":[{\"@type\":\"WebPage\",\"@id\":\"https:\\\/\\\/tapir.de\\\/fr\\\/shop\\\/eponge-gonflante-en-cellulose-naturelle\\\/\",\"url\":\"https:\\\/\\\/tapir.de\\\/fr\\\/shop\\\/eponge-gonflante-en-cellulose-naturelle\\\/\",\"name\":\"\u00c9ponge gonflante en cellulose naturelle - Tapir Wachswaren\",\"isPartOf\":{\"@id\":\"https:\\\/\\\/tapir.de\\\/fr\\\/?lang=en\\\/#website\"},\"primaryImageOfPage\":{\"@id\":\"https:\\\/\\\/tapir.de\\\/fr\\\/shop\\\/eponge-gonflante-en-cellulose-naturelle\\\/#primaryimage\"},\"image\":{\"@id\":\"https:\\\/\\\/tapir.de\\\/fr\\\/shop\\\/eponge-gonflante-en-cellulose-naturelle\\\/#primaryimage\"},\"thumbnailUrl\":\"https:\\\/\\\/tapir.de\\\/wp-content\\\/uploads\\\/2020\\\/07\\\/Tapir_Quellschwamm-scaled.jpeg\",\"datePublished\":\"2020-07-01T09:46:42+00:00\",\"dateModified\":\"2026-01-26T12:06:04+00:00\",\"description\":\"Nettoyez les chaussures avec l\u2019\u00e9ponge gonflante faite de cellulose naturelle. L\u2019\u00e9ponge sert \u00e0 appliquer notre nettoyant ou notre savon pour cuir et selle Tapir.\",\"breadcrumb\":{\"@id\":\"https:\\\/\\\/tapir.de\\\/fr\\\/shop\\\/eponge-gonflante-en-cellulose-naturelle\\\/#breadcrumb\"},\"inLanguage\":\"fr-FR\",\"potentialAction\":[{\"@type\":\"ReadAction\",\"target\":[\"https:\\\/\\\/tapir.de\\\/fr\\\/shop\\\/eponge-gonflante-en-cellulose-naturelle\\\/\"]}]},{\"@type\":\"ImageObject\",\"inLanguage\":\"fr-FR\",\"@id\":\"https:\\\/\\\/tapir.de\\\/fr\\\/shop\\\/eponge-gonflante-en-cellulose-naturelle\\\/#primaryimage\",\"url\":\"https:\\\/\\\/tapir.de\\\/wp-content\\\/uploads\\\/2020\\\/07\\\/Tapir_Quellschwamm-scaled.jpeg\",\"contentUrl\":\"https:\\\/\\\/tapir.de\\\/wp-content\\\/uploads\\\/2020\\\/07\\\/Tapir_Quellschwamm-scaled.jpeg\",\"width\":2560,\"height\":1709},{\"@type\":\"BreadcrumbList\",\"@id\":\"https:\\\/\\\/tapir.de\\\/fr\\\/shop\\\/eponge-gonflante-en-cellulose-naturelle\\\/#breadcrumb\",\"itemListElement\":[{\"@type\":\"ListItem\",\"position\":1,\"name\":\"Startseite\",\"item\":\"https:\\\/\\\/tapir.de\\\/fr\\\/\"},{\"@type\":\"ListItem\",\"position\":2,\"name\":\"Boutique\",\"item\":\"https:\\\/\\\/tapir.de\\\/fr\\\/boutique\\\/\"},{\"@type\":\"ListItem\",\"position\":3,\"name\":\"\u00c9ponge gonflante en cellulose naturelle\"}]},{\"@type\":\"WebSite\",\"@id\":\"https:\\\/\\\/tapir.de\\\/fr\\\/?lang=en\\\/#website\",\"url\":\"https:\\\/\\\/tapir.de\\\/fr\\\/?lang=en\\\/\",\"name\":\"Tapir Wachswaren\",\"description\":\"Nat\u00fcrliche Pflegeprodukte f\u00fcr Leder, Textil und Holz\",\"publisher\":{\"@id\":\"https:\\\/\\\/tapir.de\\\/fr\\\/?lang=en\\\/#organization\"},\"potentialAction\":[{\"@type\":\"SearchAction\",\"target\":{\"@type\":\"EntryPoint\",\"urlTemplate\":\"https:\\\/\\\/tapir.de\\\/fr\\\/?lang=en\\\/?s={search_term_string}\"},\"query-input\":{\"@type\":\"PropertyValueSpecification\",\"valueRequired\":true,\"valueName\":\"search_term_string\"}}],\"inLanguage\":\"fr-FR\"},{\"@type\":\"Organization\",\"@id\":\"https:\\\/\\\/tapir.de\\\/fr\\\/?lang=en\\\/#organization\",\"name\":\"Tapir Wachswaren\",\"url\":\"https:\\\/\\\/tapir.de\\\/fr\\\/?lang=en\\\/\",\"logo\":{\"@type\":\"ImageObject\",\"inLanguage\":\"fr-FR\",\"@id\":\"https:\\\/\\\/tapir.de\\\/fr\\\/?lang=en\\\/#\\\/schema\\\/logo\\\/image\\\/\",\"url\":\"https:\\\/\\\/tapir.de\\\/wp-content\\\/uploads\\\/2020\\\/11\\\/cropped-TAPIR_Wachswaren_logo.png\",\"contentUrl\":\"https:\\\/\\\/tapir.de\\\/wp-content\\\/uploads\\\/2020\\\/11\\\/cropped-TAPIR_Wachswaren_logo.png\",\"width\":512,\"height\":512,\"caption\":\"Tapir Wachswaren\"},\"image\":{\"@id\":\"https:\\\/\\\/tapir.de\\\/fr\\\/?lang=en\\\/#\\\/schema\\\/logo\\\/image\\\/\"},\"sameAs\":[\"https:\\\/\\\/www.facebook.com\\\/TapirWachswaren\\\/\",\"https:\\\/\\\/www.instagram.com\\\/tapir_pflegeprodukte\\\/?hl=de\"]}]}<\/script>\n<!-- \/ Yoast SEO plugin. -->","yoast_head_json":{"title":"\u00c9ponge gonflante en cellulose naturelle - Tapir Wachswaren","description":"Nettoyez les chaussures avec l\u2019\u00e9ponge gonflante faite de cellulose naturelle. L\u2019\u00e9ponge sert \u00e0 appliquer notre nettoyant ou notre savon pour cuir et selle Tapir.","robots":{"index":"index","follow":"follow","max-snippet":"max-snippet:-1","max-image-preview":"max-image-preview:large","max-video-preview":"max-video-preview:-1"},"canonical":"https:\/\/tapir.de\/fr\/shop\/eponge-gonflante-en-cellulose-naturelle\/","og_locale":"fr_FR","og_type":"article","og_title":"\u00c9ponge gonflante en cellulose naturelle - Tapir Wachswaren","og_description":"Nettoyez les chaussures avec l\u2019\u00e9ponge gonflante faite de cellulose naturelle. L\u2019\u00e9ponge sert \u00e0 appliquer notre nettoyant ou notre savon pour cuir et selle Tapir.","og_url":"https:\/\/tapir.de\/fr\/shop\/eponge-gonflante-en-cellulose-naturelle\/","og_site_name":"Tapir Wachswaren","article_publisher":"https:\/\/www.facebook.com\/TapirWachswaren\/","article_modified_time":"2026-01-26T12:06:04+00:00","og_image":[{"width":2560,"height":1709,"url":"https:\/\/tapir.de\/wp-content\/uploads\/2020\/07\/Tapir_Quellschwamm-scaled.jpeg","type":"image\/jpeg"}],"twitter_card":"summary_large_image","twitter_misc":{"Dur\u00e9e de lecture estim\u00e9e":"2 minutes"},"schema":{"@context":"https:\/\/schema.org","@graph":[{"@type":"WebPage","@id":"https:\/\/tapir.de\/fr\/shop\/eponge-gonflante-en-cellulose-naturelle\/","url":"https:\/\/tapir.de\/fr\/shop\/eponge-gonflante-en-cellulose-naturelle\/","name":"\u00c9ponge gonflante en cellulose naturelle - Tapir Wachswaren","isPartOf":{"@id":"https:\/\/tapir.de\/fr\/?lang=en\/#website"},"primaryImageOfPage":{"@id":"https:\/\/tapir.de\/fr\/shop\/eponge-gonflante-en-cellulose-naturelle\/#primaryimage"},"image":{"@id":"https:\/\/tapir.de\/fr\/shop\/eponge-gonflante-en-cellulose-naturelle\/#primaryimage"},"thumbnailUrl":"https:\/\/tapir.de\/wp-content\/uploads\/2020\/07\/Tapir_Quellschwamm-scaled.jpeg","datePublished":"2020-07-01T09:46:42+00:00","dateModified":"2026-01-26T12:06:04+00:00","description":"Nettoyez les chaussures avec l\u2019\u00e9ponge gonflante faite de cellulose naturelle. L\u2019\u00e9ponge sert \u00e0 appliquer notre nettoyant ou notre savon pour cuir et selle Tapir.","breadcrumb":{"@id":"https:\/\/tapir.de\/fr\/shop\/eponge-gonflante-en-cellulose-naturelle\/#breadcrumb"},"inLanguage":"fr-FR","potentialAction":[{"@type":"ReadAction","target":["https:\/\/tapir.de\/fr\/shop\/eponge-gonflante-en-cellulose-naturelle\/"]}]},{"@type":"ImageObject","inLanguage":"fr-FR","@id":"https:\/\/tapir.de\/fr\/shop\/eponge-gonflante-en-cellulose-naturelle\/#primaryimage","url":"https:\/\/tapir.de\/wp-content\/uploads\/2020\/07\/Tapir_Quellschwamm-scaled.jpeg","contentUrl":"https:\/\/tapir.de\/wp-content\/uploads\/2020\/07\/Tapir_Quellschwamm-scaled.jpeg","width":2560,"height":1709},{"@type":"BreadcrumbList","@id":"https:\/\/tapir.de\/fr\/shop\/eponge-gonflante-en-cellulose-naturelle\/#breadcrumb","itemListElement":[{"@type":"ListItem","position":1,"name":"Startseite","item":"https:\/\/tapir.de\/fr\/"},{"@type":"ListItem","position":2,"name":"Boutique","item":"https:\/\/tapir.de\/fr\/boutique\/"},{"@type":"ListItem","position":3,"name":"\u00c9ponge gonflante en cellulose naturelle"}]},{"@type":"WebSite","@id":"https:\/\/tapir.de\/fr\/?lang=en\/#website","url":"https:\/\/tapir.de\/fr\/?lang=en\/","name":"Tapir Wachswaren","description":"Nat\u00fcrliche Pflegeprodukte f\u00fcr Leder, Textil und Holz","publisher":{"@id":"https:\/\/tapir.de\/fr\/?lang=en\/#organization"},"potentialAction":[{"@type":"SearchAction","target":{"@type":"EntryPoint","urlTemplate":"https:\/\/tapir.de\/fr\/?lang=en\/?s={search_term_string}"},"query-input":{"@type":"PropertyValueSpecification","valueRequired":true,"valueName":"search_term_string"}}],"inLanguage":"fr-FR"},{"@type":"Organization","@id":"https:\/\/tapir.de\/fr\/?lang=en\/#organization","name":"Tapir Wachswaren","url":"https:\/\/tapir.de\/fr\/?lang=en\/","logo":{"@type":"ImageObject","inLanguage":"fr-FR","@id":"https:\/\/tapir.de\/fr\/?lang=en\/#\/schema\/logo\/image\/","url":"https:\/\/tapir.de\/wp-content\/uploads\/2020\/11\/cropped-TAPIR_Wachswaren_logo.png","contentUrl":"https:\/\/tapir.de\/wp-content\/uploads\/2020\/11\/cropped-TAPIR_Wachswaren_logo.png","width":512,"height":512,"caption":"Tapir Wachswaren"},"image":{"@id":"https:\/\/tapir.de\/fr\/?lang=en\/#\/schema\/logo\/image\/"},"sameAs":["https:\/\/www.facebook.com\/TapirWachswaren\/","https:\/\/www.instagram.com\/tapir_pflegeprodukte\/?hl=de"]}]}},"_links":{"self":[{"href":"https:\/\/tapir.de\/fr\/wp-json\/wp\/v2\/product\/20872","targetHints":{"allow":["GET"]}}],"collection":[{"href":"https:\/\/tapir.de\/fr\/wp-json\/wp\/v2\/product"}],"about":[{"href":"https:\/\/tapir.de\/fr\/wp-json\/wp\/v2\/types\/product"}],"wp:featuredmedia":[{"embeddable":true,"href":"https:\/\/tapir.de\/fr\/wp-json\/wp\/v2\/media\/20873"}],"wp:attachment":[{"href":"https:\/\/tapir.de\/fr\/wp-json\/wp\/v2\/media?parent=20872"}],"wp:term":[{"taxonomy":"product_brand","embeddable":true,"href":"https:\/\/tapir.de\/fr\/wp-json\/wp\/v2\/product_brand?post=20872"},{"taxonomy":"product_cat","embeddable":true,"href":"https:\/\/tapir.de\/fr\/wp-json\/wp\/v2\/product_cat?post=20872"},{"taxonomy":"product_tag","embeddable":true,"href":"https:\/\/tapir.de\/fr\/wp-json\/wp\/v2\/product_tag?post=20872"}],"curies":[{"name":"wp","href":"https:\/\/api.w.org\/{rel}","templated":true}]}}