{"id":20860,"date":"2020-11-18T09:42:32","date_gmt":"2020-11-18T08:42:32","guid":{"rendered":"https:\/\/tapir.de\/shop\/pour-chaque-jour-ensemble-dentretien-de-chaussures-pour-entretien-regulier\/"},"modified":"2026-01-26T13:05:59","modified_gmt":"2026-01-26T12:05:59","slug":"pour-chaque-jour-ensemble-dentretien-de-chaussures-pour-entretien-regulier","status":"publish","type":"product","link":"https:\/\/tapir.de\/fr\/shop\/pour-chaque-jour-ensemble-dentretien-de-chaussures-pour-entretien-regulier\/","title":{"rendered":"Pour chaque jour ! \u2013 Ensemble d\u2019entretien de chaussures pour entretien r\u00e9gulier"},"content":{"rendered":"<p><span style=\"color: #a90533; font-size: 150%;\"><strong>Pour chaque jour ! \u2013 Ensemble d\u2019entretien des chaussures   <\/strong><\/span><\/p>\n<p>D\u00e9couvrez le kit d\u2019entretien Tapir pour des chaussures en cuir lumineux et lumineuses et lumineuses !<\/p>\n<p>Notre kit d\u2019entretien r\u00e9pond aux besoins de vos chaussures en cuir lisse, que ce soit pour femmes, hommes ou enfants. Ici, vous trouverez des produits soigneusement s\u00e9lectionn\u00e9s qui vous permettront d\u2019en prendre soin r\u00e9guli\u00e8rement et efficacement. L\u2019application est un jeu d\u2019enfant : la <a href=\"https:\/\/tapir.de\/fr\/entretien-des-chaussures-et-du-cuir\/creme-pour-le-soin-du-cuir\/\">cr\u00e8me de soins pour cuir Tapir<\/a> s\u2019applique uniform\u00e9ment \u00e0 l\u2019aide du tissu en coton fourni ou du <a href=\"https:\/\/tapir.de\/shop\/runde-auftragsbuerste-helles-rosshaar\/\">pinceau d\u2019application Tapir<\/a> . Enfin, la chaussure est bross\u00e9e et polie avec la <a href=\"https:\/\/tapir.de\/fr\/shop\/brossez-le-brillant-avec-un-crin-de-cheval-clair-couleur-argent\/\">brosse Tapir Shine<\/a> \u2013 pour un \u00e9clat \u00e9clatant qui laisse une impression durable !   <\/p>\n<p><span style=\"font-size: 140%;\"><strong><span style=\"color: #9e0808;\">Durabilit\u00e9 chez Tapir :<\/span><\/strong><\/span><\/p>\n<p>Chez Tapir, nous nous concentrons constamment sur la durabilit\u00e9. Toute notre gamme est strictement certifi\u00e9e selon le NCP depuis des ann\u00e9es. Nos produits ne sont pas seulement emball\u00e9s dans des emballages respectueux de l\u2019environnement, mais sont \u00e9galement exclusivement compos\u00e9s de mati\u00e8res premi\u00e8res naturelles et renouvelables. Nettoyer vos chaussures devient une c\u00e9l\u00e9bration pour vous et pour l\u2019environnement !   <\/p>\n<h3><strong><span style=\"color: #9e0808;\">L\u2019ensemble contient :<\/span><\/strong><\/h3>\n<ul>\n<li>Tapir Leather Care Cream 75 ml, incolore<\/li>\n<li>Un tissu en coton tapir<\/li>\n<li>Un pinceau d\u2019application l\u00e9ger avec de vrais crin de cheval<\/li>\n<li>Tapir Gloss Brush, de couleur claire\/argent\u00e9e avec crin de cheval<\/li>\n<\/ul>\n<p>Chouchoutez vos chaussures en cuir lisse avec le kit d\u2019entretien Tapir et profitez de r\u00e9sultats \u00e9clatants \u2013 durables et respectueux de l\u2019environnement !<\/p>\n<p><strong>Tapir \u2013 Attention qui brille !<\/strong><\/p>\n","protected":false},"excerpt":{"rendered":"<p>Un ensemble pour l\u2019entretien r\u00e9gulier de vos chaussures en cuir lisse.<\/p>\n","protected":false},"featured_media":20861,"template":"","meta":[],"product_brand":[],"product_cat":[923],"product_tag":[],"class_list":{"0":"post-20860","1":"product","2":"type-product","3":"status-publish","4":"has-post-thumbnail","6":"product_cat-kits-de-soins","8":"first","9":"instock","10":"sale","11":"taxable","12":"shipping-taxable","13":"purchasable","14":"product-type-simple"},"yoast_head":"<!-- This site is optimized with the Yoast SEO plugin v27.3 - https:\/\/yoast.com\/product\/yoast-seo-wordpress\/ -->\n<title>Pour chaque jour ! - Ensemble d\u2019entretien de chaussures pour entretien r\u00e9gulier - Tapir Wachswaren<\/title>\n<meta name=\"description\" content=\"Pour chaque jour ! - Ensemble de soins pour chaussures en cuir lisse. Nourrit, prot\u00e8ge et brille. Le soin naturel des chaussures pour un entretien r\u00e9gulier.\" \/>\n<meta name=\"robots\" content=\"index, follow, max-snippet:-1, max-image-preview:large, max-video-preview:-1\" \/>\n<link rel=\"canonical\" href=\"https:\/\/tapir.de\/fr\/shop\/pour-chaque-jour-ensemble-dentretien-de-chaussures-pour-entretien-regulier\/\" \/>\n<meta property=\"og:locale\" content=\"fr_FR\" \/>\n<meta property=\"og:type\" content=\"article\" \/>\n<meta property=\"og:title\" content=\"Pour chaque jour ! - Ensemble d\u2019entretien de chaussures pour entretien r\u00e9gulier - Tapir Wachswaren\" \/>\n<meta property=\"og:description\" content=\"Pour chaque jour ! - Ensemble de soins pour chaussures en cuir lisse. Nourrit, prot\u00e8ge et brille. Le soin naturel des chaussures pour un entretien r\u00e9gulier.\" \/>\n<meta property=\"og:url\" content=\"https:\/\/tapir.de\/fr\/shop\/pour-chaque-jour-ensemble-dentretien-de-chaussures-pour-entretien-regulier\/\" \/>\n<meta property=\"og:site_name\" content=\"Tapir Wachswaren\" \/>\n<meta property=\"article:publisher\" content=\"https:\/\/www.facebook.com\/TapirWachswaren\/\" \/>\n<meta property=\"article:modified_time\" content=\"2026-01-26T12:05:59+00:00\" \/>\n<meta property=\"og:image\" content=\"https:\/\/tapir.de\/wp-content\/uploads\/2020\/11\/DSC_8433-scaled.jpeg\" \/>\n\t<meta property=\"og:image:width\" content=\"1920\" \/>\n\t<meta property=\"og:image:height\" content=\"1282\" \/>\n\t<meta property=\"og:image:type\" content=\"image\/jpeg\" \/>\n<meta name=\"twitter:card\" content=\"summary_large_image\" \/>\n<meta name=\"twitter:label1\" content=\"Dur\u00e9e de lecture estim\u00e9e\" \/>\n\t<meta name=\"twitter:data1\" content=\"1 minute\" \/>\n<script type=\"application\/ld+json\" class=\"yoast-schema-graph\">{\"@context\":\"https:\\\/\\\/schema.org\",\"@graph\":[{\"@type\":\"WebPage\",\"@id\":\"https:\\\/\\\/tapir.de\\\/fr\\\/shop\\\/pour-chaque-jour-ensemble-dentretien-de-chaussures-pour-entretien-regulier\\\/\",\"url\":\"https:\\\/\\\/tapir.de\\\/fr\\\/shop\\\/pour-chaque-jour-ensemble-dentretien-de-chaussures-pour-entretien-regulier\\\/\",\"name\":\"Pour chaque jour ! - Ensemble d\u2019entretien de chaussures pour entretien r\u00e9gulier - Tapir Wachswaren\",\"isPartOf\":{\"@id\":\"https:\\\/\\\/tapir.de\\\/fr\\\/?lang=en\\\/#website\"},\"primaryImageOfPage\":{\"@id\":\"https:\\\/\\\/tapir.de\\\/fr\\\/shop\\\/pour-chaque-jour-ensemble-dentretien-de-chaussures-pour-entretien-regulier\\\/#primaryimage\"},\"image\":{\"@id\":\"https:\\\/\\\/tapir.de\\\/fr\\\/shop\\\/pour-chaque-jour-ensemble-dentretien-de-chaussures-pour-entretien-regulier\\\/#primaryimage\"},\"thumbnailUrl\":\"https:\\\/\\\/tapir.de\\\/wp-content\\\/uploads\\\/2020\\\/11\\\/DSC_8433-scaled.jpeg\",\"datePublished\":\"2020-11-18T08:42:32+00:00\",\"dateModified\":\"2026-01-26T12:05:59+00:00\",\"description\":\"Pour chaque jour ! - Ensemble de soins pour chaussures en cuir lisse. Nourrit, prot\u00e8ge et brille. Le soin naturel des chaussures pour un entretien r\u00e9gulier.\",\"breadcrumb\":{\"@id\":\"https:\\\/\\\/tapir.de\\\/fr\\\/shop\\\/pour-chaque-jour-ensemble-dentretien-de-chaussures-pour-entretien-regulier\\\/#breadcrumb\"},\"inLanguage\":\"fr-FR\",\"potentialAction\":[{\"@type\":\"ReadAction\",\"target\":[\"https:\\\/\\\/tapir.de\\\/fr\\\/shop\\\/pour-chaque-jour-ensemble-dentretien-de-chaussures-pour-entretien-regulier\\\/\"]}]},{\"@type\":\"ImageObject\",\"inLanguage\":\"fr-FR\",\"@id\":\"https:\\\/\\\/tapir.de\\\/fr\\\/shop\\\/pour-chaque-jour-ensemble-dentretien-de-chaussures-pour-entretien-regulier\\\/#primaryimage\",\"url\":\"https:\\\/\\\/tapir.de\\\/wp-content\\\/uploads\\\/2020\\\/11\\\/DSC_8433-scaled.jpeg\",\"contentUrl\":\"https:\\\/\\\/tapir.de\\\/wp-content\\\/uploads\\\/2020\\\/11\\\/DSC_8433-scaled.jpeg\",\"width\":1920,\"height\":1282,\"caption\":\"\u00c9quipement de base Tapir\"},{\"@type\":\"BreadcrumbList\",\"@id\":\"https:\\\/\\\/tapir.de\\\/fr\\\/shop\\\/pour-chaque-jour-ensemble-dentretien-de-chaussures-pour-entretien-regulier\\\/#breadcrumb\",\"itemListElement\":[{\"@type\":\"ListItem\",\"position\":1,\"name\":\"Startseite\",\"item\":\"https:\\\/\\\/tapir.de\\\/fr\\\/\"},{\"@type\":\"ListItem\",\"position\":2,\"name\":\"Boutique\",\"item\":\"https:\\\/\\\/tapir.de\\\/fr\\\/boutique\\\/\"},{\"@type\":\"ListItem\",\"position\":3,\"name\":\"Pour chaque jour ! &#8211; Ensemble d\u2019entretien de chaussures pour entretien r\u00e9gulier\"}]},{\"@type\":\"WebSite\",\"@id\":\"https:\\\/\\\/tapir.de\\\/fr\\\/?lang=en\\\/#website\",\"url\":\"https:\\\/\\\/tapir.de\\\/fr\\\/?lang=en\\\/\",\"name\":\"Tapir Wachswaren\",\"description\":\"Nat\u00fcrliche Pflegeprodukte f\u00fcr Leder, Textil und Holz\",\"publisher\":{\"@id\":\"https:\\\/\\\/tapir.de\\\/fr\\\/?lang=en\\\/#organization\"},\"potentialAction\":[{\"@type\":\"SearchAction\",\"target\":{\"@type\":\"EntryPoint\",\"urlTemplate\":\"https:\\\/\\\/tapir.de\\\/fr\\\/?lang=en\\\/?s={search_term_string}\"},\"query-input\":{\"@type\":\"PropertyValueSpecification\",\"valueRequired\":true,\"valueName\":\"search_term_string\"}}],\"inLanguage\":\"fr-FR\"},{\"@type\":\"Organization\",\"@id\":\"https:\\\/\\\/tapir.de\\\/fr\\\/?lang=en\\\/#organization\",\"name\":\"Tapir Wachswaren\",\"url\":\"https:\\\/\\\/tapir.de\\\/fr\\\/?lang=en\\\/\",\"logo\":{\"@type\":\"ImageObject\",\"inLanguage\":\"fr-FR\",\"@id\":\"https:\\\/\\\/tapir.de\\\/fr\\\/?lang=en\\\/#\\\/schema\\\/logo\\\/image\\\/\",\"url\":\"https:\\\/\\\/tapir.de\\\/wp-content\\\/uploads\\\/2020\\\/11\\\/cropped-TAPIR_Wachswaren_logo.png\",\"contentUrl\":\"https:\\\/\\\/tapir.de\\\/wp-content\\\/uploads\\\/2020\\\/11\\\/cropped-TAPIR_Wachswaren_logo.png\",\"width\":512,\"height\":512,\"caption\":\"Tapir Wachswaren\"},\"image\":{\"@id\":\"https:\\\/\\\/tapir.de\\\/fr\\\/?lang=en\\\/#\\\/schema\\\/logo\\\/image\\\/\"},\"sameAs\":[\"https:\\\/\\\/www.facebook.com\\\/TapirWachswaren\\\/\",\"https:\\\/\\\/www.instagram.com\\\/tapir_pflegeprodukte\\\/?hl=de\"]}]}<\/script>\n<!-- \/ Yoast SEO plugin. -->","yoast_head_json":{"title":"Pour chaque jour ! - Ensemble d\u2019entretien de chaussures pour entretien r\u00e9gulier - Tapir Wachswaren","description":"Pour chaque jour ! - Ensemble de soins pour chaussures en cuir lisse. Nourrit, prot\u00e8ge et brille. Le soin naturel des chaussures pour un entretien r\u00e9gulier.","robots":{"index":"index","follow":"follow","max-snippet":"max-snippet:-1","max-image-preview":"max-image-preview:large","max-video-preview":"max-video-preview:-1"},"canonical":"https:\/\/tapir.de\/fr\/shop\/pour-chaque-jour-ensemble-dentretien-de-chaussures-pour-entretien-regulier\/","og_locale":"fr_FR","og_type":"article","og_title":"Pour chaque jour ! - Ensemble d\u2019entretien de chaussures pour entretien r\u00e9gulier - Tapir Wachswaren","og_description":"Pour chaque jour ! - Ensemble de soins pour chaussures en cuir lisse. Nourrit, prot\u00e8ge et brille. Le soin naturel des chaussures pour un entretien r\u00e9gulier.","og_url":"https:\/\/tapir.de\/fr\/shop\/pour-chaque-jour-ensemble-dentretien-de-chaussures-pour-entretien-regulier\/","og_site_name":"Tapir Wachswaren","article_publisher":"https:\/\/www.facebook.com\/TapirWachswaren\/","article_modified_time":"2026-01-26T12:05:59+00:00","og_image":[{"width":1920,"height":1282,"url":"https:\/\/tapir.de\/wp-content\/uploads\/2020\/11\/DSC_8433-scaled.jpeg","type":"image\/jpeg"}],"twitter_card":"summary_large_image","twitter_misc":{"Dur\u00e9e de lecture estim\u00e9e":"1 minute"},"schema":{"@context":"https:\/\/schema.org","@graph":[{"@type":"WebPage","@id":"https:\/\/tapir.de\/fr\/shop\/pour-chaque-jour-ensemble-dentretien-de-chaussures-pour-entretien-regulier\/","url":"https:\/\/tapir.de\/fr\/shop\/pour-chaque-jour-ensemble-dentretien-de-chaussures-pour-entretien-regulier\/","name":"Pour chaque jour ! - Ensemble d\u2019entretien de chaussures pour entretien r\u00e9gulier - Tapir Wachswaren","isPartOf":{"@id":"https:\/\/tapir.de\/fr\/?lang=en\/#website"},"primaryImageOfPage":{"@id":"https:\/\/tapir.de\/fr\/shop\/pour-chaque-jour-ensemble-dentretien-de-chaussures-pour-entretien-regulier\/#primaryimage"},"image":{"@id":"https:\/\/tapir.de\/fr\/shop\/pour-chaque-jour-ensemble-dentretien-de-chaussures-pour-entretien-regulier\/#primaryimage"},"thumbnailUrl":"https:\/\/tapir.de\/wp-content\/uploads\/2020\/11\/DSC_8433-scaled.jpeg","datePublished":"2020-11-18T08:42:32+00:00","dateModified":"2026-01-26T12:05:59+00:00","description":"Pour chaque jour ! - Ensemble de soins pour chaussures en cuir lisse. Nourrit, prot\u00e8ge et brille. Le soin naturel des chaussures pour un entretien r\u00e9gulier.","breadcrumb":{"@id":"https:\/\/tapir.de\/fr\/shop\/pour-chaque-jour-ensemble-dentretien-de-chaussures-pour-entretien-regulier\/#breadcrumb"},"inLanguage":"fr-FR","potentialAction":[{"@type":"ReadAction","target":["https:\/\/tapir.de\/fr\/shop\/pour-chaque-jour-ensemble-dentretien-de-chaussures-pour-entretien-regulier\/"]}]},{"@type":"ImageObject","inLanguage":"fr-FR","@id":"https:\/\/tapir.de\/fr\/shop\/pour-chaque-jour-ensemble-dentretien-de-chaussures-pour-entretien-regulier\/#primaryimage","url":"https:\/\/tapir.de\/wp-content\/uploads\/2020\/11\/DSC_8433-scaled.jpeg","contentUrl":"https:\/\/tapir.de\/wp-content\/uploads\/2020\/11\/DSC_8433-scaled.jpeg","width":1920,"height":1282,"caption":"\u00c9quipement de base Tapir"},{"@type":"BreadcrumbList","@id":"https:\/\/tapir.de\/fr\/shop\/pour-chaque-jour-ensemble-dentretien-de-chaussures-pour-entretien-regulier\/#breadcrumb","itemListElement":[{"@type":"ListItem","position":1,"name":"Startseite","item":"https:\/\/tapir.de\/fr\/"},{"@type":"ListItem","position":2,"name":"Boutique","item":"https:\/\/tapir.de\/fr\/boutique\/"},{"@type":"ListItem","position":3,"name":"Pour chaque jour ! &#8211; Ensemble d\u2019entretien de chaussures pour entretien r\u00e9gulier"}]},{"@type":"WebSite","@id":"https:\/\/tapir.de\/fr\/?lang=en\/#website","url":"https:\/\/tapir.de\/fr\/?lang=en\/","name":"Tapir Wachswaren","description":"Nat\u00fcrliche Pflegeprodukte f\u00fcr Leder, Textil und Holz","publisher":{"@id":"https:\/\/tapir.de\/fr\/?lang=en\/#organization"},"potentialAction":[{"@type":"SearchAction","target":{"@type":"EntryPoint","urlTemplate":"https:\/\/tapir.de\/fr\/?lang=en\/?s={search_term_string}"},"query-input":{"@type":"PropertyValueSpecification","valueRequired":true,"valueName":"search_term_string"}}],"inLanguage":"fr-FR"},{"@type":"Organization","@id":"https:\/\/tapir.de\/fr\/?lang=en\/#organization","name":"Tapir Wachswaren","url":"https:\/\/tapir.de\/fr\/?lang=en\/","logo":{"@type":"ImageObject","inLanguage":"fr-FR","@id":"https:\/\/tapir.de\/fr\/?lang=en\/#\/schema\/logo\/image\/","url":"https:\/\/tapir.de\/wp-content\/uploads\/2020\/11\/cropped-TAPIR_Wachswaren_logo.png","contentUrl":"https:\/\/tapir.de\/wp-content\/uploads\/2020\/11\/cropped-TAPIR_Wachswaren_logo.png","width":512,"height":512,"caption":"Tapir Wachswaren"},"image":{"@id":"https:\/\/tapir.de\/fr\/?lang=en\/#\/schema\/logo\/image\/"},"sameAs":["https:\/\/www.facebook.com\/TapirWachswaren\/","https:\/\/www.instagram.com\/tapir_pflegeprodukte\/?hl=de"]}]}},"_links":{"self":[{"href":"https:\/\/tapir.de\/fr\/wp-json\/wp\/v2\/product\/20860","targetHints":{"allow":["GET"]}}],"collection":[{"href":"https:\/\/tapir.de\/fr\/wp-json\/wp\/v2\/product"}],"about":[{"href":"https:\/\/tapir.de\/fr\/wp-json\/wp\/v2\/types\/product"}],"wp:featuredmedia":[{"embeddable":true,"href":"https:\/\/tapir.de\/fr\/wp-json\/wp\/v2\/media\/20861"}],"wp:attachment":[{"href":"https:\/\/tapir.de\/fr\/wp-json\/wp\/v2\/media?parent=20860"}],"wp:term":[{"taxonomy":"product_brand","embeddable":true,"href":"https:\/\/tapir.de\/fr\/wp-json\/wp\/v2\/product_brand?post=20860"},{"taxonomy":"product_cat","embeddable":true,"href":"https:\/\/tapir.de\/fr\/wp-json\/wp\/v2\/product_cat?post=20860"},{"taxonomy":"product_tag","embeddable":true,"href":"https:\/\/tapir.de\/fr\/wp-json\/wp\/v2\/product_tag?post=20860"}],"curies":[{"name":"wp","href":"https:\/\/api.w.org\/{rel}","templated":true}]}}