{"id":20839,"date":"2021-01-17T17:55:13","date_gmt":"2021-01-17T16:55:13","guid":{"rendered":"https:\/\/tapir.de\/shop\/brossez-le-brillant-avec-un-crin-de-cheval-clair-couleur-argent\/"},"modified":"2026-01-26T13:05:54","modified_gmt":"2026-01-26T12:05:54","slug":"brossez-le-brillant-avec-un-crin-de-cheval-clair-couleur-argent","status":"publish","type":"product","link":"https:\/\/tapir.de\/fr\/shop\/brossez-le-brillant-avec-un-crin-de-cheval-clair-couleur-argent\/","title":{"rendered":"Brossez le brillant avec un crin de cheval clair couleur argent"},"content":{"rendered":"<h2><span style=\"font-size: 90%; color: #a90533;\"><strong>Brosse de tapires brillants avec de l\u00e9ger, crin de cheval argent\u00e9<\/strong><\/span><\/h2>\n<p>Le pinceau Tapir shine avec un crin de cheval l\u00e9ger argent\u00e9 pour cirer les fers est l\u2019outil ultime pour quiconque souhaite donner \u00e0 ses fers une belle brillance. Fabriqu\u00e9e en Allemagne \u00e0 partir de crin de cheval doux et de haute qualit\u00e9, cette brosse est particuli\u00e8rement douce pour le cuir. Leurs poils doux sont parfaits pour le massage dans les produits de soins des tapirs, comme les f\u00e9conades. Elles permettent de les r\u00e9partir uniform\u00e9ment sur toute la surface de la chaussure, mais elles sont aussi parfaitement adapt\u00e9es pour polir la cr\u00e8me ou le baume pour le cuir. C\u2019est ainsi que l\u2019on obtient un \u00e9clat magnifique.    <\/p>\n<p>Gr\u00e2ce \u00e0 sa grande qualit\u00e9 et sa pr\u00e9cision de production, notre brosse Tapir Shine en crin de cheval garantit un r\u00e9sultat professionnel dans l\u2019entretien des chaussures. Cela permet d\u2019obtenir un \u00e9clat profond et une finition \u00e9l\u00e9gante qui donne aux chaussures un aspect neuf. Le design ergonomique de la brosse est confortable \u00e0 tenir et facilite le polissage, m\u00eame dans les zones difficiles d\u2019acc\u00e8s.  <\/p>\n<p>Le pinceau Tapir Shine fait de crin de cheval l\u00e9ger et argent\u00e9 est non seulement efficace, mais aussi durable. Leur conception robuste et leurs mat\u00e9riaux de haute qualit\u00e9 garantissent une utilisation \u00e0 long terme sans perte de qualit\u00e9. Avec une utilisation r\u00e9guli\u00e8re, vous pouvez \u00eatre s\u00fbr que vos chaussures auront toujours un aspect impeccable et impeccable, pr\u00eates \u00e0 accueillir avec style en toute occasion.  <\/p>\n<h2><span style=\"font-size: 90%; color: #a90533;\"><strong>Caract\u00e9ristiques du produit :<\/strong><\/span><\/h2>\n<ul>\n<li>particuli\u00e8rement adapt\u00e9 aux chaussures claires \u00e0 marron<\/li>\n<li>Corps en bois de h\u00eatre huil\u00e9 \u00e0 l\u2019huile de lin (organique)<\/li>\n<li>crin de cheval clair, couleur argent\u00e9e<\/li>\n<li>Longueur des cheveux : 34 mm<\/li>\n<li>Dimensions du corps du pinceau : 160&#215;34 mm<\/li>\n<li>Fabriqu\u00e9 en Allemagne<\/li>\n<li>Avec le logo Tapir imprim\u00e9 en noir<\/li>\n<\/ul>\n<p>&nbsp;<\/p>\n<p><strong>Application :<\/strong><\/p>\n<p>Utiliser le Tapir Shine Brush est une \u00e9tape cruciale pour donner \u00e0 vos chaussures un \u00e9clat parfait. Commencez par nettoyer soigneusement vos chaussures et enlever la salet\u00e9 et la poussi\u00e8re. Cela peut se faire avec notre <a href=\"https:\/\/tapir.de\/shop\/schmutzbuerste-16-cm-mit-fibre-borste\">brosse \u00e0 tapir \u00e0 poussi\u00e8re<\/a> ou un chiffon en coton humide.  <\/p>\n<p>Une fois vos chaussures propres, utilisez un <a href=\"https:\/\/tapir.de\/shop\/runde-auftragsbuerste-helles-rosshaar\/\">pinceau d\u2019application<\/a> Tapir pour appliquer notre <a href=\"https:\/\/tapir.de\/shop\/lederfett-farblos-200-ml\/\">graisse pour cuir<\/a>, <a href=\"https:\/\/tapir.de\/fr\/entretien-des-chaussures-et-du-cuir\/creme-pour-le-soin-du-cuir\/\">notre cr\u00e8me pour le soin du cuir<\/a> ou<a href=\"https:\/\/tapir.de\/fr\/entretien-des-chaussures-et-du-cuir\/baume-cuir-pour-le-brillant\/\"> notre baume cuir<\/a> sur la surface. Avec le pinceau d\u2019application, vous commencez maintenant par des mouvements circulaires doux pour r\u00e9partir uniform\u00e9ment le cirage et le faire p\u00e9n\u00e9trer profond\u00e9ment dans le cuir. Veillez \u00e0 traiter toutes les zones de la chaussure, y compris les coutures et les bords.  <\/p>\n<p>Apr\u00e8s que le produit d\u2019entretien a \u00e9t\u00e9 appliqu\u00e9 de fa\u00e7on homog\u00e8ne, utilisez notre brosse de brillance pour obtenir la brillance. Avec des mouvements rapides et courts, polissez le cuir jusqu\u2019\u00e0 ce qu\u2019il brille encore et encore. Plus vous cirez, plus la brillance de vos chaussures sera intense. R\u00e9p\u00e9tez ce processus si n\u00e9cessaire pour obtenir l\u2019\u00e9clat d\u00e9sir\u00e9. Avec l\u2019utilisation r\u00e9guli\u00e8re du brosse \u00e0 \u00e9clat, vous pouvez \u00eatre s\u00fbr que vos chaussures auront toujours un look soign\u00e9 et \u00e9l\u00e9gant, pr\u00eates \u00e0 accueillir avec style n\u2019importe quelle occasion.    <\/p>\n<p>&nbsp;<\/p>\n","protected":false},"excerpt":{"rendered":"<p>Pinceau Noble Gloss pour un effet de polissage optimal.<\/p>\n","protected":false},"featured_media":20849,"template":"","meta":[],"product_brand":[],"product_cat":[873],"product_tag":[892],"class_list":{"0":"post-20839","1":"product","2":"type-product","3":"status-publish","4":"has-post-thumbnail","6":"product_cat-brosses","7":"product_tag-accessoires","8":"pa_geeignet-fuer-bottes-dequitation","9":"pa_geeignet-fuer-chaussures-brillantes","10":"pa_geeignet-fuer-chaussures-denfants","11":"pa_geeignet-fuer-chaussures-professionnelles","12":"pa_geeignet-fuer-cuir-lisse","14":"first","15":"instock","16":"taxable","17":"shipping-taxable","18":"purchasable","19":"product-type-simple"},"yoast_head":"<!-- This site is optimized with the Yoast SEO plugin v27.4 - https:\/\/yoast.com\/product\/yoast-seo-wordpress\/ -->\n<title>Brossez le brillant avec un crin de cheval clair couleur argent - Tapir Wachswaren<\/title>\n<meta name=\"description\" content=\"Le pinceau Tapir Shine avec un crin de cheval argent\u00e9 clair pour un \u00e9clat de ferure optimal et une brillance optimale. Un soin durable avec des brosses de haute qualit\u00e9 pour vos chaussures.\" \/>\n<meta name=\"robots\" content=\"index, follow, max-snippet:-1, max-image-preview:large, max-video-preview:-1\" \/>\n<link rel=\"canonical\" href=\"https:\/\/tapir.de\/fr\/shop\/brossez-le-brillant-avec-un-crin-de-cheval-clair-couleur-argent\/\" \/>\n<meta property=\"og:locale\" content=\"fr_FR\" \/>\n<meta property=\"og:type\" content=\"article\" \/>\n<meta property=\"og:title\" content=\"Brossez le brillant avec un crin de cheval clair couleur argent - Tapir Wachswaren\" \/>\n<meta property=\"og:description\" content=\"Le pinceau Tapir Shine avec un crin de cheval argent\u00e9 clair pour un \u00e9clat de ferure optimal et une brillance optimale. Un soin durable avec des brosses de haute qualit\u00e9 pour vos chaussures.\" \/>\n<meta property=\"og:url\" content=\"https:\/\/tapir.de\/fr\/shop\/brossez-le-brillant-avec-un-crin-de-cheval-clair-couleur-argent\/\" \/>\n<meta property=\"og:site_name\" content=\"Tapir Wachswaren\" \/>\n<meta property=\"article:publisher\" content=\"https:\/\/www.facebook.com\/TapirWachswaren\/\" \/>\n<meta property=\"article:modified_time\" content=\"2026-01-26T12:05:54+00:00\" \/>\n<meta property=\"og:image\" content=\"https:\/\/tapir.de\/wp-content\/uploads\/2025\/01\/00903T_Glanzbuerste_mit-hellem_silberfarbenem_Rosshaar_1.jpg\" \/>\n\t<meta property=\"og:image:width\" content=\"1500\" \/>\n\t<meta property=\"og:image:height\" content=\"1500\" \/>\n\t<meta property=\"og:image:type\" content=\"image\/jpeg\" \/>\n<meta name=\"twitter:card\" content=\"summary_large_image\" \/>\n<meta name=\"twitter:label1\" content=\"Dur\u00e9e de lecture estim\u00e9e\" \/>\n\t<meta name=\"twitter:data1\" content=\"3 minutes\" \/>\n<script type=\"application\/ld+json\" class=\"yoast-schema-graph\">{\"@context\":\"https:\\\/\\\/schema.org\",\"@graph\":[{\"@type\":\"WebPage\",\"@id\":\"https:\\\/\\\/tapir.de\\\/fr\\\/shop\\\/brossez-le-brillant-avec-un-crin-de-cheval-clair-couleur-argent\\\/\",\"url\":\"https:\\\/\\\/tapir.de\\\/fr\\\/shop\\\/brossez-le-brillant-avec-un-crin-de-cheval-clair-couleur-argent\\\/\",\"name\":\"Brossez le brillant avec un crin de cheval clair couleur argent - Tapir Wachswaren\",\"isPartOf\":{\"@id\":\"https:\\\/\\\/tapir.de\\\/fr\\\/?lang=en\\\/#website\"},\"primaryImageOfPage\":{\"@id\":\"https:\\\/\\\/tapir.de\\\/fr\\\/shop\\\/brossez-le-brillant-avec-un-crin-de-cheval-clair-couleur-argent\\\/#primaryimage\"},\"image\":{\"@id\":\"https:\\\/\\\/tapir.de\\\/fr\\\/shop\\\/brossez-le-brillant-avec-un-crin-de-cheval-clair-couleur-argent\\\/#primaryimage\"},\"thumbnailUrl\":\"https:\\\/\\\/tapir.de\\\/wp-content\\\/uploads\\\/2025\\\/01\\\/00903T_Glanzbuerste_mit-hellem_silberfarbenem_Rosshaar_1.jpg\",\"datePublished\":\"2021-01-17T16:55:13+00:00\",\"dateModified\":\"2026-01-26T12:05:54+00:00\",\"description\":\"Le pinceau Tapir Shine avec un crin de cheval argent\u00e9 clair pour un \u00e9clat de ferure optimal et une brillance optimale. Un soin durable avec des brosses de haute qualit\u00e9 pour vos chaussures.\",\"breadcrumb\":{\"@id\":\"https:\\\/\\\/tapir.de\\\/fr\\\/shop\\\/brossez-le-brillant-avec-un-crin-de-cheval-clair-couleur-argent\\\/#breadcrumb\"},\"inLanguage\":\"fr-FR\",\"potentialAction\":[{\"@type\":\"ReadAction\",\"target\":[\"https:\\\/\\\/tapir.de\\\/fr\\\/shop\\\/brossez-le-brillant-avec-un-crin-de-cheval-clair-couleur-argent\\\/\"]}]},{\"@type\":\"ImageObject\",\"inLanguage\":\"fr-FR\",\"@id\":\"https:\\\/\\\/tapir.de\\\/fr\\\/shop\\\/brossez-le-brillant-avec-un-crin-de-cheval-clair-couleur-argent\\\/#primaryimage\",\"url\":\"https:\\\/\\\/tapir.de\\\/wp-content\\\/uploads\\\/2025\\\/01\\\/00903T_Glanzbuerste_mit-hellem_silberfarbenem_Rosshaar_1.jpg\",\"contentUrl\":\"https:\\\/\\\/tapir.de\\\/wp-content\\\/uploads\\\/2025\\\/01\\\/00903T_Glanzbuerste_mit-hellem_silberfarbenem_Rosshaar_1.jpg\",\"width\":1500,\"height\":1500},{\"@type\":\"BreadcrumbList\",\"@id\":\"https:\\\/\\\/tapir.de\\\/fr\\\/shop\\\/brossez-le-brillant-avec-un-crin-de-cheval-clair-couleur-argent\\\/#breadcrumb\",\"itemListElement\":[{\"@type\":\"ListItem\",\"position\":1,\"name\":\"Startseite\",\"item\":\"https:\\\/\\\/tapir.de\\\/fr\\\/\"},{\"@type\":\"ListItem\",\"position\":2,\"name\":\"Boutique\",\"item\":\"https:\\\/\\\/tapir.de\\\/fr\\\/boutique\\\/\"},{\"@type\":\"ListItem\",\"position\":3,\"name\":\"Brossez le brillant avec un crin de cheval clair couleur argent\"}]},{\"@type\":\"WebSite\",\"@id\":\"https:\\\/\\\/tapir.de\\\/fr\\\/?lang=en\\\/#website\",\"url\":\"https:\\\/\\\/tapir.de\\\/fr\\\/?lang=en\\\/\",\"name\":\"Tapir Wachswaren\",\"description\":\"Nat\u00fcrliche Pflegeprodukte f\u00fcr Leder, Textil und Holz\",\"publisher\":{\"@id\":\"https:\\\/\\\/tapir.de\\\/fr\\\/?lang=en\\\/#organization\"},\"potentialAction\":[{\"@type\":\"SearchAction\",\"target\":{\"@type\":\"EntryPoint\",\"urlTemplate\":\"https:\\\/\\\/tapir.de\\\/fr\\\/?lang=en\\\/?s={search_term_string}\"},\"query-input\":{\"@type\":\"PropertyValueSpecification\",\"valueRequired\":true,\"valueName\":\"search_term_string\"}}],\"inLanguage\":\"fr-FR\"},{\"@type\":\"Organization\",\"@id\":\"https:\\\/\\\/tapir.de\\\/fr\\\/?lang=en\\\/#organization\",\"name\":\"Tapir Wachswaren\",\"url\":\"https:\\\/\\\/tapir.de\\\/fr\\\/?lang=en\\\/\",\"logo\":{\"@type\":\"ImageObject\",\"inLanguage\":\"fr-FR\",\"@id\":\"https:\\\/\\\/tapir.de\\\/fr\\\/?lang=en\\\/#\\\/schema\\\/logo\\\/image\\\/\",\"url\":\"https:\\\/\\\/tapir.de\\\/wp-content\\\/uploads\\\/2020\\\/11\\\/cropped-TAPIR_Wachswaren_logo.png\",\"contentUrl\":\"https:\\\/\\\/tapir.de\\\/wp-content\\\/uploads\\\/2020\\\/11\\\/cropped-TAPIR_Wachswaren_logo.png\",\"width\":512,\"height\":512,\"caption\":\"Tapir Wachswaren\"},\"image\":{\"@id\":\"https:\\\/\\\/tapir.de\\\/fr\\\/?lang=en\\\/#\\\/schema\\\/logo\\\/image\\\/\"},\"sameAs\":[\"https:\\\/\\\/www.facebook.com\\\/TapirWachswaren\\\/\",\"https:\\\/\\\/www.instagram.com\\\/tapir_pflegeprodukte\\\/?hl=de\"]}]}<\/script>\n<!-- \/ Yoast SEO plugin. -->","yoast_head_json":{"title":"Brossez le brillant avec un crin de cheval clair couleur argent - Tapir Wachswaren","description":"Le pinceau Tapir Shine avec un crin de cheval argent\u00e9 clair pour un \u00e9clat de ferure optimal et une brillance optimale. Un soin durable avec des brosses de haute qualit\u00e9 pour vos chaussures.","robots":{"index":"index","follow":"follow","max-snippet":"max-snippet:-1","max-image-preview":"max-image-preview:large","max-video-preview":"max-video-preview:-1"},"canonical":"https:\/\/tapir.de\/fr\/shop\/brossez-le-brillant-avec-un-crin-de-cheval-clair-couleur-argent\/","og_locale":"fr_FR","og_type":"article","og_title":"Brossez le brillant avec un crin de cheval clair couleur argent - Tapir Wachswaren","og_description":"Le pinceau Tapir Shine avec un crin de cheval argent\u00e9 clair pour un \u00e9clat de ferure optimal et une brillance optimale. Un soin durable avec des brosses de haute qualit\u00e9 pour vos chaussures.","og_url":"https:\/\/tapir.de\/fr\/shop\/brossez-le-brillant-avec-un-crin-de-cheval-clair-couleur-argent\/","og_site_name":"Tapir Wachswaren","article_publisher":"https:\/\/www.facebook.com\/TapirWachswaren\/","article_modified_time":"2026-01-26T12:05:54+00:00","og_image":[{"width":1500,"height":1500,"url":"https:\/\/tapir.de\/wp-content\/uploads\/2025\/01\/00903T_Glanzbuerste_mit-hellem_silberfarbenem_Rosshaar_1.jpg","type":"image\/jpeg"}],"twitter_card":"summary_large_image","twitter_misc":{"Dur\u00e9e de lecture estim\u00e9e":"3 minutes"},"schema":{"@context":"https:\/\/schema.org","@graph":[{"@type":"WebPage","@id":"https:\/\/tapir.de\/fr\/shop\/brossez-le-brillant-avec-un-crin-de-cheval-clair-couleur-argent\/","url":"https:\/\/tapir.de\/fr\/shop\/brossez-le-brillant-avec-un-crin-de-cheval-clair-couleur-argent\/","name":"Brossez le brillant avec un crin de cheval clair couleur argent - Tapir Wachswaren","isPartOf":{"@id":"https:\/\/tapir.de\/fr\/?lang=en\/#website"},"primaryImageOfPage":{"@id":"https:\/\/tapir.de\/fr\/shop\/brossez-le-brillant-avec-un-crin-de-cheval-clair-couleur-argent\/#primaryimage"},"image":{"@id":"https:\/\/tapir.de\/fr\/shop\/brossez-le-brillant-avec-un-crin-de-cheval-clair-couleur-argent\/#primaryimage"},"thumbnailUrl":"https:\/\/tapir.de\/wp-content\/uploads\/2025\/01\/00903T_Glanzbuerste_mit-hellem_silberfarbenem_Rosshaar_1.jpg","datePublished":"2021-01-17T16:55:13+00:00","dateModified":"2026-01-26T12:05:54+00:00","description":"Le pinceau Tapir Shine avec un crin de cheval argent\u00e9 clair pour un \u00e9clat de ferure optimal et une brillance optimale. Un soin durable avec des brosses de haute qualit\u00e9 pour vos chaussures.","breadcrumb":{"@id":"https:\/\/tapir.de\/fr\/shop\/brossez-le-brillant-avec-un-crin-de-cheval-clair-couleur-argent\/#breadcrumb"},"inLanguage":"fr-FR","potentialAction":[{"@type":"ReadAction","target":["https:\/\/tapir.de\/fr\/shop\/brossez-le-brillant-avec-un-crin-de-cheval-clair-couleur-argent\/"]}]},{"@type":"ImageObject","inLanguage":"fr-FR","@id":"https:\/\/tapir.de\/fr\/shop\/brossez-le-brillant-avec-un-crin-de-cheval-clair-couleur-argent\/#primaryimage","url":"https:\/\/tapir.de\/wp-content\/uploads\/2025\/01\/00903T_Glanzbuerste_mit-hellem_silberfarbenem_Rosshaar_1.jpg","contentUrl":"https:\/\/tapir.de\/wp-content\/uploads\/2025\/01\/00903T_Glanzbuerste_mit-hellem_silberfarbenem_Rosshaar_1.jpg","width":1500,"height":1500},{"@type":"BreadcrumbList","@id":"https:\/\/tapir.de\/fr\/shop\/brossez-le-brillant-avec-un-crin-de-cheval-clair-couleur-argent\/#breadcrumb","itemListElement":[{"@type":"ListItem","position":1,"name":"Startseite","item":"https:\/\/tapir.de\/fr\/"},{"@type":"ListItem","position":2,"name":"Boutique","item":"https:\/\/tapir.de\/fr\/boutique\/"},{"@type":"ListItem","position":3,"name":"Brossez le brillant avec un crin de cheval clair couleur argent"}]},{"@type":"WebSite","@id":"https:\/\/tapir.de\/fr\/?lang=en\/#website","url":"https:\/\/tapir.de\/fr\/?lang=en\/","name":"Tapir Wachswaren","description":"Nat\u00fcrliche Pflegeprodukte f\u00fcr Leder, Textil und Holz","publisher":{"@id":"https:\/\/tapir.de\/fr\/?lang=en\/#organization"},"potentialAction":[{"@type":"SearchAction","target":{"@type":"EntryPoint","urlTemplate":"https:\/\/tapir.de\/fr\/?lang=en\/?s={search_term_string}"},"query-input":{"@type":"PropertyValueSpecification","valueRequired":true,"valueName":"search_term_string"}}],"inLanguage":"fr-FR"},{"@type":"Organization","@id":"https:\/\/tapir.de\/fr\/?lang=en\/#organization","name":"Tapir Wachswaren","url":"https:\/\/tapir.de\/fr\/?lang=en\/","logo":{"@type":"ImageObject","inLanguage":"fr-FR","@id":"https:\/\/tapir.de\/fr\/?lang=en\/#\/schema\/logo\/image\/","url":"https:\/\/tapir.de\/wp-content\/uploads\/2020\/11\/cropped-TAPIR_Wachswaren_logo.png","contentUrl":"https:\/\/tapir.de\/wp-content\/uploads\/2020\/11\/cropped-TAPIR_Wachswaren_logo.png","width":512,"height":512,"caption":"Tapir Wachswaren"},"image":{"@id":"https:\/\/tapir.de\/fr\/?lang=en\/#\/schema\/logo\/image\/"},"sameAs":["https:\/\/www.facebook.com\/TapirWachswaren\/","https:\/\/www.instagram.com\/tapir_pflegeprodukte\/?hl=de"]}]}},"_links":{"self":[{"href":"https:\/\/tapir.de\/fr\/wp-json\/wp\/v2\/product\/20839","targetHints":{"allow":["GET"]}}],"collection":[{"href":"https:\/\/tapir.de\/fr\/wp-json\/wp\/v2\/product"}],"about":[{"href":"https:\/\/tapir.de\/fr\/wp-json\/wp\/v2\/types\/product"}],"wp:featuredmedia":[{"embeddable":true,"href":"https:\/\/tapir.de\/fr\/wp-json\/wp\/v2\/media\/20849"}],"wp:attachment":[{"href":"https:\/\/tapir.de\/fr\/wp-json\/wp\/v2\/media?parent=20839"}],"wp:term":[{"taxonomy":"product_brand","embeddable":true,"href":"https:\/\/tapir.de\/fr\/wp-json\/wp\/v2\/product_brand?post=20839"},{"taxonomy":"product_cat","embeddable":true,"href":"https:\/\/tapir.de\/fr\/wp-json\/wp\/v2\/product_cat?post=20839"},{"taxonomy":"product_tag","embeddable":true,"href":"https:\/\/tapir.de\/fr\/wp-json\/wp\/v2\/product_tag?post=20839"}],"curies":[{"name":"wp","href":"https:\/\/api.w.org\/{rel}","templated":true}]}}