{"id":20837,"date":"2020-11-18T11:40:06","date_gmt":"2020-11-18T10:40:06","guid":{"rendered":"https:\/\/tapir.de\/shop\/au-cas-ou-kit-dentretien-equipement-initial-pour-lentretien-des-chaussures\/"},"modified":"2026-01-26T13:05:53","modified_gmt":"2026-01-26T12:05:53","slug":"au-cas-ou-kit-dentretien-equipement-initial-pour-lentretien-des-chaussures","status":"publish","type":"product","link":"https:\/\/tapir.de\/fr\/shop\/au-cas-ou-kit-dentretien-equipement-initial-pour-lentretien-des-chaussures\/","title":{"rendered":"Au cas o\u00f9 ! \u2013 Kit d\u2019entretien \u2013 \u00e9quipement initial pour l\u2019entretien des chaussures"},"content":{"rendered":"<p><span style=\"color: #a90533;\"><span style=\"caret-color: #a90533; font-size: 17.280000686645508px;\"><b>\u00c9quipement initial pour l\u2019entretien des chaussures<\/b><\/span><\/span><\/p>\n<p>As-tu aussi envie de cirer des chaussures \u00e0 nouveau ? Avec cet ensemble, vous b\u00e9n\u00e9ficiez d\u2019une s\u00e9lection finement s\u00e9lectionn\u00e9e de produits tapir qui couvrent chaque \u00e9tape d\u2019entretien de vos chaussures et font briller \u00e0 nouveau vos chaussures en cuir lisse et vos chaussures en su\u00e8de. Tapir met l\u2019accent sur la durabilit\u00e9 ! Tous les produits sont fabriqu\u00e9s \u00e0 partir de mati\u00e8res premi\u00e8res renouvelables de fa\u00e7on constante, donc cirer des chaussures est encore plus amusant !   <\/p>\n<p><strong><span style=\"font-size: 120%;\">Nettoyage \u2013 Entretien \u2013 F\u00e9condation<\/span><\/strong><\/p>\n<p>Avec ce set, vous trouverez une s\u00e9lection de produits pour vous \u00e9quiper soigneusement pour cirer des chaussures.<\/p>\n<p>Bien s\u00fbr, aussi comme un joli cadeau pour les parents, grands-parents, amis et vos proches. Ici, un excellent ensemble initial de soins pour chaussures a \u00e9t\u00e9 choisi pour vous offrir un cadeau \u00e0 vous ou \u00e0 vos proches. <\/p>\n<p>Avec les produits Tapir, vous ne pensez pas seulement \u00e0 vos chaussures, mais aussi \u00e0 l\u2019environnement. Avec ces produits durables et constamment durables, vous pouvez profiter de votre propre nettoyage, de porter des chaussures et aussi d\u2019offrir en cadeau ! <\/p>\n<p><strong>Le contenu de la <\/strong><b>s\u00e9rie :<\/b><\/p>\n<ul>\n<li>Cuir de tapir et savon pour selle, 200 ml<\/li>\n<li>Tapir Leather Care Cream 75 ml, incolore<\/li>\n<li>Baume en cuir de tapir 85 ml, incolore<\/li>\n<li>un tissu de coton tapir<\/li>\n<li>2 pinceaux d\u2019application ronds avec crin de cheval clair et fonc\u00e9<\/li>\n<li>un pinceau brillant avec des crin de cheval clair<\/li>\n<li>une impr\u00e9gnation en cuir de tapir pour le su\u00e8de, le daim et le nubuck<\/li>\n<li>Une gomme en su\u00e8de<\/li>\n<li>une brosse en laiton<\/li>\n<li>petit forfleur<\/li>\n<li>\u00c9ponge de Tapir Spring<\/li>\n<\/ul>\n<p>Le coffret sera exp\u00e9di\u00e9 dans une bo\u00eete durable.<\/p>\n","protected":false},"excerpt":{"rendered":"<p>Le kit d\u2019entretien pour le cuir lisse ainsi que pour le cuir en su\u00e8de, daim ou nubuck. Un \u00e9quipement initial s\u00e9lectionn\u00e9 ! <\/p>\n","protected":false},"featured_media":20838,"template":"","meta":[],"product_brand":[],"product_cat":[923],"product_tag":[934,926,924,930,928,931,935,929],"class_list":{"0":"post-20837","1":"product","2":"type-product","3":"status-publish","4":"has-post-thumbnail","6":"product_cat-kits-de-soins","7":"product_tag-bottes","8":"product_tag-chaussures-denfants","9":"product_tag-chaussures-pour-femmes","10":"product_tag-chaussures-pour-hommes","11":"product_tag-cuir-en-daim","12":"product_tag-cuir-nubuck","13":"product_tag-equipement-initial","14":"product_tag-suede","16":"first","17":"instock","18":"sale","19":"taxable","20":"shipping-taxable","21":"purchasable","22":"product-type-simple"},"yoast_head":"<!-- This site is optimized with the Yoast SEO plugin v27.4 - https:\/\/yoast.com\/product\/yoast-seo-wordpress\/ -->\n<title>Au cas o\u00f9 ! - Kit d\u2019entretien - \u00e9quipement initial pour l\u2019entretien des chaussures - Tapir Wachswaren<\/title>\n<meta name=\"description\" content=\"Au cas o\u00f9 ! - Kit d\u2019entretien - \u00e9quipement initial pour l\u2019entretien des chaussures compos\u00e9 de produits de soin de Tapir \u00e0 base de mati\u00e8res premi\u00e8res naturelles.\" \/>\n<meta name=\"robots\" content=\"index, follow, max-snippet:-1, max-image-preview:large, max-video-preview:-1\" \/>\n<link rel=\"canonical\" href=\"https:\/\/tapir.de\/fr\/shop\/au-cas-ou-kit-dentretien-equipement-initial-pour-lentretien-des-chaussures\/\" \/>\n<meta property=\"og:locale\" content=\"fr_FR\" \/>\n<meta property=\"og:type\" content=\"article\" \/>\n<meta property=\"og:title\" content=\"Au cas o\u00f9 ! - Kit d\u2019entretien - \u00e9quipement initial pour l\u2019entretien des chaussures - Tapir Wachswaren\" \/>\n<meta property=\"og:description\" content=\"Au cas o\u00f9 ! - Kit d\u2019entretien - \u00e9quipement initial pour l\u2019entretien des chaussures compos\u00e9 de produits de soin de Tapir \u00e0 base de mati\u00e8res premi\u00e8res naturelles.\" \/>\n<meta property=\"og:url\" content=\"https:\/\/tapir.de\/fr\/shop\/au-cas-ou-kit-dentretien-equipement-initial-pour-lentretien-des-chaussures\/\" \/>\n<meta property=\"og:site_name\" content=\"Tapir Wachswaren\" \/>\n<meta property=\"article:publisher\" content=\"https:\/\/www.facebook.com\/TapirWachswaren\/\" \/>\n<meta property=\"article:modified_time\" content=\"2026-01-26T12:05:53+00:00\" \/>\n<meta property=\"og:image\" content=\"https:\/\/tapir.de\/wp-content\/uploads\/2020\/11\/DSC_8388-1-scaled.jpeg\" \/>\n\t<meta property=\"og:image:width\" content=\"1920\" \/>\n\t<meta property=\"og:image:height\" content=\"1268\" \/>\n\t<meta property=\"og:image:type\" content=\"image\/jpeg\" \/>\n<meta name=\"twitter:card\" content=\"summary_large_image\" \/>\n<meta name=\"twitter:label1\" content=\"Dur\u00e9e de lecture estim\u00e9e\" \/>\n\t<meta name=\"twitter:data1\" content=\"1 minute\" \/>\n<script type=\"application\/ld+json\" class=\"yoast-schema-graph\">{\"@context\":\"https:\\\/\\\/schema.org\",\"@graph\":[{\"@type\":\"WebPage\",\"@id\":\"https:\\\/\\\/tapir.de\\\/fr\\\/shop\\\/au-cas-ou-kit-dentretien-equipement-initial-pour-lentretien-des-chaussures\\\/\",\"url\":\"https:\\\/\\\/tapir.de\\\/fr\\\/shop\\\/au-cas-ou-kit-dentretien-equipement-initial-pour-lentretien-des-chaussures\\\/\",\"name\":\"Au cas o\u00f9 ! - Kit d\u2019entretien - \u00e9quipement initial pour l\u2019entretien des chaussures - Tapir Wachswaren\",\"isPartOf\":{\"@id\":\"https:\\\/\\\/tapir.de\\\/fr\\\/?lang=en\\\/#website\"},\"primaryImageOfPage\":{\"@id\":\"https:\\\/\\\/tapir.de\\\/fr\\\/shop\\\/au-cas-ou-kit-dentretien-equipement-initial-pour-lentretien-des-chaussures\\\/#primaryimage\"},\"image\":{\"@id\":\"https:\\\/\\\/tapir.de\\\/fr\\\/shop\\\/au-cas-ou-kit-dentretien-equipement-initial-pour-lentretien-des-chaussures\\\/#primaryimage\"},\"thumbnailUrl\":\"https:\\\/\\\/tapir.de\\\/wp-content\\\/uploads\\\/2020\\\/11\\\/DSC_8388-1-scaled.jpeg\",\"datePublished\":\"2020-11-18T10:40:06+00:00\",\"dateModified\":\"2026-01-26T12:05:53+00:00\",\"description\":\"Au cas o\u00f9 ! - Kit d\u2019entretien - \u00e9quipement initial pour l\u2019entretien des chaussures compos\u00e9 de produits de soin de Tapir \u00e0 base de mati\u00e8res premi\u00e8res naturelles.\",\"breadcrumb\":{\"@id\":\"https:\\\/\\\/tapir.de\\\/fr\\\/shop\\\/au-cas-ou-kit-dentretien-equipement-initial-pour-lentretien-des-chaussures\\\/#breadcrumb\"},\"inLanguage\":\"fr-FR\",\"potentialAction\":[{\"@type\":\"ReadAction\",\"target\":[\"https:\\\/\\\/tapir.de\\\/fr\\\/shop\\\/au-cas-ou-kit-dentretien-equipement-initial-pour-lentretien-des-chaussures\\\/\"]}]},{\"@type\":\"ImageObject\",\"inLanguage\":\"fr-FR\",\"@id\":\"https:\\\/\\\/tapir.de\\\/fr\\\/shop\\\/au-cas-ou-kit-dentretien-equipement-initial-pour-lentretien-des-chaussures\\\/#primaryimage\",\"url\":\"https:\\\/\\\/tapir.de\\\/wp-content\\\/uploads\\\/2020\\\/11\\\/DSC_8388-1-scaled.jpeg\",\"contentUrl\":\"https:\\\/\\\/tapir.de\\\/wp-content\\\/uploads\\\/2020\\\/11\\\/DSC_8388-1-scaled.jpeg\",\"width\":1920,\"height\":1268,\"caption\":\"La gamme de base pour un entretien de chaussures parfait ! Super cadeau !\"},{\"@type\":\"BreadcrumbList\",\"@id\":\"https:\\\/\\\/tapir.de\\\/fr\\\/shop\\\/au-cas-ou-kit-dentretien-equipement-initial-pour-lentretien-des-chaussures\\\/#breadcrumb\",\"itemListElement\":[{\"@type\":\"ListItem\",\"position\":1,\"name\":\"Startseite\",\"item\":\"https:\\\/\\\/tapir.de\\\/fr\\\/\"},{\"@type\":\"ListItem\",\"position\":2,\"name\":\"Boutique\",\"item\":\"https:\\\/\\\/tapir.de\\\/fr\\\/boutique\\\/\"},{\"@type\":\"ListItem\",\"position\":3,\"name\":\"Au cas o\u00f9 ! &#8211; Kit d\u2019entretien &#8211; \u00e9quipement initial pour l\u2019entretien des chaussures\"}]},{\"@type\":\"WebSite\",\"@id\":\"https:\\\/\\\/tapir.de\\\/fr\\\/?lang=en\\\/#website\",\"url\":\"https:\\\/\\\/tapir.de\\\/fr\\\/?lang=en\\\/\",\"name\":\"Tapir Wachswaren\",\"description\":\"Nat\u00fcrliche Pflegeprodukte f\u00fcr Leder, Textil und Holz\",\"publisher\":{\"@id\":\"https:\\\/\\\/tapir.de\\\/fr\\\/?lang=en\\\/#organization\"},\"potentialAction\":[{\"@type\":\"SearchAction\",\"target\":{\"@type\":\"EntryPoint\",\"urlTemplate\":\"https:\\\/\\\/tapir.de\\\/fr\\\/?lang=en\\\/?s={search_term_string}\"},\"query-input\":{\"@type\":\"PropertyValueSpecification\",\"valueRequired\":true,\"valueName\":\"search_term_string\"}}],\"inLanguage\":\"fr-FR\"},{\"@type\":\"Organization\",\"@id\":\"https:\\\/\\\/tapir.de\\\/fr\\\/?lang=en\\\/#organization\",\"name\":\"Tapir Wachswaren\",\"url\":\"https:\\\/\\\/tapir.de\\\/fr\\\/?lang=en\\\/\",\"logo\":{\"@type\":\"ImageObject\",\"inLanguage\":\"fr-FR\",\"@id\":\"https:\\\/\\\/tapir.de\\\/fr\\\/?lang=en\\\/#\\\/schema\\\/logo\\\/image\\\/\",\"url\":\"https:\\\/\\\/tapir.de\\\/wp-content\\\/uploads\\\/2020\\\/11\\\/cropped-TAPIR_Wachswaren_logo.png\",\"contentUrl\":\"https:\\\/\\\/tapir.de\\\/wp-content\\\/uploads\\\/2020\\\/11\\\/cropped-TAPIR_Wachswaren_logo.png\",\"width\":512,\"height\":512,\"caption\":\"Tapir Wachswaren\"},\"image\":{\"@id\":\"https:\\\/\\\/tapir.de\\\/fr\\\/?lang=en\\\/#\\\/schema\\\/logo\\\/image\\\/\"},\"sameAs\":[\"https:\\\/\\\/www.facebook.com\\\/TapirWachswaren\\\/\",\"https:\\\/\\\/www.instagram.com\\\/tapir_pflegeprodukte\\\/?hl=de\"]}]}<\/script>\n<!-- \/ Yoast SEO plugin. -->","yoast_head_json":{"title":"Au cas o\u00f9 ! - Kit d\u2019entretien - \u00e9quipement initial pour l\u2019entretien des chaussures - Tapir Wachswaren","description":"Au cas o\u00f9 ! - Kit d\u2019entretien - \u00e9quipement initial pour l\u2019entretien des chaussures compos\u00e9 de produits de soin de Tapir \u00e0 base de mati\u00e8res premi\u00e8res naturelles.","robots":{"index":"index","follow":"follow","max-snippet":"max-snippet:-1","max-image-preview":"max-image-preview:large","max-video-preview":"max-video-preview:-1"},"canonical":"https:\/\/tapir.de\/fr\/shop\/au-cas-ou-kit-dentretien-equipement-initial-pour-lentretien-des-chaussures\/","og_locale":"fr_FR","og_type":"article","og_title":"Au cas o\u00f9 ! - Kit d\u2019entretien - \u00e9quipement initial pour l\u2019entretien des chaussures - Tapir Wachswaren","og_description":"Au cas o\u00f9 ! - Kit d\u2019entretien - \u00e9quipement initial pour l\u2019entretien des chaussures compos\u00e9 de produits de soin de Tapir \u00e0 base de mati\u00e8res premi\u00e8res naturelles.","og_url":"https:\/\/tapir.de\/fr\/shop\/au-cas-ou-kit-dentretien-equipement-initial-pour-lentretien-des-chaussures\/","og_site_name":"Tapir Wachswaren","article_publisher":"https:\/\/www.facebook.com\/TapirWachswaren\/","article_modified_time":"2026-01-26T12:05:53+00:00","og_image":[{"width":1920,"height":1268,"url":"https:\/\/tapir.de\/wp-content\/uploads\/2020\/11\/DSC_8388-1-scaled.jpeg","type":"image\/jpeg"}],"twitter_card":"summary_large_image","twitter_misc":{"Dur\u00e9e de lecture estim\u00e9e":"1 minute"},"schema":{"@context":"https:\/\/schema.org","@graph":[{"@type":"WebPage","@id":"https:\/\/tapir.de\/fr\/shop\/au-cas-ou-kit-dentretien-equipement-initial-pour-lentretien-des-chaussures\/","url":"https:\/\/tapir.de\/fr\/shop\/au-cas-ou-kit-dentretien-equipement-initial-pour-lentretien-des-chaussures\/","name":"Au cas o\u00f9 ! - Kit d\u2019entretien - \u00e9quipement initial pour l\u2019entretien des chaussures - Tapir Wachswaren","isPartOf":{"@id":"https:\/\/tapir.de\/fr\/?lang=en\/#website"},"primaryImageOfPage":{"@id":"https:\/\/tapir.de\/fr\/shop\/au-cas-ou-kit-dentretien-equipement-initial-pour-lentretien-des-chaussures\/#primaryimage"},"image":{"@id":"https:\/\/tapir.de\/fr\/shop\/au-cas-ou-kit-dentretien-equipement-initial-pour-lentretien-des-chaussures\/#primaryimage"},"thumbnailUrl":"https:\/\/tapir.de\/wp-content\/uploads\/2020\/11\/DSC_8388-1-scaled.jpeg","datePublished":"2020-11-18T10:40:06+00:00","dateModified":"2026-01-26T12:05:53+00:00","description":"Au cas o\u00f9 ! - Kit d\u2019entretien - \u00e9quipement initial pour l\u2019entretien des chaussures compos\u00e9 de produits de soin de Tapir \u00e0 base de mati\u00e8res premi\u00e8res naturelles.","breadcrumb":{"@id":"https:\/\/tapir.de\/fr\/shop\/au-cas-ou-kit-dentretien-equipement-initial-pour-lentretien-des-chaussures\/#breadcrumb"},"inLanguage":"fr-FR","potentialAction":[{"@type":"ReadAction","target":["https:\/\/tapir.de\/fr\/shop\/au-cas-ou-kit-dentretien-equipement-initial-pour-lentretien-des-chaussures\/"]}]},{"@type":"ImageObject","inLanguage":"fr-FR","@id":"https:\/\/tapir.de\/fr\/shop\/au-cas-ou-kit-dentretien-equipement-initial-pour-lentretien-des-chaussures\/#primaryimage","url":"https:\/\/tapir.de\/wp-content\/uploads\/2020\/11\/DSC_8388-1-scaled.jpeg","contentUrl":"https:\/\/tapir.de\/wp-content\/uploads\/2020\/11\/DSC_8388-1-scaled.jpeg","width":1920,"height":1268,"caption":"La gamme de base pour un entretien de chaussures parfait ! Super cadeau !"},{"@type":"BreadcrumbList","@id":"https:\/\/tapir.de\/fr\/shop\/au-cas-ou-kit-dentretien-equipement-initial-pour-lentretien-des-chaussures\/#breadcrumb","itemListElement":[{"@type":"ListItem","position":1,"name":"Startseite","item":"https:\/\/tapir.de\/fr\/"},{"@type":"ListItem","position":2,"name":"Boutique","item":"https:\/\/tapir.de\/fr\/boutique\/"},{"@type":"ListItem","position":3,"name":"Au cas o\u00f9 ! &#8211; Kit d\u2019entretien &#8211; \u00e9quipement initial pour l\u2019entretien des chaussures"}]},{"@type":"WebSite","@id":"https:\/\/tapir.de\/fr\/?lang=en\/#website","url":"https:\/\/tapir.de\/fr\/?lang=en\/","name":"Tapir Wachswaren","description":"Nat\u00fcrliche Pflegeprodukte f\u00fcr Leder, Textil und Holz","publisher":{"@id":"https:\/\/tapir.de\/fr\/?lang=en\/#organization"},"potentialAction":[{"@type":"SearchAction","target":{"@type":"EntryPoint","urlTemplate":"https:\/\/tapir.de\/fr\/?lang=en\/?s={search_term_string}"},"query-input":{"@type":"PropertyValueSpecification","valueRequired":true,"valueName":"search_term_string"}}],"inLanguage":"fr-FR"},{"@type":"Organization","@id":"https:\/\/tapir.de\/fr\/?lang=en\/#organization","name":"Tapir Wachswaren","url":"https:\/\/tapir.de\/fr\/?lang=en\/","logo":{"@type":"ImageObject","inLanguage":"fr-FR","@id":"https:\/\/tapir.de\/fr\/?lang=en\/#\/schema\/logo\/image\/","url":"https:\/\/tapir.de\/wp-content\/uploads\/2020\/11\/cropped-TAPIR_Wachswaren_logo.png","contentUrl":"https:\/\/tapir.de\/wp-content\/uploads\/2020\/11\/cropped-TAPIR_Wachswaren_logo.png","width":512,"height":512,"caption":"Tapir Wachswaren"},"image":{"@id":"https:\/\/tapir.de\/fr\/?lang=en\/#\/schema\/logo\/image\/"},"sameAs":["https:\/\/www.facebook.com\/TapirWachswaren\/","https:\/\/www.instagram.com\/tapir_pflegeprodukte\/?hl=de"]}]}},"_links":{"self":[{"href":"https:\/\/tapir.de\/fr\/wp-json\/wp\/v2\/product\/20837","targetHints":{"allow":["GET"]}}],"collection":[{"href":"https:\/\/tapir.de\/fr\/wp-json\/wp\/v2\/product"}],"about":[{"href":"https:\/\/tapir.de\/fr\/wp-json\/wp\/v2\/types\/product"}],"wp:featuredmedia":[{"embeddable":true,"href":"https:\/\/tapir.de\/fr\/wp-json\/wp\/v2\/media\/20838"}],"wp:attachment":[{"href":"https:\/\/tapir.de\/fr\/wp-json\/wp\/v2\/media?parent=20837"}],"wp:term":[{"taxonomy":"product_brand","embeddable":true,"href":"https:\/\/tapir.de\/fr\/wp-json\/wp\/v2\/product_brand?post=20837"},{"taxonomy":"product_cat","embeddable":true,"href":"https:\/\/tapir.de\/fr\/wp-json\/wp\/v2\/product_cat?post=20837"},{"taxonomy":"product_tag","embeddable":true,"href":"https:\/\/tapir.de\/fr\/wp-json\/wp\/v2\/product_tag?post=20837"}],"curies":[{"name":"wp","href":"https:\/\/api.w.org\/{rel}","templated":true}]}}