{"id":20833,"date":"2020-11-18T11:19:48","date_gmt":"2020-11-18T10:19:48","guid":{"rendered":"https:\/\/tapir.de\/shop\/champ-foret-et-prairie-ensemble-de-soins-pour-chaussures-de-randonnee\/"},"modified":"2026-01-26T13:05:52","modified_gmt":"2026-01-26T12:05:52","slug":"champ-foret-et-prairie-ensemble-de-soins-pour-chaussures-de-randonnee","status":"publish","type":"product","link":"https:\/\/tapir.de\/fr\/shop\/champ-foret-et-prairie-ensemble-de-soins-pour-chaussures-de-randonnee\/","title":{"rendered":"Champ, for\u00eat et prairie ! Ensemble de soins pour chaussures de randonn\u00e9e"},"content":{"rendered":"<p><span style=\"color: #a90533;\"><strong><span style=\"font-size: 120%;\">  Le kit d\u2019entretien pour vos bottes de randonn\u00e9e en cuir<\/span><\/strong><\/span><\/p>\n<p>Pour <strong>les chaussures de randonn\u00e9e en cuir,<\/strong> notre Graisse pour Cuir Tapir est la bonne et constamment durable pour les soins n\u00e9cessaires. D\u2019abord, la salet\u00e9 grossi\u00e8re est enlev\u00e9e avec la brosse \u00e0 tapire. Le cuir de tapir et le savon de selle sont utilis\u00e9s pour nettoyer les bottes de randonn\u00e9e en cuir lisse. Cela peut \u00eatre fait apr\u00e8s chaque utilisation et il est recommand\u00e9 de cr\u00e9er une mousse forte avec l\u2019\u00e9ponge Tapir, qui a un effet doux et nettoyant sur le cuir. Pour prendre soin et prot\u00e9ger contre l\u2019humidit\u00e9, utilisez la graisse pour cuir, que l\u2019on applique sur la chaussure de randonn\u00e9e avec un chiffon ou une brosse d\u2019application et qu\u2019on masse dedans.    <\/p>\n<p>Nettoyer les chaussures avec les produits durables et constamment durables de Tapir est amusant et b\u00e9n\u00e9fique pour notre environnement. La joie de la randonn\u00e9e est bien plus grande ! <\/p>\n<p>Offrez ce set en cadeau \u00e0 vos proches qui aiment \u00eatre actifs dans la nature et penser de mani\u00e8re durable.<\/p>\n<p><strong>Le contenu de la <\/strong><b>s\u00e9rie :<\/b><\/p>\n<ul>\n<li>Graisse pour cuir de tapir, 85 ml<\/li>\n<li>Cuir de tapir et savon pour selle, 200 ml<\/li>\n<li>une brosse \u00e0 terre, 16 cm de long<\/li>\n<li>un pinceau d\u2019application, l\u00e9ger<\/li>\n<li>Une \u00e9ponge \u00e0 ressort de tapir<\/li>\n<\/ul>\n<p>Le coffret sera exp\u00e9di\u00e9 dans une bo\u00eete durable \u2013 \u00e9galement pour \u00eatre offert !<\/p>\n","protected":false},"excerpt":{"rendered":"<p>Pour ceux qui pr\u00e9tendent avoir des chaussures de randonn\u00e9e en cuir lisse.<\/p>\n","protected":false},"featured_media":20834,"template":"","meta":[],"product_brand":[],"product_cat":[923],"product_tag":[933,920,932],"class_list":{"0":"post-20833","1":"product","2":"type-product","3":"status-publish","4":"has-post-thumbnail","6":"product_cat-kits-de-soins","7":"product_tag-chaussures-de-randonnee","8":"product_tag-cuir-lisse","9":"product_tag-randonnee","11":"first","12":"instock","13":"sale","14":"taxable","15":"shipping-taxable","16":"purchasable","17":"product-type-simple"},"yoast_head":"<!-- This site is optimized with the Yoast SEO plugin v27.3 - https:\/\/yoast.com\/product\/yoast-seo-wordpress\/ -->\n<title>Champ, for\u00eat et prairie ! Ensemble de soins pour chaussures de randonn\u00e9e - Tapir Wachswaren<\/title>\n<meta name=\"description\" content=\"Champ, for\u00eat et prairie ! - Ensemble de chaussures pour chaussures de randonn\u00e9e compos\u00e9 de brosse de terre, de savon pour cuir et de graisse pour cuir fabriqu\u00e9e \u00e0 partir de mati\u00e8res premi\u00e8res naturelles.\" \/>\n<meta name=\"robots\" content=\"index, follow, max-snippet:-1, max-image-preview:large, max-video-preview:-1\" \/>\n<link rel=\"canonical\" href=\"https:\/\/tapir.de\/fr\/shop\/champ-foret-et-prairie-ensemble-de-soins-pour-chaussures-de-randonnee\/\" \/>\n<meta property=\"og:locale\" content=\"fr_FR\" \/>\n<meta property=\"og:type\" content=\"article\" \/>\n<meta property=\"og:title\" content=\"Champ, for\u00eat et prairie ! Ensemble de soins pour chaussures de randonn\u00e9e - Tapir Wachswaren\" \/>\n<meta property=\"og:description\" content=\"Champ, for\u00eat et prairie ! - Ensemble de chaussures pour chaussures de randonn\u00e9e compos\u00e9 de brosse de terre, de savon pour cuir et de graisse pour cuir fabriqu\u00e9e \u00e0 partir de mati\u00e8res premi\u00e8res naturelles.\" \/>\n<meta property=\"og:url\" content=\"https:\/\/tapir.de\/fr\/shop\/champ-foret-et-prairie-ensemble-de-soins-pour-chaussures-de-randonnee\/\" \/>\n<meta property=\"og:site_name\" content=\"Tapir Wachswaren\" \/>\n<meta property=\"article:publisher\" content=\"https:\/\/www.facebook.com\/TapirWachswaren\/\" \/>\n<meta property=\"article:modified_time\" content=\"2026-01-26T12:05:52+00:00\" \/>\n<meta property=\"og:image\" content=\"https:\/\/tapir.de\/wp-content\/uploads\/2020\/11\/DSC_8351-scaled.jpeg\" \/>\n\t<meta property=\"og:image:width\" content=\"1920\" \/>\n\t<meta property=\"og:image:height\" content=\"1282\" \/>\n\t<meta property=\"og:image:type\" content=\"image\/jpeg\" \/>\n<meta name=\"twitter:card\" content=\"summary_large_image\" \/>\n<meta name=\"twitter:label1\" content=\"Dur\u00e9e de lecture estim\u00e9e\" \/>\n\t<meta name=\"twitter:data1\" content=\"1 minute\" \/>\n<script type=\"application\/ld+json\" class=\"yoast-schema-graph\">{\"@context\":\"https:\\\/\\\/schema.org\",\"@graph\":[{\"@type\":\"WebPage\",\"@id\":\"https:\\\/\\\/tapir.de\\\/fr\\\/shop\\\/champ-foret-et-prairie-ensemble-de-soins-pour-chaussures-de-randonnee\\\/\",\"url\":\"https:\\\/\\\/tapir.de\\\/fr\\\/shop\\\/champ-foret-et-prairie-ensemble-de-soins-pour-chaussures-de-randonnee\\\/\",\"name\":\"Champ, for\u00eat et prairie ! Ensemble de soins pour chaussures de randonn\u00e9e - Tapir Wachswaren\",\"isPartOf\":{\"@id\":\"https:\\\/\\\/tapir.de\\\/fr\\\/?lang=en\\\/#website\"},\"primaryImageOfPage\":{\"@id\":\"https:\\\/\\\/tapir.de\\\/fr\\\/shop\\\/champ-foret-et-prairie-ensemble-de-soins-pour-chaussures-de-randonnee\\\/#primaryimage\"},\"image\":{\"@id\":\"https:\\\/\\\/tapir.de\\\/fr\\\/shop\\\/champ-foret-et-prairie-ensemble-de-soins-pour-chaussures-de-randonnee\\\/#primaryimage\"},\"thumbnailUrl\":\"https:\\\/\\\/tapir.de\\\/wp-content\\\/uploads\\\/2020\\\/11\\\/DSC_8351-scaled.jpeg\",\"datePublished\":\"2020-11-18T10:19:48+00:00\",\"dateModified\":\"2026-01-26T12:05:52+00:00\",\"description\":\"Champ, for\u00eat et prairie ! - Ensemble de chaussures pour chaussures de randonn\u00e9e compos\u00e9 de brosse de terre, de savon pour cuir et de graisse pour cuir fabriqu\u00e9e \u00e0 partir de mati\u00e8res premi\u00e8res naturelles.\",\"breadcrumb\":{\"@id\":\"https:\\\/\\\/tapir.de\\\/fr\\\/shop\\\/champ-foret-et-prairie-ensemble-de-soins-pour-chaussures-de-randonnee\\\/#breadcrumb\"},\"inLanguage\":\"fr-FR\",\"potentialAction\":[{\"@type\":\"ReadAction\",\"target\":[\"https:\\\/\\\/tapir.de\\\/fr\\\/shop\\\/champ-foret-et-prairie-ensemble-de-soins-pour-chaussures-de-randonnee\\\/\"]}]},{\"@type\":\"ImageObject\",\"inLanguage\":\"fr-FR\",\"@id\":\"https:\\\/\\\/tapir.de\\\/fr\\\/shop\\\/champ-foret-et-prairie-ensemble-de-soins-pour-chaussures-de-randonnee\\\/#primaryimage\",\"url\":\"https:\\\/\\\/tapir.de\\\/wp-content\\\/uploads\\\/2020\\\/11\\\/DSC_8351-scaled.jpeg\",\"contentUrl\":\"https:\\\/\\\/tapir.de\\\/wp-content\\\/uploads\\\/2020\\\/11\\\/DSC_8351-scaled.jpeg\",\"width\":1920,\"height\":1282,\"caption\":\"Comment nettoyer au mieux mes chaussures de randonn\u00e9e, bien s\u00fbr, de mani\u00e8re durable et respectueuse de l\u2019environnement\"},{\"@type\":\"BreadcrumbList\",\"@id\":\"https:\\\/\\\/tapir.de\\\/fr\\\/shop\\\/champ-foret-et-prairie-ensemble-de-soins-pour-chaussures-de-randonnee\\\/#breadcrumb\",\"itemListElement\":[{\"@type\":\"ListItem\",\"position\":1,\"name\":\"Startseite\",\"item\":\"https:\\\/\\\/tapir.de\\\/fr\\\/\"},{\"@type\":\"ListItem\",\"position\":2,\"name\":\"Boutique\",\"item\":\"https:\\\/\\\/tapir.de\\\/fr\\\/boutique\\\/\"},{\"@type\":\"ListItem\",\"position\":3,\"name\":\"Champ, for\u00eat et prairie ! Ensemble de soins pour chaussures de randonn\u00e9e\"}]},{\"@type\":\"WebSite\",\"@id\":\"https:\\\/\\\/tapir.de\\\/fr\\\/?lang=en\\\/#website\",\"url\":\"https:\\\/\\\/tapir.de\\\/fr\\\/?lang=en\\\/\",\"name\":\"Tapir Wachswaren\",\"description\":\"Nat\u00fcrliche Pflegeprodukte f\u00fcr Leder, Textil und Holz\",\"publisher\":{\"@id\":\"https:\\\/\\\/tapir.de\\\/fr\\\/?lang=en\\\/#organization\"},\"potentialAction\":[{\"@type\":\"SearchAction\",\"target\":{\"@type\":\"EntryPoint\",\"urlTemplate\":\"https:\\\/\\\/tapir.de\\\/fr\\\/?lang=en\\\/?s={search_term_string}\"},\"query-input\":{\"@type\":\"PropertyValueSpecification\",\"valueRequired\":true,\"valueName\":\"search_term_string\"}}],\"inLanguage\":\"fr-FR\"},{\"@type\":\"Organization\",\"@id\":\"https:\\\/\\\/tapir.de\\\/fr\\\/?lang=en\\\/#organization\",\"name\":\"Tapir Wachswaren\",\"url\":\"https:\\\/\\\/tapir.de\\\/fr\\\/?lang=en\\\/\",\"logo\":{\"@type\":\"ImageObject\",\"inLanguage\":\"fr-FR\",\"@id\":\"https:\\\/\\\/tapir.de\\\/fr\\\/?lang=en\\\/#\\\/schema\\\/logo\\\/image\\\/\",\"url\":\"https:\\\/\\\/tapir.de\\\/wp-content\\\/uploads\\\/2020\\\/11\\\/cropped-TAPIR_Wachswaren_logo.png\",\"contentUrl\":\"https:\\\/\\\/tapir.de\\\/wp-content\\\/uploads\\\/2020\\\/11\\\/cropped-TAPIR_Wachswaren_logo.png\",\"width\":512,\"height\":512,\"caption\":\"Tapir Wachswaren\"},\"image\":{\"@id\":\"https:\\\/\\\/tapir.de\\\/fr\\\/?lang=en\\\/#\\\/schema\\\/logo\\\/image\\\/\"},\"sameAs\":[\"https:\\\/\\\/www.facebook.com\\\/TapirWachswaren\\\/\",\"https:\\\/\\\/www.instagram.com\\\/tapir_pflegeprodukte\\\/?hl=de\"]}]}<\/script>\n<!-- \/ Yoast SEO plugin. -->","yoast_head_json":{"title":"Champ, for\u00eat et prairie ! Ensemble de soins pour chaussures de randonn\u00e9e - Tapir Wachswaren","description":"Champ, for\u00eat et prairie ! - Ensemble de chaussures pour chaussures de randonn\u00e9e compos\u00e9 de brosse de terre, de savon pour cuir et de graisse pour cuir fabriqu\u00e9e \u00e0 partir de mati\u00e8res premi\u00e8res naturelles.","robots":{"index":"index","follow":"follow","max-snippet":"max-snippet:-1","max-image-preview":"max-image-preview:large","max-video-preview":"max-video-preview:-1"},"canonical":"https:\/\/tapir.de\/fr\/shop\/champ-foret-et-prairie-ensemble-de-soins-pour-chaussures-de-randonnee\/","og_locale":"fr_FR","og_type":"article","og_title":"Champ, for\u00eat et prairie ! Ensemble de soins pour chaussures de randonn\u00e9e - Tapir Wachswaren","og_description":"Champ, for\u00eat et prairie ! - Ensemble de chaussures pour chaussures de randonn\u00e9e compos\u00e9 de brosse de terre, de savon pour cuir et de graisse pour cuir fabriqu\u00e9e \u00e0 partir de mati\u00e8res premi\u00e8res naturelles.","og_url":"https:\/\/tapir.de\/fr\/shop\/champ-foret-et-prairie-ensemble-de-soins-pour-chaussures-de-randonnee\/","og_site_name":"Tapir Wachswaren","article_publisher":"https:\/\/www.facebook.com\/TapirWachswaren\/","article_modified_time":"2026-01-26T12:05:52+00:00","og_image":[{"width":1920,"height":1282,"url":"https:\/\/tapir.de\/wp-content\/uploads\/2020\/11\/DSC_8351-scaled.jpeg","type":"image\/jpeg"}],"twitter_card":"summary_large_image","twitter_misc":{"Dur\u00e9e de lecture estim\u00e9e":"1 minute"},"schema":{"@context":"https:\/\/schema.org","@graph":[{"@type":"WebPage","@id":"https:\/\/tapir.de\/fr\/shop\/champ-foret-et-prairie-ensemble-de-soins-pour-chaussures-de-randonnee\/","url":"https:\/\/tapir.de\/fr\/shop\/champ-foret-et-prairie-ensemble-de-soins-pour-chaussures-de-randonnee\/","name":"Champ, for\u00eat et prairie ! Ensemble de soins pour chaussures de randonn\u00e9e - Tapir Wachswaren","isPartOf":{"@id":"https:\/\/tapir.de\/fr\/?lang=en\/#website"},"primaryImageOfPage":{"@id":"https:\/\/tapir.de\/fr\/shop\/champ-foret-et-prairie-ensemble-de-soins-pour-chaussures-de-randonnee\/#primaryimage"},"image":{"@id":"https:\/\/tapir.de\/fr\/shop\/champ-foret-et-prairie-ensemble-de-soins-pour-chaussures-de-randonnee\/#primaryimage"},"thumbnailUrl":"https:\/\/tapir.de\/wp-content\/uploads\/2020\/11\/DSC_8351-scaled.jpeg","datePublished":"2020-11-18T10:19:48+00:00","dateModified":"2026-01-26T12:05:52+00:00","description":"Champ, for\u00eat et prairie ! - Ensemble de chaussures pour chaussures de randonn\u00e9e compos\u00e9 de brosse de terre, de savon pour cuir et de graisse pour cuir fabriqu\u00e9e \u00e0 partir de mati\u00e8res premi\u00e8res naturelles.","breadcrumb":{"@id":"https:\/\/tapir.de\/fr\/shop\/champ-foret-et-prairie-ensemble-de-soins-pour-chaussures-de-randonnee\/#breadcrumb"},"inLanguage":"fr-FR","potentialAction":[{"@type":"ReadAction","target":["https:\/\/tapir.de\/fr\/shop\/champ-foret-et-prairie-ensemble-de-soins-pour-chaussures-de-randonnee\/"]}]},{"@type":"ImageObject","inLanguage":"fr-FR","@id":"https:\/\/tapir.de\/fr\/shop\/champ-foret-et-prairie-ensemble-de-soins-pour-chaussures-de-randonnee\/#primaryimage","url":"https:\/\/tapir.de\/wp-content\/uploads\/2020\/11\/DSC_8351-scaled.jpeg","contentUrl":"https:\/\/tapir.de\/wp-content\/uploads\/2020\/11\/DSC_8351-scaled.jpeg","width":1920,"height":1282,"caption":"Comment nettoyer au mieux mes chaussures de randonn\u00e9e, bien s\u00fbr, de mani\u00e8re durable et respectueuse de l\u2019environnement"},{"@type":"BreadcrumbList","@id":"https:\/\/tapir.de\/fr\/shop\/champ-foret-et-prairie-ensemble-de-soins-pour-chaussures-de-randonnee\/#breadcrumb","itemListElement":[{"@type":"ListItem","position":1,"name":"Startseite","item":"https:\/\/tapir.de\/fr\/"},{"@type":"ListItem","position":2,"name":"Boutique","item":"https:\/\/tapir.de\/fr\/boutique\/"},{"@type":"ListItem","position":3,"name":"Champ, for\u00eat et prairie ! Ensemble de soins pour chaussures de randonn\u00e9e"}]},{"@type":"WebSite","@id":"https:\/\/tapir.de\/fr\/?lang=en\/#website","url":"https:\/\/tapir.de\/fr\/?lang=en\/","name":"Tapir Wachswaren","description":"Nat\u00fcrliche Pflegeprodukte f\u00fcr Leder, Textil und Holz","publisher":{"@id":"https:\/\/tapir.de\/fr\/?lang=en\/#organization"},"potentialAction":[{"@type":"SearchAction","target":{"@type":"EntryPoint","urlTemplate":"https:\/\/tapir.de\/fr\/?lang=en\/?s={search_term_string}"},"query-input":{"@type":"PropertyValueSpecification","valueRequired":true,"valueName":"search_term_string"}}],"inLanguage":"fr-FR"},{"@type":"Organization","@id":"https:\/\/tapir.de\/fr\/?lang=en\/#organization","name":"Tapir Wachswaren","url":"https:\/\/tapir.de\/fr\/?lang=en\/","logo":{"@type":"ImageObject","inLanguage":"fr-FR","@id":"https:\/\/tapir.de\/fr\/?lang=en\/#\/schema\/logo\/image\/","url":"https:\/\/tapir.de\/wp-content\/uploads\/2020\/11\/cropped-TAPIR_Wachswaren_logo.png","contentUrl":"https:\/\/tapir.de\/wp-content\/uploads\/2020\/11\/cropped-TAPIR_Wachswaren_logo.png","width":512,"height":512,"caption":"Tapir Wachswaren"},"image":{"@id":"https:\/\/tapir.de\/fr\/?lang=en\/#\/schema\/logo\/image\/"},"sameAs":["https:\/\/www.facebook.com\/TapirWachswaren\/","https:\/\/www.instagram.com\/tapir_pflegeprodukte\/?hl=de"]}]}},"_links":{"self":[{"href":"https:\/\/tapir.de\/fr\/wp-json\/wp\/v2\/product\/20833","targetHints":{"allow":["GET"]}}],"collection":[{"href":"https:\/\/tapir.de\/fr\/wp-json\/wp\/v2\/product"}],"about":[{"href":"https:\/\/tapir.de\/fr\/wp-json\/wp\/v2\/types\/product"}],"wp:featuredmedia":[{"embeddable":true,"href":"https:\/\/tapir.de\/fr\/wp-json\/wp\/v2\/media\/20834"}],"wp:attachment":[{"href":"https:\/\/tapir.de\/fr\/wp-json\/wp\/v2\/media?parent=20833"}],"wp:term":[{"taxonomy":"product_brand","embeddable":true,"href":"https:\/\/tapir.de\/fr\/wp-json\/wp\/v2\/product_brand?post=20833"},{"taxonomy":"product_cat","embeddable":true,"href":"https:\/\/tapir.de\/fr\/wp-json\/wp\/v2\/product_cat?post=20833"},{"taxonomy":"product_tag","embeddable":true,"href":"https:\/\/tapir.de\/fr\/wp-json\/wp\/v2\/product_tag?post=20833"}],"curies":[{"name":"wp","href":"https:\/\/api.w.org\/{rel}","templated":true}]}}