{"id":20830,"date":"2020-11-18T10:44:40","date_gmt":"2020-11-18T09:44:40","guid":{"rendered":"https:\/\/tapir.de\/shop\/le-noir-cest-magnifique-ensemble-dentretien-des-chaussures\/"},"modified":"2026-01-26T13:05:51","modified_gmt":"2026-01-26T12:05:51","slug":"le-noir-cest-magnifique-ensemble-dentretien-des-chaussures","status":"publish","type":"product","link":"https:\/\/tapir.de\/fr\/shop\/le-noir-cest-magnifique-ensemble-dentretien-des-chaussures\/","title":{"rendered":"Le noir, c\u2019est magnifique ! Ensemble d\u2019entretien des chaussures"},"content":{"rendered":"<p><span style=\"color: #a90533;\"><strong><span style=\"font-size: 120%;\">Ensemble de soin de chaussures pour chaussures en cuir noir lisse \u2013 Le noir est magnifique !<\/span><\/strong><\/span><\/p>\n<p>Un ensemble d\u2019entretien merveilleux pour l\u2019entretien r\u00e9gulier de vos chaussures en cuir noir et lisse. Qu\u2019il s\u2019agisse de chaussures pour femmes, hommes ou enfants, vous trouverez ici des produits s\u00e9lectionn\u00e9s qui permettent des soins r\u00e9guliers. L\u2019application de la cr\u00e8me pour le cuir est facilit\u00e9e par un tissu ou une brosse d\u2019application, elle est mass\u00e9e uniform\u00e9ment dans la chaussure et nourrit ainsi et prend soin du cuir. Apr\u00e8s un court test d\u2019exposition, la chaussure est polie avec un pinceau brillant.   <\/p>\n<p><strong>Tapir Wachswaren se concentre sur la durabilit\u00e9.<\/strong> Depuis des ann\u00e9es, l\u2019ensemble du champ de tir est strictement certifi\u00e9 selon <a href=\"https:\/\/gfaw.eu\/ncp\/\">le NCP<\/a> . Les produits sont tous fabriqu\u00e9s avec des emballages respectueux de l\u2019environnement et les recettes sont exclusivement compos\u00e9es de mati\u00e8res premi\u00e8res naturellement renouvelables. C\u2019est donc un plaisir de cirer vos chaussures !  <\/p>\n<p><strong>Le contenu :<\/strong><\/p>\n<ul>\n<li>Cr\u00e8me de soin du cuir Tapir, noir<\/li>\n<li>un tissu de coton tapir<\/li>\n<li>Brosse d\u2019application avec crin de cheval, fonc\u00e9<\/li>\n<li>Brosse brillante en crin de cheval, fonc\u00e9e<\/li>\n<\/ul>\n<p>Le coffret sera exp\u00e9di\u00e9 dans une bo\u00eete durable.<\/p>\n","protected":false},"excerpt":{"rendered":"<p>Un ensemble pour l\u2019entretien r\u00e9gulier de vos chaussures en cuir noir et lisse.<\/p>\n","protected":false},"featured_media":20831,"template":"","meta":[],"product_brand":[],"product_cat":[923],"product_tag":[920],"class_list":{"0":"post-20830","1":"product","2":"type-product","3":"status-publish","4":"has-post-thumbnail","6":"product_cat-kits-de-soins","7":"product_tag-cuir-lisse","9":"first","10":"instock","11":"sale","12":"taxable","13":"shipping-taxable","14":"purchasable","15":"product-type-simple"},"yoast_head":"<!-- This site is optimized with the Yoast SEO plugin v27.4 - https:\/\/yoast.com\/product\/yoast-seo-wordpress\/ -->\n<title>Le noir, c\u2019est magnifique ! Ensemble d\u2019entretien des chaussures - Tapir Wachswaren<\/title>\n<meta name=\"description\" content=\"Le noir, c\u2019est magnifique ! Ensemble de soin pour chaussures en cuir noir et lisse, avec brosse d\u2019application, tissu et brosse \u00e0 briller en crin de cheval naturel.\" \/>\n<meta name=\"robots\" content=\"index, follow, max-snippet:-1, max-image-preview:large, max-video-preview:-1\" \/>\n<link rel=\"canonical\" href=\"https:\/\/tapir.de\/fr\/shop\/le-noir-cest-magnifique-ensemble-dentretien-des-chaussures\/\" \/>\n<meta property=\"og:locale\" content=\"fr_FR\" \/>\n<meta property=\"og:type\" content=\"article\" \/>\n<meta property=\"og:title\" content=\"Le noir, c\u2019est magnifique ! Ensemble d\u2019entretien des chaussures - Tapir Wachswaren\" \/>\n<meta property=\"og:description\" content=\"Le noir, c\u2019est magnifique ! Ensemble de soin pour chaussures en cuir noir et lisse, avec brosse d\u2019application, tissu et brosse \u00e0 briller en crin de cheval naturel.\" \/>\n<meta property=\"og:url\" content=\"https:\/\/tapir.de\/fr\/shop\/le-noir-cest-magnifique-ensemble-dentretien-des-chaussures\/\" \/>\n<meta property=\"og:site_name\" content=\"Tapir Wachswaren\" \/>\n<meta property=\"article:publisher\" content=\"https:\/\/www.facebook.com\/TapirWachswaren\/\" \/>\n<meta property=\"article:modified_time\" content=\"2026-01-26T12:05:51+00:00\" \/>\n<meta property=\"og:image\" content=\"https:\/\/tapir.de\/wp-content\/uploads\/2020\/11\/DSC_8436-scaled.jpeg\" \/>\n\t<meta property=\"og:image:width\" content=\"1920\" \/>\n\t<meta property=\"og:image:height\" content=\"1282\" \/>\n\t<meta property=\"og:image:type\" content=\"image\/jpeg\" \/>\n<meta name=\"twitter:card\" content=\"summary_large_image\" \/>\n<meta name=\"twitter:label1\" content=\"Dur\u00e9e de lecture estim\u00e9e\" \/>\n\t<meta name=\"twitter:data1\" content=\"1 minute\" \/>\n<script type=\"application\/ld+json\" class=\"yoast-schema-graph\">{\"@context\":\"https:\\\/\\\/schema.org\",\"@graph\":[{\"@type\":\"WebPage\",\"@id\":\"https:\\\/\\\/tapir.de\\\/fr\\\/shop\\\/le-noir-cest-magnifique-ensemble-dentretien-des-chaussures\\\/\",\"url\":\"https:\\\/\\\/tapir.de\\\/fr\\\/shop\\\/le-noir-cest-magnifique-ensemble-dentretien-des-chaussures\\\/\",\"name\":\"Le noir, c\u2019est magnifique ! Ensemble d\u2019entretien des chaussures - Tapir Wachswaren\",\"isPartOf\":{\"@id\":\"https:\\\/\\\/tapir.de\\\/fr\\\/?lang=en\\\/#website\"},\"primaryImageOfPage\":{\"@id\":\"https:\\\/\\\/tapir.de\\\/fr\\\/shop\\\/le-noir-cest-magnifique-ensemble-dentretien-des-chaussures\\\/#primaryimage\"},\"image\":{\"@id\":\"https:\\\/\\\/tapir.de\\\/fr\\\/shop\\\/le-noir-cest-magnifique-ensemble-dentretien-des-chaussures\\\/#primaryimage\"},\"thumbnailUrl\":\"https:\\\/\\\/tapir.de\\\/wp-content\\\/uploads\\\/2020\\\/11\\\/DSC_8436-scaled.jpeg\",\"datePublished\":\"2020-11-18T09:44:40+00:00\",\"dateModified\":\"2026-01-26T12:05:51+00:00\",\"description\":\"Le noir, c\u2019est magnifique ! Ensemble de soin pour chaussures en cuir noir et lisse, avec brosse d\u2019application, tissu et brosse \u00e0 briller en crin de cheval naturel.\",\"breadcrumb\":{\"@id\":\"https:\\\/\\\/tapir.de\\\/fr\\\/shop\\\/le-noir-cest-magnifique-ensemble-dentretien-des-chaussures\\\/#breadcrumb\"},\"inLanguage\":\"fr-FR\",\"potentialAction\":[{\"@type\":\"ReadAction\",\"target\":[\"https:\\\/\\\/tapir.de\\\/fr\\\/shop\\\/le-noir-cest-magnifique-ensemble-dentretien-des-chaussures\\\/\"]}]},{\"@type\":\"ImageObject\",\"inLanguage\":\"fr-FR\",\"@id\":\"https:\\\/\\\/tapir.de\\\/fr\\\/shop\\\/le-noir-cest-magnifique-ensemble-dentretien-des-chaussures\\\/#primaryimage\",\"url\":\"https:\\\/\\\/tapir.de\\\/wp-content\\\/uploads\\\/2020\\\/11\\\/DSC_8436-scaled.jpeg\",\"contentUrl\":\"https:\\\/\\\/tapir.de\\\/wp-content\\\/uploads\\\/2020\\\/11\\\/DSC_8436-scaled.jpeg\",\"width\":1920,\"height\":1282,\"caption\":\"Tapir Leather Care Cream noir en ensemble\"},{\"@type\":\"BreadcrumbList\",\"@id\":\"https:\\\/\\\/tapir.de\\\/fr\\\/shop\\\/le-noir-cest-magnifique-ensemble-dentretien-des-chaussures\\\/#breadcrumb\",\"itemListElement\":[{\"@type\":\"ListItem\",\"position\":1,\"name\":\"Startseite\",\"item\":\"https:\\\/\\\/tapir.de\\\/fr\\\/\"},{\"@type\":\"ListItem\",\"position\":2,\"name\":\"Boutique\",\"item\":\"https:\\\/\\\/tapir.de\\\/fr\\\/boutique\\\/\"},{\"@type\":\"ListItem\",\"position\":3,\"name\":\"Le noir, c\u2019est magnifique ! Ensemble d\u2019entretien des chaussures\"}]},{\"@type\":\"WebSite\",\"@id\":\"https:\\\/\\\/tapir.de\\\/fr\\\/?lang=en\\\/#website\",\"url\":\"https:\\\/\\\/tapir.de\\\/fr\\\/?lang=en\\\/\",\"name\":\"Tapir Wachswaren\",\"description\":\"Nat\u00fcrliche Pflegeprodukte f\u00fcr Leder, Textil und Holz\",\"publisher\":{\"@id\":\"https:\\\/\\\/tapir.de\\\/fr\\\/?lang=en\\\/#organization\"},\"potentialAction\":[{\"@type\":\"SearchAction\",\"target\":{\"@type\":\"EntryPoint\",\"urlTemplate\":\"https:\\\/\\\/tapir.de\\\/fr\\\/?lang=en\\\/?s={search_term_string}\"},\"query-input\":{\"@type\":\"PropertyValueSpecification\",\"valueRequired\":true,\"valueName\":\"search_term_string\"}}],\"inLanguage\":\"fr-FR\"},{\"@type\":\"Organization\",\"@id\":\"https:\\\/\\\/tapir.de\\\/fr\\\/?lang=en\\\/#organization\",\"name\":\"Tapir Wachswaren\",\"url\":\"https:\\\/\\\/tapir.de\\\/fr\\\/?lang=en\\\/\",\"logo\":{\"@type\":\"ImageObject\",\"inLanguage\":\"fr-FR\",\"@id\":\"https:\\\/\\\/tapir.de\\\/fr\\\/?lang=en\\\/#\\\/schema\\\/logo\\\/image\\\/\",\"url\":\"https:\\\/\\\/tapir.de\\\/wp-content\\\/uploads\\\/2020\\\/11\\\/cropped-TAPIR_Wachswaren_logo.png\",\"contentUrl\":\"https:\\\/\\\/tapir.de\\\/wp-content\\\/uploads\\\/2020\\\/11\\\/cropped-TAPIR_Wachswaren_logo.png\",\"width\":512,\"height\":512,\"caption\":\"Tapir Wachswaren\"},\"image\":{\"@id\":\"https:\\\/\\\/tapir.de\\\/fr\\\/?lang=en\\\/#\\\/schema\\\/logo\\\/image\\\/\"},\"sameAs\":[\"https:\\\/\\\/www.facebook.com\\\/TapirWachswaren\\\/\",\"https:\\\/\\\/www.instagram.com\\\/tapir_pflegeprodukte\\\/?hl=de\"]}]}<\/script>\n<!-- \/ Yoast SEO plugin. -->","yoast_head_json":{"title":"Le noir, c\u2019est magnifique ! Ensemble d\u2019entretien des chaussures - Tapir Wachswaren","description":"Le noir, c\u2019est magnifique ! Ensemble de soin pour chaussures en cuir noir et lisse, avec brosse d\u2019application, tissu et brosse \u00e0 briller en crin de cheval naturel.","robots":{"index":"index","follow":"follow","max-snippet":"max-snippet:-1","max-image-preview":"max-image-preview:large","max-video-preview":"max-video-preview:-1"},"canonical":"https:\/\/tapir.de\/fr\/shop\/le-noir-cest-magnifique-ensemble-dentretien-des-chaussures\/","og_locale":"fr_FR","og_type":"article","og_title":"Le noir, c\u2019est magnifique ! Ensemble d\u2019entretien des chaussures - Tapir Wachswaren","og_description":"Le noir, c\u2019est magnifique ! Ensemble de soin pour chaussures en cuir noir et lisse, avec brosse d\u2019application, tissu et brosse \u00e0 briller en crin de cheval naturel.","og_url":"https:\/\/tapir.de\/fr\/shop\/le-noir-cest-magnifique-ensemble-dentretien-des-chaussures\/","og_site_name":"Tapir Wachswaren","article_publisher":"https:\/\/www.facebook.com\/TapirWachswaren\/","article_modified_time":"2026-01-26T12:05:51+00:00","og_image":[{"width":1920,"height":1282,"url":"https:\/\/tapir.de\/wp-content\/uploads\/2020\/11\/DSC_8436-scaled.jpeg","type":"image\/jpeg"}],"twitter_card":"summary_large_image","twitter_misc":{"Dur\u00e9e de lecture estim\u00e9e":"1 minute"},"schema":{"@context":"https:\/\/schema.org","@graph":[{"@type":"WebPage","@id":"https:\/\/tapir.de\/fr\/shop\/le-noir-cest-magnifique-ensemble-dentretien-des-chaussures\/","url":"https:\/\/tapir.de\/fr\/shop\/le-noir-cest-magnifique-ensemble-dentretien-des-chaussures\/","name":"Le noir, c\u2019est magnifique ! Ensemble d\u2019entretien des chaussures - Tapir Wachswaren","isPartOf":{"@id":"https:\/\/tapir.de\/fr\/?lang=en\/#website"},"primaryImageOfPage":{"@id":"https:\/\/tapir.de\/fr\/shop\/le-noir-cest-magnifique-ensemble-dentretien-des-chaussures\/#primaryimage"},"image":{"@id":"https:\/\/tapir.de\/fr\/shop\/le-noir-cest-magnifique-ensemble-dentretien-des-chaussures\/#primaryimage"},"thumbnailUrl":"https:\/\/tapir.de\/wp-content\/uploads\/2020\/11\/DSC_8436-scaled.jpeg","datePublished":"2020-11-18T09:44:40+00:00","dateModified":"2026-01-26T12:05:51+00:00","description":"Le noir, c\u2019est magnifique ! Ensemble de soin pour chaussures en cuir noir et lisse, avec brosse d\u2019application, tissu et brosse \u00e0 briller en crin de cheval naturel.","breadcrumb":{"@id":"https:\/\/tapir.de\/fr\/shop\/le-noir-cest-magnifique-ensemble-dentretien-des-chaussures\/#breadcrumb"},"inLanguage":"fr-FR","potentialAction":[{"@type":"ReadAction","target":["https:\/\/tapir.de\/fr\/shop\/le-noir-cest-magnifique-ensemble-dentretien-des-chaussures\/"]}]},{"@type":"ImageObject","inLanguage":"fr-FR","@id":"https:\/\/tapir.de\/fr\/shop\/le-noir-cest-magnifique-ensemble-dentretien-des-chaussures\/#primaryimage","url":"https:\/\/tapir.de\/wp-content\/uploads\/2020\/11\/DSC_8436-scaled.jpeg","contentUrl":"https:\/\/tapir.de\/wp-content\/uploads\/2020\/11\/DSC_8436-scaled.jpeg","width":1920,"height":1282,"caption":"Tapir Leather Care Cream noir en ensemble"},{"@type":"BreadcrumbList","@id":"https:\/\/tapir.de\/fr\/shop\/le-noir-cest-magnifique-ensemble-dentretien-des-chaussures\/#breadcrumb","itemListElement":[{"@type":"ListItem","position":1,"name":"Startseite","item":"https:\/\/tapir.de\/fr\/"},{"@type":"ListItem","position":2,"name":"Boutique","item":"https:\/\/tapir.de\/fr\/boutique\/"},{"@type":"ListItem","position":3,"name":"Le noir, c\u2019est magnifique ! Ensemble d\u2019entretien des chaussures"}]},{"@type":"WebSite","@id":"https:\/\/tapir.de\/fr\/?lang=en\/#website","url":"https:\/\/tapir.de\/fr\/?lang=en\/","name":"Tapir Wachswaren","description":"Nat\u00fcrliche Pflegeprodukte f\u00fcr Leder, Textil und Holz","publisher":{"@id":"https:\/\/tapir.de\/fr\/?lang=en\/#organization"},"potentialAction":[{"@type":"SearchAction","target":{"@type":"EntryPoint","urlTemplate":"https:\/\/tapir.de\/fr\/?lang=en\/?s={search_term_string}"},"query-input":{"@type":"PropertyValueSpecification","valueRequired":true,"valueName":"search_term_string"}}],"inLanguage":"fr-FR"},{"@type":"Organization","@id":"https:\/\/tapir.de\/fr\/?lang=en\/#organization","name":"Tapir Wachswaren","url":"https:\/\/tapir.de\/fr\/?lang=en\/","logo":{"@type":"ImageObject","inLanguage":"fr-FR","@id":"https:\/\/tapir.de\/fr\/?lang=en\/#\/schema\/logo\/image\/","url":"https:\/\/tapir.de\/wp-content\/uploads\/2020\/11\/cropped-TAPIR_Wachswaren_logo.png","contentUrl":"https:\/\/tapir.de\/wp-content\/uploads\/2020\/11\/cropped-TAPIR_Wachswaren_logo.png","width":512,"height":512,"caption":"Tapir Wachswaren"},"image":{"@id":"https:\/\/tapir.de\/fr\/?lang=en\/#\/schema\/logo\/image\/"},"sameAs":["https:\/\/www.facebook.com\/TapirWachswaren\/","https:\/\/www.instagram.com\/tapir_pflegeprodukte\/?hl=de"]}]}},"_links":{"self":[{"href":"https:\/\/tapir.de\/fr\/wp-json\/wp\/v2\/product\/20830","targetHints":{"allow":["GET"]}}],"collection":[{"href":"https:\/\/tapir.de\/fr\/wp-json\/wp\/v2\/product"}],"about":[{"href":"https:\/\/tapir.de\/fr\/wp-json\/wp\/v2\/types\/product"}],"wp:featuredmedia":[{"embeddable":true,"href":"https:\/\/tapir.de\/fr\/wp-json\/wp\/v2\/media\/20831"}],"wp:attachment":[{"href":"https:\/\/tapir.de\/fr\/wp-json\/wp\/v2\/media?parent=20830"}],"wp:term":[{"taxonomy":"product_brand","embeddable":true,"href":"https:\/\/tapir.de\/fr\/wp-json\/wp\/v2\/product_brand?post=20830"},{"taxonomy":"product_cat","embeddable":true,"href":"https:\/\/tapir.de\/fr\/wp-json\/wp\/v2\/product_cat?post=20830"},{"taxonomy":"product_tag","embeddable":true,"href":"https:\/\/tapir.de\/fr\/wp-json\/wp\/v2\/product_tag?post=20830"}],"curies":[{"name":"wp","href":"https:\/\/api.w.org\/{rel}","templated":true}]}}