{"id":20819,"date":"2020-11-18T10:48:53","date_gmt":"2020-11-18T09:48:53","guid":{"rendered":"https:\/\/tapir.de\/shop\/sur-des-pattes-de-velours-sur-la-route-ensemble-dentretien-des-chaussures\/"},"modified":"2026-01-26T13:05:50","modified_gmt":"2026-01-26T12:05:50","slug":"sur-des-pattes-de-velours-sur-la-route-ensemble-dentretien-des-chaussures","status":"publish","type":"product","link":"https:\/\/tapir.de\/fr\/shop\/sur-des-pattes-de-velours-sur-la-route-ensemble-dentretien-des-chaussures\/","title":{"rendered":"Sur des pattes de velours sur la route ! Ensemble d\u2019entretien des chaussures"},"content":{"rendered":"<p><span style=\"color: #a90533;\"><strong><span style=\"font-size: 120%;\">Le set de soins pour chaussures en su\u00e8de, daim et cuir nubuck<\/span><\/strong><\/span><\/p>\n<p>Juste ce qu\u2019il faut pour l\u2019entretien de votre jeu, chaussures en daim ou en cuir nubuck. Cet ensemble prend soin de vos magnifiques chaussures en daim gr\u00e2ce \u00e0 l\u2019impr\u00e9gnation. De plus, une <a href=\"https:\/\/tapir.de\/shop\/raulederradierer\">gomme en su\u00e8de<\/a> pour la pr\u00e9- et la post-traitement, ainsi qu\u2019une brosse en laiton pour montrer la chaussure fra\u00eeche et bien toilett\u00e9e \u00e0 nouveau.  <\/p>\n<p>Un joli ensemble aussi \u00e0 offrir !<\/p>\n<p>C\u2019est un vrai plaisir de cirer vos chaussures avec des produits durables de Tapir.<\/p>\n<p><strong>Tapir se concentre sur la durabilit\u00e9.<\/strong> Depuis des ann\u00e9es, l\u2019ensemble du champ de tir est strictement certifi\u00e9 selon <a href=\"https:\/\/gfaw.eu\/ncp\/\">le NCP<\/a> . Les produits sont tous fabriqu\u00e9s avec des emballages respectueux de l\u2019environnement et les recettes sont exclusivement compos\u00e9es de mati\u00e8res premi\u00e8res naturellement renouvelables. C\u2019est donc un plaisir de cirer vos chaussures !  <\/p>\n<p><strong>Le contenu de la <\/strong><b>s\u00e9rie :<\/b><\/p>\n<ul>\n<li>F\u00e9condation de tapir, 50 ml<\/li>\n<li>une brosse en laiton<\/li>\n<li>Une gomme en su\u00e8de<\/li>\n<li>une \u00e9ponge \u00e0 ressort de tapire, rectangulaire<\/li>\n<\/ul>\n<p>Le coffret sera exp\u00e9di\u00e9 dans une bo\u00eete durable.<\/p>\n","protected":false},"excerpt":{"rendered":"<p>Un ensemble pour l\u2019entretien r\u00e9gulier de vos chaussures en cuir sauvage, en daim et nubuck.<\/p>\n","protected":false},"featured_media":20825,"template":"","meta":[],"product_brand":[],"product_cat":[923],"product_tag":[928,931,929],"class_list":{"0":"post-20819","1":"product","2":"type-product","3":"status-publish","4":"has-post-thumbnail","6":"product_cat-kits-de-soins","7":"product_tag-cuir-en-daim","8":"product_tag-cuir-nubuck","9":"product_tag-suede","11":"first","12":"instock","13":"sale","14":"taxable","15":"shipping-taxable","16":"purchasable","17":"product-type-simple"},"yoast_head":"<!-- This site is optimized with the Yoast SEO plugin v27.3 - https:\/\/yoast.com\/product\/yoast-seo-wordpress\/ -->\n<title>Sur des pattes de velours sur la route ! Ensemble d\u2019entretien des chaussures - Tapir Wachswaren<\/title>\n<meta name=\"description\" content=\"Sur des pattes de velours sur la route ! Ensemble de soins pour nubuck, daim ou daim bas\u00e9 sur des mati\u00e8res premi\u00e8res naturelles. Fait main en Allemagne.\" \/>\n<meta name=\"robots\" content=\"index, follow, max-snippet:-1, max-image-preview:large, max-video-preview:-1\" \/>\n<link rel=\"canonical\" href=\"https:\/\/tapir.de\/fr\/shop\/sur-des-pattes-de-velours-sur-la-route-ensemble-dentretien-des-chaussures\/\" \/>\n<meta property=\"og:locale\" content=\"fr_FR\" \/>\n<meta property=\"og:type\" content=\"article\" \/>\n<meta property=\"og:title\" content=\"Sur des pattes de velours sur la route ! Ensemble d\u2019entretien des chaussures - Tapir Wachswaren\" \/>\n<meta property=\"og:description\" content=\"Sur des pattes de velours sur la route ! Ensemble de soins pour nubuck, daim ou daim bas\u00e9 sur des mati\u00e8res premi\u00e8res naturelles. Fait main en Allemagne.\" \/>\n<meta property=\"og:url\" content=\"https:\/\/tapir.de\/fr\/shop\/sur-des-pattes-de-velours-sur-la-route-ensemble-dentretien-des-chaussures\/\" \/>\n<meta property=\"og:site_name\" content=\"Tapir Wachswaren\" \/>\n<meta property=\"article:publisher\" content=\"https:\/\/www.facebook.com\/TapirWachswaren\/\" \/>\n<meta property=\"article:modified_time\" content=\"2026-01-26T12:05:50+00:00\" \/>\n<meta property=\"og:image\" content=\"https:\/\/tapir.de\/wp-content\/uploads\/2020\/11\/DSC_8417-scaled.jpeg\" \/>\n\t<meta property=\"og:image:width\" content=\"1920\" \/>\n\t<meta property=\"og:image:height\" content=\"1178\" \/>\n\t<meta property=\"og:image:type\" content=\"image\/jpeg\" \/>\n<meta name=\"twitter:card\" content=\"summary_large_image\" \/>\n<meta name=\"twitter:label1\" content=\"Dur\u00e9e de lecture estim\u00e9e\" \/>\n\t<meta name=\"twitter:data1\" content=\"1 minute\" \/>\n<script type=\"application\/ld+json\" class=\"yoast-schema-graph\">{\"@context\":\"https:\\\/\\\/schema.org\",\"@graph\":[{\"@type\":\"WebPage\",\"@id\":\"https:\\\/\\\/tapir.de\\\/fr\\\/shop\\\/sur-des-pattes-de-velours-sur-la-route-ensemble-dentretien-des-chaussures\\\/\",\"url\":\"https:\\\/\\\/tapir.de\\\/fr\\\/shop\\\/sur-des-pattes-de-velours-sur-la-route-ensemble-dentretien-des-chaussures\\\/\",\"name\":\"Sur des pattes de velours sur la route ! Ensemble d\u2019entretien des chaussures - Tapir Wachswaren\",\"isPartOf\":{\"@id\":\"https:\\\/\\\/tapir.de\\\/fr\\\/?lang=en\\\/#website\"},\"primaryImageOfPage\":{\"@id\":\"https:\\\/\\\/tapir.de\\\/fr\\\/shop\\\/sur-des-pattes-de-velours-sur-la-route-ensemble-dentretien-des-chaussures\\\/#primaryimage\"},\"image\":{\"@id\":\"https:\\\/\\\/tapir.de\\\/fr\\\/shop\\\/sur-des-pattes-de-velours-sur-la-route-ensemble-dentretien-des-chaussures\\\/#primaryimage\"},\"thumbnailUrl\":\"https:\\\/\\\/tapir.de\\\/wp-content\\\/uploads\\\/2020\\\/11\\\/DSC_8417-scaled.jpeg\",\"datePublished\":\"2020-11-18T09:48:53+00:00\",\"dateModified\":\"2026-01-26T12:05:50+00:00\",\"description\":\"Sur des pattes de velours sur la route ! Ensemble de soins pour nubuck, daim ou daim bas\u00e9 sur des mati\u00e8res premi\u00e8res naturelles. Fait main en Allemagne.\",\"breadcrumb\":{\"@id\":\"https:\\\/\\\/tapir.de\\\/fr\\\/shop\\\/sur-des-pattes-de-velours-sur-la-route-ensemble-dentretien-des-chaussures\\\/#breadcrumb\"},\"inLanguage\":\"fr-FR\",\"potentialAction\":[{\"@type\":\"ReadAction\",\"target\":[\"https:\\\/\\\/tapir.de\\\/fr\\\/shop\\\/sur-des-pattes-de-velours-sur-la-route-ensemble-dentretien-des-chaussures\\\/\"]}]},{\"@type\":\"ImageObject\",\"inLanguage\":\"fr-FR\",\"@id\":\"https:\\\/\\\/tapir.de\\\/fr\\\/shop\\\/sur-des-pattes-de-velours-sur-la-route-ensemble-dentretien-des-chaussures\\\/#primaryimage\",\"url\":\"https:\\\/\\\/tapir.de\\\/wp-content\\\/uploads\\\/2020\\\/11\\\/DSC_8417-scaled.jpeg\",\"contentUrl\":\"https:\\\/\\\/tapir.de\\\/wp-content\\\/uploads\\\/2020\\\/11\\\/DSC_8417-scaled.jpeg\",\"width\":1920,\"height\":1178,\"caption\":\"Le bon soin naturel pour les chaussures en daim\"},{\"@type\":\"BreadcrumbList\",\"@id\":\"https:\\\/\\\/tapir.de\\\/fr\\\/shop\\\/sur-des-pattes-de-velours-sur-la-route-ensemble-dentretien-des-chaussures\\\/#breadcrumb\",\"itemListElement\":[{\"@type\":\"ListItem\",\"position\":1,\"name\":\"Startseite\",\"item\":\"https:\\\/\\\/tapir.de\\\/fr\\\/\"},{\"@type\":\"ListItem\",\"position\":2,\"name\":\"Boutique\",\"item\":\"https:\\\/\\\/tapir.de\\\/fr\\\/boutique\\\/\"},{\"@type\":\"ListItem\",\"position\":3,\"name\":\"Sur des pattes de velours sur la route ! Ensemble d\u2019entretien des chaussures\"}]},{\"@type\":\"WebSite\",\"@id\":\"https:\\\/\\\/tapir.de\\\/fr\\\/?lang=en\\\/#website\",\"url\":\"https:\\\/\\\/tapir.de\\\/fr\\\/?lang=en\\\/\",\"name\":\"Tapir Wachswaren\",\"description\":\"Nat\u00fcrliche Pflegeprodukte f\u00fcr Leder, Textil und Holz\",\"publisher\":{\"@id\":\"https:\\\/\\\/tapir.de\\\/fr\\\/?lang=en\\\/#organization\"},\"potentialAction\":[{\"@type\":\"SearchAction\",\"target\":{\"@type\":\"EntryPoint\",\"urlTemplate\":\"https:\\\/\\\/tapir.de\\\/fr\\\/?lang=en\\\/?s={search_term_string}\"},\"query-input\":{\"@type\":\"PropertyValueSpecification\",\"valueRequired\":true,\"valueName\":\"search_term_string\"}}],\"inLanguage\":\"fr-FR\"},{\"@type\":\"Organization\",\"@id\":\"https:\\\/\\\/tapir.de\\\/fr\\\/?lang=en\\\/#organization\",\"name\":\"Tapir Wachswaren\",\"url\":\"https:\\\/\\\/tapir.de\\\/fr\\\/?lang=en\\\/\",\"logo\":{\"@type\":\"ImageObject\",\"inLanguage\":\"fr-FR\",\"@id\":\"https:\\\/\\\/tapir.de\\\/fr\\\/?lang=en\\\/#\\\/schema\\\/logo\\\/image\\\/\",\"url\":\"https:\\\/\\\/tapir.de\\\/wp-content\\\/uploads\\\/2020\\\/11\\\/cropped-TAPIR_Wachswaren_logo.png\",\"contentUrl\":\"https:\\\/\\\/tapir.de\\\/wp-content\\\/uploads\\\/2020\\\/11\\\/cropped-TAPIR_Wachswaren_logo.png\",\"width\":512,\"height\":512,\"caption\":\"Tapir Wachswaren\"},\"image\":{\"@id\":\"https:\\\/\\\/tapir.de\\\/fr\\\/?lang=en\\\/#\\\/schema\\\/logo\\\/image\\\/\"},\"sameAs\":[\"https:\\\/\\\/www.facebook.com\\\/TapirWachswaren\\\/\",\"https:\\\/\\\/www.instagram.com\\\/tapir_pflegeprodukte\\\/?hl=de\"]}]}<\/script>\n<!-- \/ Yoast SEO plugin. -->","yoast_head_json":{"title":"Sur des pattes de velours sur la route ! Ensemble d\u2019entretien des chaussures - Tapir Wachswaren","description":"Sur des pattes de velours sur la route ! Ensemble de soins pour nubuck, daim ou daim bas\u00e9 sur des mati\u00e8res premi\u00e8res naturelles. Fait main en Allemagne.","robots":{"index":"index","follow":"follow","max-snippet":"max-snippet:-1","max-image-preview":"max-image-preview:large","max-video-preview":"max-video-preview:-1"},"canonical":"https:\/\/tapir.de\/fr\/shop\/sur-des-pattes-de-velours-sur-la-route-ensemble-dentretien-des-chaussures\/","og_locale":"fr_FR","og_type":"article","og_title":"Sur des pattes de velours sur la route ! Ensemble d\u2019entretien des chaussures - Tapir Wachswaren","og_description":"Sur des pattes de velours sur la route ! Ensemble de soins pour nubuck, daim ou daim bas\u00e9 sur des mati\u00e8res premi\u00e8res naturelles. Fait main en Allemagne.","og_url":"https:\/\/tapir.de\/fr\/shop\/sur-des-pattes-de-velours-sur-la-route-ensemble-dentretien-des-chaussures\/","og_site_name":"Tapir Wachswaren","article_publisher":"https:\/\/www.facebook.com\/TapirWachswaren\/","article_modified_time":"2026-01-26T12:05:50+00:00","og_image":[{"width":1920,"height":1178,"url":"https:\/\/tapir.de\/wp-content\/uploads\/2020\/11\/DSC_8417-scaled.jpeg","type":"image\/jpeg"}],"twitter_card":"summary_large_image","twitter_misc":{"Dur\u00e9e de lecture estim\u00e9e":"1 minute"},"schema":{"@context":"https:\/\/schema.org","@graph":[{"@type":"WebPage","@id":"https:\/\/tapir.de\/fr\/shop\/sur-des-pattes-de-velours-sur-la-route-ensemble-dentretien-des-chaussures\/","url":"https:\/\/tapir.de\/fr\/shop\/sur-des-pattes-de-velours-sur-la-route-ensemble-dentretien-des-chaussures\/","name":"Sur des pattes de velours sur la route ! Ensemble d\u2019entretien des chaussures - Tapir Wachswaren","isPartOf":{"@id":"https:\/\/tapir.de\/fr\/?lang=en\/#website"},"primaryImageOfPage":{"@id":"https:\/\/tapir.de\/fr\/shop\/sur-des-pattes-de-velours-sur-la-route-ensemble-dentretien-des-chaussures\/#primaryimage"},"image":{"@id":"https:\/\/tapir.de\/fr\/shop\/sur-des-pattes-de-velours-sur-la-route-ensemble-dentretien-des-chaussures\/#primaryimage"},"thumbnailUrl":"https:\/\/tapir.de\/wp-content\/uploads\/2020\/11\/DSC_8417-scaled.jpeg","datePublished":"2020-11-18T09:48:53+00:00","dateModified":"2026-01-26T12:05:50+00:00","description":"Sur des pattes de velours sur la route ! Ensemble de soins pour nubuck, daim ou daim bas\u00e9 sur des mati\u00e8res premi\u00e8res naturelles. Fait main en Allemagne.","breadcrumb":{"@id":"https:\/\/tapir.de\/fr\/shop\/sur-des-pattes-de-velours-sur-la-route-ensemble-dentretien-des-chaussures\/#breadcrumb"},"inLanguage":"fr-FR","potentialAction":[{"@type":"ReadAction","target":["https:\/\/tapir.de\/fr\/shop\/sur-des-pattes-de-velours-sur-la-route-ensemble-dentretien-des-chaussures\/"]}]},{"@type":"ImageObject","inLanguage":"fr-FR","@id":"https:\/\/tapir.de\/fr\/shop\/sur-des-pattes-de-velours-sur-la-route-ensemble-dentretien-des-chaussures\/#primaryimage","url":"https:\/\/tapir.de\/wp-content\/uploads\/2020\/11\/DSC_8417-scaled.jpeg","contentUrl":"https:\/\/tapir.de\/wp-content\/uploads\/2020\/11\/DSC_8417-scaled.jpeg","width":1920,"height":1178,"caption":"Le bon soin naturel pour les chaussures en daim"},{"@type":"BreadcrumbList","@id":"https:\/\/tapir.de\/fr\/shop\/sur-des-pattes-de-velours-sur-la-route-ensemble-dentretien-des-chaussures\/#breadcrumb","itemListElement":[{"@type":"ListItem","position":1,"name":"Startseite","item":"https:\/\/tapir.de\/fr\/"},{"@type":"ListItem","position":2,"name":"Boutique","item":"https:\/\/tapir.de\/fr\/boutique\/"},{"@type":"ListItem","position":3,"name":"Sur des pattes de velours sur la route ! Ensemble d\u2019entretien des chaussures"}]},{"@type":"WebSite","@id":"https:\/\/tapir.de\/fr\/?lang=en\/#website","url":"https:\/\/tapir.de\/fr\/?lang=en\/","name":"Tapir Wachswaren","description":"Nat\u00fcrliche Pflegeprodukte f\u00fcr Leder, Textil und Holz","publisher":{"@id":"https:\/\/tapir.de\/fr\/?lang=en\/#organization"},"potentialAction":[{"@type":"SearchAction","target":{"@type":"EntryPoint","urlTemplate":"https:\/\/tapir.de\/fr\/?lang=en\/?s={search_term_string}"},"query-input":{"@type":"PropertyValueSpecification","valueRequired":true,"valueName":"search_term_string"}}],"inLanguage":"fr-FR"},{"@type":"Organization","@id":"https:\/\/tapir.de\/fr\/?lang=en\/#organization","name":"Tapir Wachswaren","url":"https:\/\/tapir.de\/fr\/?lang=en\/","logo":{"@type":"ImageObject","inLanguage":"fr-FR","@id":"https:\/\/tapir.de\/fr\/?lang=en\/#\/schema\/logo\/image\/","url":"https:\/\/tapir.de\/wp-content\/uploads\/2020\/11\/cropped-TAPIR_Wachswaren_logo.png","contentUrl":"https:\/\/tapir.de\/wp-content\/uploads\/2020\/11\/cropped-TAPIR_Wachswaren_logo.png","width":512,"height":512,"caption":"Tapir Wachswaren"},"image":{"@id":"https:\/\/tapir.de\/fr\/?lang=en\/#\/schema\/logo\/image\/"},"sameAs":["https:\/\/www.facebook.com\/TapirWachswaren\/","https:\/\/www.instagram.com\/tapir_pflegeprodukte\/?hl=de"]}]}},"_links":{"self":[{"href":"https:\/\/tapir.de\/fr\/wp-json\/wp\/v2\/product\/20819","targetHints":{"allow":["GET"]}}],"collection":[{"href":"https:\/\/tapir.de\/fr\/wp-json\/wp\/v2\/product"}],"about":[{"href":"https:\/\/tapir.de\/fr\/wp-json\/wp\/v2\/types\/product"}],"wp:featuredmedia":[{"embeddable":true,"href":"https:\/\/tapir.de\/fr\/wp-json\/wp\/v2\/media\/20825"}],"wp:attachment":[{"href":"https:\/\/tapir.de\/fr\/wp-json\/wp\/v2\/media?parent=20819"}],"wp:term":[{"taxonomy":"product_brand","embeddable":true,"href":"https:\/\/tapir.de\/fr\/wp-json\/wp\/v2\/product_brand?post=20819"},{"taxonomy":"product_cat","embeddable":true,"href":"https:\/\/tapir.de\/fr\/wp-json\/wp\/v2\/product_cat?post=20819"},{"taxonomy":"product_tag","embeddable":true,"href":"https:\/\/tapir.de\/fr\/wp-json\/wp\/v2\/product_tag?post=20819"}],"curies":[{"name":"wp","href":"https:\/\/api.w.org\/{rel}","templated":true}]}}