{"id":20808,"date":"2020-11-24T08:52:01","date_gmt":"2020-11-24T07:52:01","guid":{"rendered":"https:\/\/tapir.de\/shop\/equipement-complet-ensemble-dentretien-des-chaussures-avec-boite-a-cirage\/"},"modified":"2026-01-26T13:05:50","modified_gmt":"2026-01-26T12:05:50","slug":"equipement-complet-ensemble-dentretien-des-chaussures-avec-boite-a-cirage","status":"publish","type":"product","link":"https:\/\/tapir.de\/fr\/shop\/equipement-complet-ensemble-dentretien-des-chaussures-avec-boite-a-cirage\/","title":{"rendered":"\u00c9quipement complet \u2013 ensemble d\u2019entretien des chaussures avec bo\u00eete \u00e0 cirage"},"content":{"rendered":"<p><span style=\"color: #a90533; font-size: 130%;\"><span style=\"caret-color: #a90533;\"><b><span style=\"color: #a90533;\">\u00c9quipement complet, tout ce que la chaussure d\u00e9sire ! \u2013 Ensemble d\u2019entretien de chaussures avec bo\u00eete \u00e0 cirage <\/span> <\/b><\/span><\/span><\/p>\n<p><span style=\"font-size: 105%; color: #333333;\">Donnez vie \u00e0 vos chaussures avec le grand ensemble de cirage de chaussures Tapir !<\/span><\/p>\n<div>\n<p>Avez-vous envie de donner un nouveau brillant \u00e0 vos chaussures ? Notre coffret vous propose une s\u00e9lection soigneusement s\u00e9lectionn\u00e9e de produits pour tapir qui couvrent chaque \u00e9tape d\u2019entretien et font briller \u00e0 nouveau vos chaussures en cuir lisse et en su\u00e8de. Chez Tapir, la durabilit\u00e9 passe avant tout ! Tous nos produits sont fabriqu\u00e9s \u00e0 partir de mati\u00e8res premi\u00e8res renouvelables de fa\u00e7on constante, ce qui rend le cirage de chaussures encore plus amusant !   <\/p>\n<h3><strong><span style=\"color: #8c0808;\">Nettoyage \u2013 Entretien \u2013 F\u00e9condation<\/span><\/strong><\/h3>\n<p>Avec cet ensemble, vous \u00eates bien \u00e9quip\u00e9 pour prendre soin de vos chaussures en profondeur. La petite bo\u00eete \u00e0 cirer \u00e0 chaussures faite main n\u2019est pas seulement pratique, elle attire aussi vraiment l\u2019\u0153il chez vous. <\/p>\n<h3><strong><span style=\"color: #8c0808;\">Le cadeau id\u00e9al pour les passionn\u00e9s de chaussures<\/span><\/strong><\/h3>\n<p>Notre ensemble est \u00e9galement id\u00e9al comme cadeau, par exemple pour des mariages ou des anniversaires marquants d\u2019amis et de proches. Vous y trouverez une excellente s\u00e9lection de produits pour les soins de chaussures afin de vous satisfaire, vous ou vos proches. <\/p>\n<h3><strong><span style=\"color: #8c0808;\">Le contenu de la s\u00e9rie :<\/span><\/strong><\/h3>\n<ul>\n<li>Une petite bo\u00eete \u00e0 cirer \u00e0 chaussures en bois de h\u00eatre local<\/li>\n<li>Cuir de tapir et savon pour selle 200 ml<\/li>\n<li>Cr\u00e8me de soins pour cuir Tapir, incolore 75 ml<\/li>\n<li>Cr\u00e8me de soin cuir Tapir, noire 75 ml<\/li>\n<li>Baume en cuir de tapir 85 ml, incolore<\/li>\n<li>Impr\u00e9gnation de cuir de tapir pour le daim, le nubuck et le daim<\/li>\n<li>Un tissu en coton tapir<\/li>\n<li>2 pinceaux d\u2019application en clair et sombre<\/li>\n<li>Un pinceau brillant \u00e9clatant<\/li>\n<li>Un brossage en terre avec le logo Tapir<\/li>\n<li>Une gomme en su\u00e8de de tapir<\/li>\n<li>Une brosse en laiton Tapir<\/li>\n<li>Une \u00e9ponge \u00e0 ressort pour tapir<\/li>\n<\/ul>\n<p>Donnez vie \u00e0 vos chaussures et prenez soin d\u2019elles avec amour et soin \u2013 gr\u00e2ce au Tapir Shoe Shine Care Kit !<\/p>\n<p><strong>Tapir \u2013 Pour cirer les chaussures et un environnement propre !<\/strong><\/p>\n<\/div>\n","protected":false},"excerpt":{"rendered":"<p>Le coffret de soin avec bo\u00eete \u00e0 cirage \u00e0 chaussures \u2013 une excellente id\u00e9e cadeau !<\/p>\n","protected":false},"featured_media":20827,"template":"","meta":[],"product_brand":[],"product_cat":[927,923],"product_tag":[926,924,930,928,920,929],"class_list":{"0":"post-20808","1":"product","2":"type-product","3":"status-publish","4":"has-post-thumbnail","6":"product_cat-caisses-a-cirer-a-chaussures","7":"product_cat-kits-de-soins","8":"product_tag-chaussures-denfants","9":"product_tag-chaussures-pour-femmes","10":"product_tag-chaussures-pour-hommes","11":"product_tag-cuir-en-daim","12":"product_tag-cuir-lisse","13":"product_tag-suede","15":"first","16":"instock","17":"sale","18":"taxable","19":"shipping-taxable","20":"purchasable","21":"product-type-simple"},"yoast_head":"<!-- This site is optimized with the Yoast SEO plugin v27.4 - https:\/\/yoast.com\/product\/yoast-seo-wordpress\/ -->\n<title>\u00c9quipement complet - ensemble d\u2019entretien des chaussures avec bo\u00eete \u00e0 cirage - Tapir Wachswaren<\/title>\n<meta name=\"description\" content=\"Le mat\u00e9riel complet - kit d\u2019entretien des chaussures avec bo\u00eete \u00e0 cirage - une bo\u00eete \u00e0 cirage remplie pour tous les amateurs de chaussures. Un nettoyage durable, des soins et une protection !\" \/>\n<meta name=\"robots\" content=\"index, follow, max-snippet:-1, max-image-preview:large, max-video-preview:-1\" \/>\n<link rel=\"canonical\" href=\"https:\/\/tapir.de\/fr\/shop\/equipement-complet-ensemble-dentretien-des-chaussures-avec-boite-a-cirage\/\" \/>\n<meta property=\"og:locale\" content=\"fr_FR\" \/>\n<meta property=\"og:type\" content=\"article\" \/>\n<meta property=\"og:title\" content=\"\u00c9quipement complet - ensemble d\u2019entretien des chaussures avec bo\u00eete \u00e0 cirage - Tapir Wachswaren\" \/>\n<meta property=\"og:description\" content=\"Le mat\u00e9riel complet - kit d\u2019entretien des chaussures avec bo\u00eete \u00e0 cirage - une bo\u00eete \u00e0 cirage remplie pour tous les amateurs de chaussures. Un nettoyage durable, des soins et une protection !\" \/>\n<meta property=\"og:url\" content=\"https:\/\/tapir.de\/fr\/shop\/equipement-complet-ensemble-dentretien-des-chaussures-avec-boite-a-cirage\/\" \/>\n<meta property=\"og:site_name\" content=\"Tapir Wachswaren\" \/>\n<meta property=\"article:publisher\" content=\"https:\/\/www.facebook.com\/TapirWachswaren\/\" \/>\n<meta property=\"article:modified_time\" content=\"2026-01-26T12:05:50+00:00\" \/>\n<meta property=\"og:image\" content=\"https:\/\/tapir.de\/wp-content\/uploads\/2020\/11\/DSC_8411-scaled.jpeg\" \/>\n\t<meta property=\"og:image:width\" content=\"1920\" \/>\n\t<meta property=\"og:image:height\" content=\"1347\" \/>\n\t<meta property=\"og:image:type\" content=\"image\/jpeg\" \/>\n<meta name=\"twitter:card\" content=\"summary_large_image\" \/>\n<meta name=\"twitter:label1\" content=\"Dur\u00e9e de lecture estim\u00e9e\" \/>\n\t<meta name=\"twitter:data1\" content=\"2 minutes\" \/>\n<script type=\"application\/ld+json\" class=\"yoast-schema-graph\">{\"@context\":\"https:\\\/\\\/schema.org\",\"@graph\":[{\"@type\":\"WebPage\",\"@id\":\"https:\\\/\\\/tapir.de\\\/fr\\\/shop\\\/equipement-complet-ensemble-dentretien-des-chaussures-avec-boite-a-cirage\\\/\",\"url\":\"https:\\\/\\\/tapir.de\\\/fr\\\/shop\\\/equipement-complet-ensemble-dentretien-des-chaussures-avec-boite-a-cirage\\\/\",\"name\":\"\u00c9quipement complet - ensemble d\u2019entretien des chaussures avec bo\u00eete \u00e0 cirage - Tapir Wachswaren\",\"isPartOf\":{\"@id\":\"https:\\\/\\\/tapir.de\\\/fr\\\/?lang=en\\\/#website\"},\"primaryImageOfPage\":{\"@id\":\"https:\\\/\\\/tapir.de\\\/fr\\\/shop\\\/equipement-complet-ensemble-dentretien-des-chaussures-avec-boite-a-cirage\\\/#primaryimage\"},\"image\":{\"@id\":\"https:\\\/\\\/tapir.de\\\/fr\\\/shop\\\/equipement-complet-ensemble-dentretien-des-chaussures-avec-boite-a-cirage\\\/#primaryimage\"},\"thumbnailUrl\":\"https:\\\/\\\/tapir.de\\\/wp-content\\\/uploads\\\/2020\\\/11\\\/DSC_8411-scaled.jpeg\",\"datePublished\":\"2020-11-24T07:52:01+00:00\",\"dateModified\":\"2026-01-26T12:05:50+00:00\",\"description\":\"Le mat\u00e9riel complet - kit d\u2019entretien des chaussures avec bo\u00eete \u00e0 cirage - une bo\u00eete \u00e0 cirage remplie pour tous les amateurs de chaussures. Un nettoyage durable, des soins et une protection !\",\"breadcrumb\":{\"@id\":\"https:\\\/\\\/tapir.de\\\/fr\\\/shop\\\/equipement-complet-ensemble-dentretien-des-chaussures-avec-boite-a-cirage\\\/#breadcrumb\"},\"inLanguage\":\"fr-FR\",\"potentialAction\":[{\"@type\":\"ReadAction\",\"target\":[\"https:\\\/\\\/tapir.de\\\/fr\\\/shop\\\/equipement-complet-ensemble-dentretien-des-chaussures-avec-boite-a-cirage\\\/\"]}]},{\"@type\":\"ImageObject\",\"inLanguage\":\"fr-FR\",\"@id\":\"https:\\\/\\\/tapir.de\\\/fr\\\/shop\\\/equipement-complet-ensemble-dentretien-des-chaussures-avec-boite-a-cirage\\\/#primaryimage\",\"url\":\"https:\\\/\\\/tapir.de\\\/wp-content\\\/uploads\\\/2020\\\/11\\\/DSC_8411-scaled.jpeg\",\"contentUrl\":\"https:\\\/\\\/tapir.de\\\/wp-content\\\/uploads\\\/2020\\\/11\\\/DSC_8411-scaled.jpeg\",\"width\":1920,\"height\":1347,\"caption\":\"Prendre soin des chaussures de mani\u00e8re naturelle et \u00e9cologique Pour un soin professionnel des chaussures\"},{\"@type\":\"BreadcrumbList\",\"@id\":\"https:\\\/\\\/tapir.de\\\/fr\\\/shop\\\/equipement-complet-ensemble-dentretien-des-chaussures-avec-boite-a-cirage\\\/#breadcrumb\",\"itemListElement\":[{\"@type\":\"ListItem\",\"position\":1,\"name\":\"Startseite\",\"item\":\"https:\\\/\\\/tapir.de\\\/fr\\\/\"},{\"@type\":\"ListItem\",\"position\":2,\"name\":\"Boutique\",\"item\":\"https:\\\/\\\/tapir.de\\\/fr\\\/boutique\\\/\"},{\"@type\":\"ListItem\",\"position\":3,\"name\":\"\u00c9quipement complet &#8211; ensemble d\u2019entretien des chaussures avec bo\u00eete \u00e0 cirage\"}]},{\"@type\":\"WebSite\",\"@id\":\"https:\\\/\\\/tapir.de\\\/fr\\\/?lang=en\\\/#website\",\"url\":\"https:\\\/\\\/tapir.de\\\/fr\\\/?lang=en\\\/\",\"name\":\"Tapir Wachswaren\",\"description\":\"Nat\u00fcrliche Pflegeprodukte f\u00fcr Leder, Textil und Holz\",\"publisher\":{\"@id\":\"https:\\\/\\\/tapir.de\\\/fr\\\/?lang=en\\\/#organization\"},\"potentialAction\":[{\"@type\":\"SearchAction\",\"target\":{\"@type\":\"EntryPoint\",\"urlTemplate\":\"https:\\\/\\\/tapir.de\\\/fr\\\/?lang=en\\\/?s={search_term_string}\"},\"query-input\":{\"@type\":\"PropertyValueSpecification\",\"valueRequired\":true,\"valueName\":\"search_term_string\"}}],\"inLanguage\":\"fr-FR\"},{\"@type\":\"Organization\",\"@id\":\"https:\\\/\\\/tapir.de\\\/fr\\\/?lang=en\\\/#organization\",\"name\":\"Tapir Wachswaren\",\"url\":\"https:\\\/\\\/tapir.de\\\/fr\\\/?lang=en\\\/\",\"logo\":{\"@type\":\"ImageObject\",\"inLanguage\":\"fr-FR\",\"@id\":\"https:\\\/\\\/tapir.de\\\/fr\\\/?lang=en\\\/#\\\/schema\\\/logo\\\/image\\\/\",\"url\":\"https:\\\/\\\/tapir.de\\\/wp-content\\\/uploads\\\/2020\\\/11\\\/cropped-TAPIR_Wachswaren_logo.png\",\"contentUrl\":\"https:\\\/\\\/tapir.de\\\/wp-content\\\/uploads\\\/2020\\\/11\\\/cropped-TAPIR_Wachswaren_logo.png\",\"width\":512,\"height\":512,\"caption\":\"Tapir Wachswaren\"},\"image\":{\"@id\":\"https:\\\/\\\/tapir.de\\\/fr\\\/?lang=en\\\/#\\\/schema\\\/logo\\\/image\\\/\"},\"sameAs\":[\"https:\\\/\\\/www.facebook.com\\\/TapirWachswaren\\\/\",\"https:\\\/\\\/www.instagram.com\\\/tapir_pflegeprodukte\\\/?hl=de\"]}]}<\/script>\n<!-- \/ Yoast SEO plugin. -->","yoast_head_json":{"title":"\u00c9quipement complet - ensemble d\u2019entretien des chaussures avec bo\u00eete \u00e0 cirage - Tapir Wachswaren","description":"Le mat\u00e9riel complet - kit d\u2019entretien des chaussures avec bo\u00eete \u00e0 cirage - une bo\u00eete \u00e0 cirage remplie pour tous les amateurs de chaussures. Un nettoyage durable, des soins et une protection !","robots":{"index":"index","follow":"follow","max-snippet":"max-snippet:-1","max-image-preview":"max-image-preview:large","max-video-preview":"max-video-preview:-1"},"canonical":"https:\/\/tapir.de\/fr\/shop\/equipement-complet-ensemble-dentretien-des-chaussures-avec-boite-a-cirage\/","og_locale":"fr_FR","og_type":"article","og_title":"\u00c9quipement complet - ensemble d\u2019entretien des chaussures avec bo\u00eete \u00e0 cirage - Tapir Wachswaren","og_description":"Le mat\u00e9riel complet - kit d\u2019entretien des chaussures avec bo\u00eete \u00e0 cirage - une bo\u00eete \u00e0 cirage remplie pour tous les amateurs de chaussures. Un nettoyage durable, des soins et une protection !","og_url":"https:\/\/tapir.de\/fr\/shop\/equipement-complet-ensemble-dentretien-des-chaussures-avec-boite-a-cirage\/","og_site_name":"Tapir Wachswaren","article_publisher":"https:\/\/www.facebook.com\/TapirWachswaren\/","article_modified_time":"2026-01-26T12:05:50+00:00","og_image":[{"width":1920,"height":1347,"url":"https:\/\/tapir.de\/wp-content\/uploads\/2020\/11\/DSC_8411-scaled.jpeg","type":"image\/jpeg"}],"twitter_card":"summary_large_image","twitter_misc":{"Dur\u00e9e de lecture estim\u00e9e":"2 minutes"},"schema":{"@context":"https:\/\/schema.org","@graph":[{"@type":"WebPage","@id":"https:\/\/tapir.de\/fr\/shop\/equipement-complet-ensemble-dentretien-des-chaussures-avec-boite-a-cirage\/","url":"https:\/\/tapir.de\/fr\/shop\/equipement-complet-ensemble-dentretien-des-chaussures-avec-boite-a-cirage\/","name":"\u00c9quipement complet - ensemble d\u2019entretien des chaussures avec bo\u00eete \u00e0 cirage - Tapir Wachswaren","isPartOf":{"@id":"https:\/\/tapir.de\/fr\/?lang=en\/#website"},"primaryImageOfPage":{"@id":"https:\/\/tapir.de\/fr\/shop\/equipement-complet-ensemble-dentretien-des-chaussures-avec-boite-a-cirage\/#primaryimage"},"image":{"@id":"https:\/\/tapir.de\/fr\/shop\/equipement-complet-ensemble-dentretien-des-chaussures-avec-boite-a-cirage\/#primaryimage"},"thumbnailUrl":"https:\/\/tapir.de\/wp-content\/uploads\/2020\/11\/DSC_8411-scaled.jpeg","datePublished":"2020-11-24T07:52:01+00:00","dateModified":"2026-01-26T12:05:50+00:00","description":"Le mat\u00e9riel complet - kit d\u2019entretien des chaussures avec bo\u00eete \u00e0 cirage - une bo\u00eete \u00e0 cirage remplie pour tous les amateurs de chaussures. Un nettoyage durable, des soins et une protection !","breadcrumb":{"@id":"https:\/\/tapir.de\/fr\/shop\/equipement-complet-ensemble-dentretien-des-chaussures-avec-boite-a-cirage\/#breadcrumb"},"inLanguage":"fr-FR","potentialAction":[{"@type":"ReadAction","target":["https:\/\/tapir.de\/fr\/shop\/equipement-complet-ensemble-dentretien-des-chaussures-avec-boite-a-cirage\/"]}]},{"@type":"ImageObject","inLanguage":"fr-FR","@id":"https:\/\/tapir.de\/fr\/shop\/equipement-complet-ensemble-dentretien-des-chaussures-avec-boite-a-cirage\/#primaryimage","url":"https:\/\/tapir.de\/wp-content\/uploads\/2020\/11\/DSC_8411-scaled.jpeg","contentUrl":"https:\/\/tapir.de\/wp-content\/uploads\/2020\/11\/DSC_8411-scaled.jpeg","width":1920,"height":1347,"caption":"Prendre soin des chaussures de mani\u00e8re naturelle et \u00e9cologique Pour un soin professionnel des chaussures"},{"@type":"BreadcrumbList","@id":"https:\/\/tapir.de\/fr\/shop\/equipement-complet-ensemble-dentretien-des-chaussures-avec-boite-a-cirage\/#breadcrumb","itemListElement":[{"@type":"ListItem","position":1,"name":"Startseite","item":"https:\/\/tapir.de\/fr\/"},{"@type":"ListItem","position":2,"name":"Boutique","item":"https:\/\/tapir.de\/fr\/boutique\/"},{"@type":"ListItem","position":3,"name":"\u00c9quipement complet &#8211; ensemble d\u2019entretien des chaussures avec bo\u00eete \u00e0 cirage"}]},{"@type":"WebSite","@id":"https:\/\/tapir.de\/fr\/?lang=en\/#website","url":"https:\/\/tapir.de\/fr\/?lang=en\/","name":"Tapir Wachswaren","description":"Nat\u00fcrliche Pflegeprodukte f\u00fcr Leder, Textil und Holz","publisher":{"@id":"https:\/\/tapir.de\/fr\/?lang=en\/#organization"},"potentialAction":[{"@type":"SearchAction","target":{"@type":"EntryPoint","urlTemplate":"https:\/\/tapir.de\/fr\/?lang=en\/?s={search_term_string}"},"query-input":{"@type":"PropertyValueSpecification","valueRequired":true,"valueName":"search_term_string"}}],"inLanguage":"fr-FR"},{"@type":"Organization","@id":"https:\/\/tapir.de\/fr\/?lang=en\/#organization","name":"Tapir Wachswaren","url":"https:\/\/tapir.de\/fr\/?lang=en\/","logo":{"@type":"ImageObject","inLanguage":"fr-FR","@id":"https:\/\/tapir.de\/fr\/?lang=en\/#\/schema\/logo\/image\/","url":"https:\/\/tapir.de\/wp-content\/uploads\/2020\/11\/cropped-TAPIR_Wachswaren_logo.png","contentUrl":"https:\/\/tapir.de\/wp-content\/uploads\/2020\/11\/cropped-TAPIR_Wachswaren_logo.png","width":512,"height":512,"caption":"Tapir Wachswaren"},"image":{"@id":"https:\/\/tapir.de\/fr\/?lang=en\/#\/schema\/logo\/image\/"},"sameAs":["https:\/\/www.facebook.com\/TapirWachswaren\/","https:\/\/www.instagram.com\/tapir_pflegeprodukte\/?hl=de"]}]}},"_links":{"self":[{"href":"https:\/\/tapir.de\/fr\/wp-json\/wp\/v2\/product\/20808","targetHints":{"allow":["GET"]}}],"collection":[{"href":"https:\/\/tapir.de\/fr\/wp-json\/wp\/v2\/product"}],"about":[{"href":"https:\/\/tapir.de\/fr\/wp-json\/wp\/v2\/types\/product"}],"wp:featuredmedia":[{"embeddable":true,"href":"https:\/\/tapir.de\/fr\/wp-json\/wp\/v2\/media\/20827"}],"wp:attachment":[{"href":"https:\/\/tapir.de\/fr\/wp-json\/wp\/v2\/media?parent=20808"}],"wp:term":[{"taxonomy":"product_brand","embeddable":true,"href":"https:\/\/tapir.de\/fr\/wp-json\/wp\/v2\/product_brand?post=20808"},{"taxonomy":"product_cat","embeddable":true,"href":"https:\/\/tapir.de\/fr\/wp-json\/wp\/v2\/product_cat?post=20808"},{"taxonomy":"product_tag","embeddable":true,"href":"https:\/\/tapir.de\/fr\/wp-json\/wp\/v2\/product_tag?post=20808"}],"curies":[{"name":"wp","href":"https:\/\/api.w.org\/{rel}","templated":true}]}}