{"id":20805,"date":"2020-11-24T09:16:48","date_gmt":"2020-11-24T08:16:48","guid":{"rendered":"https:\/\/tapir.de\/shop\/direction-le-canape-lensemble-dentretien-pour-le-canape-en-cuir\/"},"modified":"2026-01-26T13:05:49","modified_gmt":"2026-01-26T12:05:49","slug":"direction-le-canape-lensemble-dentretien-pour-le-canape-en-cuir","status":"publish","type":"product","link":"https:\/\/tapir.de\/fr\/shop\/direction-le-canape-lensemble-dentretien-pour-le-canape-en-cuir\/","title":{"rendered":"Direction le canap\u00e9 ! \u2013 l\u2019ensemble d\u2019entretien pour le canap\u00e9 en cuir"},"content":{"rendered":"<p><span style=\"color: #a90533;\"><strong><span style=\"font-size: 120%;\">Direction le canap\u00e9 \u2013 <\/span><\/strong><\/span>Donnez un nouvel \u00e9clat \u00e0 vos meubles en cuir avec le set d\u2019entretien Tapir pour meubles en cuir !<\/p>\n<p>Votre mobilier en cuir m\u00e9rite \u00e9galement les meilleurs soins pour pr\u00e9server sa beaut\u00e9 et sa long\u00e9vit\u00e9. Notre ensemble d\u2019entretien Tapir \u00ab On to the Canap\u00e9 ! \u00bb vous facilite le choix des produits adapt\u00e9s et durables \u00e0 vos meubles en cuir. <\/p>\n<h3><strong><span style=\"color: #870909;\">Cuir de tapir et savon pour selle<\/span><\/strong><\/h3>\n<p>Commencez par un nettoyage intensif de vos meubles en cuir avec notre savon pour cuir et selle de tapire. Ce savon sp\u00e9cial enl\u00e8ve doucement les taches et impuret\u00e9s tout en prenant soin du cuir en m\u00eame temps. Vos meubles brilleront alors d\u2019une nouvelle splendeur.  <\/p>\n<h3><span style=\"color: #870909;\"><strong>Huile de cuir de tapir<\/strong><\/span><\/h3>\n<p>Pour un entretien complet et uniforme, nous recommandons notre huile de cuir de tapir. Apr\u00e8s nettoyage, appliquez-le sur le cuir lisse et laissez-le s\u2019impr\u00e9gner. D\u2019abord, testez dans un endroit cach\u00e9 pour vous assurer que le r\u00e9sultat correspond \u00e0 vos attentes.  <\/p>\n<h3><span style=\"color: #870909;\"><strong>Graisse de cuir de tapir<\/strong><\/span><\/h3>\n<p>Pour les cuirs particuli\u00e8rement stress\u00e9s ou fissur\u00e9s, notre graisse Tapir Leather est la solution id\u00e9ale. Cela rend le cuir \u00e0 nouveau souple et \u00e9vite d\u2019autres fissures, afin que votre mobilier conserve sa beaut\u00e9 et sa fonctionnalit\u00e9. <\/p>\n<h3><strong><span style=\"color: #870909;\">La durabilit\u00e9 est notre passion !<\/span><\/strong><\/h3>\n<p>Chez Tapir Wachswaren, nous sommes engag\u00e9s en faveur de la durabilit\u00e9 depuis plus de 40 ans. Tous nos produits sont certifi\u00e9s NCP et sont compos\u00e9s exclusivement de mati\u00e8res premi\u00e8res naturelles renouvelables. Nous prenons soin de notre environnement et vous proposons des produits sur lesquels vous pouvez compter.  <\/p>\n<h3><span style=\"color: #870909;\">L\u2019ensemble contient :<\/span><\/h3>\n<ul>\n<li>Huile de cuir de tapir, 200 ml<\/li>\n<li>Graisse pour cuir de tapir, 85 ml<\/li>\n<li>Cuir de tapir et savon pour selle, 200 ml<\/li>\n<li>Un tissu en coton naturel<\/li>\n<li>\u00c9ponge de Tapir Spring<\/li>\n<\/ul>\n<p>Conservez l\u2019\u00e9clat et la beaut\u00e9 de vos meubles en cuir avec le coffret d\u2019entretien Tapir pour meubles en cuir !<\/p>\n<p><strong>Tapir \u2013 Pour des meubles qui brillent !<\/strong><\/p>\n","protected":false},"excerpt":{"rendered":"<p>Un ensemble pour l\u2019entretien de vos meubles en cuir. Qu\u2019il s\u2019agisse de canap\u00e9s en cuir, de fauteuils en cuir ou de sacs en cuir. <\/p>\n","protected":false},"featured_media":20806,"template":"","meta":[],"product_brand":[],"product_cat":[923],"product_tag":[],"class_list":{"0":"post-20805","1":"product","2":"type-product","3":"status-publish","4":"has-post-thumbnail","6":"product_cat-kits-de-soins","8":"first","9":"instock","10":"sale","11":"taxable","12":"shipping-taxable","13":"purchasable","14":"product-type-simple"},"yoast_head":"<!-- This site is optimized with the Yoast SEO plugin v27.4 - https:\/\/yoast.com\/product\/yoast-seo-wordpress\/ -->\n<title>Direction le canap\u00e9 ! - l\u2019ensemble d\u2019entretien pour le canap\u00e9 en cuir - Tapir Wachswaren<\/title>\n<meta name=\"description\" content=\"Passons au canap\u00e9 \u2013 l\u2019ensemble d\u2019entretien pour le canap\u00e9 en cuir lisse \u2013 propre, graisse ou huileuse, c\u2019est l\u2019ensemble id\u00e9al pour votre canap\u00e9. Compl\u00e8tement naturel !\" \/>\n<meta name=\"robots\" content=\"index, follow, max-snippet:-1, max-image-preview:large, max-video-preview:-1\" \/>\n<link rel=\"canonical\" href=\"https:\/\/tapir.de\/fr\/shop\/direction-le-canape-lensemble-dentretien-pour-le-canape-en-cuir\/\" \/>\n<meta property=\"og:locale\" content=\"fr_FR\" \/>\n<meta property=\"og:type\" content=\"article\" \/>\n<meta property=\"og:title\" content=\"Direction le canap\u00e9 ! - l\u2019ensemble d\u2019entretien pour le canap\u00e9 en cuir - Tapir Wachswaren\" \/>\n<meta property=\"og:description\" content=\"Passons au canap\u00e9 \u2013 l\u2019ensemble d\u2019entretien pour le canap\u00e9 en cuir lisse \u2013 propre, graisse ou huileuse, c\u2019est l\u2019ensemble id\u00e9al pour votre canap\u00e9. Compl\u00e8tement naturel !\" \/>\n<meta property=\"og:url\" content=\"https:\/\/tapir.de\/fr\/shop\/direction-le-canape-lensemble-dentretien-pour-le-canape-en-cuir\/\" \/>\n<meta property=\"og:site_name\" content=\"Tapir Wachswaren\" \/>\n<meta property=\"article:publisher\" content=\"https:\/\/www.facebook.com\/TapirWachswaren\/\" \/>\n<meta property=\"article:modified_time\" content=\"2026-01-26T12:05:49+00:00\" \/>\n<meta property=\"og:image\" content=\"https:\/\/tapir.de\/wp-content\/uploads\/2020\/11\/DSC_8371-scaled.jpeg\" \/>\n\t<meta property=\"og:image:width\" content=\"1920\" \/>\n\t<meta property=\"og:image:height\" content=\"1285\" \/>\n\t<meta property=\"og:image:type\" content=\"image\/jpeg\" \/>\n<meta name=\"twitter:card\" content=\"summary_large_image\" \/>\n<meta name=\"twitter:label1\" content=\"Dur\u00e9e de lecture estim\u00e9e\" \/>\n\t<meta name=\"twitter:data1\" content=\"2 minutes\" \/>\n<script type=\"application\/ld+json\" class=\"yoast-schema-graph\">{\"@context\":\"https:\\\/\\\/schema.org\",\"@graph\":[{\"@type\":\"WebPage\",\"@id\":\"https:\\\/\\\/tapir.de\\\/fr\\\/shop\\\/direction-le-canape-lensemble-dentretien-pour-le-canape-en-cuir\\\/\",\"url\":\"https:\\\/\\\/tapir.de\\\/fr\\\/shop\\\/direction-le-canape-lensemble-dentretien-pour-le-canape-en-cuir\\\/\",\"name\":\"Direction le canap\u00e9 ! - l\u2019ensemble d\u2019entretien pour le canap\u00e9 en cuir - Tapir Wachswaren\",\"isPartOf\":{\"@id\":\"https:\\\/\\\/tapir.de\\\/fr\\\/?lang=en\\\/#website\"},\"primaryImageOfPage\":{\"@id\":\"https:\\\/\\\/tapir.de\\\/fr\\\/shop\\\/direction-le-canape-lensemble-dentretien-pour-le-canape-en-cuir\\\/#primaryimage\"},\"image\":{\"@id\":\"https:\\\/\\\/tapir.de\\\/fr\\\/shop\\\/direction-le-canape-lensemble-dentretien-pour-le-canape-en-cuir\\\/#primaryimage\"},\"thumbnailUrl\":\"https:\\\/\\\/tapir.de\\\/wp-content\\\/uploads\\\/2020\\\/11\\\/DSC_8371-scaled.jpeg\",\"datePublished\":\"2020-11-24T08:16:48+00:00\",\"dateModified\":\"2026-01-26T12:05:49+00:00\",\"description\":\"Passons au canap\u00e9 \u2013 l\u2019ensemble d\u2019entretien pour le canap\u00e9 en cuir lisse \u2013 propre, graisse ou huileuse, c\u2019est l\u2019ensemble id\u00e9al pour votre canap\u00e9. Compl\u00e8tement naturel !\",\"breadcrumb\":{\"@id\":\"https:\\\/\\\/tapir.de\\\/fr\\\/shop\\\/direction-le-canape-lensemble-dentretien-pour-le-canape-en-cuir\\\/#breadcrumb\"},\"inLanguage\":\"fr-FR\",\"potentialAction\":[{\"@type\":\"ReadAction\",\"target\":[\"https:\\\/\\\/tapir.de\\\/fr\\\/shop\\\/direction-le-canape-lensemble-dentretien-pour-le-canape-en-cuir\\\/\"]}]},{\"@type\":\"ImageObject\",\"inLanguage\":\"fr-FR\",\"@id\":\"https:\\\/\\\/tapir.de\\\/fr\\\/shop\\\/direction-le-canape-lensemble-dentretien-pour-le-canape-en-cuir\\\/#primaryimage\",\"url\":\"https:\\\/\\\/tapir.de\\\/wp-content\\\/uploads\\\/2020\\\/11\\\/DSC_8371-scaled.jpeg\",\"contentUrl\":\"https:\\\/\\\/tapir.de\\\/wp-content\\\/uploads\\\/2020\\\/11\\\/DSC_8371-scaled.jpeg\",\"width\":1920,\"height\":1285,\"caption\":\"Comment prendre soin de mon canap\u00e9 en cuir de mani\u00e8re optimale avec Tapir\"},{\"@type\":\"BreadcrumbList\",\"@id\":\"https:\\\/\\\/tapir.de\\\/fr\\\/shop\\\/direction-le-canape-lensemble-dentretien-pour-le-canape-en-cuir\\\/#breadcrumb\",\"itemListElement\":[{\"@type\":\"ListItem\",\"position\":1,\"name\":\"Startseite\",\"item\":\"https:\\\/\\\/tapir.de\\\/fr\\\/\"},{\"@type\":\"ListItem\",\"position\":2,\"name\":\"Boutique\",\"item\":\"https:\\\/\\\/tapir.de\\\/fr\\\/boutique\\\/\"},{\"@type\":\"ListItem\",\"position\":3,\"name\":\"Direction le canap\u00e9 ! &#8211; l\u2019ensemble d\u2019entretien pour le canap\u00e9 en cuir\"}]},{\"@type\":\"WebSite\",\"@id\":\"https:\\\/\\\/tapir.de\\\/fr\\\/?lang=en\\\/#website\",\"url\":\"https:\\\/\\\/tapir.de\\\/fr\\\/?lang=en\\\/\",\"name\":\"Tapir Wachswaren\",\"description\":\"Nat\u00fcrliche Pflegeprodukte f\u00fcr Leder, Textil und Holz\",\"publisher\":{\"@id\":\"https:\\\/\\\/tapir.de\\\/fr\\\/?lang=en\\\/#organization\"},\"potentialAction\":[{\"@type\":\"SearchAction\",\"target\":{\"@type\":\"EntryPoint\",\"urlTemplate\":\"https:\\\/\\\/tapir.de\\\/fr\\\/?lang=en\\\/?s={search_term_string}\"},\"query-input\":{\"@type\":\"PropertyValueSpecification\",\"valueRequired\":true,\"valueName\":\"search_term_string\"}}],\"inLanguage\":\"fr-FR\"},{\"@type\":\"Organization\",\"@id\":\"https:\\\/\\\/tapir.de\\\/fr\\\/?lang=en\\\/#organization\",\"name\":\"Tapir Wachswaren\",\"url\":\"https:\\\/\\\/tapir.de\\\/fr\\\/?lang=en\\\/\",\"logo\":{\"@type\":\"ImageObject\",\"inLanguage\":\"fr-FR\",\"@id\":\"https:\\\/\\\/tapir.de\\\/fr\\\/?lang=en\\\/#\\\/schema\\\/logo\\\/image\\\/\",\"url\":\"https:\\\/\\\/tapir.de\\\/wp-content\\\/uploads\\\/2020\\\/11\\\/cropped-TAPIR_Wachswaren_logo.png\",\"contentUrl\":\"https:\\\/\\\/tapir.de\\\/wp-content\\\/uploads\\\/2020\\\/11\\\/cropped-TAPIR_Wachswaren_logo.png\",\"width\":512,\"height\":512,\"caption\":\"Tapir Wachswaren\"},\"image\":{\"@id\":\"https:\\\/\\\/tapir.de\\\/fr\\\/?lang=en\\\/#\\\/schema\\\/logo\\\/image\\\/\"},\"sameAs\":[\"https:\\\/\\\/www.facebook.com\\\/TapirWachswaren\\\/\",\"https:\\\/\\\/www.instagram.com\\\/tapir_pflegeprodukte\\\/?hl=de\"]}]}<\/script>\n<!-- \/ Yoast SEO plugin. -->","yoast_head_json":{"title":"Direction le canap\u00e9 ! - l\u2019ensemble d\u2019entretien pour le canap\u00e9 en cuir - Tapir Wachswaren","description":"Passons au canap\u00e9 \u2013 l\u2019ensemble d\u2019entretien pour le canap\u00e9 en cuir lisse \u2013 propre, graisse ou huileuse, c\u2019est l\u2019ensemble id\u00e9al pour votre canap\u00e9. Compl\u00e8tement naturel !","robots":{"index":"index","follow":"follow","max-snippet":"max-snippet:-1","max-image-preview":"max-image-preview:large","max-video-preview":"max-video-preview:-1"},"canonical":"https:\/\/tapir.de\/fr\/shop\/direction-le-canape-lensemble-dentretien-pour-le-canape-en-cuir\/","og_locale":"fr_FR","og_type":"article","og_title":"Direction le canap\u00e9 ! - l\u2019ensemble d\u2019entretien pour le canap\u00e9 en cuir - Tapir Wachswaren","og_description":"Passons au canap\u00e9 \u2013 l\u2019ensemble d\u2019entretien pour le canap\u00e9 en cuir lisse \u2013 propre, graisse ou huileuse, c\u2019est l\u2019ensemble id\u00e9al pour votre canap\u00e9. Compl\u00e8tement naturel !","og_url":"https:\/\/tapir.de\/fr\/shop\/direction-le-canape-lensemble-dentretien-pour-le-canape-en-cuir\/","og_site_name":"Tapir Wachswaren","article_publisher":"https:\/\/www.facebook.com\/TapirWachswaren\/","article_modified_time":"2026-01-26T12:05:49+00:00","og_image":[{"width":1920,"height":1285,"url":"https:\/\/tapir.de\/wp-content\/uploads\/2020\/11\/DSC_8371-scaled.jpeg","type":"image\/jpeg"}],"twitter_card":"summary_large_image","twitter_misc":{"Dur\u00e9e de lecture estim\u00e9e":"2 minutes"},"schema":{"@context":"https:\/\/schema.org","@graph":[{"@type":"WebPage","@id":"https:\/\/tapir.de\/fr\/shop\/direction-le-canape-lensemble-dentretien-pour-le-canape-en-cuir\/","url":"https:\/\/tapir.de\/fr\/shop\/direction-le-canape-lensemble-dentretien-pour-le-canape-en-cuir\/","name":"Direction le canap\u00e9 ! - l\u2019ensemble d\u2019entretien pour le canap\u00e9 en cuir - Tapir Wachswaren","isPartOf":{"@id":"https:\/\/tapir.de\/fr\/?lang=en\/#website"},"primaryImageOfPage":{"@id":"https:\/\/tapir.de\/fr\/shop\/direction-le-canape-lensemble-dentretien-pour-le-canape-en-cuir\/#primaryimage"},"image":{"@id":"https:\/\/tapir.de\/fr\/shop\/direction-le-canape-lensemble-dentretien-pour-le-canape-en-cuir\/#primaryimage"},"thumbnailUrl":"https:\/\/tapir.de\/wp-content\/uploads\/2020\/11\/DSC_8371-scaled.jpeg","datePublished":"2020-11-24T08:16:48+00:00","dateModified":"2026-01-26T12:05:49+00:00","description":"Passons au canap\u00e9 \u2013 l\u2019ensemble d\u2019entretien pour le canap\u00e9 en cuir lisse \u2013 propre, graisse ou huileuse, c\u2019est l\u2019ensemble id\u00e9al pour votre canap\u00e9. Compl\u00e8tement naturel !","breadcrumb":{"@id":"https:\/\/tapir.de\/fr\/shop\/direction-le-canape-lensemble-dentretien-pour-le-canape-en-cuir\/#breadcrumb"},"inLanguage":"fr-FR","potentialAction":[{"@type":"ReadAction","target":["https:\/\/tapir.de\/fr\/shop\/direction-le-canape-lensemble-dentretien-pour-le-canape-en-cuir\/"]}]},{"@type":"ImageObject","inLanguage":"fr-FR","@id":"https:\/\/tapir.de\/fr\/shop\/direction-le-canape-lensemble-dentretien-pour-le-canape-en-cuir\/#primaryimage","url":"https:\/\/tapir.de\/wp-content\/uploads\/2020\/11\/DSC_8371-scaled.jpeg","contentUrl":"https:\/\/tapir.de\/wp-content\/uploads\/2020\/11\/DSC_8371-scaled.jpeg","width":1920,"height":1285,"caption":"Comment prendre soin de mon canap\u00e9 en cuir de mani\u00e8re optimale avec Tapir"},{"@type":"BreadcrumbList","@id":"https:\/\/tapir.de\/fr\/shop\/direction-le-canape-lensemble-dentretien-pour-le-canape-en-cuir\/#breadcrumb","itemListElement":[{"@type":"ListItem","position":1,"name":"Startseite","item":"https:\/\/tapir.de\/fr\/"},{"@type":"ListItem","position":2,"name":"Boutique","item":"https:\/\/tapir.de\/fr\/boutique\/"},{"@type":"ListItem","position":3,"name":"Direction le canap\u00e9 ! &#8211; l\u2019ensemble d\u2019entretien pour le canap\u00e9 en cuir"}]},{"@type":"WebSite","@id":"https:\/\/tapir.de\/fr\/?lang=en\/#website","url":"https:\/\/tapir.de\/fr\/?lang=en\/","name":"Tapir Wachswaren","description":"Nat\u00fcrliche Pflegeprodukte f\u00fcr Leder, Textil und Holz","publisher":{"@id":"https:\/\/tapir.de\/fr\/?lang=en\/#organization"},"potentialAction":[{"@type":"SearchAction","target":{"@type":"EntryPoint","urlTemplate":"https:\/\/tapir.de\/fr\/?lang=en\/?s={search_term_string}"},"query-input":{"@type":"PropertyValueSpecification","valueRequired":true,"valueName":"search_term_string"}}],"inLanguage":"fr-FR"},{"@type":"Organization","@id":"https:\/\/tapir.de\/fr\/?lang=en\/#organization","name":"Tapir Wachswaren","url":"https:\/\/tapir.de\/fr\/?lang=en\/","logo":{"@type":"ImageObject","inLanguage":"fr-FR","@id":"https:\/\/tapir.de\/fr\/?lang=en\/#\/schema\/logo\/image\/","url":"https:\/\/tapir.de\/wp-content\/uploads\/2020\/11\/cropped-TAPIR_Wachswaren_logo.png","contentUrl":"https:\/\/tapir.de\/wp-content\/uploads\/2020\/11\/cropped-TAPIR_Wachswaren_logo.png","width":512,"height":512,"caption":"Tapir Wachswaren"},"image":{"@id":"https:\/\/tapir.de\/fr\/?lang=en\/#\/schema\/logo\/image\/"},"sameAs":["https:\/\/www.facebook.com\/TapirWachswaren\/","https:\/\/www.instagram.com\/tapir_pflegeprodukte\/?hl=de"]}]}},"_links":{"self":[{"href":"https:\/\/tapir.de\/fr\/wp-json\/wp\/v2\/product\/20805","targetHints":{"allow":["GET"]}}],"collection":[{"href":"https:\/\/tapir.de\/fr\/wp-json\/wp\/v2\/product"}],"about":[{"href":"https:\/\/tapir.de\/fr\/wp-json\/wp\/v2\/types\/product"}],"wp:featuredmedia":[{"embeddable":true,"href":"https:\/\/tapir.de\/fr\/wp-json\/wp\/v2\/media\/20806"}],"wp:attachment":[{"href":"https:\/\/tapir.de\/fr\/wp-json\/wp\/v2\/media?parent=20805"}],"wp:term":[{"taxonomy":"product_brand","embeddable":true,"href":"https:\/\/tapir.de\/fr\/wp-json\/wp\/v2\/product_brand?post=20805"},{"taxonomy":"product_cat","embeddable":true,"href":"https:\/\/tapir.de\/fr\/wp-json\/wp\/v2\/product_cat?post=20805"},{"taxonomy":"product_tag","embeddable":true,"href":"https:\/\/tapir.de\/fr\/wp-json\/wp\/v2\/product_tag?post=20805"}],"curies":[{"name":"wp","href":"https:\/\/api.w.org\/{rel}","templated":true}]}}