{"id":20799,"date":"2020-11-25T10:04:26","date_gmt":"2020-11-25T09:04:26","guid":{"rendered":"https:\/\/tapir.de\/shop\/apparence-brillante-le-set-de-soins-pour-la-brillance\/"},"modified":"2026-01-26T13:05:48","modified_gmt":"2026-01-26T12:05:48","slug":"apparence-brillante-le-set-de-soins-pour-la-brillance","status":"publish","type":"product","link":"https:\/\/tapir.de\/fr\/shop\/apparence-brillante-le-set-de-soins-pour-la-brillance\/","title":{"rendered":"Apparence brillante \u2013 le set de soins pour la brillance"},"content":{"rendered":"<h1><strong><span style=\"color: #940404;\">Aspect brillant \u2013 le set de soins <span style=\"caret-color: #940404;\">pour chaussures pour<\/span> la brillance !<\/span><\/strong><\/h1>\n<h3>Brillance parfaite et soins durables<\/h3>\n<p>Assurez-vous que vos chaussures brillent dans toutes les situations ! Le Tapir Shoe Care Set \u00ab Shiny Appearance \u00bb est un incontournable absolu pour les passionn\u00e9s de chaussures qui valorisent la qualit\u00e9, la durabilit\u00e9 et une apparence parfaite. Avec nos produits de soin soigneusement coordonn\u00e9s, vous offrez non seulement une protection \u00e0 vos chaussures, mais aussi l\u2019\u00e9clat irr\u00e9sistible qui en fait un v\u00e9ritable plaisir.  <\/p>\n<h4><strong>Baume en cuir de tapir \u2013 Pour l\u2019\u00e9clat et la protection du miroir<\/strong><\/h4>\n<p>Le c\u0153ur de notre set ! Le baume Tapir Leather donne \u00e0 vos chaussures en cuir lisse une couche de cire brillante, non seulement r\u00e9pugnant, mais aussi souple au cuir. Avec une petite quantit\u00e9, appliqu\u00e9e avec notre tissu coton tapir ou le pinceau d\u2019application pour tapir, vous pouvez obtenir une finition luxueuse qui r\u00e9pond aux exigences les plus \u00e9lev\u00e9es.  <\/p>\n<h4><strong>Cirage brillant \u2013 l\u2019effet waouh pour vos chaussures<\/strong><\/h4>\n<p>Vivez une splendeur radieuse comme jamais auparavant ! Avec la brosse fine en poil de ch\u00e8vre de tapir et une touche de vinaigre, ou la m\u00e9thode traditionnelle avec de la salive, vous pouvez donner un brillant \u00e0 vos chaussures. Un m\u00e9lange de patience, de pr\u00e9cision et de passion transforme vos chaussures en v\u00e9ritables p\u00e9pites.  <\/p>\n<h4><strong>Entretien de la semelle en cuir de tapir \u2013 Pour les chaussures qui procurent du plaisir pendant longtemps<\/strong><\/h4>\n<p>N\u2019oubliez pas la base : des semelles en cuir bien entretenues ! Notre entretien de semelles en cuir de tapir p\u00e9n\u00e8tre profond\u00e9ment dans le cuir, le garde souple et le prot\u00e8ge de mani\u00e8re fiable contre l\u2019humidit\u00e9. Il suffit d\u2019appliquer, de laisser s\u00e9cher, et vos chaussures sont bien \u00e9quip\u00e9es pour un usage quotidien.  <\/p>\n<h4><strong>Bien s\u00fbr. Durable. Tapir.  <\/strong><\/h4>\n<p>La durabilit\u00e9 est une priorit\u00e9 majeure chez Tapir. Nos produits sont certifi\u00e9s NCP, emball\u00e9s de mani\u00e8re \u00e9cologique et sont compos\u00e9s exclusivement de mati\u00e8res premi\u00e8res naturelles et renouvelables. Pour que vous puissiez prendre soin de vos chaussures la conscience tranquille \u2013 pour une apparence brillante !  <\/p>\n<p>Choisissez le Tapir Shoe Care Care Set et portez vos chaussures \u00e0 un nouveau niveau \u2013 avec une qualit\u00e9 qui inspire !<\/p>\n<h3>L\u2019ensemble contient :<\/h3>\n<ul>\n<li>Baume en cuir de tapir, 85 ml<\/li>\n<li>Entretien de semelles en cuir de tapire, 100 ml<\/li>\n<li>Une brosse en poils de ch\u00e8vre<\/li>\n<li>Un tissu en coton tapir<\/li>\n<li>Un pinceau d\u2019application lumineux<\/li>\n<li>1 brosse<\/li>\n<li>Un petit chaussure<\/li>\n<\/ul>\n<p>Chouchoutez vos chaussures avec les bons soins et d\u00e9couvrez un \u00e9clat radieux et une beaut\u00e9 durable !<\/p>\n","protected":false},"excerpt":{"rendered":"<p>Un jeu pour la brillance de la chaussure !<\/p>\n","protected":false},"featured_media":20800,"template":"","meta":[],"product_brand":[],"product_cat":[923],"product_tag":[920],"class_list":{"0":"post-20799","1":"product","2":"type-product","3":"status-publish","4":"has-post-thumbnail","6":"product_cat-kits-de-soins","7":"product_tag-cuir-lisse","9":"first","10":"instock","11":"sale","12":"taxable","13":"shipping-taxable","14":"purchasable","15":"product-type-simple"},"yoast_head":"<!-- This site is optimized with the Yoast SEO plugin v27.4 - https:\/\/yoast.com\/product\/yoast-seo-wordpress\/ -->\n<title>Apparence brillante - le set de soins pour la brillance - Tapir Wachswaren<\/title>\n<meta name=\"description\" content=\"Chaussures radiantes avec le kit de cirage pour la brillance. Des soins de la semelle en cuir, des pinceaux au baume pour cuir \u2013 le set naturel de brillance !\" \/>\n<meta name=\"robots\" content=\"index, follow, max-snippet:-1, max-image-preview:large, max-video-preview:-1\" \/>\n<link rel=\"canonical\" href=\"https:\/\/tapir.de\/fr\/shop\/apparence-brillante-le-set-de-soins-pour-la-brillance\/\" \/>\n<meta property=\"og:locale\" content=\"fr_FR\" \/>\n<meta property=\"og:type\" content=\"article\" \/>\n<meta property=\"og:title\" content=\"Apparence brillante - le set de soins pour la brillance - Tapir Wachswaren\" \/>\n<meta property=\"og:description\" content=\"Chaussures radiantes avec le kit de cirage pour la brillance. Des soins de la semelle en cuir, des pinceaux au baume pour cuir \u2013 le set naturel de brillance !\" \/>\n<meta property=\"og:url\" content=\"https:\/\/tapir.de\/fr\/shop\/apparence-brillante-le-set-de-soins-pour-la-brillance\/\" \/>\n<meta property=\"og:site_name\" content=\"Tapir Wachswaren\" \/>\n<meta property=\"article:publisher\" content=\"https:\/\/www.facebook.com\/TapirWachswaren\/\" \/>\n<meta property=\"article:modified_time\" content=\"2026-01-26T12:05:48+00:00\" \/>\n<meta property=\"og:image\" content=\"https:\/\/tapir.de\/wp-content\/uploads\/2020\/11\/DSC_8458-1-scaled.jpeg\" \/>\n\t<meta property=\"og:image:width\" content=\"1920\" \/>\n\t<meta property=\"og:image:height\" content=\"1213\" \/>\n\t<meta property=\"og:image:type\" content=\"image\/jpeg\" \/>\n<meta name=\"twitter:card\" content=\"summary_large_image\" \/>\n<meta name=\"twitter:label1\" content=\"Dur\u00e9e de lecture estim\u00e9e\" \/>\n\t<meta name=\"twitter:data1\" content=\"2 minutes\" \/>\n<script type=\"application\/ld+json\" class=\"yoast-schema-graph\">{\"@context\":\"https:\\\/\\\/schema.org\",\"@graph\":[{\"@type\":\"WebPage\",\"@id\":\"https:\\\/\\\/tapir.de\\\/fr\\\/shop\\\/apparence-brillante-le-set-de-soins-pour-la-brillance\\\/\",\"url\":\"https:\\\/\\\/tapir.de\\\/fr\\\/shop\\\/apparence-brillante-le-set-de-soins-pour-la-brillance\\\/\",\"name\":\"Apparence brillante - le set de soins pour la brillance - Tapir Wachswaren\",\"isPartOf\":{\"@id\":\"https:\\\/\\\/tapir.de\\\/fr\\\/?lang=en\\\/#website\"},\"primaryImageOfPage\":{\"@id\":\"https:\\\/\\\/tapir.de\\\/fr\\\/shop\\\/apparence-brillante-le-set-de-soins-pour-la-brillance\\\/#primaryimage\"},\"image\":{\"@id\":\"https:\\\/\\\/tapir.de\\\/fr\\\/shop\\\/apparence-brillante-le-set-de-soins-pour-la-brillance\\\/#primaryimage\"},\"thumbnailUrl\":\"https:\\\/\\\/tapir.de\\\/wp-content\\\/uploads\\\/2020\\\/11\\\/DSC_8458-1-scaled.jpeg\",\"datePublished\":\"2020-11-25T09:04:26+00:00\",\"dateModified\":\"2026-01-26T12:05:48+00:00\",\"description\":\"Chaussures radiantes avec le kit de cirage pour la brillance. Des soins de la semelle en cuir, des pinceaux au baume pour cuir \u2013 le set naturel de brillance !\",\"breadcrumb\":{\"@id\":\"https:\\\/\\\/tapir.de\\\/fr\\\/shop\\\/apparence-brillante-le-set-de-soins-pour-la-brillance\\\/#breadcrumb\"},\"inLanguage\":\"fr-FR\",\"potentialAction\":[{\"@type\":\"ReadAction\",\"target\":[\"https:\\\/\\\/tapir.de\\\/fr\\\/shop\\\/apparence-brillante-le-set-de-soins-pour-la-brillance\\\/\"]}]},{\"@type\":\"ImageObject\",\"inLanguage\":\"fr-FR\",\"@id\":\"https:\\\/\\\/tapir.de\\\/fr\\\/shop\\\/apparence-brillante-le-set-de-soins-pour-la-brillance\\\/#primaryimage\",\"url\":\"https:\\\/\\\/tapir.de\\\/wp-content\\\/uploads\\\/2020\\\/11\\\/DSC_8458-1-scaled.jpeg\",\"contentUrl\":\"https:\\\/\\\/tapir.de\\\/wp-content\\\/uploads\\\/2020\\\/11\\\/DSC_8458-1-scaled.jpeg\",\"width\":1920,\"height\":1213,\"caption\":\"Ensemble d\u2019entretien \u00e0 haute luminosit\u00e9\"},{\"@type\":\"BreadcrumbList\",\"@id\":\"https:\\\/\\\/tapir.de\\\/fr\\\/shop\\\/apparence-brillante-le-set-de-soins-pour-la-brillance\\\/#breadcrumb\",\"itemListElement\":[{\"@type\":\"ListItem\",\"position\":1,\"name\":\"Startseite\",\"item\":\"https:\\\/\\\/tapir.de\\\/fr\\\/\"},{\"@type\":\"ListItem\",\"position\":2,\"name\":\"Boutique\",\"item\":\"https:\\\/\\\/tapir.de\\\/fr\\\/boutique\\\/\"},{\"@type\":\"ListItem\",\"position\":3,\"name\":\"Apparence brillante &#8211; le set de soins pour la brillance\"}]},{\"@type\":\"WebSite\",\"@id\":\"https:\\\/\\\/tapir.de\\\/fr\\\/?lang=en\\\/#website\",\"url\":\"https:\\\/\\\/tapir.de\\\/fr\\\/?lang=en\\\/\",\"name\":\"Tapir Wachswaren\",\"description\":\"Nat\u00fcrliche Pflegeprodukte f\u00fcr Leder, Textil und Holz\",\"publisher\":{\"@id\":\"https:\\\/\\\/tapir.de\\\/fr\\\/?lang=en\\\/#organization\"},\"potentialAction\":[{\"@type\":\"SearchAction\",\"target\":{\"@type\":\"EntryPoint\",\"urlTemplate\":\"https:\\\/\\\/tapir.de\\\/fr\\\/?lang=en\\\/?s={search_term_string}\"},\"query-input\":{\"@type\":\"PropertyValueSpecification\",\"valueRequired\":true,\"valueName\":\"search_term_string\"}}],\"inLanguage\":\"fr-FR\"},{\"@type\":\"Organization\",\"@id\":\"https:\\\/\\\/tapir.de\\\/fr\\\/?lang=en\\\/#organization\",\"name\":\"Tapir Wachswaren\",\"url\":\"https:\\\/\\\/tapir.de\\\/fr\\\/?lang=en\\\/\",\"logo\":{\"@type\":\"ImageObject\",\"inLanguage\":\"fr-FR\",\"@id\":\"https:\\\/\\\/tapir.de\\\/fr\\\/?lang=en\\\/#\\\/schema\\\/logo\\\/image\\\/\",\"url\":\"https:\\\/\\\/tapir.de\\\/wp-content\\\/uploads\\\/2020\\\/11\\\/cropped-TAPIR_Wachswaren_logo.png\",\"contentUrl\":\"https:\\\/\\\/tapir.de\\\/wp-content\\\/uploads\\\/2020\\\/11\\\/cropped-TAPIR_Wachswaren_logo.png\",\"width\":512,\"height\":512,\"caption\":\"Tapir Wachswaren\"},\"image\":{\"@id\":\"https:\\\/\\\/tapir.de\\\/fr\\\/?lang=en\\\/#\\\/schema\\\/logo\\\/image\\\/\"},\"sameAs\":[\"https:\\\/\\\/www.facebook.com\\\/TapirWachswaren\\\/\",\"https:\\\/\\\/www.instagram.com\\\/tapir_pflegeprodukte\\\/?hl=de\"]}]}<\/script>\n<!-- \/ Yoast SEO plugin. -->","yoast_head_json":{"title":"Apparence brillante - le set de soins pour la brillance - Tapir Wachswaren","description":"Chaussures radiantes avec le kit de cirage pour la brillance. Des soins de la semelle en cuir, des pinceaux au baume pour cuir \u2013 le set naturel de brillance !","robots":{"index":"index","follow":"follow","max-snippet":"max-snippet:-1","max-image-preview":"max-image-preview:large","max-video-preview":"max-video-preview:-1"},"canonical":"https:\/\/tapir.de\/fr\/shop\/apparence-brillante-le-set-de-soins-pour-la-brillance\/","og_locale":"fr_FR","og_type":"article","og_title":"Apparence brillante - le set de soins pour la brillance - Tapir Wachswaren","og_description":"Chaussures radiantes avec le kit de cirage pour la brillance. Des soins de la semelle en cuir, des pinceaux au baume pour cuir \u2013 le set naturel de brillance !","og_url":"https:\/\/tapir.de\/fr\/shop\/apparence-brillante-le-set-de-soins-pour-la-brillance\/","og_site_name":"Tapir Wachswaren","article_publisher":"https:\/\/www.facebook.com\/TapirWachswaren\/","article_modified_time":"2026-01-26T12:05:48+00:00","og_image":[{"width":1920,"height":1213,"url":"https:\/\/tapir.de\/wp-content\/uploads\/2020\/11\/DSC_8458-1-scaled.jpeg","type":"image\/jpeg"}],"twitter_card":"summary_large_image","twitter_misc":{"Dur\u00e9e de lecture estim\u00e9e":"2 minutes"},"schema":{"@context":"https:\/\/schema.org","@graph":[{"@type":"WebPage","@id":"https:\/\/tapir.de\/fr\/shop\/apparence-brillante-le-set-de-soins-pour-la-brillance\/","url":"https:\/\/tapir.de\/fr\/shop\/apparence-brillante-le-set-de-soins-pour-la-brillance\/","name":"Apparence brillante - le set de soins pour la brillance - Tapir Wachswaren","isPartOf":{"@id":"https:\/\/tapir.de\/fr\/?lang=en\/#website"},"primaryImageOfPage":{"@id":"https:\/\/tapir.de\/fr\/shop\/apparence-brillante-le-set-de-soins-pour-la-brillance\/#primaryimage"},"image":{"@id":"https:\/\/tapir.de\/fr\/shop\/apparence-brillante-le-set-de-soins-pour-la-brillance\/#primaryimage"},"thumbnailUrl":"https:\/\/tapir.de\/wp-content\/uploads\/2020\/11\/DSC_8458-1-scaled.jpeg","datePublished":"2020-11-25T09:04:26+00:00","dateModified":"2026-01-26T12:05:48+00:00","description":"Chaussures radiantes avec le kit de cirage pour la brillance. Des soins de la semelle en cuir, des pinceaux au baume pour cuir \u2013 le set naturel de brillance !","breadcrumb":{"@id":"https:\/\/tapir.de\/fr\/shop\/apparence-brillante-le-set-de-soins-pour-la-brillance\/#breadcrumb"},"inLanguage":"fr-FR","potentialAction":[{"@type":"ReadAction","target":["https:\/\/tapir.de\/fr\/shop\/apparence-brillante-le-set-de-soins-pour-la-brillance\/"]}]},{"@type":"ImageObject","inLanguage":"fr-FR","@id":"https:\/\/tapir.de\/fr\/shop\/apparence-brillante-le-set-de-soins-pour-la-brillance\/#primaryimage","url":"https:\/\/tapir.de\/wp-content\/uploads\/2020\/11\/DSC_8458-1-scaled.jpeg","contentUrl":"https:\/\/tapir.de\/wp-content\/uploads\/2020\/11\/DSC_8458-1-scaled.jpeg","width":1920,"height":1213,"caption":"Ensemble d\u2019entretien \u00e0 haute luminosit\u00e9"},{"@type":"BreadcrumbList","@id":"https:\/\/tapir.de\/fr\/shop\/apparence-brillante-le-set-de-soins-pour-la-brillance\/#breadcrumb","itemListElement":[{"@type":"ListItem","position":1,"name":"Startseite","item":"https:\/\/tapir.de\/fr\/"},{"@type":"ListItem","position":2,"name":"Boutique","item":"https:\/\/tapir.de\/fr\/boutique\/"},{"@type":"ListItem","position":3,"name":"Apparence brillante &#8211; le set de soins pour la brillance"}]},{"@type":"WebSite","@id":"https:\/\/tapir.de\/fr\/?lang=en\/#website","url":"https:\/\/tapir.de\/fr\/?lang=en\/","name":"Tapir Wachswaren","description":"Nat\u00fcrliche Pflegeprodukte f\u00fcr Leder, Textil und Holz","publisher":{"@id":"https:\/\/tapir.de\/fr\/?lang=en\/#organization"},"potentialAction":[{"@type":"SearchAction","target":{"@type":"EntryPoint","urlTemplate":"https:\/\/tapir.de\/fr\/?lang=en\/?s={search_term_string}"},"query-input":{"@type":"PropertyValueSpecification","valueRequired":true,"valueName":"search_term_string"}}],"inLanguage":"fr-FR"},{"@type":"Organization","@id":"https:\/\/tapir.de\/fr\/?lang=en\/#organization","name":"Tapir Wachswaren","url":"https:\/\/tapir.de\/fr\/?lang=en\/","logo":{"@type":"ImageObject","inLanguage":"fr-FR","@id":"https:\/\/tapir.de\/fr\/?lang=en\/#\/schema\/logo\/image\/","url":"https:\/\/tapir.de\/wp-content\/uploads\/2020\/11\/cropped-TAPIR_Wachswaren_logo.png","contentUrl":"https:\/\/tapir.de\/wp-content\/uploads\/2020\/11\/cropped-TAPIR_Wachswaren_logo.png","width":512,"height":512,"caption":"Tapir Wachswaren"},"image":{"@id":"https:\/\/tapir.de\/fr\/?lang=en\/#\/schema\/logo\/image\/"},"sameAs":["https:\/\/www.facebook.com\/TapirWachswaren\/","https:\/\/www.instagram.com\/tapir_pflegeprodukte\/?hl=de"]}]}},"_links":{"self":[{"href":"https:\/\/tapir.de\/fr\/wp-json\/wp\/v2\/product\/20799","targetHints":{"allow":["GET"]}}],"collection":[{"href":"https:\/\/tapir.de\/fr\/wp-json\/wp\/v2\/product"}],"about":[{"href":"https:\/\/tapir.de\/fr\/wp-json\/wp\/v2\/types\/product"}],"wp:featuredmedia":[{"embeddable":true,"href":"https:\/\/tapir.de\/fr\/wp-json\/wp\/v2\/media\/20800"}],"wp:attachment":[{"href":"https:\/\/tapir.de\/fr\/wp-json\/wp\/v2\/media?parent=20799"}],"wp:term":[{"taxonomy":"product_brand","embeddable":true,"href":"https:\/\/tapir.de\/fr\/wp-json\/wp\/v2\/product_brand?post=20799"},{"taxonomy":"product_cat","embeddable":true,"href":"https:\/\/tapir.de\/fr\/wp-json\/wp\/v2\/product_cat?post=20799"},{"taxonomy":"product_tag","embeddable":true,"href":"https:\/\/tapir.de\/fr\/wp-json\/wp\/v2\/product_tag?post=20799"}],"curies":[{"name":"wp","href":"https:\/\/api.w.org\/{rel}","templated":true}]}}