{"id":20786,"date":"2021-07-22T11:23:51","date_gmt":"2021-07-22T09:23:51","guid":{"rendered":"https:\/\/tapir.de\/shop\/impregnation-du-cuir-pour-le-cuir-lisse\/"},"modified":"2026-01-26T13:05:47","modified_gmt":"2026-01-26T12:05:47","slug":"impregnation-du-cuir-pour-le-cuir-lisse","status":"publish","type":"product","link":"https:\/\/tapir.de\/fr\/shop\/impregnation-du-cuir-pour-le-cuir-lisse\/","title":{"rendered":"Impr\u00e9gnation du cuir pour le cuir lisse"},"content":{"rendered":"<p><span style=\"color: #a90533; font-size: 120%;\"><strong>L\u2019impr\u00e9gnation du cuir pour le cuir lisse<\/strong><\/span><\/p>\n<p>Notre impr\u00e9gnation cuir pour cuir lisse, fabriqu\u00e9e \u00e0 partir de mati\u00e8res premi\u00e8res purement naturelles, offre une protection \u00e9cologique pour vos pr\u00e9cieuses chaussures en cuir lisse. En utilisant des ingr\u00e9dients naturels, tels que la lanoline, la stearine, l\u2019huile de jojoba et l\u2019huile d\u2019orange, nous cr\u00e9ons une formule imperm\u00e9abilissante efficace, \u00e0 la fois douce envers l\u2019environnement et douce pour le cuir. <\/p>\n<p>Notre impr\u00e9gnation de cuir lisse pour pulv\u00e9risation cr\u00e9e une barri\u00e8re invisible \u00e0 la surface du cuir lisse, repoussant l\u2019eau, la salet\u00e9 et les taches sans compromettre la respirabilit\u00e9 naturelle du mat\u00e9riau. Il suffit de vaporiser, de laisser poser et de masser le cuir avec un <a href=\"https:\/\/tapir.de\/shop\/auftragsbuerste-helles-rosshaar\/\">pinceau d\u2019application<\/a> Tapir. Les chaussures sont donc parfaitement prot\u00e9g\u00e9es.  <\/p>\n<p><strong>Tapir se concentre sur la durabilit\u00e9.<\/strong> Depuis des ann\u00e9es, l\u2019ensemble du champ de tir est strictement certifi\u00e9 selon <a href=\"https:\/\/gfaw.eu\/ncp\/\">le NCP<\/a> . Les produits sont tous fabriqu\u00e9s avec des emballages respectueux de l\u2019environnement et les recettes sont exclusivement compos\u00e9es de mati\u00e8res premi\u00e8res naturellement renouvelables. C\u2019est donc un plaisir de cirer vos chaussures !  <\/p>\n<p><span style=\"font-size: 120%; color: #a90533;\"><strong>Caract\u00e9ristiques du produit :<\/strong><\/span><\/p>\n<ul>\n<li>pour les chaussures en cuir lisse<\/li>\n<li>est hydrofuge<\/li>\n<li>Faits main en Allemagne<\/li>\n<li>Contenu : bouteille en verre de 100 ml avec atomiseur \u00e0 pompe<\/li>\n<li>Durablement \u00e9cologiquement constant<\/li>\n<li>fabriqu\u00e9 \u00e0 partir de mati\u00e8res premi\u00e8res naturelles<\/li>\n<li><a href=\"https:\/\/gfaw.eu\/ncp\/\">NCP<\/a> Certification<\/li>\n<\/ul>\n<p><big><small><span style=\"font-size: 110%;\"><strong><span style=\"color: #a90533;\">Application :<\/span><\/strong><\/span><br \/>\nD\u2019abord, nettoyez les chaussures en cuir lisse et sales. Pour nettoyer les chaussures sales, nous recommandons d\u2019utiliser une <a href=\"https:\/\/tapir.de\/shop\/schmutzbuerste-16-cm-mit-fibre-borste\">brosse \u00e0 poussi\u00e8re<\/a> ou notre <a href=\"https:\/\/tapir.de\/shop\/leder-u-sattelseife\">savon Tapir Leather and Saddle<\/a>. L\u2019impr\u00e9gnation cuir pour le cuir lisse peut \u00eatre int\u00e9gr\u00e9e \u00e0 la chaussure humide, mais aussi appliqu\u00e9e \u00e0 la chaussure s\u00e8che. Secouez bien la bouteille avant l\u2019utilisation. Puis vaporisez l\u2019impr\u00e9gnation uniform\u00e9ment sur le cuir \u00e0 une distance d\u2019environ 20 \u00e0 30 cm. Notez que le motif de pulv\u00e9risation n\u2019est pas toujours parfaitement uniforme et que des gouttelettes peuvent se former. Ces gouttelettes doivent \u00eatre imm\u00e9diatement r\u00e9parties uniform\u00e9ment sur le cuir avec notre <a href=\"https:\/\/tapir.de\/shop\/tapir-quellschwamm\/\">\u00e9ponge pour le gonflement pour tapir<\/a> ou un <a href=\"https:\/\/tapir.de\/shop\/runde-auftragsbuerste-dunkles-rosshaar\/\">pinceau d\u2019application pour tapir<\/a> . Puis laissez s\u00e9cher le cuir bri\u00e8vement. Ensuite, utilisez un <a href=\"https:\/\/tapir.de\/fr\/shop\/brosse-brillante-avec-crin-de-cheval-brun-a-fentes\/\">pinceau Tapir gloss<\/a> pour polir le cuir jusqu\u2019\u00e0 obtenir un brillant \u00e9lev\u00e9. Offrez \u00e0 vos chaussures les meilleurs soins possibles gr\u00e2ce \u00e0 nos produits de haute qualit\u00e9 pour une beaut\u00e9 et une qualit\u00e9 durables.<br \/>\n<\/small><\/big><\/p>\n<p>&nbsp;<\/p>\n<p><small><big><strong><span style=\"color: #333333;\">INGR\u00c9DIENTS :<\/span><\/strong> Lanoline*, huile de jojoba, st\u00e9arine v\u00e9g\u00e9tale, huile d\u2019orange, spiritueux d\u2019ammoniac, eau.<br \/>\n*Sans pesticides<\/big><\/small><\/p>\n","protected":false},"excerpt":{"rendered":"<p>L\u2019impr\u00e9gnation Tapir pour le cuir lisse pour pulv\u00e9risation offre une protection optimale pour vos chaussures et articles en cuir.<\/p>\n","protected":false},"featured_media":20794,"template":"","meta":[],"product_brand":[],"product_cat":[919],"product_tag":[922,920,921],"class_list":{"0":"post-20786","1":"product","2":"type-product","3":"status-publish","4":"has-post-thumbnail","6":"product_cat-impregnation-du-cuir","7":"product_tag-brossage","8":"product_tag-cuir-lisse","9":"product_tag-fecondation","10":"pa_geeignet-fuer-chaussures","11":"pa_geeignet-fuer-chaussures-denfants","12":"pa_geeignet-fuer-chaussures-de-bateau","13":"pa_geeignet-fuer-chaussures-de-travail","14":"pa_geeignet-fuer-chaussures-elegantes","15":"pa_geeignet-fuer-chaussures-orthopediques","16":"pa_geeignet-fuer-chaussures-pieds-nus","17":"pa_geeignet-fuer-chaussures-pour-femmes","18":"pa_geeignet-fuer-chaussures-pour-hommes","19":"pa_geeignet-fuer-chaussures-professionnelles","20":"pa_geeignet-fuer-chaussures-sur-mesure","22":"first","23":"instock","24":"taxable","25":"shipping-taxable","26":"purchasable","27":"product-type-simple"},"yoast_head":"<!-- This site is optimized with the Yoast SEO plugin v27.4 - https:\/\/yoast.com\/product\/yoast-seo-wordpress\/ -->\n<title>Impr\u00e9gnation du cuir pour le cuir lisse - Tapir Wachswaren<\/title>\n<meta name=\"description\" content=\"D\u00e9couvrez l\u2019impr\u00e9gnation du cuir pour un cuir lisse fabriqu\u00e9 \u00e0 partir de mati\u00e8res premi\u00e8res naturelles. Entretien r\u00e9gulier des chaussures en cuir lisse, durable avec l\u2019entretien des chaussures Tapir.\" \/>\n<meta name=\"robots\" content=\"index, follow, max-snippet:-1, max-image-preview:large, max-video-preview:-1\" \/>\n<link rel=\"canonical\" href=\"https:\/\/tapir.de\/fr\/shop\/impregnation-du-cuir-pour-le-cuir-lisse\/\" \/>\n<meta property=\"og:locale\" content=\"fr_FR\" \/>\n<meta property=\"og:type\" content=\"article\" \/>\n<meta property=\"og:title\" content=\"Impr\u00e9gnation du cuir pour le cuir lisse - Tapir Wachswaren\" \/>\n<meta property=\"og:description\" content=\"D\u00e9couvrez l\u2019impr\u00e9gnation du cuir pour un cuir lisse fabriqu\u00e9 \u00e0 partir de mati\u00e8res premi\u00e8res naturelles. Entretien r\u00e9gulier des chaussures en cuir lisse, durable avec l\u2019entretien des chaussures Tapir.\" \/>\n<meta property=\"og:url\" content=\"https:\/\/tapir.de\/fr\/shop\/impregnation-du-cuir-pour-le-cuir-lisse\/\" \/>\n<meta property=\"og:site_name\" content=\"Tapir Wachswaren\" \/>\n<meta property=\"article:publisher\" content=\"https:\/\/www.facebook.com\/TapirWachswaren\/\" \/>\n<meta property=\"article:modified_time\" content=\"2026-01-26T12:05:47+00:00\" \/>\n<meta property=\"og:image\" content=\"https:\/\/tapir.de\/wp-content\/uploads\/2020\/05\/40100-Lederimpraegnierung-Glattleder-Tapir.jpg\" \/>\n\t<meta property=\"og:image:width\" content=\"1500\" \/>\n\t<meta property=\"og:image:height\" content=\"1500\" \/>\n\t<meta property=\"og:image:type\" content=\"image\/jpeg\" \/>\n<meta name=\"twitter:card\" content=\"summary_large_image\" \/>\n<meta name=\"twitter:label1\" content=\"Dur\u00e9e de lecture estim\u00e9e\" \/>\n\t<meta name=\"twitter:data1\" content=\"2 minutes\" \/>\n<script type=\"application\/ld+json\" class=\"yoast-schema-graph\">{\"@context\":\"https:\\\/\\\/schema.org\",\"@graph\":[{\"@type\":\"WebPage\",\"@id\":\"https:\\\/\\\/tapir.de\\\/fr\\\/shop\\\/impregnation-du-cuir-pour-le-cuir-lisse\\\/\",\"url\":\"https:\\\/\\\/tapir.de\\\/fr\\\/shop\\\/impregnation-du-cuir-pour-le-cuir-lisse\\\/\",\"name\":\"Impr\u00e9gnation du cuir pour le cuir lisse - Tapir Wachswaren\",\"isPartOf\":{\"@id\":\"https:\\\/\\\/tapir.de\\\/fr\\\/?lang=en\\\/#website\"},\"primaryImageOfPage\":{\"@id\":\"https:\\\/\\\/tapir.de\\\/fr\\\/shop\\\/impregnation-du-cuir-pour-le-cuir-lisse\\\/#primaryimage\"},\"image\":{\"@id\":\"https:\\\/\\\/tapir.de\\\/fr\\\/shop\\\/impregnation-du-cuir-pour-le-cuir-lisse\\\/#primaryimage\"},\"thumbnailUrl\":\"https:\\\/\\\/tapir.de\\\/wp-content\\\/uploads\\\/2020\\\/05\\\/40100-Lederimpraegnierung-Glattleder-Tapir.jpg\",\"datePublished\":\"2021-07-22T09:23:51+00:00\",\"dateModified\":\"2026-01-26T12:05:47+00:00\",\"description\":\"D\u00e9couvrez l\u2019impr\u00e9gnation du cuir pour un cuir lisse fabriqu\u00e9 \u00e0 partir de mati\u00e8res premi\u00e8res naturelles. Entretien r\u00e9gulier des chaussures en cuir lisse, durable avec l\u2019entretien des chaussures Tapir.\",\"breadcrumb\":{\"@id\":\"https:\\\/\\\/tapir.de\\\/fr\\\/shop\\\/impregnation-du-cuir-pour-le-cuir-lisse\\\/#breadcrumb\"},\"inLanguage\":\"fr-FR\",\"potentialAction\":[{\"@type\":\"ReadAction\",\"target\":[\"https:\\\/\\\/tapir.de\\\/fr\\\/shop\\\/impregnation-du-cuir-pour-le-cuir-lisse\\\/\"]}]},{\"@type\":\"ImageObject\",\"inLanguage\":\"fr-FR\",\"@id\":\"https:\\\/\\\/tapir.de\\\/fr\\\/shop\\\/impregnation-du-cuir-pour-le-cuir-lisse\\\/#primaryimage\",\"url\":\"https:\\\/\\\/tapir.de\\\/wp-content\\\/uploads\\\/2020\\\/05\\\/40100-Lederimpraegnierung-Glattleder-Tapir.jpg\",\"contentUrl\":\"https:\\\/\\\/tapir.de\\\/wp-content\\\/uploads\\\/2020\\\/05\\\/40100-Lederimpraegnierung-Glattleder-Tapir.jpg\",\"width\":1500,\"height\":1500},{\"@type\":\"BreadcrumbList\",\"@id\":\"https:\\\/\\\/tapir.de\\\/fr\\\/shop\\\/impregnation-du-cuir-pour-le-cuir-lisse\\\/#breadcrumb\",\"itemListElement\":[{\"@type\":\"ListItem\",\"position\":1,\"name\":\"Startseite\",\"item\":\"https:\\\/\\\/tapir.de\\\/fr\\\/\"},{\"@type\":\"ListItem\",\"position\":2,\"name\":\"Boutique\",\"item\":\"https:\\\/\\\/tapir.de\\\/fr\\\/boutique\\\/\"},{\"@type\":\"ListItem\",\"position\":3,\"name\":\"Impr\u00e9gnation du cuir pour le cuir lisse\"}]},{\"@type\":\"WebSite\",\"@id\":\"https:\\\/\\\/tapir.de\\\/fr\\\/?lang=en\\\/#website\",\"url\":\"https:\\\/\\\/tapir.de\\\/fr\\\/?lang=en\\\/\",\"name\":\"Tapir Wachswaren\",\"description\":\"Nat\u00fcrliche Pflegeprodukte f\u00fcr Leder, Textil und Holz\",\"publisher\":{\"@id\":\"https:\\\/\\\/tapir.de\\\/fr\\\/?lang=en\\\/#organization\"},\"potentialAction\":[{\"@type\":\"SearchAction\",\"target\":{\"@type\":\"EntryPoint\",\"urlTemplate\":\"https:\\\/\\\/tapir.de\\\/fr\\\/?lang=en\\\/?s={search_term_string}\"},\"query-input\":{\"@type\":\"PropertyValueSpecification\",\"valueRequired\":true,\"valueName\":\"search_term_string\"}}],\"inLanguage\":\"fr-FR\"},{\"@type\":\"Organization\",\"@id\":\"https:\\\/\\\/tapir.de\\\/fr\\\/?lang=en\\\/#organization\",\"name\":\"Tapir Wachswaren\",\"url\":\"https:\\\/\\\/tapir.de\\\/fr\\\/?lang=en\\\/\",\"logo\":{\"@type\":\"ImageObject\",\"inLanguage\":\"fr-FR\",\"@id\":\"https:\\\/\\\/tapir.de\\\/fr\\\/?lang=en\\\/#\\\/schema\\\/logo\\\/image\\\/\",\"url\":\"https:\\\/\\\/tapir.de\\\/wp-content\\\/uploads\\\/2020\\\/11\\\/cropped-TAPIR_Wachswaren_logo.png\",\"contentUrl\":\"https:\\\/\\\/tapir.de\\\/wp-content\\\/uploads\\\/2020\\\/11\\\/cropped-TAPIR_Wachswaren_logo.png\",\"width\":512,\"height\":512,\"caption\":\"Tapir Wachswaren\"},\"image\":{\"@id\":\"https:\\\/\\\/tapir.de\\\/fr\\\/?lang=en\\\/#\\\/schema\\\/logo\\\/image\\\/\"},\"sameAs\":[\"https:\\\/\\\/www.facebook.com\\\/TapirWachswaren\\\/\",\"https:\\\/\\\/www.instagram.com\\\/tapir_pflegeprodukte\\\/?hl=de\"]}]}<\/script>\n<!-- \/ Yoast SEO plugin. -->","yoast_head_json":{"title":"Impr\u00e9gnation du cuir pour le cuir lisse - Tapir Wachswaren","description":"D\u00e9couvrez l\u2019impr\u00e9gnation du cuir pour un cuir lisse fabriqu\u00e9 \u00e0 partir de mati\u00e8res premi\u00e8res naturelles. Entretien r\u00e9gulier des chaussures en cuir lisse, durable avec l\u2019entretien des chaussures Tapir.","robots":{"index":"index","follow":"follow","max-snippet":"max-snippet:-1","max-image-preview":"max-image-preview:large","max-video-preview":"max-video-preview:-1"},"canonical":"https:\/\/tapir.de\/fr\/shop\/impregnation-du-cuir-pour-le-cuir-lisse\/","og_locale":"fr_FR","og_type":"article","og_title":"Impr\u00e9gnation du cuir pour le cuir lisse - Tapir Wachswaren","og_description":"D\u00e9couvrez l\u2019impr\u00e9gnation du cuir pour un cuir lisse fabriqu\u00e9 \u00e0 partir de mati\u00e8res premi\u00e8res naturelles. Entretien r\u00e9gulier des chaussures en cuir lisse, durable avec l\u2019entretien des chaussures Tapir.","og_url":"https:\/\/tapir.de\/fr\/shop\/impregnation-du-cuir-pour-le-cuir-lisse\/","og_site_name":"Tapir Wachswaren","article_publisher":"https:\/\/www.facebook.com\/TapirWachswaren\/","article_modified_time":"2026-01-26T12:05:47+00:00","og_image":[{"width":1500,"height":1500,"url":"https:\/\/tapir.de\/wp-content\/uploads\/2020\/05\/40100-Lederimpraegnierung-Glattleder-Tapir.jpg","type":"image\/jpeg"}],"twitter_card":"summary_large_image","twitter_misc":{"Dur\u00e9e de lecture estim\u00e9e":"2 minutes"},"schema":{"@context":"https:\/\/schema.org","@graph":[{"@type":"WebPage","@id":"https:\/\/tapir.de\/fr\/shop\/impregnation-du-cuir-pour-le-cuir-lisse\/","url":"https:\/\/tapir.de\/fr\/shop\/impregnation-du-cuir-pour-le-cuir-lisse\/","name":"Impr\u00e9gnation du cuir pour le cuir lisse - Tapir Wachswaren","isPartOf":{"@id":"https:\/\/tapir.de\/fr\/?lang=en\/#website"},"primaryImageOfPage":{"@id":"https:\/\/tapir.de\/fr\/shop\/impregnation-du-cuir-pour-le-cuir-lisse\/#primaryimage"},"image":{"@id":"https:\/\/tapir.de\/fr\/shop\/impregnation-du-cuir-pour-le-cuir-lisse\/#primaryimage"},"thumbnailUrl":"https:\/\/tapir.de\/wp-content\/uploads\/2020\/05\/40100-Lederimpraegnierung-Glattleder-Tapir.jpg","datePublished":"2021-07-22T09:23:51+00:00","dateModified":"2026-01-26T12:05:47+00:00","description":"D\u00e9couvrez l\u2019impr\u00e9gnation du cuir pour un cuir lisse fabriqu\u00e9 \u00e0 partir de mati\u00e8res premi\u00e8res naturelles. Entretien r\u00e9gulier des chaussures en cuir lisse, durable avec l\u2019entretien des chaussures Tapir.","breadcrumb":{"@id":"https:\/\/tapir.de\/fr\/shop\/impregnation-du-cuir-pour-le-cuir-lisse\/#breadcrumb"},"inLanguage":"fr-FR","potentialAction":[{"@type":"ReadAction","target":["https:\/\/tapir.de\/fr\/shop\/impregnation-du-cuir-pour-le-cuir-lisse\/"]}]},{"@type":"ImageObject","inLanguage":"fr-FR","@id":"https:\/\/tapir.de\/fr\/shop\/impregnation-du-cuir-pour-le-cuir-lisse\/#primaryimage","url":"https:\/\/tapir.de\/wp-content\/uploads\/2020\/05\/40100-Lederimpraegnierung-Glattleder-Tapir.jpg","contentUrl":"https:\/\/tapir.de\/wp-content\/uploads\/2020\/05\/40100-Lederimpraegnierung-Glattleder-Tapir.jpg","width":1500,"height":1500},{"@type":"BreadcrumbList","@id":"https:\/\/tapir.de\/fr\/shop\/impregnation-du-cuir-pour-le-cuir-lisse\/#breadcrumb","itemListElement":[{"@type":"ListItem","position":1,"name":"Startseite","item":"https:\/\/tapir.de\/fr\/"},{"@type":"ListItem","position":2,"name":"Boutique","item":"https:\/\/tapir.de\/fr\/boutique\/"},{"@type":"ListItem","position":3,"name":"Impr\u00e9gnation du cuir pour le cuir lisse"}]},{"@type":"WebSite","@id":"https:\/\/tapir.de\/fr\/?lang=en\/#website","url":"https:\/\/tapir.de\/fr\/?lang=en\/","name":"Tapir Wachswaren","description":"Nat\u00fcrliche Pflegeprodukte f\u00fcr Leder, Textil und Holz","publisher":{"@id":"https:\/\/tapir.de\/fr\/?lang=en\/#organization"},"potentialAction":[{"@type":"SearchAction","target":{"@type":"EntryPoint","urlTemplate":"https:\/\/tapir.de\/fr\/?lang=en\/?s={search_term_string}"},"query-input":{"@type":"PropertyValueSpecification","valueRequired":true,"valueName":"search_term_string"}}],"inLanguage":"fr-FR"},{"@type":"Organization","@id":"https:\/\/tapir.de\/fr\/?lang=en\/#organization","name":"Tapir Wachswaren","url":"https:\/\/tapir.de\/fr\/?lang=en\/","logo":{"@type":"ImageObject","inLanguage":"fr-FR","@id":"https:\/\/tapir.de\/fr\/?lang=en\/#\/schema\/logo\/image\/","url":"https:\/\/tapir.de\/wp-content\/uploads\/2020\/11\/cropped-TAPIR_Wachswaren_logo.png","contentUrl":"https:\/\/tapir.de\/wp-content\/uploads\/2020\/11\/cropped-TAPIR_Wachswaren_logo.png","width":512,"height":512,"caption":"Tapir Wachswaren"},"image":{"@id":"https:\/\/tapir.de\/fr\/?lang=en\/#\/schema\/logo\/image\/"},"sameAs":["https:\/\/www.facebook.com\/TapirWachswaren\/","https:\/\/www.instagram.com\/tapir_pflegeprodukte\/?hl=de"]}]}},"_links":{"self":[{"href":"https:\/\/tapir.de\/fr\/wp-json\/wp\/v2\/product\/20786","targetHints":{"allow":["GET"]}}],"collection":[{"href":"https:\/\/tapir.de\/fr\/wp-json\/wp\/v2\/product"}],"about":[{"href":"https:\/\/tapir.de\/fr\/wp-json\/wp\/v2\/types\/product"}],"wp:featuredmedia":[{"embeddable":true,"href":"https:\/\/tapir.de\/fr\/wp-json\/wp\/v2\/media\/20794"}],"wp:attachment":[{"href":"https:\/\/tapir.de\/fr\/wp-json\/wp\/v2\/media?parent=20786"}],"wp:term":[{"taxonomy":"product_brand","embeddable":true,"href":"https:\/\/tapir.de\/fr\/wp-json\/wp\/v2\/product_brand?post=20786"},{"taxonomy":"product_cat","embeddable":true,"href":"https:\/\/tapir.de\/fr\/wp-json\/wp\/v2\/product_cat?post=20786"},{"taxonomy":"product_tag","embeddable":true,"href":"https:\/\/tapir.de\/fr\/wp-json\/wp\/v2\/product_tag?post=20786"}],"curies":[{"name":"wp","href":"https:\/\/api.w.org\/{rel}","templated":true}]}}