{"id":20765,"date":"2021-01-17T17:58:28","date_gmt":"2021-01-17T16:58:28","guid":{"rendered":"https:\/\/tapir.de\/shop\/brosse-brillante-avec-crin-de-cheval-brun-a-fentes\/"},"modified":"2026-01-26T13:05:46","modified_gmt":"2026-01-26T12:05:46","slug":"brosse-brillante-avec-crin-de-cheval-brun-a-fentes","status":"publish","type":"product","link":"https:\/\/tapir.de\/fr\/shop\/brosse-brillante-avec-crin-de-cheval-brun-a-fentes\/","title":{"rendered":"Brosse brillante avec crin de cheval brun \u00e0 fentes"},"content":{"rendered":"<h2><strong><span style=\"color: #a90533;\"><span style=\"font-size: 90%;\">Brosse Tapir Shine avec <\/span><span style=\"font-size: 90%;\"> crin<\/span> brun <span style=\"caret-color: #a90533; font-size: 20.736000061035156px;\">\u00e0 fentes<\/span><\/span><\/strong><\/h2>\n<p>La brosse de cirage Tapir pour la cirage de chaussures, faite de crin de cheval doux, est l\u2019outil ultime pour ceux qui souhaitent donner \u00e0 leurs chaussures une belle brillance. Fabriqu\u00e9es en Allemagne, ces brosses sont particuli\u00e8rement douces pour le cuir. Leurs poils doux sont parfaits pour le massage dans les produits de soins des tapirs, comme les f\u00e9conades. Ils permettent une r\u00e9partition uniforme sur toute la surface de la chaussure, mais ils sont aussi parfaitement adapt\u00e9s pour un polissage \u00e0 l\u2019extr\u00e9mit\u00e9 afin d\u2019obtenir un beau \u00e9clat sur le cuir.   <\/p>\n<p>Gr\u00e2ce \u00e0 sa grande qualit\u00e9 et sa pr\u00e9cision de production, notre brosse Tapir Shine en crin de cheval garantit un r\u00e9sultat professionnel dans l\u2019entretien des chaussures. Cela permet d\u2019obtenir un \u00e9clat profond et une finition \u00e9l\u00e9gante qui donne aux chaussures un aspect neuf. Le design ergonomique des brosses est confortable \u00e0 tenir et facilite le polissage, m\u00eame dans des endroits difficiles d\u2019acc\u00e8s.  <\/p>\n<p>Le pinceau Tapir Horsehair Shine est non seulement efficace, mais aussi durable. Leur conception robuste et leurs mat\u00e9riaux de haute qualit\u00e9 garantissent une utilisation \u00e0 long terme sans perte de qualit\u00e9. Avec une utilisation r\u00e9guli\u00e8re, vous pouvez \u00eatre s\u00fbr que vos chaussures auront toujours un aspect impeccable et impeccable, pr\u00eates \u00e0 accueillir avec style en toute occasion.  <\/p>\n<h2><span style=\"font-size: 90%; color: #a90533;\"><strong>Caract\u00e9ristiques du produit :<\/strong><\/span><\/h2>\n<ul>\n<li>Corps en bois de h\u00eatre huil\u00e9 \u00e0 l\u2019huile de lin (organique)<\/li>\n<li>Crin brun fendu<\/li>\n<li>Longueur des cheveux : 34 mm<\/li>\n<li>Dimensions du corps du pinceau : 160&#215;34 mm<\/li>\n<li>Fabriqu\u00e9 en Allemagne<\/li>\n<li>Avec logo Tapir imprim\u00e9<\/li>\n<\/ul>\n<p>&nbsp;<\/p>\n<p><strong>Application :<\/strong><\/p>\n<p>Utiliser la brosse Tapir Shine pour le cirage est une \u00e9tape cruciale pour donner \u00e0 vos chaussures une brillance parfaite. Commencez par nettoyer soigneusement vos chaussures et enlever la salet\u00e9 et la poussi\u00e8re. Cela peut se faire avec notre <a href=\"https:\/\/tapir.de\/shop\/schmutzbuerste-16-cm-mit-fibre-borste\">brosse \u00e0 tapir \u00e0 poussi\u00e8re<\/a> ou un chiffon en coton humide.  <\/p>\n<p>Une fois vos chaussures propres, utilisez un <a href=\"https:\/\/tapir.de\/shop\/runde-auftragsbuerste-helles-rosshaar\/\">pinceau d\u2019application<\/a> Tapir pour appliquer notre <a href=\"https:\/\/tapir.de\/shop\/lederfett-farblos-200-ml\/\">graisse pour cuir<\/a>, notre cr\u00e8me pour le soin du cuir ou<a href=\"https:\/\/tapir.de\/fr\/entretien-des-chaussures-et-du-cuir\/baume-cuir-pour-le-brillant\/\"> notre baume cuir<\/a> sur la surface. Avec le pinceau brillant en crin de cheval doux, vous commencez maintenant par des mouvements circulaires doux pour r\u00e9partir uniform\u00e9ment le cirage et le travailler profond\u00e9ment dans le cuir. Veillez \u00e0 traiter toutes les zones de la chaussure, y compris les coutures et les bords. Les poils doux du pinceau brillant permettent de polir d\u00e9licatement le cuir sans l\u2019ab\u00eemer.   <\/p>\n<p>Apr\u00e8s une application uniforme des produits de soin, utilisez notre pinceau de brillance pour obtenir la brillance. Avec des mouvements rapides et courts, polissez le cuir jusqu\u2019\u00e0 ce qu\u2019il brille encore et encore. Plus vous cirez, plus la brillance de vos chaussures sera intense. R\u00e9p\u00e9tez ce processus si n\u00e9cessaire pour obtenir l\u2019\u00e9clat d\u00e9sir\u00e9. Avec l\u2019utilisation r\u00e9guli\u00e8re du brosse \u00e0 \u00e9clat, vous pouvez \u00eatre s\u00fbr que vos chaussures auront toujours un look soign\u00e9 et \u00e9l\u00e9gant, pr\u00eates \u00e0 accueillir avec style n\u2019importe quelle occasion.    <\/p>\n","protected":false},"excerpt":{"rendered":"<p>Brosse cireuse \u00e0 chaussures \u00e9quip\u00e9e de crin de cheval de diff\u00e9rentes \u00e9paisseurs. Il a un excellent effet de polissage et de nettoyage \u00e0 travers les poils en fente. Fabriqu\u00e9 en Allemagne.  <\/p>\n","protected":false},"featured_media":20774,"template":"","meta":[],"product_brand":[],"product_cat":[873],"product_tag":[892],"class_list":{"0":"post-20765","1":"product","2":"type-product","3":"status-publish","4":"has-post-thumbnail","6":"product_cat-brosses","7":"product_tag-accessoires","8":"pa_geeignet-fuer-canape-en-cuir","9":"pa_geeignet-fuer-chaussures-elegantes","10":"pa_geeignet-fuer-chaussures-en-cuir","11":"pa_geeignet-fuer-chaussures-professionnelles","12":"pa_geeignet-fuer-cuir-lisse","13":"pa_geeignet-fuer-cuir-tresse","14":"pa_geeignet-fuer-sac-en-cuir-fin","16":"first","17":"instock","18":"taxable","19":"shipping-taxable","20":"purchasable","21":"product-type-simple"},"yoast_head":"<!-- This site is optimized with the Yoast SEO plugin v27.5 - https:\/\/yoast.com\/product\/yoast-seo-wordpress\/ -->\n<title>Brosse brillante avec crin de cheval brun \u00e0 fentes - Tapir Wachswaren<\/title>\n<meta name=\"description\" content=\"D\u00e9couvrez l\u2019\u00e9l\u00e9gance du cirage de chaussures avec le pinceau de cirage de haute qualit\u00e9 en crin brun \u00e0 rainures. Entretien durable des chaussures et brillance optimale.\" \/>\n<meta name=\"robots\" content=\"index, follow, max-snippet:-1, max-image-preview:large, max-video-preview:-1\" \/>\n<link rel=\"canonical\" href=\"https:\/\/tapir.de\/fr\/shop\/brosse-brillante-avec-crin-de-cheval-brun-a-fentes\/\" \/>\n<meta property=\"og:locale\" content=\"fr_FR\" \/>\n<meta property=\"og:type\" content=\"article\" \/>\n<meta property=\"og:title\" content=\"Brosse brillante avec crin de cheval brun \u00e0 fentes - Tapir Wachswaren\" \/>\n<meta property=\"og:description\" content=\"D\u00e9couvrez l\u2019\u00e9l\u00e9gance du cirage de chaussures avec le pinceau de cirage de haute qualit\u00e9 en crin brun \u00e0 rainures. Entretien durable des chaussures et brillance optimale.\" \/>\n<meta property=\"og:url\" content=\"https:\/\/tapir.de\/fr\/shop\/brosse-brillante-avec-crin-de-cheval-brun-a-fentes\/\" \/>\n<meta property=\"og:site_name\" content=\"Tapir Wachswaren\" \/>\n<meta property=\"article:publisher\" content=\"https:\/\/www.facebook.com\/TapirWachswaren\/\" \/>\n<meta property=\"article:modified_time\" content=\"2026-01-26T12:05:46+00:00\" \/>\n<meta property=\"og:image\" content=\"https:\/\/tapir.de\/wp-content\/uploads\/2025\/01\/00904T_Glanzbuerste_mit_braunem_geschlitztem_Rosshaar_1.jpg\" \/>\n\t<meta property=\"og:image:width\" content=\"1500\" \/>\n\t<meta property=\"og:image:height\" content=\"1500\" \/>\n\t<meta property=\"og:image:type\" content=\"image\/jpeg\" \/>\n<meta name=\"twitter:card\" content=\"summary_large_image\" \/>\n<meta name=\"twitter:label1\" content=\"Dur\u00e9e de lecture estim\u00e9e\" \/>\n\t<meta name=\"twitter:data1\" content=\"3 minutes\" \/>\n<script type=\"application\/ld+json\" class=\"yoast-schema-graph\">{\"@context\":\"https:\\\/\\\/schema.org\",\"@graph\":[{\"@type\":\"WebPage\",\"@id\":\"https:\\\/\\\/tapir.de\\\/fr\\\/shop\\\/brosse-brillante-avec-crin-de-cheval-brun-a-fentes\\\/\",\"url\":\"https:\\\/\\\/tapir.de\\\/fr\\\/shop\\\/brosse-brillante-avec-crin-de-cheval-brun-a-fentes\\\/\",\"name\":\"Brosse brillante avec crin de cheval brun \u00e0 fentes - Tapir Wachswaren\",\"isPartOf\":{\"@id\":\"https:\\\/\\\/tapir.de\\\/fr\\\/?lang=en\\\/#website\"},\"primaryImageOfPage\":{\"@id\":\"https:\\\/\\\/tapir.de\\\/fr\\\/shop\\\/brosse-brillante-avec-crin-de-cheval-brun-a-fentes\\\/#primaryimage\"},\"image\":{\"@id\":\"https:\\\/\\\/tapir.de\\\/fr\\\/shop\\\/brosse-brillante-avec-crin-de-cheval-brun-a-fentes\\\/#primaryimage\"},\"thumbnailUrl\":\"https:\\\/\\\/tapir.de\\\/wp-content\\\/uploads\\\/2025\\\/01\\\/00904T_Glanzbuerste_mit_braunem_geschlitztem_Rosshaar_1.jpg\",\"datePublished\":\"2021-01-17T16:58:28+00:00\",\"dateModified\":\"2026-01-26T12:05:46+00:00\",\"description\":\"D\u00e9couvrez l\u2019\u00e9l\u00e9gance du cirage de chaussures avec le pinceau de cirage de haute qualit\u00e9 en crin brun \u00e0 rainures. Entretien durable des chaussures et brillance optimale.\",\"breadcrumb\":{\"@id\":\"https:\\\/\\\/tapir.de\\\/fr\\\/shop\\\/brosse-brillante-avec-crin-de-cheval-brun-a-fentes\\\/#breadcrumb\"},\"inLanguage\":\"fr-FR\",\"potentialAction\":[{\"@type\":\"ReadAction\",\"target\":[\"https:\\\/\\\/tapir.de\\\/fr\\\/shop\\\/brosse-brillante-avec-crin-de-cheval-brun-a-fentes\\\/\"]}]},{\"@type\":\"ImageObject\",\"inLanguage\":\"fr-FR\",\"@id\":\"https:\\\/\\\/tapir.de\\\/fr\\\/shop\\\/brosse-brillante-avec-crin-de-cheval-brun-a-fentes\\\/#primaryimage\",\"url\":\"https:\\\/\\\/tapir.de\\\/wp-content\\\/uploads\\\/2025\\\/01\\\/00904T_Glanzbuerste_mit_braunem_geschlitztem_Rosshaar_1.jpg\",\"contentUrl\":\"https:\\\/\\\/tapir.de\\\/wp-content\\\/uploads\\\/2025\\\/01\\\/00904T_Glanzbuerste_mit_braunem_geschlitztem_Rosshaar_1.jpg\",\"width\":1500,\"height\":1500},{\"@type\":\"BreadcrumbList\",\"@id\":\"https:\\\/\\\/tapir.de\\\/fr\\\/shop\\\/brosse-brillante-avec-crin-de-cheval-brun-a-fentes\\\/#breadcrumb\",\"itemListElement\":[{\"@type\":\"ListItem\",\"position\":1,\"name\":\"Startseite\",\"item\":\"https:\\\/\\\/tapir.de\\\/fr\\\/\"},{\"@type\":\"ListItem\",\"position\":2,\"name\":\"Boutique\",\"item\":\"https:\\\/\\\/tapir.de\\\/fr\\\/boutique\\\/\"},{\"@type\":\"ListItem\",\"position\":3,\"name\":\"Brosse brillante avec crin de cheval brun \u00e0 fentes\"}]},{\"@type\":\"WebSite\",\"@id\":\"https:\\\/\\\/tapir.de\\\/fr\\\/?lang=en\\\/#website\",\"url\":\"https:\\\/\\\/tapir.de\\\/fr\\\/?lang=en\\\/\",\"name\":\"Tapir Wachswaren\",\"description\":\"Nat\u00fcrliche Pflegeprodukte f\u00fcr Leder, Textil und Holz\",\"publisher\":{\"@id\":\"https:\\\/\\\/tapir.de\\\/fr\\\/?lang=en\\\/#organization\"},\"potentialAction\":[{\"@type\":\"SearchAction\",\"target\":{\"@type\":\"EntryPoint\",\"urlTemplate\":\"https:\\\/\\\/tapir.de\\\/fr\\\/?lang=en\\\/?s={search_term_string}\"},\"query-input\":{\"@type\":\"PropertyValueSpecification\",\"valueRequired\":true,\"valueName\":\"search_term_string\"}}],\"inLanguage\":\"fr-FR\"},{\"@type\":\"Organization\",\"@id\":\"https:\\\/\\\/tapir.de\\\/fr\\\/?lang=en\\\/#organization\",\"name\":\"Tapir Wachswaren\",\"url\":\"https:\\\/\\\/tapir.de\\\/fr\\\/?lang=en\\\/\",\"logo\":{\"@type\":\"ImageObject\",\"inLanguage\":\"fr-FR\",\"@id\":\"https:\\\/\\\/tapir.de\\\/fr\\\/?lang=en\\\/#\\\/schema\\\/logo\\\/image\\\/\",\"url\":\"https:\\\/\\\/tapir.de\\\/wp-content\\\/uploads\\\/2020\\\/11\\\/cropped-TAPIR_Wachswaren_logo.png\",\"contentUrl\":\"https:\\\/\\\/tapir.de\\\/wp-content\\\/uploads\\\/2020\\\/11\\\/cropped-TAPIR_Wachswaren_logo.png\",\"width\":512,\"height\":512,\"caption\":\"Tapir Wachswaren\"},\"image\":{\"@id\":\"https:\\\/\\\/tapir.de\\\/fr\\\/?lang=en\\\/#\\\/schema\\\/logo\\\/image\\\/\"},\"sameAs\":[\"https:\\\/\\\/www.facebook.com\\\/TapirWachswaren\\\/\",\"https:\\\/\\\/www.instagram.com\\\/tapir_pflegeprodukte\\\/?hl=de\"]}]}<\/script>\n<!-- \/ Yoast SEO plugin. -->","yoast_head_json":{"title":"Brosse brillante avec crin de cheval brun \u00e0 fentes - Tapir Wachswaren","description":"D\u00e9couvrez l\u2019\u00e9l\u00e9gance du cirage de chaussures avec le pinceau de cirage de haute qualit\u00e9 en crin brun \u00e0 rainures. Entretien durable des chaussures et brillance optimale.","robots":{"index":"index","follow":"follow","max-snippet":"max-snippet:-1","max-image-preview":"max-image-preview:large","max-video-preview":"max-video-preview:-1"},"canonical":"https:\/\/tapir.de\/fr\/shop\/brosse-brillante-avec-crin-de-cheval-brun-a-fentes\/","og_locale":"fr_FR","og_type":"article","og_title":"Brosse brillante avec crin de cheval brun \u00e0 fentes - Tapir Wachswaren","og_description":"D\u00e9couvrez l\u2019\u00e9l\u00e9gance du cirage de chaussures avec le pinceau de cirage de haute qualit\u00e9 en crin brun \u00e0 rainures. Entretien durable des chaussures et brillance optimale.","og_url":"https:\/\/tapir.de\/fr\/shop\/brosse-brillante-avec-crin-de-cheval-brun-a-fentes\/","og_site_name":"Tapir Wachswaren","article_publisher":"https:\/\/www.facebook.com\/TapirWachswaren\/","article_modified_time":"2026-01-26T12:05:46+00:00","og_image":[{"width":1500,"height":1500,"url":"https:\/\/tapir.de\/wp-content\/uploads\/2025\/01\/00904T_Glanzbuerste_mit_braunem_geschlitztem_Rosshaar_1.jpg","type":"image\/jpeg"}],"twitter_card":"summary_large_image","twitter_misc":{"Dur\u00e9e de lecture estim\u00e9e":"3 minutes"},"schema":{"@context":"https:\/\/schema.org","@graph":[{"@type":"WebPage","@id":"https:\/\/tapir.de\/fr\/shop\/brosse-brillante-avec-crin-de-cheval-brun-a-fentes\/","url":"https:\/\/tapir.de\/fr\/shop\/brosse-brillante-avec-crin-de-cheval-brun-a-fentes\/","name":"Brosse brillante avec crin de cheval brun \u00e0 fentes - Tapir Wachswaren","isPartOf":{"@id":"https:\/\/tapir.de\/fr\/?lang=en\/#website"},"primaryImageOfPage":{"@id":"https:\/\/tapir.de\/fr\/shop\/brosse-brillante-avec-crin-de-cheval-brun-a-fentes\/#primaryimage"},"image":{"@id":"https:\/\/tapir.de\/fr\/shop\/brosse-brillante-avec-crin-de-cheval-brun-a-fentes\/#primaryimage"},"thumbnailUrl":"https:\/\/tapir.de\/wp-content\/uploads\/2025\/01\/00904T_Glanzbuerste_mit_braunem_geschlitztem_Rosshaar_1.jpg","datePublished":"2021-01-17T16:58:28+00:00","dateModified":"2026-01-26T12:05:46+00:00","description":"D\u00e9couvrez l\u2019\u00e9l\u00e9gance du cirage de chaussures avec le pinceau de cirage de haute qualit\u00e9 en crin brun \u00e0 rainures. Entretien durable des chaussures et brillance optimale.","breadcrumb":{"@id":"https:\/\/tapir.de\/fr\/shop\/brosse-brillante-avec-crin-de-cheval-brun-a-fentes\/#breadcrumb"},"inLanguage":"fr-FR","potentialAction":[{"@type":"ReadAction","target":["https:\/\/tapir.de\/fr\/shop\/brosse-brillante-avec-crin-de-cheval-brun-a-fentes\/"]}]},{"@type":"ImageObject","inLanguage":"fr-FR","@id":"https:\/\/tapir.de\/fr\/shop\/brosse-brillante-avec-crin-de-cheval-brun-a-fentes\/#primaryimage","url":"https:\/\/tapir.de\/wp-content\/uploads\/2025\/01\/00904T_Glanzbuerste_mit_braunem_geschlitztem_Rosshaar_1.jpg","contentUrl":"https:\/\/tapir.de\/wp-content\/uploads\/2025\/01\/00904T_Glanzbuerste_mit_braunem_geschlitztem_Rosshaar_1.jpg","width":1500,"height":1500},{"@type":"BreadcrumbList","@id":"https:\/\/tapir.de\/fr\/shop\/brosse-brillante-avec-crin-de-cheval-brun-a-fentes\/#breadcrumb","itemListElement":[{"@type":"ListItem","position":1,"name":"Startseite","item":"https:\/\/tapir.de\/fr\/"},{"@type":"ListItem","position":2,"name":"Boutique","item":"https:\/\/tapir.de\/fr\/boutique\/"},{"@type":"ListItem","position":3,"name":"Brosse brillante avec crin de cheval brun \u00e0 fentes"}]},{"@type":"WebSite","@id":"https:\/\/tapir.de\/fr\/?lang=en\/#website","url":"https:\/\/tapir.de\/fr\/?lang=en\/","name":"Tapir Wachswaren","description":"Nat\u00fcrliche Pflegeprodukte f\u00fcr Leder, Textil und Holz","publisher":{"@id":"https:\/\/tapir.de\/fr\/?lang=en\/#organization"},"potentialAction":[{"@type":"SearchAction","target":{"@type":"EntryPoint","urlTemplate":"https:\/\/tapir.de\/fr\/?lang=en\/?s={search_term_string}"},"query-input":{"@type":"PropertyValueSpecification","valueRequired":true,"valueName":"search_term_string"}}],"inLanguage":"fr-FR"},{"@type":"Organization","@id":"https:\/\/tapir.de\/fr\/?lang=en\/#organization","name":"Tapir Wachswaren","url":"https:\/\/tapir.de\/fr\/?lang=en\/","logo":{"@type":"ImageObject","inLanguage":"fr-FR","@id":"https:\/\/tapir.de\/fr\/?lang=en\/#\/schema\/logo\/image\/","url":"https:\/\/tapir.de\/wp-content\/uploads\/2020\/11\/cropped-TAPIR_Wachswaren_logo.png","contentUrl":"https:\/\/tapir.de\/wp-content\/uploads\/2020\/11\/cropped-TAPIR_Wachswaren_logo.png","width":512,"height":512,"caption":"Tapir Wachswaren"},"image":{"@id":"https:\/\/tapir.de\/fr\/?lang=en\/#\/schema\/logo\/image\/"},"sameAs":["https:\/\/www.facebook.com\/TapirWachswaren\/","https:\/\/www.instagram.com\/tapir_pflegeprodukte\/?hl=de"]}]}},"_links":{"self":[{"href":"https:\/\/tapir.de\/fr\/wp-json\/wp\/v2\/product\/20765","targetHints":{"allow":["GET"]}}],"collection":[{"href":"https:\/\/tapir.de\/fr\/wp-json\/wp\/v2\/product"}],"about":[{"href":"https:\/\/tapir.de\/fr\/wp-json\/wp\/v2\/types\/product"}],"wp:featuredmedia":[{"embeddable":true,"href":"https:\/\/tapir.de\/fr\/wp-json\/wp\/v2\/media\/20774"}],"wp:attachment":[{"href":"https:\/\/tapir.de\/fr\/wp-json\/wp\/v2\/media?parent=20765"}],"wp:term":[{"taxonomy":"product_brand","embeddable":true,"href":"https:\/\/tapir.de\/fr\/wp-json\/wp\/v2\/product_brand?post=20765"},{"taxonomy":"product_cat","embeddable":true,"href":"https:\/\/tapir.de\/fr\/wp-json\/wp\/v2\/product_cat?post=20765"},{"taxonomy":"product_tag","embeddable":true,"href":"https:\/\/tapir.de\/fr\/wp-json\/wp\/v2\/product_tag?post=20765"}],"curies":[{"name":"wp","href":"https:\/\/api.w.org\/{rel}","templated":true}]}}