{"id":20730,"date":"2021-04-14T14:24:31","date_gmt":"2021-04-14T12:24:31","guid":{"rendered":"https:\/\/tapir.de\/shop\/brosse-brillante-avec-un-leger-poil-de-chevre\/"},"modified":"2026-01-26T13:05:45","modified_gmt":"2026-01-26T12:05:45","slug":"brosse-brillante-avec-un-leger-poil-de-chevre","status":"publish","type":"product","link":"https:\/\/tapir.de\/fr\/shop\/brosse-brillante-avec-un-leger-poil-de-chevre\/","title":{"rendered":"Brosse brillante avec un l\u00e9ger poil de ch\u00e8vre"},"content":{"rendered":"<h2><span style=\"font-size: 90%; color: #a90533;\"><strong>Brosse Tapir Shine avec poil de ch\u00e8vre clair<br \/>\n<\/strong><\/span><\/h2>\n<p><span style=\"color: #000000;\">Les brosses \u00e0 cirer les chaussures sont un outil indispensable pour quiconque appr\u00e9cie des chaussures bien soign\u00e9es.  <\/span><\/p>\n<p><span style=\"color: #000000;\">Notre pinceau Tapir Gloss avec poil de ch\u00e8vre est particuli\u00e8rement fin et donc adapt\u00e9 aux cuirs sensibles \u2013 mais aussi id\u00e9al pour un polissage \u00e0 haute luminosit\u00e9. Elle est faite de h\u00eatre et poss\u00e8de des poils de ch\u00e8vre utilis\u00e9s pour nettoyer, cirer et donner un nouveau brillance aux chaussures. <\/span><\/p>\n<p><span style=\"color: #000000;\">L\u2019utilisation d\u2019une brosse cireuse est un rituel qui am\u00e9liore non seulement l\u2019apparence ext\u00e9rieure des chaussures, mais exprime aussi une certaine appr\u00e9ciation pour le savoir-faire et la qualit\u00e9 des chaussures. Avant de commencer le polissage proprement dit, il est important d\u2019enlever soigneusement la salet\u00e9, la poussi\u00e8re et les autres r\u00e9sidus des chaussures. C\u2019est l\u00e0 que notre<a style=\"color: #000000;\" href=\"https:\/\/tapir.de\/shop\/schmutzbuerste-16-cm-mit-fibre-borste\"> brosse \u00e0 tapires <\/a>s\u2019av\u00e8re utile pour enlever la salet\u00e9 grossi\u00e8re et pr\u00e9parer la surface.  <\/span><\/p>\n<p><span style=\"color: #000000;\">Apr\u00e8s le nettoyage des chaussures, la brosse \u00e0 polir est utilis\u00e9e pour rugueux le cuir et ouvrir les pores. Cela permet au cirage de p\u00e9n\u00e9trer profond\u00e9ment et de nourrir le cuir. Avec des mouvements circulaires doux, les produits Tapir sont appliqu\u00e9s uniform\u00e9ment pour cr\u00e9er une surface brillante. Il est important de ne pas exercer trop de pression afin de ne pas ab\u00eemer le cuir.   <\/span><\/p>\n<p><span style=\"color: #000000;\"><strong>Important !<\/strong>  Un autre aspect important du cirage des chaussures est de choisir la bonne brosse. Selon le type de cuir et la brillance souhait\u00e9e, diff\u00e9rentes \u00e9paisseurs et types de poils peuvent \u00eatre n\u00e9cessaires. Le pinceau Tapir brillant en poil de ch\u00e8vre est particuli\u00e8rement fin et convient aux cuirs doux ainsi qu\u2019\u00e0 la brillance sp\u00e9ciale.  <\/span><\/p>\n<h2><span style=\"font-size: 90%; color: #a90533;\"><strong>Caract\u00e9ristiques du produit<\/strong><\/span><\/h2>\n<ul>\n<li>Corps : bois de h\u00eatre local huil\u00e9 \u00e0 l\u2019huile de lin (biologique)<\/li>\n<li>Poil clair de ch\u00e8vre, longueur 21 mm<\/li>\n<li>Corps du pinceau : environ 160&#215;34 mm<\/li>\n<li>Fabriqu\u00e9 en Allemagne<\/li>\n<li>Avec le logo Tapir<\/li>\n<\/ul>\n","protected":false},"excerpt":{"rendered":"<p>Brosse douce et de tr\u00e8s haute qualit\u00e9, faite de poils de ch\u00e8vre pour un polissage tr\u00e8s brillant dans l\u2019entretien des chaussures.<\/p>\n","protected":false},"featured_media":20755,"template":"","meta":[],"product_brand":[],"product_cat":[873],"product_tag":[892],"class_list":{"0":"post-20730","1":"product","2":"type-product","3":"status-publish","4":"has-post-thumbnail","6":"product_cat-brosses","7":"product_tag-accessoires","8":"pa_geeignet-fuer-bottes-dequitation","9":"pa_geeignet-fuer-chaussures-brillantes","10":"pa_geeignet-fuer-chaussures-denfants","11":"pa_geeignet-fuer-chaussures-professionnelles","12":"pa_geeignet-fuer-cuir-lisse","14":"first","15":"instock","16":"taxable","17":"shipping-taxable","18":"purchasable","19":"product-type-simple"},"yoast_head":"<!-- This site is optimized with the Yoast SEO plugin v27.4 - https:\/\/yoast.com\/product\/yoast-seo-wordpress\/ -->\n<title>Brosse brillante avec un l\u00e9ger poil de ch\u00e8vre - Tapir Wachswaren<\/title>\n<meta name=\"description\" content=\"Le pinceau cireur de chaussures Tapir en poil de ch\u00e8vre est un pinceau fin pour cirer les chaussures. Excellent pour nettoyer les chaussures et les cirer jusqu\u2019\u00e0 ce qu\u2019elles brillent.\" \/>\n<meta name=\"robots\" content=\"index, follow, max-snippet:-1, max-image-preview:large, max-video-preview:-1\" \/>\n<link rel=\"canonical\" href=\"https:\/\/tapir.de\/fr\/shop\/brosse-brillante-avec-un-leger-poil-de-chevre\/\" \/>\n<meta property=\"og:locale\" content=\"fr_FR\" \/>\n<meta property=\"og:type\" content=\"article\" \/>\n<meta property=\"og:title\" content=\"Brosse brillante avec un l\u00e9ger poil de ch\u00e8vre - Tapir Wachswaren\" \/>\n<meta property=\"og:description\" content=\"Le pinceau cireur de chaussures Tapir en poil de ch\u00e8vre est un pinceau fin pour cirer les chaussures. Excellent pour nettoyer les chaussures et les cirer jusqu\u2019\u00e0 ce qu\u2019elles brillent.\" \/>\n<meta property=\"og:url\" content=\"https:\/\/tapir.de\/fr\/shop\/brosse-brillante-avec-un-leger-poil-de-chevre\/\" \/>\n<meta property=\"og:site_name\" content=\"Tapir Wachswaren\" \/>\n<meta property=\"article:publisher\" content=\"https:\/\/www.facebook.com\/TapirWachswaren\/\" \/>\n<meta property=\"article:modified_time\" content=\"2026-01-26T12:05:45+00:00\" \/>\n<meta property=\"og:image\" content=\"https:\/\/tapir.de\/wp-content\/uploads\/2025\/01\/00908T_Glanzbuerste_mit-hellem_Ziegenhaar_1.jpg\" \/>\n\t<meta property=\"og:image:width\" content=\"1500\" \/>\n\t<meta property=\"og:image:height\" content=\"1500\" \/>\n\t<meta property=\"og:image:type\" content=\"image\/jpeg\" \/>\n<meta name=\"twitter:card\" content=\"summary_large_image\" \/>\n<meta name=\"twitter:label1\" content=\"Dur\u00e9e de lecture estim\u00e9e\" \/>\n\t<meta name=\"twitter:data1\" content=\"2 minutes\" \/>\n<script type=\"application\/ld+json\" class=\"yoast-schema-graph\">{\"@context\":\"https:\\\/\\\/schema.org\",\"@graph\":[{\"@type\":\"WebPage\",\"@id\":\"https:\\\/\\\/tapir.de\\\/fr\\\/shop\\\/brosse-brillante-avec-un-leger-poil-de-chevre\\\/\",\"url\":\"https:\\\/\\\/tapir.de\\\/fr\\\/shop\\\/brosse-brillante-avec-un-leger-poil-de-chevre\\\/\",\"name\":\"Brosse brillante avec un l\u00e9ger poil de ch\u00e8vre - Tapir Wachswaren\",\"isPartOf\":{\"@id\":\"https:\\\/\\\/tapir.de\\\/fr\\\/?lang=en\\\/#website\"},\"primaryImageOfPage\":{\"@id\":\"https:\\\/\\\/tapir.de\\\/fr\\\/shop\\\/brosse-brillante-avec-un-leger-poil-de-chevre\\\/#primaryimage\"},\"image\":{\"@id\":\"https:\\\/\\\/tapir.de\\\/fr\\\/shop\\\/brosse-brillante-avec-un-leger-poil-de-chevre\\\/#primaryimage\"},\"thumbnailUrl\":\"https:\\\/\\\/tapir.de\\\/wp-content\\\/uploads\\\/2025\\\/01\\\/00908T_Glanzbuerste_mit-hellem_Ziegenhaar_1.jpg\",\"datePublished\":\"2021-04-14T12:24:31+00:00\",\"dateModified\":\"2026-01-26T12:05:45+00:00\",\"description\":\"Le pinceau cireur de chaussures Tapir en poil de ch\u00e8vre est un pinceau fin pour cirer les chaussures. Excellent pour nettoyer les chaussures et les cirer jusqu\u2019\u00e0 ce qu\u2019elles brillent.\",\"breadcrumb\":{\"@id\":\"https:\\\/\\\/tapir.de\\\/fr\\\/shop\\\/brosse-brillante-avec-un-leger-poil-de-chevre\\\/#breadcrumb\"},\"inLanguage\":\"fr-FR\",\"potentialAction\":[{\"@type\":\"ReadAction\",\"target\":[\"https:\\\/\\\/tapir.de\\\/fr\\\/shop\\\/brosse-brillante-avec-un-leger-poil-de-chevre\\\/\"]}]},{\"@type\":\"ImageObject\",\"inLanguage\":\"fr-FR\",\"@id\":\"https:\\\/\\\/tapir.de\\\/fr\\\/shop\\\/brosse-brillante-avec-un-leger-poil-de-chevre\\\/#primaryimage\",\"url\":\"https:\\\/\\\/tapir.de\\\/wp-content\\\/uploads\\\/2025\\\/01\\\/00908T_Glanzbuerste_mit-hellem_Ziegenhaar_1.jpg\",\"contentUrl\":\"https:\\\/\\\/tapir.de\\\/wp-content\\\/uploads\\\/2025\\\/01\\\/00908T_Glanzbuerste_mit-hellem_Ziegenhaar_1.jpg\",\"width\":1500,\"height\":1500},{\"@type\":\"BreadcrumbList\",\"@id\":\"https:\\\/\\\/tapir.de\\\/fr\\\/shop\\\/brosse-brillante-avec-un-leger-poil-de-chevre\\\/#breadcrumb\",\"itemListElement\":[{\"@type\":\"ListItem\",\"position\":1,\"name\":\"Startseite\",\"item\":\"https:\\\/\\\/tapir.de\\\/fr\\\/\"},{\"@type\":\"ListItem\",\"position\":2,\"name\":\"Boutique\",\"item\":\"https:\\\/\\\/tapir.de\\\/fr\\\/boutique\\\/\"},{\"@type\":\"ListItem\",\"position\":3,\"name\":\"Brosse brillante avec un l\u00e9ger poil de ch\u00e8vre\"}]},{\"@type\":\"WebSite\",\"@id\":\"https:\\\/\\\/tapir.de\\\/fr\\\/?lang=en\\\/#website\",\"url\":\"https:\\\/\\\/tapir.de\\\/fr\\\/?lang=en\\\/\",\"name\":\"Tapir Wachswaren\",\"description\":\"Nat\u00fcrliche Pflegeprodukte f\u00fcr Leder, Textil und Holz\",\"publisher\":{\"@id\":\"https:\\\/\\\/tapir.de\\\/fr\\\/?lang=en\\\/#organization\"},\"potentialAction\":[{\"@type\":\"SearchAction\",\"target\":{\"@type\":\"EntryPoint\",\"urlTemplate\":\"https:\\\/\\\/tapir.de\\\/fr\\\/?lang=en\\\/?s={search_term_string}\"},\"query-input\":{\"@type\":\"PropertyValueSpecification\",\"valueRequired\":true,\"valueName\":\"search_term_string\"}}],\"inLanguage\":\"fr-FR\"},{\"@type\":\"Organization\",\"@id\":\"https:\\\/\\\/tapir.de\\\/fr\\\/?lang=en\\\/#organization\",\"name\":\"Tapir Wachswaren\",\"url\":\"https:\\\/\\\/tapir.de\\\/fr\\\/?lang=en\\\/\",\"logo\":{\"@type\":\"ImageObject\",\"inLanguage\":\"fr-FR\",\"@id\":\"https:\\\/\\\/tapir.de\\\/fr\\\/?lang=en\\\/#\\\/schema\\\/logo\\\/image\\\/\",\"url\":\"https:\\\/\\\/tapir.de\\\/wp-content\\\/uploads\\\/2020\\\/11\\\/cropped-TAPIR_Wachswaren_logo.png\",\"contentUrl\":\"https:\\\/\\\/tapir.de\\\/wp-content\\\/uploads\\\/2020\\\/11\\\/cropped-TAPIR_Wachswaren_logo.png\",\"width\":512,\"height\":512,\"caption\":\"Tapir Wachswaren\"},\"image\":{\"@id\":\"https:\\\/\\\/tapir.de\\\/fr\\\/?lang=en\\\/#\\\/schema\\\/logo\\\/image\\\/\"},\"sameAs\":[\"https:\\\/\\\/www.facebook.com\\\/TapirWachswaren\\\/\",\"https:\\\/\\\/www.instagram.com\\\/tapir_pflegeprodukte\\\/?hl=de\"]}]}<\/script>\n<!-- \/ Yoast SEO plugin. -->","yoast_head_json":{"title":"Brosse brillante avec un l\u00e9ger poil de ch\u00e8vre - Tapir Wachswaren","description":"Le pinceau cireur de chaussures Tapir en poil de ch\u00e8vre est un pinceau fin pour cirer les chaussures. Excellent pour nettoyer les chaussures et les cirer jusqu\u2019\u00e0 ce qu\u2019elles brillent.","robots":{"index":"index","follow":"follow","max-snippet":"max-snippet:-1","max-image-preview":"max-image-preview:large","max-video-preview":"max-video-preview:-1"},"canonical":"https:\/\/tapir.de\/fr\/shop\/brosse-brillante-avec-un-leger-poil-de-chevre\/","og_locale":"fr_FR","og_type":"article","og_title":"Brosse brillante avec un l\u00e9ger poil de ch\u00e8vre - Tapir Wachswaren","og_description":"Le pinceau cireur de chaussures Tapir en poil de ch\u00e8vre est un pinceau fin pour cirer les chaussures. Excellent pour nettoyer les chaussures et les cirer jusqu\u2019\u00e0 ce qu\u2019elles brillent.","og_url":"https:\/\/tapir.de\/fr\/shop\/brosse-brillante-avec-un-leger-poil-de-chevre\/","og_site_name":"Tapir Wachswaren","article_publisher":"https:\/\/www.facebook.com\/TapirWachswaren\/","article_modified_time":"2026-01-26T12:05:45+00:00","og_image":[{"width":1500,"height":1500,"url":"https:\/\/tapir.de\/wp-content\/uploads\/2025\/01\/00908T_Glanzbuerste_mit-hellem_Ziegenhaar_1.jpg","type":"image\/jpeg"}],"twitter_card":"summary_large_image","twitter_misc":{"Dur\u00e9e de lecture estim\u00e9e":"2 minutes"},"schema":{"@context":"https:\/\/schema.org","@graph":[{"@type":"WebPage","@id":"https:\/\/tapir.de\/fr\/shop\/brosse-brillante-avec-un-leger-poil-de-chevre\/","url":"https:\/\/tapir.de\/fr\/shop\/brosse-brillante-avec-un-leger-poil-de-chevre\/","name":"Brosse brillante avec un l\u00e9ger poil de ch\u00e8vre - Tapir Wachswaren","isPartOf":{"@id":"https:\/\/tapir.de\/fr\/?lang=en\/#website"},"primaryImageOfPage":{"@id":"https:\/\/tapir.de\/fr\/shop\/brosse-brillante-avec-un-leger-poil-de-chevre\/#primaryimage"},"image":{"@id":"https:\/\/tapir.de\/fr\/shop\/brosse-brillante-avec-un-leger-poil-de-chevre\/#primaryimage"},"thumbnailUrl":"https:\/\/tapir.de\/wp-content\/uploads\/2025\/01\/00908T_Glanzbuerste_mit-hellem_Ziegenhaar_1.jpg","datePublished":"2021-04-14T12:24:31+00:00","dateModified":"2026-01-26T12:05:45+00:00","description":"Le pinceau cireur de chaussures Tapir en poil de ch\u00e8vre est un pinceau fin pour cirer les chaussures. Excellent pour nettoyer les chaussures et les cirer jusqu\u2019\u00e0 ce qu\u2019elles brillent.","breadcrumb":{"@id":"https:\/\/tapir.de\/fr\/shop\/brosse-brillante-avec-un-leger-poil-de-chevre\/#breadcrumb"},"inLanguage":"fr-FR","potentialAction":[{"@type":"ReadAction","target":["https:\/\/tapir.de\/fr\/shop\/brosse-brillante-avec-un-leger-poil-de-chevre\/"]}]},{"@type":"ImageObject","inLanguage":"fr-FR","@id":"https:\/\/tapir.de\/fr\/shop\/brosse-brillante-avec-un-leger-poil-de-chevre\/#primaryimage","url":"https:\/\/tapir.de\/wp-content\/uploads\/2025\/01\/00908T_Glanzbuerste_mit-hellem_Ziegenhaar_1.jpg","contentUrl":"https:\/\/tapir.de\/wp-content\/uploads\/2025\/01\/00908T_Glanzbuerste_mit-hellem_Ziegenhaar_1.jpg","width":1500,"height":1500},{"@type":"BreadcrumbList","@id":"https:\/\/tapir.de\/fr\/shop\/brosse-brillante-avec-un-leger-poil-de-chevre\/#breadcrumb","itemListElement":[{"@type":"ListItem","position":1,"name":"Startseite","item":"https:\/\/tapir.de\/fr\/"},{"@type":"ListItem","position":2,"name":"Boutique","item":"https:\/\/tapir.de\/fr\/boutique\/"},{"@type":"ListItem","position":3,"name":"Brosse brillante avec un l\u00e9ger poil de ch\u00e8vre"}]},{"@type":"WebSite","@id":"https:\/\/tapir.de\/fr\/?lang=en\/#website","url":"https:\/\/tapir.de\/fr\/?lang=en\/","name":"Tapir Wachswaren","description":"Nat\u00fcrliche Pflegeprodukte f\u00fcr Leder, Textil und Holz","publisher":{"@id":"https:\/\/tapir.de\/fr\/?lang=en\/#organization"},"potentialAction":[{"@type":"SearchAction","target":{"@type":"EntryPoint","urlTemplate":"https:\/\/tapir.de\/fr\/?lang=en\/?s={search_term_string}"},"query-input":{"@type":"PropertyValueSpecification","valueRequired":true,"valueName":"search_term_string"}}],"inLanguage":"fr-FR"},{"@type":"Organization","@id":"https:\/\/tapir.de\/fr\/?lang=en\/#organization","name":"Tapir Wachswaren","url":"https:\/\/tapir.de\/fr\/?lang=en\/","logo":{"@type":"ImageObject","inLanguage":"fr-FR","@id":"https:\/\/tapir.de\/fr\/?lang=en\/#\/schema\/logo\/image\/","url":"https:\/\/tapir.de\/wp-content\/uploads\/2020\/11\/cropped-TAPIR_Wachswaren_logo.png","contentUrl":"https:\/\/tapir.de\/wp-content\/uploads\/2020\/11\/cropped-TAPIR_Wachswaren_logo.png","width":512,"height":512,"caption":"Tapir Wachswaren"},"image":{"@id":"https:\/\/tapir.de\/fr\/?lang=en\/#\/schema\/logo\/image\/"},"sameAs":["https:\/\/www.facebook.com\/TapirWachswaren\/","https:\/\/www.instagram.com\/tapir_pflegeprodukte\/?hl=de"]}]}},"_links":{"self":[{"href":"https:\/\/tapir.de\/fr\/wp-json\/wp\/v2\/product\/20730","targetHints":{"allow":["GET"]}}],"collection":[{"href":"https:\/\/tapir.de\/fr\/wp-json\/wp\/v2\/product"}],"about":[{"href":"https:\/\/tapir.de\/fr\/wp-json\/wp\/v2\/types\/product"}],"wp:featuredmedia":[{"embeddable":true,"href":"https:\/\/tapir.de\/fr\/wp-json\/wp\/v2\/media\/20755"}],"wp:attachment":[{"href":"https:\/\/tapir.de\/fr\/wp-json\/wp\/v2\/media?parent=20730"}],"wp:term":[{"taxonomy":"product_brand","embeddable":true,"href":"https:\/\/tapir.de\/fr\/wp-json\/wp\/v2\/product_brand?post=20730"},{"taxonomy":"product_cat","embeddable":true,"href":"https:\/\/tapir.de\/fr\/wp-json\/wp\/v2\/product_cat?post=20730"},{"taxonomy":"product_tag","embeddable":true,"href":"https:\/\/tapir.de\/fr\/wp-json\/wp\/v2\/product_tag?post=20730"}],"curies":[{"name":"wp","href":"https:\/\/api.w.org\/{rel}","templated":true}]}}