{"id":20729,"date":"2022-04-21T13:53:44","date_gmt":"2022-04-21T11:53:44","guid":{"rendered":"https:\/\/tapir.de\/shop\/entretien-durable-du-plastique\/"},"modified":"2026-01-26T13:05:45","modified_gmt":"2026-01-26T12:05:45","slug":"entretien-durable-du-plastique","status":"publish","type":"product","link":"https:\/\/tapir.de\/fr\/shop\/entretien-durable-du-plastique\/","title":{"rendered":"Entretien durable du plastique"},"content":{"rendered":"<p class=\"whitespace-break-spaces\" dir=\"auto\"><span style=\"font-size: 120%; color: #a90533;\"><strong>Entretien plastique des tapirs \u2013 Brillance naturelle, protection durable<\/strong><\/span><\/p>\n<p class=\"whitespace-break-spaces\" dir=\"auto\"><strong>Pourquoi les soins plastiques fabriqu\u00e9s \u00e0 partir de mati\u00e8res premi\u00e8res naturelles ?<\/strong>  Le plastique est omnipr\u00e9sent \u2013 et avec les bons soins, il devient un compagnon durable. Nous allions durabilit\u00e9 et efficacit\u00e9 \u00e0 <strong>l\u2019entretien plastique Tapir<\/strong> : <strong>ingr\u00e9dients 100 % naturels<\/strong>, <strong>v\u00e9ganes<\/strong> et <strong>faits main en Allemagne<\/strong>. Notre formule nourrit, prot\u00e8ge et rafra\u00eechit les surfaces plastiques d\u00e9lav\u00e9es ou cassantes, \u00e0 l\u2019int\u00e9rieur comme \u00e0 l\u2019ext\u00e9rieur \u2013 <strong>sans produits chimiques, mais avec un effet maximal<\/strong>.  <\/p>\n<p><span style=\"font-size: 120%; color: #a90533;\"><strong>Pourquoi vous allez adorer ce traitement :<\/strong><\/span><\/p>\n<p class=\"whitespace-break-spaces\" dir=\"auto\"><strong>\u00c9nergie naturelle pour des r\u00e9sultats radiants<\/strong> Notre m\u00e9lange unique <em>d\u2019huile de lin, d\u2019huile de lallemantia, de vinaigre<\/em> et d\u2019huile d\u2019orange** (*certifi\u00e9 biologique) enl\u00e8ve doucement la salet\u00e9 et les taches tout en prot\u00e9geant le mat\u00e9riau du vieillissement. Le r\u00e9sultat ? <strong>Un plastique qui a l\u2019air neuf \u2013<\/strong> brillant, souple et r\u00e9sistant. <\/p>\n<p class=\"whitespace-break-spaces\" dir=\"auto\"><strong>Une durabilit\u00e9 que l\u2019on peut voir et ressentir<\/strong> Aucun compromis : Tapir Plastic Care est <strong>certifi\u00e9 NCP<\/strong>, <strong>constamment \u00e9cologique<\/strong> et disponible dans une <strong>bouteille en verre r\u00e9utilisable<\/strong>. Parce que nous croyons que le soin du plastique ne doit pas forc\u00e9ment se faire au d\u00e9triment de l\u2019environnement. <\/p>\n<p class=\"whitespace-break-spaces\" dir=\"auto\"><strong>Facile \u00e0 utiliser \u2013 avec un effet imm\u00e9diat<\/strong><\/p>\n<ol>\n<li>Nettoyez la surface (par exemple avec un chiffon doux ou un pinceau \u00e0 tapir).<\/li>\n<li>Appliquez les soins de mani\u00e8re uniforme et travaillez avec des mouvements circulaires.<\/li>\n<li>Temps d\u2019exposition court \u2013 essuyez l\u2019exc\u00e8s de produit.<\/li>\n<li><strong>C\u2019est fait !<\/strong>  Votre plastique brille \u00e0 nouveau en pleine brillance.<\/li>\n<\/ol>\n<p class=\"whitespace-break-spaces\" dir=\"auto\">\ud83d\udca1 <strong>Conseil :<\/strong> Une utilisation r\u00e9guli\u00e8re prolonge la dur\u00e9e de vie de vos produits en plastique et prot\u00e8ge contre le jaunissement et la fragilit\u00e9.<\/p>\n<p class=\"whitespace-break-spaces\" dir=\"auto\"><strong>Note :<\/strong> Pas adapt\u00e9 aux plastiques transparents.<\/p>\n<\/p>\n<p><span style=\"font-size: 120%; color: #a90533;\"><strong>\u00c0 quoi sert le soin plastique Tapir ?<\/strong><\/span><\/p>\n<p class=\"whitespace-break-spaces\" dir=\"auto\">\u2714 <strong>Des meubles de jardin<\/strong> qui devraient avoir l\u2019air neufs apr\u00e8s des ann\u00e9es. \u2714 <strong>Des int\u00e9rieurs de voiture<\/strong> qui paraissent soign\u00e9s et frais. \u2714 <strong>Des objets m\u00e9nagers<\/strong> en plastique qui doivent rester durables. \u2714 <strong>Toute personne qui valorise la durabilit\u00e9 et les soins naturels<\/strong>.   <\/p>\n<p><span style=\"font-size: 120%; color: #a90533;\"><strong>Ce qu\u2019il y a \u00e0 l\u2019int\u00e9rieur :<\/strong><\/span><\/p>\n<p class=\"whitespace-break-spaces\" dir=\"auto\"><strong>200 ml dans une bouteille en verre de haute qualit\u00e9<\/strong> \u2013 emballage sans plastique. <br \/><strong>Fait main en Allemagne<\/strong> \u2013 avec une attention aux d\u00e9tails.<br \/><strong>V\u00e9gane et sans produits chimiques nocifs<\/strong> \u2013 s\u00fbr pour vous et pour l\u2019environnement.<\/p>\n<\/p>\n<p><strong>Commandez maintenant et am\u00e9liorez durablement votre plastique !<\/strong> Avec Tapir Plastic Care, vous pouvez donner une seconde vie \u00e0 vos pi\u00e8ces pr\u00e9f\u00e9r\u00e9es \u2013 <strong>naturellement, efficacement et en toute conscience<\/strong>.<\/p>\n<p><strong>Des questions ?<\/strong>  Nous serons ravis de vous conseiller \u2013 pour des r\u00e9sultats radieux et un avenir propre !<\/p>\n","protected":false},"excerpt":{"rendered":"<p>Rafra\u00eechissement de couleur et protection contre les plastiques gris\u00e9s et cassants \u00e0 l\u2019int\u00e9rieur et \u00e0 l\u2019ext\u00e9rieur<\/p>\n<p>Contenu : 200 ml en bouteille<\/p>\n","protected":false},"featured_media":20739,"template":"","meta":[],"product_brand":[],"product_cat":[884],"product_tag":[862,861],"class_list":{"0":"post-20729","1":"product","2":"type-product","3":"status-publish","4":"has-post-thumbnail","6":"product_cat-entretien-des-matieres-plastiques","7":"product_tag-plastiques","8":"product_tag-surface-plastique","9":"pa_geeignet-fuer-antiquites","10":"pa_geeignet-fuer-chaises-de-design-plastique","11":"pa_geeignet-fuer-mobilier","12":"pa_geeignet-fuer-mobilier-de-jardin","13":"pa_geeignet-fuer-plastiques-lisses","15":"first","16":"instock","17":"taxable","18":"shipping-taxable","19":"purchasable","20":"product-type-simple"},"yoast_head":"<!-- This site is optimized with the Yoast SEO plugin v27.4 - https:\/\/yoast.com\/product\/yoast-seo-wordpress\/ -->\n<title>Entretien durable du plastique - Tapir Wachswaren<\/title>\n<meta name=\"description\" content=\"Prenez soin des surfaces en plastique avec des produits naturels de Tapir. Fabriqu\u00e9s \u00e0 partir de mati\u00e8res premi\u00e8res naturelles pour assurer la long\u00e9vit\u00e9 de leurs produits plastiques.\" \/>\n<meta name=\"robots\" content=\"index, follow, max-snippet:-1, max-image-preview:large, max-video-preview:-1\" \/>\n<link rel=\"canonical\" href=\"https:\/\/tapir.de\/fr\/shop\/entretien-durable-du-plastique\/\" \/>\n<meta property=\"og:locale\" content=\"fr_FR\" \/>\n<meta property=\"og:type\" content=\"article\" \/>\n<meta property=\"og:title\" content=\"Entretien durable du plastique - Tapir Wachswaren\" \/>\n<meta property=\"og:description\" content=\"Prenez soin des surfaces en plastique avec des produits naturels de Tapir. Fabriqu\u00e9s \u00e0 partir de mati\u00e8res premi\u00e8res naturelles pour assurer la long\u00e9vit\u00e9 de leurs produits plastiques.\" \/>\n<meta property=\"og:url\" content=\"https:\/\/tapir.de\/fr\/shop\/entretien-durable-du-plastique\/\" \/>\n<meta property=\"og:site_name\" content=\"Tapir Wachswaren\" \/>\n<meta property=\"article:publisher\" content=\"https:\/\/www.facebook.com\/TapirWachswaren\/\" \/>\n<meta property=\"article:modified_time\" content=\"2026-01-26T12:05:45+00:00\" \/>\n<meta property=\"og:image\" content=\"https:\/\/tapir.de\/wp-content\/uploads\/2020\/05\/72200-Kunststoffpfelge-Tapir.jpg\" \/>\n\t<meta property=\"og:image:width\" content=\"1500\" \/>\n\t<meta property=\"og:image:height\" content=\"1500\" \/>\n\t<meta property=\"og:image:type\" content=\"image\/jpeg\" \/>\n<meta name=\"twitter:card\" content=\"summary_large_image\" \/>\n<meta name=\"twitter:label1\" content=\"Dur\u00e9e de lecture estim\u00e9e\" \/>\n\t<meta name=\"twitter:data1\" content=\"2 minutes\" \/>\n<script type=\"application\/ld+json\" class=\"yoast-schema-graph\">{\"@context\":\"https:\\\/\\\/schema.org\",\"@graph\":[{\"@type\":\"WebPage\",\"@id\":\"https:\\\/\\\/tapir.de\\\/fr\\\/shop\\\/entretien-durable-du-plastique\\\/\",\"url\":\"https:\\\/\\\/tapir.de\\\/fr\\\/shop\\\/entretien-durable-du-plastique\\\/\",\"name\":\"Entretien durable du plastique - Tapir Wachswaren\",\"isPartOf\":{\"@id\":\"https:\\\/\\\/tapir.de\\\/fr\\\/?lang=en\\\/#website\"},\"primaryImageOfPage\":{\"@id\":\"https:\\\/\\\/tapir.de\\\/fr\\\/shop\\\/entretien-durable-du-plastique\\\/#primaryimage\"},\"image\":{\"@id\":\"https:\\\/\\\/tapir.de\\\/fr\\\/shop\\\/entretien-durable-du-plastique\\\/#primaryimage\"},\"thumbnailUrl\":\"https:\\\/\\\/tapir.de\\\/wp-content\\\/uploads\\\/2020\\\/05\\\/72200-Kunststoffpfelge-Tapir.jpg\",\"datePublished\":\"2022-04-21T11:53:44+00:00\",\"dateModified\":\"2026-01-26T12:05:45+00:00\",\"description\":\"Prenez soin des surfaces en plastique avec des produits naturels de Tapir. Fabriqu\u00e9s \u00e0 partir de mati\u00e8res premi\u00e8res naturelles pour assurer la long\u00e9vit\u00e9 de leurs produits plastiques.\",\"breadcrumb\":{\"@id\":\"https:\\\/\\\/tapir.de\\\/fr\\\/shop\\\/entretien-durable-du-plastique\\\/#breadcrumb\"},\"inLanguage\":\"fr-FR\",\"potentialAction\":[{\"@type\":\"ReadAction\",\"target\":[\"https:\\\/\\\/tapir.de\\\/fr\\\/shop\\\/entretien-durable-du-plastique\\\/\"]}]},{\"@type\":\"ImageObject\",\"inLanguage\":\"fr-FR\",\"@id\":\"https:\\\/\\\/tapir.de\\\/fr\\\/shop\\\/entretien-durable-du-plastique\\\/#primaryimage\",\"url\":\"https:\\\/\\\/tapir.de\\\/wp-content\\\/uploads\\\/2020\\\/05\\\/72200-Kunststoffpfelge-Tapir.jpg\",\"contentUrl\":\"https:\\\/\\\/tapir.de\\\/wp-content\\\/uploads\\\/2020\\\/05\\\/72200-Kunststoffpfelge-Tapir.jpg\",\"width\":1500,\"height\":1500},{\"@type\":\"BreadcrumbList\",\"@id\":\"https:\\\/\\\/tapir.de\\\/fr\\\/shop\\\/entretien-durable-du-plastique\\\/#breadcrumb\",\"itemListElement\":[{\"@type\":\"ListItem\",\"position\":1,\"name\":\"Startseite\",\"item\":\"https:\\\/\\\/tapir.de\\\/fr\\\/\"},{\"@type\":\"ListItem\",\"position\":2,\"name\":\"Boutique\",\"item\":\"https:\\\/\\\/tapir.de\\\/fr\\\/boutique\\\/\"},{\"@type\":\"ListItem\",\"position\":3,\"name\":\"Entretien durable du plastique\"}]},{\"@type\":\"WebSite\",\"@id\":\"https:\\\/\\\/tapir.de\\\/fr\\\/?lang=en\\\/#website\",\"url\":\"https:\\\/\\\/tapir.de\\\/fr\\\/?lang=en\\\/\",\"name\":\"Tapir Wachswaren\",\"description\":\"Nat\u00fcrliche Pflegeprodukte f\u00fcr Leder, Textil und Holz\",\"publisher\":{\"@id\":\"https:\\\/\\\/tapir.de\\\/fr\\\/?lang=en\\\/#organization\"},\"potentialAction\":[{\"@type\":\"SearchAction\",\"target\":{\"@type\":\"EntryPoint\",\"urlTemplate\":\"https:\\\/\\\/tapir.de\\\/fr\\\/?lang=en\\\/?s={search_term_string}\"},\"query-input\":{\"@type\":\"PropertyValueSpecification\",\"valueRequired\":true,\"valueName\":\"search_term_string\"}}],\"inLanguage\":\"fr-FR\"},{\"@type\":\"Organization\",\"@id\":\"https:\\\/\\\/tapir.de\\\/fr\\\/?lang=en\\\/#organization\",\"name\":\"Tapir Wachswaren\",\"url\":\"https:\\\/\\\/tapir.de\\\/fr\\\/?lang=en\\\/\",\"logo\":{\"@type\":\"ImageObject\",\"inLanguage\":\"fr-FR\",\"@id\":\"https:\\\/\\\/tapir.de\\\/fr\\\/?lang=en\\\/#\\\/schema\\\/logo\\\/image\\\/\",\"url\":\"https:\\\/\\\/tapir.de\\\/wp-content\\\/uploads\\\/2020\\\/11\\\/cropped-TAPIR_Wachswaren_logo.png\",\"contentUrl\":\"https:\\\/\\\/tapir.de\\\/wp-content\\\/uploads\\\/2020\\\/11\\\/cropped-TAPIR_Wachswaren_logo.png\",\"width\":512,\"height\":512,\"caption\":\"Tapir Wachswaren\"},\"image\":{\"@id\":\"https:\\\/\\\/tapir.de\\\/fr\\\/?lang=en\\\/#\\\/schema\\\/logo\\\/image\\\/\"},\"sameAs\":[\"https:\\\/\\\/www.facebook.com\\\/TapirWachswaren\\\/\",\"https:\\\/\\\/www.instagram.com\\\/tapir_pflegeprodukte\\\/?hl=de\"]}]}<\/script>\n<!-- \/ Yoast SEO plugin. -->","yoast_head_json":{"title":"Entretien durable du plastique - Tapir Wachswaren","description":"Prenez soin des surfaces en plastique avec des produits naturels de Tapir. Fabriqu\u00e9s \u00e0 partir de mati\u00e8res premi\u00e8res naturelles pour assurer la long\u00e9vit\u00e9 de leurs produits plastiques.","robots":{"index":"index","follow":"follow","max-snippet":"max-snippet:-1","max-image-preview":"max-image-preview:large","max-video-preview":"max-video-preview:-1"},"canonical":"https:\/\/tapir.de\/fr\/shop\/entretien-durable-du-plastique\/","og_locale":"fr_FR","og_type":"article","og_title":"Entretien durable du plastique - Tapir Wachswaren","og_description":"Prenez soin des surfaces en plastique avec des produits naturels de Tapir. Fabriqu\u00e9s \u00e0 partir de mati\u00e8res premi\u00e8res naturelles pour assurer la long\u00e9vit\u00e9 de leurs produits plastiques.","og_url":"https:\/\/tapir.de\/fr\/shop\/entretien-durable-du-plastique\/","og_site_name":"Tapir Wachswaren","article_publisher":"https:\/\/www.facebook.com\/TapirWachswaren\/","article_modified_time":"2026-01-26T12:05:45+00:00","og_image":[{"width":1500,"height":1500,"url":"https:\/\/tapir.de\/wp-content\/uploads\/2020\/05\/72200-Kunststoffpfelge-Tapir.jpg","type":"image\/jpeg"}],"twitter_card":"summary_large_image","twitter_misc":{"Dur\u00e9e de lecture estim\u00e9e":"2 minutes"},"schema":{"@context":"https:\/\/schema.org","@graph":[{"@type":"WebPage","@id":"https:\/\/tapir.de\/fr\/shop\/entretien-durable-du-plastique\/","url":"https:\/\/tapir.de\/fr\/shop\/entretien-durable-du-plastique\/","name":"Entretien durable du plastique - Tapir Wachswaren","isPartOf":{"@id":"https:\/\/tapir.de\/fr\/?lang=en\/#website"},"primaryImageOfPage":{"@id":"https:\/\/tapir.de\/fr\/shop\/entretien-durable-du-plastique\/#primaryimage"},"image":{"@id":"https:\/\/tapir.de\/fr\/shop\/entretien-durable-du-plastique\/#primaryimage"},"thumbnailUrl":"https:\/\/tapir.de\/wp-content\/uploads\/2020\/05\/72200-Kunststoffpfelge-Tapir.jpg","datePublished":"2022-04-21T11:53:44+00:00","dateModified":"2026-01-26T12:05:45+00:00","description":"Prenez soin des surfaces en plastique avec des produits naturels de Tapir. Fabriqu\u00e9s \u00e0 partir de mati\u00e8res premi\u00e8res naturelles pour assurer la long\u00e9vit\u00e9 de leurs produits plastiques.","breadcrumb":{"@id":"https:\/\/tapir.de\/fr\/shop\/entretien-durable-du-plastique\/#breadcrumb"},"inLanguage":"fr-FR","potentialAction":[{"@type":"ReadAction","target":["https:\/\/tapir.de\/fr\/shop\/entretien-durable-du-plastique\/"]}]},{"@type":"ImageObject","inLanguage":"fr-FR","@id":"https:\/\/tapir.de\/fr\/shop\/entretien-durable-du-plastique\/#primaryimage","url":"https:\/\/tapir.de\/wp-content\/uploads\/2020\/05\/72200-Kunststoffpfelge-Tapir.jpg","contentUrl":"https:\/\/tapir.de\/wp-content\/uploads\/2020\/05\/72200-Kunststoffpfelge-Tapir.jpg","width":1500,"height":1500},{"@type":"BreadcrumbList","@id":"https:\/\/tapir.de\/fr\/shop\/entretien-durable-du-plastique\/#breadcrumb","itemListElement":[{"@type":"ListItem","position":1,"name":"Startseite","item":"https:\/\/tapir.de\/fr\/"},{"@type":"ListItem","position":2,"name":"Boutique","item":"https:\/\/tapir.de\/fr\/boutique\/"},{"@type":"ListItem","position":3,"name":"Entretien durable du plastique"}]},{"@type":"WebSite","@id":"https:\/\/tapir.de\/fr\/?lang=en\/#website","url":"https:\/\/tapir.de\/fr\/?lang=en\/","name":"Tapir Wachswaren","description":"Nat\u00fcrliche Pflegeprodukte f\u00fcr Leder, Textil und Holz","publisher":{"@id":"https:\/\/tapir.de\/fr\/?lang=en\/#organization"},"potentialAction":[{"@type":"SearchAction","target":{"@type":"EntryPoint","urlTemplate":"https:\/\/tapir.de\/fr\/?lang=en\/?s={search_term_string}"},"query-input":{"@type":"PropertyValueSpecification","valueRequired":true,"valueName":"search_term_string"}}],"inLanguage":"fr-FR"},{"@type":"Organization","@id":"https:\/\/tapir.de\/fr\/?lang=en\/#organization","name":"Tapir Wachswaren","url":"https:\/\/tapir.de\/fr\/?lang=en\/","logo":{"@type":"ImageObject","inLanguage":"fr-FR","@id":"https:\/\/tapir.de\/fr\/?lang=en\/#\/schema\/logo\/image\/","url":"https:\/\/tapir.de\/wp-content\/uploads\/2020\/11\/cropped-TAPIR_Wachswaren_logo.png","contentUrl":"https:\/\/tapir.de\/wp-content\/uploads\/2020\/11\/cropped-TAPIR_Wachswaren_logo.png","width":512,"height":512,"caption":"Tapir Wachswaren"},"image":{"@id":"https:\/\/tapir.de\/fr\/?lang=en\/#\/schema\/logo\/image\/"},"sameAs":["https:\/\/www.facebook.com\/TapirWachswaren\/","https:\/\/www.instagram.com\/tapir_pflegeprodukte\/?hl=de"]}]}},"_links":{"self":[{"href":"https:\/\/tapir.de\/fr\/wp-json\/wp\/v2\/product\/20729","targetHints":{"allow":["GET"]}}],"collection":[{"href":"https:\/\/tapir.de\/fr\/wp-json\/wp\/v2\/product"}],"about":[{"href":"https:\/\/tapir.de\/fr\/wp-json\/wp\/v2\/types\/product"}],"wp:featuredmedia":[{"embeddable":true,"href":"https:\/\/tapir.de\/fr\/wp-json\/wp\/v2\/media\/20739"}],"wp:attachment":[{"href":"https:\/\/tapir.de\/fr\/wp-json\/wp\/v2\/media?parent=20729"}],"wp:term":[{"taxonomy":"product_brand","embeddable":true,"href":"https:\/\/tapir.de\/fr\/wp-json\/wp\/v2\/product_brand?post=20729"},{"taxonomy":"product_cat","embeddable":true,"href":"https:\/\/tapir.de\/fr\/wp-json\/wp\/v2\/product_cat?post=20729"},{"taxonomy":"product_tag","embeddable":true,"href":"https:\/\/tapir.de\/fr\/wp-json\/wp\/v2\/product_tag?post=20729"}],"curies":[{"name":"wp","href":"https:\/\/api.w.org\/{rel}","templated":true}]}}