{"id":20728,"date":"2024-07-24T09:35:18","date_gmt":"2024-07-24T07:35:18","guid":{"rendered":"https:\/\/tapir.de\/shop\/tissu-naturel-pour-cirer-les-chaussures\/"},"modified":"2026-01-26T13:05:45","modified_gmt":"2026-01-26T12:05:45","slug":"tissu-naturel-pour-cirer-les-chaussures","status":"publish","type":"product","link":"https:\/\/tapir.de\/fr\/shop\/tissu-naturel-pour-cirer-les-chaussures\/","title":{"rendered":"Tissu naturel pour cirer les chaussures"},"content":{"rendered":"<h2><span style=\"font-size: 85%;\"><strong><span style=\"color: #a90533;\">Le tissu naturel en coton pour cirer les chaussures : indispensable pour l\u2019entretien des chaussures et du cuir<\/span><\/strong><\/span><\/h2>\n<p>Le tissu naturel en coton tapir est un outil essentiel pour l\u2019entretien de vos chaussures et est fabriqu\u00e9 \u00e0 100 % en coton de haute qualit\u00e9. Cette fibre naturelle prot\u00e8ge et polit le cuir de vos chaussures. Il peut \u00eatre utilis\u00e9 \u00e0 la fois pour l\u2019application de produits de soins naturels et pour le polissage apr\u00e8s l\u2019application de cirage \u00e0 chaussures ou d\u2019impr\u00e9gnation. Avec une taille pratique de 33 x 38 centim\u00e8tres, le tissu en coton est suffisamment grand pour \u00eatre utilis\u00e9 efficacement dans l\u2019entretien des chaussures. Elle offre suffisamment de surface pour s\u2019adapter sans effort \u00e0 toutes les chaussures, qu\u2019il s\u2019agisse de bottes, de baskets ou de chaussures en cuir \u00e9l\u00e9gantes. En plus de l\u2019entretien des chaussures, elle est \u00e9galement id\u00e9ale pour d\u2019autres produits en cuir tels que les sacs, les ceintures ou les meubles en cuir.     <\/p>\n<p>Que vous soyez un passionn\u00e9 de chaussures ou que vous appr\u00e9ciiez simplement des chaussures bien soign\u00e9es, le tissu en coton Tapir est l\u2019outil id\u00e9al pour pr\u00e9server l\u2019\u00e9clat naturel de vos chaussures en cuir. Avec sa qualit\u00e9 de coton de haute qualit\u00e9 et sa taille pratique, c\u2019est un accessoire indispensable pour toute personne qui se soucie de la qualit\u00e9 et de la durabilit\u00e9. <\/p>\n<p><span style=\"font-size: 140%;\"><strong><span style=\"color: #a90533;\">Caract\u00e9ristiques du produit :<\/span><\/strong><\/span><\/p>\n<ul>\n<li>Pour l\u2019application de produits d\u2019entretien des tapirs, tels que l\u2019huile de cuir, la cr\u00e8me de soin du cuir, le baume ou la graisse pour cuir<\/li>\n<li>Pour le post-polissage<\/li>\n<li>Fabriqu\u00e9 \u00e0 100 % coton<\/li>\n<li>avec le logo Tapir en noir<\/li>\n<li>33 x 38 centim\u00e8tres<\/li>\n<li>Fabriqu\u00e9 en Allemagne<\/li>\n<\/ul>\n","protected":false},"excerpt":{"rendered":"<hr>\n<p>Chiffon en coton naturel pour cirer les chaussures \u2013 pour appliquer et polir les produits de soin<\/p>\n","protected":false},"featured_media":20781,"template":"","meta":[],"product_brand":[],"product_cat":[865],"product_tag":[871],"class_list":{"0":"post-20728","1":"product","2":"type-product","3":"status-publish","4":"has-post-thumbnail","6":"product_cat-accessoires","7":"product_tag-nettoyage","8":"pa_geeignet-fuer-antiquites","9":"pa_geeignet-fuer-baskets","10":"pa_geeignet-fuer-bottes-dequitation","11":"pa_geeignet-fuer-budapest","12":"pa_geeignet-fuer-bureau","13":"pa_geeignet-fuer-canape","14":"pa_geeignet-fuer-chaussures","15":"pa_geeignet-fuer-chaussures-de-bateau","16":"pa_geeignet-fuer-chaussures-de-randonnee","17":"pa_geeignet-fuer-chaussures-de-travail","18":"pa_geeignet-fuer-chaussures-en-daim","19":"pa_geeignet-fuer-chaussures-nubuck","20":"pa_geeignet-fuer-chaussures-orthopediques","21":"pa_geeignet-fuer-chaussures-pour-femmes","22":"pa_geeignet-fuer-chaussures-pour-hommes","23":"pa_geeignet-fuer-chaussures-professionnelles","24":"pa_geeignet-fuer-chaussures-sur-mesure","25":"pa_geeignet-fuer-couvertures-de-livres-en-cuir","26":"pa_geeignet-fuer-etui-en-cuir","27":"pa_geeignet-fuer-fauteuil","28":"pa_geeignet-fuer-lederhosen","29":"pa_geeignet-fuer-liege","30":"pa_geeignet-fuer-linoleum","31":"pa_geeignet-fuer-marbre","32":"pa_geeignet-fuer-mobilier","33":"pa_geeignet-fuer-mobilier-en-bois","34":"pa_geeignet-fuer-mobilier-en-cuir","35":"pa_geeignet-fuer-plancher-en-bois","36":"pa_geeignet-fuer-plastiques-lisses","37":"pa_geeignet-fuer-plateau","38":"pa_geeignet-fuer-president","39":"pa_geeignet-fuer-sac-en-cuir","40":"pa_geeignet-fuer-sac-en-cuir-fin","41":"pa_geeignet-fuer-veste-en-cuir","42":"pa_geeignet-fuer-vetements-fonctionnels","44":"first","45":"instock","46":"taxable","47":"shipping-taxable","48":"purchasable","49":"product-type-simple"},"yoast_head":"<!-- This site is optimized with the Yoast SEO plugin v27.3 - https:\/\/yoast.com\/product\/yoast-seo-wordpress\/ -->\n<title>Tissu naturel pour cirer les chaussures - Tapir Wachswaren<\/title>\n<meta name=\"description\" content=\"Tissu en coton naturel pour cirer les chaussures - pour appliquer et cirer les soins durables des chaussures de Tapir\" \/>\n<meta name=\"robots\" content=\"index, follow, max-snippet:-1, max-image-preview:large, max-video-preview:-1\" \/>\n<link rel=\"canonical\" href=\"https:\/\/tapir.de\/fr\/shop\/tissu-naturel-pour-cirer-les-chaussures\/\" \/>\n<meta property=\"og:locale\" content=\"fr_FR\" \/>\n<meta property=\"og:type\" content=\"article\" \/>\n<meta property=\"og:title\" content=\"Tissu naturel pour cirer les chaussures - Tapir Wachswaren\" \/>\n<meta property=\"og:description\" content=\"Tissu en coton naturel pour cirer les chaussures - pour appliquer et cirer les soins durables des chaussures de Tapir\" \/>\n<meta property=\"og:url\" content=\"https:\/\/tapir.de\/fr\/shop\/tissu-naturel-pour-cirer-les-chaussures\/\" \/>\n<meta property=\"og:site_name\" content=\"Tapir Wachswaren\" \/>\n<meta property=\"article:publisher\" content=\"https:\/\/www.facebook.com\/TapirWachswaren\/\" \/>\n<meta property=\"article:modified_time\" content=\"2026-01-26T12:05:45+00:00\" \/>\n<meta property=\"og:image\" content=\"https:\/\/tapir.de\/wp-content\/uploads\/2024\/07\/DSC_2423.jpeg\" \/>\n\t<meta property=\"og:image:width\" content=\"1600\" \/>\n\t<meta property=\"og:image:height\" content=\"1002\" \/>\n\t<meta property=\"og:image:type\" content=\"image\/jpeg\" \/>\n<meta name=\"twitter:card\" content=\"summary_large_image\" \/>\n<meta name=\"twitter:label1\" content=\"Dur\u00e9e de lecture estim\u00e9e\" \/>\n\t<meta name=\"twitter:data1\" content=\"1 minute\" \/>\n<script type=\"application\/ld+json\" class=\"yoast-schema-graph\">{\"@context\":\"https:\\\/\\\/schema.org\",\"@graph\":[{\"@type\":\"WebPage\",\"@id\":\"https:\\\/\\\/tapir.de\\\/fr\\\/shop\\\/tissu-naturel-pour-cirer-les-chaussures\\\/\",\"url\":\"https:\\\/\\\/tapir.de\\\/fr\\\/shop\\\/tissu-naturel-pour-cirer-les-chaussures\\\/\",\"name\":\"Tissu naturel pour cirer les chaussures - Tapir Wachswaren\",\"isPartOf\":{\"@id\":\"https:\\\/\\\/tapir.de\\\/fr\\\/?lang=en\\\/#website\"},\"primaryImageOfPage\":{\"@id\":\"https:\\\/\\\/tapir.de\\\/fr\\\/shop\\\/tissu-naturel-pour-cirer-les-chaussures\\\/#primaryimage\"},\"image\":{\"@id\":\"https:\\\/\\\/tapir.de\\\/fr\\\/shop\\\/tissu-naturel-pour-cirer-les-chaussures\\\/#primaryimage\"},\"thumbnailUrl\":\"https:\\\/\\\/tapir.de\\\/wp-content\\\/uploads\\\/2024\\\/07\\\/DSC_2423.jpeg\",\"datePublished\":\"2024-07-24T07:35:18+00:00\",\"dateModified\":\"2026-01-26T12:05:45+00:00\",\"description\":\"Tissu en coton naturel pour cirer les chaussures - pour appliquer et cirer les soins durables des chaussures de Tapir\",\"breadcrumb\":{\"@id\":\"https:\\\/\\\/tapir.de\\\/fr\\\/shop\\\/tissu-naturel-pour-cirer-les-chaussures\\\/#breadcrumb\"},\"inLanguage\":\"fr-FR\",\"potentialAction\":[{\"@type\":\"ReadAction\",\"target\":[\"https:\\\/\\\/tapir.de\\\/fr\\\/shop\\\/tissu-naturel-pour-cirer-les-chaussures\\\/\"]}]},{\"@type\":\"ImageObject\",\"inLanguage\":\"fr-FR\",\"@id\":\"https:\\\/\\\/tapir.de\\\/fr\\\/shop\\\/tissu-naturel-pour-cirer-les-chaussures\\\/#primaryimage\",\"url\":\"https:\\\/\\\/tapir.de\\\/wp-content\\\/uploads\\\/2024\\\/07\\\/DSC_2423.jpeg\",\"contentUrl\":\"https:\\\/\\\/tapir.de\\\/wp-content\\\/uploads\\\/2024\\\/07\\\/DSC_2423.jpeg\",\"width\":1600,\"height\":1002,\"caption\":\"Tissu de coton avec imprim\u00e9 tapir\"},{\"@type\":\"BreadcrumbList\",\"@id\":\"https:\\\/\\\/tapir.de\\\/fr\\\/shop\\\/tissu-naturel-pour-cirer-les-chaussures\\\/#breadcrumb\",\"itemListElement\":[{\"@type\":\"ListItem\",\"position\":1,\"name\":\"Startseite\",\"item\":\"https:\\\/\\\/tapir.de\\\/fr\\\/\"},{\"@type\":\"ListItem\",\"position\":2,\"name\":\"Boutique\",\"item\":\"https:\\\/\\\/tapir.de\\\/fr\\\/boutique\\\/\"},{\"@type\":\"ListItem\",\"position\":3,\"name\":\"Tissu naturel pour cirer les chaussures\"}]},{\"@type\":\"WebSite\",\"@id\":\"https:\\\/\\\/tapir.de\\\/fr\\\/?lang=en\\\/#website\",\"url\":\"https:\\\/\\\/tapir.de\\\/fr\\\/?lang=en\\\/\",\"name\":\"Tapir Wachswaren\",\"description\":\"Nat\u00fcrliche Pflegeprodukte f\u00fcr Leder, Textil und Holz\",\"publisher\":{\"@id\":\"https:\\\/\\\/tapir.de\\\/fr\\\/?lang=en\\\/#organization\"},\"potentialAction\":[{\"@type\":\"SearchAction\",\"target\":{\"@type\":\"EntryPoint\",\"urlTemplate\":\"https:\\\/\\\/tapir.de\\\/fr\\\/?lang=en\\\/?s={search_term_string}\"},\"query-input\":{\"@type\":\"PropertyValueSpecification\",\"valueRequired\":true,\"valueName\":\"search_term_string\"}}],\"inLanguage\":\"fr-FR\"},{\"@type\":\"Organization\",\"@id\":\"https:\\\/\\\/tapir.de\\\/fr\\\/?lang=en\\\/#organization\",\"name\":\"Tapir Wachswaren\",\"url\":\"https:\\\/\\\/tapir.de\\\/fr\\\/?lang=en\\\/\",\"logo\":{\"@type\":\"ImageObject\",\"inLanguage\":\"fr-FR\",\"@id\":\"https:\\\/\\\/tapir.de\\\/fr\\\/?lang=en\\\/#\\\/schema\\\/logo\\\/image\\\/\",\"url\":\"https:\\\/\\\/tapir.de\\\/wp-content\\\/uploads\\\/2020\\\/11\\\/cropped-TAPIR_Wachswaren_logo.png\",\"contentUrl\":\"https:\\\/\\\/tapir.de\\\/wp-content\\\/uploads\\\/2020\\\/11\\\/cropped-TAPIR_Wachswaren_logo.png\",\"width\":512,\"height\":512,\"caption\":\"Tapir Wachswaren\"},\"image\":{\"@id\":\"https:\\\/\\\/tapir.de\\\/fr\\\/?lang=en\\\/#\\\/schema\\\/logo\\\/image\\\/\"},\"sameAs\":[\"https:\\\/\\\/www.facebook.com\\\/TapirWachswaren\\\/\",\"https:\\\/\\\/www.instagram.com\\\/tapir_pflegeprodukte\\\/?hl=de\"]}]}<\/script>\n<!-- \/ Yoast SEO plugin. -->","yoast_head_json":{"title":"Tissu naturel pour cirer les chaussures - Tapir Wachswaren","description":"Tissu en coton naturel pour cirer les chaussures - pour appliquer et cirer les soins durables des chaussures de Tapir","robots":{"index":"index","follow":"follow","max-snippet":"max-snippet:-1","max-image-preview":"max-image-preview:large","max-video-preview":"max-video-preview:-1"},"canonical":"https:\/\/tapir.de\/fr\/shop\/tissu-naturel-pour-cirer-les-chaussures\/","og_locale":"fr_FR","og_type":"article","og_title":"Tissu naturel pour cirer les chaussures - Tapir Wachswaren","og_description":"Tissu en coton naturel pour cirer les chaussures - pour appliquer et cirer les soins durables des chaussures de Tapir","og_url":"https:\/\/tapir.de\/fr\/shop\/tissu-naturel-pour-cirer-les-chaussures\/","og_site_name":"Tapir Wachswaren","article_publisher":"https:\/\/www.facebook.com\/TapirWachswaren\/","article_modified_time":"2026-01-26T12:05:45+00:00","og_image":[{"width":1600,"height":1002,"url":"https:\/\/tapir.de\/wp-content\/uploads\/2024\/07\/DSC_2423.jpeg","type":"image\/jpeg"}],"twitter_card":"summary_large_image","twitter_misc":{"Dur\u00e9e de lecture estim\u00e9e":"1 minute"},"schema":{"@context":"https:\/\/schema.org","@graph":[{"@type":"WebPage","@id":"https:\/\/tapir.de\/fr\/shop\/tissu-naturel-pour-cirer-les-chaussures\/","url":"https:\/\/tapir.de\/fr\/shop\/tissu-naturel-pour-cirer-les-chaussures\/","name":"Tissu naturel pour cirer les chaussures - Tapir Wachswaren","isPartOf":{"@id":"https:\/\/tapir.de\/fr\/?lang=en\/#website"},"primaryImageOfPage":{"@id":"https:\/\/tapir.de\/fr\/shop\/tissu-naturel-pour-cirer-les-chaussures\/#primaryimage"},"image":{"@id":"https:\/\/tapir.de\/fr\/shop\/tissu-naturel-pour-cirer-les-chaussures\/#primaryimage"},"thumbnailUrl":"https:\/\/tapir.de\/wp-content\/uploads\/2024\/07\/DSC_2423.jpeg","datePublished":"2024-07-24T07:35:18+00:00","dateModified":"2026-01-26T12:05:45+00:00","description":"Tissu en coton naturel pour cirer les chaussures - pour appliquer et cirer les soins durables des chaussures de Tapir","breadcrumb":{"@id":"https:\/\/tapir.de\/fr\/shop\/tissu-naturel-pour-cirer-les-chaussures\/#breadcrumb"},"inLanguage":"fr-FR","potentialAction":[{"@type":"ReadAction","target":["https:\/\/tapir.de\/fr\/shop\/tissu-naturel-pour-cirer-les-chaussures\/"]}]},{"@type":"ImageObject","inLanguage":"fr-FR","@id":"https:\/\/tapir.de\/fr\/shop\/tissu-naturel-pour-cirer-les-chaussures\/#primaryimage","url":"https:\/\/tapir.de\/wp-content\/uploads\/2024\/07\/DSC_2423.jpeg","contentUrl":"https:\/\/tapir.de\/wp-content\/uploads\/2024\/07\/DSC_2423.jpeg","width":1600,"height":1002,"caption":"Tissu de coton avec imprim\u00e9 tapir"},{"@type":"BreadcrumbList","@id":"https:\/\/tapir.de\/fr\/shop\/tissu-naturel-pour-cirer-les-chaussures\/#breadcrumb","itemListElement":[{"@type":"ListItem","position":1,"name":"Startseite","item":"https:\/\/tapir.de\/fr\/"},{"@type":"ListItem","position":2,"name":"Boutique","item":"https:\/\/tapir.de\/fr\/boutique\/"},{"@type":"ListItem","position":3,"name":"Tissu naturel pour cirer les chaussures"}]},{"@type":"WebSite","@id":"https:\/\/tapir.de\/fr\/?lang=en\/#website","url":"https:\/\/tapir.de\/fr\/?lang=en\/","name":"Tapir Wachswaren","description":"Nat\u00fcrliche Pflegeprodukte f\u00fcr Leder, Textil und Holz","publisher":{"@id":"https:\/\/tapir.de\/fr\/?lang=en\/#organization"},"potentialAction":[{"@type":"SearchAction","target":{"@type":"EntryPoint","urlTemplate":"https:\/\/tapir.de\/fr\/?lang=en\/?s={search_term_string}"},"query-input":{"@type":"PropertyValueSpecification","valueRequired":true,"valueName":"search_term_string"}}],"inLanguage":"fr-FR"},{"@type":"Organization","@id":"https:\/\/tapir.de\/fr\/?lang=en\/#organization","name":"Tapir Wachswaren","url":"https:\/\/tapir.de\/fr\/?lang=en\/","logo":{"@type":"ImageObject","inLanguage":"fr-FR","@id":"https:\/\/tapir.de\/fr\/?lang=en\/#\/schema\/logo\/image\/","url":"https:\/\/tapir.de\/wp-content\/uploads\/2020\/11\/cropped-TAPIR_Wachswaren_logo.png","contentUrl":"https:\/\/tapir.de\/wp-content\/uploads\/2020\/11\/cropped-TAPIR_Wachswaren_logo.png","width":512,"height":512,"caption":"Tapir Wachswaren"},"image":{"@id":"https:\/\/tapir.de\/fr\/?lang=en\/#\/schema\/logo\/image\/"},"sameAs":["https:\/\/www.facebook.com\/TapirWachswaren\/","https:\/\/www.instagram.com\/tapir_pflegeprodukte\/?hl=de"]}]}},"_links":{"self":[{"href":"https:\/\/tapir.de\/fr\/wp-json\/wp\/v2\/product\/20728","targetHints":{"allow":["GET"]}}],"collection":[{"href":"https:\/\/tapir.de\/fr\/wp-json\/wp\/v2\/product"}],"about":[{"href":"https:\/\/tapir.de\/fr\/wp-json\/wp\/v2\/types\/product"}],"wp:featuredmedia":[{"embeddable":true,"href":"https:\/\/tapir.de\/fr\/wp-json\/wp\/v2\/media\/20781"}],"wp:attachment":[{"href":"https:\/\/tapir.de\/fr\/wp-json\/wp\/v2\/media?parent=20728"}],"wp:term":[{"taxonomy":"product_brand","embeddable":true,"href":"https:\/\/tapir.de\/fr\/wp-json\/wp\/v2\/product_brand?post=20728"},{"taxonomy":"product_cat","embeddable":true,"href":"https:\/\/tapir.de\/fr\/wp-json\/wp\/v2\/product_cat?post=20728"},{"taxonomy":"product_tag","embeddable":true,"href":"https:\/\/tapir.de\/fr\/wp-json\/wp\/v2\/product_tag?post=20728"}],"curies":[{"name":"wp","href":"https:\/\/api.w.org\/{rel}","templated":true}]}}