{"id":20714,"date":"2025-06-13T10:14:58","date_gmt":"2025-06-13T08:14:58","guid":{"rendered":"https:\/\/tapir.de\/shop\/rafraichissement-de-baskets\/"},"modified":"2026-01-30T12:32:26","modified_gmt":"2026-01-30T11:32:26","slug":"rafraichissement-de-baskets","status":"publish","type":"product","link":"https:\/\/tapir.de\/fr\/shop\/rafraichissement-de-baskets\/","title":{"rendered":"Rafra\u00eechissement de baskets"},"content":{"rendered":"<h1 class=\"text-2xl font-bold mt-1 text-text-100\">Rafra\u00eechisseur de baskets Tapir \u2013 D\u00e9odorant naturel pour chaussures<\/h1>\n<h3 class=\"text-xl font-bold text-text-100 mt-1 -mb-0.5\"><span style=\"font-size: 100%;\">Fra\u00eecheur naturelle pour vos baskets \u2013 sans parfums synth\u00e9tiques<\/span><\/h3>\n<p class=\"whitespace-normal break-words\">Notre rafra\u00eechisseur de baskets rafra\u00eechit vos baskets de mani\u00e8re durable et neutralise les odeurs \u2013 sans aucun parfum synth\u00e9tique. La formule naturelle \u00e9quilibr\u00e9e combine des ingr\u00e9dients actifs \u00e9prouv\u00e9s pour am\u00e9liorer durablement l\u2019hygi\u00e8ne des chaussures. <\/p>\n<p class=\"whitespace-normal break-words\"><strong>Triple action pour une fra\u00eecheur maximale :<\/strong> Gr\u00e2ce \u00e0 ses propri\u00e9t\u00e9s d\u00e9sinfectantes, l\u2019\u00e9thanol est efficace contre une vari\u00e9t\u00e9 de micro-organismes et contribue \u00e0 r\u00e9duire la charge bact\u00e9rienne dans la chaussure. Le bicarbonate de sodium (bicarbonate de soude) neutralise les odeurs acides gr\u00e2ce \u00e0 sa valeur de pH alcalin tout en inhibant durablement la croissance des bact\u00e9ries responsables des odeurs. Sept nobles huiles essentielles ont non seulement un effet antibact\u00e9rien, mais offrent aussi un parfum frais durable \u2013 de mani\u00e8re naturelle.  <\/p>\n<p class=\"whitespace-normal break-words\">Parfaites pour les baskets, les chaussures de sport et de trekking de tous les mat\u00e9riaux.<\/p>\n<h3 class=\"text-lg font-bold text-text-100 mt-1 -mb-1.5\">Caract\u00e9ristiques du produit<\/h3>\n<p class=\"whitespace-normal break-words\">\u2713 Ingr\u00e9dients<br \/>\n <strong>100 % naturels<\/strong>Enti\u00e8rement fabriqu\u00e9 \u00e0 partir de mati\u00e8res premi\u00e8res naturelles, biod\u00e9gradable<\/p>\n<p class=\"whitespace-normal break-words\"><strong>\u2713 Certifi\u00e9<\/strong><br \/>\n NCPLes plus hauts standards pour les produits naturels, pas de greenwashing<\/p>\n<p class=\"whitespace-normal break-words\"><strong>\u2713 Sans parfums synth\u00e9tiques<\/strong><br \/>\nFra\u00eecheur naturelle gr\u00e2ce \u00e0 7 huiles essentielles nobles<\/p>\n<p class=\"whitespace-normal break-words\"><strong>\u2713 Triple action<\/strong><br \/>\nD\u00e9sinfectant, neutralisant les odeurs, frais durables<\/p>\n<p class=\"whitespace-normal break-words\"><strong>\u2713 Universellement applicable<\/strong><br \/>\nPour tous les mat\u00e9riaux de baskets, de sport et de randonn\u00e9e<\/p>\n<p class=\"whitespace-normal break-words\"><strong>\u2713 Fabriqu\u00e9 en Allemagne<\/strong><br \/>\nPlus de 40 ans d\u2019exp\u00e9rience dans l\u2019entretien naturel des chaussures<\/p>\n<p class=\"whitespace-normal break-words\"><strong>\u2713 Emballage<\/strong><br \/>\n durableBouteille en verre r\u00e9utilisable au lieu du plastique<\/p>\n<p class=\"whitespace-normal break-words\"><strong>\u2713 Formule<\/strong><br \/>\n transparenteTous les ingr\u00e9dients sont enti\u00e8rement d\u00e9clar\u00e9s<\/p>\n<hr>\n<p class=\"whitespace-normal break-words\"><strong>Ingr\u00e9dients :<\/strong> Eau, alcool, polyglyc\u00e9ryl-10 laurate, bicarbonate de sodium (bicarbonate de soude), huiles essentielles : citronnelle, citronnelle, pin alpin, eucalyptus, ylang ylang, patchouli, c\u00e8dre<\/p>\n","protected":false},"excerpt":{"rendered":"<p class=\"whitespace-normal break-words\">\u2713 Ingr\u00e9dients<br \/>\n 100 % naturels\u2713 Certifi\u00e9<br \/>\n NCP\u2713 Sans parfums<br \/>\n synth\u00e9tiques\u2713 Triple action<br \/>\n<strong>\u2713 <\/strong>Pour tous les mat\u00e9riaux de baskets, de sport et de chaussures de trekking<\/p>\n","protected":false},"featured_media":20717,"template":"","meta":[],"product_brand":[],"product_cat":[863],"product_tag":[1172,1171,1170],"class_list":{"0":"post-20714","1":"product","2":"type-product","3":"status-publish","4":"has-post-thumbnail","6":"product_cat-entretien-des-baskets","7":"product_tag-deodorant-pour-chaussures","8":"product_tag-rafraichissement-de-baskets","9":"product_tag-remise-a-niveau","10":"pa_geeignet-fuer-baskets","11":"pa_geeignet-fuer-chaussures-de-jogging","12":"pa_geeignet-fuer-chaussures-pieds-nus","13":"pa_geeignet-fuer-chaussures-pour-enfants","15":"first","16":"instock","17":"taxable","18":"shipping-taxable","19":"purchasable","20":"product-type-simple"},"yoast_head":"<!-- This site is optimized with the Yoast SEO plugin v27.3 - https:\/\/yoast.com\/product\/yoast-seo-wordpress\/ -->\n<title>Rafra\u00eechissement de baskets - Tapir Wachswaren<\/title>\n<meta name=\"description\" content=\"D\u00e9odorant naturel pour baskets avec certification NCP \u2713 7 huiles essentielles \u2713 Sans parfums synth\u00e9tiques \u2713 Fabriqu\u00e9 en Allemagne depuis 1983 \u2713 Commandez d\u00e8s maintenant !\" \/>\n<meta name=\"robots\" content=\"index, follow, max-snippet:-1, max-image-preview:large, max-video-preview:-1\" \/>\n<link rel=\"canonical\" href=\"https:\/\/tapir.de\/fr\/shop\/rafraichissement-de-baskets\/\" \/>\n<meta property=\"og:locale\" content=\"fr_FR\" \/>\n<meta property=\"og:type\" content=\"article\" \/>\n<meta property=\"og:title\" content=\"Rafra\u00eechissement de baskets - Tapir Wachswaren\" \/>\n<meta property=\"og:description\" content=\"D\u00e9odorant naturel pour baskets avec certification NCP \u2713 7 huiles essentielles \u2713 Sans parfums synth\u00e9tiques \u2713 Fabriqu\u00e9 en Allemagne depuis 1983 \u2713 Commandez d\u00e8s maintenant !\" \/>\n<meta property=\"og:url\" content=\"https:\/\/tapir.de\/fr\/shop\/rafraichissement-de-baskets\/\" \/>\n<meta property=\"og:site_name\" content=\"Tapir Wachswaren\" \/>\n<meta property=\"article:publisher\" content=\"https:\/\/www.facebook.com\/TapirWachswaren\/\" \/>\n<meta property=\"article:modified_time\" content=\"2026-01-30T11:32:26+00:00\" \/>\n<meta property=\"og:image\" content=\"https:\/\/tapir.de\/wp-content\/uploads\/2025\/06\/Tapir-Sneaker-Refresher-2-66100.jpg\" \/>\n\t<meta property=\"og:image:width\" content=\"1000\" \/>\n\t<meta property=\"og:image:height\" content=\"1000\" \/>\n\t<meta property=\"og:image:type\" content=\"image\/jpeg\" \/>\n<meta name=\"twitter:card\" content=\"summary_large_image\" \/>\n<meta name=\"twitter:label1\" content=\"Dur\u00e9e de lecture estim\u00e9e\" \/>\n\t<meta name=\"twitter:data1\" content=\"1 minute\" \/>\n<script type=\"application\/ld+json\" class=\"yoast-schema-graph\">{\"@context\":\"https:\\\/\\\/schema.org\",\"@graph\":[{\"@type\":\"WebPage\",\"@id\":\"https:\\\/\\\/tapir.de\\\/fr\\\/shop\\\/rafraichissement-de-baskets\\\/\",\"url\":\"https:\\\/\\\/tapir.de\\\/fr\\\/shop\\\/rafraichissement-de-baskets\\\/\",\"name\":\"Rafra\u00eechissement de baskets - Tapir Wachswaren\",\"isPartOf\":{\"@id\":\"https:\\\/\\\/tapir.de\\\/fr\\\/?lang=en\\\/#website\"},\"primaryImageOfPage\":{\"@id\":\"https:\\\/\\\/tapir.de\\\/fr\\\/shop\\\/rafraichissement-de-baskets\\\/#primaryimage\"},\"image\":{\"@id\":\"https:\\\/\\\/tapir.de\\\/fr\\\/shop\\\/rafraichissement-de-baskets\\\/#primaryimage\"},\"thumbnailUrl\":\"https:\\\/\\\/tapir.de\\\/wp-content\\\/uploads\\\/2025\\\/06\\\/Tapir-Sneaker-Refresher-2-66100.jpg\",\"datePublished\":\"2025-06-13T08:14:58+00:00\",\"dateModified\":\"2026-01-30T11:32:26+00:00\",\"description\":\"D\u00e9odorant naturel pour baskets avec certification NCP \u2713 7 huiles essentielles \u2713 Sans parfums synth\u00e9tiques \u2713 Fabriqu\u00e9 en Allemagne depuis 1983 \u2713 Commandez d\u00e8s maintenant !\",\"breadcrumb\":{\"@id\":\"https:\\\/\\\/tapir.de\\\/fr\\\/shop\\\/rafraichissement-de-baskets\\\/#breadcrumb\"},\"inLanguage\":\"fr-FR\",\"potentialAction\":[{\"@type\":\"ReadAction\",\"target\":[\"https:\\\/\\\/tapir.de\\\/fr\\\/shop\\\/rafraichissement-de-baskets\\\/\"]}]},{\"@type\":\"ImageObject\",\"inLanguage\":\"fr-FR\",\"@id\":\"https:\\\/\\\/tapir.de\\\/fr\\\/shop\\\/rafraichissement-de-baskets\\\/#primaryimage\",\"url\":\"https:\\\/\\\/tapir.de\\\/wp-content\\\/uploads\\\/2025\\\/06\\\/Tapir-Sneaker-Refresher-2-66100.jpg\",\"contentUrl\":\"https:\\\/\\\/tapir.de\\\/wp-content\\\/uploads\\\/2025\\\/06\\\/Tapir-Sneaker-Refresher-2-66100.jpg\",\"width\":1000,\"height\":1000},{\"@type\":\"BreadcrumbList\",\"@id\":\"https:\\\/\\\/tapir.de\\\/fr\\\/shop\\\/rafraichissement-de-baskets\\\/#breadcrumb\",\"itemListElement\":[{\"@type\":\"ListItem\",\"position\":1,\"name\":\"Startseite\",\"item\":\"https:\\\/\\\/tapir.de\\\/fr\\\/\"},{\"@type\":\"ListItem\",\"position\":2,\"name\":\"Boutique\",\"item\":\"https:\\\/\\\/tapir.de\\\/fr\\\/boutique\\\/\"},{\"@type\":\"ListItem\",\"position\":3,\"name\":\"Rafra\u00eechissement de baskets\"}]},{\"@type\":\"WebSite\",\"@id\":\"https:\\\/\\\/tapir.de\\\/fr\\\/?lang=en\\\/#website\",\"url\":\"https:\\\/\\\/tapir.de\\\/fr\\\/?lang=en\\\/\",\"name\":\"Tapir Wachswaren\",\"description\":\"Nat\u00fcrliche Pflegeprodukte f\u00fcr Leder, Textil und Holz\",\"publisher\":{\"@id\":\"https:\\\/\\\/tapir.de\\\/fr\\\/?lang=en\\\/#organization\"},\"potentialAction\":[{\"@type\":\"SearchAction\",\"target\":{\"@type\":\"EntryPoint\",\"urlTemplate\":\"https:\\\/\\\/tapir.de\\\/fr\\\/?lang=en\\\/?s={search_term_string}\"},\"query-input\":{\"@type\":\"PropertyValueSpecification\",\"valueRequired\":true,\"valueName\":\"search_term_string\"}}],\"inLanguage\":\"fr-FR\"},{\"@type\":\"Organization\",\"@id\":\"https:\\\/\\\/tapir.de\\\/fr\\\/?lang=en\\\/#organization\",\"name\":\"Tapir Wachswaren\",\"url\":\"https:\\\/\\\/tapir.de\\\/fr\\\/?lang=en\\\/\",\"logo\":{\"@type\":\"ImageObject\",\"inLanguage\":\"fr-FR\",\"@id\":\"https:\\\/\\\/tapir.de\\\/fr\\\/?lang=en\\\/#\\\/schema\\\/logo\\\/image\\\/\",\"url\":\"https:\\\/\\\/tapir.de\\\/wp-content\\\/uploads\\\/2020\\\/11\\\/cropped-TAPIR_Wachswaren_logo.png\",\"contentUrl\":\"https:\\\/\\\/tapir.de\\\/wp-content\\\/uploads\\\/2020\\\/11\\\/cropped-TAPIR_Wachswaren_logo.png\",\"width\":512,\"height\":512,\"caption\":\"Tapir Wachswaren\"},\"image\":{\"@id\":\"https:\\\/\\\/tapir.de\\\/fr\\\/?lang=en\\\/#\\\/schema\\\/logo\\\/image\\\/\"},\"sameAs\":[\"https:\\\/\\\/www.facebook.com\\\/TapirWachswaren\\\/\",\"https:\\\/\\\/www.instagram.com\\\/tapir_pflegeprodukte\\\/?hl=de\"]}]}<\/script>\n<!-- \/ Yoast SEO plugin. -->","yoast_head_json":{"title":"Rafra\u00eechissement de baskets - Tapir Wachswaren","description":"D\u00e9odorant naturel pour baskets avec certification NCP \u2713 7 huiles essentielles \u2713 Sans parfums synth\u00e9tiques \u2713 Fabriqu\u00e9 en Allemagne depuis 1983 \u2713 Commandez d\u00e8s maintenant !","robots":{"index":"index","follow":"follow","max-snippet":"max-snippet:-1","max-image-preview":"max-image-preview:large","max-video-preview":"max-video-preview:-1"},"canonical":"https:\/\/tapir.de\/fr\/shop\/rafraichissement-de-baskets\/","og_locale":"fr_FR","og_type":"article","og_title":"Rafra\u00eechissement de baskets - Tapir Wachswaren","og_description":"D\u00e9odorant naturel pour baskets avec certification NCP \u2713 7 huiles essentielles \u2713 Sans parfums synth\u00e9tiques \u2713 Fabriqu\u00e9 en Allemagne depuis 1983 \u2713 Commandez d\u00e8s maintenant !","og_url":"https:\/\/tapir.de\/fr\/shop\/rafraichissement-de-baskets\/","og_site_name":"Tapir Wachswaren","article_publisher":"https:\/\/www.facebook.com\/TapirWachswaren\/","article_modified_time":"2026-01-30T11:32:26+00:00","og_image":[{"width":1000,"height":1000,"url":"https:\/\/tapir.de\/wp-content\/uploads\/2025\/06\/Tapir-Sneaker-Refresher-2-66100.jpg","type":"image\/jpeg"}],"twitter_card":"summary_large_image","twitter_misc":{"Dur\u00e9e de lecture estim\u00e9e":"1 minute"},"schema":{"@context":"https:\/\/schema.org","@graph":[{"@type":"WebPage","@id":"https:\/\/tapir.de\/fr\/shop\/rafraichissement-de-baskets\/","url":"https:\/\/tapir.de\/fr\/shop\/rafraichissement-de-baskets\/","name":"Rafra\u00eechissement de baskets - Tapir Wachswaren","isPartOf":{"@id":"https:\/\/tapir.de\/fr\/?lang=en\/#website"},"primaryImageOfPage":{"@id":"https:\/\/tapir.de\/fr\/shop\/rafraichissement-de-baskets\/#primaryimage"},"image":{"@id":"https:\/\/tapir.de\/fr\/shop\/rafraichissement-de-baskets\/#primaryimage"},"thumbnailUrl":"https:\/\/tapir.de\/wp-content\/uploads\/2025\/06\/Tapir-Sneaker-Refresher-2-66100.jpg","datePublished":"2025-06-13T08:14:58+00:00","dateModified":"2026-01-30T11:32:26+00:00","description":"D\u00e9odorant naturel pour baskets avec certification NCP \u2713 7 huiles essentielles \u2713 Sans parfums synth\u00e9tiques \u2713 Fabriqu\u00e9 en Allemagne depuis 1983 \u2713 Commandez d\u00e8s maintenant !","breadcrumb":{"@id":"https:\/\/tapir.de\/fr\/shop\/rafraichissement-de-baskets\/#breadcrumb"},"inLanguage":"fr-FR","potentialAction":[{"@type":"ReadAction","target":["https:\/\/tapir.de\/fr\/shop\/rafraichissement-de-baskets\/"]}]},{"@type":"ImageObject","inLanguage":"fr-FR","@id":"https:\/\/tapir.de\/fr\/shop\/rafraichissement-de-baskets\/#primaryimage","url":"https:\/\/tapir.de\/wp-content\/uploads\/2025\/06\/Tapir-Sneaker-Refresher-2-66100.jpg","contentUrl":"https:\/\/tapir.de\/wp-content\/uploads\/2025\/06\/Tapir-Sneaker-Refresher-2-66100.jpg","width":1000,"height":1000},{"@type":"BreadcrumbList","@id":"https:\/\/tapir.de\/fr\/shop\/rafraichissement-de-baskets\/#breadcrumb","itemListElement":[{"@type":"ListItem","position":1,"name":"Startseite","item":"https:\/\/tapir.de\/fr\/"},{"@type":"ListItem","position":2,"name":"Boutique","item":"https:\/\/tapir.de\/fr\/boutique\/"},{"@type":"ListItem","position":3,"name":"Rafra\u00eechissement de baskets"}]},{"@type":"WebSite","@id":"https:\/\/tapir.de\/fr\/?lang=en\/#website","url":"https:\/\/tapir.de\/fr\/?lang=en\/","name":"Tapir Wachswaren","description":"Nat\u00fcrliche Pflegeprodukte f\u00fcr Leder, Textil und Holz","publisher":{"@id":"https:\/\/tapir.de\/fr\/?lang=en\/#organization"},"potentialAction":[{"@type":"SearchAction","target":{"@type":"EntryPoint","urlTemplate":"https:\/\/tapir.de\/fr\/?lang=en\/?s={search_term_string}"},"query-input":{"@type":"PropertyValueSpecification","valueRequired":true,"valueName":"search_term_string"}}],"inLanguage":"fr-FR"},{"@type":"Organization","@id":"https:\/\/tapir.de\/fr\/?lang=en\/#organization","name":"Tapir Wachswaren","url":"https:\/\/tapir.de\/fr\/?lang=en\/","logo":{"@type":"ImageObject","inLanguage":"fr-FR","@id":"https:\/\/tapir.de\/fr\/?lang=en\/#\/schema\/logo\/image\/","url":"https:\/\/tapir.de\/wp-content\/uploads\/2020\/11\/cropped-TAPIR_Wachswaren_logo.png","contentUrl":"https:\/\/tapir.de\/wp-content\/uploads\/2020\/11\/cropped-TAPIR_Wachswaren_logo.png","width":512,"height":512,"caption":"Tapir Wachswaren"},"image":{"@id":"https:\/\/tapir.de\/fr\/?lang=en\/#\/schema\/logo\/image\/"},"sameAs":["https:\/\/www.facebook.com\/TapirWachswaren\/","https:\/\/www.instagram.com\/tapir_pflegeprodukte\/?hl=de"]}]}},"_links":{"self":[{"href":"https:\/\/tapir.de\/fr\/wp-json\/wp\/v2\/product\/20714","targetHints":{"allow":["GET"]}}],"collection":[{"href":"https:\/\/tapir.de\/fr\/wp-json\/wp\/v2\/product"}],"about":[{"href":"https:\/\/tapir.de\/fr\/wp-json\/wp\/v2\/types\/product"}],"wp:featuredmedia":[{"embeddable":true,"href":"https:\/\/tapir.de\/fr\/wp-json\/wp\/v2\/media\/20717"}],"wp:attachment":[{"href":"https:\/\/tapir.de\/fr\/wp-json\/wp\/v2\/media?parent=20714"}],"wp:term":[{"taxonomy":"product_brand","embeddable":true,"href":"https:\/\/tapir.de\/fr\/wp-json\/wp\/v2\/product_brand?post=20714"},{"taxonomy":"product_cat","embeddable":true,"href":"https:\/\/tapir.de\/fr\/wp-json\/wp\/v2\/product_cat?post=20714"},{"taxonomy":"product_tag","embeddable":true,"href":"https:\/\/tapir.de\/fr\/wp-json\/wp\/v2\/product_tag?post=20714"}],"curies":[{"name":"wp","href":"https:\/\/api.w.org\/{rel}","templated":true}]}}