{"id":20690,"date":"2025-07-29T08:46:54","date_gmt":"2025-07-29T06:46:54","guid":{"rendered":"https:\/\/tapir.de\/shop\/nettoyant-pour-baskets\/"},"modified":"2026-01-30T12:32:27","modified_gmt":"2026-01-30T11:32:27","slug":"nettoyant-pour-baskets","status":"publish","type":"product","link":"https:\/\/tapir.de\/fr\/shop\/nettoyant-pour-baskets\/","title":{"rendered":"Nettoyant pour baskets"},"content":{"rendered":"<h2 class=\"text-2xl font-bold mt-1 text-text-100\"><strong><span style=\"font-size: 100%;\">Nettoyant pour baskets de tapir \u2013 Mousse nettoyante naturelle<\/span><\/strong><\/h2>\n<h3 class=\"text-xl font-bold text-text-100 mt-1 -mb-0.5\">Nettoyage puissant pour vos baskets<\/h3>\n<p class=\"whitespace-normal break-words\">Notre nettoyant pour baskets nettoie vos baskets efficacement et en douceur \u2013 sans produits chimiques agressifs. La mousse nettoyante naturelle certifi\u00e9e NCP \u00e9limine de mani\u00e8re fiable la salet\u00e9 et la d\u00e9coloration gr\u00e2ce \u00e0 un complexe d\u2019ingr\u00e9dients actifs d\u2019origine v\u00e9g\u00e9tale. <\/p>\n<p class=\"whitespace-normal break-words\"><strong>Pouvoir de nettoyage naturel issu de mati\u00e8res premi\u00e8res pr\u00e9cieuses :<\/strong> Le Panamarind Cleaner agit comme un tensioactif naturel et \u00e9limine en douceur m\u00eame la salet\u00e9 tenace de la surface. Le surfactant sucr\u00e9 renforce l\u2019effet nettoyant d\u2019origine v\u00e9g\u00e9tale, tandis que le soude (carbonate de sodium) dissout efficacement les graisses et les prot\u00e9ines gr\u00e2ce \u00e0 son pH alcalin. Les huiles essentielles naturelles pures issues de culture biologique contr\u00f4l\u00e9e procurent un parfum agr\u00e9able et frais tout en ayant un effet antibact\u00e9rien.  <\/p>\n<p class=\"whitespace-normal break-words\">Cette formule innovante combine des effets nettoyants et rafra\u00eechissants \u00e0 long terme avec une application la plus simple possible. La mousse nettoyante convient \u00e0 tous les mat\u00e9riaux de baskets \u2013 qu\u2019il s\u2019agisse de cuir lisse, textile, nubuck ou cuir artificiel. <\/p>\n<h3>Application :<\/h3>\n<h4><strong>\u00c9tape 1<\/strong><\/h4>\n<p class=\"p1\">Enl\u00e8ve les lacets et lave-les s\u00e9par\u00e9ment, puis re-enfile apr\u00e8s entretien !<\/p>\n<h4><strong>\u00c9tape 2<\/strong><\/h4>\n<p>D\u2019abord, secouez bien. \u00c9talez la mousse du nettoyant pour baskets Tapir sur la chaussure et le bord de la semelle. <\/p>\n<h4><strong>\u00c9tape 3<\/strong><\/h4>\n<p>Faites passer la brosse humidifi\u00e9e avec la mousse en mouvements circulaires sur la chaussure et le bord de la semelle. Nettoyez les plombs avec de la mousse et de l\u2019eau, utilisez r\u00e9guli\u00e8rement de l\u2019eau et de la mousse pour enlever la salet\u00e9. <\/p>\n<h4><strong>\u00c9tape 4<\/strong><\/h4>\n<p>Enfin, nettoyez la chaussure \u00e0 l\u2019eau propre et une brosse, puis s\u00e9chez-la soigneusement avec un chiffon ou une \u00e9ponge.<\/p>\n<h3 class=\"text-lg font-bold text-text-100 mt-1 -mb-1.5\">Caract\u00e9ristiques du produit<\/h3>\n<p class=\"whitespace-normal break-words\">\u2713 Ingr\u00e9dients<br \/>\n <strong>100 % naturels<\/strong>Nettoyant Panamarind, sucre surfactant et huiles essentielles enti\u00e8rement naturelles<\/p>\n<p class=\"whitespace-normal break-words\"><strong>\u2713 Certifi\u00e9<\/strong><br \/>\n NCPLes plus hauts standards pour les produits naturels, pas de greenwashing<\/p>\n<p class=\"whitespace-normal break-words\"><strong>\u2713 Biod\u00e9gradable<\/strong><br \/>\nTous les ingr\u00e9dients sont enti\u00e8rement biod\u00e9gradables<\/p>\n<p class=\"whitespace-normal break-words\"><strong>\u2713 Universellement applicable<\/strong><br \/>\nPour tous les mat\u00e9riaux : cuir lisse, textile, nubuck, imitation cuir<\/p>\n<p class=\"whitespace-normal break-words\"><strong>\u2713 Doux en surface<\/strong><br \/>\nNettoie en profondeur sans attaquer le mat\u00e9riau<\/p>\n<p class=\"whitespace-normal break-words\">\u2713 Effet<br \/>\n <strong>\u00e0 long terme<\/strong>Les effets de nettoyage et de r\u00e9g\u00e9n\u00e9ration durent longtemps<\/p>\n<p class=\"whitespace-normal break-words\"><strong>\u2713 Fabriqu\u00e9 en Allemagne<\/strong><br \/>\nPlus de 40 ans d\u2019exp\u00e9rience dans l\u2019entretien naturel des chaussures<\/p>\n<p class=\"whitespace-normal break-words\"><strong>\u2713 Emballage<\/strong><br \/>\n durableBouteille en verre r\u00e9utilisable au lieu du plastique<\/p>\n<p class=\"whitespace-normal break-words\"><strong>\u2713 Formule<\/strong><br \/>\n transparenteTous les ingr\u00e9dients sont enti\u00e8rement d\u00e9clar\u00e9s<\/p>\n<p><strong>\u2713 Inclut un brossage<\/strong><br \/>\n de terre de haute qualit\u00e9Avec un pinceau \u00e0 terre v\u00e9gane en fibre naturelle<\/p>\n<hr>\n<p class=\"whitespace-normal break-words\"><strong>Ingr\u00e9dients :<\/strong> Nettoyant panam\u00e9en, surfactant sucr\u00e9, soude \u00e0 lavage, huiles essentielles naturelles*, eau<br \/>\n*Issus de culture biologique certifi\u00e9e<\/p>\n","protected":false},"excerpt":{"rendered":"<p class=\"whitespace-normal break-words\">\u2713 Ingr\u00e9dients<br \/>\n 100 % naturels\u2713 Pour tous les mat\u00e9riaux<br \/>\n\u2713 Doux en surface<br \/>\n\u2713 Effet<br \/>\n \u00e0 long terme\u2713 Certifi\u00e9<br \/>\n NCP\u2713 Ensemble incluant brosse de terre (vegan) <\/p>\n","protected":false},"featured_media":20702,"template":"","meta":[],"product_brand":[],"product_cat":[863],"product_tag":[1167,871,1166,1165],"class_list":{"0":"post-20690","1":"product","2":"type-product","3":"status-publish","4":"has-post-thumbnail","6":"product_cat-entretien-des-baskets","7":"product_tag-mousse-nettoyante","8":"product_tag-nettoyage","9":"product_tag-nettoyage-2","10":"product_tag-nettoyant-pour-baskets","11":"pa_geeignet-fuer-baskets","12":"pa_geeignet-fuer-chaussures-de-jogging","13":"pa_geeignet-fuer-chaussures-pieds-nus","14":"pa_geeignet-fuer-chaussures-pour-enfants","16":"first","17":"instock","18":"taxable","19":"shipping-taxable","20":"purchasable","21":"product-type-simple"},"yoast_head":"<!-- This site is optimized with the Yoast SEO plugin v27.4 - https:\/\/yoast.com\/product\/yoast-seo-wordpress\/ -->\n<title>Nettoyant pour baskets - Tapir Wachswaren<\/title>\n<meta name=\"description\" content=\"Mousse nettoyante naturelle pour baskets avec certification NCP \u2713 100 % biod\u00e9gradable \u2713 Pour tous les mat\u00e9riaux \u2713 Fabriqu\u00e9e en Allemagne depuis 1983 \u2713 Commandez d\u00e8s maintenant !\" \/>\n<meta name=\"robots\" content=\"index, follow, max-snippet:-1, max-image-preview:large, max-video-preview:-1\" \/>\n<link rel=\"canonical\" href=\"https:\/\/tapir.de\/fr\/shop\/nettoyant-pour-baskets\/\" \/>\n<meta property=\"og:locale\" content=\"fr_FR\" \/>\n<meta property=\"og:type\" content=\"article\" \/>\n<meta property=\"og:title\" content=\"Nettoyant pour baskets - Tapir Wachswaren\" \/>\n<meta property=\"og:description\" content=\"Mousse nettoyante naturelle pour baskets avec certification NCP \u2713 100 % biod\u00e9gradable \u2713 Pour tous les mat\u00e9riaux \u2713 Fabriqu\u00e9e en Allemagne depuis 1983 \u2713 Commandez d\u00e8s maintenant !\" \/>\n<meta property=\"og:url\" content=\"https:\/\/tapir.de\/fr\/shop\/nettoyant-pour-baskets\/\" \/>\n<meta property=\"og:site_name\" content=\"Tapir Wachswaren\" \/>\n<meta property=\"article:publisher\" content=\"https:\/\/www.facebook.com\/TapirWachswaren\/\" \/>\n<meta property=\"article:modified_time\" content=\"2026-01-30T11:32:27+00:00\" \/>\n<meta property=\"og:image\" content=\"https:\/\/tapir.de\/wp-content\/uploads\/2025\/06\/Tapir-Sneaker-Cleaner-64100.jpg\" \/>\n\t<meta property=\"og:image:width\" content=\"1000\" \/>\n\t<meta property=\"og:image:height\" content=\"1000\" \/>\n\t<meta property=\"og:image:type\" content=\"image\/jpeg\" \/>\n<meta name=\"twitter:card\" content=\"summary_large_image\" \/>\n<meta name=\"twitter:label1\" content=\"Dur\u00e9e de lecture estim\u00e9e\" \/>\n\t<meta name=\"twitter:data1\" content=\"2 minutes\" \/>\n<script type=\"application\/ld+json\" class=\"yoast-schema-graph\">{\"@context\":\"https:\\\/\\\/schema.org\",\"@graph\":[{\"@type\":\"WebPage\",\"@id\":\"https:\\\/\\\/tapir.de\\\/fr\\\/shop\\\/nettoyant-pour-baskets\\\/\",\"url\":\"https:\\\/\\\/tapir.de\\\/fr\\\/shop\\\/nettoyant-pour-baskets\\\/\",\"name\":\"Nettoyant pour baskets - Tapir Wachswaren\",\"isPartOf\":{\"@id\":\"https:\\\/\\\/tapir.de\\\/fr\\\/?lang=en\\\/#website\"},\"primaryImageOfPage\":{\"@id\":\"https:\\\/\\\/tapir.de\\\/fr\\\/shop\\\/nettoyant-pour-baskets\\\/#primaryimage\"},\"image\":{\"@id\":\"https:\\\/\\\/tapir.de\\\/fr\\\/shop\\\/nettoyant-pour-baskets\\\/#primaryimage\"},\"thumbnailUrl\":\"https:\\\/\\\/tapir.de\\\/wp-content\\\/uploads\\\/2025\\\/06\\\/Tapir-Sneaker-Cleaner-64100.jpg\",\"datePublished\":\"2025-07-29T06:46:54+00:00\",\"dateModified\":\"2026-01-30T11:32:27+00:00\",\"description\":\"Mousse nettoyante naturelle pour baskets avec certification NCP \u2713 100 % biod\u00e9gradable \u2713 Pour tous les mat\u00e9riaux \u2713 Fabriqu\u00e9e en Allemagne depuis 1983 \u2713 Commandez d\u00e8s maintenant !\",\"breadcrumb\":{\"@id\":\"https:\\\/\\\/tapir.de\\\/fr\\\/shop\\\/nettoyant-pour-baskets\\\/#breadcrumb\"},\"inLanguage\":\"fr-FR\",\"potentialAction\":[{\"@type\":\"ReadAction\",\"target\":[\"https:\\\/\\\/tapir.de\\\/fr\\\/shop\\\/nettoyant-pour-baskets\\\/\"]}]},{\"@type\":\"ImageObject\",\"inLanguage\":\"fr-FR\",\"@id\":\"https:\\\/\\\/tapir.de\\\/fr\\\/shop\\\/nettoyant-pour-baskets\\\/#primaryimage\",\"url\":\"https:\\\/\\\/tapir.de\\\/wp-content\\\/uploads\\\/2025\\\/06\\\/Tapir-Sneaker-Cleaner-64100.jpg\",\"contentUrl\":\"https:\\\/\\\/tapir.de\\\/wp-content\\\/uploads\\\/2025\\\/06\\\/Tapir-Sneaker-Cleaner-64100.jpg\",\"width\":1000,\"height\":1000},{\"@type\":\"BreadcrumbList\",\"@id\":\"https:\\\/\\\/tapir.de\\\/fr\\\/shop\\\/nettoyant-pour-baskets\\\/#breadcrumb\",\"itemListElement\":[{\"@type\":\"ListItem\",\"position\":1,\"name\":\"Startseite\",\"item\":\"https:\\\/\\\/tapir.de\\\/fr\\\/\"},{\"@type\":\"ListItem\",\"position\":2,\"name\":\"Boutique\",\"item\":\"https:\\\/\\\/tapir.de\\\/fr\\\/boutique\\\/\"},{\"@type\":\"ListItem\",\"position\":3,\"name\":\"Nettoyant pour baskets\"}]},{\"@type\":\"WebSite\",\"@id\":\"https:\\\/\\\/tapir.de\\\/fr\\\/?lang=en\\\/#website\",\"url\":\"https:\\\/\\\/tapir.de\\\/fr\\\/?lang=en\\\/\",\"name\":\"Tapir Wachswaren\",\"description\":\"Nat\u00fcrliche Pflegeprodukte f\u00fcr Leder, Textil und Holz\",\"publisher\":{\"@id\":\"https:\\\/\\\/tapir.de\\\/fr\\\/?lang=en\\\/#organization\"},\"potentialAction\":[{\"@type\":\"SearchAction\",\"target\":{\"@type\":\"EntryPoint\",\"urlTemplate\":\"https:\\\/\\\/tapir.de\\\/fr\\\/?lang=en\\\/?s={search_term_string}\"},\"query-input\":{\"@type\":\"PropertyValueSpecification\",\"valueRequired\":true,\"valueName\":\"search_term_string\"}}],\"inLanguage\":\"fr-FR\"},{\"@type\":\"Organization\",\"@id\":\"https:\\\/\\\/tapir.de\\\/fr\\\/?lang=en\\\/#organization\",\"name\":\"Tapir Wachswaren\",\"url\":\"https:\\\/\\\/tapir.de\\\/fr\\\/?lang=en\\\/\",\"logo\":{\"@type\":\"ImageObject\",\"inLanguage\":\"fr-FR\",\"@id\":\"https:\\\/\\\/tapir.de\\\/fr\\\/?lang=en\\\/#\\\/schema\\\/logo\\\/image\\\/\",\"url\":\"https:\\\/\\\/tapir.de\\\/wp-content\\\/uploads\\\/2020\\\/11\\\/cropped-TAPIR_Wachswaren_logo.png\",\"contentUrl\":\"https:\\\/\\\/tapir.de\\\/wp-content\\\/uploads\\\/2020\\\/11\\\/cropped-TAPIR_Wachswaren_logo.png\",\"width\":512,\"height\":512,\"caption\":\"Tapir Wachswaren\"},\"image\":{\"@id\":\"https:\\\/\\\/tapir.de\\\/fr\\\/?lang=en\\\/#\\\/schema\\\/logo\\\/image\\\/\"},\"sameAs\":[\"https:\\\/\\\/www.facebook.com\\\/TapirWachswaren\\\/\",\"https:\\\/\\\/www.instagram.com\\\/tapir_pflegeprodukte\\\/?hl=de\"]}]}<\/script>\n<!-- \/ Yoast SEO plugin. -->","yoast_head_json":{"title":"Nettoyant pour baskets - Tapir Wachswaren","description":"Mousse nettoyante naturelle pour baskets avec certification NCP \u2713 100 % biod\u00e9gradable \u2713 Pour tous les mat\u00e9riaux \u2713 Fabriqu\u00e9e en Allemagne depuis 1983 \u2713 Commandez d\u00e8s maintenant !","robots":{"index":"index","follow":"follow","max-snippet":"max-snippet:-1","max-image-preview":"max-image-preview:large","max-video-preview":"max-video-preview:-1"},"canonical":"https:\/\/tapir.de\/fr\/shop\/nettoyant-pour-baskets\/","og_locale":"fr_FR","og_type":"article","og_title":"Nettoyant pour baskets - Tapir Wachswaren","og_description":"Mousse nettoyante naturelle pour baskets avec certification NCP \u2713 100 % biod\u00e9gradable \u2713 Pour tous les mat\u00e9riaux \u2713 Fabriqu\u00e9e en Allemagne depuis 1983 \u2713 Commandez d\u00e8s maintenant !","og_url":"https:\/\/tapir.de\/fr\/shop\/nettoyant-pour-baskets\/","og_site_name":"Tapir Wachswaren","article_publisher":"https:\/\/www.facebook.com\/TapirWachswaren\/","article_modified_time":"2026-01-30T11:32:27+00:00","og_image":[{"width":1000,"height":1000,"url":"https:\/\/tapir.de\/wp-content\/uploads\/2025\/06\/Tapir-Sneaker-Cleaner-64100.jpg","type":"image\/jpeg"}],"twitter_card":"summary_large_image","twitter_misc":{"Dur\u00e9e de lecture estim\u00e9e":"2 minutes"},"schema":{"@context":"https:\/\/schema.org","@graph":[{"@type":"WebPage","@id":"https:\/\/tapir.de\/fr\/shop\/nettoyant-pour-baskets\/","url":"https:\/\/tapir.de\/fr\/shop\/nettoyant-pour-baskets\/","name":"Nettoyant pour baskets - Tapir Wachswaren","isPartOf":{"@id":"https:\/\/tapir.de\/fr\/?lang=en\/#website"},"primaryImageOfPage":{"@id":"https:\/\/tapir.de\/fr\/shop\/nettoyant-pour-baskets\/#primaryimage"},"image":{"@id":"https:\/\/tapir.de\/fr\/shop\/nettoyant-pour-baskets\/#primaryimage"},"thumbnailUrl":"https:\/\/tapir.de\/wp-content\/uploads\/2025\/06\/Tapir-Sneaker-Cleaner-64100.jpg","datePublished":"2025-07-29T06:46:54+00:00","dateModified":"2026-01-30T11:32:27+00:00","description":"Mousse nettoyante naturelle pour baskets avec certification NCP \u2713 100 % biod\u00e9gradable \u2713 Pour tous les mat\u00e9riaux \u2713 Fabriqu\u00e9e en Allemagne depuis 1983 \u2713 Commandez d\u00e8s maintenant !","breadcrumb":{"@id":"https:\/\/tapir.de\/fr\/shop\/nettoyant-pour-baskets\/#breadcrumb"},"inLanguage":"fr-FR","potentialAction":[{"@type":"ReadAction","target":["https:\/\/tapir.de\/fr\/shop\/nettoyant-pour-baskets\/"]}]},{"@type":"ImageObject","inLanguage":"fr-FR","@id":"https:\/\/tapir.de\/fr\/shop\/nettoyant-pour-baskets\/#primaryimage","url":"https:\/\/tapir.de\/wp-content\/uploads\/2025\/06\/Tapir-Sneaker-Cleaner-64100.jpg","contentUrl":"https:\/\/tapir.de\/wp-content\/uploads\/2025\/06\/Tapir-Sneaker-Cleaner-64100.jpg","width":1000,"height":1000},{"@type":"BreadcrumbList","@id":"https:\/\/tapir.de\/fr\/shop\/nettoyant-pour-baskets\/#breadcrumb","itemListElement":[{"@type":"ListItem","position":1,"name":"Startseite","item":"https:\/\/tapir.de\/fr\/"},{"@type":"ListItem","position":2,"name":"Boutique","item":"https:\/\/tapir.de\/fr\/boutique\/"},{"@type":"ListItem","position":3,"name":"Nettoyant pour baskets"}]},{"@type":"WebSite","@id":"https:\/\/tapir.de\/fr\/?lang=en\/#website","url":"https:\/\/tapir.de\/fr\/?lang=en\/","name":"Tapir Wachswaren","description":"Nat\u00fcrliche Pflegeprodukte f\u00fcr Leder, Textil und Holz","publisher":{"@id":"https:\/\/tapir.de\/fr\/?lang=en\/#organization"},"potentialAction":[{"@type":"SearchAction","target":{"@type":"EntryPoint","urlTemplate":"https:\/\/tapir.de\/fr\/?lang=en\/?s={search_term_string}"},"query-input":{"@type":"PropertyValueSpecification","valueRequired":true,"valueName":"search_term_string"}}],"inLanguage":"fr-FR"},{"@type":"Organization","@id":"https:\/\/tapir.de\/fr\/?lang=en\/#organization","name":"Tapir Wachswaren","url":"https:\/\/tapir.de\/fr\/?lang=en\/","logo":{"@type":"ImageObject","inLanguage":"fr-FR","@id":"https:\/\/tapir.de\/fr\/?lang=en\/#\/schema\/logo\/image\/","url":"https:\/\/tapir.de\/wp-content\/uploads\/2020\/11\/cropped-TAPIR_Wachswaren_logo.png","contentUrl":"https:\/\/tapir.de\/wp-content\/uploads\/2020\/11\/cropped-TAPIR_Wachswaren_logo.png","width":512,"height":512,"caption":"Tapir Wachswaren"},"image":{"@id":"https:\/\/tapir.de\/fr\/?lang=en\/#\/schema\/logo\/image\/"},"sameAs":["https:\/\/www.facebook.com\/TapirWachswaren\/","https:\/\/www.instagram.com\/tapir_pflegeprodukte\/?hl=de"]}]}},"_links":{"self":[{"href":"https:\/\/tapir.de\/fr\/wp-json\/wp\/v2\/product\/20690","targetHints":{"allow":["GET"]}}],"collection":[{"href":"https:\/\/tapir.de\/fr\/wp-json\/wp\/v2\/product"}],"about":[{"href":"https:\/\/tapir.de\/fr\/wp-json\/wp\/v2\/types\/product"}],"wp:featuredmedia":[{"embeddable":true,"href":"https:\/\/tapir.de\/fr\/wp-json\/wp\/v2\/media\/20702"}],"wp:attachment":[{"href":"https:\/\/tapir.de\/fr\/wp-json\/wp\/v2\/media?parent=20690"}],"wp:term":[{"taxonomy":"product_brand","embeddable":true,"href":"https:\/\/tapir.de\/fr\/wp-json\/wp\/v2\/product_brand?post=20690"},{"taxonomy":"product_cat","embeddable":true,"href":"https:\/\/tapir.de\/fr\/wp-json\/wp\/v2\/product_cat?post=20690"},{"taxonomy":"product_tag","embeddable":true,"href":"https:\/\/tapir.de\/fr\/wp-json\/wp\/v2\/product_tag?post=20690"}],"curies":[{"name":"wp","href":"https:\/\/api.w.org\/{rel}","templated":true}]}}