{"id":22236,"date":"2026-02-16T11:51:45","date_gmt":"2026-02-16T10:51:45","guid":{"rendered":"https:\/\/tapir.de\/?page_id=22236"},"modified":"2026-02-17T07:46:03","modified_gmt":"2026-02-17T06:46:03","slug":"b2b","status":"publish","type":"page","link":"https:\/\/tapir.de\/fr\/b2b\/","title":{"rendered":"B2B"},"content":{"rendered":"\n\n\t<section class=\"section dark\" id=\"section_1157156246\">\n\t\t<div class=\"section-bg fill\" >\n\t\t\t\t\t\t\t\t\t\n\t\t\t\n\n\t\t<\/div>\n\n\t\t\n\n\t\t<div class=\"section-content relative\">\n\t\t\t\n\n<div class=\"slider-wrapper relative\" id=\"slider-1863727947\" >\n    <div class=\"slider slider-nav-circle slider-nav-large slider-nav-light slider-style-normal\"\n        data-flickity-options='{\n            \"cellAlign\": \"center\",\n            \"imagesLoaded\": true,\n            \"lazyLoad\": 1,\n            \"freeScroll\": false,\n            \"wrapAround\": true,\n            \"autoPlay\": 6000,\n            \"pauseAutoPlayOnHover\" : true,\n            \"prevNextButtons\": true,\n            \"contain\" : true,\n            \"adaptiveHeight\" : true,\n            \"dragThreshold\" : 10,\n            \"percentPosition\": true,\n            \"pageDots\": true,\n            \"rightToLeft\": false,\n            \"draggable\": true,\n            \"selectedAttraction\": 0.1,\n            \"parallax\" : 0,\n            \"friction\": 0.6        }'\n        >\n        \n\n\n  <div class=\"banner has-hover\" id=\"banner-1409804902\">\n          <div class=\"banner-inner fill\">\n        <div class=\"banner-bg fill\" >\n            <img loading=\"lazy\" decoding=\"async\" width=\"1020\" height=\"595\" src=\"https:\/\/tapir.de\/wp-content\/uploads\/2024\/08\/Tapir-Pflegeprodukte-Banner1-1372x800.jpg\" class=\"bg attachment-large size-large\" alt=\"\" \/>                                    \n                    <\/div>\n\t\t\n\t<div class=\"ux-shape-divider ux-shape-divider--bottom ux-shape-divider--style-waves-opacity\">\n\t\t<svg viewBox=\"0 0 1000 300\" xmlns=\"http:\/\/www.w3.org\/2000\/svg\" preserveAspectRatio=\"none\">\n    <path class=\"ux-shape-fill\" d=\"M0 300L-1 69.71C216 57 299.47 198.86 403 226C506 253 577 196 660 197C740 198 790.09 234.07 874 267C935.23 291 982 282.61 1000 277.61V300H0Z\"\/>\n    <path class=\"ux-shape-fill\" opacity=\"0.5\" d=\"M1 265.094L0 50.5C217 37.79 300.47 186.36 404 213.5C507 240.5 578 196.5 661 197.5C741 198.5 787.59 239.57 871.5 272.5C932.73 296.5 980.5 284.5 998.5 279.5V298.5L1 265.094Z\"\/>\n    <path class=\"ux-shape-fill\" opacity=\"0.15\" d=\"M0.999878 244.094L-0.00012207 27C217 14.29 300.47 173.86 404 201C507 228 578 196 661 197C741 198 787.59 243.07 871.5 276C932.73 300 980.5 284.5 998.5 279.5V299L0.999878 244.094Z\"\/>\n<\/svg>\n\n\t<\/div>\n        <div class=\"banner-layers container\">\n            <div class=\"fill banner-link\"><\/div>            \n\n\n        <\/div>\n      <\/div>\n\n            \n<style>\n#banner-1409804902 {\n  padding-top: 400px;\n}\n#banner-1409804902 .banner-bg img {\n  object-position: 44% 100%;\n}\n#banner-1409804902 .ux-shape-divider--bottom svg {\n  height: 50px;\n  --divider-width: 100%;\n}\n@media (min-width:550px) {\n  #banner-1409804902 {\n    padding-top: 50%;\n  }\n  #banner-1409804902 .ux-shape-divider--bottom svg {\n    height: 100px;\n  }\n}\n<\/style>\n  <\/div>\n\n\n\n     <\/div>\n\n     <div class=\"loading-spin dark large centered\"><\/div>\n\n\t<\/div>\n\n\n<div class=\"row\"  id=\"row-238297085\">\n\n\n\t<div id=\"col-5078828\" class=\"col small-12 large-12\"  >\n\t\t\t\t<div class=\"col-inner\"  >\n\t\t\t\n\t\t\t\n\n<h1 class=\"alt-font\"><span style=\"font-size: 200%; color: #a90533;\">Nat\u00fcrliche Pflegeprodukte f\u00fcr White Label &amp; B2B-Partner <\/span><\/h1>\n<div class=\"group\/conversation-turn relative flex w-full min-w-0 flex-col agent-turn\">\n<div class=\"flex-col gap-1 md:gap-3\">\n<div class=\"flex max-w-full flex-col flex-grow\">\n<div class=\"min-h-8 text-message flex w-full flex-col items-end gap-2 whitespace-normal break-words text-start &#091;.text-message+&amp;&#093;:mt-5\" dir=\"auto\" data-message-author-role=\"assistant\" data-message-id=\"81eeff12-81ca-4955-983f-83b1dad641c8\" data-message-model-slug=\"gpt-4o\">\n<div class=\"flex w-full flex-col gap-1 empty:hidden first:pt-&#091;3px&#093;\">\n<div class=\"markdown prose w-full break-words dark:prose-invert light\">\n<p><span style=\"color: #282828;\">Seit \u00fcber 40 Jahren entwickeln und produzieren wir bei Tapir hochwertige Pflegeprodukte, die speziell auf die Anforderungen von <strong>Schuhen, Textilien, Leder und Arbeitskleidung<\/strong> zugeschnitten sind. Ob f\u00fcr den privaten Gebrauch oder als <strong>White-Label-L\u00f6sung f\u00fcr Ihr Unternehmen<\/strong> \u2013 wir bieten nat\u00fcrliche, wirksame und nachhaltige Produkte, die unsere Kunden \u00fcberzeugen. Wenn Sie also eine neue Produktidee haben, oder auf der Suche nach einem Produzenten sind, freuen wir uns \u00fcber m\u00f6gliche neue Projekte.<\/span><\/p>\n<h3><span style=\"color: #282828;\"><strong>Warum Tapir? Ihre Vorteile auf einen Blick<\/strong><\/span><\/h3>\n<h4><span style=\"color: #282828;\"><strong>100% Nat\u00fcrlichkeit &amp; \u00f6kologische Verantwortung<\/strong><\/span><\/h4>\n<p><span style=\"color: #282828;\">Wir setzen ausschlie\u00dflich auf <strong>nat\u00fcrliche, \u00f6kologische Rohstoffe<\/strong> \u2013 frei von chemischen Zus\u00e4tzen und sch\u00e4dlichen Inhaltsstoffen. Unsere Produkte sind nicht nur effektiv, sondern auch <strong>umweltfreundlich und nachhaltig<\/strong>. Ideal f\u00fcr Marken, die Wert auf Transparenz und Nat\u00fcrlichkeit legen.<\/span><\/p>\n<h4><span style=\"color: #282828;\"><strong>\u00dcber 40 Jahre Erfahrung &amp; bew\u00e4hrte Rezepturen<\/strong><\/span><\/h4>\n<p><span style=\"color: #282828;\">Seit unserer Gr\u00fcndung haben wir uns auf die Entwicklung hochwertiger Pflegeprodukte spezialisiert. Unsere <strong>bew\u00e4hrten Rezepturen<\/strong> basieren auf jahrzehntelanger Expertise \u2013 f\u00fcr Produkte, die halten, was sie versprechen.<\/span><\/p>\n<h4><span style=\"color: #282828;\"><strong>H\u00f6chste Qualit\u00e4tsstandards: Zertifiziert nach NCP &amp; CSE<\/strong><\/span><\/h4>\n<p><span style=\"color: #282828;\">Unsere Produkte erf\u00fcllen die <strong>strengen Anforderungen des NCP (Natural Care Product)<\/strong>. Zudem ist unser gesamtes Unternehmen nach <strong>CSE (Certified Sustainable Economics)<\/strong> zertifiziert \u2013 ein Beweis f\u00fcr unser Engagement in Sachen Nachhaltigkeit und Qualit\u00e4t.<\/span><\/p>\n<h4><span style=\"color: #282828;\"><strong>Eigenes Labor f\u00fcr Innovation &amp; Pr\u00e4zision<\/strong><\/span><\/h4>\n<p><span style=\"color: #282828;\">In unserem <strong>hauseigenen Labor<\/strong> entwickeln und testen wir Rezepturen nach Ihren individuellen Anforderungen. Von der Idee bis zum fertigen Produkt \u2013 wir begleiten Sie durch den gesamten Prozess und sorgen f\u00fcr <strong>ma\u00dfgeschneiderte L\u00f6sungen<\/strong>, die perfekt zu Ihrer Marke passen.<\/span><\/p>\n<h4><span style=\"color: #282828;\"><strong>Flexibilit\u00e4t: Von Kleinserien bis zur Gro\u00dfproduktion<\/strong><\/span><\/h4>\n<p><span style=\"color: #282828;\">Egal, ob Sie <strong>kleine Mengen f\u00fcr exklusive Kollektionen<\/strong> oder <strong>gro\u00dfe St\u00fcckzahlen<\/strong>\u00a0ben\u00f6tigen \u2013 wir passen uns Ihren Anforderungen an. Unsere moderne Produktion erm\u00f6glicht es uns, <strong>flexibel und effizient<\/strong> zu arbeiten, ohne Kompromisse bei der Qualit\u00e4t einzugehen. Gleichzeitig sind wir aber eine Manufaktur und werden diesen Charakter auch beibehalten und somit unseren Kunden weiterhin abseits einer Massenproduktion, die h\u00f6chste Handarbeitsqualit\u00e4t bereitstellen.\u00a0<\/span><\/p>\n<\/div>\n<\/div>\n<\/div>\n<\/div>\n<\/div>\n<\/div>\n\n\t\t<\/div>\n\t\t\t\t\t<\/div>\n\n\t\n\n<\/div>\n\n\t\t<\/div>\n\n\t\t\n<style>\n#section_1157156246 {\n  padding-top: 0px;\n  padding-bottom: 0px;\n  min-height: 500px;\n  background-color: rgb(255, 255, 255);\n}\n@media (min-width:550px) {\n  #section_1157156246 {\n    min-height: 600px;\n  }\n}\n<\/style>\n\t<\/section>\n\t\n\n\t<section class=\"section dark\" id=\"section_1206858132\">\n\t\t<div class=\"section-bg fill\" >\n\t\t\t\t\t\t\t\t\t<div class=\"section-bg-overlay absolute fill\"><\/div>\n\t\t\t\n\n\t\t<\/div>\n\n\t\t\n\n\t\t<div class=\"section-content relative\">\n\t\t\t\n\n<div class=\"row\"  id=\"row-883487664\">\n\n\n\t<div id=\"col-1583231429\" class=\"col medium-11 small-12 large-11\"  >\n\t\t\t\t<div class=\"col-inner\"  >\n\t\t\t\n\t\t\t\n\n<h2 class=\"alt-font\"><span style=\"color: #ffffff;\"><strong><span style=\"font-size: 150%;\">Unser Angebot f\u00fcr Sie&#8230;<\/span><\/strong><\/span><\/h2>\n<ul>\n<li><span style=\"color: #ffffff;\"><strong>White Label:<\/strong> Bew\u00e4hrte Tapir-Produkte, die Sie unter Ihrem Namen vertreiben k\u00f6nnen.<\/span><\/li>\n<li><span style=\"color: #ffffff;\"><strong>Individuelle Rezepturentwicklung:<\/strong> Sie haben besondere Anforderungen? Wir entwickeln gerne eine exklusive Rezeptur f\u00fcr Sie.<\/span><\/li>\n<li><span style=\"color: #ffffff;\"><strong>Nachhaltige Verpackungsl\u00f6sungen:<\/strong> Von Alu-Dosen bis zu umweltfreundlichen Alternativen aus Glas \u2013 wir bieten verpackungsneutrale L\u00f6sungen, die zu Ihrer Marke passen.<\/span><\/li>\n<\/ul>\n\n\t\t<\/div>\n\t\t\t\t\t<\/div>\n\n\t\n\n<\/div>\n\n\t\t<\/div>\n\n\t\t\n<style>\n#section_1206858132 {\n  padding-top: 30px;\n  padding-bottom: 30px;\n  min-height: 130px;\n  background-color: rgb(255,255,255);\n}\n#section_1206858132 .section-bg-overlay {\n  background-color: #a90a2e;\n}\n<\/style>\n\t<\/section>\n\t\n\n\t<section class=\"section\" id=\"section_148577183\">\n\t\t<div class=\"section-bg fill\" >\n\t\t\t\t\t\t\t\t\t\n\t\t\t\n\n\t\t<\/div>\n\n\t\t\n\n\t\t<div class=\"section-content relative\">\n\t\t\t\n\n\n  <div class=\"banner has-hover\" id=\"banner-378876484\">\n          <div class=\"banner-inner fill\">\n        <div class=\"banner-bg fill\" >\n            <img loading=\"lazy\" decoding=\"async\" width=\"1020\" height=\"510\" src=\"https:\/\/tapir.de\/wp-content\/uploads\/2020\/09\/Tapir-Rohstoffe.jpg\" class=\"bg attachment-large size-large\" alt=\"\" \/>                        <div class=\"overlay\"><\/div>            \n                    <\/div>\n\t\t\n        <div class=\"banner-layers container\">\n            <div class=\"fill banner-link\"><\/div>            \n\n\n        <\/div>\n      <\/div>\n\n            \n<style>\n#banner-378876484 {\n  padding-top: 500px;\n}\n#banner-378876484 .overlay {\n  background-color: rgba(0, 0, 0, 0.17);\n}\n#banner-378876484 .banner-bg img {\n  object-position: 50% 100%;\n}\n<\/style>\n  <\/div>\n\n\n<div class=\"row\"  id=\"row-1491927369\">\n\n\n\t<div id=\"col-268971881\" class=\"col small-12 large-12\"  >\n\t\t\t\t<div class=\"col-inner\"  >\n\t\t\t\n\t\t\t\n\n<h1 class=\"alt-font\"><span style=\"font-size: 200%; color: #a90533;\">Ihr n\u00e4chster Schritt<\/span><\/h1>\n<div class=\"group\/conversation-turn relative flex w-full min-w-0 flex-col agent-turn\">\n<div class=\"flex-col gap-1 md:gap-3\">\n<div class=\"flex max-w-full flex-col flex-grow\">\n<div class=\"min-h-8 text-message flex w-full flex-col items-end gap-2 whitespace-normal break-words text-start &#091;.text-message+&amp;&#093;:mt-5\" dir=\"auto\" data-message-author-role=\"assistant\" data-message-id=\"81eeff12-81ca-4955-983f-83b1dad641c8\" data-message-model-slug=\"gpt-4o\">\n<div class=\"flex w-full flex-col gap-1 empty:hidden first:pt-&#091;3px&#093;\">\n<div class=\"markdown prose w-full break-words dark:prose-invert light\">\n<p>Sie m\u00f6chten hochwertige, nat\u00fcrliche Pflegeprodukte unter Ihrer Marke anbieten? <a href=\"mail@tapir.de\"><strong>Kontaktieren Sie uns<\/strong> <\/a>\u2013 wir beraten Sie gerne und entwickeln gemeinsam mit Ihnen die perfekte L\u00f6sung f\u00fcr Ihr Unternehmen!<\/p>\n<p>&nbsp;<\/p>\n<\/div>\n<\/div>\n<\/div>\n<\/div>\n<\/div>\n<\/div>\n\n\t\t<\/div>\n\t\t\t\t\t<\/div>\n\n\t\n\n<\/div>\n<div class=\"row\"  id=\"row-2103026334\">\n\n\n\t<div id=\"col-777756164\" class=\"col medium-4 small-12 large-4\"  >\n\t\t\t\t<div class=\"col-inner\"  >\n\t\t\t\n\t\t\t\n\n\t<div class=\"img has-hover x md-x lg-x y md-y lg-y\" id=\"image_1006441748\">\n\t\t\t\t\t\t\t\t<div class=\"img-inner dark\" >\n\t\t\t<img loading=\"lazy\" decoding=\"async\" width=\"591\" height=\"495\" src=\"https:\/\/tapir.de\/wp-content\/uploads\/2020\/04\/Forschung_und_Entwicklung_2020_print.png\" class=\"attachment-large size-large\" alt=\"\" srcset=\"https:\/\/tapir.de\/wp-content\/uploads\/2020\/04\/Forschung_und_Entwicklung_2020_print.png 591w, https:\/\/tapir.de\/wp-content\/uploads\/2020\/04\/Forschung_und_Entwicklung_2020_print-510x427.png 510w, https:\/\/tapir.de\/wp-content\/uploads\/2020\/04\/Forschung_und_Entwicklung_2020_print-478x400.png 478w, https:\/\/tapir.de\/wp-content\/uploads\/2020\/04\/Forschung_und_Entwicklung_2020_print-500x419.png 500w\" sizes=\"auto, (max-width: 591px) 100vw, 591px\" \/>\t\t\t\t\t\t\n\t\t\t\t\t<\/div>\n\t\t\t\t\t\t\t\t\n<style>\n#image_1006441748 {\n  width: 61%;\n}\n<\/style>\n\t<\/div>\n\t\n\n\n\t\t<\/div>\n\t\t\t\t\t<\/div>\n\n\t\n\n\t<div id=\"col-139136249\" class=\"col medium-4 small-12 large-4\"  >\n\t\t\t\t<div class=\"col-inner\"  >\n\t\t\t\n\t\t\t\n\n\t<div class=\"img has-hover x md-x lg-x y md-y lg-y\" id=\"image_455653644\">\n\t\t\t\t\t\t\t\t<div class=\"img-inner dark\" >\n\t\t\t<img loading=\"lazy\" decoding=\"async\" width=\"246\" height=\"322\" src=\"https:\/\/tapir.de\/wp-content\/uploads\/2025\/02\/CSE_Zertifizierung_Tapir.png\" class=\"attachment-large size-large\" alt=\"\" \/>\t\t\t\t\t\t\n\t\t\t\t\t<\/div>\n\t\t\t\t\t\t\t\t\n<style>\n#image_455653644 {\n  width: 43%;\n}\n<\/style>\n\t<\/div>\n\t\n\n\n\t\t<\/div>\n\t\t\t\t\t<\/div>\n\n\t\n\n\t<div id=\"col-606101081\" class=\"col medium-4 small-12 large-4\"  >\n\t\t\t\t<div class=\"col-inner\"  >\n\t\t\t\n\t\t\t\n\n\t<div class=\"img has-hover x md-x lg-x y md-y lg-y\" id=\"image_1984221030\">\n\t\t\t\t\t\t\t\t<div class=\"img-inner image-cover dark\" style=\"padding-top:250px;\">\n\t\t\t<img loading=\"lazy\" decoding=\"async\" width=\"496\" height=\"413\" src=\"https:\/\/tapir.de\/wp-content\/uploads\/2021\/07\/GfaW_NCP_Label_quer_CMYK.jpg\" class=\"attachment-large size-large\" alt=\"\" srcset=\"https:\/\/tapir.de\/wp-content\/uploads\/2021\/07\/GfaW_NCP_Label_quer_CMYK.jpg 496w, https:\/\/tapir.de\/wp-content\/uploads\/2021\/07\/GfaW_NCP_Label_quer_CMYK-480x400.jpg 480w\" sizes=\"auto, (max-width: 496px) 100vw, 496px\" \/>\t\t\t\t\t\t\n\t\t\t\t\t<\/div>\n\t\t\t\t\t\t\t\t\n<style>\n#image_1984221030 {\n  width: 78%;\n}\n<\/style>\n\t<\/div>\n\t\n\n\n\t\t<\/div>\n\t\t\t\t\t<\/div>\n\n\t\n\n<\/div>\n\n\t\t<\/div>\n\n\t\t\n<style>\n#section_148577183 {\n  padding-top: 0px;\n  padding-bottom: 0px;\n}\n<\/style>\n\t<\/section>\n\t\n\n","protected":false},"excerpt":{"rendered":"","protected":false},"author":1,"featured_media":841,"parent":0,"menu_order":0,"comment_status":"closed","ping_status":"closed","template":"page-transparent-header.php","meta":{"footnotes":""},"class_list":["post-22236","page","type-page","status-publish","has-post-thumbnail","hentry"],"yoast_head":"<!-- This site is optimized with the Yoast SEO plugin v27.4 - https:\/\/yoast.com\/product\/yoast-seo-wordpress\/ -->\n<title>B2B - Tapir Wachswaren<\/title>\n<meta name=\"description\" content=\"White-Label-L\u00f6sung f\u00fcr Ihr Unternehmen \u2013 wir bieten nat\u00fcrliche, wirksame und nachhaltige Produkte, die unsere Kunden \u00fcberzeugen.\" \/>\n<meta name=\"robots\" content=\"index, follow, max-snippet:-1, max-image-preview:large, max-video-preview:-1\" \/>\n<link rel=\"canonical\" href=\"https:\/\/tapir.de\/fr\/b2b\/\" \/>\n<meta property=\"og:locale\" content=\"fr_FR\" \/>\n<meta property=\"og:type\" content=\"article\" \/>\n<meta property=\"og:title\" content=\"B2B - Tapir Wachswaren\" \/>\n<meta property=\"og:description\" content=\"White-Label-L\u00f6sung f\u00fcr Ihr Unternehmen \u2013 wir bieten nat\u00fcrliche, wirksame und nachhaltige Produkte, die unsere Kunden \u00fcberzeugen.\" \/>\n<meta property=\"og:url\" content=\"https:\/\/tapir.de\/fr\/b2b\/\" \/>\n<meta property=\"og:site_name\" content=\"Tapir Wachswaren\" \/>\n<meta property=\"article:publisher\" content=\"https:\/\/www.facebook.com\/TapirWachswaren\/\" \/>\n<meta property=\"article:modified_time\" content=\"2026-02-17T06:46:03+00:00\" \/>\n<meta property=\"og:image\" content=\"https:\/\/tapir.de\/wp-content\/uploads\/2020\/05\/Manufaktur.jpg\" \/>\n\t<meta property=\"og:image:width\" content=\"1920\" \/>\n\t<meta property=\"og:image:height\" content=\"1257\" \/>\n\t<meta property=\"og:image:type\" content=\"image\/jpeg\" \/>\n<meta name=\"twitter:card\" content=\"summary_large_image\" \/>\n<meta name=\"twitter:label1\" content=\"Dur\u00e9e de lecture estim\u00e9e\" \/>\n\t<meta name=\"twitter:data1\" content=\"3 minutes\" \/>\n<script type=\"application\/ld+json\" class=\"yoast-schema-graph\">{\"@context\":\"https:\\\/\\\/schema.org\",\"@graph\":[{\"@type\":\"WebPage\",\"@id\":\"https:\\\/\\\/tapir.de\\\/fr\\\/b2b\\\/\",\"url\":\"https:\\\/\\\/tapir.de\\\/fr\\\/b2b\\\/\",\"name\":\"B2B - Tapir Wachswaren\",\"isPartOf\":{\"@id\":\"https:\\\/\\\/tapir.de\\\/fr\\\/?lang=en\\\/#website\"},\"primaryImageOfPage\":{\"@id\":\"https:\\\/\\\/tapir.de\\\/fr\\\/b2b\\\/#primaryimage\"},\"image\":{\"@id\":\"https:\\\/\\\/tapir.de\\\/fr\\\/b2b\\\/#primaryimage\"},\"thumbnailUrl\":\"https:\\\/\\\/tapir.de\\\/wp-content\\\/uploads\\\/2020\\\/05\\\/Manufaktur.jpg\",\"datePublished\":\"2026-02-16T10:51:45+00:00\",\"dateModified\":\"2026-02-17T06:46:03+00:00\",\"description\":\"White-Label-L\u00f6sung f\u00fcr Ihr Unternehmen \u2013 wir bieten nat\u00fcrliche, wirksame und nachhaltige Produkte, die unsere Kunden \u00fcberzeugen.\",\"breadcrumb\":{\"@id\":\"https:\\\/\\\/tapir.de\\\/fr\\\/b2b\\\/#breadcrumb\"},\"inLanguage\":\"fr-FR\",\"potentialAction\":[{\"@type\":\"ReadAction\",\"target\":[\"https:\\\/\\\/tapir.de\\\/fr\\\/b2b\\\/\"]}]},{\"@type\":\"ImageObject\",\"inLanguage\":\"fr-FR\",\"@id\":\"https:\\\/\\\/tapir.de\\\/fr\\\/b2b\\\/#primaryimage\",\"url\":\"https:\\\/\\\/tapir.de\\\/wp-content\\\/uploads\\\/2020\\\/05\\\/Manufaktur.jpg\",\"contentUrl\":\"https:\\\/\\\/tapir.de\\\/wp-content\\\/uploads\\\/2020\\\/05\\\/Manufaktur.jpg\",\"width\":1920,\"height\":1257,\"caption\":\"Bureau et manufacture de tapir\"},{\"@type\":\"BreadcrumbList\",\"@id\":\"https:\\\/\\\/tapir.de\\\/fr\\\/b2b\\\/#breadcrumb\",\"itemListElement\":[{\"@type\":\"ListItem\",\"position\":1,\"name\":\"Startseite\",\"item\":\"https:\\\/\\\/tapir.de\\\/fr\\\/\"},{\"@type\":\"ListItem\",\"position\":2,\"name\":\"B2B\"}]},{\"@type\":\"WebSite\",\"@id\":\"https:\\\/\\\/tapir.de\\\/fr\\\/?lang=en\\\/#website\",\"url\":\"https:\\\/\\\/tapir.de\\\/fr\\\/?lang=en\\\/\",\"name\":\"Tapir Wachswaren\",\"description\":\"Nat\u00fcrliche Pflegeprodukte f\u00fcr Leder, Textil und Holz\",\"publisher\":{\"@id\":\"https:\\\/\\\/tapir.de\\\/fr\\\/?lang=en\\\/#organization\"},\"potentialAction\":[{\"@type\":\"SearchAction\",\"target\":{\"@type\":\"EntryPoint\",\"urlTemplate\":\"https:\\\/\\\/tapir.de\\\/fr\\\/?lang=en\\\/?s={search_term_string}\"},\"query-input\":{\"@type\":\"PropertyValueSpecification\",\"valueRequired\":true,\"valueName\":\"search_term_string\"}}],\"inLanguage\":\"fr-FR\"},{\"@type\":\"Organization\",\"@id\":\"https:\\\/\\\/tapir.de\\\/fr\\\/?lang=en\\\/#organization\",\"name\":\"Tapir Wachswaren\",\"url\":\"https:\\\/\\\/tapir.de\\\/fr\\\/?lang=en\\\/\",\"logo\":{\"@type\":\"ImageObject\",\"inLanguage\":\"fr-FR\",\"@id\":\"https:\\\/\\\/tapir.de\\\/fr\\\/?lang=en\\\/#\\\/schema\\\/logo\\\/image\\\/\",\"url\":\"https:\\\/\\\/tapir.de\\\/wp-content\\\/uploads\\\/2020\\\/11\\\/cropped-TAPIR_Wachswaren_logo.png\",\"contentUrl\":\"https:\\\/\\\/tapir.de\\\/wp-content\\\/uploads\\\/2020\\\/11\\\/cropped-TAPIR_Wachswaren_logo.png\",\"width\":512,\"height\":512,\"caption\":\"Tapir Wachswaren\"},\"image\":{\"@id\":\"https:\\\/\\\/tapir.de\\\/fr\\\/?lang=en\\\/#\\\/schema\\\/logo\\\/image\\\/\"},\"sameAs\":[\"https:\\\/\\\/www.facebook.com\\\/TapirWachswaren\\\/\",\"https:\\\/\\\/www.instagram.com\\\/tapir_pflegeprodukte\\\/?hl=de\"]}]}<\/script>\n<!-- \/ Yoast SEO plugin. -->","yoast_head_json":{"title":"B2B - Tapir Wachswaren","description":"White-Label-L\u00f6sung f\u00fcr Ihr Unternehmen \u2013 wir bieten nat\u00fcrliche, wirksame und nachhaltige Produkte, die unsere Kunden \u00fcberzeugen.","robots":{"index":"index","follow":"follow","max-snippet":"max-snippet:-1","max-image-preview":"max-image-preview:large","max-video-preview":"max-video-preview:-1"},"canonical":"https:\/\/tapir.de\/fr\/b2b\/","og_locale":"fr_FR","og_type":"article","og_title":"B2B - Tapir Wachswaren","og_description":"White-Label-L\u00f6sung f\u00fcr Ihr Unternehmen \u2013 wir bieten nat\u00fcrliche, wirksame und nachhaltige Produkte, die unsere Kunden \u00fcberzeugen.","og_url":"https:\/\/tapir.de\/fr\/b2b\/","og_site_name":"Tapir Wachswaren","article_publisher":"https:\/\/www.facebook.com\/TapirWachswaren\/","article_modified_time":"2026-02-17T06:46:03+00:00","og_image":[{"width":1920,"height":1257,"url":"https:\/\/tapir.de\/wp-content\/uploads\/2020\/05\/Manufaktur.jpg","type":"image\/jpeg"}],"twitter_card":"summary_large_image","twitter_misc":{"Dur\u00e9e de lecture estim\u00e9e":"3 minutes"},"schema":{"@context":"https:\/\/schema.org","@graph":[{"@type":"WebPage","@id":"https:\/\/tapir.de\/fr\/b2b\/","url":"https:\/\/tapir.de\/fr\/b2b\/","name":"B2B - Tapir Wachswaren","isPartOf":{"@id":"https:\/\/tapir.de\/fr\/?lang=en\/#website"},"primaryImageOfPage":{"@id":"https:\/\/tapir.de\/fr\/b2b\/#primaryimage"},"image":{"@id":"https:\/\/tapir.de\/fr\/b2b\/#primaryimage"},"thumbnailUrl":"https:\/\/tapir.de\/wp-content\/uploads\/2020\/05\/Manufaktur.jpg","datePublished":"2026-02-16T10:51:45+00:00","dateModified":"2026-02-17T06:46:03+00:00","description":"White-Label-L\u00f6sung f\u00fcr Ihr Unternehmen \u2013 wir bieten nat\u00fcrliche, wirksame und nachhaltige Produkte, die unsere Kunden \u00fcberzeugen.","breadcrumb":{"@id":"https:\/\/tapir.de\/fr\/b2b\/#breadcrumb"},"inLanguage":"fr-FR","potentialAction":[{"@type":"ReadAction","target":["https:\/\/tapir.de\/fr\/b2b\/"]}]},{"@type":"ImageObject","inLanguage":"fr-FR","@id":"https:\/\/tapir.de\/fr\/b2b\/#primaryimage","url":"https:\/\/tapir.de\/wp-content\/uploads\/2020\/05\/Manufaktur.jpg","contentUrl":"https:\/\/tapir.de\/wp-content\/uploads\/2020\/05\/Manufaktur.jpg","width":1920,"height":1257,"caption":"Bureau et manufacture de tapir"},{"@type":"BreadcrumbList","@id":"https:\/\/tapir.de\/fr\/b2b\/#breadcrumb","itemListElement":[{"@type":"ListItem","position":1,"name":"Startseite","item":"https:\/\/tapir.de\/fr\/"},{"@type":"ListItem","position":2,"name":"B2B"}]},{"@type":"WebSite","@id":"https:\/\/tapir.de\/fr\/?lang=en\/#website","url":"https:\/\/tapir.de\/fr\/?lang=en\/","name":"Tapir Wachswaren","description":"Nat\u00fcrliche Pflegeprodukte f\u00fcr Leder, Textil und Holz","publisher":{"@id":"https:\/\/tapir.de\/fr\/?lang=en\/#organization"},"potentialAction":[{"@type":"SearchAction","target":{"@type":"EntryPoint","urlTemplate":"https:\/\/tapir.de\/fr\/?lang=en\/?s={search_term_string}"},"query-input":{"@type":"PropertyValueSpecification","valueRequired":true,"valueName":"search_term_string"}}],"inLanguage":"fr-FR"},{"@type":"Organization","@id":"https:\/\/tapir.de\/fr\/?lang=en\/#organization","name":"Tapir Wachswaren","url":"https:\/\/tapir.de\/fr\/?lang=en\/","logo":{"@type":"ImageObject","inLanguage":"fr-FR","@id":"https:\/\/tapir.de\/fr\/?lang=en\/#\/schema\/logo\/image\/","url":"https:\/\/tapir.de\/wp-content\/uploads\/2020\/11\/cropped-TAPIR_Wachswaren_logo.png","contentUrl":"https:\/\/tapir.de\/wp-content\/uploads\/2020\/11\/cropped-TAPIR_Wachswaren_logo.png","width":512,"height":512,"caption":"Tapir Wachswaren"},"image":{"@id":"https:\/\/tapir.de\/fr\/?lang=en\/#\/schema\/logo\/image\/"},"sameAs":["https:\/\/www.facebook.com\/TapirWachswaren\/","https:\/\/www.instagram.com\/tapir_pflegeprodukte\/?hl=de"]}]}},"_links":{"self":[{"href":"https:\/\/tapir.de\/fr\/wp-json\/wp\/v2\/pages\/22236","targetHints":{"allow":["GET"]}}],"collection":[{"href":"https:\/\/tapir.de\/fr\/wp-json\/wp\/v2\/pages"}],"about":[{"href":"https:\/\/tapir.de\/fr\/wp-json\/wp\/v2\/types\/page"}],"author":[{"embeddable":true,"href":"https:\/\/tapir.de\/fr\/wp-json\/wp\/v2\/users\/1"}],"replies":[{"embeddable":true,"href":"https:\/\/tapir.de\/fr\/wp-json\/wp\/v2\/comments?post=22236"}],"version-history":[{"count":10,"href":"https:\/\/tapir.de\/fr\/wp-json\/wp\/v2\/pages\/22236\/revisions"}],"predecessor-version":[{"id":22281,"href":"https:\/\/tapir.de\/fr\/wp-json\/wp\/v2\/pages\/22236\/revisions\/22281"}],"wp:featuredmedia":[{"embeddable":true,"href":"https:\/\/tapir.de\/fr\/wp-json\/wp\/v2\/media\/841"}],"wp:attachment":[{"href":"https:\/\/tapir.de\/fr\/wp-json\/wp\/v2\/media?parent=22236"}],"curies":[{"name":"wp","href":"https:\/\/api.w.org\/{rel}","templated":true}]}}